{"id":51234,"date":"2025-09-26T13:46:56","date_gmt":"2025-09-26T10:46:56","guid":{"rendered":"https:\/\/www.lilleliis.com\/?post_type=product&#038;p=51234"},"modified":"2025-09-26T13:56:00","modified_gmt":"2025-09-26T10:56:00","slug":"heegeldatud-kaltsunukk","status":"publish","type":"product","link":"https:\/\/www.lilleliis.com\/et\/toode\/heegeldatud-kaltsunukk\/","title":{"rendered":"Heegeldatud nukk Anni"},"content":{"rendered":null,"protected":false},"excerpt":{"rendered":"<p>Ani on lihtsust r\u00f5hutavas Skandinaavia stiilis heegeldatud kaltsunukk. Sobib nii lastetoa dekoreerimiseks kui m\u00e4ngimiseks. Nukul on seljas kleit ja jalas sussid, neid ei saa eemaldada. Juuksed on valmistatud l\u00f5ngast, mille t\u00f5ttu nukk ei sobi m\u00e4ngimiseks v\u00e4ga v\u00e4ikestele lastele.<\/p>\n<div class=\"is-divider divider clearfix\" style=\"max-width:100%;\"><\/div>\n<p>Materjal:<\/p>\n<ul>\n<li>l\u00f5ng &#8211; 50% puuvill, 50 % pol\u00fcester<\/li>\n<li>juuksed &#8211; pole teada<\/li>\n<li>pol\u00fcester kerakiud t\u00e4idis<\/li>\n<li>turvasilmad<\/li>\n<li>lipsud<\/li>\n<\/ul>\n<p>V\u00e4rv: punane, pruun<\/p>\n<p>Pikkus: 30 sentimeetrit<\/p>\n<div class=\"is-divider divider clearfix\" style=\"max-width:100%;\"><\/div>\n<p>T\u00e4nu l\u00f5ngast juustele ei ole m\u00e4nguasi soovitatav lapsele alla 3. eluaasta.<\/p>\n","protected":false},"featured_media":102154,"comment_status":"open","ping_status":"closed","template":"","meta":[],"product_brand":[],"product_cat":[155],"product_tag":[377,122],"class_list":{"0":"post-51234","1":"product","2":"type-product","3":"status-publish","4":"has-post-thumbnail","6":"product_cat-heegeldatud-manguasjad","7":"product_tag-puuvillast-manguasjad","8":"product_tag-tudrukutele","10":"first","11":"instock","12":"taxable","13":"shipping-taxable","14":"purchasable","15":"product-type-simple"},"yoast_head":"<!-- This site is optimized with the Yoast SEO plugin v27.3 - https:\/\/yoast.com\/product\/yoast-seo-wordpress\/ -->\n<title>Heegeldatud kaltsunukk Anni | K\u00e4sit\u00f6\u00f6 m\u00e4nguasjad | lilleliis<\/title>\n<meta name=\"description\" content=\"Lihtsust r\u00f5hutavas Skandinaavia stiilis heegeldatud kaltsunukk. Sobib nii lastetoa dekoreerimiseks kui m\u00e4ngimiseks. Eesti k\u00e4sit\u00f6\u00f6.\" \/>\n<meta name=\"robots\" content=\"index, follow, max-snippet:-1, max-image-preview:large, max-video-preview:-1\" \/>\n<link rel=\"canonical\" href=\"https:\/\/www.lilleliis.com\/et\/toode\/heegeldatud-kaltsunukk\/\" \/>\n<meta property=\"og:locale\" content=\"et_EE\" \/>\n<meta property=\"og:type\" content=\"article\" \/>\n<meta property=\"og:title\" content=\"Heegeldatud kaltsunukk Anni | K\u00e4sit\u00f6\u00f6 m\u00e4nguasjad | lilleliis\" \/>\n<meta property=\"og:description\" content=\"Lihtsust r\u00f5hutavas Skandinaavia stiilis heegeldatud kaltsunukk. Sobib nii lastetoa dekoreerimiseks kui m\u00e4ngimiseks. Eesti k\u00e4sit\u00f6\u00f6.\" \/>\n<meta property=\"og:url\" content=\"https:\/\/www.lilleliis.com\/et\/toode\/heegeldatud-kaltsunukk\/\" \/>\n<meta property=\"og:site_name\" content=\"lilleliis\" \/>\n<meta property=\"article:publisher\" content=\"https:\/\/www.facebook.com\/lilleliis-283266335035799\/\" \/>\n<meta property=\"article:modified_time\" content=\"2025-09-26T10:56:00+00:00\" \/>\n<meta property=\"og:image\" content=\"https:\/\/www.lilleliis.com\/wp-content\/uploads\/2021\/04\/heegeldatud-nukk-Anni3.jpg\" \/>\n\t<meta property=\"og:image:width\" content=\"1000\" \/>\n\t<meta property=\"og:image:height\" content=\"1500\" \/>\n\t<meta property=\"og:image:type\" content=\"image\/jpeg\" \/>\n<meta name=\"twitter:card\" content=\"summary_large_image\" \/>\n<meta name=\"twitter:label1\" content=\"Est. reading time\" \/>\n\t<meta name=\"twitter:data1\" content=\"1 minute\" \/>\n<script type=\"application\/ld+json\" class=\"yoast-schema-graph\">{\"@context\":\"https:\\\/\\\/schema.org\",\"@graph\":[{\"@type\":\"WebPage\",\"@id\":\"https:\\\/\\\/www.lilleliis.com\\\/et\\\/toode\\\/heegeldatud-kaltsunukk\\\/\",\"url\":\"https:\\\/\\\/www.lilleliis.com\\\/et\\\/toode\\\/heegeldatud-kaltsunukk\\\/\",\"name\":\"Heegeldatud kaltsunukk Anni | K\u00e4sit\u00f6\u00f6 m\u00e4nguasjad | lilleliis\",\"isPartOf\":{\"@id\":\"https:\\\/\\\/www.lilleliis.com\\\/et\\\/#website\"},\"primaryImageOfPage\":{\"@id\":\"https:\\\/\\\/www.lilleliis.com\\\/et\\\/toode\\\/heegeldatud-kaltsunukk\\\/#primaryimage\"},\"image\":{\"@id\":\"https:\\\/\\\/www.lilleliis.com\\\/et\\\/toode\\\/heegeldatud-kaltsunukk\\\/#primaryimage\"},\"thumbnailUrl\":\"https:\\\/\\\/www.lilleliis.com\\\/wp-content\\\/uploads\\\/2021\\\/04\\\/heegeldatud-nukk-Anni3.jpg\",\"datePublished\":\"2025-09-26T10:46:56+00:00\",\"dateModified\":\"2025-09-26T10:56:00+00:00\",\"description\":\"Lihtsust r\u00f5hutavas Skandinaavia stiilis heegeldatud kaltsunukk. Sobib nii lastetoa dekoreerimiseks kui m\u00e4ngimiseks. Eesti k\u00e4sit\u00f6\u00f6.\",\"breadcrumb\":{\"@id\":\"https:\\\/\\\/www.lilleliis.com\\\/et\\\/toode\\\/heegeldatud-kaltsunukk\\\/#breadcrumb\"},\"inLanguage\":\"et\",\"potentialAction\":[{\"@type\":\"ReadAction\",\"target\":[\"https:\\\/\\\/www.lilleliis.com\\\/et\\\/toode\\\/heegeldatud-kaltsunukk\\\/\"]}]},{\"@type\":\"ImageObject\",\"inLanguage\":\"et\",\"@id\":\"https:\\\/\\\/www.lilleliis.com\\\/et\\\/toode\\\/heegeldatud-kaltsunukk\\\/#primaryimage\",\"url\":\"https:\\\/\\\/www.lilleliis.com\\\/wp-content\\\/uploads\\\/2021\\\/04\\\/heegeldatud-nukk-Anni3.jpg\",\"contentUrl\":\"https:\\\/\\\/www.lilleliis.com\\\/wp-content\\\/uploads\\\/2021\\\/04\\\/heegeldatud-nukk-Anni3.jpg\",\"width\":1000,\"height\":1500,\"caption\":\"heegeldatud nukk\"},{\"@type\":\"BreadcrumbList\",\"@id\":\"https:\\\/\\\/www.lilleliis.com\\\/et\\\/toode\\\/heegeldatud-kaltsunukk\\\/#breadcrumb\",\"itemListElement\":[{\"@type\":\"ListItem\",\"position\":1,\"name\":\"Home\",\"item\":\"https:\\\/\\\/www.lilleliis.com\\\/et\\\/\"},{\"@type\":\"ListItem\",\"position\":2,\"name\":\"Pood\",\"item\":\"https:\\\/\\\/www.lilleliis.com\\\/et\\\/shop\\\/\"},{\"@type\":\"ListItem\",\"position\":3,\"name\":\"Heegeldatud nukk Anni\"}]},{\"@type\":\"WebSite\",\"@id\":\"https:\\\/\\\/www.lilleliis.com\\\/et\\\/#website\",\"url\":\"https:\\\/\\\/www.lilleliis.com\\\/et\\\/\",\"name\":\"lilleliis\",\"description\":\"Amigurumi m\u00e4nguasjad ja mustrid\",\"potentialAction\":[{\"@type\":\"SearchAction\",\"target\":{\"@type\":\"EntryPoint\",\"urlTemplate\":\"https:\\\/\\\/www.lilleliis.com\\\/et\\\/?s={search_term_string}\"},\"query-input\":{\"@type\":\"PropertyValueSpecification\",\"valueRequired\":true,\"valueName\":\"search_term_string\"}}],\"inLanguage\":\"et\"}]}<\/script>\n<!-- \/ Yoast SEO plugin. -->","yoast_head_json":{"title":"Heegeldatud kaltsunukk Anni | K\u00e4sit\u00f6\u00f6 m\u00e4nguasjad | lilleliis","description":"Lihtsust r\u00f5hutavas Skandinaavia stiilis heegeldatud kaltsunukk. Sobib nii lastetoa dekoreerimiseks kui m\u00e4ngimiseks. Eesti k\u00e4sit\u00f6\u00f6.","robots":{"index":"index","follow":"follow","max-snippet":"max-snippet:-1","max-image-preview":"max-image-preview:large","max-video-preview":"max-video-preview:-1"},"canonical":"https:\/\/www.lilleliis.com\/et\/toode\/heegeldatud-kaltsunukk\/","og_locale":"et_EE","og_type":"article","og_title":"Heegeldatud kaltsunukk Anni | K\u00e4sit\u00f6\u00f6 m\u00e4nguasjad | lilleliis","og_description":"Lihtsust r\u00f5hutavas Skandinaavia stiilis heegeldatud kaltsunukk. Sobib nii lastetoa dekoreerimiseks kui m\u00e4ngimiseks. Eesti k\u00e4sit\u00f6\u00f6.","og_url":"https:\/\/www.lilleliis.com\/et\/toode\/heegeldatud-kaltsunukk\/","og_site_name":"lilleliis","article_publisher":"https:\/\/www.facebook.com\/lilleliis-283266335035799\/","article_modified_time":"2025-09-26T10:56:00+00:00","og_image":[{"width":1000,"height":1500,"url":"https:\/\/www.lilleliis.com\/wp-content\/uploads\/2021\/04\/heegeldatud-nukk-Anni3.jpg","type":"image\/jpeg"}],"twitter_card":"summary_large_image","twitter_misc":{"Est. reading time":"1 minute"},"schema":{"@context":"https:\/\/schema.org","@graph":[{"@type":"WebPage","@id":"https:\/\/www.lilleliis.com\/et\/toode\/heegeldatud-kaltsunukk\/","url":"https:\/\/www.lilleliis.com\/et\/toode\/heegeldatud-kaltsunukk\/","name":"Heegeldatud kaltsunukk Anni | K\u00e4sit\u00f6\u00f6 m\u00e4nguasjad | lilleliis","isPartOf":{"@id":"https:\/\/www.lilleliis.com\/et\/#website"},"primaryImageOfPage":{"@id":"https:\/\/www.lilleliis.com\/et\/toode\/heegeldatud-kaltsunukk\/#primaryimage"},"image":{"@id":"https:\/\/www.lilleliis.com\/et\/toode\/heegeldatud-kaltsunukk\/#primaryimage"},"thumbnailUrl":"https:\/\/www.lilleliis.com\/wp-content\/uploads\/2021\/04\/heegeldatud-nukk-Anni3.jpg","datePublished":"2025-09-26T10:46:56+00:00","dateModified":"2025-09-26T10:56:00+00:00","description":"Lihtsust r\u00f5hutavas Skandinaavia stiilis heegeldatud kaltsunukk. Sobib nii lastetoa dekoreerimiseks kui m\u00e4ngimiseks. Eesti k\u00e4sit\u00f6\u00f6.","breadcrumb":{"@id":"https:\/\/www.lilleliis.com\/et\/toode\/heegeldatud-kaltsunukk\/#breadcrumb"},"inLanguage":"et","potentialAction":[{"@type":"ReadAction","target":["https:\/\/www.lilleliis.com\/et\/toode\/heegeldatud-kaltsunukk\/"]}]},{"@type":"ImageObject","inLanguage":"et","@id":"https:\/\/www.lilleliis.com\/et\/toode\/heegeldatud-kaltsunukk\/#primaryimage","url":"https:\/\/www.lilleliis.com\/wp-content\/uploads\/2021\/04\/heegeldatud-nukk-Anni3.jpg","contentUrl":"https:\/\/www.lilleliis.com\/wp-content\/uploads\/2021\/04\/heegeldatud-nukk-Anni3.jpg","width":1000,"height":1500,"caption":"heegeldatud nukk"},{"@type":"BreadcrumbList","@id":"https:\/\/www.lilleliis.com\/et\/toode\/heegeldatud-kaltsunukk\/#breadcrumb","itemListElement":[{"@type":"ListItem","position":1,"name":"Home","item":"https:\/\/www.lilleliis.com\/et\/"},{"@type":"ListItem","position":2,"name":"Pood","item":"https:\/\/www.lilleliis.com\/et\/shop\/"},{"@type":"ListItem","position":3,"name":"Heegeldatud nukk Anni"}]},{"@type":"WebSite","@id":"https:\/\/www.lilleliis.com\/et\/#website","url":"https:\/\/www.lilleliis.com\/et\/","name":"lilleliis","description":"Amigurumi m\u00e4nguasjad ja mustrid","potentialAction":[{"@type":"SearchAction","target":{"@type":"EntryPoint","urlTemplate":"https:\/\/www.lilleliis.com\/et\/?s={search_term_string}"},"query-input":{"@type":"PropertyValueSpecification","valueRequired":true,"valueName":"search_term_string"}}],"inLanguage":"et"}]}},"_links":{"self":[{"href":"https:\/\/www.lilleliis.com\/et\/wp-json\/wp\/v2\/product\/51234","targetHints":{"allow":["GET"]}}],"collection":[{"href":"https:\/\/www.lilleliis.com\/et\/wp-json\/wp\/v2\/product"}],"about":[{"href":"https:\/\/www.lilleliis.com\/et\/wp-json\/wp\/v2\/types\/product"}],"replies":[{"embeddable":true,"href":"https:\/\/www.lilleliis.com\/et\/wp-json\/wp\/v2\/comments?post=51234"}],"wp:featuredmedia":[{"embeddable":true,"href":"https:\/\/www.lilleliis.com\/et\/wp-json\/wp\/v2\/media\/102154"}],"wp:attachment":[{"href":"https:\/\/www.lilleliis.com\/et\/wp-json\/wp\/v2\/media?parent=51234"}],"wp:term":[{"taxonomy":"product_brand","embeddable":true,"href":"https:\/\/www.lilleliis.com\/et\/wp-json\/wp\/v2\/product_brand?post=51234"},{"taxonomy":"product_cat","embeddable":true,"href":"https:\/\/www.lilleliis.com\/et\/wp-json\/wp\/v2\/product_cat?post=51234"},{"taxonomy":"product_tag","embeddable":true,"href":"https:\/\/www.lilleliis.com\/et\/wp-json\/wp\/v2\/product_tag?post=51234"}],"curies":[{"name":"wp","href":"https:\/\/api.w.org\/{rel}","templated":true}]}}