{"id":517,"date":"2024-07-22T10:01:44","date_gmt":"2024-07-22T07:01:44","guid":{"rendered":"http:\/\/lilleliis.com\/?post_type=product&#038;p=517"},"modified":"2024-07-22T10:07:40","modified_gmt":"2024-07-22T07:07:40","slug":"heegeldatud-maikellukese-muts","status":"publish","type":"product","link":"https:\/\/www.lilleliis.com\/et\/toode\/heegeldatud-maikellukese-muts\/","title":{"rendered":"Heegeldatud maikellukese m\u00fcts &#8211; \u00f5petus"},"content":{"rendered":null,"protected":false},"excerpt":{"rendered":"<p>Heegeldatud maikellukese m\u00fcts on habras ja t\u00fctarlapselik ning sobib kandmiseks alates esimestest soojematest kevadilmadest kuni s\u00fcgise tulekuni. Pael on \u00fchelt poolt ilu jaoks, teisalt aga praktiline, kuna sellest saab m\u00fctsi suurust reguleerida. See m\u00fcts nii-\u00f6elda kasvab koos lapsega.<\/p>\n<p>Maikellukese m\u00fcts m\u00f5jub kaunina nii tagasihoidlikus kui r\u00f5\u00f5msas v\u00e4rvitoonis. Vali oma lapsele sobivaim!<\/p>\n<hr \/>\n<p><span data-text-color=\"primary\">MUSTRIST<\/span><\/p>\n<p>Allalaetav ja lihtsasti j\u00e4lgitav k\u00e4sit\u00f6\u00f6 \u00f5petus (PDF fail). Juhend sisaldab samm-sammulist \u00f5petust eseme valmistamiseks ning hulgaliselt abistavaid fotosid.<\/p>\n<p>Keel: eesti<\/p>\n<p>\u00d5petuse raskusaste: keskmine<\/p>\n<p>Vajaminevad v\u00f5tted: kinnissilmus, \u00fche- ja kahekordne sammas<\/p>\n<hr \/>\n<p><span data-text-color=\"primary\">SUURUS JA MATERJAL<\/span><\/p>\n<p>Suurus: m\u00fcts on reguleeritava suurusega ning sobib pea\u00fcmberm\u00f5\u00f5dule 48-55 cm.<\/p>\n<p>Valmistamiseks on kasutatud puuvillast l\u00f5nga ning heegeln\u00f5ela j\u00e4medusega 3,5 mm.<\/p>\n<hr \/>\n<p><span data-text-color=\"primary\">ABI JA COPYRIGHT<\/span><\/p>\n<p>K\u00fcsimuste korral saab abi\u00a0<a href=\"mailto:%20lilleliis@gmail.com\">e-posti teel<\/a>.<\/p>\n<p>\u00d5petuse j\u00e4rgi valmistatud esemeid v\u00f5ib m\u00fc\u00fca. \u00d5petust on keelatud jagada. Autori\u00f5igustega tutvu\u00a0<a href=\"https:\/\/www.lilleliis.com\/et\/autorioigused\/\" target=\"_blank\" rel=\"noopener\">siin<\/a>.<\/p>\n","protected":false},"featured_media":44374,"comment_status":"open","ping_status":"closed","template":"","meta":[],"product_brand":[],"product_cat":[96],"product_tag":[421,122],"class_list":{"0":"post-517","1":"product","2":"type-product","3":"status-publish","4":"has-post-thumbnail","6":"product_cat-heegeldamise-opetused","7":"product_tag-muts","8":"product_tag-tudrukutele","9":"pa_pattern-language-eesti","10":"pa_pattern-skill-level-keskmine","12":"first","13":"instock","14":"downloadable","15":"virtual","16":"sold-individually","17":"taxable","18":"purchasable","19":"product-type-simple"},"yoast_head":"<!-- This site is optimized with the Yoast SEO plugin v27.3 - https:\/\/yoast.com\/product\/yoast-seo-wordpress\/ -->\n<title>Heegeldatud maikellukese m\u00fcts t\u00fcdrukutele | Eestikeelne \u00f5petus | lilleliis<\/title>\n<meta name=\"description\" content=\"Heegeldatud Maikellukese m\u00fcts sobib kandmiseks kevadest s\u00fcgiseni. M\u00fctsi suurust saab paelast reguleerida. \u00d5petus on eesti keeles.\" \/>\n<meta name=\"robots\" content=\"index, follow, max-snippet:-1, max-image-preview:large, max-video-preview:-1\" \/>\n<link rel=\"canonical\" href=\"https:\/\/www.lilleliis.com\/et\/toode\/heegeldatud-maikellukese-muts\/\" \/>\n<meta property=\"og:locale\" content=\"et_EE\" \/>\n<meta property=\"og:type\" content=\"article\" \/>\n<meta property=\"og:title\" content=\"Heegeldatud maikellukese m\u00fcts t\u00fcdrukutele | Eestikeelne \u00f5petus | lilleliis\" \/>\n<meta property=\"og:description\" content=\"Heegeldatud Maikellukese m\u00fcts sobib kandmiseks kevadest s\u00fcgiseni. M\u00fctsi suurust saab paelast reguleerida. \u00d5petus on eesti keeles.\" \/>\n<meta property=\"og:url\" content=\"https:\/\/www.lilleliis.com\/et\/toode\/heegeldatud-maikellukese-muts\/\" \/>\n<meta property=\"og:site_name\" content=\"lilleliis\" \/>\n<meta property=\"article:publisher\" content=\"https:\/\/www.facebook.com\/lilleliis-283266335035799\/\" \/>\n<meta property=\"article:modified_time\" content=\"2024-07-22T07:07:40+00:00\" \/>\n<meta property=\"og:image\" content=\"https:\/\/www.lilleliis.com\/wp-content\/uploads\/2013\/02\/lilleliis-kellukesem\u00fcts-juhend-005.jpg\" \/>\n\t<meta property=\"og:image:width\" content=\"1001\" \/>\n\t<meta property=\"og:image:height\" content=\"1500\" \/>\n\t<meta property=\"og:image:type\" content=\"image\/jpeg\" \/>\n<meta name=\"twitter:card\" content=\"summary_large_image\" \/>\n<script type=\"application\/ld+json\" class=\"yoast-schema-graph\">{\"@context\":\"https:\\\/\\\/schema.org\",\"@graph\":[{\"@type\":\"WebPage\",\"@id\":\"https:\\\/\\\/www.lilleliis.com\\\/et\\\/toode\\\/heegeldatud-maikellukese-muts\\\/\",\"url\":\"https:\\\/\\\/www.lilleliis.com\\\/et\\\/toode\\\/heegeldatud-maikellukese-muts\\\/\",\"name\":\"Heegeldatud maikellukese m\u00fcts t\u00fcdrukutele | Eestikeelne \u00f5petus | lilleliis\",\"isPartOf\":{\"@id\":\"https:\\\/\\\/www.lilleliis.com\\\/et\\\/#website\"},\"primaryImageOfPage\":{\"@id\":\"https:\\\/\\\/www.lilleliis.com\\\/et\\\/toode\\\/heegeldatud-maikellukese-muts\\\/#primaryimage\"},\"image\":{\"@id\":\"https:\\\/\\\/www.lilleliis.com\\\/et\\\/toode\\\/heegeldatud-maikellukese-muts\\\/#primaryimage\"},\"thumbnailUrl\":\"https:\\\/\\\/www.lilleliis.com\\\/wp-content\\\/uploads\\\/2013\\\/02\\\/lilleliis-kellukesem\u00fcts-juhend-005.jpg\",\"datePublished\":\"2024-07-22T07:01:44+00:00\",\"dateModified\":\"2024-07-22T07:07:40+00:00\",\"description\":\"Heegeldatud Maikellukese m\u00fcts sobib kandmiseks kevadest s\u00fcgiseni. M\u00fctsi suurust saab paelast reguleerida. \u00d5petus on eesti keeles.\",\"breadcrumb\":{\"@id\":\"https:\\\/\\\/www.lilleliis.com\\\/et\\\/toode\\\/heegeldatud-maikellukese-muts\\\/#breadcrumb\"},\"inLanguage\":\"et\",\"potentialAction\":[{\"@type\":\"ReadAction\",\"target\":[\"https:\\\/\\\/www.lilleliis.com\\\/et\\\/toode\\\/heegeldatud-maikellukese-muts\\\/\"]}]},{\"@type\":\"ImageObject\",\"inLanguage\":\"et\",\"@id\":\"https:\\\/\\\/www.lilleliis.com\\\/et\\\/toode\\\/heegeldatud-maikellukese-muts\\\/#primaryimage\",\"url\":\"https:\\\/\\\/www.lilleliis.com\\\/wp-content\\\/uploads\\\/2013\\\/02\\\/lilleliis-kellukesem\u00fcts-juhend-005.jpg\",\"contentUrl\":\"https:\\\/\\\/www.lilleliis.com\\\/wp-content\\\/uploads\\\/2013\\\/02\\\/lilleliis-kellukesem\u00fcts-juhend-005.jpg\",\"width\":1001,\"height\":1500},{\"@type\":\"BreadcrumbList\",\"@id\":\"https:\\\/\\\/www.lilleliis.com\\\/et\\\/toode\\\/heegeldatud-maikellukese-muts\\\/#breadcrumb\",\"itemListElement\":[{\"@type\":\"ListItem\",\"position\":1,\"name\":\"Home\",\"item\":\"https:\\\/\\\/www.lilleliis.com\\\/et\\\/\"},{\"@type\":\"ListItem\",\"position\":2,\"name\":\"Pood\",\"item\":\"https:\\\/\\\/www.lilleliis.com\\\/et\\\/shop\\\/\"},{\"@type\":\"ListItem\",\"position\":3,\"name\":\"Heegeldatud maikellukese m\u00fcts &#8211; \u00f5petus\"}]},{\"@type\":\"WebSite\",\"@id\":\"https:\\\/\\\/www.lilleliis.com\\\/et\\\/#website\",\"url\":\"https:\\\/\\\/www.lilleliis.com\\\/et\\\/\",\"name\":\"lilleliis\",\"description\":\"Amigurumi m\u00e4nguasjad ja mustrid\",\"potentialAction\":[{\"@type\":\"SearchAction\",\"target\":{\"@type\":\"EntryPoint\",\"urlTemplate\":\"https:\\\/\\\/www.lilleliis.com\\\/et\\\/?s={search_term_string}\"},\"query-input\":{\"@type\":\"PropertyValueSpecification\",\"valueRequired\":true,\"valueName\":\"search_term_string\"}}],\"inLanguage\":\"et\"}]}<\/script>\n<!-- \/ Yoast SEO plugin. -->","yoast_head_json":{"title":"Heegeldatud maikellukese m\u00fcts t\u00fcdrukutele | Eestikeelne \u00f5petus | lilleliis","description":"Heegeldatud Maikellukese m\u00fcts sobib kandmiseks kevadest s\u00fcgiseni. M\u00fctsi suurust saab paelast reguleerida. \u00d5petus on eesti keeles.","robots":{"index":"index","follow":"follow","max-snippet":"max-snippet:-1","max-image-preview":"max-image-preview:large","max-video-preview":"max-video-preview:-1"},"canonical":"https:\/\/www.lilleliis.com\/et\/toode\/heegeldatud-maikellukese-muts\/","og_locale":"et_EE","og_type":"article","og_title":"Heegeldatud maikellukese m\u00fcts t\u00fcdrukutele | Eestikeelne \u00f5petus | lilleliis","og_description":"Heegeldatud Maikellukese m\u00fcts sobib kandmiseks kevadest s\u00fcgiseni. M\u00fctsi suurust saab paelast reguleerida. \u00d5petus on eesti keeles.","og_url":"https:\/\/www.lilleliis.com\/et\/toode\/heegeldatud-maikellukese-muts\/","og_site_name":"lilleliis","article_publisher":"https:\/\/www.facebook.com\/lilleliis-283266335035799\/","article_modified_time":"2024-07-22T07:07:40+00:00","og_image":[{"width":1001,"height":1500,"url":"https:\/\/www.lilleliis.com\/wp-content\/uploads\/2013\/02\/lilleliis-kellukesem\u00fcts-juhend-005.jpg","type":"image\/jpeg"}],"twitter_card":"summary_large_image","schema":{"@context":"https:\/\/schema.org","@graph":[{"@type":"WebPage","@id":"https:\/\/www.lilleliis.com\/et\/toode\/heegeldatud-maikellukese-muts\/","url":"https:\/\/www.lilleliis.com\/et\/toode\/heegeldatud-maikellukese-muts\/","name":"Heegeldatud maikellukese m\u00fcts t\u00fcdrukutele | Eestikeelne \u00f5petus | lilleliis","isPartOf":{"@id":"https:\/\/www.lilleliis.com\/et\/#website"},"primaryImageOfPage":{"@id":"https:\/\/www.lilleliis.com\/et\/toode\/heegeldatud-maikellukese-muts\/#primaryimage"},"image":{"@id":"https:\/\/www.lilleliis.com\/et\/toode\/heegeldatud-maikellukese-muts\/#primaryimage"},"thumbnailUrl":"https:\/\/www.lilleliis.com\/wp-content\/uploads\/2013\/02\/lilleliis-kellukesem\u00fcts-juhend-005.jpg","datePublished":"2024-07-22T07:01:44+00:00","dateModified":"2024-07-22T07:07:40+00:00","description":"Heegeldatud Maikellukese m\u00fcts sobib kandmiseks kevadest s\u00fcgiseni. M\u00fctsi suurust saab paelast reguleerida. \u00d5petus on eesti keeles.","breadcrumb":{"@id":"https:\/\/www.lilleliis.com\/et\/toode\/heegeldatud-maikellukese-muts\/#breadcrumb"},"inLanguage":"et","potentialAction":[{"@type":"ReadAction","target":["https:\/\/www.lilleliis.com\/et\/toode\/heegeldatud-maikellukese-muts\/"]}]},{"@type":"ImageObject","inLanguage":"et","@id":"https:\/\/www.lilleliis.com\/et\/toode\/heegeldatud-maikellukese-muts\/#primaryimage","url":"https:\/\/www.lilleliis.com\/wp-content\/uploads\/2013\/02\/lilleliis-kellukesem\u00fcts-juhend-005.jpg","contentUrl":"https:\/\/www.lilleliis.com\/wp-content\/uploads\/2013\/02\/lilleliis-kellukesem\u00fcts-juhend-005.jpg","width":1001,"height":1500},{"@type":"BreadcrumbList","@id":"https:\/\/www.lilleliis.com\/et\/toode\/heegeldatud-maikellukese-muts\/#breadcrumb","itemListElement":[{"@type":"ListItem","position":1,"name":"Home","item":"https:\/\/www.lilleliis.com\/et\/"},{"@type":"ListItem","position":2,"name":"Pood","item":"https:\/\/www.lilleliis.com\/et\/shop\/"},{"@type":"ListItem","position":3,"name":"Heegeldatud maikellukese m\u00fcts &#8211; \u00f5petus"}]},{"@type":"WebSite","@id":"https:\/\/www.lilleliis.com\/et\/#website","url":"https:\/\/www.lilleliis.com\/et\/","name":"lilleliis","description":"Amigurumi m\u00e4nguasjad ja mustrid","potentialAction":[{"@type":"SearchAction","target":{"@type":"EntryPoint","urlTemplate":"https:\/\/www.lilleliis.com\/et\/?s={search_term_string}"},"query-input":{"@type":"PropertyValueSpecification","valueRequired":true,"valueName":"search_term_string"}}],"inLanguage":"et"}]}},"_links":{"self":[{"href":"https:\/\/www.lilleliis.com\/et\/wp-json\/wp\/v2\/product\/517","targetHints":{"allow":["GET"]}}],"collection":[{"href":"https:\/\/www.lilleliis.com\/et\/wp-json\/wp\/v2\/product"}],"about":[{"href":"https:\/\/www.lilleliis.com\/et\/wp-json\/wp\/v2\/types\/product"}],"replies":[{"embeddable":true,"href":"https:\/\/www.lilleliis.com\/et\/wp-json\/wp\/v2\/comments?post=517"}],"wp:featuredmedia":[{"embeddable":true,"href":"https:\/\/www.lilleliis.com\/et\/wp-json\/wp\/v2\/media\/44374"}],"wp:attachment":[{"href":"https:\/\/www.lilleliis.com\/et\/wp-json\/wp\/v2\/media?parent=517"}],"wp:term":[{"taxonomy":"product_brand","embeddable":true,"href":"https:\/\/www.lilleliis.com\/et\/wp-json\/wp\/v2\/product_brand?post=517"},{"taxonomy":"product_cat","embeddable":true,"href":"https:\/\/www.lilleliis.com\/et\/wp-json\/wp\/v2\/product_cat?post=517"},{"taxonomy":"product_tag","embeddable":true,"href":"https:\/\/www.lilleliis.com\/et\/wp-json\/wp\/v2\/product_tag?post=517"}],"curies":[{"name":"wp","href":"https:\/\/api.w.org\/{rel}","templated":true}]}}