{"id":527,"date":"2026-01-19T17:47:01","date_gmt":"2026-01-19T15:47:01","guid":{"rendered":"http:\/\/lilleliis.com\/?post_type=product&#038;p=527"},"modified":"2026-01-19T17:53:42","modified_gmt":"2026-01-19T15:53:42","slug":"opetus-heegeldatud-peapael","status":"publish","type":"product","link":"https:\/\/www.lilleliis.com\/et\/toode\/opetus-heegeldatud-peapael\/","title":{"rendered":"Heegeldatud peapael &#8220;Maria&#8221; &#8211; \u00f5petus"},"content":{"rendered":"<p><span data-text-color=\"primary\">HEEGELDAMISEKS SOBIVA L\u00d5NGA LEIAD SIIT<\/span><\/p>\n<div class=\"row row-divided\"  id=\"row-2129456542\">\n\n\t<div id=\"col-1627921875\" class=\"col medium-1\/1 large-12\"  >\n\t\t\t\t<div class=\"col-inner\"  >\n\t\t\t\n\t\t\t\t\t<\/div>\n\t\t\t\t\t<\/div>\n\n\t\n<div class=\"woocommerce \"><div class=\"products row row-small row-masonry has-packery large-columns-3 medium-columns-3 small-columns-2\">\n<div class=\"product-small col has-hover out-of-stock product type-product post-90263 status-publish first outofstock product_cat-longad product_cat-kasitoo-tarvikud product_tag-puuvillased-longad has-post-thumbnail sale taxable shipping-taxable purchasable product-type-simple\">\n\t<div class=\"col-inner\">\n\t\n<div class=\"badge-container absolute left top z-1\">\n<div class=\"callout badge badge-circle\"><div class=\"badge-inner secondary on-sale\"><span class=\"onsale\">-50%<\/span><\/div><\/div>\n<\/div>\n\t<div class=\"product-small box \">\n\t\t<div class=\"box-image\">\n\t\t\t<div class=\"image-zoom-fade\">\n\t\t\t\t<a href=\"https:\/\/www.lilleliis.com\/et\/toode\/schachenmayr-catania\/\">\n\t\t\t\t\t<img loading=\"lazy\" decoding=\"async\" width=\"247\" height=\"296\" src=\"https:\/\/www.lilleliis.com\/wp-content\/uploads\/2023\/04\/Schachenmayr-Catania-00162-caffee-1-247x296.jpg\" class=\"attachment-woocommerce_thumbnail size-woocommerce_thumbnail\" alt=\"Schachenmayr Catania 00162 caffee\" \/>\t\t\t\t<\/a>\n\t\t\t<\/div>\n\t\t\t<div class=\"image-tools is-small top right show-on-hover\">\n\t\t\t\t\t\t\t<\/div>\n\t\t\t<div class=\"image-tools is-small hide-for-small bottom left show-on-hover\">\n\t\t\t\t\t\t\t<\/div>\n\t\t\t<div class=\"image-tools grid-tools text-center hide-for-small bottom hover-slide-in show-on-hover\">\n\t\t\t\t<a href=\"#quick-view\" class=\"quick-view\" role=\"button\" data-prod=\"90263\" aria-haspopup=\"dialog\" aria-expanded=\"false\" data-flatsome-role-button>Quick View<\/a>\t\t\t<\/div>\n\t\t\t<div class=\"out-of-stock-label\">Hetkel otsas<\/div>\t\t<\/div>\n\n\t\t<div class=\"box-text box-text-products\">\n\t\t\t<div class=\"title-wrapper\">\t\t<p class=\"category uppercase is-smaller no-text-overflow product-cat op-8\">\n\t\t\tL\u00f5ngad\t\t<\/p>\n\t<p class=\"name product-title woocommerce-loop-product__title\"><a href=\"https:\/\/www.lilleliis.com\/et\/toode\/schachenmayr-catania\/\" class=\"woocommerce-LoopProduct-link woocommerce-loop-product__link\">Schachenmayr Catania &#8211; puuvillane l\u00f5ng 162 caffee &#8211; 50 g \/ 125 m &#8211; L\u00d5PUM\u00dc\u00dcK<\/a><\/p><\/div><div class=\"price-wrapper\"><div class=\"star-rating star-rating--inline\" role=\"img\" aria-label=\"Hinnanguga 5 \/ 5\"><span style=\"width:100%\">Hinnanguga <strong class=\"rating\">5<\/strong> \/ 5<\/span><\/div><span class=\"review-count is-small op-8\" aria-label=\"1 \u00fclevaade\">(1)<\/span>\n\t<span class=\"price\"><del aria-hidden=\"true\"><span class=\"woocommerce-Price-amount amount\"><bdi><span class=\"woocommerce-Price-currencySymbol\">&euro;<\/span>2.75<\/bdi><\/span><\/del> <span class=\"screen-reader-text\">Algne hind oli: &euro;2.75.<\/span><ins aria-hidden=\"true\"><span class=\"woocommerce-Price-amount amount\"><bdi><span class=\"woocommerce-Price-currencySymbol\">&euro;<\/span>1.38<\/bdi><\/span><\/ins><span class=\"screen-reader-text\">Current price is: &euro;1.38.<\/span><\/span>\n<\/div><div class=\"add-to-cart-button\"><a href=\"https:\/\/www.lilleliis.com\/et\/toode\/schachenmayr-catania\/\" aria-describedby=\"woocommerce_loop_add_to_cart_link_describedby_90263\" data-quantity=\"1\" class=\"primary is-small mb-0 button product_type_simple is-flat\" data-product_id=\"90263\" data-product_sku=\"Catania\" aria-label=\"Loe l\u00e4hemalt &ldquo;Schachenmayr Catania - puuvillane l\u00f5ng 162 caffee - 50 g \/ 125 m - L\u00d5PUM\u00dc\u00dcK&rdquo; kohta\" rel=\"nofollow\" data-success_message=\"\">Loe edasi<\/a><\/div>\t<span id=\"woocommerce_loop_add_to_cart_link_describedby_90263\" class=\"screen-reader-text\">\n\t\t\t<\/span>\n\t\t<\/div>\n\t<\/div>\n\t<span class=\"gtm4wp_productdata\" style=\"display:none; visibility:hidden;\" data-gtm4wp_product_data=\"{&quot;internal_id&quot;:90263,&quot;item_id&quot;:90263,&quot;item_name&quot;:&quot;Schachenmayr Catania - puuvillane l\\u00f5ng 162 caffee - 50 g \\\/ 125 m - L\\u00d5PUM\\u00dc\\u00dcK&quot;,&quot;sku&quot;:&quot;Catania&quot;,&quot;price&quot;:1.38,&quot;stocklevel&quot;:0,&quot;stockstatus&quot;:&quot;outofstock&quot;,&quot;google_business_vertical&quot;:&quot;retail&quot;,&quot;item_category&quot;:&quot;L\\u00f5ngad ja tarvikud&quot;,&quot;item_category2&quot;:&quot;L\\u00f5ngad&quot;,&quot;id&quot;:90263,&quot;productlink&quot;:&quot;https:\\\/\\\/www.lilleliis.com\\\/et\\\/toode\\\/schachenmayr-catania\\\/&quot;,&quot;item_list_name&quot;:&quot;General Product List&quot;,&quot;index&quot;:1,&quot;product_type&quot;:&quot;simple&quot;,&quot;item_brand&quot;:&quot;&quot;}\"><\/span>\t<\/div>\n<\/div><\/div><!-- row -->\n<\/div>\n<\/div>\n","protected":false},"excerpt":{"rendered":"<p>Heegeldatud peapael <em>Maria<\/em> on ehitud suure roosiga. \u00d5petuse abiga saad heegeldada erilise peakaunistuse, mis sobitub ideaalselt peokleidi juurde v\u00f5i kaunistab sind fotograafi seansil. Vali lihtsalt riietusega sobivad v\u00e4rvid ja saadki kauni tulemuse.<\/p>\n<p>Heegeldatud peapael on v\u00f5rratu aksessuaar iga v\u00e4ikese t\u00fcdruku garderoobis. Sobib \u00fchtviisi h\u00e4sti nii argi- kui pidup\u00e4evadel, aga ka efekti andmiseks fotografeerimisel. M\u00f5jub lummavalt nii neutraalsetes kui kirevates v\u00e4rvitoonides.<\/p>\n<p>Roosi v\u00f5ib valmistada ka eraldi &#8211; n\u00e4iteks prossiks, kodukaunistamiseks p\u00e4rjal jmt.<\/p>\n<hr \/>\n<p><span data-text-color=\"primary\">MUSTRIST<\/span><\/p>\n<p>Allalaetav ja lihtsasti j\u00e4lgitav k\u00e4sit\u00f6\u00f6 \u00f5petus (PDF fail). Juhend sisaldab samm-sammulist \u00f5petust eseme valmistamiseks ning hulgaliselt abistavaid fotosid.<\/p>\n<p>Keel: eesti, inglise<\/p>\n<p>\u00d5petuse raskusaste: lihtne<\/p>\n<p>Vajaminevad v\u00f5tted: kinnissilmus, \u00fchekordne sammas<\/p>\n<hr \/>\n<p><span data-text-color=\"primary\">SUURUS JA MATERJAL<\/span><\/p>\n<p>Suurus: peapael on reguleeritava suurusega ning sobib pea\u00fcmberm\u00f5\u00f5dule alates 45 sentimeetrit.<\/p>\n<p>Valmistamiseks on kasutatud puuvillast l\u00f5nga ning heegeln\u00f5ela j\u00e4medusega 3 mm.<\/p>\n<hr \/>\n<p><span data-text-color=\"primary\">ABI JA COPYRIGHT<\/span><\/p>\n<p>K\u00fcsimuste korral saab abi\u00a0<a href=\"mailto:%20lilleliis@gmail.com\">e-posti teel<\/a>.<\/p>\n<p>\u00d5petuse j\u00e4rgi valmistatud esemeid v\u00f5ib m\u00fc\u00fca. \u00d5petust on keelatud jagada. Autori\u00f5igustega tutvu\u00a0<a href=\"https:\/\/www.lilleliis.com\/et\/autorioigused\/\" target=\"_blank\" rel=\"noopener\">siin<\/a>.<\/p>\n","protected":false},"featured_media":44408,"comment_status":"open","ping_status":"closed","template":"","meta":[],"product_brand":[],"product_cat":[96],"product_tag":[122],"class_list":{"0":"post-527","1":"product","2":"type-product","3":"status-publish","4":"has-post-thumbnail","6":"product_cat-heegeldamise-opetused","7":"product_tag-tudrukutele","8":"pa_pattern-language-eesti","9":"pa_pattern-language-inglise","10":"pa_pattern-skill-level-lihtne","12":"first","13":"instock","14":"sold-individually","15":"taxable","16":"shipping-taxable","17":"purchasable","18":"product-type-variable"},"yoast_head":"<!-- This site is optimized with the Yoast SEO plugin v27.3 - https:\/\/yoast.com\/product\/yoast-seo-wordpress\/ -->\n<title>Heegeldatud peapael | Samm-sammuline heegeldamise \u00f5petus | lilleliis<\/title>\n<meta name=\"description\" content=\"Heegeldatud peapael, \u00f5petus eesti keeles. Roosiga peapael sobib h\u00e4sti nii argi- kui pidup\u00e4evadel, aga ka aksessuaariks pildistamisel.\" \/>\n<meta name=\"robots\" content=\"index, follow, max-snippet:-1, max-image-preview:large, max-video-preview:-1\" \/>\n<link rel=\"canonical\" href=\"https:\/\/www.lilleliis.com\/et\/toode\/opetus-heegeldatud-peapael\/\" \/>\n<meta property=\"og:locale\" content=\"et_EE\" \/>\n<meta property=\"og:type\" content=\"article\" \/>\n<meta property=\"og:title\" content=\"Heegeldatud peapael | Samm-sammuline heegeldamise \u00f5petus | lilleliis\" \/>\n<meta property=\"og:description\" content=\"Heegeldatud peapael, \u00f5petus eesti keeles. Roosiga peapael sobib h\u00e4sti nii argi- kui pidup\u00e4evadel, aga ka aksessuaariks pildistamisel.\" \/>\n<meta property=\"og:url\" content=\"https:\/\/www.lilleliis.com\/et\/toode\/opetus-heegeldatud-peapael\/\" \/>\n<meta property=\"og:site_name\" content=\"lilleliis\" \/>\n<meta property=\"article:publisher\" content=\"https:\/\/www.facebook.com\/lilleliis-283266335035799\/\" \/>\n<meta property=\"article:modified_time\" content=\"2026-01-19T15:53:42+00:00\" \/>\n<meta property=\"og:image\" content=\"https:\/\/www.lilleliis.com\/wp-content\/uploads\/2013\/02\/IMG_5501.jpg\" \/>\n\t<meta property=\"og:image:width\" content=\"1002\" \/>\n\t<meta property=\"og:image:height\" content=\"1500\" \/>\n\t<meta property=\"og:image:type\" content=\"image\/jpeg\" \/>\n<meta name=\"twitter:card\" content=\"summary_large_image\" \/>\n<meta name=\"twitter:label1\" content=\"Est. reading time\" \/>\n\t<meta name=\"twitter:data1\" content=\"1 minute\" \/>\n<script type=\"application\/ld+json\" class=\"yoast-schema-graph\">{\"@context\":\"https:\\\/\\\/schema.org\",\"@graph\":[{\"@type\":\"WebPage\",\"@id\":\"https:\\\/\\\/www.lilleliis.com\\\/et\\\/toode\\\/opetus-heegeldatud-peapael\\\/\",\"url\":\"https:\\\/\\\/www.lilleliis.com\\\/et\\\/toode\\\/opetus-heegeldatud-peapael\\\/\",\"name\":\"Heegeldatud peapael | Samm-sammuline heegeldamise \u00f5petus | lilleliis\",\"isPartOf\":{\"@id\":\"https:\\\/\\\/www.lilleliis.com\\\/et\\\/#website\"},\"primaryImageOfPage\":{\"@id\":\"https:\\\/\\\/www.lilleliis.com\\\/et\\\/toode\\\/opetus-heegeldatud-peapael\\\/#primaryimage\"},\"image\":{\"@id\":\"https:\\\/\\\/www.lilleliis.com\\\/et\\\/toode\\\/opetus-heegeldatud-peapael\\\/#primaryimage\"},\"thumbnailUrl\":\"https:\\\/\\\/www.lilleliis.com\\\/wp-content\\\/uploads\\\/2013\\\/02\\\/IMG_5501.jpg\",\"datePublished\":\"2026-01-19T15:47:01+00:00\",\"dateModified\":\"2026-01-19T15:53:42+00:00\",\"description\":\"Heegeldatud peapael, \u00f5petus eesti keeles. Roosiga peapael sobib h\u00e4sti nii argi- kui pidup\u00e4evadel, aga ka aksessuaariks pildistamisel.\",\"breadcrumb\":{\"@id\":\"https:\\\/\\\/www.lilleliis.com\\\/et\\\/toode\\\/opetus-heegeldatud-peapael\\\/#breadcrumb\"},\"inLanguage\":\"et\",\"potentialAction\":[{\"@type\":\"ReadAction\",\"target\":[\"https:\\\/\\\/www.lilleliis.com\\\/et\\\/toode\\\/opetus-heegeldatud-peapael\\\/\"]}]},{\"@type\":\"ImageObject\",\"inLanguage\":\"et\",\"@id\":\"https:\\\/\\\/www.lilleliis.com\\\/et\\\/toode\\\/opetus-heegeldatud-peapael\\\/#primaryimage\",\"url\":\"https:\\\/\\\/www.lilleliis.com\\\/wp-content\\\/uploads\\\/2013\\\/02\\\/IMG_5501.jpg\",\"contentUrl\":\"https:\\\/\\\/www.lilleliis.com\\\/wp-content\\\/uploads\\\/2013\\\/02\\\/IMG_5501.jpg\",\"width\":1002,\"height\":1500},{\"@type\":\"BreadcrumbList\",\"@id\":\"https:\\\/\\\/www.lilleliis.com\\\/et\\\/toode\\\/opetus-heegeldatud-peapael\\\/#breadcrumb\",\"itemListElement\":[{\"@type\":\"ListItem\",\"position\":1,\"name\":\"Home\",\"item\":\"https:\\\/\\\/www.lilleliis.com\\\/et\\\/\"},{\"@type\":\"ListItem\",\"position\":2,\"name\":\"Pood\",\"item\":\"https:\\\/\\\/www.lilleliis.com\\\/et\\\/shop\\\/\"},{\"@type\":\"ListItem\",\"position\":3,\"name\":\"Heegeldatud peapael &#8220;Maria&#8221; &#8211; \u00f5petus\"}]},{\"@type\":\"WebSite\",\"@id\":\"https:\\\/\\\/www.lilleliis.com\\\/et\\\/#website\",\"url\":\"https:\\\/\\\/www.lilleliis.com\\\/et\\\/\",\"name\":\"lilleliis\",\"description\":\"Amigurumi m\u00e4nguasjad ja mustrid\",\"potentialAction\":[{\"@type\":\"SearchAction\",\"target\":{\"@type\":\"EntryPoint\",\"urlTemplate\":\"https:\\\/\\\/www.lilleliis.com\\\/et\\\/?s={search_term_string}\"},\"query-input\":{\"@type\":\"PropertyValueSpecification\",\"valueRequired\":true,\"valueName\":\"search_term_string\"}}],\"inLanguage\":\"et\"}]}<\/script>\n<!-- \/ Yoast SEO plugin. -->","yoast_head_json":{"title":"Heegeldatud peapael | Samm-sammuline heegeldamise \u00f5petus | lilleliis","description":"Heegeldatud peapael, \u00f5petus eesti keeles. Roosiga peapael sobib h\u00e4sti nii argi- kui pidup\u00e4evadel, aga ka aksessuaariks pildistamisel.","robots":{"index":"index","follow":"follow","max-snippet":"max-snippet:-1","max-image-preview":"max-image-preview:large","max-video-preview":"max-video-preview:-1"},"canonical":"https:\/\/www.lilleliis.com\/et\/toode\/opetus-heegeldatud-peapael\/","og_locale":"et_EE","og_type":"article","og_title":"Heegeldatud peapael | Samm-sammuline heegeldamise \u00f5petus | lilleliis","og_description":"Heegeldatud peapael, \u00f5petus eesti keeles. Roosiga peapael sobib h\u00e4sti nii argi- kui pidup\u00e4evadel, aga ka aksessuaariks pildistamisel.","og_url":"https:\/\/www.lilleliis.com\/et\/toode\/opetus-heegeldatud-peapael\/","og_site_name":"lilleliis","article_publisher":"https:\/\/www.facebook.com\/lilleliis-283266335035799\/","article_modified_time":"2026-01-19T15:53:42+00:00","og_image":[{"width":1002,"height":1500,"url":"https:\/\/www.lilleliis.com\/wp-content\/uploads\/2013\/02\/IMG_5501.jpg","type":"image\/jpeg"}],"twitter_card":"summary_large_image","twitter_misc":{"Est. reading time":"1 minute"},"schema":{"@context":"https:\/\/schema.org","@graph":[{"@type":"WebPage","@id":"https:\/\/www.lilleliis.com\/et\/toode\/opetus-heegeldatud-peapael\/","url":"https:\/\/www.lilleliis.com\/et\/toode\/opetus-heegeldatud-peapael\/","name":"Heegeldatud peapael | Samm-sammuline heegeldamise \u00f5petus | lilleliis","isPartOf":{"@id":"https:\/\/www.lilleliis.com\/et\/#website"},"primaryImageOfPage":{"@id":"https:\/\/www.lilleliis.com\/et\/toode\/opetus-heegeldatud-peapael\/#primaryimage"},"image":{"@id":"https:\/\/www.lilleliis.com\/et\/toode\/opetus-heegeldatud-peapael\/#primaryimage"},"thumbnailUrl":"https:\/\/www.lilleliis.com\/wp-content\/uploads\/2013\/02\/IMG_5501.jpg","datePublished":"2026-01-19T15:47:01+00:00","dateModified":"2026-01-19T15:53:42+00:00","description":"Heegeldatud peapael, \u00f5petus eesti keeles. Roosiga peapael sobib h\u00e4sti nii argi- kui pidup\u00e4evadel, aga ka aksessuaariks pildistamisel.","breadcrumb":{"@id":"https:\/\/www.lilleliis.com\/et\/toode\/opetus-heegeldatud-peapael\/#breadcrumb"},"inLanguage":"et","potentialAction":[{"@type":"ReadAction","target":["https:\/\/www.lilleliis.com\/et\/toode\/opetus-heegeldatud-peapael\/"]}]},{"@type":"ImageObject","inLanguage":"et","@id":"https:\/\/www.lilleliis.com\/et\/toode\/opetus-heegeldatud-peapael\/#primaryimage","url":"https:\/\/www.lilleliis.com\/wp-content\/uploads\/2013\/02\/IMG_5501.jpg","contentUrl":"https:\/\/www.lilleliis.com\/wp-content\/uploads\/2013\/02\/IMG_5501.jpg","width":1002,"height":1500},{"@type":"BreadcrumbList","@id":"https:\/\/www.lilleliis.com\/et\/toode\/opetus-heegeldatud-peapael\/#breadcrumb","itemListElement":[{"@type":"ListItem","position":1,"name":"Home","item":"https:\/\/www.lilleliis.com\/et\/"},{"@type":"ListItem","position":2,"name":"Pood","item":"https:\/\/www.lilleliis.com\/et\/shop\/"},{"@type":"ListItem","position":3,"name":"Heegeldatud peapael &#8220;Maria&#8221; &#8211; \u00f5petus"}]},{"@type":"WebSite","@id":"https:\/\/www.lilleliis.com\/et\/#website","url":"https:\/\/www.lilleliis.com\/et\/","name":"lilleliis","description":"Amigurumi m\u00e4nguasjad ja mustrid","potentialAction":[{"@type":"SearchAction","target":{"@type":"EntryPoint","urlTemplate":"https:\/\/www.lilleliis.com\/et\/?s={search_term_string}"},"query-input":{"@type":"PropertyValueSpecification","valueRequired":true,"valueName":"search_term_string"}}],"inLanguage":"et"}]}},"_links":{"self":[{"href":"https:\/\/www.lilleliis.com\/et\/wp-json\/wp\/v2\/product\/527","targetHints":{"allow":["GET"]}}],"collection":[{"href":"https:\/\/www.lilleliis.com\/et\/wp-json\/wp\/v2\/product"}],"about":[{"href":"https:\/\/www.lilleliis.com\/et\/wp-json\/wp\/v2\/types\/product"}],"replies":[{"embeddable":true,"href":"https:\/\/www.lilleliis.com\/et\/wp-json\/wp\/v2\/comments?post=527"}],"wp:featuredmedia":[{"embeddable":true,"href":"https:\/\/www.lilleliis.com\/et\/wp-json\/wp\/v2\/media\/44408"}],"wp:attachment":[{"href":"https:\/\/www.lilleliis.com\/et\/wp-json\/wp\/v2\/media?parent=527"}],"wp:term":[{"taxonomy":"product_brand","embeddable":true,"href":"https:\/\/www.lilleliis.com\/et\/wp-json\/wp\/v2\/product_brand?post=527"},{"taxonomy":"product_cat","embeddable":true,"href":"https:\/\/www.lilleliis.com\/et\/wp-json\/wp\/v2\/product_cat?post=527"},{"taxonomy":"product_tag","embeddable":true,"href":"https:\/\/www.lilleliis.com\/et\/wp-json\/wp\/v2\/product_tag?post=527"}],"curies":[{"name":"wp","href":"https:\/\/api.w.org\/{rel}","templated":true}]}}