{"id":54565,"date":"2026-01-19T17:21:16","date_gmt":"2026-01-19T15:21:16","guid":{"rendered":"https:\/\/www.lilleliis.com\/?post_type=product&#038;p=54565"},"modified":"2026-03-03T16:46:21","modified_gmt":"2026-03-03T14:46:21","slug":"heegeldatud-linnukorin-amigurumi-opetus","status":"publish","type":"product","link":"https:\/\/www.lilleliis.com\/et\/toode\/heegeldatud-linnukorin-amigurumi-opetus\/","title":{"rendered":"Beebi k\u00f5rina heegeldamise \u00f5petus &#8211; Linnuk\u00f5rin"},"content":{"rendered":"<p data-start=\"290\" data-end=\"452\">Beebi k\u00f5rina heegeldamise \u00f5petus &#8211; Amigurumi linnuk\u00f5rin<\/p>\n<p data-start=\"290\" data-end=\"452\">See beebi k\u00f5rina heegeldamise \u00f5petus aitab sul valmistada armsa ja praktilise linnuk\u00f5rina, mis valmib kiiresti ning sobib ideaalselt katsikukingituseks.<\/p>\n<p data-start=\"454\" data-end=\"639\">Puidust r\u00f5ngal istuvat v\u00e4ikest linnukest on beebil mugav haarata. V\u00e4rviline k\u00f5rin pakub lusti ja avastamisr\u00f5\u00f5mu. Heegeldatud beebi k\u00f5rin \u00fchendab endas m\u00e4ngulisuse ja loodusl\u00e4hedased materjalid.<\/p>\n<p data-start=\"641\" data-end=\"874\">Linnukest kaunistavad hoolikalt l\u00e4bim\u00f5eldud detailid &#8211; tikitud pisted k\u00f5hul, l\u00f5ngatutt pea peal ning heegeldatud lilleke r\u00f5nga k\u00fcljes. See k\u00e4sit\u00f6\u00f6na valmiv beebi k\u00f5rin on \u00fchtaegu armas ja praktiline kingitus v\u00e4ikesele ilmakodanikule.<\/p>\n<div class=\"is-divider divider clearfix\" ><\/div>\n<h3>Mustrist<\/h3>\n<p>Allalaetav ja lihtsasti j\u00e4lgitav k\u00e4sit\u00f6\u00f6 \u00f5petus (PDF fail). Juhend sisaldab samm-sammulist \u00f5petust eseme valmistamiseks ning hulgaliselt abistavaid fotosid.<\/p>\n<p>Keel: eesti, inglise, portugali, hispaania, hollandi, itaalia, taani, prantsuse<\/p>\n<p>\u00d5petuse raskusaste: keskmine<\/p>\n<p>Vajaminevad v\u00f5tted: kinnissilmust, poolsammas, \u00fchekordne sammas<\/p>\n<div class=\"is-divider divider clearfix\" ><\/div>\n<h3>Suurus ja materjal<\/h3>\n<p>Suurus: 13 cm<\/p>\n<p>Valmistamiseks on kasutatud puuvillast l\u00f5nga ning heegeln\u00f5ela j\u00e4medusega 2,5 mm.<\/p>\n<div class=\"is-divider divider clearfix\" ><\/div>\n<h3>Abi ja copyright<\/h3>\n<p>K\u00fcsimuste korral saab abi\u00a0<a href=\"mailto:%20lilleliis@gmail.com\">e-posti teel<\/a>.<\/p>\n<p>\u00d5petuse j\u00e4rgi valmistatud esemeid v\u00f5ib m\u00fc\u00fca. \u00d5petust on keelatud jagada. Autori\u00f5igustega tutvu\u00a0<a href=\"https:\/\/www.lilleliis.com\/et\/autorioigused\/\" target=\"_blank\" rel=\"noopener\">siin<\/a>.<\/p>\n","protected":false},"excerpt":{"rendered":"<p>Heegelda ise imeliselt armas amigurumi linnuk\u00f5rin, mis valmib kiiresti ja r\u00f5\u00f5mustab nii beebit kui ka v\u00e4rskeid vanemaid. Puidust r\u00f5ngal istuv linnuke on kaunistatud mitmete armsate pisidetailidega ning lapsel on seda mugav r\u00f5ngast haarata.<\/p>\n<p>Tegemist on allalaetava <strong data-start=\"326\" data-end=\"343\">PDF-\u00f5petusega<\/strong>, mis sisaldab rohkelt fotosid. \u00d5petuse raskusaste on <strong data-start=\"397\" data-end=\"409\">keskmine<\/strong> ja see on saadaval ka eesti keeles.<\/p>\n","protected":false},"featured_media":54545,"comment_status":"open","ping_status":"closed","template":"","meta":[],"product_brand":[],"product_cat":[95,513],"product_tag":[123],"class_list":{"0":"post-54565","1":"product","2":"type-product","3":"status-publish","4":"has-post-thumbnail","6":"product_cat-amigurumi-opetused","7":"product_cat-linnu-mustrid","8":"product_tag-beebidele","9":"pa_pattern-language-eesti","10":"pa_pattern-language-hispaania","11":"pa_pattern-language-hollandi","12":"pa_pattern-language-inglise","13":"pa_pattern-language-itaalia","14":"pa_pattern-language-portugali","15":"pa_pattern-language-prantsuse","16":"pa_pattern-language-taani","17":"pa_pattern-skill-level-keskmine","19":"first","20":"instock","21":"sold-individually","22":"taxable","23":"shipping-taxable","24":"purchasable","25":"product-type-variable"},"yoast_head":"<!-- This site is optimized with the Yoast SEO plugin v27.3 - https:\/\/yoast.com\/product\/yoast-seo-wordpress\/ -->\n<title>Beebi k\u00f5rina heegeldamise \u00f5petus - Linnuk\u00f5rin | lilleliis<\/title>\n<meta name=\"description\" content=\"Beebi k\u00f5rina heegeldamise \u00f5petus linnuk\u00f5rin - samm-sammuline juhend amigurumi beebi k\u00f5risti heegeldamiseks. \u00d5petus on eesti keeles.\" \/>\n<meta name=\"robots\" content=\"index, follow, max-snippet:-1, max-image-preview:large, max-video-preview:-1\" \/>\n<link rel=\"canonical\" href=\"https:\/\/www.lilleliis.com\/et\/toode\/heegeldatud-linnukorin-amigurumi-opetus\/\" \/>\n<meta property=\"og:locale\" content=\"et_EE\" \/>\n<meta property=\"og:type\" content=\"article\" \/>\n<meta property=\"og:title\" content=\"Beebi k\u00f5rina heegeldamise \u00f5petus - Linnuk\u00f5rin | lilleliis\" \/>\n<meta property=\"og:description\" content=\"Beebi k\u00f5rina heegeldamise \u00f5petus linnuk\u00f5rin - samm-sammuline juhend amigurumi beebi k\u00f5risti heegeldamiseks. \u00d5petus on eesti keeles.\" \/>\n<meta property=\"og:url\" content=\"https:\/\/www.lilleliis.com\/et\/toode\/heegeldatud-linnukorin-amigurumi-opetus\/\" \/>\n<meta property=\"og:site_name\" content=\"lilleliis\" \/>\n<meta property=\"article:publisher\" content=\"https:\/\/www.facebook.com\/lilleliis-283266335035799\/\" \/>\n<meta property=\"article:modified_time\" content=\"2026-03-03T14:46:21+00:00\" \/>\n<meta property=\"og:image\" content=\"https:\/\/www.lilleliis.com\/wp-content\/uploads\/2019\/07\/DSC_3184.jpg\" \/>\n\t<meta property=\"og:image:width\" content=\"1000\" \/>\n\t<meta property=\"og:image:height\" content=\"1500\" \/>\n\t<meta property=\"og:image:type\" content=\"image\/jpeg\" \/>\n<meta name=\"twitter:card\" content=\"summary_large_image\" \/>\n<meta name=\"twitter:label1\" content=\"Est. reading time\" \/>\n\t<meta name=\"twitter:data1\" content=\"1 minute\" \/>\n<script type=\"application\/ld+json\" class=\"yoast-schema-graph\">{\"@context\":\"https:\\\/\\\/schema.org\",\"@graph\":[{\"@type\":\"WebPage\",\"@id\":\"https:\\\/\\\/www.lilleliis.com\\\/et\\\/toode\\\/heegeldatud-linnukorin-amigurumi-opetus\\\/\",\"url\":\"https:\\\/\\\/www.lilleliis.com\\\/et\\\/toode\\\/heegeldatud-linnukorin-amigurumi-opetus\\\/\",\"name\":\"Beebi k\u00f5rina heegeldamise \u00f5petus - Linnuk\u00f5rin | lilleliis\",\"isPartOf\":{\"@id\":\"https:\\\/\\\/www.lilleliis.com\\\/et\\\/#website\"},\"primaryImageOfPage\":{\"@id\":\"https:\\\/\\\/www.lilleliis.com\\\/et\\\/toode\\\/heegeldatud-linnukorin-amigurumi-opetus\\\/#primaryimage\"},\"image\":{\"@id\":\"https:\\\/\\\/www.lilleliis.com\\\/et\\\/toode\\\/heegeldatud-linnukorin-amigurumi-opetus\\\/#primaryimage\"},\"thumbnailUrl\":\"https:\\\/\\\/www.lilleliis.com\\\/wp-content\\\/uploads\\\/2019\\\/07\\\/DSC_3184.jpg\",\"datePublished\":\"2026-01-19T15:21:16+00:00\",\"dateModified\":\"2026-03-03T14:46:21+00:00\",\"description\":\"Beebi k\u00f5rina heegeldamise \u00f5petus linnuk\u00f5rin - samm-sammuline juhend amigurumi beebi k\u00f5risti heegeldamiseks. \u00d5petus on eesti keeles.\",\"breadcrumb\":{\"@id\":\"https:\\\/\\\/www.lilleliis.com\\\/et\\\/toode\\\/heegeldatud-linnukorin-amigurumi-opetus\\\/#breadcrumb\"},\"inLanguage\":\"et\",\"potentialAction\":[{\"@type\":\"ReadAction\",\"target\":[\"https:\\\/\\\/www.lilleliis.com\\\/et\\\/toode\\\/heegeldatud-linnukorin-amigurumi-opetus\\\/\"]}]},{\"@type\":\"ImageObject\",\"inLanguage\":\"et\",\"@id\":\"https:\\\/\\\/www.lilleliis.com\\\/et\\\/toode\\\/heegeldatud-linnukorin-amigurumi-opetus\\\/#primaryimage\",\"url\":\"https:\\\/\\\/www.lilleliis.com\\\/wp-content\\\/uploads\\\/2019\\\/07\\\/DSC_3184.jpg\",\"contentUrl\":\"https:\\\/\\\/www.lilleliis.com\\\/wp-content\\\/uploads\\\/2019\\\/07\\\/DSC_3184.jpg\",\"width\":1000,\"height\":1500,\"caption\":\"amigurumi linnukorin\"},{\"@type\":\"BreadcrumbList\",\"@id\":\"https:\\\/\\\/www.lilleliis.com\\\/et\\\/toode\\\/heegeldatud-linnukorin-amigurumi-opetus\\\/#breadcrumb\",\"itemListElement\":[{\"@type\":\"ListItem\",\"position\":1,\"name\":\"Home\",\"item\":\"https:\\\/\\\/www.lilleliis.com\\\/et\\\/\"},{\"@type\":\"ListItem\",\"position\":2,\"name\":\"Pood\",\"item\":\"https:\\\/\\\/www.lilleliis.com\\\/et\\\/shop\\\/\"},{\"@type\":\"ListItem\",\"position\":3,\"name\":\"Beebi k\u00f5rina heegeldamise \u00f5petus &#8211; Linnuk\u00f5rin\"}]},{\"@type\":\"WebSite\",\"@id\":\"https:\\\/\\\/www.lilleliis.com\\\/et\\\/#website\",\"url\":\"https:\\\/\\\/www.lilleliis.com\\\/et\\\/\",\"name\":\"lilleliis\",\"description\":\"Amigurumi m\u00e4nguasjad ja mustrid\",\"potentialAction\":[{\"@type\":\"SearchAction\",\"target\":{\"@type\":\"EntryPoint\",\"urlTemplate\":\"https:\\\/\\\/www.lilleliis.com\\\/et\\\/?s={search_term_string}\"},\"query-input\":{\"@type\":\"PropertyValueSpecification\",\"valueRequired\":true,\"valueName\":\"search_term_string\"}}],\"inLanguage\":\"et\"}]}<\/script>\n<!-- \/ Yoast SEO plugin. -->","yoast_head_json":{"title":"Beebi k\u00f5rina heegeldamise \u00f5petus - Linnuk\u00f5rin | lilleliis","description":"Beebi k\u00f5rina heegeldamise \u00f5petus linnuk\u00f5rin - samm-sammuline juhend amigurumi beebi k\u00f5risti heegeldamiseks. \u00d5petus on eesti keeles.","robots":{"index":"index","follow":"follow","max-snippet":"max-snippet:-1","max-image-preview":"max-image-preview:large","max-video-preview":"max-video-preview:-1"},"canonical":"https:\/\/www.lilleliis.com\/et\/toode\/heegeldatud-linnukorin-amigurumi-opetus\/","og_locale":"et_EE","og_type":"article","og_title":"Beebi k\u00f5rina heegeldamise \u00f5petus - Linnuk\u00f5rin | lilleliis","og_description":"Beebi k\u00f5rina heegeldamise \u00f5petus linnuk\u00f5rin - samm-sammuline juhend amigurumi beebi k\u00f5risti heegeldamiseks. \u00d5petus on eesti keeles.","og_url":"https:\/\/www.lilleliis.com\/et\/toode\/heegeldatud-linnukorin-amigurumi-opetus\/","og_site_name":"lilleliis","article_publisher":"https:\/\/www.facebook.com\/lilleliis-283266335035799\/","article_modified_time":"2026-03-03T14:46:21+00:00","og_image":[{"width":1000,"height":1500,"url":"https:\/\/www.lilleliis.com\/wp-content\/uploads\/2019\/07\/DSC_3184.jpg","type":"image\/jpeg"}],"twitter_card":"summary_large_image","twitter_misc":{"Est. reading time":"1 minute"},"schema":{"@context":"https:\/\/schema.org","@graph":[{"@type":"WebPage","@id":"https:\/\/www.lilleliis.com\/et\/toode\/heegeldatud-linnukorin-amigurumi-opetus\/","url":"https:\/\/www.lilleliis.com\/et\/toode\/heegeldatud-linnukorin-amigurumi-opetus\/","name":"Beebi k\u00f5rina heegeldamise \u00f5petus - Linnuk\u00f5rin | lilleliis","isPartOf":{"@id":"https:\/\/www.lilleliis.com\/et\/#website"},"primaryImageOfPage":{"@id":"https:\/\/www.lilleliis.com\/et\/toode\/heegeldatud-linnukorin-amigurumi-opetus\/#primaryimage"},"image":{"@id":"https:\/\/www.lilleliis.com\/et\/toode\/heegeldatud-linnukorin-amigurumi-opetus\/#primaryimage"},"thumbnailUrl":"https:\/\/www.lilleliis.com\/wp-content\/uploads\/2019\/07\/DSC_3184.jpg","datePublished":"2026-01-19T15:21:16+00:00","dateModified":"2026-03-03T14:46:21+00:00","description":"Beebi k\u00f5rina heegeldamise \u00f5petus linnuk\u00f5rin - samm-sammuline juhend amigurumi beebi k\u00f5risti heegeldamiseks. \u00d5petus on eesti keeles.","breadcrumb":{"@id":"https:\/\/www.lilleliis.com\/et\/toode\/heegeldatud-linnukorin-amigurumi-opetus\/#breadcrumb"},"inLanguage":"et","potentialAction":[{"@type":"ReadAction","target":["https:\/\/www.lilleliis.com\/et\/toode\/heegeldatud-linnukorin-amigurumi-opetus\/"]}]},{"@type":"ImageObject","inLanguage":"et","@id":"https:\/\/www.lilleliis.com\/et\/toode\/heegeldatud-linnukorin-amigurumi-opetus\/#primaryimage","url":"https:\/\/www.lilleliis.com\/wp-content\/uploads\/2019\/07\/DSC_3184.jpg","contentUrl":"https:\/\/www.lilleliis.com\/wp-content\/uploads\/2019\/07\/DSC_3184.jpg","width":1000,"height":1500,"caption":"amigurumi linnukorin"},{"@type":"BreadcrumbList","@id":"https:\/\/www.lilleliis.com\/et\/toode\/heegeldatud-linnukorin-amigurumi-opetus\/#breadcrumb","itemListElement":[{"@type":"ListItem","position":1,"name":"Home","item":"https:\/\/www.lilleliis.com\/et\/"},{"@type":"ListItem","position":2,"name":"Pood","item":"https:\/\/www.lilleliis.com\/et\/shop\/"},{"@type":"ListItem","position":3,"name":"Beebi k\u00f5rina heegeldamise \u00f5petus &#8211; Linnuk\u00f5rin"}]},{"@type":"WebSite","@id":"https:\/\/www.lilleliis.com\/et\/#website","url":"https:\/\/www.lilleliis.com\/et\/","name":"lilleliis","description":"Amigurumi m\u00e4nguasjad ja mustrid","potentialAction":[{"@type":"SearchAction","target":{"@type":"EntryPoint","urlTemplate":"https:\/\/www.lilleliis.com\/et\/?s={search_term_string}"},"query-input":{"@type":"PropertyValueSpecification","valueRequired":true,"valueName":"search_term_string"}}],"inLanguage":"et"}]}},"_links":{"self":[{"href":"https:\/\/www.lilleliis.com\/et\/wp-json\/wp\/v2\/product\/54565","targetHints":{"allow":["GET"]}}],"collection":[{"href":"https:\/\/www.lilleliis.com\/et\/wp-json\/wp\/v2\/product"}],"about":[{"href":"https:\/\/www.lilleliis.com\/et\/wp-json\/wp\/v2\/types\/product"}],"replies":[{"embeddable":true,"href":"https:\/\/www.lilleliis.com\/et\/wp-json\/wp\/v2\/comments?post=54565"}],"wp:featuredmedia":[{"embeddable":true,"href":"https:\/\/www.lilleliis.com\/et\/wp-json\/wp\/v2\/media\/54545"}],"wp:attachment":[{"href":"https:\/\/www.lilleliis.com\/et\/wp-json\/wp\/v2\/media?parent=54565"}],"wp:term":[{"taxonomy":"product_brand","embeddable":true,"href":"https:\/\/www.lilleliis.com\/et\/wp-json\/wp\/v2\/product_brand?post=54565"},{"taxonomy":"product_cat","embeddable":true,"href":"https:\/\/www.lilleliis.com\/et\/wp-json\/wp\/v2\/product_cat?post=54565"},{"taxonomy":"product_tag","embeddable":true,"href":"https:\/\/www.lilleliis.com\/et\/wp-json\/wp\/v2\/product_tag?post=54565"}],"curies":[{"name":"wp","href":"https:\/\/api.w.org\/{rel}","templated":true}]}}