{"id":55001,"date":"2025-08-05T12:00:22","date_gmt":"2025-08-05T09:00:22","guid":{"rendered":"https:\/\/www.lilleliis.com\/?post_type=product&#038;p=55001"},"modified":"2026-02-11T10:33:38","modified_gmt":"2026-02-11T08:33:38","slug":"kaunistus-roheline-lill-24-tk","status":"publish","type":"product","link":"https:\/\/www.lilleliis.com\/et\/toode\/kaunistus-roheline-lill-24-tk\/","title":{"rendered":"Kaunistus &#8211; roheline lill &#8211; 24 tk"},"content":{"rendered":null,"protected":false},"excerpt":{"rendered":"<p>Komplektis on 24 l\u00e4biva auguga lillekujulist kaunistust. Sobivad erinevate k\u00e4sit\u00f6\u00f6projektide ja heegeldatud m\u00e4nguasjade (nt <a href=\"https:\/\/www.lilleliis.com\/et\/toode\/heegeldatud-jankupreili-muster\/\" target=\"_blank\" rel=\"noopener noreferrer\">J\u00e4nkupreili<\/a> ja <a href=\"https:\/\/www.lilleliis.com\/et\/toode\/opetus-janes-sats-puks\/\" target=\"_blank\" rel=\"noopener noreferrer\">J\u00e4nes Sats-p\u00fcks<\/a>) kaunistamiseks.<\/p>\n<div class=\"is-divider divider clearfix\" style=\"max-width:100%;\"><\/div>\n<p>L\u00e4bim\u00f5\u00f5t: 7 mm<\/p>\n<p>V\u00e4rv: roheline<\/p>\n<p>L\u00e4biva auguga.<\/p>\n","protected":false},"featured_media":55004,"comment_status":"open","ping_status":"closed","template":"","meta":[],"product_brand":[],"product_cat":[429,564],"product_tag":[],"class_list":{"0":"post-55001","1":"product","2":"type-product","3":"status-publish","4":"has-post-thumbnail","6":"product_cat-kasitoo-tarvikud","7":"product_cat-noobid","9":"first","10":"instock","11":"taxable","12":"shipping-taxable","13":"purchasable","14":"product-type-simple"},"yoast_head":"<!-- This site is optimized with the Yoast SEO plugin v27.3 - https:\/\/yoast.com\/product\/yoast-seo-wordpress\/ -->\n<title>Kaunistus - roheline lill - 24 tk | lilleliis<\/title>\n<meta name=\"robots\" content=\"index, follow, max-snippet:-1, max-image-preview:large, max-video-preview:-1\" \/>\n<link rel=\"canonical\" href=\"https:\/\/www.lilleliis.com\/et\/toode\/kaunistus-roheline-lill-24-tk\/\" \/>\n<meta property=\"og:locale\" content=\"et_EE\" \/>\n<meta property=\"og:type\" content=\"article\" \/>\n<meta property=\"og:title\" content=\"Kaunistus - roheline lill - 24 tk | lilleliis\" \/>\n<meta property=\"og:description\" content=\"Komplektis on 24 l\u00e4biva auguga lillekujulist kaunistust. Sobivad erinevate k\u00e4sit\u00f6\u00f6projektide ja heegeldatud m\u00e4nguasjade (nt J\u00e4nkupreili ja J\u00e4nes Sats-p\u00fcks) kaunistamiseks.    L\u00e4bim\u00f5\u00f5t: 7 mm  V\u00e4rv: roheline  L\u00e4biva auguga.\" \/>\n<meta property=\"og:url\" content=\"https:\/\/www.lilleliis.com\/et\/toode\/kaunistus-roheline-lill-24-tk\/\" \/>\n<meta property=\"og:site_name\" content=\"lilleliis\" \/>\n<meta property=\"article:publisher\" content=\"https:\/\/www.facebook.com\/lilleliis-283266335035799\/\" \/>\n<meta property=\"article:modified_time\" content=\"2026-02-11T08:33:38+00:00\" \/>\n<meta property=\"og:image\" content=\"https:\/\/www.lilleliis.com\/wp-content\/uploads\/2019\/08\/DSC_3835.jpg\" \/>\n\t<meta property=\"og:image:width\" content=\"1000\" \/>\n\t<meta property=\"og:image:height\" content=\"1500\" \/>\n\t<meta property=\"og:image:type\" content=\"image\/jpeg\" \/>\n<meta name=\"twitter:card\" content=\"summary_large_image\" \/>\n<meta name=\"twitter:label1\" content=\"Est. reading time\" \/>\n\t<meta name=\"twitter:data1\" content=\"1 minute\" \/>\n<script type=\"application\/ld+json\" class=\"yoast-schema-graph\">{\"@context\":\"https:\\\/\\\/schema.org\",\"@graph\":[{\"@type\":\"WebPage\",\"@id\":\"https:\\\/\\\/www.lilleliis.com\\\/et\\\/toode\\\/kaunistus-roheline-lill-24-tk\\\/\",\"url\":\"https:\\\/\\\/www.lilleliis.com\\\/et\\\/toode\\\/kaunistus-roheline-lill-24-tk\\\/\",\"name\":\"Kaunistus - roheline lill - 24 tk | lilleliis\",\"isPartOf\":{\"@id\":\"https:\\\/\\\/www.lilleliis.com\\\/et\\\/#website\"},\"primaryImageOfPage\":{\"@id\":\"https:\\\/\\\/www.lilleliis.com\\\/et\\\/toode\\\/kaunistus-roheline-lill-24-tk\\\/#primaryimage\"},\"image\":{\"@id\":\"https:\\\/\\\/www.lilleliis.com\\\/et\\\/toode\\\/kaunistus-roheline-lill-24-tk\\\/#primaryimage\"},\"thumbnailUrl\":\"https:\\\/\\\/www.lilleliis.com\\\/wp-content\\\/uploads\\\/2019\\\/08\\\/DSC_3835.jpg\",\"datePublished\":\"2025-08-05T09:00:22+00:00\",\"dateModified\":\"2026-02-11T08:33:38+00:00\",\"breadcrumb\":{\"@id\":\"https:\\\/\\\/www.lilleliis.com\\\/et\\\/toode\\\/kaunistus-roheline-lill-24-tk\\\/#breadcrumb\"},\"inLanguage\":\"et\",\"potentialAction\":[{\"@type\":\"ReadAction\",\"target\":[\"https:\\\/\\\/www.lilleliis.com\\\/et\\\/toode\\\/kaunistus-roheline-lill-24-tk\\\/\"]}]},{\"@type\":\"ImageObject\",\"inLanguage\":\"et\",\"@id\":\"https:\\\/\\\/www.lilleliis.com\\\/et\\\/toode\\\/kaunistus-roheline-lill-24-tk\\\/#primaryimage\",\"url\":\"https:\\\/\\\/www.lilleliis.com\\\/wp-content\\\/uploads\\\/2019\\\/08\\\/DSC_3835.jpg\",\"contentUrl\":\"https:\\\/\\\/www.lilleliis.com\\\/wp-content\\\/uploads\\\/2019\\\/08\\\/DSC_3835.jpg\",\"width\":1000,\"height\":1500},{\"@type\":\"BreadcrumbList\",\"@id\":\"https:\\\/\\\/www.lilleliis.com\\\/et\\\/toode\\\/kaunistus-roheline-lill-24-tk\\\/#breadcrumb\",\"itemListElement\":[{\"@type\":\"ListItem\",\"position\":1,\"name\":\"Home\",\"item\":\"https:\\\/\\\/www.lilleliis.com\\\/et\\\/\"},{\"@type\":\"ListItem\",\"position\":2,\"name\":\"Pood\",\"item\":\"https:\\\/\\\/www.lilleliis.com\\\/et\\\/shop\\\/\"},{\"@type\":\"ListItem\",\"position\":3,\"name\":\"Kaunistus &#8211; roheline lill &#8211; 24 tk\"}]},{\"@type\":\"WebSite\",\"@id\":\"https:\\\/\\\/www.lilleliis.com\\\/et\\\/#website\",\"url\":\"https:\\\/\\\/www.lilleliis.com\\\/et\\\/\",\"name\":\"lilleliis\",\"description\":\"Amigurumi m\u00e4nguasjad ja mustrid\",\"potentialAction\":[{\"@type\":\"SearchAction\",\"target\":{\"@type\":\"EntryPoint\",\"urlTemplate\":\"https:\\\/\\\/www.lilleliis.com\\\/et\\\/?s={search_term_string}\"},\"query-input\":{\"@type\":\"PropertyValueSpecification\",\"valueRequired\":true,\"valueName\":\"search_term_string\"}}],\"inLanguage\":\"et\"}]}<\/script>\n<!-- \/ Yoast SEO plugin. -->","yoast_head_json":{"title":"Kaunistus - roheline lill - 24 tk | lilleliis","robots":{"index":"index","follow":"follow","max-snippet":"max-snippet:-1","max-image-preview":"max-image-preview:large","max-video-preview":"max-video-preview:-1"},"canonical":"https:\/\/www.lilleliis.com\/et\/toode\/kaunistus-roheline-lill-24-tk\/","og_locale":"et_EE","og_type":"article","og_title":"Kaunistus - roheline lill - 24 tk | lilleliis","og_description":"Komplektis on 24 l\u00e4biva auguga lillekujulist kaunistust. Sobivad erinevate k\u00e4sit\u00f6\u00f6projektide ja heegeldatud m\u00e4nguasjade (nt J\u00e4nkupreili ja J\u00e4nes Sats-p\u00fcks) kaunistamiseks.    L\u00e4bim\u00f5\u00f5t: 7 mm  V\u00e4rv: roheline  L\u00e4biva auguga.","og_url":"https:\/\/www.lilleliis.com\/et\/toode\/kaunistus-roheline-lill-24-tk\/","og_site_name":"lilleliis","article_publisher":"https:\/\/www.facebook.com\/lilleliis-283266335035799\/","article_modified_time":"2026-02-11T08:33:38+00:00","og_image":[{"width":1000,"height":1500,"url":"https:\/\/www.lilleliis.com\/wp-content\/uploads\/2019\/08\/DSC_3835.jpg","type":"image\/jpeg"}],"twitter_card":"summary_large_image","twitter_misc":{"Est. reading time":"1 minute"},"schema":{"@context":"https:\/\/schema.org","@graph":[{"@type":"WebPage","@id":"https:\/\/www.lilleliis.com\/et\/toode\/kaunistus-roheline-lill-24-tk\/","url":"https:\/\/www.lilleliis.com\/et\/toode\/kaunistus-roheline-lill-24-tk\/","name":"Kaunistus - roheline lill - 24 tk | lilleliis","isPartOf":{"@id":"https:\/\/www.lilleliis.com\/et\/#website"},"primaryImageOfPage":{"@id":"https:\/\/www.lilleliis.com\/et\/toode\/kaunistus-roheline-lill-24-tk\/#primaryimage"},"image":{"@id":"https:\/\/www.lilleliis.com\/et\/toode\/kaunistus-roheline-lill-24-tk\/#primaryimage"},"thumbnailUrl":"https:\/\/www.lilleliis.com\/wp-content\/uploads\/2019\/08\/DSC_3835.jpg","datePublished":"2025-08-05T09:00:22+00:00","dateModified":"2026-02-11T08:33:38+00:00","breadcrumb":{"@id":"https:\/\/www.lilleliis.com\/et\/toode\/kaunistus-roheline-lill-24-tk\/#breadcrumb"},"inLanguage":"et","potentialAction":[{"@type":"ReadAction","target":["https:\/\/www.lilleliis.com\/et\/toode\/kaunistus-roheline-lill-24-tk\/"]}]},{"@type":"ImageObject","inLanguage":"et","@id":"https:\/\/www.lilleliis.com\/et\/toode\/kaunistus-roheline-lill-24-tk\/#primaryimage","url":"https:\/\/www.lilleliis.com\/wp-content\/uploads\/2019\/08\/DSC_3835.jpg","contentUrl":"https:\/\/www.lilleliis.com\/wp-content\/uploads\/2019\/08\/DSC_3835.jpg","width":1000,"height":1500},{"@type":"BreadcrumbList","@id":"https:\/\/www.lilleliis.com\/et\/toode\/kaunistus-roheline-lill-24-tk\/#breadcrumb","itemListElement":[{"@type":"ListItem","position":1,"name":"Home","item":"https:\/\/www.lilleliis.com\/et\/"},{"@type":"ListItem","position":2,"name":"Pood","item":"https:\/\/www.lilleliis.com\/et\/shop\/"},{"@type":"ListItem","position":3,"name":"Kaunistus &#8211; roheline lill &#8211; 24 tk"}]},{"@type":"WebSite","@id":"https:\/\/www.lilleliis.com\/et\/#website","url":"https:\/\/www.lilleliis.com\/et\/","name":"lilleliis","description":"Amigurumi m\u00e4nguasjad ja mustrid","potentialAction":[{"@type":"SearchAction","target":{"@type":"EntryPoint","urlTemplate":"https:\/\/www.lilleliis.com\/et\/?s={search_term_string}"},"query-input":{"@type":"PropertyValueSpecification","valueRequired":true,"valueName":"search_term_string"}}],"inLanguage":"et"}]}},"_links":{"self":[{"href":"https:\/\/www.lilleliis.com\/et\/wp-json\/wp\/v2\/product\/55001","targetHints":{"allow":["GET"]}}],"collection":[{"href":"https:\/\/www.lilleliis.com\/et\/wp-json\/wp\/v2\/product"}],"about":[{"href":"https:\/\/www.lilleliis.com\/et\/wp-json\/wp\/v2\/types\/product"}],"replies":[{"embeddable":true,"href":"https:\/\/www.lilleliis.com\/et\/wp-json\/wp\/v2\/comments?post=55001"}],"wp:featuredmedia":[{"embeddable":true,"href":"https:\/\/www.lilleliis.com\/et\/wp-json\/wp\/v2\/media\/55004"}],"wp:attachment":[{"href":"https:\/\/www.lilleliis.com\/et\/wp-json\/wp\/v2\/media?parent=55001"}],"wp:term":[{"taxonomy":"product_brand","embeddable":true,"href":"https:\/\/www.lilleliis.com\/et\/wp-json\/wp\/v2\/product_brand?post=55001"},{"taxonomy":"product_cat","embeddable":true,"href":"https:\/\/www.lilleliis.com\/et\/wp-json\/wp\/v2\/product_cat?post=55001"},{"taxonomy":"product_tag","embeddable":true,"href":"https:\/\/www.lilleliis.com\/et\/wp-json\/wp\/v2\/product_tag?post=55001"}],"curies":[{"name":"wp","href":"https:\/\/api.w.org\/{rel}","templated":true}]}}