{"id":56575,"date":"2025-08-12T13:54:56","date_gmt":"2025-08-12T10:54:56","guid":{"rendered":"https:\/\/www.lilleliis.com\/?post_type=product&#038;p=56575"},"modified":"2023-06-23T00:00:02","modified_gmt":"2023-06-22T21:00:02","slug":"sunnipaevakaru-ja-kreemitort-amigurumi-opetus","status":"publish","type":"product","link":"https:\/\/www.lilleliis.com\/et\/toode\/sunnipaevakaru-ja-kreemitort-amigurumi-opetus\/","title":{"rendered":"S\u00fcnnip\u00e4evakaru ja kreemitort &#8211; amigurumi \u00f5petus"},"content":{"rendered":null,"protected":false},"excerpt":{"rendered":"<p>S\u00fcnnip\u00e4evakaru ja kreemitort on armas kingitus beebi esimeseks s\u00fcnnip\u00e4evaks v\u00f5i esimese kuu t\u00e4histamiseks.\u00a0Amigurumi \u00f5petuse j\u00e4rgi valmib karu, kellel on peas vahva tutiga kaunistatud peom\u00fcts ja kaela \u00fcmber kena pitskrae. T\u00e4histamiseks on tal kaasas maitsev kreemitort.<\/p>\n<p>Torti saab eraldi kasutada laste k\u00f6\u00f6gim\u00e4ngudes v\u00f5i n\u00f5elapadjana.<\/p>\n<hr \/>\n<p><span data-text-color=\"primary\">MUSTRIST<\/span><\/p>\n<p>Allalaetav ja lihtsasti j\u00e4lgitav k\u00e4sit\u00f6\u00f6 \u00f5petus (PDF fail). Juhend sisaldab samm-sammulist \u00f5petust eseme valmistamiseks ning hulgaliselt abistavaid fotosid.<\/p>\n<p>Keel: eesti, inglise, hollandi, saksa, taani, hispaania<\/p>\n<p>\u00d5petuse raskusaste: keskmine<\/p>\n<p>Vajaminevad v\u00f5tted: kinnissilmust, poolsammas, \u00fchekordne sammas<\/p>\n<hr \/>\n<p><span data-text-color=\"primary\">SUURUS JA MATERJAL<\/span><\/p>\n<p>Suurus: karu 25 cm, tort 12 cm<\/p>\n<p>Valmistamiseks on kasutatud puuvillast l\u00f5nga ning heegeln\u00f5ela j\u00e4medusega 2,5 mm.<\/p>\n<hr \/>\n<p><span data-text-color=\"primary\">ABI JA COPYRIGHT<\/span><\/p>\n<p>K\u00fcsimuste korral saab abi\u00a0<a href=\"mailto:%20lilleliis@gmail.com\">e-posti teel<\/a>.<\/p>\n<p>\u00d5petuse j\u00e4rgi valmistatud esemeid v\u00f5ib m\u00fc\u00fca. \u00d5petust on keelatud jagada. Autori\u00f5igustega tutvu\u00a0<a href=\"https:\/\/www.lilleliis.com\/et\/autorioigused\/\" target=\"_blank\" rel=\"noopener\">siin<\/a>.<\/p>\n","protected":false},"featured_media":56466,"comment_status":"open","ping_status":"closed","template":"","meta":[],"product_brand":[],"product_cat":[95,149],"product_tag":[123],"class_list":{"0":"post-56575","1":"product","2":"type-product","3":"status-publish","4":"has-post-thumbnail","6":"product_cat-amigurumi-opetused","7":"product_cat-kaisukaru-mustrid","8":"product_tag-beebidele","9":"pa_pattern-language-eesti","10":"pa_pattern-language-hispaania","11":"pa_pattern-language-hollandi","12":"pa_pattern-language-inglise","13":"pa_pattern-language-saksa","14":"pa_pattern-language-taani","15":"pa_pattern-skill-level-keskmine","17":"first","18":"instock","19":"sold-individually","20":"taxable","21":"shipping-taxable","22":"purchasable","23":"product-type-variable"},"yoast_head":"<!-- This site is optimized with the Yoast SEO plugin v27.3 - https:\/\/yoast.com\/product\/yoast-seo-wordpress\/ -->\n<title>Amigurumi \u00f5petus - S\u00fcnnip\u00e4evakaru ja kreemitort | lilleliis<\/title>\n<meta name=\"description\" content=\"Samm-sammuline ja rohkete piltidega amigurumi \u00f5petus, mille j\u00e4rgi saad ise heegeldada s\u00fcnnip\u00e4evakaru ja tema juurde kuuluva kreemitordi.\" \/>\n<meta name=\"robots\" content=\"index, follow, max-snippet:-1, max-image-preview:large, max-video-preview:-1\" \/>\n<link rel=\"canonical\" href=\"https:\/\/www.lilleliis.com\/et\/toode\/sunnipaevakaru-ja-kreemitort-amigurumi-opetus\/\" \/>\n<meta property=\"og:locale\" content=\"et_EE\" \/>\n<meta property=\"og:type\" content=\"article\" \/>\n<meta property=\"og:title\" content=\"Amigurumi \u00f5petus - S\u00fcnnip\u00e4evakaru ja kreemitort | lilleliis\" \/>\n<meta property=\"og:description\" content=\"Samm-sammuline ja rohkete piltidega amigurumi \u00f5petus, mille j\u00e4rgi saad ise heegeldada s\u00fcnnip\u00e4evakaru ja tema juurde kuuluva kreemitordi.\" \/>\n<meta property=\"og:url\" content=\"https:\/\/www.lilleliis.com\/et\/toode\/sunnipaevakaru-ja-kreemitort-amigurumi-opetus\/\" \/>\n<meta property=\"og:site_name\" content=\"lilleliis\" \/>\n<meta property=\"article:publisher\" content=\"https:\/\/www.facebook.com\/lilleliis-283266335035799\/\" \/>\n<meta property=\"og:image\" content=\"https:\/\/www.lilleliis.com\/wp-content\/uploads\/2019\/10\/DSC_4799.jpg\" \/>\n\t<meta property=\"og:image:width\" content=\"1000\" \/>\n\t<meta property=\"og:image:height\" content=\"1500\" \/>\n\t<meta property=\"og:image:type\" content=\"image\/jpeg\" \/>\n<meta name=\"twitter:card\" content=\"summary_large_image\" \/>\n<script type=\"application\/ld+json\" class=\"yoast-schema-graph\">{\"@context\":\"https:\\\/\\\/schema.org\",\"@graph\":[{\"@type\":\"WebPage\",\"@id\":\"https:\\\/\\\/www.lilleliis.com\\\/et\\\/toode\\\/sunnipaevakaru-ja-kreemitort-amigurumi-opetus\\\/\",\"url\":\"https:\\\/\\\/www.lilleliis.com\\\/et\\\/toode\\\/sunnipaevakaru-ja-kreemitort-amigurumi-opetus\\\/\",\"name\":\"Amigurumi \u00f5petus - S\u00fcnnip\u00e4evakaru ja kreemitort | lilleliis\",\"isPartOf\":{\"@id\":\"https:\\\/\\\/www.lilleliis.com\\\/et\\\/#website\"},\"primaryImageOfPage\":{\"@id\":\"https:\\\/\\\/www.lilleliis.com\\\/et\\\/toode\\\/sunnipaevakaru-ja-kreemitort-amigurumi-opetus\\\/#primaryimage\"},\"image\":{\"@id\":\"https:\\\/\\\/www.lilleliis.com\\\/et\\\/toode\\\/sunnipaevakaru-ja-kreemitort-amigurumi-opetus\\\/#primaryimage\"},\"thumbnailUrl\":\"https:\\\/\\\/www.lilleliis.com\\\/wp-content\\\/uploads\\\/2019\\\/10\\\/DSC_4799.jpg\",\"datePublished\":\"2025-08-12T10:54:56+00:00\",\"description\":\"Samm-sammuline ja rohkete piltidega amigurumi \u00f5petus, mille j\u00e4rgi saad ise heegeldada s\u00fcnnip\u00e4evakaru ja tema juurde kuuluva kreemitordi.\",\"breadcrumb\":{\"@id\":\"https:\\\/\\\/www.lilleliis.com\\\/et\\\/toode\\\/sunnipaevakaru-ja-kreemitort-amigurumi-opetus\\\/#breadcrumb\"},\"inLanguage\":\"et\",\"potentialAction\":[{\"@type\":\"ReadAction\",\"target\":[\"https:\\\/\\\/www.lilleliis.com\\\/et\\\/toode\\\/sunnipaevakaru-ja-kreemitort-amigurumi-opetus\\\/\"]}]},{\"@type\":\"ImageObject\",\"inLanguage\":\"et\",\"@id\":\"https:\\\/\\\/www.lilleliis.com\\\/et\\\/toode\\\/sunnipaevakaru-ja-kreemitort-amigurumi-opetus\\\/#primaryimage\",\"url\":\"https:\\\/\\\/www.lilleliis.com\\\/wp-content\\\/uploads\\\/2019\\\/10\\\/DSC_4799.jpg\",\"contentUrl\":\"https:\\\/\\\/www.lilleliis.com\\\/wp-content\\\/uploads\\\/2019\\\/10\\\/DSC_4799.jpg\",\"width\":1000,\"height\":1500,\"caption\":\"heegeldatud m\u00e4nguasjad beebile\"},{\"@type\":\"BreadcrumbList\",\"@id\":\"https:\\\/\\\/www.lilleliis.com\\\/et\\\/toode\\\/sunnipaevakaru-ja-kreemitort-amigurumi-opetus\\\/#breadcrumb\",\"itemListElement\":[{\"@type\":\"ListItem\",\"position\":1,\"name\":\"Home\",\"item\":\"https:\\\/\\\/www.lilleliis.com\\\/et\\\/\"},{\"@type\":\"ListItem\",\"position\":2,\"name\":\"Pood\",\"item\":\"https:\\\/\\\/www.lilleliis.com\\\/et\\\/shop\\\/\"},{\"@type\":\"ListItem\",\"position\":3,\"name\":\"S\u00fcnnip\u00e4evakaru ja kreemitort &#8211; amigurumi \u00f5petus\"}]},{\"@type\":\"WebSite\",\"@id\":\"https:\\\/\\\/www.lilleliis.com\\\/et\\\/#website\",\"url\":\"https:\\\/\\\/www.lilleliis.com\\\/et\\\/\",\"name\":\"lilleliis\",\"description\":\"Amigurumi m\u00e4nguasjad ja mustrid\",\"potentialAction\":[{\"@type\":\"SearchAction\",\"target\":{\"@type\":\"EntryPoint\",\"urlTemplate\":\"https:\\\/\\\/www.lilleliis.com\\\/et\\\/?s={search_term_string}\"},\"query-input\":{\"@type\":\"PropertyValueSpecification\",\"valueRequired\":true,\"valueName\":\"search_term_string\"}}],\"inLanguage\":\"et\"}]}<\/script>\n<!-- \/ Yoast SEO plugin. -->","yoast_head_json":{"title":"Amigurumi \u00f5petus - S\u00fcnnip\u00e4evakaru ja kreemitort | lilleliis","description":"Samm-sammuline ja rohkete piltidega amigurumi \u00f5petus, mille j\u00e4rgi saad ise heegeldada s\u00fcnnip\u00e4evakaru ja tema juurde kuuluva kreemitordi.","robots":{"index":"index","follow":"follow","max-snippet":"max-snippet:-1","max-image-preview":"max-image-preview:large","max-video-preview":"max-video-preview:-1"},"canonical":"https:\/\/www.lilleliis.com\/et\/toode\/sunnipaevakaru-ja-kreemitort-amigurumi-opetus\/","og_locale":"et_EE","og_type":"article","og_title":"Amigurumi \u00f5petus - S\u00fcnnip\u00e4evakaru ja kreemitort | lilleliis","og_description":"Samm-sammuline ja rohkete piltidega amigurumi \u00f5petus, mille j\u00e4rgi saad ise heegeldada s\u00fcnnip\u00e4evakaru ja tema juurde kuuluva kreemitordi.","og_url":"https:\/\/www.lilleliis.com\/et\/toode\/sunnipaevakaru-ja-kreemitort-amigurumi-opetus\/","og_site_name":"lilleliis","article_publisher":"https:\/\/www.facebook.com\/lilleliis-283266335035799\/","og_image":[{"width":1000,"height":1500,"url":"https:\/\/www.lilleliis.com\/wp-content\/uploads\/2019\/10\/DSC_4799.jpg","type":"image\/jpeg"}],"twitter_card":"summary_large_image","schema":{"@context":"https:\/\/schema.org","@graph":[{"@type":"WebPage","@id":"https:\/\/www.lilleliis.com\/et\/toode\/sunnipaevakaru-ja-kreemitort-amigurumi-opetus\/","url":"https:\/\/www.lilleliis.com\/et\/toode\/sunnipaevakaru-ja-kreemitort-amigurumi-opetus\/","name":"Amigurumi \u00f5petus - S\u00fcnnip\u00e4evakaru ja kreemitort | lilleliis","isPartOf":{"@id":"https:\/\/www.lilleliis.com\/et\/#website"},"primaryImageOfPage":{"@id":"https:\/\/www.lilleliis.com\/et\/toode\/sunnipaevakaru-ja-kreemitort-amigurumi-opetus\/#primaryimage"},"image":{"@id":"https:\/\/www.lilleliis.com\/et\/toode\/sunnipaevakaru-ja-kreemitort-amigurumi-opetus\/#primaryimage"},"thumbnailUrl":"https:\/\/www.lilleliis.com\/wp-content\/uploads\/2019\/10\/DSC_4799.jpg","datePublished":"2025-08-12T10:54:56+00:00","description":"Samm-sammuline ja rohkete piltidega amigurumi \u00f5petus, mille j\u00e4rgi saad ise heegeldada s\u00fcnnip\u00e4evakaru ja tema juurde kuuluva kreemitordi.","breadcrumb":{"@id":"https:\/\/www.lilleliis.com\/et\/toode\/sunnipaevakaru-ja-kreemitort-amigurumi-opetus\/#breadcrumb"},"inLanguage":"et","potentialAction":[{"@type":"ReadAction","target":["https:\/\/www.lilleliis.com\/et\/toode\/sunnipaevakaru-ja-kreemitort-amigurumi-opetus\/"]}]},{"@type":"ImageObject","inLanguage":"et","@id":"https:\/\/www.lilleliis.com\/et\/toode\/sunnipaevakaru-ja-kreemitort-amigurumi-opetus\/#primaryimage","url":"https:\/\/www.lilleliis.com\/wp-content\/uploads\/2019\/10\/DSC_4799.jpg","contentUrl":"https:\/\/www.lilleliis.com\/wp-content\/uploads\/2019\/10\/DSC_4799.jpg","width":1000,"height":1500,"caption":"heegeldatud m\u00e4nguasjad beebile"},{"@type":"BreadcrumbList","@id":"https:\/\/www.lilleliis.com\/et\/toode\/sunnipaevakaru-ja-kreemitort-amigurumi-opetus\/#breadcrumb","itemListElement":[{"@type":"ListItem","position":1,"name":"Home","item":"https:\/\/www.lilleliis.com\/et\/"},{"@type":"ListItem","position":2,"name":"Pood","item":"https:\/\/www.lilleliis.com\/et\/shop\/"},{"@type":"ListItem","position":3,"name":"S\u00fcnnip\u00e4evakaru ja kreemitort &#8211; amigurumi \u00f5petus"}]},{"@type":"WebSite","@id":"https:\/\/www.lilleliis.com\/et\/#website","url":"https:\/\/www.lilleliis.com\/et\/","name":"lilleliis","description":"Amigurumi m\u00e4nguasjad ja mustrid","potentialAction":[{"@type":"SearchAction","target":{"@type":"EntryPoint","urlTemplate":"https:\/\/www.lilleliis.com\/et\/?s={search_term_string}"},"query-input":{"@type":"PropertyValueSpecification","valueRequired":true,"valueName":"search_term_string"}}],"inLanguage":"et"}]}},"_links":{"self":[{"href":"https:\/\/www.lilleliis.com\/et\/wp-json\/wp\/v2\/product\/56575","targetHints":{"allow":["GET"]}}],"collection":[{"href":"https:\/\/www.lilleliis.com\/et\/wp-json\/wp\/v2\/product"}],"about":[{"href":"https:\/\/www.lilleliis.com\/et\/wp-json\/wp\/v2\/types\/product"}],"replies":[{"embeddable":true,"href":"https:\/\/www.lilleliis.com\/et\/wp-json\/wp\/v2\/comments?post=56575"}],"wp:featuredmedia":[{"embeddable":true,"href":"https:\/\/www.lilleliis.com\/et\/wp-json\/wp\/v2\/media\/56466"}],"wp:attachment":[{"href":"https:\/\/www.lilleliis.com\/et\/wp-json\/wp\/v2\/media?parent=56575"}],"wp:term":[{"taxonomy":"product_brand","embeddable":true,"href":"https:\/\/www.lilleliis.com\/et\/wp-json\/wp\/v2\/product_brand?post=56575"},{"taxonomy":"product_cat","embeddable":true,"href":"https:\/\/www.lilleliis.com\/et\/wp-json\/wp\/v2\/product_cat?post=56575"},{"taxonomy":"product_tag","embeddable":true,"href":"https:\/\/www.lilleliis.com\/et\/wp-json\/wp\/v2\/product_tag?post=56575"}],"curies":[{"name":"wp","href":"https:\/\/api.w.org\/{rel}","templated":true}]}}