{"id":57006,"date":"2023-04-12T16:13:49","date_gmt":"2023-04-12T13:13:49","guid":{"rendered":"https:\/\/www.lilleliis.com\/?post_type=product&#038;p=57006"},"modified":"2024-01-19T17:39:02","modified_gmt":"2024-01-19T15:39:02","slug":"kasitoopaevik-30-amigurumi-projekti","status":"publish","type":"product","link":"https:\/\/www.lilleliis.com\/et\/toode\/kasitoopaevik-30-amigurumi-projekti\/","title":{"rendered":"K\u00e4sit\u00f6\u00f6p\u00e4evik &#8211; 30 amigurumi projekti"},"content":{"rendered":null,"protected":false},"excerpt":{"rendered":"<p>See on lilleliisi ainulaadne k\u00e4sit\u00f6\u00f6p\u00e4evik amigurumi projektide talletamiseks.<\/p>\n<p>Fotode jagamine sotsiaalmeedias on hiiglama tore, aga \u00fcks &#8220;vanakooli&#8221; p\u00e4evik, kuhu saad koguda oma tegemised, muljed ja informatsiooni erinevate k\u00e4sit\u00f6\u00f6projektide kohta on hoopis teistsuguse v\u00e4\u00e4rtusega.<\/p>\n<p>P\u00e4evik on kujundatud spetsiaalselt heegeldajatele, mahutades 30 erinevat projekti. Lisaks sisaldab see meeleolukaid pilte ja m\u00f5tteteri.<\/p>\n<p>P\u00e4evik on inglise keeles, kuid t\u00e4ita saad seda loomulikult oma emakeeles.<\/p>\n<p>Suurus: 12,5 x 20,5 cm<\/p>\n<p>Lehek\u00fclgede arv: 74<\/p>\n<p>Keel: inglise<\/p>\n","protected":false},"featured_media":56999,"comment_status":"open","ping_status":"closed","template":"","meta":[],"product_brand":[],"product_cat":[429,568],"product_tag":[],"class_list":{"0":"post-57006","1":"product","2":"type-product","3":"status-publish","4":"has-post-thumbnail","6":"product_cat-kasitoo-tarvikud","7":"product_cat-muud-tarvikud","9":"first","10":"outofstock","11":"taxable","12":"shipping-taxable","13":"purchasable","14":"product-type-simple"},"yoast_head":"<!-- This site is optimized with the Yoast SEO plugin v27.3 - https:\/\/yoast.com\/product\/yoast-seo-wordpress\/ -->\n<title>K\u00e4sit\u00f6\u00f6p\u00e4evik heegeldajale - mahutab 30 projekti | lilleliis<\/title>\n<meta name=\"description\" content=\"Ainulaadne k\u00e4sit\u00f6\u00f6p\u00e4evik amigurumi projektide talletamiseks. Kogu siia oma tegemised, muljed ja informatsioon erinevate k\u00e4sit\u00f6\u00f6projektide kohta.\" \/>\n<meta name=\"robots\" content=\"index, follow, max-snippet:-1, max-image-preview:large, max-video-preview:-1\" \/>\n<link rel=\"canonical\" href=\"https:\/\/www.lilleliis.com\/et\/toode\/kasitoopaevik-30-amigurumi-projekti\/\" \/>\n<meta property=\"og:locale\" content=\"et_EE\" \/>\n<meta property=\"og:type\" content=\"article\" \/>\n<meta property=\"og:title\" content=\"K\u00e4sit\u00f6\u00f6p\u00e4evik heegeldajale - mahutab 30 projekti | lilleliis\" \/>\n<meta property=\"og:description\" content=\"Ainulaadne k\u00e4sit\u00f6\u00f6p\u00e4evik amigurumi projektide talletamiseks. Kogu siia oma tegemised, muljed ja informatsioon erinevate k\u00e4sit\u00f6\u00f6projektide kohta.\" \/>\n<meta property=\"og:url\" content=\"https:\/\/www.lilleliis.com\/et\/toode\/kasitoopaevik-30-amigurumi-projekti\/\" \/>\n<meta property=\"og:site_name\" content=\"lilleliis\" \/>\n<meta property=\"article:publisher\" content=\"https:\/\/www.facebook.com\/lilleliis-283266335035799\/\" \/>\n<meta property=\"article:modified_time\" content=\"2024-01-19T15:39:02+00:00\" \/>\n<meta property=\"og:image\" content=\"https:\/\/www.lilleliis.com\/wp-content\/uploads\/2019\/10\/amigurumi-diary-30-crochet-projects-1.jpg\" \/>\n\t<meta property=\"og:image:width\" content=\"1000\" \/>\n\t<meta property=\"og:image:height\" content=\"1500\" \/>\n\t<meta property=\"og:image:type\" content=\"image\/jpeg\" \/>\n<meta name=\"twitter:card\" content=\"summary_large_image\" \/>\n<script type=\"application\/ld+json\" class=\"yoast-schema-graph\">{\"@context\":\"https:\\\/\\\/schema.org\",\"@graph\":[{\"@type\":\"WebPage\",\"@id\":\"https:\\\/\\\/www.lilleliis.com\\\/et\\\/toode\\\/kasitoopaevik-30-amigurumi-projekti\\\/\",\"url\":\"https:\\\/\\\/www.lilleliis.com\\\/et\\\/toode\\\/kasitoopaevik-30-amigurumi-projekti\\\/\",\"name\":\"K\u00e4sit\u00f6\u00f6p\u00e4evik heegeldajale - mahutab 30 projekti | lilleliis\",\"isPartOf\":{\"@id\":\"https:\\\/\\\/www.lilleliis.com\\\/et\\\/#website\"},\"primaryImageOfPage\":{\"@id\":\"https:\\\/\\\/www.lilleliis.com\\\/et\\\/toode\\\/kasitoopaevik-30-amigurumi-projekti\\\/#primaryimage\"},\"image\":{\"@id\":\"https:\\\/\\\/www.lilleliis.com\\\/et\\\/toode\\\/kasitoopaevik-30-amigurumi-projekti\\\/#primaryimage\"},\"thumbnailUrl\":\"https:\\\/\\\/www.lilleliis.com\\\/wp-content\\\/uploads\\\/2019\\\/10\\\/amigurumi-diary-30-crochet-projects-1.jpg\",\"datePublished\":\"2023-04-12T13:13:49+00:00\",\"dateModified\":\"2024-01-19T15:39:02+00:00\",\"description\":\"Ainulaadne k\u00e4sit\u00f6\u00f6p\u00e4evik amigurumi projektide talletamiseks. Kogu siia oma tegemised, muljed ja informatsioon erinevate k\u00e4sit\u00f6\u00f6projektide kohta.\",\"breadcrumb\":{\"@id\":\"https:\\\/\\\/www.lilleliis.com\\\/et\\\/toode\\\/kasitoopaevik-30-amigurumi-projekti\\\/#breadcrumb\"},\"inLanguage\":\"et\",\"potentialAction\":[{\"@type\":\"ReadAction\",\"target\":[\"https:\\\/\\\/www.lilleliis.com\\\/et\\\/toode\\\/kasitoopaevik-30-amigurumi-projekti\\\/\"]}]},{\"@type\":\"ImageObject\",\"inLanguage\":\"et\",\"@id\":\"https:\\\/\\\/www.lilleliis.com\\\/et\\\/toode\\\/kasitoopaevik-30-amigurumi-projekti\\\/#primaryimage\",\"url\":\"https:\\\/\\\/www.lilleliis.com\\\/wp-content\\\/uploads\\\/2019\\\/10\\\/amigurumi-diary-30-crochet-projects-1.jpg\",\"contentUrl\":\"https:\\\/\\\/www.lilleliis.com\\\/wp-content\\\/uploads\\\/2019\\\/10\\\/amigurumi-diary-30-crochet-projects-1.jpg\",\"width\":1000,\"height\":1500,\"caption\":\"k\u00e4sit\u00f6\u00f6p\u00e4evik 30 amigurumi projekti\"},{\"@type\":\"BreadcrumbList\",\"@id\":\"https:\\\/\\\/www.lilleliis.com\\\/et\\\/toode\\\/kasitoopaevik-30-amigurumi-projekti\\\/#breadcrumb\",\"itemListElement\":[{\"@type\":\"ListItem\",\"position\":1,\"name\":\"Home\",\"item\":\"https:\\\/\\\/www.lilleliis.com\\\/et\\\/\"},{\"@type\":\"ListItem\",\"position\":2,\"name\":\"Pood\",\"item\":\"https:\\\/\\\/www.lilleliis.com\\\/et\\\/shop\\\/\"},{\"@type\":\"ListItem\",\"position\":3,\"name\":\"K\u00e4sit\u00f6\u00f6p\u00e4evik &#8211; 30 amigurumi projekti\"}]},{\"@type\":\"WebSite\",\"@id\":\"https:\\\/\\\/www.lilleliis.com\\\/et\\\/#website\",\"url\":\"https:\\\/\\\/www.lilleliis.com\\\/et\\\/\",\"name\":\"lilleliis\",\"description\":\"Amigurumi m\u00e4nguasjad ja mustrid\",\"potentialAction\":[{\"@type\":\"SearchAction\",\"target\":{\"@type\":\"EntryPoint\",\"urlTemplate\":\"https:\\\/\\\/www.lilleliis.com\\\/et\\\/?s={search_term_string}\"},\"query-input\":{\"@type\":\"PropertyValueSpecification\",\"valueRequired\":true,\"valueName\":\"search_term_string\"}}],\"inLanguage\":\"et\"}]}<\/script>\n<!-- \/ Yoast SEO plugin. -->","yoast_head_json":{"title":"K\u00e4sit\u00f6\u00f6p\u00e4evik heegeldajale - mahutab 30 projekti | lilleliis","description":"Ainulaadne k\u00e4sit\u00f6\u00f6p\u00e4evik amigurumi projektide talletamiseks. Kogu siia oma tegemised, muljed ja informatsioon erinevate k\u00e4sit\u00f6\u00f6projektide kohta.","robots":{"index":"index","follow":"follow","max-snippet":"max-snippet:-1","max-image-preview":"max-image-preview:large","max-video-preview":"max-video-preview:-1"},"canonical":"https:\/\/www.lilleliis.com\/et\/toode\/kasitoopaevik-30-amigurumi-projekti\/","og_locale":"et_EE","og_type":"article","og_title":"K\u00e4sit\u00f6\u00f6p\u00e4evik heegeldajale - mahutab 30 projekti | lilleliis","og_description":"Ainulaadne k\u00e4sit\u00f6\u00f6p\u00e4evik amigurumi projektide talletamiseks. Kogu siia oma tegemised, muljed ja informatsioon erinevate k\u00e4sit\u00f6\u00f6projektide kohta.","og_url":"https:\/\/www.lilleliis.com\/et\/toode\/kasitoopaevik-30-amigurumi-projekti\/","og_site_name":"lilleliis","article_publisher":"https:\/\/www.facebook.com\/lilleliis-283266335035799\/","article_modified_time":"2024-01-19T15:39:02+00:00","og_image":[{"width":1000,"height":1500,"url":"https:\/\/www.lilleliis.com\/wp-content\/uploads\/2019\/10\/amigurumi-diary-30-crochet-projects-1.jpg","type":"image\/jpeg"}],"twitter_card":"summary_large_image","schema":{"@context":"https:\/\/schema.org","@graph":[{"@type":"WebPage","@id":"https:\/\/www.lilleliis.com\/et\/toode\/kasitoopaevik-30-amigurumi-projekti\/","url":"https:\/\/www.lilleliis.com\/et\/toode\/kasitoopaevik-30-amigurumi-projekti\/","name":"K\u00e4sit\u00f6\u00f6p\u00e4evik heegeldajale - mahutab 30 projekti | lilleliis","isPartOf":{"@id":"https:\/\/www.lilleliis.com\/et\/#website"},"primaryImageOfPage":{"@id":"https:\/\/www.lilleliis.com\/et\/toode\/kasitoopaevik-30-amigurumi-projekti\/#primaryimage"},"image":{"@id":"https:\/\/www.lilleliis.com\/et\/toode\/kasitoopaevik-30-amigurumi-projekti\/#primaryimage"},"thumbnailUrl":"https:\/\/www.lilleliis.com\/wp-content\/uploads\/2019\/10\/amigurumi-diary-30-crochet-projects-1.jpg","datePublished":"2023-04-12T13:13:49+00:00","dateModified":"2024-01-19T15:39:02+00:00","description":"Ainulaadne k\u00e4sit\u00f6\u00f6p\u00e4evik amigurumi projektide talletamiseks. Kogu siia oma tegemised, muljed ja informatsioon erinevate k\u00e4sit\u00f6\u00f6projektide kohta.","breadcrumb":{"@id":"https:\/\/www.lilleliis.com\/et\/toode\/kasitoopaevik-30-amigurumi-projekti\/#breadcrumb"},"inLanguage":"et","potentialAction":[{"@type":"ReadAction","target":["https:\/\/www.lilleliis.com\/et\/toode\/kasitoopaevik-30-amigurumi-projekti\/"]}]},{"@type":"ImageObject","inLanguage":"et","@id":"https:\/\/www.lilleliis.com\/et\/toode\/kasitoopaevik-30-amigurumi-projekti\/#primaryimage","url":"https:\/\/www.lilleliis.com\/wp-content\/uploads\/2019\/10\/amigurumi-diary-30-crochet-projects-1.jpg","contentUrl":"https:\/\/www.lilleliis.com\/wp-content\/uploads\/2019\/10\/amigurumi-diary-30-crochet-projects-1.jpg","width":1000,"height":1500,"caption":"k\u00e4sit\u00f6\u00f6p\u00e4evik 30 amigurumi projekti"},{"@type":"BreadcrumbList","@id":"https:\/\/www.lilleliis.com\/et\/toode\/kasitoopaevik-30-amigurumi-projekti\/#breadcrumb","itemListElement":[{"@type":"ListItem","position":1,"name":"Home","item":"https:\/\/www.lilleliis.com\/et\/"},{"@type":"ListItem","position":2,"name":"Pood","item":"https:\/\/www.lilleliis.com\/et\/shop\/"},{"@type":"ListItem","position":3,"name":"K\u00e4sit\u00f6\u00f6p\u00e4evik &#8211; 30 amigurumi projekti"}]},{"@type":"WebSite","@id":"https:\/\/www.lilleliis.com\/et\/#website","url":"https:\/\/www.lilleliis.com\/et\/","name":"lilleliis","description":"Amigurumi m\u00e4nguasjad ja mustrid","potentialAction":[{"@type":"SearchAction","target":{"@type":"EntryPoint","urlTemplate":"https:\/\/www.lilleliis.com\/et\/?s={search_term_string}"},"query-input":{"@type":"PropertyValueSpecification","valueRequired":true,"valueName":"search_term_string"}}],"inLanguage":"et"}]}},"_links":{"self":[{"href":"https:\/\/www.lilleliis.com\/et\/wp-json\/wp\/v2\/product\/57006","targetHints":{"allow":["GET"]}}],"collection":[{"href":"https:\/\/www.lilleliis.com\/et\/wp-json\/wp\/v2\/product"}],"about":[{"href":"https:\/\/www.lilleliis.com\/et\/wp-json\/wp\/v2\/types\/product"}],"replies":[{"embeddable":true,"href":"https:\/\/www.lilleliis.com\/et\/wp-json\/wp\/v2\/comments?post=57006"}],"wp:featuredmedia":[{"embeddable":true,"href":"https:\/\/www.lilleliis.com\/et\/wp-json\/wp\/v2\/media\/56999"}],"wp:attachment":[{"href":"https:\/\/www.lilleliis.com\/et\/wp-json\/wp\/v2\/media?parent=57006"}],"wp:term":[{"taxonomy":"product_brand","embeddable":true,"href":"https:\/\/www.lilleliis.com\/et\/wp-json\/wp\/v2\/product_brand?post=57006"},{"taxonomy":"product_cat","embeddable":true,"href":"https:\/\/www.lilleliis.com\/et\/wp-json\/wp\/v2\/product_cat?post=57006"},{"taxonomy":"product_tag","embeddable":true,"href":"https:\/\/www.lilleliis.com\/et\/wp-json\/wp\/v2\/product_tag?post=57006"}],"curies":[{"name":"wp","href":"https:\/\/api.w.org\/{rel}","templated":true}]}}