{"id":574,"date":"2024-07-22T10:02:14","date_gmt":"2024-07-22T07:02:14","guid":{"rendered":"http:\/\/lilleliis.com\/?post_type=product&#038;p=574"},"modified":"2024-07-22T10:07:56","modified_gmt":"2024-07-22T07:07:56","slug":"heegeldatud-nokamuts","status":"publish","type":"product","link":"https:\/\/www.lilleliis.com\/et\/toode\/heegeldatud-nokamuts\/","title":{"rendered":"Heegeldatud nokam\u00fcts &#8211; \u00f5petus"},"content":{"rendered":null,"protected":false},"excerpt":{"rendered":"<p>Heegeldatud nokam\u00fcts on t\u00f5eline laste lemmik! See ei k\u00fcsi vanust ega sugu. Mugav ning \u00f5hku h\u00e4sti l\u00e4bilaskev m\u00fcts sobib kandmiseks suve algusest kuni s\u00fcgise tulekuni.<\/p>\n<hr \/>\n<p><span data-text-color=\"primary\">MUSTRIST<\/span><\/p>\n<p>Allalaetav ja lihtsasti j\u00e4lgitav k\u00e4sit\u00f6\u00f6 \u00f5petus (PDF fail). Juhend sisaldab samm-sammulist \u00f5petust eseme valmistamiseks ning hulgaliselt abistavaid fotosid.<\/p>\n<p>Keel: eesti<\/p>\n<p>\u00d5petuse raskusaste: keskmine<\/p>\n<p>Vajaminevad v\u00f5tted: kinnissilmus, \u00fchekordne sammas<\/p>\n<hr \/>\n<p><span data-text-color=\"primary\">SUURUS JA MATERJAL<\/span><\/p>\n<p>Suurus: pea\u00fcmberm\u00f5\u00f5dule 47-50 v\u00f5i 51-54 cm<\/p>\n<p>Valmistamiseks on kasutatud puuvillast l\u00f5nga ning heegeln\u00f5ela j\u00e4medusega 3,5 mm.<\/p>\n<hr \/>\n<p><span data-text-color=\"primary\">ABI JA COPYRIGHT<\/span><\/p>\n<p>K\u00fcsimuste korral saab abi\u00a0<a href=\"mailto:%20lilleliis@gmail.com\">e-posti teel<\/a>.<\/p>\n<p>\u00d5petuse j\u00e4rgi valmistatud esemeid v\u00f5ib m\u00fc\u00fca. \u00d5petust on keelatud jagada. Autori\u00f5igustega tutvu\u00a0<a href=\"https:\/\/www.lilleliis.com\/et\/autorioigused\/\" target=\"_blank\" rel=\"noopener\">siin<\/a>.<\/p>\n","protected":false},"featured_media":44391,"comment_status":"open","ping_status":"closed","template":"","meta":[],"product_brand":[],"product_cat":[96],"product_tag":[421,172],"class_list":{"0":"post-574","1":"product","2":"type-product","3":"status-publish","4":"has-post-thumbnail","6":"product_cat-heegeldamise-opetused","7":"product_tag-muts","8":"product_tag-poistele","9":"pa_pattern-language-eesti","10":"pa_pattern-skill-level-keskmine","12":"first","13":"instock","14":"downloadable","15":"virtual","16":"sold-individually","17":"taxable","18":"purchasable","19":"product-type-simple"},"yoast_head":"<!-- This site is optimized with the Yoast SEO plugin v27.3 - https:\/\/yoast.com\/product\/yoast-seo-wordpress\/ -->\n<title>Heegeldatud nokam\u00fcts lastele | Eestikeelne \u00f5petus | lilleliis<\/title>\n<meta name=\"description\" content=\"Heegeldatud nokam\u00fcts on t\u00f5eline laste lemmik. Mugav ning \u00f5hku h\u00e4sti l\u00e4bilaskev m\u00fcts sobib kandmiseks suve algusest kuni s\u00fcgise tulekuni.\" \/>\n<meta name=\"robots\" content=\"index, follow, max-snippet:-1, max-image-preview:large, max-video-preview:-1\" \/>\n<link rel=\"canonical\" href=\"https:\/\/www.lilleliis.com\/et\/toode\/heegeldatud-nokamuts\/\" \/>\n<meta property=\"og:locale\" content=\"et_EE\" \/>\n<meta property=\"og:type\" content=\"article\" \/>\n<meta property=\"og:title\" content=\"Heegeldatud nokam\u00fcts lastele | Eestikeelne \u00f5petus | lilleliis\" \/>\n<meta property=\"og:description\" content=\"Heegeldatud nokam\u00fcts on t\u00f5eline laste lemmik. Mugav ning \u00f5hku h\u00e4sti l\u00e4bilaskev m\u00fcts sobib kandmiseks suve algusest kuni s\u00fcgise tulekuni.\" \/>\n<meta property=\"og:url\" content=\"https:\/\/www.lilleliis.com\/et\/toode\/heegeldatud-nokamuts\/\" \/>\n<meta property=\"og:site_name\" content=\"lilleliis\" \/>\n<meta property=\"article:publisher\" content=\"https:\/\/www.facebook.com\/lilleliis-283266335035799\/\" \/>\n<meta property=\"article:modified_time\" content=\"2024-07-22T07:07:56+00:00\" \/>\n<meta property=\"og:image\" content=\"https:\/\/www.lilleliis.com\/wp-content\/uploads\/2013\/02\/heegeldatud-nokam\u00fcts-lilleliis-020.jpg\" \/>\n\t<meta property=\"og:image:width\" content=\"1001\" \/>\n\t<meta property=\"og:image:height\" content=\"1500\" \/>\n\t<meta property=\"og:image:type\" content=\"image\/jpeg\" \/>\n<meta name=\"twitter:card\" content=\"summary_large_image\" \/>\n<script type=\"application\/ld+json\" class=\"yoast-schema-graph\">{\"@context\":\"https:\\\/\\\/schema.org\",\"@graph\":[{\"@type\":\"WebPage\",\"@id\":\"https:\\\/\\\/www.lilleliis.com\\\/et\\\/toode\\\/heegeldatud-nokamuts\\\/\",\"url\":\"https:\\\/\\\/www.lilleliis.com\\\/et\\\/toode\\\/heegeldatud-nokamuts\\\/\",\"name\":\"Heegeldatud nokam\u00fcts lastele | Eestikeelne \u00f5petus | lilleliis\",\"isPartOf\":{\"@id\":\"https:\\\/\\\/www.lilleliis.com\\\/et\\\/#website\"},\"primaryImageOfPage\":{\"@id\":\"https:\\\/\\\/www.lilleliis.com\\\/et\\\/toode\\\/heegeldatud-nokamuts\\\/#primaryimage\"},\"image\":{\"@id\":\"https:\\\/\\\/www.lilleliis.com\\\/et\\\/toode\\\/heegeldatud-nokamuts\\\/#primaryimage\"},\"thumbnailUrl\":\"https:\\\/\\\/www.lilleliis.com\\\/wp-content\\\/uploads\\\/2013\\\/02\\\/heegeldatud-nokam\u00fcts-lilleliis-020.jpg\",\"datePublished\":\"2024-07-22T07:02:14+00:00\",\"dateModified\":\"2024-07-22T07:07:56+00:00\",\"description\":\"Heegeldatud nokam\u00fcts on t\u00f5eline laste lemmik. Mugav ning \u00f5hku h\u00e4sti l\u00e4bilaskev m\u00fcts sobib kandmiseks suve algusest kuni s\u00fcgise tulekuni.\",\"breadcrumb\":{\"@id\":\"https:\\\/\\\/www.lilleliis.com\\\/et\\\/toode\\\/heegeldatud-nokamuts\\\/#breadcrumb\"},\"inLanguage\":\"et\",\"potentialAction\":[{\"@type\":\"ReadAction\",\"target\":[\"https:\\\/\\\/www.lilleliis.com\\\/et\\\/toode\\\/heegeldatud-nokamuts\\\/\"]}]},{\"@type\":\"ImageObject\",\"inLanguage\":\"et\",\"@id\":\"https:\\\/\\\/www.lilleliis.com\\\/et\\\/toode\\\/heegeldatud-nokamuts\\\/#primaryimage\",\"url\":\"https:\\\/\\\/www.lilleliis.com\\\/wp-content\\\/uploads\\\/2013\\\/02\\\/heegeldatud-nokam\u00fcts-lilleliis-020.jpg\",\"contentUrl\":\"https:\\\/\\\/www.lilleliis.com\\\/wp-content\\\/uploads\\\/2013\\\/02\\\/heegeldatud-nokam\u00fcts-lilleliis-020.jpg\",\"width\":1001,\"height\":1500},{\"@type\":\"BreadcrumbList\",\"@id\":\"https:\\\/\\\/www.lilleliis.com\\\/et\\\/toode\\\/heegeldatud-nokamuts\\\/#breadcrumb\",\"itemListElement\":[{\"@type\":\"ListItem\",\"position\":1,\"name\":\"Home\",\"item\":\"https:\\\/\\\/www.lilleliis.com\\\/et\\\/\"},{\"@type\":\"ListItem\",\"position\":2,\"name\":\"Pood\",\"item\":\"https:\\\/\\\/www.lilleliis.com\\\/et\\\/shop\\\/\"},{\"@type\":\"ListItem\",\"position\":3,\"name\":\"Heegeldatud nokam\u00fcts &#8211; \u00f5petus\"}]},{\"@type\":\"WebSite\",\"@id\":\"https:\\\/\\\/www.lilleliis.com\\\/et\\\/#website\",\"url\":\"https:\\\/\\\/www.lilleliis.com\\\/et\\\/\",\"name\":\"lilleliis\",\"description\":\"Amigurumi m\u00e4nguasjad ja mustrid\",\"potentialAction\":[{\"@type\":\"SearchAction\",\"target\":{\"@type\":\"EntryPoint\",\"urlTemplate\":\"https:\\\/\\\/www.lilleliis.com\\\/et\\\/?s={search_term_string}\"},\"query-input\":{\"@type\":\"PropertyValueSpecification\",\"valueRequired\":true,\"valueName\":\"search_term_string\"}}],\"inLanguage\":\"et\"}]}<\/script>\n<!-- \/ Yoast SEO plugin. -->","yoast_head_json":{"title":"Heegeldatud nokam\u00fcts lastele | Eestikeelne \u00f5petus | lilleliis","description":"Heegeldatud nokam\u00fcts on t\u00f5eline laste lemmik. Mugav ning \u00f5hku h\u00e4sti l\u00e4bilaskev m\u00fcts sobib kandmiseks suve algusest kuni s\u00fcgise tulekuni.","robots":{"index":"index","follow":"follow","max-snippet":"max-snippet:-1","max-image-preview":"max-image-preview:large","max-video-preview":"max-video-preview:-1"},"canonical":"https:\/\/www.lilleliis.com\/et\/toode\/heegeldatud-nokamuts\/","og_locale":"et_EE","og_type":"article","og_title":"Heegeldatud nokam\u00fcts lastele | Eestikeelne \u00f5petus | lilleliis","og_description":"Heegeldatud nokam\u00fcts on t\u00f5eline laste lemmik. Mugav ning \u00f5hku h\u00e4sti l\u00e4bilaskev m\u00fcts sobib kandmiseks suve algusest kuni s\u00fcgise tulekuni.","og_url":"https:\/\/www.lilleliis.com\/et\/toode\/heegeldatud-nokamuts\/","og_site_name":"lilleliis","article_publisher":"https:\/\/www.facebook.com\/lilleliis-283266335035799\/","article_modified_time":"2024-07-22T07:07:56+00:00","og_image":[{"width":1001,"height":1500,"url":"https:\/\/www.lilleliis.com\/wp-content\/uploads\/2013\/02\/heegeldatud-nokam\u00fcts-lilleliis-020.jpg","type":"image\/jpeg"}],"twitter_card":"summary_large_image","schema":{"@context":"https:\/\/schema.org","@graph":[{"@type":"WebPage","@id":"https:\/\/www.lilleliis.com\/et\/toode\/heegeldatud-nokamuts\/","url":"https:\/\/www.lilleliis.com\/et\/toode\/heegeldatud-nokamuts\/","name":"Heegeldatud nokam\u00fcts lastele | Eestikeelne \u00f5petus | lilleliis","isPartOf":{"@id":"https:\/\/www.lilleliis.com\/et\/#website"},"primaryImageOfPage":{"@id":"https:\/\/www.lilleliis.com\/et\/toode\/heegeldatud-nokamuts\/#primaryimage"},"image":{"@id":"https:\/\/www.lilleliis.com\/et\/toode\/heegeldatud-nokamuts\/#primaryimage"},"thumbnailUrl":"https:\/\/www.lilleliis.com\/wp-content\/uploads\/2013\/02\/heegeldatud-nokam\u00fcts-lilleliis-020.jpg","datePublished":"2024-07-22T07:02:14+00:00","dateModified":"2024-07-22T07:07:56+00:00","description":"Heegeldatud nokam\u00fcts on t\u00f5eline laste lemmik. Mugav ning \u00f5hku h\u00e4sti l\u00e4bilaskev m\u00fcts sobib kandmiseks suve algusest kuni s\u00fcgise tulekuni.","breadcrumb":{"@id":"https:\/\/www.lilleliis.com\/et\/toode\/heegeldatud-nokamuts\/#breadcrumb"},"inLanguage":"et","potentialAction":[{"@type":"ReadAction","target":["https:\/\/www.lilleliis.com\/et\/toode\/heegeldatud-nokamuts\/"]}]},{"@type":"ImageObject","inLanguage":"et","@id":"https:\/\/www.lilleliis.com\/et\/toode\/heegeldatud-nokamuts\/#primaryimage","url":"https:\/\/www.lilleliis.com\/wp-content\/uploads\/2013\/02\/heegeldatud-nokam\u00fcts-lilleliis-020.jpg","contentUrl":"https:\/\/www.lilleliis.com\/wp-content\/uploads\/2013\/02\/heegeldatud-nokam\u00fcts-lilleliis-020.jpg","width":1001,"height":1500},{"@type":"BreadcrumbList","@id":"https:\/\/www.lilleliis.com\/et\/toode\/heegeldatud-nokamuts\/#breadcrumb","itemListElement":[{"@type":"ListItem","position":1,"name":"Home","item":"https:\/\/www.lilleliis.com\/et\/"},{"@type":"ListItem","position":2,"name":"Pood","item":"https:\/\/www.lilleliis.com\/et\/shop\/"},{"@type":"ListItem","position":3,"name":"Heegeldatud nokam\u00fcts &#8211; \u00f5petus"}]},{"@type":"WebSite","@id":"https:\/\/www.lilleliis.com\/et\/#website","url":"https:\/\/www.lilleliis.com\/et\/","name":"lilleliis","description":"Amigurumi m\u00e4nguasjad ja mustrid","potentialAction":[{"@type":"SearchAction","target":{"@type":"EntryPoint","urlTemplate":"https:\/\/www.lilleliis.com\/et\/?s={search_term_string}"},"query-input":{"@type":"PropertyValueSpecification","valueRequired":true,"valueName":"search_term_string"}}],"inLanguage":"et"}]}},"_links":{"self":[{"href":"https:\/\/www.lilleliis.com\/et\/wp-json\/wp\/v2\/product\/574","targetHints":{"allow":["GET"]}}],"collection":[{"href":"https:\/\/www.lilleliis.com\/et\/wp-json\/wp\/v2\/product"}],"about":[{"href":"https:\/\/www.lilleliis.com\/et\/wp-json\/wp\/v2\/types\/product"}],"replies":[{"embeddable":true,"href":"https:\/\/www.lilleliis.com\/et\/wp-json\/wp\/v2\/comments?post=574"}],"wp:featuredmedia":[{"embeddable":true,"href":"https:\/\/www.lilleliis.com\/et\/wp-json\/wp\/v2\/media\/44391"}],"wp:attachment":[{"href":"https:\/\/www.lilleliis.com\/et\/wp-json\/wp\/v2\/media?parent=574"}],"wp:term":[{"taxonomy":"product_brand","embeddable":true,"href":"https:\/\/www.lilleliis.com\/et\/wp-json\/wp\/v2\/product_brand?post=574"},{"taxonomy":"product_cat","embeddable":true,"href":"https:\/\/www.lilleliis.com\/et\/wp-json\/wp\/v2\/product_cat?post=574"},{"taxonomy":"product_tag","embeddable":true,"href":"https:\/\/www.lilleliis.com\/et\/wp-json\/wp\/v2\/product_tag?post=574"}],"curies":[{"name":"wp","href":"https:\/\/api.w.org\/{rel}","templated":true}]}}