{"id":57624,"date":"2024-11-16T16:01:44","date_gmt":"2024-11-16T14:01:44","guid":{"rendered":"https:\/\/www.lilleliis.com\/?post_type=product&#038;p=57624"},"modified":"2026-02-13T15:46:37","modified_gmt":"2026-02-13T13:46:37","slug":"imeline-nukumaailm","status":"publish","type":"product","link":"https:\/\/www.lilleliis.com\/et\/toode\/imeline-nukumaailm\/","title":{"rendered":"Imeline nukumaailm &#8211; signeeritud raamat"},"content":{"rendered":"<p>Ilmunud: november 2019<\/p>\n<p>Keel: Eesti<\/p>\n<p>Raamatu formaat: k\u00f5vakaaneline<\/p>\n<p>Lehek\u00fclgi: 152<\/p>\n<p>M\u00f5\u00f5dud: 210&#215;160<\/p>\n<p>&nbsp;<\/p>\n","protected":false},"excerpt":{"rendered":"<p>&#8220;Imeline nukumaailm&#8221; on lilleliisi kolmas raamat, mis ilmus novembris 2019.<\/p>\n<p>J\u00e4ta kommentaar, kui soovid raamatut autori autogrammiga.<\/p>\n<p>Vaata raamatus olevate nukkude <a href=\"https:\/\/www.lilleliis.com\/et\/featured_item_category\/raamat-imeline-nukumaailm\/\">galeriid<\/a>.<\/p>\n<p>Isetehtud nukud ei ole lihtsalt nukud \u2013 nad k\u00e4tkevad endas midagi palju enamat, peegeldades maailma, milles elame ja inimesi, keda tunneme. Nukkudel on oma iseloom ja lugu. L\u00e4bi oma k\u00e4te ja s\u00fcdame, j\u00e4tad igasse heegeldatud nukusse ka t\u00fckikese iseendast ja seel\u00e4bi lood maailma erilisemaks paigaks.<\/p>\n<p>Selles raamatus on 15 <em>amigurumi<\/em> tehnikas heegeldatud nukku, mis on inspiratsiooni saanud inimestest meie \u00fcmber.<\/p>\n","protected":false},"featured_media":56862,"comment_status":"open","ping_status":"closed","template":"","meta":[],"product_brand":[1580],"product_cat":[559],"product_tag":[],"class_list":{"0":"post-57624","1":"product","2":"type-product","3":"status-publish","4":"has-post-thumbnail","6":"product_brand-lilleliis","7":"product_cat-raamatud","8":"product_shipping_class-raamat-et","10":"first","11":"instock","12":"taxable","13":"shipping-taxable","14":"purchasable","15":"product-type-simple"},"yoast_head":"<!-- This site is optimized with the Yoast SEO plugin v27.3 - https:\/\/yoast.com\/product\/yoast-seo-wordpress\/ -->\n<title>K\u00e4sit\u00f6\u00f6raamat Imeline nukumaailm | 15 heegeldatud nukku | lilleliis<\/title>\n<meta name=\"description\" content=\"K\u00e4sit\u00f6\u00f6raamat Imeline nukumaailm on lilleliisi sulest kolmas ning sisaldab 15 heegeldatud nuku \u00f5petust. Telli eksklusiivne raamat autori autogrammiga.\" \/>\n<meta name=\"robots\" content=\"index, follow, max-snippet:-1, max-image-preview:large, max-video-preview:-1\" \/>\n<link rel=\"canonical\" href=\"https:\/\/www.lilleliis.com\/et\/toode\/imeline-nukumaailm\/\" \/>\n<meta property=\"og:locale\" content=\"et_EE\" \/>\n<meta property=\"og:type\" content=\"article\" \/>\n<meta property=\"og:title\" content=\"K\u00e4sit\u00f6\u00f6raamat Imeline nukumaailm | 15 heegeldatud nukku | lilleliis\" \/>\n<meta property=\"og:description\" content=\"K\u00e4sit\u00f6\u00f6raamat Imeline nukumaailm on lilleliisi sulest kolmas ning sisaldab 15 heegeldatud nuku \u00f5petust. Telli eksklusiivne raamat autori autogrammiga.\" \/>\n<meta property=\"og:url\" content=\"https:\/\/www.lilleliis.com\/et\/toode\/imeline-nukumaailm\/\" \/>\n<meta property=\"og:site_name\" content=\"lilleliis\" \/>\n<meta property=\"article:publisher\" content=\"https:\/\/www.facebook.com\/lilleliis-283266335035799\/\" \/>\n<meta property=\"article:modified_time\" content=\"2026-02-13T13:46:37+00:00\" \/>\n<meta property=\"og:image\" content=\"https:\/\/www.lilleliis.com\/wp-content\/uploads\/2019\/10\/Imeline-nukumaailm-raamat.jpg\" \/>\n\t<meta property=\"og:image:width\" content=\"952\" \/>\n\t<meta property=\"og:image:height\" content=\"1281\" \/>\n\t<meta property=\"og:image:type\" content=\"image\/jpeg\" \/>\n<meta name=\"twitter:card\" content=\"summary_large_image\" \/>\n<meta name=\"twitter:label1\" content=\"Est. reading time\" \/>\n\t<meta name=\"twitter:data1\" content=\"1 minute\" \/>\n<script type=\"application\/ld+json\" class=\"yoast-schema-graph\">{\"@context\":\"https:\\\/\\\/schema.org\",\"@graph\":[{\"@type\":\"WebPage\",\"@id\":\"https:\\\/\\\/www.lilleliis.com\\\/et\\\/toode\\\/imeline-nukumaailm\\\/\",\"url\":\"https:\\\/\\\/www.lilleliis.com\\\/et\\\/toode\\\/imeline-nukumaailm\\\/\",\"name\":\"K\u00e4sit\u00f6\u00f6raamat Imeline nukumaailm | 15 heegeldatud nukku | lilleliis\",\"isPartOf\":{\"@id\":\"https:\\\/\\\/www.lilleliis.com\\\/et\\\/#website\"},\"primaryImageOfPage\":{\"@id\":\"https:\\\/\\\/www.lilleliis.com\\\/et\\\/toode\\\/imeline-nukumaailm\\\/#primaryimage\"},\"image\":{\"@id\":\"https:\\\/\\\/www.lilleliis.com\\\/et\\\/toode\\\/imeline-nukumaailm\\\/#primaryimage\"},\"thumbnailUrl\":\"https:\\\/\\\/www.lilleliis.com\\\/wp-content\\\/uploads\\\/2019\\\/10\\\/Imeline-nukumaailm-raamat.jpg\",\"datePublished\":\"2024-11-16T14:01:44+00:00\",\"dateModified\":\"2026-02-13T13:46:37+00:00\",\"description\":\"K\u00e4sit\u00f6\u00f6raamat Imeline nukumaailm on lilleliisi sulest kolmas ning sisaldab 15 heegeldatud nuku \u00f5petust. Telli eksklusiivne raamat autori autogrammiga.\",\"breadcrumb\":{\"@id\":\"https:\\\/\\\/www.lilleliis.com\\\/et\\\/toode\\\/imeline-nukumaailm\\\/#breadcrumb\"},\"inLanguage\":\"et\",\"potentialAction\":[{\"@type\":\"ReadAction\",\"target\":[\"https:\\\/\\\/www.lilleliis.com\\\/et\\\/toode\\\/imeline-nukumaailm\\\/\"]}]},{\"@type\":\"ImageObject\",\"inLanguage\":\"et\",\"@id\":\"https:\\\/\\\/www.lilleliis.com\\\/et\\\/toode\\\/imeline-nukumaailm\\\/#primaryimage\",\"url\":\"https:\\\/\\\/www.lilleliis.com\\\/wp-content\\\/uploads\\\/2019\\\/10\\\/Imeline-nukumaailm-raamat.jpg\",\"contentUrl\":\"https:\\\/\\\/www.lilleliis.com\\\/wp-content\\\/uploads\\\/2019\\\/10\\\/Imeline-nukumaailm-raamat.jpg\",\"width\":952,\"height\":1281,\"caption\":\"Imeline nukumaailm raamat\"},{\"@type\":\"BreadcrumbList\",\"@id\":\"https:\\\/\\\/www.lilleliis.com\\\/et\\\/toode\\\/imeline-nukumaailm\\\/#breadcrumb\",\"itemListElement\":[{\"@type\":\"ListItem\",\"position\":1,\"name\":\"Home\",\"item\":\"https:\\\/\\\/www.lilleliis.com\\\/et\\\/\"},{\"@type\":\"ListItem\",\"position\":2,\"name\":\"Pood\",\"item\":\"https:\\\/\\\/www.lilleliis.com\\\/et\\\/shop\\\/\"},{\"@type\":\"ListItem\",\"position\":3,\"name\":\"Imeline nukumaailm &#8211; signeeritud raamat\"}]},{\"@type\":\"WebSite\",\"@id\":\"https:\\\/\\\/www.lilleliis.com\\\/et\\\/#website\",\"url\":\"https:\\\/\\\/www.lilleliis.com\\\/et\\\/\",\"name\":\"lilleliis\",\"description\":\"Amigurumi m\u00e4nguasjad ja mustrid\",\"potentialAction\":[{\"@type\":\"SearchAction\",\"target\":{\"@type\":\"EntryPoint\",\"urlTemplate\":\"https:\\\/\\\/www.lilleliis.com\\\/et\\\/?s={search_term_string}\"},\"query-input\":{\"@type\":\"PropertyValueSpecification\",\"valueRequired\":true,\"valueName\":\"search_term_string\"}}],\"inLanguage\":\"et\"}]}<\/script>\n<!-- \/ Yoast SEO plugin. -->","yoast_head_json":{"title":"K\u00e4sit\u00f6\u00f6raamat Imeline nukumaailm | 15 heegeldatud nukku | lilleliis","description":"K\u00e4sit\u00f6\u00f6raamat Imeline nukumaailm on lilleliisi sulest kolmas ning sisaldab 15 heegeldatud nuku \u00f5petust. Telli eksklusiivne raamat autori autogrammiga.","robots":{"index":"index","follow":"follow","max-snippet":"max-snippet:-1","max-image-preview":"max-image-preview:large","max-video-preview":"max-video-preview:-1"},"canonical":"https:\/\/www.lilleliis.com\/et\/toode\/imeline-nukumaailm\/","og_locale":"et_EE","og_type":"article","og_title":"K\u00e4sit\u00f6\u00f6raamat Imeline nukumaailm | 15 heegeldatud nukku | lilleliis","og_description":"K\u00e4sit\u00f6\u00f6raamat Imeline nukumaailm on lilleliisi sulest kolmas ning sisaldab 15 heegeldatud nuku \u00f5petust. Telli eksklusiivne raamat autori autogrammiga.","og_url":"https:\/\/www.lilleliis.com\/et\/toode\/imeline-nukumaailm\/","og_site_name":"lilleliis","article_publisher":"https:\/\/www.facebook.com\/lilleliis-283266335035799\/","article_modified_time":"2026-02-13T13:46:37+00:00","og_image":[{"width":952,"height":1281,"url":"https:\/\/www.lilleliis.com\/wp-content\/uploads\/2019\/10\/Imeline-nukumaailm-raamat.jpg","type":"image\/jpeg"}],"twitter_card":"summary_large_image","twitter_misc":{"Est. reading time":"1 minute"},"schema":{"@context":"https:\/\/schema.org","@graph":[{"@type":"WebPage","@id":"https:\/\/www.lilleliis.com\/et\/toode\/imeline-nukumaailm\/","url":"https:\/\/www.lilleliis.com\/et\/toode\/imeline-nukumaailm\/","name":"K\u00e4sit\u00f6\u00f6raamat Imeline nukumaailm | 15 heegeldatud nukku | lilleliis","isPartOf":{"@id":"https:\/\/www.lilleliis.com\/et\/#website"},"primaryImageOfPage":{"@id":"https:\/\/www.lilleliis.com\/et\/toode\/imeline-nukumaailm\/#primaryimage"},"image":{"@id":"https:\/\/www.lilleliis.com\/et\/toode\/imeline-nukumaailm\/#primaryimage"},"thumbnailUrl":"https:\/\/www.lilleliis.com\/wp-content\/uploads\/2019\/10\/Imeline-nukumaailm-raamat.jpg","datePublished":"2024-11-16T14:01:44+00:00","dateModified":"2026-02-13T13:46:37+00:00","description":"K\u00e4sit\u00f6\u00f6raamat Imeline nukumaailm on lilleliisi sulest kolmas ning sisaldab 15 heegeldatud nuku \u00f5petust. Telli eksklusiivne raamat autori autogrammiga.","breadcrumb":{"@id":"https:\/\/www.lilleliis.com\/et\/toode\/imeline-nukumaailm\/#breadcrumb"},"inLanguage":"et","potentialAction":[{"@type":"ReadAction","target":["https:\/\/www.lilleliis.com\/et\/toode\/imeline-nukumaailm\/"]}]},{"@type":"ImageObject","inLanguage":"et","@id":"https:\/\/www.lilleliis.com\/et\/toode\/imeline-nukumaailm\/#primaryimage","url":"https:\/\/www.lilleliis.com\/wp-content\/uploads\/2019\/10\/Imeline-nukumaailm-raamat.jpg","contentUrl":"https:\/\/www.lilleliis.com\/wp-content\/uploads\/2019\/10\/Imeline-nukumaailm-raamat.jpg","width":952,"height":1281,"caption":"Imeline nukumaailm raamat"},{"@type":"BreadcrumbList","@id":"https:\/\/www.lilleliis.com\/et\/toode\/imeline-nukumaailm\/#breadcrumb","itemListElement":[{"@type":"ListItem","position":1,"name":"Home","item":"https:\/\/www.lilleliis.com\/et\/"},{"@type":"ListItem","position":2,"name":"Pood","item":"https:\/\/www.lilleliis.com\/et\/shop\/"},{"@type":"ListItem","position":3,"name":"Imeline nukumaailm &#8211; signeeritud raamat"}]},{"@type":"WebSite","@id":"https:\/\/www.lilleliis.com\/et\/#website","url":"https:\/\/www.lilleliis.com\/et\/","name":"lilleliis","description":"Amigurumi m\u00e4nguasjad ja mustrid","potentialAction":[{"@type":"SearchAction","target":{"@type":"EntryPoint","urlTemplate":"https:\/\/www.lilleliis.com\/et\/?s={search_term_string}"},"query-input":{"@type":"PropertyValueSpecification","valueRequired":true,"valueName":"search_term_string"}}],"inLanguage":"et"}]}},"_links":{"self":[{"href":"https:\/\/www.lilleliis.com\/et\/wp-json\/wp\/v2\/product\/57624","targetHints":{"allow":["GET"]}}],"collection":[{"href":"https:\/\/www.lilleliis.com\/et\/wp-json\/wp\/v2\/product"}],"about":[{"href":"https:\/\/www.lilleliis.com\/et\/wp-json\/wp\/v2\/types\/product"}],"replies":[{"embeddable":true,"href":"https:\/\/www.lilleliis.com\/et\/wp-json\/wp\/v2\/comments?post=57624"}],"wp:featuredmedia":[{"embeddable":true,"href":"https:\/\/www.lilleliis.com\/et\/wp-json\/wp\/v2\/media\/56862"}],"wp:attachment":[{"href":"https:\/\/www.lilleliis.com\/et\/wp-json\/wp\/v2\/media?parent=57624"}],"wp:term":[{"taxonomy":"product_brand","embeddable":true,"href":"https:\/\/www.lilleliis.com\/et\/wp-json\/wp\/v2\/product_brand?post=57624"},{"taxonomy":"product_cat","embeddable":true,"href":"https:\/\/www.lilleliis.com\/et\/wp-json\/wp\/v2\/product_cat?post=57624"},{"taxonomy":"product_tag","embeddable":true,"href":"https:\/\/www.lilleliis.com\/et\/wp-json\/wp\/v2\/product_tag?post=57624"}],"curies":[{"name":"wp","href":"https:\/\/api.w.org\/{rel}","templated":true}]}}