{"id":73375,"date":"2025-11-24T10:25:37","date_gmt":"2025-11-24T08:25:37","guid":{"rendered":"https:\/\/www.lilleliis.com\/?post_type=product&#038;p=73375"},"modified":"2026-02-10T18:56:32","modified_gmt":"2026-02-10T16:56:32","slug":"vahva-jouluvana-hiir","status":"publish","type":"product","link":"https:\/\/www.lilleliis.com\/et\/toode\/vahva-jouluvana-hiir\/","title":{"rendered":"Vahva j\u00f5uluvana hiir"},"content":{"rendered":null,"protected":false},"excerpt":{"rendered":"<p>Vahva j\u00f5uluvana hiir on tore, k\u00e4sitsi valmistatud m\u00e4nguasi j\u00f5ulukingituseks v\u00f5i sussi sisse pistmiseks. Hiireke on t\u00f5eliselt vapper. Selle asemel, et peitu pugeda, tahab ta minna laia maailma lastega tutvuma.<\/p>\n<p>Hiirele on selga heegeldatud m\u00f5nusates toonides j\u00f5ulukost\u00fc\u00fcm ja p\u00e4he kinnitatud p\u00e4kapikum\u00fcts.<\/p>\n<p>Eesti k\u00e4sit\u00f6\u00f6.<\/p>\n<div class=\"is-divider divider clearfix\" style=\"max-width:100%;\"><\/div>\n<p>Materjal:<\/p>\n<ul>\n<li>L\u00f5ng \u2013 erinevad, peamiselt villa sisaldavad materjalid<\/li>\n<li>pol\u00fcester kerakiud t\u00e4idis<\/li>\n<li>turvasilmad<\/li>\n<\/ul>\n<p>V\u00e4rv: hall, tumepunane, sinine<\/p>\n<p>Pikkus: umbkaudu 18 sentimeetrit<\/p>\n<p>M\u00e4nguasi sisaldab pisidetaile. Ole ettevaatlik, kui annad seda m\u00e4ngimiseks v\u00e4ga v\u00e4ikesele lapsele.<\/p>\n","protected":false},"featured_media":72718,"comment_status":"open","ping_status":"closed","template":"","meta":[],"product_brand":[],"product_cat":[155],"product_tag":[339,377],"class_list":{"0":"post-73375","1":"product","2":"type-product","3":"status-publish","4":"has-post-thumbnail","6":"product_cat-heegeldatud-manguasjad","7":"product_tag-joulud","8":"product_tag-puuvillast-manguasjad","10":"first","11":"outofstock","12":"taxable","13":"shipping-taxable","14":"purchasable","15":"product-type-simple"},"yoast_head":"<!-- This site is optimized with the Yoast SEO plugin v27.3 - https:\/\/yoast.com\/product\/yoast-seo-wordpress\/ -->\n<title>Vahva j\u00f5uluvana hiir | lilleliis<\/title>\n<meta name=\"robots\" content=\"index, follow, max-snippet:-1, max-image-preview:large, max-video-preview:-1\" \/>\n<link rel=\"canonical\" href=\"https:\/\/www.lilleliis.com\/et\/toode\/vahva-jouluvana-hiir\/\" \/>\n<meta property=\"og:locale\" content=\"et_EE\" \/>\n<meta property=\"og:type\" content=\"article\" \/>\n<meta property=\"og:title\" content=\"Vahva j\u00f5uluvana hiir | lilleliis\" \/>\n<meta property=\"og:description\" content=\"Vahva j\u00f5uluvana hiir on tore, k\u00e4sitsi valmistatud m\u00e4nguasi j\u00f5ulukingituseks v\u00f5i sussi sisse pistmiseks. Hiireke on t\u00f5eliselt vapper. Selle asemel, et peitu pugeda, tahab ta minna laia maailma lastega tutvuma.  Hiirele on selga heegeldatud m\u00f5nusates toonides j\u00f5ulukost\u00fc\u00fcm ja p\u00e4he kinnitatud p\u00e4kapikum\u00fcts.  Eesti k\u00e4sit\u00f6\u00f6.    Materjal:   L\u00f5ng \u2013 erinevad, peamiselt villa sisaldavad materjalid  pol\u00fcester kerakiud t\u00e4idis  turvasilmad  V\u00e4rv: hall, tumepunane, sinine  Pikkus: umbkaudu 18 sentimeetrit  M\u00e4nguasi sisaldab pisidetaile. Ole ettevaatlik, kui annad seda m\u00e4ngimiseks v\u00e4ga v\u00e4ikesele lapsele.\" \/>\n<meta property=\"og:url\" content=\"https:\/\/www.lilleliis.com\/et\/toode\/vahva-jouluvana-hiir\/\" \/>\n<meta property=\"og:site_name\" content=\"lilleliis\" \/>\n<meta property=\"article:publisher\" content=\"https:\/\/www.facebook.com\/lilleliis-283266335035799\/\" \/>\n<meta property=\"article:modified_time\" content=\"2026-02-10T16:56:32+00:00\" \/>\n<meta property=\"og:image\" content=\"https:\/\/www.lilleliis.com\/wp-content\/uploads\/2020\/10\/amigurumi-santa-mouse-free-pattern-3.jpg\" \/>\n\t<meta property=\"og:image:width\" content=\"1000\" \/>\n\t<meta property=\"og:image:height\" content=\"1500\" \/>\n\t<meta property=\"og:image:type\" content=\"image\/jpeg\" \/>\n<meta name=\"twitter:card\" content=\"summary_large_image\" \/>\n<meta name=\"twitter:label1\" content=\"Est. reading time\" \/>\n\t<meta name=\"twitter:data1\" content=\"1 minute\" \/>\n<script type=\"application\/ld+json\" class=\"yoast-schema-graph\">{\"@context\":\"https:\\\/\\\/schema.org\",\"@graph\":[{\"@type\":\"WebPage\",\"@id\":\"https:\\\/\\\/www.lilleliis.com\\\/et\\\/toode\\\/vahva-jouluvana-hiir\\\/\",\"url\":\"https:\\\/\\\/www.lilleliis.com\\\/et\\\/toode\\\/vahva-jouluvana-hiir\\\/\",\"name\":\"Vahva j\u00f5uluvana hiir | lilleliis\",\"isPartOf\":{\"@id\":\"https:\\\/\\\/www.lilleliis.com\\\/et\\\/#website\"},\"primaryImageOfPage\":{\"@id\":\"https:\\\/\\\/www.lilleliis.com\\\/et\\\/toode\\\/vahva-jouluvana-hiir\\\/#primaryimage\"},\"image\":{\"@id\":\"https:\\\/\\\/www.lilleliis.com\\\/et\\\/toode\\\/vahva-jouluvana-hiir\\\/#primaryimage\"},\"thumbnailUrl\":\"https:\\\/\\\/www.lilleliis.com\\\/wp-content\\\/uploads\\\/2020\\\/10\\\/amigurumi-santa-mouse-free-pattern-3.jpg\",\"datePublished\":\"2025-11-24T08:25:37+00:00\",\"dateModified\":\"2026-02-10T16:56:32+00:00\",\"breadcrumb\":{\"@id\":\"https:\\\/\\\/www.lilleliis.com\\\/et\\\/toode\\\/vahva-jouluvana-hiir\\\/#breadcrumb\"},\"inLanguage\":\"et\",\"potentialAction\":[{\"@type\":\"ReadAction\",\"target\":[\"https:\\\/\\\/www.lilleliis.com\\\/et\\\/toode\\\/vahva-jouluvana-hiir\\\/\"]}]},{\"@type\":\"ImageObject\",\"inLanguage\":\"et\",\"@id\":\"https:\\\/\\\/www.lilleliis.com\\\/et\\\/toode\\\/vahva-jouluvana-hiir\\\/#primaryimage\",\"url\":\"https:\\\/\\\/www.lilleliis.com\\\/wp-content\\\/uploads\\\/2020\\\/10\\\/amigurumi-santa-mouse-free-pattern-3.jpg\",\"contentUrl\":\"https:\\\/\\\/www.lilleliis.com\\\/wp-content\\\/uploads\\\/2020\\\/10\\\/amigurumi-santa-mouse-free-pattern-3.jpg\",\"width\":1000,\"height\":1500,\"caption\":\"heegeldatud j\u00f5uluvana hiir\"},{\"@type\":\"BreadcrumbList\",\"@id\":\"https:\\\/\\\/www.lilleliis.com\\\/et\\\/toode\\\/vahva-jouluvana-hiir\\\/#breadcrumb\",\"itemListElement\":[{\"@type\":\"ListItem\",\"position\":1,\"name\":\"Home\",\"item\":\"https:\\\/\\\/www.lilleliis.com\\\/et\\\/\"},{\"@type\":\"ListItem\",\"position\":2,\"name\":\"Pood\",\"item\":\"https:\\\/\\\/www.lilleliis.com\\\/et\\\/shop\\\/\"},{\"@type\":\"ListItem\",\"position\":3,\"name\":\"Vahva j\u00f5uluvana hiir\"}]},{\"@type\":\"WebSite\",\"@id\":\"https:\\\/\\\/www.lilleliis.com\\\/et\\\/#website\",\"url\":\"https:\\\/\\\/www.lilleliis.com\\\/et\\\/\",\"name\":\"lilleliis\",\"description\":\"Amigurumi m\u00e4nguasjad ja mustrid\",\"potentialAction\":[{\"@type\":\"SearchAction\",\"target\":{\"@type\":\"EntryPoint\",\"urlTemplate\":\"https:\\\/\\\/www.lilleliis.com\\\/et\\\/?s={search_term_string}\"},\"query-input\":{\"@type\":\"PropertyValueSpecification\",\"valueRequired\":true,\"valueName\":\"search_term_string\"}}],\"inLanguage\":\"et\"}]}<\/script>\n<!-- \/ Yoast SEO plugin. -->","yoast_head_json":{"title":"Vahva j\u00f5uluvana hiir | lilleliis","robots":{"index":"index","follow":"follow","max-snippet":"max-snippet:-1","max-image-preview":"max-image-preview:large","max-video-preview":"max-video-preview:-1"},"canonical":"https:\/\/www.lilleliis.com\/et\/toode\/vahva-jouluvana-hiir\/","og_locale":"et_EE","og_type":"article","og_title":"Vahva j\u00f5uluvana hiir | lilleliis","og_description":"Vahva j\u00f5uluvana hiir on tore, k\u00e4sitsi valmistatud m\u00e4nguasi j\u00f5ulukingituseks v\u00f5i sussi sisse pistmiseks. Hiireke on t\u00f5eliselt vapper. Selle asemel, et peitu pugeda, tahab ta minna laia maailma lastega tutvuma.  Hiirele on selga heegeldatud m\u00f5nusates toonides j\u00f5ulukost\u00fc\u00fcm ja p\u00e4he kinnitatud p\u00e4kapikum\u00fcts.  Eesti k\u00e4sit\u00f6\u00f6.    Materjal:   L\u00f5ng \u2013 erinevad, peamiselt villa sisaldavad materjalid  pol\u00fcester kerakiud t\u00e4idis  turvasilmad  V\u00e4rv: hall, tumepunane, sinine  Pikkus: umbkaudu 18 sentimeetrit  M\u00e4nguasi sisaldab pisidetaile. Ole ettevaatlik, kui annad seda m\u00e4ngimiseks v\u00e4ga v\u00e4ikesele lapsele.","og_url":"https:\/\/www.lilleliis.com\/et\/toode\/vahva-jouluvana-hiir\/","og_site_name":"lilleliis","article_publisher":"https:\/\/www.facebook.com\/lilleliis-283266335035799\/","article_modified_time":"2026-02-10T16:56:32+00:00","og_image":[{"width":1000,"height":1500,"url":"https:\/\/www.lilleliis.com\/wp-content\/uploads\/2020\/10\/amigurumi-santa-mouse-free-pattern-3.jpg","type":"image\/jpeg"}],"twitter_card":"summary_large_image","twitter_misc":{"Est. reading time":"1 minute"},"schema":{"@context":"https:\/\/schema.org","@graph":[{"@type":"WebPage","@id":"https:\/\/www.lilleliis.com\/et\/toode\/vahva-jouluvana-hiir\/","url":"https:\/\/www.lilleliis.com\/et\/toode\/vahva-jouluvana-hiir\/","name":"Vahva j\u00f5uluvana hiir | lilleliis","isPartOf":{"@id":"https:\/\/www.lilleliis.com\/et\/#website"},"primaryImageOfPage":{"@id":"https:\/\/www.lilleliis.com\/et\/toode\/vahva-jouluvana-hiir\/#primaryimage"},"image":{"@id":"https:\/\/www.lilleliis.com\/et\/toode\/vahva-jouluvana-hiir\/#primaryimage"},"thumbnailUrl":"https:\/\/www.lilleliis.com\/wp-content\/uploads\/2020\/10\/amigurumi-santa-mouse-free-pattern-3.jpg","datePublished":"2025-11-24T08:25:37+00:00","dateModified":"2026-02-10T16:56:32+00:00","breadcrumb":{"@id":"https:\/\/www.lilleliis.com\/et\/toode\/vahva-jouluvana-hiir\/#breadcrumb"},"inLanguage":"et","potentialAction":[{"@type":"ReadAction","target":["https:\/\/www.lilleliis.com\/et\/toode\/vahva-jouluvana-hiir\/"]}]},{"@type":"ImageObject","inLanguage":"et","@id":"https:\/\/www.lilleliis.com\/et\/toode\/vahva-jouluvana-hiir\/#primaryimage","url":"https:\/\/www.lilleliis.com\/wp-content\/uploads\/2020\/10\/amigurumi-santa-mouse-free-pattern-3.jpg","contentUrl":"https:\/\/www.lilleliis.com\/wp-content\/uploads\/2020\/10\/amigurumi-santa-mouse-free-pattern-3.jpg","width":1000,"height":1500,"caption":"heegeldatud j\u00f5uluvana hiir"},{"@type":"BreadcrumbList","@id":"https:\/\/www.lilleliis.com\/et\/toode\/vahva-jouluvana-hiir\/#breadcrumb","itemListElement":[{"@type":"ListItem","position":1,"name":"Home","item":"https:\/\/www.lilleliis.com\/et\/"},{"@type":"ListItem","position":2,"name":"Pood","item":"https:\/\/www.lilleliis.com\/et\/shop\/"},{"@type":"ListItem","position":3,"name":"Vahva j\u00f5uluvana hiir"}]},{"@type":"WebSite","@id":"https:\/\/www.lilleliis.com\/et\/#website","url":"https:\/\/www.lilleliis.com\/et\/","name":"lilleliis","description":"Amigurumi m\u00e4nguasjad ja mustrid","potentialAction":[{"@type":"SearchAction","target":{"@type":"EntryPoint","urlTemplate":"https:\/\/www.lilleliis.com\/et\/?s={search_term_string}"},"query-input":{"@type":"PropertyValueSpecification","valueRequired":true,"valueName":"search_term_string"}}],"inLanguage":"et"}]}},"_links":{"self":[{"href":"https:\/\/www.lilleliis.com\/et\/wp-json\/wp\/v2\/product\/73375","targetHints":{"allow":["GET"]}}],"collection":[{"href":"https:\/\/www.lilleliis.com\/et\/wp-json\/wp\/v2\/product"}],"about":[{"href":"https:\/\/www.lilleliis.com\/et\/wp-json\/wp\/v2\/types\/product"}],"replies":[{"embeddable":true,"href":"https:\/\/www.lilleliis.com\/et\/wp-json\/wp\/v2\/comments?post=73375"}],"wp:featuredmedia":[{"embeddable":true,"href":"https:\/\/www.lilleliis.com\/et\/wp-json\/wp\/v2\/media\/72718"}],"wp:attachment":[{"href":"https:\/\/www.lilleliis.com\/et\/wp-json\/wp\/v2\/media?parent=73375"}],"wp:term":[{"taxonomy":"product_brand","embeddable":true,"href":"https:\/\/www.lilleliis.com\/et\/wp-json\/wp\/v2\/product_brand?post=73375"},{"taxonomy":"product_cat","embeddable":true,"href":"https:\/\/www.lilleliis.com\/et\/wp-json\/wp\/v2\/product_cat?post=73375"},{"taxonomy":"product_tag","embeddable":true,"href":"https:\/\/www.lilleliis.com\/et\/wp-json\/wp\/v2\/product_tag?post=73375"}],"curies":[{"name":"wp","href":"https:\/\/api.w.org\/{rel}","templated":true}]}}