{"id":73652,"date":"2022-11-01T09:23:27","date_gmt":"2022-11-01T07:23:27","guid":{"rendered":"https:\/\/www.lilleliis.com\/?post_type=product&#038;p=73652"},"modified":"2026-01-08T15:09:25","modified_gmt":"2026-01-08T13:09:25","slug":"heegeldatud-kaisukaru-jaanuar","status":"publish","type":"product","link":"https:\/\/www.lilleliis.com\/et\/toode\/heegeldatud-kaisukaru-jaanuar\/","title":{"rendered":"Heegeldatud kaisukaru Jaanuar"},"content":{"rendered":"<p>Materjal:<\/p>\n<ul>\n<li>L\u00f5ng \u2013 100% vill<\/li>\n<li>pol\u00fcester kerakiud t\u00e4idis<\/li>\n<li>turvasilmad<\/li>\n<li>puuvillane kangas<\/li>\n<\/ul>\n<p>V\u00e4rv: hall<\/p>\n<p>Pikkus: umbkaudu 19 sentimeetrit<\/p>\n<p>M\u00e4nguasi sisaldab pisidetaile. Ole ettevaatlik, kui annad seda m\u00e4ngimiseks v\u00e4ga v\u00e4ikesele lapsele.<\/p>\n","protected":false},"excerpt":{"rendered":"<p>K\u00e4sitsi heegeldatud kaisukaru on inspireeritud talve kargusest ja hallusest. Nimeks on tal Jaanuar. Ilus kingitus samas kuus s\u00fcndinud beebile.<\/p>\n<p>Armas ja pehme kaisukaru on heegeldatud pehmest villasest l\u00f5ngast. Karul on klassikaline kehakuju ja ta on seisvas asendis. K\u00f5rvad ja k\u00f5ht on kaetud puuvillase kangaga. T\u00e4idiseks allergiavaba kerakiud.<\/p>\n<p>Eesti k\u00e4sit\u00f6\u00f6.<\/p>\n","protected":false},"featured_media":73646,"comment_status":"open","ping_status":"closed","template":"","meta":[],"product_brand":[],"product_cat":[155],"product_tag":[379],"class_list":{"0":"post-73652","1":"product","2":"type-product","3":"status-publish","4":"has-post-thumbnail","6":"product_cat-heegeldatud-manguasjad","7":"product_tag-villased-manguasjad","9":"first","10":"outofstock","11":"taxable","12":"shipping-taxable","13":"purchasable","14":"product-type-simple"},"yoast_head":"<!-- This site is optimized with the Yoast SEO plugin v27.3 - https:\/\/yoast.com\/product\/yoast-seo-wordpress\/ -->\n<title>Heegeldatud kaisukaru Jaanuar | lilleliis<\/title>\n<meta name=\"robots\" content=\"index, follow, max-snippet:-1, max-image-preview:large, max-video-preview:-1\" \/>\n<link rel=\"canonical\" href=\"https:\/\/www.lilleliis.com\/et\/toode\/heegeldatud-kaisukaru-jaanuar\/\" \/>\n<meta property=\"og:locale\" content=\"et_EE\" \/>\n<meta property=\"og:type\" content=\"article\" \/>\n<meta property=\"og:title\" content=\"Heegeldatud kaisukaru Jaanuar | lilleliis\" \/>\n<meta property=\"og:description\" content=\"K\u00e4sitsi heegeldatud kaisukaru on inspireeritud talve kargusest ja hallusest. Nimeks on tal Jaanuar. Ilus kingitus samas kuus s\u00fcndinud beebile.  Armas ja pehme kaisukaru on heegeldatud pehmest villasest l\u00f5ngast. Karul on klassikaline kehakuju ja ta on seisvas asendis. K\u00f5rvad ja k\u00f5ht on kaetud puuvillase kangaga. T\u00e4idiseks allergiavaba kerakiud.  Eesti k\u00e4sit\u00f6\u00f6.\" \/>\n<meta property=\"og:url\" content=\"https:\/\/www.lilleliis.com\/et\/toode\/heegeldatud-kaisukaru-jaanuar\/\" \/>\n<meta property=\"og:site_name\" content=\"lilleliis\" \/>\n<meta property=\"article:publisher\" content=\"https:\/\/www.facebook.com\/lilleliis-283266335035799\/\" \/>\n<meta property=\"article:modified_time\" content=\"2026-01-08T13:09:25+00:00\" \/>\n<meta property=\"og:image\" content=\"https:\/\/www.lilleliis.com\/wp-content\/uploads\/2020\/11\/heegeldatud-kaisukaru-18.jpg\" \/>\n\t<meta property=\"og:image:width\" content=\"1000\" \/>\n\t<meta property=\"og:image:height\" content=\"1500\" \/>\n\t<meta property=\"og:image:type\" content=\"image\/jpeg\" \/>\n<meta name=\"twitter:card\" content=\"summary_large_image\" \/>\n<script type=\"application\/ld+json\" class=\"yoast-schema-graph\">{\"@context\":\"https:\\\/\\\/schema.org\",\"@graph\":[{\"@type\":\"WebPage\",\"@id\":\"https:\\\/\\\/www.lilleliis.com\\\/et\\\/toode\\\/heegeldatud-kaisukaru-jaanuar\\\/\",\"url\":\"https:\\\/\\\/www.lilleliis.com\\\/et\\\/toode\\\/heegeldatud-kaisukaru-jaanuar\\\/\",\"name\":\"Heegeldatud kaisukaru Jaanuar | lilleliis\",\"isPartOf\":{\"@id\":\"https:\\\/\\\/www.lilleliis.com\\\/et\\\/#website\"},\"primaryImageOfPage\":{\"@id\":\"https:\\\/\\\/www.lilleliis.com\\\/et\\\/toode\\\/heegeldatud-kaisukaru-jaanuar\\\/#primaryimage\"},\"image\":{\"@id\":\"https:\\\/\\\/www.lilleliis.com\\\/et\\\/toode\\\/heegeldatud-kaisukaru-jaanuar\\\/#primaryimage\"},\"thumbnailUrl\":\"https:\\\/\\\/www.lilleliis.com\\\/wp-content\\\/uploads\\\/2020\\\/11\\\/heegeldatud-kaisukaru-18.jpg\",\"datePublished\":\"2022-11-01T07:23:27+00:00\",\"dateModified\":\"2026-01-08T13:09:25+00:00\",\"breadcrumb\":{\"@id\":\"https:\\\/\\\/www.lilleliis.com\\\/et\\\/toode\\\/heegeldatud-kaisukaru-jaanuar\\\/#breadcrumb\"},\"inLanguage\":\"et\",\"potentialAction\":[{\"@type\":\"ReadAction\",\"target\":[\"https:\\\/\\\/www.lilleliis.com\\\/et\\\/toode\\\/heegeldatud-kaisukaru-jaanuar\\\/\"]}]},{\"@type\":\"ImageObject\",\"inLanguage\":\"et\",\"@id\":\"https:\\\/\\\/www.lilleliis.com\\\/et\\\/toode\\\/heegeldatud-kaisukaru-jaanuar\\\/#primaryimage\",\"url\":\"https:\\\/\\\/www.lilleliis.com\\\/wp-content\\\/uploads\\\/2020\\\/11\\\/heegeldatud-kaisukaru-18.jpg\",\"contentUrl\":\"https:\\\/\\\/www.lilleliis.com\\\/wp-content\\\/uploads\\\/2020\\\/11\\\/heegeldatud-kaisukaru-18.jpg\",\"width\":1000,\"height\":1500,\"caption\":\"heegeldatud kaisukaru\"},{\"@type\":\"BreadcrumbList\",\"@id\":\"https:\\\/\\\/www.lilleliis.com\\\/et\\\/toode\\\/heegeldatud-kaisukaru-jaanuar\\\/#breadcrumb\",\"itemListElement\":[{\"@type\":\"ListItem\",\"position\":1,\"name\":\"Home\",\"item\":\"https:\\\/\\\/www.lilleliis.com\\\/et\\\/\"},{\"@type\":\"ListItem\",\"position\":2,\"name\":\"Pood\",\"item\":\"https:\\\/\\\/www.lilleliis.com\\\/et\\\/shop\\\/\"},{\"@type\":\"ListItem\",\"position\":3,\"name\":\"Heegeldatud kaisukaru Jaanuar\"}]},{\"@type\":\"WebSite\",\"@id\":\"https:\\\/\\\/www.lilleliis.com\\\/et\\\/#website\",\"url\":\"https:\\\/\\\/www.lilleliis.com\\\/et\\\/\",\"name\":\"lilleliis\",\"description\":\"Amigurumi m\u00e4nguasjad ja mustrid\",\"potentialAction\":[{\"@type\":\"SearchAction\",\"target\":{\"@type\":\"EntryPoint\",\"urlTemplate\":\"https:\\\/\\\/www.lilleliis.com\\\/et\\\/?s={search_term_string}\"},\"query-input\":{\"@type\":\"PropertyValueSpecification\",\"valueRequired\":true,\"valueName\":\"search_term_string\"}}],\"inLanguage\":\"et\"}]}<\/script>\n<!-- \/ Yoast SEO plugin. -->","yoast_head_json":{"title":"Heegeldatud kaisukaru Jaanuar | lilleliis","robots":{"index":"index","follow":"follow","max-snippet":"max-snippet:-1","max-image-preview":"max-image-preview:large","max-video-preview":"max-video-preview:-1"},"canonical":"https:\/\/www.lilleliis.com\/et\/toode\/heegeldatud-kaisukaru-jaanuar\/","og_locale":"et_EE","og_type":"article","og_title":"Heegeldatud kaisukaru Jaanuar | lilleliis","og_description":"K\u00e4sitsi heegeldatud kaisukaru on inspireeritud talve kargusest ja hallusest. Nimeks on tal Jaanuar. Ilus kingitus samas kuus s\u00fcndinud beebile.  Armas ja pehme kaisukaru on heegeldatud pehmest villasest l\u00f5ngast. Karul on klassikaline kehakuju ja ta on seisvas asendis. K\u00f5rvad ja k\u00f5ht on kaetud puuvillase kangaga. T\u00e4idiseks allergiavaba kerakiud.  Eesti k\u00e4sit\u00f6\u00f6.","og_url":"https:\/\/www.lilleliis.com\/et\/toode\/heegeldatud-kaisukaru-jaanuar\/","og_site_name":"lilleliis","article_publisher":"https:\/\/www.facebook.com\/lilleliis-283266335035799\/","article_modified_time":"2026-01-08T13:09:25+00:00","og_image":[{"width":1000,"height":1500,"url":"https:\/\/www.lilleliis.com\/wp-content\/uploads\/2020\/11\/heegeldatud-kaisukaru-18.jpg","type":"image\/jpeg"}],"twitter_card":"summary_large_image","schema":{"@context":"https:\/\/schema.org","@graph":[{"@type":"WebPage","@id":"https:\/\/www.lilleliis.com\/et\/toode\/heegeldatud-kaisukaru-jaanuar\/","url":"https:\/\/www.lilleliis.com\/et\/toode\/heegeldatud-kaisukaru-jaanuar\/","name":"Heegeldatud kaisukaru Jaanuar | lilleliis","isPartOf":{"@id":"https:\/\/www.lilleliis.com\/et\/#website"},"primaryImageOfPage":{"@id":"https:\/\/www.lilleliis.com\/et\/toode\/heegeldatud-kaisukaru-jaanuar\/#primaryimage"},"image":{"@id":"https:\/\/www.lilleliis.com\/et\/toode\/heegeldatud-kaisukaru-jaanuar\/#primaryimage"},"thumbnailUrl":"https:\/\/www.lilleliis.com\/wp-content\/uploads\/2020\/11\/heegeldatud-kaisukaru-18.jpg","datePublished":"2022-11-01T07:23:27+00:00","dateModified":"2026-01-08T13:09:25+00:00","breadcrumb":{"@id":"https:\/\/www.lilleliis.com\/et\/toode\/heegeldatud-kaisukaru-jaanuar\/#breadcrumb"},"inLanguage":"et","potentialAction":[{"@type":"ReadAction","target":["https:\/\/www.lilleliis.com\/et\/toode\/heegeldatud-kaisukaru-jaanuar\/"]}]},{"@type":"ImageObject","inLanguage":"et","@id":"https:\/\/www.lilleliis.com\/et\/toode\/heegeldatud-kaisukaru-jaanuar\/#primaryimage","url":"https:\/\/www.lilleliis.com\/wp-content\/uploads\/2020\/11\/heegeldatud-kaisukaru-18.jpg","contentUrl":"https:\/\/www.lilleliis.com\/wp-content\/uploads\/2020\/11\/heegeldatud-kaisukaru-18.jpg","width":1000,"height":1500,"caption":"heegeldatud kaisukaru"},{"@type":"BreadcrumbList","@id":"https:\/\/www.lilleliis.com\/et\/toode\/heegeldatud-kaisukaru-jaanuar\/#breadcrumb","itemListElement":[{"@type":"ListItem","position":1,"name":"Home","item":"https:\/\/www.lilleliis.com\/et\/"},{"@type":"ListItem","position":2,"name":"Pood","item":"https:\/\/www.lilleliis.com\/et\/shop\/"},{"@type":"ListItem","position":3,"name":"Heegeldatud kaisukaru Jaanuar"}]},{"@type":"WebSite","@id":"https:\/\/www.lilleliis.com\/et\/#website","url":"https:\/\/www.lilleliis.com\/et\/","name":"lilleliis","description":"Amigurumi m\u00e4nguasjad ja mustrid","potentialAction":[{"@type":"SearchAction","target":{"@type":"EntryPoint","urlTemplate":"https:\/\/www.lilleliis.com\/et\/?s={search_term_string}"},"query-input":{"@type":"PropertyValueSpecification","valueRequired":true,"valueName":"search_term_string"}}],"inLanguage":"et"}]}},"_links":{"self":[{"href":"https:\/\/www.lilleliis.com\/et\/wp-json\/wp\/v2\/product\/73652","targetHints":{"allow":["GET"]}}],"collection":[{"href":"https:\/\/www.lilleliis.com\/et\/wp-json\/wp\/v2\/product"}],"about":[{"href":"https:\/\/www.lilleliis.com\/et\/wp-json\/wp\/v2\/types\/product"}],"replies":[{"embeddable":true,"href":"https:\/\/www.lilleliis.com\/et\/wp-json\/wp\/v2\/comments?post=73652"}],"wp:featuredmedia":[{"embeddable":true,"href":"https:\/\/www.lilleliis.com\/et\/wp-json\/wp\/v2\/media\/73646"}],"wp:attachment":[{"href":"https:\/\/www.lilleliis.com\/et\/wp-json\/wp\/v2\/media?parent=73652"}],"wp:term":[{"taxonomy":"product_brand","embeddable":true,"href":"https:\/\/www.lilleliis.com\/et\/wp-json\/wp\/v2\/product_brand?post=73652"},{"taxonomy":"product_cat","embeddable":true,"href":"https:\/\/www.lilleliis.com\/et\/wp-json\/wp\/v2\/product_cat?post=73652"},{"taxonomy":"product_tag","embeddable":true,"href":"https:\/\/www.lilleliis.com\/et\/wp-json\/wp\/v2\/product_tag?post=73652"}],"curies":[{"name":"wp","href":"https:\/\/api.w.org\/{rel}","templated":true}]}}