{"id":74039,"date":"2020-11-20T12:51:09","date_gmt":"2020-11-20T10:51:09","guid":{"rendered":"https:\/\/www.lilleliis.com\/?post_type=product&#038;p=74039"},"modified":"2021-03-03T11:32:15","modified_gmt":"2021-03-03T09:32:15","slug":"heegeldatud-nukk-konnake","status":"publish","type":"product","link":"https:\/\/www.lilleliis.com\/et\/toode\/heegeldatud-nukk-konnake\/","title":{"rendered":"Heegeldatud nukk Konnake"},"content":{"rendered":"<p>Materjal:<\/p>\n<ul>\n<li>l\u00f5ng \u2013 50% puuvill, 50% pol\u00fcester<\/li>\n<li>juuksed &#8211; 100% vill<\/li>\n<li>pol\u00fcester kerakiud t\u00e4idis<\/li>\n<li>v\u00e4ikesed n\u00f6\u00f6bid<\/li>\n<\/ul>\n<p>V\u00e4rv: naturaalne valge, roheline, punane, must<\/p>\n<p>Pikkus: umbes 34 sentimeetrit<\/p>\n<p>M\u00e4nguasi sisaldab pisidetaile. Ole ettevaatlik, kui annad seda m\u00e4ngimiseks v\u00e4ga v\u00e4ikesele lapsele.<\/p>\n","protected":false},"excerpt":{"rendered":"<p>See on heegeldatud nukk Konnake, kes armastab vihma. Oma vahvas rohelises konnakost\u00fc\u00fcmis ja s\u00e4ravpunastes kummikutes v\u00f5ib ta lompides pl\u00e4tserdada nii, kuis s\u00fcda lustib. Harilikult v\u00f5tabki ta asja v\u00e4ga t\u00f5siselt ja sumpab l\u00e4bi k\u00f5ik ettesattuvad lombid. K\u00fcll on tore!<\/p>\n<p>Konnakese riided ja saapad ei ole eemaldatavad.<\/p>\n<p>Eesti k\u00e4sit\u00f6\u00f6.<\/p>\n","protected":false},"featured_media":74041,"comment_status":"open","ping_status":"closed","template":"","meta":[],"product_brand":[],"product_cat":[155],"product_tag":[377,122],"class_list":{"0":"post-74039","1":"product","2":"type-product","3":"status-publish","4":"has-post-thumbnail","6":"product_cat-heegeldatud-manguasjad","7":"product_tag-puuvillast-manguasjad","8":"product_tag-tudrukutele","10":"first","11":"outofstock","12":"taxable","13":"shipping-taxable","14":"purchasable","15":"product-type-simple"},"yoast_head":"<!-- This site is optimized with the Yoast SEO plugin v27.3 - https:\/\/yoast.com\/product\/yoast-seo-wordpress\/ -->\n<title>Heegeldatud nukk Konnake | Eesti k\u00e4sit\u00f6\u00f6 m\u00e4nguasjad | lilleliis<\/title>\n<meta name=\"description\" content=\"See on heegeldatud nukk Konnake oma vahvas rohelises konnakost\u00fc\u00fcmis ja s\u00e4ravpunastes kummikutes. Eesti k\u00e4sit\u00f6\u00f6.\" \/>\n<meta name=\"robots\" content=\"index, follow, max-snippet:-1, max-image-preview:large, max-video-preview:-1\" \/>\n<link rel=\"canonical\" href=\"https:\/\/www.lilleliis.com\/et\/toode\/heegeldatud-nukk-konnake\/\" \/>\n<meta property=\"og:locale\" content=\"et_EE\" \/>\n<meta property=\"og:type\" content=\"article\" \/>\n<meta property=\"og:title\" content=\"Heegeldatud nukk Konnake | Eesti k\u00e4sit\u00f6\u00f6 m\u00e4nguasjad | lilleliis\" \/>\n<meta property=\"og:description\" content=\"See on heegeldatud nukk Konnake oma vahvas rohelises konnakost\u00fc\u00fcmis ja s\u00e4ravpunastes kummikutes. Eesti k\u00e4sit\u00f6\u00f6.\" \/>\n<meta property=\"og:url\" content=\"https:\/\/www.lilleliis.com\/et\/toode\/heegeldatud-nukk-konnake\/\" \/>\n<meta property=\"og:site_name\" content=\"lilleliis\" \/>\n<meta property=\"article:publisher\" content=\"https:\/\/www.facebook.com\/lilleliis-283266335035799\/\" \/>\n<meta property=\"article:modified_time\" content=\"2021-03-03T09:32:15+00:00\" \/>\n<meta property=\"og:image\" content=\"https:\/\/www.lilleliis.com\/wp-content\/uploads\/2020\/11\/amigurumi-froggy-doll-1.jpg\" \/>\n\t<meta property=\"og:image:width\" content=\"854\" \/>\n\t<meta property=\"og:image:height\" content=\"1280\" \/>\n\t<meta property=\"og:image:type\" content=\"image\/jpeg\" \/>\n<meta name=\"twitter:card\" content=\"summary_large_image\" \/>\n<script type=\"application\/ld+json\" class=\"yoast-schema-graph\">{\"@context\":\"https:\\\/\\\/schema.org\",\"@graph\":[{\"@type\":\"WebPage\",\"@id\":\"https:\\\/\\\/www.lilleliis.com\\\/et\\\/toode\\\/heegeldatud-nukk-konnake\\\/\",\"url\":\"https:\\\/\\\/www.lilleliis.com\\\/et\\\/toode\\\/heegeldatud-nukk-konnake\\\/\",\"name\":\"Heegeldatud nukk Konnake | Eesti k\u00e4sit\u00f6\u00f6 m\u00e4nguasjad | lilleliis\",\"isPartOf\":{\"@id\":\"https:\\\/\\\/www.lilleliis.com\\\/et\\\/#website\"},\"primaryImageOfPage\":{\"@id\":\"https:\\\/\\\/www.lilleliis.com\\\/et\\\/toode\\\/heegeldatud-nukk-konnake\\\/#primaryimage\"},\"image\":{\"@id\":\"https:\\\/\\\/www.lilleliis.com\\\/et\\\/toode\\\/heegeldatud-nukk-konnake\\\/#primaryimage\"},\"thumbnailUrl\":\"https:\\\/\\\/www.lilleliis.com\\\/wp-content\\\/uploads\\\/2020\\\/11\\\/amigurumi-froggy-doll-1.jpg\",\"datePublished\":\"2020-11-20T10:51:09+00:00\",\"dateModified\":\"2021-03-03T09:32:15+00:00\",\"description\":\"See on heegeldatud nukk Konnake oma vahvas rohelises konnakost\u00fc\u00fcmis ja s\u00e4ravpunastes kummikutes. Eesti k\u00e4sit\u00f6\u00f6.\",\"breadcrumb\":{\"@id\":\"https:\\\/\\\/www.lilleliis.com\\\/et\\\/toode\\\/heegeldatud-nukk-konnake\\\/#breadcrumb\"},\"inLanguage\":\"et\",\"potentialAction\":[{\"@type\":\"ReadAction\",\"target\":[\"https:\\\/\\\/www.lilleliis.com\\\/et\\\/toode\\\/heegeldatud-nukk-konnake\\\/\"]}]},{\"@type\":\"ImageObject\",\"inLanguage\":\"et\",\"@id\":\"https:\\\/\\\/www.lilleliis.com\\\/et\\\/toode\\\/heegeldatud-nukk-konnake\\\/#primaryimage\",\"url\":\"https:\\\/\\\/www.lilleliis.com\\\/wp-content\\\/uploads\\\/2020\\\/11\\\/amigurumi-froggy-doll-1.jpg\",\"contentUrl\":\"https:\\\/\\\/www.lilleliis.com\\\/wp-content\\\/uploads\\\/2020\\\/11\\\/amigurumi-froggy-doll-1.jpg\",\"width\":854,\"height\":1280,\"caption\":\"heegeldatud nukk konnake\"},{\"@type\":\"BreadcrumbList\",\"@id\":\"https:\\\/\\\/www.lilleliis.com\\\/et\\\/toode\\\/heegeldatud-nukk-konnake\\\/#breadcrumb\",\"itemListElement\":[{\"@type\":\"ListItem\",\"position\":1,\"name\":\"Home\",\"item\":\"https:\\\/\\\/www.lilleliis.com\\\/et\\\/\"},{\"@type\":\"ListItem\",\"position\":2,\"name\":\"Pood\",\"item\":\"https:\\\/\\\/www.lilleliis.com\\\/et\\\/shop\\\/\"},{\"@type\":\"ListItem\",\"position\":3,\"name\":\"Heegeldatud nukk Konnake\"}]},{\"@type\":\"WebSite\",\"@id\":\"https:\\\/\\\/www.lilleliis.com\\\/et\\\/#website\",\"url\":\"https:\\\/\\\/www.lilleliis.com\\\/et\\\/\",\"name\":\"lilleliis\",\"description\":\"Amigurumi m\u00e4nguasjad ja mustrid\",\"potentialAction\":[{\"@type\":\"SearchAction\",\"target\":{\"@type\":\"EntryPoint\",\"urlTemplate\":\"https:\\\/\\\/www.lilleliis.com\\\/et\\\/?s={search_term_string}\"},\"query-input\":{\"@type\":\"PropertyValueSpecification\",\"valueRequired\":true,\"valueName\":\"search_term_string\"}}],\"inLanguage\":\"et\"}]}<\/script>\n<!-- \/ Yoast SEO plugin. -->","yoast_head_json":{"title":"Heegeldatud nukk Konnake | Eesti k\u00e4sit\u00f6\u00f6 m\u00e4nguasjad | lilleliis","description":"See on heegeldatud nukk Konnake oma vahvas rohelises konnakost\u00fc\u00fcmis ja s\u00e4ravpunastes kummikutes. Eesti k\u00e4sit\u00f6\u00f6.","robots":{"index":"index","follow":"follow","max-snippet":"max-snippet:-1","max-image-preview":"max-image-preview:large","max-video-preview":"max-video-preview:-1"},"canonical":"https:\/\/www.lilleliis.com\/et\/toode\/heegeldatud-nukk-konnake\/","og_locale":"et_EE","og_type":"article","og_title":"Heegeldatud nukk Konnake | Eesti k\u00e4sit\u00f6\u00f6 m\u00e4nguasjad | lilleliis","og_description":"See on heegeldatud nukk Konnake oma vahvas rohelises konnakost\u00fc\u00fcmis ja s\u00e4ravpunastes kummikutes. Eesti k\u00e4sit\u00f6\u00f6.","og_url":"https:\/\/www.lilleliis.com\/et\/toode\/heegeldatud-nukk-konnake\/","og_site_name":"lilleliis","article_publisher":"https:\/\/www.facebook.com\/lilleliis-283266335035799\/","article_modified_time":"2021-03-03T09:32:15+00:00","og_image":[{"width":854,"height":1280,"url":"https:\/\/www.lilleliis.com\/wp-content\/uploads\/2020\/11\/amigurumi-froggy-doll-1.jpg","type":"image\/jpeg"}],"twitter_card":"summary_large_image","schema":{"@context":"https:\/\/schema.org","@graph":[{"@type":"WebPage","@id":"https:\/\/www.lilleliis.com\/et\/toode\/heegeldatud-nukk-konnake\/","url":"https:\/\/www.lilleliis.com\/et\/toode\/heegeldatud-nukk-konnake\/","name":"Heegeldatud nukk Konnake | Eesti k\u00e4sit\u00f6\u00f6 m\u00e4nguasjad | lilleliis","isPartOf":{"@id":"https:\/\/www.lilleliis.com\/et\/#website"},"primaryImageOfPage":{"@id":"https:\/\/www.lilleliis.com\/et\/toode\/heegeldatud-nukk-konnake\/#primaryimage"},"image":{"@id":"https:\/\/www.lilleliis.com\/et\/toode\/heegeldatud-nukk-konnake\/#primaryimage"},"thumbnailUrl":"https:\/\/www.lilleliis.com\/wp-content\/uploads\/2020\/11\/amigurumi-froggy-doll-1.jpg","datePublished":"2020-11-20T10:51:09+00:00","dateModified":"2021-03-03T09:32:15+00:00","description":"See on heegeldatud nukk Konnake oma vahvas rohelises konnakost\u00fc\u00fcmis ja s\u00e4ravpunastes kummikutes. Eesti k\u00e4sit\u00f6\u00f6.","breadcrumb":{"@id":"https:\/\/www.lilleliis.com\/et\/toode\/heegeldatud-nukk-konnake\/#breadcrumb"},"inLanguage":"et","potentialAction":[{"@type":"ReadAction","target":["https:\/\/www.lilleliis.com\/et\/toode\/heegeldatud-nukk-konnake\/"]}]},{"@type":"ImageObject","inLanguage":"et","@id":"https:\/\/www.lilleliis.com\/et\/toode\/heegeldatud-nukk-konnake\/#primaryimage","url":"https:\/\/www.lilleliis.com\/wp-content\/uploads\/2020\/11\/amigurumi-froggy-doll-1.jpg","contentUrl":"https:\/\/www.lilleliis.com\/wp-content\/uploads\/2020\/11\/amigurumi-froggy-doll-1.jpg","width":854,"height":1280,"caption":"heegeldatud nukk konnake"},{"@type":"BreadcrumbList","@id":"https:\/\/www.lilleliis.com\/et\/toode\/heegeldatud-nukk-konnake\/#breadcrumb","itemListElement":[{"@type":"ListItem","position":1,"name":"Home","item":"https:\/\/www.lilleliis.com\/et\/"},{"@type":"ListItem","position":2,"name":"Pood","item":"https:\/\/www.lilleliis.com\/et\/shop\/"},{"@type":"ListItem","position":3,"name":"Heegeldatud nukk Konnake"}]},{"@type":"WebSite","@id":"https:\/\/www.lilleliis.com\/et\/#website","url":"https:\/\/www.lilleliis.com\/et\/","name":"lilleliis","description":"Amigurumi m\u00e4nguasjad ja mustrid","potentialAction":[{"@type":"SearchAction","target":{"@type":"EntryPoint","urlTemplate":"https:\/\/www.lilleliis.com\/et\/?s={search_term_string}"},"query-input":{"@type":"PropertyValueSpecification","valueRequired":true,"valueName":"search_term_string"}}],"inLanguage":"et"}]}},"_links":{"self":[{"href":"https:\/\/www.lilleliis.com\/et\/wp-json\/wp\/v2\/product\/74039","targetHints":{"allow":["GET"]}}],"collection":[{"href":"https:\/\/www.lilleliis.com\/et\/wp-json\/wp\/v2\/product"}],"about":[{"href":"https:\/\/www.lilleliis.com\/et\/wp-json\/wp\/v2\/types\/product"}],"replies":[{"embeddable":true,"href":"https:\/\/www.lilleliis.com\/et\/wp-json\/wp\/v2\/comments?post=74039"}],"wp:featuredmedia":[{"embeddable":true,"href":"https:\/\/www.lilleliis.com\/et\/wp-json\/wp\/v2\/media\/74041"}],"wp:attachment":[{"href":"https:\/\/www.lilleliis.com\/et\/wp-json\/wp\/v2\/media?parent=74039"}],"wp:term":[{"taxonomy":"product_brand","embeddable":true,"href":"https:\/\/www.lilleliis.com\/et\/wp-json\/wp\/v2\/product_brand?post=74039"},{"taxonomy":"product_cat","embeddable":true,"href":"https:\/\/www.lilleliis.com\/et\/wp-json\/wp\/v2\/product_cat?post=74039"},{"taxonomy":"product_tag","embeddable":true,"href":"https:\/\/www.lilleliis.com\/et\/wp-json\/wp\/v2\/product_tag?post=74039"}],"curies":[{"name":"wp","href":"https:\/\/api.w.org\/{rel}","templated":true}]}}