{"id":74211,"date":"2025-05-22T11:21:14","date_gmt":"2025-05-22T08:21:14","guid":{"rendered":"https:\/\/www.lilleliis.com\/?post_type=product&#038;p=74211"},"modified":"2023-05-09T09:29:20","modified_gmt":"2023-05-09T06:29:20","slug":"amigurumi-prantsuse-buldog-opetus","status":"publish","type":"product","link":"https:\/\/www.lilleliis.com\/et\/toode\/amigurumi-prantsuse-buldog-opetus\/","title":{"rendered":"Amigurumi Prantsuse buldog &#8211; heegeldamise \u00f5petus"},"content":{"rendered":null,"protected":false},"excerpt":{"rendered":"<p>Amigurumi Prantsuse buldogi \u00f5petus sisaldab detailset koera heegeldamise mustrit. Lisaks saad nii armsa kleidi kui soliidse vesti heegeldamise juhendi. N\u00f5nda saab kutsu riietada t\u00fcdrukuks v\u00f5i poisiks.<\/p>\n<p>P\u00e4ris buldogile iseloomulikult on ka heegeldatud koer j\u00e4ssaka keha ja l\u00f6mmis koonuga.<\/p>\n<hr \/>\n<p><span data-text-color=\"primary\">MUSTRIST<\/span><\/p>\n<p>Allalaetav ja lihtsasti j\u00e4lgitav k\u00e4sit\u00f6\u00f6 \u00f5petus (PDF fail). Juhend sisaldab samm-sammulist \u00f5petust eseme valmistamiseks ning hulgaliselt abistavaid fotosid.<\/p>\n<p>Keel: eesti, inglise, hollandi<\/p>\n<p>\u00d5petuse raskusaste: keeruline<\/p>\n<p>Vajaminevad v\u00f5tted: kinnissilmust, poolsammas, \u00fchekordne sammas, kahe v\u00e4rviga paralleelselt heegeldamine<\/p>\n<hr \/>\n<p><span data-text-color=\"primary\">SUURUS JA MATERJAL<\/span><\/p>\n<p>Suurus: 28 cm<\/p>\n<p>Valmistamiseks on kasutatud meriinovillast ja puuvillast l\u00f5nga ning heegeln\u00f5ela j\u00e4medusega 3 mm.<\/p>\n<hr \/>\n<p><span data-text-color=\"primary\">ABI JA COPYRIGHT<\/span><\/p>\n<p>K\u00fcsimuste korral saab abi\u00a0<a href=\"mailto:%20lilleliis@gmail.com\">e-posti teel<\/a>.<\/p>\n<p>\u00d5petuse j\u00e4rgi valmistatud esemeid v\u00f5ib m\u00fc\u00fca. \u00d5petust on keelatud jagada. Autori\u00f5igustega tutvu\u00a0<a href=\"https:\/\/www.lilleliis.com\/et\/autorioigused\/\" target=\"_blank\" rel=\"noopener\">siin<\/a>.<\/p>\n","protected":false},"featured_media":74269,"comment_status":"open","ping_status":"closed","template":"","meta":[],"product_brand":[],"product_cat":[95,125],"product_tag":[],"class_list":{"0":"post-74211","1":"product","2":"type-product","3":"status-publish","4":"has-post-thumbnail","6":"product_cat-amigurumi-opetused","7":"product_cat-looma-mustrid","8":"pa_pattern-language-eesti","9":"pa_pattern-language-hollandi","10":"pa_pattern-language-inglise","11":"pa_pattern-skill-level-keeruline","13":"first","14":"instock","15":"sold-individually","16":"taxable","17":"shipping-taxable","18":"purchasable","19":"product-type-variable"},"yoast_head":"<!-- This site is optimized with the Yoast SEO plugin v27.3 - https:\/\/yoast.com\/product\/yoast-seo-wordpress\/ -->\n<title>Amigurumi Prantsuse buldog | Heegeldamise \u00f5petus | lilleliis<\/title>\n<meta name=\"description\" content=\"Heegelda ise amigurumi Prantsuse buldog. Lisaks saad heegeldatud kleidi ja vesti \u00f5petuse. \u00d5petus on eesti keeles.\" \/>\n<meta name=\"robots\" content=\"index, follow, max-snippet:-1, max-image-preview:large, max-video-preview:-1\" \/>\n<link rel=\"canonical\" href=\"https:\/\/www.lilleliis.com\/et\/toode\/amigurumi-prantsuse-buldog-opetus\/\" \/>\n<meta property=\"og:locale\" content=\"et_EE\" \/>\n<meta property=\"og:type\" content=\"article\" \/>\n<meta property=\"og:title\" content=\"Amigurumi Prantsuse buldog | Heegeldamise \u00f5petus | lilleliis\" \/>\n<meta property=\"og:description\" content=\"Heegelda ise amigurumi Prantsuse buldog. Lisaks saad heegeldatud kleidi ja vesti \u00f5petuse. \u00d5petus on eesti keeles.\" \/>\n<meta property=\"og:url\" content=\"https:\/\/www.lilleliis.com\/et\/toode\/amigurumi-prantsuse-buldog-opetus\/\" \/>\n<meta property=\"og:site_name\" content=\"lilleliis\" \/>\n<meta property=\"article:publisher\" content=\"https:\/\/www.facebook.com\/lilleliis-283266335035799\/\" \/>\n<meta property=\"og:image\" content=\"https:\/\/www.lilleliis.com\/wp-content\/uploads\/2020\/11\/amigurumi-french-bulldog-pattern-28.jpg\" \/>\n\t<meta property=\"og:image:width\" content=\"853\" \/>\n\t<meta property=\"og:image:height\" content=\"1280\" \/>\n\t<meta property=\"og:image:type\" content=\"image\/jpeg\" \/>\n<meta name=\"twitter:card\" content=\"summary_large_image\" \/>\n<script type=\"application\/ld+json\" class=\"yoast-schema-graph\">{\"@context\":\"https:\\\/\\\/schema.org\",\"@graph\":[{\"@type\":\"WebPage\",\"@id\":\"https:\\\/\\\/www.lilleliis.com\\\/et\\\/toode\\\/amigurumi-prantsuse-buldog-opetus\\\/\",\"url\":\"https:\\\/\\\/www.lilleliis.com\\\/et\\\/toode\\\/amigurumi-prantsuse-buldog-opetus\\\/\",\"name\":\"Amigurumi Prantsuse buldog | Heegeldamise \u00f5petus | lilleliis\",\"isPartOf\":{\"@id\":\"https:\\\/\\\/www.lilleliis.com\\\/et\\\/#website\"},\"primaryImageOfPage\":{\"@id\":\"https:\\\/\\\/www.lilleliis.com\\\/et\\\/toode\\\/amigurumi-prantsuse-buldog-opetus\\\/#primaryimage\"},\"image\":{\"@id\":\"https:\\\/\\\/www.lilleliis.com\\\/et\\\/toode\\\/amigurumi-prantsuse-buldog-opetus\\\/#primaryimage\"},\"thumbnailUrl\":\"https:\\\/\\\/www.lilleliis.com\\\/wp-content\\\/uploads\\\/2020\\\/11\\\/amigurumi-french-bulldog-pattern-28.jpg\",\"datePublished\":\"2025-05-22T08:21:14+00:00\",\"description\":\"Heegelda ise amigurumi Prantsuse buldog. Lisaks saad heegeldatud kleidi ja vesti \u00f5petuse. \u00d5petus on eesti keeles.\",\"breadcrumb\":{\"@id\":\"https:\\\/\\\/www.lilleliis.com\\\/et\\\/toode\\\/amigurumi-prantsuse-buldog-opetus\\\/#breadcrumb\"},\"inLanguage\":\"et\",\"potentialAction\":[{\"@type\":\"ReadAction\",\"target\":[\"https:\\\/\\\/www.lilleliis.com\\\/et\\\/toode\\\/amigurumi-prantsuse-buldog-opetus\\\/\"]}]},{\"@type\":\"ImageObject\",\"inLanguage\":\"et\",\"@id\":\"https:\\\/\\\/www.lilleliis.com\\\/et\\\/toode\\\/amigurumi-prantsuse-buldog-opetus\\\/#primaryimage\",\"url\":\"https:\\\/\\\/www.lilleliis.com\\\/wp-content\\\/uploads\\\/2020\\\/11\\\/amigurumi-french-bulldog-pattern-28.jpg\",\"contentUrl\":\"https:\\\/\\\/www.lilleliis.com\\\/wp-content\\\/uploads\\\/2020\\\/11\\\/amigurumi-french-bulldog-pattern-28.jpg\",\"width\":853,\"height\":1280,\"caption\":\"amigurumi prantsuse buldog\"},{\"@type\":\"BreadcrumbList\",\"@id\":\"https:\\\/\\\/www.lilleliis.com\\\/et\\\/toode\\\/amigurumi-prantsuse-buldog-opetus\\\/#breadcrumb\",\"itemListElement\":[{\"@type\":\"ListItem\",\"position\":1,\"name\":\"Home\",\"item\":\"https:\\\/\\\/www.lilleliis.com\\\/et\\\/\"},{\"@type\":\"ListItem\",\"position\":2,\"name\":\"Pood\",\"item\":\"https:\\\/\\\/www.lilleliis.com\\\/et\\\/shop\\\/\"},{\"@type\":\"ListItem\",\"position\":3,\"name\":\"Amigurumi Prantsuse buldog &#8211; heegeldamise \u00f5petus\"}]},{\"@type\":\"WebSite\",\"@id\":\"https:\\\/\\\/www.lilleliis.com\\\/et\\\/#website\",\"url\":\"https:\\\/\\\/www.lilleliis.com\\\/et\\\/\",\"name\":\"lilleliis\",\"description\":\"Amigurumi m\u00e4nguasjad ja mustrid\",\"potentialAction\":[{\"@type\":\"SearchAction\",\"target\":{\"@type\":\"EntryPoint\",\"urlTemplate\":\"https:\\\/\\\/www.lilleliis.com\\\/et\\\/?s={search_term_string}\"},\"query-input\":{\"@type\":\"PropertyValueSpecification\",\"valueRequired\":true,\"valueName\":\"search_term_string\"}}],\"inLanguage\":\"et\"}]}<\/script>\n<!-- \/ Yoast SEO plugin. -->","yoast_head_json":{"title":"Amigurumi Prantsuse buldog | Heegeldamise \u00f5petus | lilleliis","description":"Heegelda ise amigurumi Prantsuse buldog. Lisaks saad heegeldatud kleidi ja vesti \u00f5petuse. \u00d5petus on eesti keeles.","robots":{"index":"index","follow":"follow","max-snippet":"max-snippet:-1","max-image-preview":"max-image-preview:large","max-video-preview":"max-video-preview:-1"},"canonical":"https:\/\/www.lilleliis.com\/et\/toode\/amigurumi-prantsuse-buldog-opetus\/","og_locale":"et_EE","og_type":"article","og_title":"Amigurumi Prantsuse buldog | Heegeldamise \u00f5petus | lilleliis","og_description":"Heegelda ise amigurumi Prantsuse buldog. Lisaks saad heegeldatud kleidi ja vesti \u00f5petuse. \u00d5petus on eesti keeles.","og_url":"https:\/\/www.lilleliis.com\/et\/toode\/amigurumi-prantsuse-buldog-opetus\/","og_site_name":"lilleliis","article_publisher":"https:\/\/www.facebook.com\/lilleliis-283266335035799\/","og_image":[{"width":853,"height":1280,"url":"https:\/\/www.lilleliis.com\/wp-content\/uploads\/2020\/11\/amigurumi-french-bulldog-pattern-28.jpg","type":"image\/jpeg"}],"twitter_card":"summary_large_image","schema":{"@context":"https:\/\/schema.org","@graph":[{"@type":"WebPage","@id":"https:\/\/www.lilleliis.com\/et\/toode\/amigurumi-prantsuse-buldog-opetus\/","url":"https:\/\/www.lilleliis.com\/et\/toode\/amigurumi-prantsuse-buldog-opetus\/","name":"Amigurumi Prantsuse buldog | Heegeldamise \u00f5petus | lilleliis","isPartOf":{"@id":"https:\/\/www.lilleliis.com\/et\/#website"},"primaryImageOfPage":{"@id":"https:\/\/www.lilleliis.com\/et\/toode\/amigurumi-prantsuse-buldog-opetus\/#primaryimage"},"image":{"@id":"https:\/\/www.lilleliis.com\/et\/toode\/amigurumi-prantsuse-buldog-opetus\/#primaryimage"},"thumbnailUrl":"https:\/\/www.lilleliis.com\/wp-content\/uploads\/2020\/11\/amigurumi-french-bulldog-pattern-28.jpg","datePublished":"2025-05-22T08:21:14+00:00","description":"Heegelda ise amigurumi Prantsuse buldog. Lisaks saad heegeldatud kleidi ja vesti \u00f5petuse. \u00d5petus on eesti keeles.","breadcrumb":{"@id":"https:\/\/www.lilleliis.com\/et\/toode\/amigurumi-prantsuse-buldog-opetus\/#breadcrumb"},"inLanguage":"et","potentialAction":[{"@type":"ReadAction","target":["https:\/\/www.lilleliis.com\/et\/toode\/amigurumi-prantsuse-buldog-opetus\/"]}]},{"@type":"ImageObject","inLanguage":"et","@id":"https:\/\/www.lilleliis.com\/et\/toode\/amigurumi-prantsuse-buldog-opetus\/#primaryimage","url":"https:\/\/www.lilleliis.com\/wp-content\/uploads\/2020\/11\/amigurumi-french-bulldog-pattern-28.jpg","contentUrl":"https:\/\/www.lilleliis.com\/wp-content\/uploads\/2020\/11\/amigurumi-french-bulldog-pattern-28.jpg","width":853,"height":1280,"caption":"amigurumi prantsuse buldog"},{"@type":"BreadcrumbList","@id":"https:\/\/www.lilleliis.com\/et\/toode\/amigurumi-prantsuse-buldog-opetus\/#breadcrumb","itemListElement":[{"@type":"ListItem","position":1,"name":"Home","item":"https:\/\/www.lilleliis.com\/et\/"},{"@type":"ListItem","position":2,"name":"Pood","item":"https:\/\/www.lilleliis.com\/et\/shop\/"},{"@type":"ListItem","position":3,"name":"Amigurumi Prantsuse buldog &#8211; heegeldamise \u00f5petus"}]},{"@type":"WebSite","@id":"https:\/\/www.lilleliis.com\/et\/#website","url":"https:\/\/www.lilleliis.com\/et\/","name":"lilleliis","description":"Amigurumi m\u00e4nguasjad ja mustrid","potentialAction":[{"@type":"SearchAction","target":{"@type":"EntryPoint","urlTemplate":"https:\/\/www.lilleliis.com\/et\/?s={search_term_string}"},"query-input":{"@type":"PropertyValueSpecification","valueRequired":true,"valueName":"search_term_string"}}],"inLanguage":"et"}]}},"_links":{"self":[{"href":"https:\/\/www.lilleliis.com\/et\/wp-json\/wp\/v2\/product\/74211","targetHints":{"allow":["GET"]}}],"collection":[{"href":"https:\/\/www.lilleliis.com\/et\/wp-json\/wp\/v2\/product"}],"about":[{"href":"https:\/\/www.lilleliis.com\/et\/wp-json\/wp\/v2\/types\/product"}],"replies":[{"embeddable":true,"href":"https:\/\/www.lilleliis.com\/et\/wp-json\/wp\/v2\/comments?post=74211"}],"wp:featuredmedia":[{"embeddable":true,"href":"https:\/\/www.lilleliis.com\/et\/wp-json\/wp\/v2\/media\/74269"}],"wp:attachment":[{"href":"https:\/\/www.lilleliis.com\/et\/wp-json\/wp\/v2\/media?parent=74211"}],"wp:term":[{"taxonomy":"product_brand","embeddable":true,"href":"https:\/\/www.lilleliis.com\/et\/wp-json\/wp\/v2\/product_brand?post=74211"},{"taxonomy":"product_cat","embeddable":true,"href":"https:\/\/www.lilleliis.com\/et\/wp-json\/wp\/v2\/product_cat?post=74211"},{"taxonomy":"product_tag","embeddable":true,"href":"https:\/\/www.lilleliis.com\/et\/wp-json\/wp\/v2\/product_tag?post=74211"}],"curies":[{"name":"wp","href":"https:\/\/api.w.org\/{rel}","templated":true}]}}