{"id":74387,"date":"2021-10-29T09:35:51","date_gmt":"2021-10-29T06:35:51","guid":{"rendered":"https:\/\/www.lilleliis.com\/?post_type=product&#038;p=74387"},"modified":"2026-01-08T15:30:04","modified_gmt":"2026-01-08T13:30:04","slug":"heegeldatud-prantsuse-buldog","status":"publish","type":"product","link":"https:\/\/www.lilleliis.com\/et\/toode\/heegeldatud-prantsuse-buldog\/","title":{"rendered":"Heegeldatud Prantsuse buldog"},"content":{"rendered":"<p>Materjal:<\/p>\n<ul>\n<li>l\u00f5ng \u2013 100% meriinovill; kleit &#8211; 100% puuvill<\/li>\n<li>pol\u00fcester kerakiud t\u00e4idis<\/li>\n<li>turvasilmad<\/li>\n<li>organza pael<\/li>\n<\/ul>\n<p>V\u00e4rv: pruun, roosa<\/p>\n<p>Pikkus: umbes 26 sentimeetrit<\/p>\n<p>M\u00e4nguasi sisaldab pisidetaile. Ole ettevaatlik, kui annad seda m\u00e4ngimiseks v\u00e4ga v\u00e4ikesele lapsele.<\/p>\n","protected":false},"excerpt":{"rendered":"<p>Heegeldatud Prantsuse buldog on imearmas kingitus v\u00e4ikesele t\u00fcdrukule, kes unistab koerast. Teda ehivad beebiroosa satsiline kleit ja ilus roosa peapael.<\/p>\n<p>Koer on heegeldatud pehmest meriinovillast, eemaldatav kleit aga m\u00f5nusast puuvillast.<\/p>\n<p>Koer on seisvas asendis.<\/p>\n<p>Eesti k\u00e4sit\u00f6\u00f6.<\/p>\n","protected":false},"featured_media":74393,"comment_status":"open","ping_status":"closed","template":"","meta":[],"product_brand":[],"product_cat":[155],"product_tag":[122,379],"class_list":{"0":"post-74387","1":"product","2":"type-product","3":"status-publish","4":"has-post-thumbnail","6":"product_cat-heegeldatud-manguasjad","7":"product_tag-tudrukutele","8":"product_tag-villased-manguasjad","10":"first","11":"outofstock","12":"taxable","13":"shipping-taxable","14":"purchasable","15":"product-type-simple"},"yoast_head":"<!-- This site is optimized with the Yoast SEO plugin v27.3 - https:\/\/yoast.com\/product\/yoast-seo-wordpress\/ -->\n<title>Heegeldatud Prantsuse buldog | lilleliis<\/title>\n<meta name=\"robots\" content=\"index, follow, max-snippet:-1, max-image-preview:large, max-video-preview:-1\" \/>\n<link rel=\"canonical\" href=\"https:\/\/www.lilleliis.com\/et\/toode\/heegeldatud-prantsuse-buldog\/\" \/>\n<meta property=\"og:locale\" content=\"et_EE\" \/>\n<meta property=\"og:type\" content=\"article\" \/>\n<meta property=\"og:title\" content=\"Heegeldatud Prantsuse buldog | lilleliis\" \/>\n<meta property=\"og:description\" content=\"Heegeldatud Prantsuse buldog on imearmas kingitus v\u00e4ikesele t\u00fcdrukule, kes unistab koerast. Teda ehivad beebiroosa satsiline kleit ja ilus roosa peapael.  Koer on heegeldatud pehmest meriinovillast, eemaldatav kleit aga m\u00f5nusast puuvillast.  Koer on seisvas asendis.  Eesti k\u00e4sit\u00f6\u00f6.\" \/>\n<meta property=\"og:url\" content=\"https:\/\/www.lilleliis.com\/et\/toode\/heegeldatud-prantsuse-buldog\/\" \/>\n<meta property=\"og:site_name\" content=\"lilleliis\" \/>\n<meta property=\"article:publisher\" content=\"https:\/\/www.facebook.com\/lilleliis-283266335035799\/\" \/>\n<meta property=\"article:modified_time\" content=\"2026-01-08T13:30:04+00:00\" \/>\n<meta property=\"og:image\" content=\"https:\/\/www.lilleliis.com\/wp-content\/uploads\/2020\/11\/heegeldatud-prantsuse-buldog-4.jpg\" \/>\n\t<meta property=\"og:image:width\" content=\"854\" \/>\n\t<meta property=\"og:image:height\" content=\"1280\" \/>\n\t<meta property=\"og:image:type\" content=\"image\/jpeg\" \/>\n<meta name=\"twitter:card\" content=\"summary_large_image\" \/>\n<script type=\"application\/ld+json\" class=\"yoast-schema-graph\">{\"@context\":\"https:\\\/\\\/schema.org\",\"@graph\":[{\"@type\":\"WebPage\",\"@id\":\"https:\\\/\\\/www.lilleliis.com\\\/et\\\/toode\\\/heegeldatud-prantsuse-buldog\\\/\",\"url\":\"https:\\\/\\\/www.lilleliis.com\\\/et\\\/toode\\\/heegeldatud-prantsuse-buldog\\\/\",\"name\":\"Heegeldatud Prantsuse buldog | lilleliis\",\"isPartOf\":{\"@id\":\"https:\\\/\\\/www.lilleliis.com\\\/et\\\/#website\"},\"primaryImageOfPage\":{\"@id\":\"https:\\\/\\\/www.lilleliis.com\\\/et\\\/toode\\\/heegeldatud-prantsuse-buldog\\\/#primaryimage\"},\"image\":{\"@id\":\"https:\\\/\\\/www.lilleliis.com\\\/et\\\/toode\\\/heegeldatud-prantsuse-buldog\\\/#primaryimage\"},\"thumbnailUrl\":\"https:\\\/\\\/www.lilleliis.com\\\/wp-content\\\/uploads\\\/2020\\\/11\\\/heegeldatud-prantsuse-buldog-4.jpg\",\"datePublished\":\"2021-10-29T06:35:51+00:00\",\"dateModified\":\"2026-01-08T13:30:04+00:00\",\"breadcrumb\":{\"@id\":\"https:\\\/\\\/www.lilleliis.com\\\/et\\\/toode\\\/heegeldatud-prantsuse-buldog\\\/#breadcrumb\"},\"inLanguage\":\"et\",\"potentialAction\":[{\"@type\":\"ReadAction\",\"target\":[\"https:\\\/\\\/www.lilleliis.com\\\/et\\\/toode\\\/heegeldatud-prantsuse-buldog\\\/\"]}]},{\"@type\":\"ImageObject\",\"inLanguage\":\"et\",\"@id\":\"https:\\\/\\\/www.lilleliis.com\\\/et\\\/toode\\\/heegeldatud-prantsuse-buldog\\\/#primaryimage\",\"url\":\"https:\\\/\\\/www.lilleliis.com\\\/wp-content\\\/uploads\\\/2020\\\/11\\\/heegeldatud-prantsuse-buldog-4.jpg\",\"contentUrl\":\"https:\\\/\\\/www.lilleliis.com\\\/wp-content\\\/uploads\\\/2020\\\/11\\\/heegeldatud-prantsuse-buldog-4.jpg\",\"width\":854,\"height\":1280,\"caption\":\"heegeldatud prantsuse buldog\"},{\"@type\":\"BreadcrumbList\",\"@id\":\"https:\\\/\\\/www.lilleliis.com\\\/et\\\/toode\\\/heegeldatud-prantsuse-buldog\\\/#breadcrumb\",\"itemListElement\":[{\"@type\":\"ListItem\",\"position\":1,\"name\":\"Home\",\"item\":\"https:\\\/\\\/www.lilleliis.com\\\/et\\\/\"},{\"@type\":\"ListItem\",\"position\":2,\"name\":\"Pood\",\"item\":\"https:\\\/\\\/www.lilleliis.com\\\/et\\\/shop\\\/\"},{\"@type\":\"ListItem\",\"position\":3,\"name\":\"Heegeldatud Prantsuse buldog\"}]},{\"@type\":\"WebSite\",\"@id\":\"https:\\\/\\\/www.lilleliis.com\\\/et\\\/#website\",\"url\":\"https:\\\/\\\/www.lilleliis.com\\\/et\\\/\",\"name\":\"lilleliis\",\"description\":\"Amigurumi m\u00e4nguasjad ja mustrid\",\"potentialAction\":[{\"@type\":\"SearchAction\",\"target\":{\"@type\":\"EntryPoint\",\"urlTemplate\":\"https:\\\/\\\/www.lilleliis.com\\\/et\\\/?s={search_term_string}\"},\"query-input\":{\"@type\":\"PropertyValueSpecification\",\"valueRequired\":true,\"valueName\":\"search_term_string\"}}],\"inLanguage\":\"et\"}]}<\/script>\n<!-- \/ Yoast SEO plugin. -->","yoast_head_json":{"title":"Heegeldatud Prantsuse buldog | lilleliis","robots":{"index":"index","follow":"follow","max-snippet":"max-snippet:-1","max-image-preview":"max-image-preview:large","max-video-preview":"max-video-preview:-1"},"canonical":"https:\/\/www.lilleliis.com\/et\/toode\/heegeldatud-prantsuse-buldog\/","og_locale":"et_EE","og_type":"article","og_title":"Heegeldatud Prantsuse buldog | lilleliis","og_description":"Heegeldatud Prantsuse buldog on imearmas kingitus v\u00e4ikesele t\u00fcdrukule, kes unistab koerast. Teda ehivad beebiroosa satsiline kleit ja ilus roosa peapael.  Koer on heegeldatud pehmest meriinovillast, eemaldatav kleit aga m\u00f5nusast puuvillast.  Koer on seisvas asendis.  Eesti k\u00e4sit\u00f6\u00f6.","og_url":"https:\/\/www.lilleliis.com\/et\/toode\/heegeldatud-prantsuse-buldog\/","og_site_name":"lilleliis","article_publisher":"https:\/\/www.facebook.com\/lilleliis-283266335035799\/","article_modified_time":"2026-01-08T13:30:04+00:00","og_image":[{"width":854,"height":1280,"url":"https:\/\/www.lilleliis.com\/wp-content\/uploads\/2020\/11\/heegeldatud-prantsuse-buldog-4.jpg","type":"image\/jpeg"}],"twitter_card":"summary_large_image","schema":{"@context":"https:\/\/schema.org","@graph":[{"@type":"WebPage","@id":"https:\/\/www.lilleliis.com\/et\/toode\/heegeldatud-prantsuse-buldog\/","url":"https:\/\/www.lilleliis.com\/et\/toode\/heegeldatud-prantsuse-buldog\/","name":"Heegeldatud Prantsuse buldog | lilleliis","isPartOf":{"@id":"https:\/\/www.lilleliis.com\/et\/#website"},"primaryImageOfPage":{"@id":"https:\/\/www.lilleliis.com\/et\/toode\/heegeldatud-prantsuse-buldog\/#primaryimage"},"image":{"@id":"https:\/\/www.lilleliis.com\/et\/toode\/heegeldatud-prantsuse-buldog\/#primaryimage"},"thumbnailUrl":"https:\/\/www.lilleliis.com\/wp-content\/uploads\/2020\/11\/heegeldatud-prantsuse-buldog-4.jpg","datePublished":"2021-10-29T06:35:51+00:00","dateModified":"2026-01-08T13:30:04+00:00","breadcrumb":{"@id":"https:\/\/www.lilleliis.com\/et\/toode\/heegeldatud-prantsuse-buldog\/#breadcrumb"},"inLanguage":"et","potentialAction":[{"@type":"ReadAction","target":["https:\/\/www.lilleliis.com\/et\/toode\/heegeldatud-prantsuse-buldog\/"]}]},{"@type":"ImageObject","inLanguage":"et","@id":"https:\/\/www.lilleliis.com\/et\/toode\/heegeldatud-prantsuse-buldog\/#primaryimage","url":"https:\/\/www.lilleliis.com\/wp-content\/uploads\/2020\/11\/heegeldatud-prantsuse-buldog-4.jpg","contentUrl":"https:\/\/www.lilleliis.com\/wp-content\/uploads\/2020\/11\/heegeldatud-prantsuse-buldog-4.jpg","width":854,"height":1280,"caption":"heegeldatud prantsuse buldog"},{"@type":"BreadcrumbList","@id":"https:\/\/www.lilleliis.com\/et\/toode\/heegeldatud-prantsuse-buldog\/#breadcrumb","itemListElement":[{"@type":"ListItem","position":1,"name":"Home","item":"https:\/\/www.lilleliis.com\/et\/"},{"@type":"ListItem","position":2,"name":"Pood","item":"https:\/\/www.lilleliis.com\/et\/shop\/"},{"@type":"ListItem","position":3,"name":"Heegeldatud Prantsuse buldog"}]},{"@type":"WebSite","@id":"https:\/\/www.lilleliis.com\/et\/#website","url":"https:\/\/www.lilleliis.com\/et\/","name":"lilleliis","description":"Amigurumi m\u00e4nguasjad ja mustrid","potentialAction":[{"@type":"SearchAction","target":{"@type":"EntryPoint","urlTemplate":"https:\/\/www.lilleliis.com\/et\/?s={search_term_string}"},"query-input":{"@type":"PropertyValueSpecification","valueRequired":true,"valueName":"search_term_string"}}],"inLanguage":"et"}]}},"_links":{"self":[{"href":"https:\/\/www.lilleliis.com\/et\/wp-json\/wp\/v2\/product\/74387","targetHints":{"allow":["GET"]}}],"collection":[{"href":"https:\/\/www.lilleliis.com\/et\/wp-json\/wp\/v2\/product"}],"about":[{"href":"https:\/\/www.lilleliis.com\/et\/wp-json\/wp\/v2\/types\/product"}],"replies":[{"embeddable":true,"href":"https:\/\/www.lilleliis.com\/et\/wp-json\/wp\/v2\/comments?post=74387"}],"wp:featuredmedia":[{"embeddable":true,"href":"https:\/\/www.lilleliis.com\/et\/wp-json\/wp\/v2\/media\/74393"}],"wp:attachment":[{"href":"https:\/\/www.lilleliis.com\/et\/wp-json\/wp\/v2\/media?parent=74387"}],"wp:term":[{"taxonomy":"product_brand","embeddable":true,"href":"https:\/\/www.lilleliis.com\/et\/wp-json\/wp\/v2\/product_brand?post=74387"},{"taxonomy":"product_cat","embeddable":true,"href":"https:\/\/www.lilleliis.com\/et\/wp-json\/wp\/v2\/product_cat?post=74387"},{"taxonomy":"product_tag","embeddable":true,"href":"https:\/\/www.lilleliis.com\/et\/wp-json\/wp\/v2\/product_tag?post=74387"}],"curies":[{"name":"wp","href":"https:\/\/api.w.org\/{rel}","templated":true}]}}