{"id":75064,"date":"2025-03-23T16:08:52","date_gmt":"2025-03-23T14:08:52","guid":{"rendered":"https:\/\/www.lilleliis.com\/?post_type=product&#038;p=75064"},"modified":"2026-01-08T15:12:10","modified_gmt":"2026-01-08T13:12:10","slug":"heegeldatud-janes-nops","status":"publish","type":"product","link":"https:\/\/www.lilleliis.com\/et\/toode\/heegeldatud-janes-nops\/","title":{"rendered":"Heegeldatud j\u00e4nes N\u00f6ps"},"content":{"rendered":null,"protected":false},"excerpt":{"rendered":"<p>Vahva heegeldatud j\u00e4nes N\u00f6ps, kelle seltsis on tore maailma avastada. S\u00e4rtsakas sinine j\u00e4nes on heegeldatud naturaalsest l\u00f5ngast, mis on naha vastas m\u00f5nus ja pehme. Aktsendiks roosades ja lillades toonides lilledega kangas k\u00f5rvadel ja taldade.<\/p>\n<p>T\u00e4nu pikkadele jalgadele on j\u00e4nkut mugav istuma s\u00e4ttida.<\/p>\n<p>Autorit\u00f6\u00f6. Disainitud ja k\u00e4sitsi valmistatud meie oma v\u00e4ikeses Eestis.<\/p>\n<div class=\"is-divider divider clearfix\" style=\"max-width:100%;\"><\/div>\n<p>Materjal:<\/p>\n<ul>\n<li>L\u00f5ng \u2013 50% vill, 50% puuvill<\/li>\n<li>pol\u00fcester kerakiud t\u00e4idis<\/li>\n<li>turvasilmad<\/li>\n<li>puuvillane kangas<\/li>\n<li>satiinpael<\/li>\n<\/ul>\n<p>V\u00e4rv: helesinine, roosa<\/p>\n<p>Pikkus: umbes 30 sentimeetrit<\/p>\n<div class=\"is-divider divider clearfix\" style=\"max-width:100%;\"><\/div>\n<p>M\u00e4nguasjal on kasutatud on pisidetaile (turvasilmad). Ole ettevaatlik, kui annad seda m\u00e4ngimiseks v\u00e4ga v\u00e4ikesele lapsele.<\/p>\n","protected":false},"featured_media":97357,"comment_status":"open","ping_status":"closed","template":"","meta":[],"product_brand":[],"product_cat":[155],"product_tag":[123],"class_list":{"0":"post-75064","1":"product","2":"type-product","3":"status-publish","4":"has-post-thumbnail","6":"product_cat-heegeldatud-manguasjad","7":"product_tag-beebidele","9":"first","10":"outofstock","11":"taxable","12":"shipping-taxable","13":"purchasable","14":"product-type-simple"},"yoast_head":"<!-- This site is optimized with the Yoast SEO plugin v27.3 - https:\/\/yoast.com\/product\/yoast-seo-wordpress\/ -->\n<title>Heegeldatud j\u00e4nes N\u00f6ps | lilleliis<\/title>\n<meta name=\"description\" content=\"S\u00e4rtsakates toonides heegeldatud j\u00e4nes, kelle seltsis on tore maailma avastada. Valmistatud naturaalsest l\u00f5ngast. K\u00e4sit\u00f6\u00f6.\" \/>\n<meta name=\"robots\" content=\"index, follow, max-snippet:-1, max-image-preview:large, max-video-preview:-1\" \/>\n<link rel=\"canonical\" href=\"https:\/\/www.lilleliis.com\/et\/toode\/heegeldatud-janes-nops\/\" \/>\n<meta property=\"og:locale\" content=\"et_EE\" \/>\n<meta property=\"og:type\" content=\"article\" \/>\n<meta property=\"og:title\" content=\"Heegeldatud j\u00e4nes N\u00f6ps | lilleliis\" \/>\n<meta property=\"og:description\" content=\"S\u00e4rtsakates toonides heegeldatud j\u00e4nes, kelle seltsis on tore maailma avastada. Valmistatud naturaalsest l\u00f5ngast. K\u00e4sit\u00f6\u00f6.\" \/>\n<meta property=\"og:url\" content=\"https:\/\/www.lilleliis.com\/et\/toode\/heegeldatud-janes-nops\/\" \/>\n<meta property=\"og:site_name\" content=\"lilleliis\" \/>\n<meta property=\"article:publisher\" content=\"https:\/\/www.facebook.com\/lilleliis-283266335035799\/\" \/>\n<meta property=\"article:modified_time\" content=\"2026-01-08T13:12:10+00:00\" \/>\n<meta property=\"og:image\" content=\"https:\/\/www.lilleliis.com\/wp-content\/uploads\/2020\/12\/heegeldatud-janes2.jpg\" \/>\n\t<meta property=\"og:image:width\" content=\"1000\" \/>\n\t<meta property=\"og:image:height\" content=\"1500\" \/>\n\t<meta property=\"og:image:type\" content=\"image\/jpeg\" \/>\n<meta name=\"twitter:card\" content=\"summary_large_image\" \/>\n<meta name=\"twitter:label1\" content=\"Est. reading time\" \/>\n\t<meta name=\"twitter:data1\" content=\"1 minute\" \/>\n<script type=\"application\/ld+json\" class=\"yoast-schema-graph\">{\"@context\":\"https:\\\/\\\/schema.org\",\"@graph\":[{\"@type\":\"WebPage\",\"@id\":\"https:\\\/\\\/www.lilleliis.com\\\/et\\\/toode\\\/heegeldatud-janes-nops\\\/\",\"url\":\"https:\\\/\\\/www.lilleliis.com\\\/et\\\/toode\\\/heegeldatud-janes-nops\\\/\",\"name\":\"Heegeldatud j\u00e4nes N\u00f6ps | lilleliis\",\"isPartOf\":{\"@id\":\"https:\\\/\\\/www.lilleliis.com\\\/et\\\/#website\"},\"primaryImageOfPage\":{\"@id\":\"https:\\\/\\\/www.lilleliis.com\\\/et\\\/toode\\\/heegeldatud-janes-nops\\\/#primaryimage\"},\"image\":{\"@id\":\"https:\\\/\\\/www.lilleliis.com\\\/et\\\/toode\\\/heegeldatud-janes-nops\\\/#primaryimage\"},\"thumbnailUrl\":\"https:\\\/\\\/www.lilleliis.com\\\/wp-content\\\/uploads\\\/2020\\\/12\\\/heegeldatud-janes2.jpg\",\"datePublished\":\"2025-03-23T14:08:52+00:00\",\"dateModified\":\"2026-01-08T13:12:10+00:00\",\"description\":\"S\u00e4rtsakates toonides heegeldatud j\u00e4nes, kelle seltsis on tore maailma avastada. Valmistatud naturaalsest l\u00f5ngast. K\u00e4sit\u00f6\u00f6.\",\"breadcrumb\":{\"@id\":\"https:\\\/\\\/www.lilleliis.com\\\/et\\\/toode\\\/heegeldatud-janes-nops\\\/#breadcrumb\"},\"inLanguage\":\"et\",\"potentialAction\":[{\"@type\":\"ReadAction\",\"target\":[\"https:\\\/\\\/www.lilleliis.com\\\/et\\\/toode\\\/heegeldatud-janes-nops\\\/\"]}]},{\"@type\":\"ImageObject\",\"inLanguage\":\"et\",\"@id\":\"https:\\\/\\\/www.lilleliis.com\\\/et\\\/toode\\\/heegeldatud-janes-nops\\\/#primaryimage\",\"url\":\"https:\\\/\\\/www.lilleliis.com\\\/wp-content\\\/uploads\\\/2020\\\/12\\\/heegeldatud-janes2.jpg\",\"contentUrl\":\"https:\\\/\\\/www.lilleliis.com\\\/wp-content\\\/uploads\\\/2020\\\/12\\\/heegeldatud-janes2.jpg\",\"width\":1000,\"height\":1500,\"caption\":\"heegeldatud j\u00e4nes\"},{\"@type\":\"BreadcrumbList\",\"@id\":\"https:\\\/\\\/www.lilleliis.com\\\/et\\\/toode\\\/heegeldatud-janes-nops\\\/#breadcrumb\",\"itemListElement\":[{\"@type\":\"ListItem\",\"position\":1,\"name\":\"Home\",\"item\":\"https:\\\/\\\/www.lilleliis.com\\\/et\\\/\"},{\"@type\":\"ListItem\",\"position\":2,\"name\":\"Pood\",\"item\":\"https:\\\/\\\/www.lilleliis.com\\\/et\\\/shop\\\/\"},{\"@type\":\"ListItem\",\"position\":3,\"name\":\"Heegeldatud j\u00e4nes N\u00f6ps\"}]},{\"@type\":\"WebSite\",\"@id\":\"https:\\\/\\\/www.lilleliis.com\\\/et\\\/#website\",\"url\":\"https:\\\/\\\/www.lilleliis.com\\\/et\\\/\",\"name\":\"lilleliis\",\"description\":\"Amigurumi m\u00e4nguasjad ja mustrid\",\"potentialAction\":[{\"@type\":\"SearchAction\",\"target\":{\"@type\":\"EntryPoint\",\"urlTemplate\":\"https:\\\/\\\/www.lilleliis.com\\\/et\\\/?s={search_term_string}\"},\"query-input\":{\"@type\":\"PropertyValueSpecification\",\"valueRequired\":true,\"valueName\":\"search_term_string\"}}],\"inLanguage\":\"et\"}]}<\/script>\n<!-- \/ Yoast SEO plugin. -->","yoast_head_json":{"title":"Heegeldatud j\u00e4nes N\u00f6ps | lilleliis","description":"S\u00e4rtsakates toonides heegeldatud j\u00e4nes, kelle seltsis on tore maailma avastada. Valmistatud naturaalsest l\u00f5ngast. K\u00e4sit\u00f6\u00f6.","robots":{"index":"index","follow":"follow","max-snippet":"max-snippet:-1","max-image-preview":"max-image-preview:large","max-video-preview":"max-video-preview:-1"},"canonical":"https:\/\/www.lilleliis.com\/et\/toode\/heegeldatud-janes-nops\/","og_locale":"et_EE","og_type":"article","og_title":"Heegeldatud j\u00e4nes N\u00f6ps | lilleliis","og_description":"S\u00e4rtsakates toonides heegeldatud j\u00e4nes, kelle seltsis on tore maailma avastada. Valmistatud naturaalsest l\u00f5ngast. K\u00e4sit\u00f6\u00f6.","og_url":"https:\/\/www.lilleliis.com\/et\/toode\/heegeldatud-janes-nops\/","og_site_name":"lilleliis","article_publisher":"https:\/\/www.facebook.com\/lilleliis-283266335035799\/","article_modified_time":"2026-01-08T13:12:10+00:00","og_image":[{"width":1000,"height":1500,"url":"https:\/\/www.lilleliis.com\/wp-content\/uploads\/2020\/12\/heegeldatud-janes2.jpg","type":"image\/jpeg"}],"twitter_card":"summary_large_image","twitter_misc":{"Est. reading time":"1 minute"},"schema":{"@context":"https:\/\/schema.org","@graph":[{"@type":"WebPage","@id":"https:\/\/www.lilleliis.com\/et\/toode\/heegeldatud-janes-nops\/","url":"https:\/\/www.lilleliis.com\/et\/toode\/heegeldatud-janes-nops\/","name":"Heegeldatud j\u00e4nes N\u00f6ps | lilleliis","isPartOf":{"@id":"https:\/\/www.lilleliis.com\/et\/#website"},"primaryImageOfPage":{"@id":"https:\/\/www.lilleliis.com\/et\/toode\/heegeldatud-janes-nops\/#primaryimage"},"image":{"@id":"https:\/\/www.lilleliis.com\/et\/toode\/heegeldatud-janes-nops\/#primaryimage"},"thumbnailUrl":"https:\/\/www.lilleliis.com\/wp-content\/uploads\/2020\/12\/heegeldatud-janes2.jpg","datePublished":"2025-03-23T14:08:52+00:00","dateModified":"2026-01-08T13:12:10+00:00","description":"S\u00e4rtsakates toonides heegeldatud j\u00e4nes, kelle seltsis on tore maailma avastada. Valmistatud naturaalsest l\u00f5ngast. K\u00e4sit\u00f6\u00f6.","breadcrumb":{"@id":"https:\/\/www.lilleliis.com\/et\/toode\/heegeldatud-janes-nops\/#breadcrumb"},"inLanguage":"et","potentialAction":[{"@type":"ReadAction","target":["https:\/\/www.lilleliis.com\/et\/toode\/heegeldatud-janes-nops\/"]}]},{"@type":"ImageObject","inLanguage":"et","@id":"https:\/\/www.lilleliis.com\/et\/toode\/heegeldatud-janes-nops\/#primaryimage","url":"https:\/\/www.lilleliis.com\/wp-content\/uploads\/2020\/12\/heegeldatud-janes2.jpg","contentUrl":"https:\/\/www.lilleliis.com\/wp-content\/uploads\/2020\/12\/heegeldatud-janes2.jpg","width":1000,"height":1500,"caption":"heegeldatud j\u00e4nes"},{"@type":"BreadcrumbList","@id":"https:\/\/www.lilleliis.com\/et\/toode\/heegeldatud-janes-nops\/#breadcrumb","itemListElement":[{"@type":"ListItem","position":1,"name":"Home","item":"https:\/\/www.lilleliis.com\/et\/"},{"@type":"ListItem","position":2,"name":"Pood","item":"https:\/\/www.lilleliis.com\/et\/shop\/"},{"@type":"ListItem","position":3,"name":"Heegeldatud j\u00e4nes N\u00f6ps"}]},{"@type":"WebSite","@id":"https:\/\/www.lilleliis.com\/et\/#website","url":"https:\/\/www.lilleliis.com\/et\/","name":"lilleliis","description":"Amigurumi m\u00e4nguasjad ja mustrid","potentialAction":[{"@type":"SearchAction","target":{"@type":"EntryPoint","urlTemplate":"https:\/\/www.lilleliis.com\/et\/?s={search_term_string}"},"query-input":{"@type":"PropertyValueSpecification","valueRequired":true,"valueName":"search_term_string"}}],"inLanguage":"et"}]}},"_links":{"self":[{"href":"https:\/\/www.lilleliis.com\/et\/wp-json\/wp\/v2\/product\/75064","targetHints":{"allow":["GET"]}}],"collection":[{"href":"https:\/\/www.lilleliis.com\/et\/wp-json\/wp\/v2\/product"}],"about":[{"href":"https:\/\/www.lilleliis.com\/et\/wp-json\/wp\/v2\/types\/product"}],"replies":[{"embeddable":true,"href":"https:\/\/www.lilleliis.com\/et\/wp-json\/wp\/v2\/comments?post=75064"}],"wp:featuredmedia":[{"embeddable":true,"href":"https:\/\/www.lilleliis.com\/et\/wp-json\/wp\/v2\/media\/97357"}],"wp:attachment":[{"href":"https:\/\/www.lilleliis.com\/et\/wp-json\/wp\/v2\/media?parent=75064"}],"wp:term":[{"taxonomy":"product_brand","embeddable":true,"href":"https:\/\/www.lilleliis.com\/et\/wp-json\/wp\/v2\/product_brand?post=75064"},{"taxonomy":"product_cat","embeddable":true,"href":"https:\/\/www.lilleliis.com\/et\/wp-json\/wp\/v2\/product_cat?post=75064"},{"taxonomy":"product_tag","embeddable":true,"href":"https:\/\/www.lilleliis.com\/et\/wp-json\/wp\/v2\/product_tag?post=75064"}],"curies":[{"name":"wp","href":"https:\/\/api.w.org\/{rel}","templated":true}]}}