{"id":77126,"date":"2026-02-14T08:50:39","date_gmt":"2026-02-14T06:50:39","guid":{"rendered":"https:\/\/www.lilleliis.com\/?post_type=product&#038;p=77126"},"modified":"2026-03-13T09:27:08","modified_gmt":"2026-03-13T07:27:08","slug":"kevadjanku-amigurumi-muster","status":"publish","type":"product","link":"https:\/\/www.lilleliis.com\/et\/toode\/kevadjanku-amigurumi-muster\/","title":{"rendered":"J\u00e4nese heegeldamise \u00f5petus &#8211; Kevad-j\u00e4nku"},"content":{"rendered":"<p>Amigurumi j\u00e4nese heegeldamise \u00f5petus &#8211; Kevad-j\u00e4nku<\/p>\n<h3>Mustrist<\/h3>\n<p>Allalaetav ja lihtsasti j\u00e4lgitav k\u00e4sit\u00f6\u00f6 \u00f5petus (PDF fail). Juhend sisaldab samm-sammulist \u00f5petust eseme valmistamiseks ning hulgaliselt abistavaid fotosid.<\/p>\n<p>Keel: eesti, inglise, saksa, hispaania, hollandi, itaalia, taani<\/p>\n<p>\u00d5petuse raskusaste: lihtne<\/p>\n<p>Vajaminevad v\u00f5tted: kinnissilmust, pikk kinnissilmus<\/p>\n<div class=\"is-divider divider clearfix\" ><\/div>\n<h3>Suurus ja materjal<\/h3>\n<p>Suurus: 15 cm<\/p>\n<p>Valmistamiseks on kasutatud puuvillast l\u00f5nga <a href=\"https:\/\/www.lilleliis.com\/et\/toode\/ricorumi-dk\/\">Ricorumi DK<\/a> ning heegeln\u00f5ela j\u00e4medusega 2,5 mm.<\/p>\n<div class=\"is-divider divider clearfix\" ><\/div>\n<h3>Abi ja copyright<\/h3>\n<p>K\u00fcsimuste korral saab abi\u00a0<a href=\"mailto:%20lilleliis@gmail.com\">e-posti teel<\/a>.<\/p>\n<p>\u00d5petuse j\u00e4rgi valmistatud esemeid v\u00f5ib m\u00fc\u00fca. \u00d5petust on keelatud jagada. Autori\u00f5igustega tutvu\u00a0<a href=\"https:\/\/www.lilleliis.com\/et\/autorioigused\/\" target=\"_blank\" rel=\"noopener\">siin<\/a>.<\/p>\n","protected":false},"excerpt":{"rendered":"<p>Selle j\u00e4nese heegeldamise \u00f5petuse abil saad valmistada armsa Kevad-j\u00e4nku. Muster on inspireeritud kevadest &#8211; \u00f5itsevatest lilledest, j\u00e4nkudest ja lihav\u00f5ttemunadest, mis k\u00f5ik on kokku p\u00f5imitud \u00fcheks r\u00f5\u00f5msaks amigurumi tegelaseks.<\/p>\n<p>J\u00e4nes ise on lihtne ja koosneb ainult kolmest heegeldatud detailist. Eriliseks teevad selle kaunistused &#8211; keha p\u00f5hjas olev muru ja kehale tikitud lille\u00f5ied.<\/p>\n<p>Kevad-j\u00e4nku amigurumi muster sobib h\u00e4sti kevadiseks projektiks v\u00f5i lihav\u00f5ttekingiks.<\/p>\n<div class=\"is-divider divider clearfix\"><div class=\"is-divider divider clearfix\" ><\/div><\/div>\n<p data-start=\"1904\" data-end=\"2047\">Tegemist on allalaetava <strong data-start=\"326\" data-end=\"343\">PDF-\u00f5petusega<\/strong>, mis sisaldab rohkelt fotosid. \u00d5petuse raskusaste on <strong>lihtne<\/strong>. \u00d5petus on saadaval ka eesti keeles.<\/p>\n","protected":false},"featured_media":77139,"comment_status":"open","ping_status":"closed","template":"","meta":[],"product_brand":[],"product_cat":[95,119],"product_tag":[1605],"class_list":{"0":"post-77126","1":"product","2":"type-product","3":"status-publish","4":"has-post-thumbnail","6":"product_cat-amigurumi-opetused","7":"product_cat-janku-mustrid","8":"product_tag-lihavotted","9":"pa_pattern-language-eesti","10":"pa_pattern-language-hispaania","11":"pa_pattern-language-hollandi","12":"pa_pattern-language-inglise","13":"pa_pattern-language-itaalia","14":"pa_pattern-language-saksa","15":"pa_pattern-language-taani","16":"pa_pattern-skill-level-lihtne","18":"first","19":"instock","20":"sold-individually","21":"taxable","22":"shipping-taxable","23":"purchasable","24":"product-type-variable"},"yoast_head":"<!-- This site is optimized with the Yoast SEO plugin v27.3 - https:\/\/yoast.com\/product\/yoast-seo-wordpress\/ -->\n<title>Kevade j\u00e4nese heegeldamise \u00f5petus - Kevad-j\u00e4nku | lilleliis<\/title>\n<meta name=\"description\" content=\"Kevade j\u00e4nese heegeldamise \u00f5petus algajale. Heegelda armas amigurumi Kevad-j\u00e4nku. Allalaetav PDF \u00f5petus koos fotodega.\" \/>\n<meta name=\"robots\" content=\"index, follow, max-snippet:-1, max-image-preview:large, max-video-preview:-1\" \/>\n<link rel=\"canonical\" href=\"https:\/\/www.lilleliis.com\/et\/toode\/kevadjanku-amigurumi-muster\/\" \/>\n<meta property=\"og:locale\" content=\"et_EE\" \/>\n<meta property=\"og:type\" content=\"article\" \/>\n<meta property=\"og:title\" content=\"Kevade j\u00e4nese heegeldamise \u00f5petus - Kevad-j\u00e4nku | lilleliis\" \/>\n<meta property=\"og:description\" content=\"Kevade j\u00e4nese heegeldamise \u00f5petus algajale. Heegelda armas amigurumi Kevad-j\u00e4nku. Allalaetav PDF \u00f5petus koos fotodega.\" \/>\n<meta property=\"og:url\" content=\"https:\/\/www.lilleliis.com\/et\/toode\/kevadjanku-amigurumi-muster\/\" \/>\n<meta property=\"og:site_name\" content=\"lilleliis\" \/>\n<meta property=\"article:publisher\" content=\"https:\/\/www.facebook.com\/lilleliis-283266335035799\/\" \/>\n<meta property=\"article:modified_time\" content=\"2026-03-13T07:27:08+00:00\" \/>\n<meta property=\"og:image\" content=\"https:\/\/www.lilleliis.com\/wp-content\/uploads\/2021\/03\/spring-bunny-amigurumi-pattern-2.jpg\" \/>\n\t<meta property=\"og:image:width\" content=\"853\" \/>\n\t<meta property=\"og:image:height\" content=\"1280\" \/>\n\t<meta property=\"og:image:type\" content=\"image\/jpeg\" \/>\n<meta name=\"twitter:card\" content=\"summary_large_image\" \/>\n<meta name=\"twitter:label1\" content=\"Est. reading time\" \/>\n\t<meta name=\"twitter:data1\" content=\"1 minute\" \/>\n<script type=\"application\/ld+json\" class=\"yoast-schema-graph\">{\"@context\":\"https:\\\/\\\/schema.org\",\"@graph\":[{\"@type\":\"WebPage\",\"@id\":\"https:\\\/\\\/www.lilleliis.com\\\/et\\\/toode\\\/kevadjanku-amigurumi-muster\\\/\",\"url\":\"https:\\\/\\\/www.lilleliis.com\\\/et\\\/toode\\\/kevadjanku-amigurumi-muster\\\/\",\"name\":\"Kevade j\u00e4nese heegeldamise \u00f5petus - Kevad-j\u00e4nku | lilleliis\",\"isPartOf\":{\"@id\":\"https:\\\/\\\/www.lilleliis.com\\\/et\\\/#website\"},\"primaryImageOfPage\":{\"@id\":\"https:\\\/\\\/www.lilleliis.com\\\/et\\\/toode\\\/kevadjanku-amigurumi-muster\\\/#primaryimage\"},\"image\":{\"@id\":\"https:\\\/\\\/www.lilleliis.com\\\/et\\\/toode\\\/kevadjanku-amigurumi-muster\\\/#primaryimage\"},\"thumbnailUrl\":\"https:\\\/\\\/www.lilleliis.com\\\/wp-content\\\/uploads\\\/2021\\\/03\\\/spring-bunny-amigurumi-pattern-2.jpg\",\"datePublished\":\"2026-02-14T06:50:39+00:00\",\"dateModified\":\"2026-03-13T07:27:08+00:00\",\"description\":\"Kevade j\u00e4nese heegeldamise \u00f5petus algajale. Heegelda armas amigurumi Kevad-j\u00e4nku. Allalaetav PDF \u00f5petus koos fotodega.\",\"breadcrumb\":{\"@id\":\"https:\\\/\\\/www.lilleliis.com\\\/et\\\/toode\\\/kevadjanku-amigurumi-muster\\\/#breadcrumb\"},\"inLanguage\":\"et\",\"potentialAction\":[{\"@type\":\"ReadAction\",\"target\":[\"https:\\\/\\\/www.lilleliis.com\\\/et\\\/toode\\\/kevadjanku-amigurumi-muster\\\/\"]}]},{\"@type\":\"ImageObject\",\"inLanguage\":\"et\",\"@id\":\"https:\\\/\\\/www.lilleliis.com\\\/et\\\/toode\\\/kevadjanku-amigurumi-muster\\\/#primaryimage\",\"url\":\"https:\\\/\\\/www.lilleliis.com\\\/wp-content\\\/uploads\\\/2021\\\/03\\\/spring-bunny-amigurumi-pattern-2.jpg\",\"contentUrl\":\"https:\\\/\\\/www.lilleliis.com\\\/wp-content\\\/uploads\\\/2021\\\/03\\\/spring-bunny-amigurumi-pattern-2.jpg\",\"width\":853,\"height\":1280,\"caption\":\"kevadj\u00e4nku amigurumi muster\"},{\"@type\":\"BreadcrumbList\",\"@id\":\"https:\\\/\\\/www.lilleliis.com\\\/et\\\/toode\\\/kevadjanku-amigurumi-muster\\\/#breadcrumb\",\"itemListElement\":[{\"@type\":\"ListItem\",\"position\":1,\"name\":\"Home\",\"item\":\"https:\\\/\\\/www.lilleliis.com\\\/et\\\/\"},{\"@type\":\"ListItem\",\"position\":2,\"name\":\"Pood\",\"item\":\"https:\\\/\\\/www.lilleliis.com\\\/et\\\/shop\\\/\"},{\"@type\":\"ListItem\",\"position\":3,\"name\":\"J\u00e4nese heegeldamise \u00f5petus &#8211; Kevad-j\u00e4nku\"}]},{\"@type\":\"WebSite\",\"@id\":\"https:\\\/\\\/www.lilleliis.com\\\/et\\\/#website\",\"url\":\"https:\\\/\\\/www.lilleliis.com\\\/et\\\/\",\"name\":\"lilleliis\",\"description\":\"Amigurumi m\u00e4nguasjad ja mustrid\",\"potentialAction\":[{\"@type\":\"SearchAction\",\"target\":{\"@type\":\"EntryPoint\",\"urlTemplate\":\"https:\\\/\\\/www.lilleliis.com\\\/et\\\/?s={search_term_string}\"},\"query-input\":{\"@type\":\"PropertyValueSpecification\",\"valueRequired\":true,\"valueName\":\"search_term_string\"}}],\"inLanguage\":\"et\"}]}<\/script>\n<!-- \/ Yoast SEO plugin. -->","yoast_head_json":{"title":"Kevade j\u00e4nese heegeldamise \u00f5petus - Kevad-j\u00e4nku | lilleliis","description":"Kevade j\u00e4nese heegeldamise \u00f5petus algajale. Heegelda armas amigurumi Kevad-j\u00e4nku. Allalaetav PDF \u00f5petus koos fotodega.","robots":{"index":"index","follow":"follow","max-snippet":"max-snippet:-1","max-image-preview":"max-image-preview:large","max-video-preview":"max-video-preview:-1"},"canonical":"https:\/\/www.lilleliis.com\/et\/toode\/kevadjanku-amigurumi-muster\/","og_locale":"et_EE","og_type":"article","og_title":"Kevade j\u00e4nese heegeldamise \u00f5petus - Kevad-j\u00e4nku | lilleliis","og_description":"Kevade j\u00e4nese heegeldamise \u00f5petus algajale. Heegelda armas amigurumi Kevad-j\u00e4nku. Allalaetav PDF \u00f5petus koos fotodega.","og_url":"https:\/\/www.lilleliis.com\/et\/toode\/kevadjanku-amigurumi-muster\/","og_site_name":"lilleliis","article_publisher":"https:\/\/www.facebook.com\/lilleliis-283266335035799\/","article_modified_time":"2026-03-13T07:27:08+00:00","og_image":[{"width":853,"height":1280,"url":"https:\/\/www.lilleliis.com\/wp-content\/uploads\/2021\/03\/spring-bunny-amigurumi-pattern-2.jpg","type":"image\/jpeg"}],"twitter_card":"summary_large_image","twitter_misc":{"Est. reading time":"1 minute"},"schema":{"@context":"https:\/\/schema.org","@graph":[{"@type":"WebPage","@id":"https:\/\/www.lilleliis.com\/et\/toode\/kevadjanku-amigurumi-muster\/","url":"https:\/\/www.lilleliis.com\/et\/toode\/kevadjanku-amigurumi-muster\/","name":"Kevade j\u00e4nese heegeldamise \u00f5petus - Kevad-j\u00e4nku | lilleliis","isPartOf":{"@id":"https:\/\/www.lilleliis.com\/et\/#website"},"primaryImageOfPage":{"@id":"https:\/\/www.lilleliis.com\/et\/toode\/kevadjanku-amigurumi-muster\/#primaryimage"},"image":{"@id":"https:\/\/www.lilleliis.com\/et\/toode\/kevadjanku-amigurumi-muster\/#primaryimage"},"thumbnailUrl":"https:\/\/www.lilleliis.com\/wp-content\/uploads\/2021\/03\/spring-bunny-amigurumi-pattern-2.jpg","datePublished":"2026-02-14T06:50:39+00:00","dateModified":"2026-03-13T07:27:08+00:00","description":"Kevade j\u00e4nese heegeldamise \u00f5petus algajale. Heegelda armas amigurumi Kevad-j\u00e4nku. Allalaetav PDF \u00f5petus koos fotodega.","breadcrumb":{"@id":"https:\/\/www.lilleliis.com\/et\/toode\/kevadjanku-amigurumi-muster\/#breadcrumb"},"inLanguage":"et","potentialAction":[{"@type":"ReadAction","target":["https:\/\/www.lilleliis.com\/et\/toode\/kevadjanku-amigurumi-muster\/"]}]},{"@type":"ImageObject","inLanguage":"et","@id":"https:\/\/www.lilleliis.com\/et\/toode\/kevadjanku-amigurumi-muster\/#primaryimage","url":"https:\/\/www.lilleliis.com\/wp-content\/uploads\/2021\/03\/spring-bunny-amigurumi-pattern-2.jpg","contentUrl":"https:\/\/www.lilleliis.com\/wp-content\/uploads\/2021\/03\/spring-bunny-amigurumi-pattern-2.jpg","width":853,"height":1280,"caption":"kevadj\u00e4nku amigurumi muster"},{"@type":"BreadcrumbList","@id":"https:\/\/www.lilleliis.com\/et\/toode\/kevadjanku-amigurumi-muster\/#breadcrumb","itemListElement":[{"@type":"ListItem","position":1,"name":"Home","item":"https:\/\/www.lilleliis.com\/et\/"},{"@type":"ListItem","position":2,"name":"Pood","item":"https:\/\/www.lilleliis.com\/et\/shop\/"},{"@type":"ListItem","position":3,"name":"J\u00e4nese heegeldamise \u00f5petus &#8211; Kevad-j\u00e4nku"}]},{"@type":"WebSite","@id":"https:\/\/www.lilleliis.com\/et\/#website","url":"https:\/\/www.lilleliis.com\/et\/","name":"lilleliis","description":"Amigurumi m\u00e4nguasjad ja mustrid","potentialAction":[{"@type":"SearchAction","target":{"@type":"EntryPoint","urlTemplate":"https:\/\/www.lilleliis.com\/et\/?s={search_term_string}"},"query-input":{"@type":"PropertyValueSpecification","valueRequired":true,"valueName":"search_term_string"}}],"inLanguage":"et"}]}},"_links":{"self":[{"href":"https:\/\/www.lilleliis.com\/et\/wp-json\/wp\/v2\/product\/77126","targetHints":{"allow":["GET"]}}],"collection":[{"href":"https:\/\/www.lilleliis.com\/et\/wp-json\/wp\/v2\/product"}],"about":[{"href":"https:\/\/www.lilleliis.com\/et\/wp-json\/wp\/v2\/types\/product"}],"replies":[{"embeddable":true,"href":"https:\/\/www.lilleliis.com\/et\/wp-json\/wp\/v2\/comments?post=77126"}],"wp:featuredmedia":[{"embeddable":true,"href":"https:\/\/www.lilleliis.com\/et\/wp-json\/wp\/v2\/media\/77139"}],"wp:attachment":[{"href":"https:\/\/www.lilleliis.com\/et\/wp-json\/wp\/v2\/media?parent=77126"}],"wp:term":[{"taxonomy":"product_brand","embeddable":true,"href":"https:\/\/www.lilleliis.com\/et\/wp-json\/wp\/v2\/product_brand?post=77126"},{"taxonomy":"product_cat","embeddable":true,"href":"https:\/\/www.lilleliis.com\/et\/wp-json\/wp\/v2\/product_cat?post=77126"},{"taxonomy":"product_tag","embeddable":true,"href":"https:\/\/www.lilleliis.com\/et\/wp-json\/wp\/v2\/product_tag?post=77126"}],"curies":[{"name":"wp","href":"https:\/\/api.w.org\/{rel}","templated":true}]}}