{"id":77363,"date":"2021-03-13T12:16:59","date_gmt":"2021-03-13T10:16:59","guid":{"rendered":"https:\/\/www.lilleliis.com\/?post_type=product&#038;p=77363"},"modified":"2026-02-10T19:08:54","modified_gmt":"2026-02-10T17:08:54","slug":"heegeldatud-harg","status":"publish","type":"product","link":"https:\/\/www.lilleliis.com\/et\/toode\/heegeldatud-harg\/","title":{"rendered":"Heegeldatud h\u00e4rg"},"content":{"rendered":"<p>Materjal:<\/p>\n<ul>\n<li>L\u00f5ng \u2013 segu villast, alpakast ja akr\u00fc\u00fclist<\/li>\n<li>pol\u00fcester kerakiud t\u00e4idis<\/li>\n<li>turvasilmad<\/li>\n<li>vildiriie<\/li>\n<\/ul>\n<p>V\u00e4rv: pruun, valge<\/p>\n<p>Pikkus: 20 sentimeetrit<\/p>\n<p>M\u00e4nguasjal on kasutatud turvasilmi ning vill v\u00f5ib eraldada kiudusid. Ole ettevaatlik, kui annad seda m\u00e4ngimiseks v\u00e4ga v\u00e4ikesele lapsele.<\/p>\n","protected":false},"excerpt":{"rendered":"<p>Heegeldatud h\u00e4rg sobib imeh\u00e4sti kingituseks k\u00e4esoleval h\u00e4rja-aastal s\u00fcndinud beebile. K\u00e4sitsi valmistatud m\u00e4nguasi on esialgu ilusaks lastetoa kaunistuseks, kuid lapse kasvades saab see r\u00e4nnata m\u00e4nguasjakasti ja kaissu.<\/p>\n<p>H\u00e4rg, keda saab ka istuma panna, on heegeldatud m\u00f5nusalt karvasest l\u00f5ngast. Tal on imeline lokkis lakk, armsalt s\u00fc\u00fcdlaslikud silmad ja vahva saba.<\/p>\n<p>Eesti k\u00e4sit\u00f6\u00f6.<\/p>\n","protected":false},"featured_media":77373,"comment_status":"open","ping_status":"closed","template":"","meta":[],"product_brand":[],"product_cat":[155],"product_tag":[379],"class_list":{"0":"post-77363","1":"product","2":"type-product","3":"status-publish","4":"has-post-thumbnail","6":"product_cat-heegeldatud-manguasjad","7":"product_tag-villased-manguasjad","9":"first","10":"outofstock","11":"taxable","12":"shipping-taxable","13":"purchasable","14":"product-type-simple"},"yoast_head":"<!-- This site is optimized with the Yoast SEO plugin v27.3 - https:\/\/yoast.com\/product\/yoast-seo-wordpress\/ -->\n<title>Heegeldatud h\u00e4rg | K\u00e4sit\u00f6\u00f6 m\u00e4nguasjad | lilleliis<\/title>\n<meta name=\"description\" content=\"Heegeldatud h\u00e4rg on tore kingitus h\u00e4rja aastal (2021) s\u00fcndinud beebile. See on ka ilus dekoratsioon lastetuppa.\" \/>\n<meta name=\"robots\" content=\"index, follow, max-snippet:-1, max-image-preview:large, max-video-preview:-1\" \/>\n<link rel=\"canonical\" href=\"https:\/\/www.lilleliis.com\/et\/toode\/heegeldatud-harg\/\" \/>\n<meta property=\"og:locale\" content=\"et_EE\" \/>\n<meta property=\"og:type\" content=\"article\" \/>\n<meta property=\"og:title\" content=\"Heegeldatud h\u00e4rg | K\u00e4sit\u00f6\u00f6 m\u00e4nguasjad | lilleliis\" \/>\n<meta property=\"og:description\" content=\"Heegeldatud h\u00e4rg on tore kingitus h\u00e4rja aastal (2021) s\u00fcndinud beebile. See on ka ilus dekoratsioon lastetuppa.\" \/>\n<meta property=\"og:url\" content=\"https:\/\/www.lilleliis.com\/et\/toode\/heegeldatud-harg\/\" \/>\n<meta property=\"og:site_name\" content=\"lilleliis\" \/>\n<meta property=\"article:publisher\" content=\"https:\/\/www.facebook.com\/lilleliis-283266335035799\/\" \/>\n<meta property=\"article:modified_time\" content=\"2026-02-10T17:08:54+00:00\" \/>\n<meta property=\"og:image\" content=\"https:\/\/www.lilleliis.com\/wp-content\/uploads\/2021\/03\/heegeldatud-manguasjad-harg-5.jpg\" \/>\n\t<meta property=\"og:image:width\" content=\"854\" \/>\n\t<meta property=\"og:image:height\" content=\"1280\" \/>\n\t<meta property=\"og:image:type\" content=\"image\/jpeg\" \/>\n<meta name=\"twitter:card\" content=\"summary_large_image\" \/>\n<meta name=\"twitter:label1\" content=\"Est. reading time\" \/>\n\t<meta name=\"twitter:data1\" content=\"1 minute\" \/>\n<script type=\"application\/ld+json\" class=\"yoast-schema-graph\">{\"@context\":\"https:\\\/\\\/schema.org\",\"@graph\":[{\"@type\":\"WebPage\",\"@id\":\"https:\\\/\\\/www.lilleliis.com\\\/et\\\/toode\\\/heegeldatud-harg\\\/\",\"url\":\"https:\\\/\\\/www.lilleliis.com\\\/et\\\/toode\\\/heegeldatud-harg\\\/\",\"name\":\"Heegeldatud h\u00e4rg | K\u00e4sit\u00f6\u00f6 m\u00e4nguasjad | lilleliis\",\"isPartOf\":{\"@id\":\"https:\\\/\\\/www.lilleliis.com\\\/et\\\/#website\"},\"primaryImageOfPage\":{\"@id\":\"https:\\\/\\\/www.lilleliis.com\\\/et\\\/toode\\\/heegeldatud-harg\\\/#primaryimage\"},\"image\":{\"@id\":\"https:\\\/\\\/www.lilleliis.com\\\/et\\\/toode\\\/heegeldatud-harg\\\/#primaryimage\"},\"thumbnailUrl\":\"https:\\\/\\\/www.lilleliis.com\\\/wp-content\\\/uploads\\\/2021\\\/03\\\/heegeldatud-manguasjad-harg-5.jpg\",\"datePublished\":\"2021-03-13T10:16:59+00:00\",\"dateModified\":\"2026-02-10T17:08:54+00:00\",\"description\":\"Heegeldatud h\u00e4rg on tore kingitus h\u00e4rja aastal (2021) s\u00fcndinud beebile. See on ka ilus dekoratsioon lastetuppa.\",\"breadcrumb\":{\"@id\":\"https:\\\/\\\/www.lilleliis.com\\\/et\\\/toode\\\/heegeldatud-harg\\\/#breadcrumb\"},\"inLanguage\":\"et\",\"potentialAction\":[{\"@type\":\"ReadAction\",\"target\":[\"https:\\\/\\\/www.lilleliis.com\\\/et\\\/toode\\\/heegeldatud-harg\\\/\"]}]},{\"@type\":\"ImageObject\",\"inLanguage\":\"et\",\"@id\":\"https:\\\/\\\/www.lilleliis.com\\\/et\\\/toode\\\/heegeldatud-harg\\\/#primaryimage\",\"url\":\"https:\\\/\\\/www.lilleliis.com\\\/wp-content\\\/uploads\\\/2021\\\/03\\\/heegeldatud-manguasjad-harg-5.jpg\",\"contentUrl\":\"https:\\\/\\\/www.lilleliis.com\\\/wp-content\\\/uploads\\\/2021\\\/03\\\/heegeldatud-manguasjad-harg-5.jpg\",\"width\":854,\"height\":1280,\"caption\":\"heegeldatud m\u00e4nguasjad h\u00e4rg\"},{\"@type\":\"BreadcrumbList\",\"@id\":\"https:\\\/\\\/www.lilleliis.com\\\/et\\\/toode\\\/heegeldatud-harg\\\/#breadcrumb\",\"itemListElement\":[{\"@type\":\"ListItem\",\"position\":1,\"name\":\"Home\",\"item\":\"https:\\\/\\\/www.lilleliis.com\\\/et\\\/\"},{\"@type\":\"ListItem\",\"position\":2,\"name\":\"Pood\",\"item\":\"https:\\\/\\\/www.lilleliis.com\\\/et\\\/shop\\\/\"},{\"@type\":\"ListItem\",\"position\":3,\"name\":\"Heegeldatud h\u00e4rg\"}]},{\"@type\":\"WebSite\",\"@id\":\"https:\\\/\\\/www.lilleliis.com\\\/et\\\/#website\",\"url\":\"https:\\\/\\\/www.lilleliis.com\\\/et\\\/\",\"name\":\"lilleliis\",\"description\":\"Amigurumi m\u00e4nguasjad ja mustrid\",\"potentialAction\":[{\"@type\":\"SearchAction\",\"target\":{\"@type\":\"EntryPoint\",\"urlTemplate\":\"https:\\\/\\\/www.lilleliis.com\\\/et\\\/?s={search_term_string}\"},\"query-input\":{\"@type\":\"PropertyValueSpecification\",\"valueRequired\":true,\"valueName\":\"search_term_string\"}}],\"inLanguage\":\"et\"}]}<\/script>\n<!-- \/ Yoast SEO plugin. -->","yoast_head_json":{"title":"Heegeldatud h\u00e4rg | K\u00e4sit\u00f6\u00f6 m\u00e4nguasjad | lilleliis","description":"Heegeldatud h\u00e4rg on tore kingitus h\u00e4rja aastal (2021) s\u00fcndinud beebile. See on ka ilus dekoratsioon lastetuppa.","robots":{"index":"index","follow":"follow","max-snippet":"max-snippet:-1","max-image-preview":"max-image-preview:large","max-video-preview":"max-video-preview:-1"},"canonical":"https:\/\/www.lilleliis.com\/et\/toode\/heegeldatud-harg\/","og_locale":"et_EE","og_type":"article","og_title":"Heegeldatud h\u00e4rg | K\u00e4sit\u00f6\u00f6 m\u00e4nguasjad | lilleliis","og_description":"Heegeldatud h\u00e4rg on tore kingitus h\u00e4rja aastal (2021) s\u00fcndinud beebile. See on ka ilus dekoratsioon lastetuppa.","og_url":"https:\/\/www.lilleliis.com\/et\/toode\/heegeldatud-harg\/","og_site_name":"lilleliis","article_publisher":"https:\/\/www.facebook.com\/lilleliis-283266335035799\/","article_modified_time":"2026-02-10T17:08:54+00:00","og_image":[{"width":854,"height":1280,"url":"https:\/\/www.lilleliis.com\/wp-content\/uploads\/2021\/03\/heegeldatud-manguasjad-harg-5.jpg","type":"image\/jpeg"}],"twitter_card":"summary_large_image","twitter_misc":{"Est. reading time":"1 minute"},"schema":{"@context":"https:\/\/schema.org","@graph":[{"@type":"WebPage","@id":"https:\/\/www.lilleliis.com\/et\/toode\/heegeldatud-harg\/","url":"https:\/\/www.lilleliis.com\/et\/toode\/heegeldatud-harg\/","name":"Heegeldatud h\u00e4rg | K\u00e4sit\u00f6\u00f6 m\u00e4nguasjad | lilleliis","isPartOf":{"@id":"https:\/\/www.lilleliis.com\/et\/#website"},"primaryImageOfPage":{"@id":"https:\/\/www.lilleliis.com\/et\/toode\/heegeldatud-harg\/#primaryimage"},"image":{"@id":"https:\/\/www.lilleliis.com\/et\/toode\/heegeldatud-harg\/#primaryimage"},"thumbnailUrl":"https:\/\/www.lilleliis.com\/wp-content\/uploads\/2021\/03\/heegeldatud-manguasjad-harg-5.jpg","datePublished":"2021-03-13T10:16:59+00:00","dateModified":"2026-02-10T17:08:54+00:00","description":"Heegeldatud h\u00e4rg on tore kingitus h\u00e4rja aastal (2021) s\u00fcndinud beebile. See on ka ilus dekoratsioon lastetuppa.","breadcrumb":{"@id":"https:\/\/www.lilleliis.com\/et\/toode\/heegeldatud-harg\/#breadcrumb"},"inLanguage":"et","potentialAction":[{"@type":"ReadAction","target":["https:\/\/www.lilleliis.com\/et\/toode\/heegeldatud-harg\/"]}]},{"@type":"ImageObject","inLanguage":"et","@id":"https:\/\/www.lilleliis.com\/et\/toode\/heegeldatud-harg\/#primaryimage","url":"https:\/\/www.lilleliis.com\/wp-content\/uploads\/2021\/03\/heegeldatud-manguasjad-harg-5.jpg","contentUrl":"https:\/\/www.lilleliis.com\/wp-content\/uploads\/2021\/03\/heegeldatud-manguasjad-harg-5.jpg","width":854,"height":1280,"caption":"heegeldatud m\u00e4nguasjad h\u00e4rg"},{"@type":"BreadcrumbList","@id":"https:\/\/www.lilleliis.com\/et\/toode\/heegeldatud-harg\/#breadcrumb","itemListElement":[{"@type":"ListItem","position":1,"name":"Home","item":"https:\/\/www.lilleliis.com\/et\/"},{"@type":"ListItem","position":2,"name":"Pood","item":"https:\/\/www.lilleliis.com\/et\/shop\/"},{"@type":"ListItem","position":3,"name":"Heegeldatud h\u00e4rg"}]},{"@type":"WebSite","@id":"https:\/\/www.lilleliis.com\/et\/#website","url":"https:\/\/www.lilleliis.com\/et\/","name":"lilleliis","description":"Amigurumi m\u00e4nguasjad ja mustrid","potentialAction":[{"@type":"SearchAction","target":{"@type":"EntryPoint","urlTemplate":"https:\/\/www.lilleliis.com\/et\/?s={search_term_string}"},"query-input":{"@type":"PropertyValueSpecification","valueRequired":true,"valueName":"search_term_string"}}],"inLanguage":"et"}]}},"_links":{"self":[{"href":"https:\/\/www.lilleliis.com\/et\/wp-json\/wp\/v2\/product\/77363","targetHints":{"allow":["GET"]}}],"collection":[{"href":"https:\/\/www.lilleliis.com\/et\/wp-json\/wp\/v2\/product"}],"about":[{"href":"https:\/\/www.lilleliis.com\/et\/wp-json\/wp\/v2\/types\/product"}],"replies":[{"embeddable":true,"href":"https:\/\/www.lilleliis.com\/et\/wp-json\/wp\/v2\/comments?post=77363"}],"wp:featuredmedia":[{"embeddable":true,"href":"https:\/\/www.lilleliis.com\/et\/wp-json\/wp\/v2\/media\/77373"}],"wp:attachment":[{"href":"https:\/\/www.lilleliis.com\/et\/wp-json\/wp\/v2\/media?parent=77363"}],"wp:term":[{"taxonomy":"product_brand","embeddable":true,"href":"https:\/\/www.lilleliis.com\/et\/wp-json\/wp\/v2\/product_brand?post=77363"},{"taxonomy":"product_cat","embeddable":true,"href":"https:\/\/www.lilleliis.com\/et\/wp-json\/wp\/v2\/product_cat?post=77363"},{"taxonomy":"product_tag","embeddable":true,"href":"https:\/\/www.lilleliis.com\/et\/wp-json\/wp\/v2\/product_tag?post=77363"}],"curies":[{"name":"wp","href":"https:\/\/api.w.org\/{rel}","templated":true}]}}