{"id":77743,"date":"2025-09-12T16:58:47","date_gmt":"2025-09-12T13:58:47","guid":{"rendered":"https:\/\/www.lilleliis.com\/?post_type=product&#038;p=77743"},"modified":"2026-03-07T08:10:31","modified_gmt":"2026-03-07T06:10:31","slug":"poder-mart-amigurumi-muster","status":"publish","type":"product","link":"https:\/\/www.lilleliis.com\/et\/toode\/poder-mart-amigurumi-muster\/","title":{"rendered":"P\u00f5dra heegeldamise \u00f5petus \u2013 P\u00f5der Mart"},"content":{"rendered":"<p data-start=\"760\" data-end=\"977\">P\u00f5der Mart on armsate kaisukate metsaloomade kollektsiooni esimene tegelane.<\/p>\n<h3 data-start=\"760\" data-end=\"977\">Mustrist<\/h3>\n<p>Allalaetav ja lihtsasti j\u00e4lgitav k\u00e4sit\u00f6\u00f6 \u00f5petus (PDF fail). Juhend sisaldab samm-sammulist \u00f5petust eseme valmistamiseks ning hulgaliselt abistavaid fotosid.<\/p>\n<p>Keel: eesti, inglise, hispaania, hollandi, taani<\/p>\n<p>\u00d5petuse raskusaste: keeruline<\/p>\n<p>Vajaminevad v\u00f5tted: kinnissilmust, poolsammas<\/p>\n<div class=\"is-divider divider clearfix\" ><\/div>\n<h3>Suurus ja materjal<\/h3>\n<p>Suurus: 19 cm<\/p>\n<p>Valmistamiseks on kasutatud meriinovillast l\u00f5nga ning heegeln\u00f5ela j\u00e4medusega 3 mm.<\/p>\n<div class=\"is-divider divider clearfix\" ><\/div>\n<h3>Abi ja copyright<\/h3>\n<p>K\u00fcsimuste korral saab abi\u00a0<a href=\"mailto:%20lilleliis@gmail.com\">e-posti teel<\/a>.<\/p>\n<p>\u00d5petuse j\u00e4rgi valmistatud esemeid v\u00f5ib m\u00fc\u00fca. \u00d5petust on keelatud jagada. Autori\u00f5igustega tutvu\u00a0<a href=\"https:\/\/www.lilleliis.com\/et\/autorioigused\/\" target=\"_blank\" rel=\"noopener\">siin<\/a>.<\/p>\n","protected":false},"excerpt":{"rendered":"<p data-start=\"215\" data-end=\"467\">P\u00f5der on meie metsade kuningas ja suurim maismaa imetaja Euraasias. Minu heegeldatud p\u00f5dra nimi on Mart. Ta on \u00fchteaegu suursugune ja armas. Vaata neid uhkeid sarvi, armsaid kangaga kaetud jalgu ja pisidetaile, mis muudavad tema ilme eriti s\u00f5bralikuks.<\/p>\n<p data-start=\"469\" data-end=\"758\">Selle p\u00f5dra heegeldamise \u00f5petuse abil saad luua armsa metsalooma, kes sobib nii m\u00e4nguasjaks, kingituseks kui ka kaunistuseks lastetuppa. Valmis p\u00f5der on istuvas asendis ning tema iseloomu annavad edasi hoolikalt l\u00e4bim\u00f5eldud detailid \u2013 suured sarved, pehme keha ja kangaga kaetud jalad.<\/p>\n<p data-start=\"469\" data-end=\"758\"><div class=\"is-divider divider clearfix\" ><\/div>\n<p data-start=\"469\" data-end=\"758\">Tegemist on allalaetava <strong data-start=\"326\" data-end=\"343\">PDF-\u00f5petusega<\/strong>, mis sisaldab rohkelt fotosid. \u00d5petuse raskusaste on <strong data-start=\"397\" data-end=\"409\">keeruline<\/strong>\u00a0ja see on saadaval ka eesti keeles.<\/p>\n","protected":false},"featured_media":77765,"comment_status":"open","ping_status":"closed","template":"","meta":[],"product_brand":[],"product_cat":[95,125],"product_tag":[],"class_list":{"0":"post-77743","1":"product","2":"type-product","3":"status-publish","4":"has-post-thumbnail","6":"product_cat-amigurumi-opetused","7":"product_cat-looma-mustrid","8":"pa_pattern-language-eesti","9":"pa_pattern-language-hispaania","10":"pa_pattern-language-hollandi","11":"pa_pattern-language-inglise","12":"pa_pattern-language-taani","13":"pa_pattern-skill-level-keeruline","15":"first","16":"instock","17":"sold-individually","18":"taxable","19":"shipping-taxable","20":"purchasable","21":"product-type-variable"},"yoast_head":"<!-- This site is optimized with the Yoast SEO plugin v27.3 - https:\/\/yoast.com\/product\/yoast-seo-wordpress\/ -->\n<title>P\u00f5dra heegeldamise \u00f5petus \u2013 P\u00f5der Mart | lilleliis<\/title>\n<meta name=\"description\" content=\"P\u00f5dra heegeldamise \u00f5petus P\u00f5der Mart - samm-sammuline muster armsa amigurumi p\u00f5dra heegeldamiseks. Loo eriline kaisuloom v\u00f5i kingitus oma k\u00e4tega.\" \/>\n<meta name=\"robots\" content=\"index, follow, max-snippet:-1, max-image-preview:large, max-video-preview:-1\" \/>\n<link rel=\"canonical\" href=\"https:\/\/www.lilleliis.com\/et\/toode\/poder-mart-amigurumi-muster\/\" \/>\n<meta property=\"og:locale\" content=\"et_EE\" \/>\n<meta property=\"og:type\" content=\"article\" \/>\n<meta property=\"og:title\" content=\"P\u00f5dra heegeldamise \u00f5petus \u2013 P\u00f5der Mart | lilleliis\" \/>\n<meta property=\"og:description\" content=\"P\u00f5dra heegeldamise \u00f5petus P\u00f5der Mart - samm-sammuline muster armsa amigurumi p\u00f5dra heegeldamiseks. Loo eriline kaisuloom v\u00f5i kingitus oma k\u00e4tega.\" \/>\n<meta property=\"og:url\" content=\"https:\/\/www.lilleliis.com\/et\/toode\/poder-mart-amigurumi-muster\/\" \/>\n<meta property=\"og:site_name\" content=\"lilleliis\" \/>\n<meta property=\"article:publisher\" content=\"https:\/\/www.facebook.com\/lilleliis-283266335035799\/\" \/>\n<meta property=\"article:modified_time\" content=\"2026-03-07T06:10:31+00:00\" \/>\n<meta property=\"og:image\" content=\"https:\/\/www.lilleliis.com\/wp-content\/uploads\/2021\/03\/marty-the-moose-amigurumi-pattern-11.jpg\" \/>\n\t<meta property=\"og:image:width\" content=\"853\" \/>\n\t<meta property=\"og:image:height\" content=\"1280\" \/>\n\t<meta property=\"og:image:type\" content=\"image\/jpeg\" \/>\n<meta name=\"twitter:card\" content=\"summary_large_image\" \/>\n<meta name=\"twitter:label1\" content=\"Est. reading time\" \/>\n\t<meta name=\"twitter:data1\" content=\"1 minute\" \/>\n<script type=\"application\/ld+json\" class=\"yoast-schema-graph\">{\"@context\":\"https:\\\/\\\/schema.org\",\"@graph\":[{\"@type\":\"WebPage\",\"@id\":\"https:\\\/\\\/www.lilleliis.com\\\/et\\\/toode\\\/poder-mart-amigurumi-muster\\\/\",\"url\":\"https:\\\/\\\/www.lilleliis.com\\\/et\\\/toode\\\/poder-mart-amigurumi-muster\\\/\",\"name\":\"P\u00f5dra heegeldamise \u00f5petus \u2013 P\u00f5der Mart | lilleliis\",\"isPartOf\":{\"@id\":\"https:\\\/\\\/www.lilleliis.com\\\/et\\\/#website\"},\"primaryImageOfPage\":{\"@id\":\"https:\\\/\\\/www.lilleliis.com\\\/et\\\/toode\\\/poder-mart-amigurumi-muster\\\/#primaryimage\"},\"image\":{\"@id\":\"https:\\\/\\\/www.lilleliis.com\\\/et\\\/toode\\\/poder-mart-amigurumi-muster\\\/#primaryimage\"},\"thumbnailUrl\":\"https:\\\/\\\/www.lilleliis.com\\\/wp-content\\\/uploads\\\/2021\\\/03\\\/marty-the-moose-amigurumi-pattern-11.jpg\",\"datePublished\":\"2025-09-12T13:58:47+00:00\",\"dateModified\":\"2026-03-07T06:10:31+00:00\",\"description\":\"P\u00f5dra heegeldamise \u00f5petus P\u00f5der Mart - samm-sammuline muster armsa amigurumi p\u00f5dra heegeldamiseks. Loo eriline kaisuloom v\u00f5i kingitus oma k\u00e4tega.\",\"breadcrumb\":{\"@id\":\"https:\\\/\\\/www.lilleliis.com\\\/et\\\/toode\\\/poder-mart-amigurumi-muster\\\/#breadcrumb\"},\"inLanguage\":\"et\",\"potentialAction\":[{\"@type\":\"ReadAction\",\"target\":[\"https:\\\/\\\/www.lilleliis.com\\\/et\\\/toode\\\/poder-mart-amigurumi-muster\\\/\"]}]},{\"@type\":\"ImageObject\",\"inLanguage\":\"et\",\"@id\":\"https:\\\/\\\/www.lilleliis.com\\\/et\\\/toode\\\/poder-mart-amigurumi-muster\\\/#primaryimage\",\"url\":\"https:\\\/\\\/www.lilleliis.com\\\/wp-content\\\/uploads\\\/2021\\\/03\\\/marty-the-moose-amigurumi-pattern-11.jpg\",\"contentUrl\":\"https:\\\/\\\/www.lilleliis.com\\\/wp-content\\\/uploads\\\/2021\\\/03\\\/marty-the-moose-amigurumi-pattern-11.jpg\",\"width\":853,\"height\":1280,\"caption\":\"marty the moose amigurumi pattern\"},{\"@type\":\"BreadcrumbList\",\"@id\":\"https:\\\/\\\/www.lilleliis.com\\\/et\\\/toode\\\/poder-mart-amigurumi-muster\\\/#breadcrumb\",\"itemListElement\":[{\"@type\":\"ListItem\",\"position\":1,\"name\":\"Home\",\"item\":\"https:\\\/\\\/www.lilleliis.com\\\/et\\\/\"},{\"@type\":\"ListItem\",\"position\":2,\"name\":\"Pood\",\"item\":\"https:\\\/\\\/www.lilleliis.com\\\/et\\\/shop\\\/\"},{\"@type\":\"ListItem\",\"position\":3,\"name\":\"P\u00f5dra heegeldamise \u00f5petus \u2013 P\u00f5der Mart\"}]},{\"@type\":\"WebSite\",\"@id\":\"https:\\\/\\\/www.lilleliis.com\\\/et\\\/#website\",\"url\":\"https:\\\/\\\/www.lilleliis.com\\\/et\\\/\",\"name\":\"lilleliis\",\"description\":\"Amigurumi m\u00e4nguasjad ja mustrid\",\"potentialAction\":[{\"@type\":\"SearchAction\",\"target\":{\"@type\":\"EntryPoint\",\"urlTemplate\":\"https:\\\/\\\/www.lilleliis.com\\\/et\\\/?s={search_term_string}\"},\"query-input\":{\"@type\":\"PropertyValueSpecification\",\"valueRequired\":true,\"valueName\":\"search_term_string\"}}],\"inLanguage\":\"et\"}]}<\/script>\n<!-- \/ Yoast SEO plugin. -->","yoast_head_json":{"title":"P\u00f5dra heegeldamise \u00f5petus \u2013 P\u00f5der Mart | lilleliis","description":"P\u00f5dra heegeldamise \u00f5petus P\u00f5der Mart - samm-sammuline muster armsa amigurumi p\u00f5dra heegeldamiseks. Loo eriline kaisuloom v\u00f5i kingitus oma k\u00e4tega.","robots":{"index":"index","follow":"follow","max-snippet":"max-snippet:-1","max-image-preview":"max-image-preview:large","max-video-preview":"max-video-preview:-1"},"canonical":"https:\/\/www.lilleliis.com\/et\/toode\/poder-mart-amigurumi-muster\/","og_locale":"et_EE","og_type":"article","og_title":"P\u00f5dra heegeldamise \u00f5petus \u2013 P\u00f5der Mart | lilleliis","og_description":"P\u00f5dra heegeldamise \u00f5petus P\u00f5der Mart - samm-sammuline muster armsa amigurumi p\u00f5dra heegeldamiseks. Loo eriline kaisuloom v\u00f5i kingitus oma k\u00e4tega.","og_url":"https:\/\/www.lilleliis.com\/et\/toode\/poder-mart-amigurumi-muster\/","og_site_name":"lilleliis","article_publisher":"https:\/\/www.facebook.com\/lilleliis-283266335035799\/","article_modified_time":"2026-03-07T06:10:31+00:00","og_image":[{"width":853,"height":1280,"url":"https:\/\/www.lilleliis.com\/wp-content\/uploads\/2021\/03\/marty-the-moose-amigurumi-pattern-11.jpg","type":"image\/jpeg"}],"twitter_card":"summary_large_image","twitter_misc":{"Est. reading time":"1 minute"},"schema":{"@context":"https:\/\/schema.org","@graph":[{"@type":"WebPage","@id":"https:\/\/www.lilleliis.com\/et\/toode\/poder-mart-amigurumi-muster\/","url":"https:\/\/www.lilleliis.com\/et\/toode\/poder-mart-amigurumi-muster\/","name":"P\u00f5dra heegeldamise \u00f5petus \u2013 P\u00f5der Mart | lilleliis","isPartOf":{"@id":"https:\/\/www.lilleliis.com\/et\/#website"},"primaryImageOfPage":{"@id":"https:\/\/www.lilleliis.com\/et\/toode\/poder-mart-amigurumi-muster\/#primaryimage"},"image":{"@id":"https:\/\/www.lilleliis.com\/et\/toode\/poder-mart-amigurumi-muster\/#primaryimage"},"thumbnailUrl":"https:\/\/www.lilleliis.com\/wp-content\/uploads\/2021\/03\/marty-the-moose-amigurumi-pattern-11.jpg","datePublished":"2025-09-12T13:58:47+00:00","dateModified":"2026-03-07T06:10:31+00:00","description":"P\u00f5dra heegeldamise \u00f5petus P\u00f5der Mart - samm-sammuline muster armsa amigurumi p\u00f5dra heegeldamiseks. Loo eriline kaisuloom v\u00f5i kingitus oma k\u00e4tega.","breadcrumb":{"@id":"https:\/\/www.lilleliis.com\/et\/toode\/poder-mart-amigurumi-muster\/#breadcrumb"},"inLanguage":"et","potentialAction":[{"@type":"ReadAction","target":["https:\/\/www.lilleliis.com\/et\/toode\/poder-mart-amigurumi-muster\/"]}]},{"@type":"ImageObject","inLanguage":"et","@id":"https:\/\/www.lilleliis.com\/et\/toode\/poder-mart-amigurumi-muster\/#primaryimage","url":"https:\/\/www.lilleliis.com\/wp-content\/uploads\/2021\/03\/marty-the-moose-amigurumi-pattern-11.jpg","contentUrl":"https:\/\/www.lilleliis.com\/wp-content\/uploads\/2021\/03\/marty-the-moose-amigurumi-pattern-11.jpg","width":853,"height":1280,"caption":"marty the moose amigurumi pattern"},{"@type":"BreadcrumbList","@id":"https:\/\/www.lilleliis.com\/et\/toode\/poder-mart-amigurumi-muster\/#breadcrumb","itemListElement":[{"@type":"ListItem","position":1,"name":"Home","item":"https:\/\/www.lilleliis.com\/et\/"},{"@type":"ListItem","position":2,"name":"Pood","item":"https:\/\/www.lilleliis.com\/et\/shop\/"},{"@type":"ListItem","position":3,"name":"P\u00f5dra heegeldamise \u00f5petus \u2013 P\u00f5der Mart"}]},{"@type":"WebSite","@id":"https:\/\/www.lilleliis.com\/et\/#website","url":"https:\/\/www.lilleliis.com\/et\/","name":"lilleliis","description":"Amigurumi m\u00e4nguasjad ja mustrid","potentialAction":[{"@type":"SearchAction","target":{"@type":"EntryPoint","urlTemplate":"https:\/\/www.lilleliis.com\/et\/?s={search_term_string}"},"query-input":{"@type":"PropertyValueSpecification","valueRequired":true,"valueName":"search_term_string"}}],"inLanguage":"et"}]}},"_links":{"self":[{"href":"https:\/\/www.lilleliis.com\/et\/wp-json\/wp\/v2\/product\/77743","targetHints":{"allow":["GET"]}}],"collection":[{"href":"https:\/\/www.lilleliis.com\/et\/wp-json\/wp\/v2\/product"}],"about":[{"href":"https:\/\/www.lilleliis.com\/et\/wp-json\/wp\/v2\/types\/product"}],"replies":[{"embeddable":true,"href":"https:\/\/www.lilleliis.com\/et\/wp-json\/wp\/v2\/comments?post=77743"}],"wp:featuredmedia":[{"embeddable":true,"href":"https:\/\/www.lilleliis.com\/et\/wp-json\/wp\/v2\/media\/77765"}],"wp:attachment":[{"href":"https:\/\/www.lilleliis.com\/et\/wp-json\/wp\/v2\/media?parent=77743"}],"wp:term":[{"taxonomy":"product_brand","embeddable":true,"href":"https:\/\/www.lilleliis.com\/et\/wp-json\/wp\/v2\/product_brand?post=77743"},{"taxonomy":"product_cat","embeddable":true,"href":"https:\/\/www.lilleliis.com\/et\/wp-json\/wp\/v2\/product_cat?post=77743"},{"taxonomy":"product_tag","embeddable":true,"href":"https:\/\/www.lilleliis.com\/et\/wp-json\/wp\/v2\/product_tag?post=77743"}],"curies":[{"name":"wp","href":"https:\/\/api.w.org\/{rel}","templated":true}]}}