{"id":78098,"date":"2026-03-03T13:02:20","date_gmt":"2026-03-03T11:02:20","guid":{"rendered":"https:\/\/www.lilleliis.com\/?post_type=product&#038;p=78098"},"modified":"2026-04-06T16:29:06","modified_gmt":"2026-04-06T13:29:06","slug":"pisikesed-noobid-6-mm-must-valge","status":"publish","type":"product","link":"https:\/\/www.lilleliis.com\/et\/toode\/pisikesed-noobid-6-mm-must-valge\/","title":{"rendered":"Nukun\u00f6\u00f6p 6 mm &#8211; must-valge \u2013 100 tk"},"content":{"rendered":"<p>N\u00f6\u00f6bi l\u00e4bim\u00f5\u00f5t: 6 mm<\/p>\n<p>Augu l\u00e4bim\u00f5\u00f5t: 1,4 mm<\/p>\n<p>N\u00f6\u00f6bi paksus: 1,8 mm<\/p>\n<p>V\u00e4rv: must ja valge<\/p>\n<p>Kogus: 100 n\u00f6\u00f6pi pakis<\/p>\n","protected":false},"excerpt":{"rendered":"<p>Pakis on 100 pisikest, kahe auguga n\u00f6\u00f6pi m\u00e4nguasjade viimistlemiseks. 6 mm l\u00e4bim\u00f5\u00f5duga n\u00f6\u00f6bid sobivad ka pisematele m\u00e4nguasjadele.<\/p>\n<p>\u00d5mble p\u00fckstele, mantlile, kleidile, kingadele, silmadeks jne.<\/p>\n","protected":false},"featured_media":78103,"comment_status":"open","ping_status":"closed","template":"","meta":[],"product_brand":[],"product_cat":[429,564],"product_tag":[],"class_list":{"0":"post-78098","1":"product","2":"type-product","3":"status-publish","4":"has-post-thumbnail","6":"product_cat-kasitoo-tarvikud","7":"product_cat-noobid","8":"pa_button-size-6-mm","10":"first","11":"instock","12":"taxable","13":"shipping-taxable","14":"purchasable","15":"product-type-simple"},"yoast_head":"<!-- This site is optimized with the Yoast SEO plugin v27.3 - https:\/\/yoast.com\/product\/yoast-seo-wordpress\/ -->\n<title>Nukun\u00f6\u00f6p 6 mm - must-valge \u2013 100 tk | lilleliis<\/title>\n<meta name=\"description\" content=\"Pisikesed must-valged nukun\u00f6\u00f6bid, 6 mm, 100 tk. Sobivad amigurumi m\u00e4nguasjade viimistlemiseks ja teisteks k\u00e4sit\u00f6\u00f6 projektideks.\" \/>\n<meta name=\"robots\" content=\"index, follow, max-snippet:-1, max-image-preview:large, max-video-preview:-1\" \/>\n<link rel=\"canonical\" href=\"https:\/\/www.lilleliis.com\/et\/toode\/pisikesed-noobid-6-mm-must-valge\/\" \/>\n<meta property=\"og:locale\" content=\"et_EE\" \/>\n<meta property=\"og:type\" content=\"article\" \/>\n<meta property=\"og:title\" content=\"Nukun\u00f6\u00f6p 6 mm - must-valge \u2013 100 tk | lilleliis\" \/>\n<meta property=\"og:description\" content=\"Pisikesed must-valged nukun\u00f6\u00f6bid, 6 mm, 100 tk. Sobivad amigurumi m\u00e4nguasjade viimistlemiseks ja teisteks k\u00e4sit\u00f6\u00f6 projektideks.\" \/>\n<meta property=\"og:url\" content=\"https:\/\/www.lilleliis.com\/et\/toode\/pisikesed-noobid-6-mm-must-valge\/\" \/>\n<meta property=\"og:site_name\" content=\"lilleliis\" \/>\n<meta property=\"article:publisher\" content=\"https:\/\/www.facebook.com\/lilleliis-283266335035799\/\" \/>\n<meta property=\"article:modified_time\" content=\"2026-04-06T13:29:06+00:00\" \/>\n<meta property=\"og:image\" content=\"https:\/\/www.lilleliis.com\/wp-content\/uploads\/2021\/04\/pisikesed-noobid-must-valge-3.jpg\" \/>\n\t<meta property=\"og:image:width\" content=\"853\" \/>\n\t<meta property=\"og:image:height\" content=\"1280\" \/>\n\t<meta property=\"og:image:type\" content=\"image\/jpeg\" \/>\n<meta name=\"twitter:card\" content=\"summary_large_image\" \/>\n<meta name=\"twitter:label1\" content=\"Est. reading time\" \/>\n\t<meta name=\"twitter:data1\" content=\"1 minute\" \/>\n<script type=\"application\/ld+json\" class=\"yoast-schema-graph\">{\"@context\":\"https:\\\/\\\/schema.org\",\"@graph\":[{\"@type\":\"WebPage\",\"@id\":\"https:\\\/\\\/www.lilleliis.com\\\/et\\\/toode\\\/pisikesed-noobid-6-mm-must-valge\\\/\",\"url\":\"https:\\\/\\\/www.lilleliis.com\\\/et\\\/toode\\\/pisikesed-noobid-6-mm-must-valge\\\/\",\"name\":\"Nukun\u00f6\u00f6p 6 mm - must-valge \u2013 100 tk | lilleliis\",\"isPartOf\":{\"@id\":\"https:\\\/\\\/www.lilleliis.com\\\/et\\\/#website\"},\"primaryImageOfPage\":{\"@id\":\"https:\\\/\\\/www.lilleliis.com\\\/et\\\/toode\\\/pisikesed-noobid-6-mm-must-valge\\\/#primaryimage\"},\"image\":{\"@id\":\"https:\\\/\\\/www.lilleliis.com\\\/et\\\/toode\\\/pisikesed-noobid-6-mm-must-valge\\\/#primaryimage\"},\"thumbnailUrl\":\"https:\\\/\\\/www.lilleliis.com\\\/wp-content\\\/uploads\\\/2021\\\/04\\\/pisikesed-noobid-must-valge-3.jpg\",\"datePublished\":\"2026-03-03T11:02:20+00:00\",\"dateModified\":\"2026-04-06T13:29:06+00:00\",\"description\":\"Pisikesed must-valged nukun\u00f6\u00f6bid, 6 mm, 100 tk. Sobivad amigurumi m\u00e4nguasjade viimistlemiseks ja teisteks k\u00e4sit\u00f6\u00f6 projektideks.\",\"breadcrumb\":{\"@id\":\"https:\\\/\\\/www.lilleliis.com\\\/et\\\/toode\\\/pisikesed-noobid-6-mm-must-valge\\\/#breadcrumb\"},\"inLanguage\":\"et\",\"potentialAction\":[{\"@type\":\"ReadAction\",\"target\":[\"https:\\\/\\\/www.lilleliis.com\\\/et\\\/toode\\\/pisikesed-noobid-6-mm-must-valge\\\/\"]}]},{\"@type\":\"ImageObject\",\"inLanguage\":\"et\",\"@id\":\"https:\\\/\\\/www.lilleliis.com\\\/et\\\/toode\\\/pisikesed-noobid-6-mm-must-valge\\\/#primaryimage\",\"url\":\"https:\\\/\\\/www.lilleliis.com\\\/wp-content\\\/uploads\\\/2021\\\/04\\\/pisikesed-noobid-must-valge-3.jpg\",\"contentUrl\":\"https:\\\/\\\/www.lilleliis.com\\\/wp-content\\\/uploads\\\/2021\\\/04\\\/pisikesed-noobid-must-valge-3.jpg\",\"width\":853,\"height\":1280,\"caption\":\"pisikesed n\u00f6\u00f6bid must valge\"},{\"@type\":\"BreadcrumbList\",\"@id\":\"https:\\\/\\\/www.lilleliis.com\\\/et\\\/toode\\\/pisikesed-noobid-6-mm-must-valge\\\/#breadcrumb\",\"itemListElement\":[{\"@type\":\"ListItem\",\"position\":1,\"name\":\"Home\",\"item\":\"https:\\\/\\\/www.lilleliis.com\\\/et\\\/\"},{\"@type\":\"ListItem\",\"position\":2,\"name\":\"Pood\",\"item\":\"https:\\\/\\\/www.lilleliis.com\\\/et\\\/shop\\\/\"},{\"@type\":\"ListItem\",\"position\":3,\"name\":\"Nukun\u00f6\u00f6p 6 mm &#8211; must-valge \u2013 100 tk\"}]},{\"@type\":\"WebSite\",\"@id\":\"https:\\\/\\\/www.lilleliis.com\\\/et\\\/#website\",\"url\":\"https:\\\/\\\/www.lilleliis.com\\\/et\\\/\",\"name\":\"lilleliis\",\"description\":\"Amigurumi m\u00e4nguasjad ja mustrid\",\"potentialAction\":[{\"@type\":\"SearchAction\",\"target\":{\"@type\":\"EntryPoint\",\"urlTemplate\":\"https:\\\/\\\/www.lilleliis.com\\\/et\\\/?s={search_term_string}\"},\"query-input\":{\"@type\":\"PropertyValueSpecification\",\"valueRequired\":true,\"valueName\":\"search_term_string\"}}],\"inLanguage\":\"et\"}]}<\/script>\n<!-- \/ Yoast SEO plugin. -->","yoast_head_json":{"title":"Nukun\u00f6\u00f6p 6 mm - must-valge \u2013 100 tk | lilleliis","description":"Pisikesed must-valged nukun\u00f6\u00f6bid, 6 mm, 100 tk. Sobivad amigurumi m\u00e4nguasjade viimistlemiseks ja teisteks k\u00e4sit\u00f6\u00f6 projektideks.","robots":{"index":"index","follow":"follow","max-snippet":"max-snippet:-1","max-image-preview":"max-image-preview:large","max-video-preview":"max-video-preview:-1"},"canonical":"https:\/\/www.lilleliis.com\/et\/toode\/pisikesed-noobid-6-mm-must-valge\/","og_locale":"et_EE","og_type":"article","og_title":"Nukun\u00f6\u00f6p 6 mm - must-valge \u2013 100 tk | lilleliis","og_description":"Pisikesed must-valged nukun\u00f6\u00f6bid, 6 mm, 100 tk. Sobivad amigurumi m\u00e4nguasjade viimistlemiseks ja teisteks k\u00e4sit\u00f6\u00f6 projektideks.","og_url":"https:\/\/www.lilleliis.com\/et\/toode\/pisikesed-noobid-6-mm-must-valge\/","og_site_name":"lilleliis","article_publisher":"https:\/\/www.facebook.com\/lilleliis-283266335035799\/","article_modified_time":"2026-04-06T13:29:06+00:00","og_image":[{"width":853,"height":1280,"url":"https:\/\/www.lilleliis.com\/wp-content\/uploads\/2021\/04\/pisikesed-noobid-must-valge-3.jpg","type":"image\/jpeg"}],"twitter_card":"summary_large_image","twitter_misc":{"Est. reading time":"1 minute"},"schema":{"@context":"https:\/\/schema.org","@graph":[{"@type":"WebPage","@id":"https:\/\/www.lilleliis.com\/et\/toode\/pisikesed-noobid-6-mm-must-valge\/","url":"https:\/\/www.lilleliis.com\/et\/toode\/pisikesed-noobid-6-mm-must-valge\/","name":"Nukun\u00f6\u00f6p 6 mm - must-valge \u2013 100 tk | lilleliis","isPartOf":{"@id":"https:\/\/www.lilleliis.com\/et\/#website"},"primaryImageOfPage":{"@id":"https:\/\/www.lilleliis.com\/et\/toode\/pisikesed-noobid-6-mm-must-valge\/#primaryimage"},"image":{"@id":"https:\/\/www.lilleliis.com\/et\/toode\/pisikesed-noobid-6-mm-must-valge\/#primaryimage"},"thumbnailUrl":"https:\/\/www.lilleliis.com\/wp-content\/uploads\/2021\/04\/pisikesed-noobid-must-valge-3.jpg","datePublished":"2026-03-03T11:02:20+00:00","dateModified":"2026-04-06T13:29:06+00:00","description":"Pisikesed must-valged nukun\u00f6\u00f6bid, 6 mm, 100 tk. Sobivad amigurumi m\u00e4nguasjade viimistlemiseks ja teisteks k\u00e4sit\u00f6\u00f6 projektideks.","breadcrumb":{"@id":"https:\/\/www.lilleliis.com\/et\/toode\/pisikesed-noobid-6-mm-must-valge\/#breadcrumb"},"inLanguage":"et","potentialAction":[{"@type":"ReadAction","target":["https:\/\/www.lilleliis.com\/et\/toode\/pisikesed-noobid-6-mm-must-valge\/"]}]},{"@type":"ImageObject","inLanguage":"et","@id":"https:\/\/www.lilleliis.com\/et\/toode\/pisikesed-noobid-6-mm-must-valge\/#primaryimage","url":"https:\/\/www.lilleliis.com\/wp-content\/uploads\/2021\/04\/pisikesed-noobid-must-valge-3.jpg","contentUrl":"https:\/\/www.lilleliis.com\/wp-content\/uploads\/2021\/04\/pisikesed-noobid-must-valge-3.jpg","width":853,"height":1280,"caption":"pisikesed n\u00f6\u00f6bid must valge"},{"@type":"BreadcrumbList","@id":"https:\/\/www.lilleliis.com\/et\/toode\/pisikesed-noobid-6-mm-must-valge\/#breadcrumb","itemListElement":[{"@type":"ListItem","position":1,"name":"Home","item":"https:\/\/www.lilleliis.com\/et\/"},{"@type":"ListItem","position":2,"name":"Pood","item":"https:\/\/www.lilleliis.com\/et\/shop\/"},{"@type":"ListItem","position":3,"name":"Nukun\u00f6\u00f6p 6 mm &#8211; must-valge \u2013 100 tk"}]},{"@type":"WebSite","@id":"https:\/\/www.lilleliis.com\/et\/#website","url":"https:\/\/www.lilleliis.com\/et\/","name":"lilleliis","description":"Amigurumi m\u00e4nguasjad ja mustrid","potentialAction":[{"@type":"SearchAction","target":{"@type":"EntryPoint","urlTemplate":"https:\/\/www.lilleliis.com\/et\/?s={search_term_string}"},"query-input":{"@type":"PropertyValueSpecification","valueRequired":true,"valueName":"search_term_string"}}],"inLanguage":"et"}]}},"_links":{"self":[{"href":"https:\/\/www.lilleliis.com\/et\/wp-json\/wp\/v2\/product\/78098","targetHints":{"allow":["GET"]}}],"collection":[{"href":"https:\/\/www.lilleliis.com\/et\/wp-json\/wp\/v2\/product"}],"about":[{"href":"https:\/\/www.lilleliis.com\/et\/wp-json\/wp\/v2\/types\/product"}],"replies":[{"embeddable":true,"href":"https:\/\/www.lilleliis.com\/et\/wp-json\/wp\/v2\/comments?post=78098"}],"wp:featuredmedia":[{"embeddable":true,"href":"https:\/\/www.lilleliis.com\/et\/wp-json\/wp\/v2\/media\/78103"}],"wp:attachment":[{"href":"https:\/\/www.lilleliis.com\/et\/wp-json\/wp\/v2\/media?parent=78098"}],"wp:term":[{"taxonomy":"product_brand","embeddable":true,"href":"https:\/\/www.lilleliis.com\/et\/wp-json\/wp\/v2\/product_brand?post=78098"},{"taxonomy":"product_cat","embeddable":true,"href":"https:\/\/www.lilleliis.com\/et\/wp-json\/wp\/v2\/product_cat?post=78098"},{"taxonomy":"product_tag","embeddable":true,"href":"https:\/\/www.lilleliis.com\/et\/wp-json\/wp\/v2\/product_tag?post=78098"}],"curies":[{"name":"wp","href":"https:\/\/api.w.org\/{rel}","templated":true}]}}