{"id":78868,"date":"2025-09-10T10:20:56","date_gmt":"2025-09-10T07:20:56","guid":{"rendered":"https:\/\/www.lilleliis.com\/?post_type=product&#038;p=78868"},"modified":"2026-03-07T08:35:43","modified_gmt":"2026-03-07T06:35:43","slug":"hunt-villi-amigurumi-muster","status":"publish","type":"product","link":"https:\/\/www.lilleliis.com\/et\/toode\/hunt-villi-amigurumi-muster\/","title":{"rendered":"Hundi heegeldamise \u00f5petus &#8211; Hunt Villi"},"content":{"rendered":"<p>Hunt Villi on armsate kaisukate metsloomade kollektsiooni kolmas tegelane.<\/p>\n<h3>Mustrist<\/h3>\n<p>Allalaetav ja lihtsasti j\u00e4lgitav k\u00e4sit\u00f6\u00f6 \u00f5petus (PDF fail). Juhend sisaldab samm-sammulist \u00f5petust eseme valmistamiseks ning hulgaliselt abistavaid fotosid.<\/p>\n<p>Keel: eesti, inglise, hispaania, hollandi, taani<\/p>\n<p>\u00d5petuse raskusaste: keeruline<\/p>\n<p>Vajaminevad v\u00f5tted: kinnissilmust, poolsammas, heegeldamine kahe v\u00e4rviga<\/p>\n<div class=\"is-divider divider clearfix\" ><\/div>\n<h3>Suurus ja materjal<\/h3>\n<p>Suurus: 16 cm<\/p>\n<p>Valmistamiseks on kasutatud meriinovillast l\u00f5nga ning heegeln\u00f5ela j\u00e4medusega 3 mm.<\/p>\n<div class=\"is-divider divider clearfix\" ><\/div>\n<h3>Abi ja copyright<\/h3>\n<p>K\u00fcsimuste korral saab abi\u00a0<a href=\"mailto:%20lilleliis@gmail.com\">e-posti teel<\/a>.<\/p>\n<p>\u00d5petuse j\u00e4rgi valmistatud esemeid v\u00f5ib m\u00fc\u00fca. \u00d5petust on keelatud jagada. Autori\u00f5igustega tutvu\u00a0<a href=\"https:\/\/www.lilleliis.com\/et\/autorioigused\/\" target=\"_blank\" rel=\"noopener\">siin<\/a>.<\/p>\n","protected":false},"excerpt":{"rendered":"<p data-start=\"190\" data-end=\"488\">Hunt Villi on keskmise suurusega m\u00f5nus kaisukas, kes sobib nii m\u00e4ngimiseks kui ka kingituseks. Kui kasutad meriinovillast l\u00f5nga, saad eriti pehme ja m\u00f5nusa m\u00e4nguasja. Hundile annavad erilise v\u00e4limuse tema harjatud k\u00f5rvad ja saba, mis muudavad ta pilkup\u00fc\u00fcdvaks ja iseloomuga tegelaseks.<\/p>\n<p data-start=\"490\" data-end=\"775\">Selle hundi heegeldamise \u00f5petuse abil saad luua armsa istuva hundi, kellel on s\u00f5bralik ilme ja l\u00e4bim\u00f5eldud detailid. Valmis m\u00e4nguasi on istuvas asendis ning \u00f5petus sisaldab ka juhiseid, kuidas katta hundi jalad kangaga &#8211; see annab m\u00e4nguasjale eriti toreda ja viimistletud v\u00e4limuse.<\/p>\n<p data-start=\"490\" data-end=\"775\"><div class=\"is-divider divider clearfix\" ><\/div>\n<p data-start=\"490\" data-end=\"775\">Tegemist on allalaetava <strong data-start=\"326\" data-end=\"343\">PDF-\u00f5petusega<\/strong>, mis sisaldab rohkelt fotosid. \u00d5petuse raskusaste on <strong data-start=\"397\" data-end=\"409\">keeruline<\/strong>\u00a0ja see on saadaval ka eesti keeles.<\/p>\n","protected":false},"featured_media":78879,"comment_status":"open","ping_status":"closed","template":"","meta":[],"product_brand":[],"product_cat":[95,125],"product_tag":[172],"class_list":{"0":"post-78868","1":"product","2":"type-product","3":"status-publish","4":"has-post-thumbnail","6":"product_cat-amigurumi-opetused","7":"product_cat-looma-mustrid","8":"product_tag-poistele","9":"pa_pattern-language-eesti","10":"pa_pattern-language-hispaania","11":"pa_pattern-language-hollandi","12":"pa_pattern-language-inglise","13":"pa_pattern-language-taani","14":"pa_pattern-skill-level-keeruline","16":"first","17":"instock","18":"sold-individually","19":"taxable","20":"shipping-taxable","21":"purchasable","22":"product-type-variable"},"yoast_head":"<!-- This site is optimized with the Yoast SEO plugin v27.3 - https:\/\/yoast.com\/product\/yoast-seo-wordpress\/ -->\n<title>Hundi heegeldamise \u00f5petus - Hunt Villi | lilleliis<\/title>\n<meta name=\"description\" content=\"Hundi heegeldamise \u00f5petus Hunt Villi aitab sul luua armsa istuva hundi. Harjatud k\u00f5rvad ja saba ning kangaga kaetud jalad annavad m\u00e4nguasjale erilise v\u00e4limuse.\" \/>\n<meta name=\"robots\" content=\"index, follow, max-snippet:-1, max-image-preview:large, max-video-preview:-1\" \/>\n<link rel=\"canonical\" href=\"https:\/\/www.lilleliis.com\/et\/toode\/hunt-villi-amigurumi-muster\/\" \/>\n<meta property=\"og:locale\" content=\"et_EE\" \/>\n<meta property=\"og:type\" content=\"article\" \/>\n<meta property=\"og:title\" content=\"Hundi heegeldamise \u00f5petus - Hunt Villi | lilleliis\" \/>\n<meta property=\"og:description\" content=\"Hundi heegeldamise \u00f5petus Hunt Villi aitab sul luua armsa istuva hundi. Harjatud k\u00f5rvad ja saba ning kangaga kaetud jalad annavad m\u00e4nguasjale erilise v\u00e4limuse.\" \/>\n<meta property=\"og:url\" content=\"https:\/\/www.lilleliis.com\/et\/toode\/hunt-villi-amigurumi-muster\/\" \/>\n<meta property=\"og:site_name\" content=\"lilleliis\" \/>\n<meta property=\"article:publisher\" content=\"https:\/\/www.facebook.com\/lilleliis-283266335035799\/\" \/>\n<meta property=\"article:modified_time\" content=\"2026-03-07T06:35:43+00:00\" \/>\n<meta property=\"og:image\" content=\"https:\/\/www.lilleliis.com\/wp-content\/uploads\/2021\/05\/willy-the-wolf-amigurumi-pattern-3.jpg\" \/>\n\t<meta property=\"og:image:width\" content=\"853\" \/>\n\t<meta property=\"og:image:height\" content=\"1280\" \/>\n\t<meta property=\"og:image:type\" content=\"image\/jpeg\" \/>\n<meta name=\"twitter:card\" content=\"summary_large_image\" \/>\n<meta name=\"twitter:label1\" content=\"Est. reading time\" \/>\n\t<meta name=\"twitter:data1\" content=\"1 minute\" \/>\n<script type=\"application\/ld+json\" class=\"yoast-schema-graph\">{\"@context\":\"https:\\\/\\\/schema.org\",\"@graph\":[{\"@type\":\"WebPage\",\"@id\":\"https:\\\/\\\/www.lilleliis.com\\\/et\\\/toode\\\/hunt-villi-amigurumi-muster\\\/\",\"url\":\"https:\\\/\\\/www.lilleliis.com\\\/et\\\/toode\\\/hunt-villi-amigurumi-muster\\\/\",\"name\":\"Hundi heegeldamise \u00f5petus - Hunt Villi | lilleliis\",\"isPartOf\":{\"@id\":\"https:\\\/\\\/www.lilleliis.com\\\/et\\\/#website\"},\"primaryImageOfPage\":{\"@id\":\"https:\\\/\\\/www.lilleliis.com\\\/et\\\/toode\\\/hunt-villi-amigurumi-muster\\\/#primaryimage\"},\"image\":{\"@id\":\"https:\\\/\\\/www.lilleliis.com\\\/et\\\/toode\\\/hunt-villi-amigurumi-muster\\\/#primaryimage\"},\"thumbnailUrl\":\"https:\\\/\\\/www.lilleliis.com\\\/wp-content\\\/uploads\\\/2021\\\/05\\\/willy-the-wolf-amigurumi-pattern-3.jpg\",\"datePublished\":\"2025-09-10T07:20:56+00:00\",\"dateModified\":\"2026-03-07T06:35:43+00:00\",\"description\":\"Hundi heegeldamise \u00f5petus Hunt Villi aitab sul luua armsa istuva hundi. Harjatud k\u00f5rvad ja saba ning kangaga kaetud jalad annavad m\u00e4nguasjale erilise v\u00e4limuse.\",\"breadcrumb\":{\"@id\":\"https:\\\/\\\/www.lilleliis.com\\\/et\\\/toode\\\/hunt-villi-amigurumi-muster\\\/#breadcrumb\"},\"inLanguage\":\"et\",\"potentialAction\":[{\"@type\":\"ReadAction\",\"target\":[\"https:\\\/\\\/www.lilleliis.com\\\/et\\\/toode\\\/hunt-villi-amigurumi-muster\\\/\"]}]},{\"@type\":\"ImageObject\",\"inLanguage\":\"et\",\"@id\":\"https:\\\/\\\/www.lilleliis.com\\\/et\\\/toode\\\/hunt-villi-amigurumi-muster\\\/#primaryimage\",\"url\":\"https:\\\/\\\/www.lilleliis.com\\\/wp-content\\\/uploads\\\/2021\\\/05\\\/willy-the-wolf-amigurumi-pattern-3.jpg\",\"contentUrl\":\"https:\\\/\\\/www.lilleliis.com\\\/wp-content\\\/uploads\\\/2021\\\/05\\\/willy-the-wolf-amigurumi-pattern-3.jpg\",\"width\":853,\"height\":1280,\"caption\":\"hunt villi amigurumi muster\"},{\"@type\":\"BreadcrumbList\",\"@id\":\"https:\\\/\\\/www.lilleliis.com\\\/et\\\/toode\\\/hunt-villi-amigurumi-muster\\\/#breadcrumb\",\"itemListElement\":[{\"@type\":\"ListItem\",\"position\":1,\"name\":\"Home\",\"item\":\"https:\\\/\\\/www.lilleliis.com\\\/et\\\/\"},{\"@type\":\"ListItem\",\"position\":2,\"name\":\"Pood\",\"item\":\"https:\\\/\\\/www.lilleliis.com\\\/et\\\/shop\\\/\"},{\"@type\":\"ListItem\",\"position\":3,\"name\":\"Hundi heegeldamise \u00f5petus &#8211; Hunt Villi\"}]},{\"@type\":\"WebSite\",\"@id\":\"https:\\\/\\\/www.lilleliis.com\\\/et\\\/#website\",\"url\":\"https:\\\/\\\/www.lilleliis.com\\\/et\\\/\",\"name\":\"lilleliis\",\"description\":\"Amigurumi m\u00e4nguasjad ja mustrid\",\"potentialAction\":[{\"@type\":\"SearchAction\",\"target\":{\"@type\":\"EntryPoint\",\"urlTemplate\":\"https:\\\/\\\/www.lilleliis.com\\\/et\\\/?s={search_term_string}\"},\"query-input\":{\"@type\":\"PropertyValueSpecification\",\"valueRequired\":true,\"valueName\":\"search_term_string\"}}],\"inLanguage\":\"et\"}]}<\/script>\n<!-- \/ Yoast SEO plugin. -->","yoast_head_json":{"title":"Hundi heegeldamise \u00f5petus - Hunt Villi | lilleliis","description":"Hundi heegeldamise \u00f5petus Hunt Villi aitab sul luua armsa istuva hundi. Harjatud k\u00f5rvad ja saba ning kangaga kaetud jalad annavad m\u00e4nguasjale erilise v\u00e4limuse.","robots":{"index":"index","follow":"follow","max-snippet":"max-snippet:-1","max-image-preview":"max-image-preview:large","max-video-preview":"max-video-preview:-1"},"canonical":"https:\/\/www.lilleliis.com\/et\/toode\/hunt-villi-amigurumi-muster\/","og_locale":"et_EE","og_type":"article","og_title":"Hundi heegeldamise \u00f5petus - Hunt Villi | lilleliis","og_description":"Hundi heegeldamise \u00f5petus Hunt Villi aitab sul luua armsa istuva hundi. Harjatud k\u00f5rvad ja saba ning kangaga kaetud jalad annavad m\u00e4nguasjale erilise v\u00e4limuse.","og_url":"https:\/\/www.lilleliis.com\/et\/toode\/hunt-villi-amigurumi-muster\/","og_site_name":"lilleliis","article_publisher":"https:\/\/www.facebook.com\/lilleliis-283266335035799\/","article_modified_time":"2026-03-07T06:35:43+00:00","og_image":[{"width":853,"height":1280,"url":"https:\/\/www.lilleliis.com\/wp-content\/uploads\/2021\/05\/willy-the-wolf-amigurumi-pattern-3.jpg","type":"image\/jpeg"}],"twitter_card":"summary_large_image","twitter_misc":{"Est. reading time":"1 minute"},"schema":{"@context":"https:\/\/schema.org","@graph":[{"@type":"WebPage","@id":"https:\/\/www.lilleliis.com\/et\/toode\/hunt-villi-amigurumi-muster\/","url":"https:\/\/www.lilleliis.com\/et\/toode\/hunt-villi-amigurumi-muster\/","name":"Hundi heegeldamise \u00f5petus - Hunt Villi | lilleliis","isPartOf":{"@id":"https:\/\/www.lilleliis.com\/et\/#website"},"primaryImageOfPage":{"@id":"https:\/\/www.lilleliis.com\/et\/toode\/hunt-villi-amigurumi-muster\/#primaryimage"},"image":{"@id":"https:\/\/www.lilleliis.com\/et\/toode\/hunt-villi-amigurumi-muster\/#primaryimage"},"thumbnailUrl":"https:\/\/www.lilleliis.com\/wp-content\/uploads\/2021\/05\/willy-the-wolf-amigurumi-pattern-3.jpg","datePublished":"2025-09-10T07:20:56+00:00","dateModified":"2026-03-07T06:35:43+00:00","description":"Hundi heegeldamise \u00f5petus Hunt Villi aitab sul luua armsa istuva hundi. Harjatud k\u00f5rvad ja saba ning kangaga kaetud jalad annavad m\u00e4nguasjale erilise v\u00e4limuse.","breadcrumb":{"@id":"https:\/\/www.lilleliis.com\/et\/toode\/hunt-villi-amigurumi-muster\/#breadcrumb"},"inLanguage":"et","potentialAction":[{"@type":"ReadAction","target":["https:\/\/www.lilleliis.com\/et\/toode\/hunt-villi-amigurumi-muster\/"]}]},{"@type":"ImageObject","inLanguage":"et","@id":"https:\/\/www.lilleliis.com\/et\/toode\/hunt-villi-amigurumi-muster\/#primaryimage","url":"https:\/\/www.lilleliis.com\/wp-content\/uploads\/2021\/05\/willy-the-wolf-amigurumi-pattern-3.jpg","contentUrl":"https:\/\/www.lilleliis.com\/wp-content\/uploads\/2021\/05\/willy-the-wolf-amigurumi-pattern-3.jpg","width":853,"height":1280,"caption":"hunt villi amigurumi muster"},{"@type":"BreadcrumbList","@id":"https:\/\/www.lilleliis.com\/et\/toode\/hunt-villi-amigurumi-muster\/#breadcrumb","itemListElement":[{"@type":"ListItem","position":1,"name":"Home","item":"https:\/\/www.lilleliis.com\/et\/"},{"@type":"ListItem","position":2,"name":"Pood","item":"https:\/\/www.lilleliis.com\/et\/shop\/"},{"@type":"ListItem","position":3,"name":"Hundi heegeldamise \u00f5petus &#8211; Hunt Villi"}]},{"@type":"WebSite","@id":"https:\/\/www.lilleliis.com\/et\/#website","url":"https:\/\/www.lilleliis.com\/et\/","name":"lilleliis","description":"Amigurumi m\u00e4nguasjad ja mustrid","potentialAction":[{"@type":"SearchAction","target":{"@type":"EntryPoint","urlTemplate":"https:\/\/www.lilleliis.com\/et\/?s={search_term_string}"},"query-input":{"@type":"PropertyValueSpecification","valueRequired":true,"valueName":"search_term_string"}}],"inLanguage":"et"}]}},"_links":{"self":[{"href":"https:\/\/www.lilleliis.com\/et\/wp-json\/wp\/v2\/product\/78868","targetHints":{"allow":["GET"]}}],"collection":[{"href":"https:\/\/www.lilleliis.com\/et\/wp-json\/wp\/v2\/product"}],"about":[{"href":"https:\/\/www.lilleliis.com\/et\/wp-json\/wp\/v2\/types\/product"}],"replies":[{"embeddable":true,"href":"https:\/\/www.lilleliis.com\/et\/wp-json\/wp\/v2\/comments?post=78868"}],"wp:featuredmedia":[{"embeddable":true,"href":"https:\/\/www.lilleliis.com\/et\/wp-json\/wp\/v2\/media\/78879"}],"wp:attachment":[{"href":"https:\/\/www.lilleliis.com\/et\/wp-json\/wp\/v2\/media?parent=78868"}],"wp:term":[{"taxonomy":"product_brand","embeddable":true,"href":"https:\/\/www.lilleliis.com\/et\/wp-json\/wp\/v2\/product_brand?post=78868"},{"taxonomy":"product_cat","embeddable":true,"href":"https:\/\/www.lilleliis.com\/et\/wp-json\/wp\/v2\/product_cat?post=78868"},{"taxonomy":"product_tag","embeddable":true,"href":"https:\/\/www.lilleliis.com\/et\/wp-json\/wp\/v2\/product_tag?post=78868"}],"curies":[{"name":"wp","href":"https:\/\/api.w.org\/{rel}","templated":true}]}}