{"id":79793,"date":"2026-03-07T17:09:35","date_gmt":"2026-03-07T15:09:35","guid":{"rendered":"https:\/\/www.lilleliis.com\/?post_type=product&#038;p=79793"},"modified":"2026-03-01T16:50:17","modified_gmt":"2026-03-01T14:50:17","slug":"tobe-kana-amigurumi-muster","status":"publish","type":"product","link":"https:\/\/www.lilleliis.com\/et\/toode\/tobe-kana-amigurumi-muster\/","title":{"rendered":"Amigurumi kana muster &#8211; Tobe kana"},"content":{"rendered":"<p>Tobe kana on toonud naeratuse inimeste n\u00e4ole alates p\u00e4evast, kui seda maailmaga jagasin. Ta on armas ja naljakas, ja veidike totakas ka. T\u00f5eline hull tibu! N\u00e4ib, et just k\u00f5ik see inimestele tema juures meeldibki.<\/p>\n<div class=\"is-divider divider clearfix\" ><\/div>\n<h3>Mustrist<\/h3>\n<p>Allalaetav ja lihtsasti j\u00e4lgitav k\u00e4sit\u00f6\u00f6 \u00f5petus (PDF fail). Juhend sisaldab samm-sammulist \u00f5petust eseme valmistamiseks ning hulgaliselt abistavaid fotosid.<\/p>\n<p>Keel: eesti, inglise, saksa, hollandi, taani, itaalia, portugali, ungari<\/p>\n<p>\u00d5petuse raskusaste: keskmine<\/p>\n<p>Vajaminevad v\u00f5tted: kinnissilmust, poolsammas, \u00fchekordne sammas<\/p>\n<div class=\"is-divider divider clearfix\" ><\/div>\n<h3>Suurus ja materjal<\/h3>\n<p>Suurus: istudes 14 cm, koos jalgadega 19 cm<\/p>\n<p>Valmistamiseks on kasutatud puuvillast l\u00f5nga ning heegeln\u00f5ela j\u00e4medusega 2,5 mm.<\/p>\n<div class=\"is-divider divider clearfix\" ><\/div>\n<h3>Abi ja copyright<\/h3>\n<p>K\u00fcsimuste korral saab abi <a href=\"mailto: lilleliis@gmail.com\">e-posti teel<\/a>.<\/p>\n<p>\u00d5petuse j\u00e4rgi valmistatud esemeid v\u00f5ib m\u00fc\u00fca. \u00d5petust on keelatud jagada. Autori\u00f5igustega tutvu <a href=\"https:\/\/www.lilleliis.com\/et\/autorioigused\/\" target=\"_blank\" rel=\"noopener\">siin<\/a>.<\/p>\n","protected":false},"excerpt":{"rendered":"<p data-start=\"140\" data-end=\"441\">Amigurumi kana muster aitab sul heegeldada \u00fche armsa, naljaka ja veidi totaka kana, kes on inimesi naerma ajanud juba sellest p\u00e4evast alates, kui teda esimest korda maailmaga jagasin. Ta on t\u00f5eliselt hull tibu ja just see omap\u00e4rane karakter teebki ta nii eriliseks.<\/p>\n<p data-start=\"443\" data-end=\"712\">Muster sobib h\u00e4sti neile, kes ei armasta detailide kokku\u00f5mblemist. K\u00fclge tuleb \u00f5mmelda vaid nokk ja lott, \u00fclej\u00e4\u00e4nud detailid heegeldatakse t\u00f6\u00f6 k\u00e4igus juba keha k\u00fclge. Samas tasub valmis olla ka paari \u00fcsna kitsa ja veidi ebamugava detaili heegeldamiseks.<\/p>\n<p data-start=\"443\" data-end=\"712\"><div class=\"is-divider divider clearfix\" ><\/div>\n<p data-start=\"443\" data-end=\"712\">Tegemist on allalaetava <strong data-start=\"326\" data-end=\"343\">PDF-\u00f5petusega<\/strong>, mis sisaldab rohkelt fotosid. \u00d5petuse raskusaste on <strong>keskmine<\/strong> ja see on saadaval ka eesti keeles.<\/p>\n","protected":false},"featured_media":94152,"comment_status":"open","ping_status":"closed","template":"","meta":[],"product_brand":[],"product_cat":[95,513],"product_tag":[1605],"class_list":{"0":"post-79793","1":"product","2":"type-product","3":"status-publish","4":"has-post-thumbnail","6":"product_cat-amigurumi-opetused","7":"product_cat-linnu-mustrid","8":"product_tag-lihavotted","9":"pa_pattern-language-eesti","10":"pa_pattern-language-hollandi","11":"pa_pattern-language-inglise","12":"pa_pattern-language-itaalia","13":"pa_pattern-language-portugali","14":"pa_pattern-language-saksa","15":"pa_pattern-language-taani","16":"pa_pattern-language-ungari","17":"pa_pattern-skill-level-keskmine","19":"first","20":"instock","21":"sold-individually","22":"taxable","23":"shipping-taxable","24":"purchasable","25":"product-type-variable"},"yoast_head":"<!-- This site is optimized with the Yoast SEO plugin v27.3 - https:\/\/yoast.com\/product\/yoast-seo-wordpress\/ -->\n<title>Amigurumi kana muster - Tobe kana | Heegeldamise \u00f5petus | lilleliis<\/title>\n<meta name=\"description\" content=\"Eestikeelne, allalaetav amigurumi kana muster, mille j\u00e4rgi saad heegeldada tobeda ja veidi hullu kana, kes ajab inimesi naerma ja toob r\u00f5\u00f5mu.\" \/>\n<meta name=\"robots\" content=\"index, follow, max-snippet:-1, max-image-preview:large, max-video-preview:-1\" \/>\n<link rel=\"canonical\" href=\"https:\/\/www.lilleliis.com\/et\/toode\/tobe-kana-amigurumi-muster\/\" \/>\n<meta property=\"og:locale\" content=\"et_EE\" \/>\n<meta property=\"og:type\" content=\"article\" \/>\n<meta property=\"og:title\" content=\"Amigurumi kana muster - Tobe kana | Heegeldamise \u00f5petus | lilleliis\" \/>\n<meta property=\"og:description\" content=\"Eestikeelne, allalaetav amigurumi kana muster, mille j\u00e4rgi saad heegeldada tobeda ja veidi hullu kana, kes ajab inimesi naerma ja toob r\u00f5\u00f5mu.\" \/>\n<meta property=\"og:url\" content=\"https:\/\/www.lilleliis.com\/et\/toode\/tobe-kana-amigurumi-muster\/\" \/>\n<meta property=\"og:site_name\" content=\"lilleliis\" \/>\n<meta property=\"article:publisher\" content=\"https:\/\/www.facebook.com\/lilleliis-283266335035799\/\" \/>\n<meta property=\"og:image\" content=\"https:\/\/www.lilleliis.com\/wp-content\/uploads\/2024\/02\/crochet-hen-pattern.jpg\" \/>\n\t<meta property=\"og:image:width\" content=\"853\" \/>\n\t<meta property=\"og:image:height\" content=\"1280\" \/>\n\t<meta property=\"og:image:type\" content=\"image\/jpeg\" \/>\n<meta name=\"twitter:card\" content=\"summary_large_image\" \/>\n<meta name=\"twitter:label1\" content=\"Est. reading time\" \/>\n\t<meta name=\"twitter:data1\" content=\"1 minute\" \/>\n<script type=\"application\/ld+json\" class=\"yoast-schema-graph\">{\"@context\":\"https:\\\/\\\/schema.org\",\"@graph\":[{\"@type\":\"WebPage\",\"@id\":\"https:\\\/\\\/www.lilleliis.com\\\/et\\\/toode\\\/tobe-kana-amigurumi-muster\\\/\",\"url\":\"https:\\\/\\\/www.lilleliis.com\\\/et\\\/toode\\\/tobe-kana-amigurumi-muster\\\/\",\"name\":\"Amigurumi kana muster - Tobe kana | Heegeldamise \u00f5petus | lilleliis\",\"isPartOf\":{\"@id\":\"https:\\\/\\\/www.lilleliis.com\\\/et\\\/#website\"},\"primaryImageOfPage\":{\"@id\":\"https:\\\/\\\/www.lilleliis.com\\\/et\\\/toode\\\/tobe-kana-amigurumi-muster\\\/#primaryimage\"},\"image\":{\"@id\":\"https:\\\/\\\/www.lilleliis.com\\\/et\\\/toode\\\/tobe-kana-amigurumi-muster\\\/#primaryimage\"},\"thumbnailUrl\":\"https:\\\/\\\/www.lilleliis.com\\\/wp-content\\\/uploads\\\/2024\\\/02\\\/crochet-hen-pattern.jpg\",\"datePublished\":\"2026-03-07T15:09:35+00:00\",\"description\":\"Eestikeelne, allalaetav amigurumi kana muster, mille j\u00e4rgi saad heegeldada tobeda ja veidi hullu kana, kes ajab inimesi naerma ja toob r\u00f5\u00f5mu.\",\"breadcrumb\":{\"@id\":\"https:\\\/\\\/www.lilleliis.com\\\/et\\\/toode\\\/tobe-kana-amigurumi-muster\\\/#breadcrumb\"},\"inLanguage\":\"et\",\"potentialAction\":[{\"@type\":\"ReadAction\",\"target\":[\"https:\\\/\\\/www.lilleliis.com\\\/et\\\/toode\\\/tobe-kana-amigurumi-muster\\\/\"]}]},{\"@type\":\"ImageObject\",\"inLanguage\":\"et\",\"@id\":\"https:\\\/\\\/www.lilleliis.com\\\/et\\\/toode\\\/tobe-kana-amigurumi-muster\\\/#primaryimage\",\"url\":\"https:\\\/\\\/www.lilleliis.com\\\/wp-content\\\/uploads\\\/2024\\\/02\\\/crochet-hen-pattern.jpg\",\"contentUrl\":\"https:\\\/\\\/www.lilleliis.com\\\/wp-content\\\/uploads\\\/2024\\\/02\\\/crochet-hen-pattern.jpg\",\"width\":853,\"height\":1280,\"caption\":\"crochet hen pattern\"},{\"@type\":\"BreadcrumbList\",\"@id\":\"https:\\\/\\\/www.lilleliis.com\\\/et\\\/toode\\\/tobe-kana-amigurumi-muster\\\/#breadcrumb\",\"itemListElement\":[{\"@type\":\"ListItem\",\"position\":1,\"name\":\"Home\",\"item\":\"https:\\\/\\\/www.lilleliis.com\\\/et\\\/\"},{\"@type\":\"ListItem\",\"position\":2,\"name\":\"Pood\",\"item\":\"https:\\\/\\\/www.lilleliis.com\\\/et\\\/shop\\\/\"},{\"@type\":\"ListItem\",\"position\":3,\"name\":\"Amigurumi kana muster &#8211; Tobe kana\"}]},{\"@type\":\"WebSite\",\"@id\":\"https:\\\/\\\/www.lilleliis.com\\\/et\\\/#website\",\"url\":\"https:\\\/\\\/www.lilleliis.com\\\/et\\\/\",\"name\":\"lilleliis\",\"description\":\"Amigurumi m\u00e4nguasjad ja mustrid\",\"potentialAction\":[{\"@type\":\"SearchAction\",\"target\":{\"@type\":\"EntryPoint\",\"urlTemplate\":\"https:\\\/\\\/www.lilleliis.com\\\/et\\\/?s={search_term_string}\"},\"query-input\":{\"@type\":\"PropertyValueSpecification\",\"valueRequired\":true,\"valueName\":\"search_term_string\"}}],\"inLanguage\":\"et\"}]}<\/script>\n<!-- \/ Yoast SEO plugin. -->","yoast_head_json":{"title":"Amigurumi kana muster - Tobe kana | Heegeldamise \u00f5petus | lilleliis","description":"Eestikeelne, allalaetav amigurumi kana muster, mille j\u00e4rgi saad heegeldada tobeda ja veidi hullu kana, kes ajab inimesi naerma ja toob r\u00f5\u00f5mu.","robots":{"index":"index","follow":"follow","max-snippet":"max-snippet:-1","max-image-preview":"max-image-preview:large","max-video-preview":"max-video-preview:-1"},"canonical":"https:\/\/www.lilleliis.com\/et\/toode\/tobe-kana-amigurumi-muster\/","og_locale":"et_EE","og_type":"article","og_title":"Amigurumi kana muster - Tobe kana | Heegeldamise \u00f5petus | lilleliis","og_description":"Eestikeelne, allalaetav amigurumi kana muster, mille j\u00e4rgi saad heegeldada tobeda ja veidi hullu kana, kes ajab inimesi naerma ja toob r\u00f5\u00f5mu.","og_url":"https:\/\/www.lilleliis.com\/et\/toode\/tobe-kana-amigurumi-muster\/","og_site_name":"lilleliis","article_publisher":"https:\/\/www.facebook.com\/lilleliis-283266335035799\/","og_image":[{"width":853,"height":1280,"url":"https:\/\/www.lilleliis.com\/wp-content\/uploads\/2024\/02\/crochet-hen-pattern.jpg","type":"image\/jpeg"}],"twitter_card":"summary_large_image","twitter_misc":{"Est. reading time":"1 minute"},"schema":{"@context":"https:\/\/schema.org","@graph":[{"@type":"WebPage","@id":"https:\/\/www.lilleliis.com\/et\/toode\/tobe-kana-amigurumi-muster\/","url":"https:\/\/www.lilleliis.com\/et\/toode\/tobe-kana-amigurumi-muster\/","name":"Amigurumi kana muster - Tobe kana | Heegeldamise \u00f5petus | lilleliis","isPartOf":{"@id":"https:\/\/www.lilleliis.com\/et\/#website"},"primaryImageOfPage":{"@id":"https:\/\/www.lilleliis.com\/et\/toode\/tobe-kana-amigurumi-muster\/#primaryimage"},"image":{"@id":"https:\/\/www.lilleliis.com\/et\/toode\/tobe-kana-amigurumi-muster\/#primaryimage"},"thumbnailUrl":"https:\/\/www.lilleliis.com\/wp-content\/uploads\/2024\/02\/crochet-hen-pattern.jpg","datePublished":"2026-03-07T15:09:35+00:00","description":"Eestikeelne, allalaetav amigurumi kana muster, mille j\u00e4rgi saad heegeldada tobeda ja veidi hullu kana, kes ajab inimesi naerma ja toob r\u00f5\u00f5mu.","breadcrumb":{"@id":"https:\/\/www.lilleliis.com\/et\/toode\/tobe-kana-amigurumi-muster\/#breadcrumb"},"inLanguage":"et","potentialAction":[{"@type":"ReadAction","target":["https:\/\/www.lilleliis.com\/et\/toode\/tobe-kana-amigurumi-muster\/"]}]},{"@type":"ImageObject","inLanguage":"et","@id":"https:\/\/www.lilleliis.com\/et\/toode\/tobe-kana-amigurumi-muster\/#primaryimage","url":"https:\/\/www.lilleliis.com\/wp-content\/uploads\/2024\/02\/crochet-hen-pattern.jpg","contentUrl":"https:\/\/www.lilleliis.com\/wp-content\/uploads\/2024\/02\/crochet-hen-pattern.jpg","width":853,"height":1280,"caption":"crochet hen pattern"},{"@type":"BreadcrumbList","@id":"https:\/\/www.lilleliis.com\/et\/toode\/tobe-kana-amigurumi-muster\/#breadcrumb","itemListElement":[{"@type":"ListItem","position":1,"name":"Home","item":"https:\/\/www.lilleliis.com\/et\/"},{"@type":"ListItem","position":2,"name":"Pood","item":"https:\/\/www.lilleliis.com\/et\/shop\/"},{"@type":"ListItem","position":3,"name":"Amigurumi kana muster &#8211; Tobe kana"}]},{"@type":"WebSite","@id":"https:\/\/www.lilleliis.com\/et\/#website","url":"https:\/\/www.lilleliis.com\/et\/","name":"lilleliis","description":"Amigurumi m\u00e4nguasjad ja mustrid","potentialAction":[{"@type":"SearchAction","target":{"@type":"EntryPoint","urlTemplate":"https:\/\/www.lilleliis.com\/et\/?s={search_term_string}"},"query-input":{"@type":"PropertyValueSpecification","valueRequired":true,"valueName":"search_term_string"}}],"inLanguage":"et"}]}},"_links":{"self":[{"href":"https:\/\/www.lilleliis.com\/et\/wp-json\/wp\/v2\/product\/79793","targetHints":{"allow":["GET"]}}],"collection":[{"href":"https:\/\/www.lilleliis.com\/et\/wp-json\/wp\/v2\/product"}],"about":[{"href":"https:\/\/www.lilleliis.com\/et\/wp-json\/wp\/v2\/types\/product"}],"replies":[{"embeddable":true,"href":"https:\/\/www.lilleliis.com\/et\/wp-json\/wp\/v2\/comments?post=79793"}],"wp:featuredmedia":[{"embeddable":true,"href":"https:\/\/www.lilleliis.com\/et\/wp-json\/wp\/v2\/media\/94152"}],"wp:attachment":[{"href":"https:\/\/www.lilleliis.com\/et\/wp-json\/wp\/v2\/media?parent=79793"}],"wp:term":[{"taxonomy":"product_brand","embeddable":true,"href":"https:\/\/www.lilleliis.com\/et\/wp-json\/wp\/v2\/product_brand?post=79793"},{"taxonomy":"product_cat","embeddable":true,"href":"https:\/\/www.lilleliis.com\/et\/wp-json\/wp\/v2\/product_cat?post=79793"},{"taxonomy":"product_tag","embeddable":true,"href":"https:\/\/www.lilleliis.com\/et\/wp-json\/wp\/v2\/product_tag?post=79793"}],"curies":[{"name":"wp","href":"https:\/\/api.w.org\/{rel}","templated":true}]}}