{"id":82625,"date":"2025-11-16T14:45:55","date_gmt":"2025-11-16T12:45:55","guid":{"rendered":"https:\/\/www.lilleliis.com\/?post_type=product&#038;p=82625"},"modified":"2025-10-20T00:02:14","modified_gmt":"2025-10-19T21:02:14","slug":"amigurumi-kirsi-piparkook-muster","status":"publish","type":"product","link":"https:\/\/www.lilleliis.com\/et\/toode\/amigurumi-kirsi-piparkook-muster\/","title":{"rendered":"Amigurumi kirsi piparkook &#8211; pdf muster"},"content":{"rendered":null,"protected":false},"excerpt":{"rendered":"<p>Amigurumi kirsi piparkook on vahva kingitus lapsele j\u00f5ulusussi sisse pistmiseks, aga miks mitte ka kuusele riputamiseks.<\/p>\n<p>Piparkoogimees n\u00e4eb v\u00e4lja justkui magustoit. Tema keha katavad heegeldatud suhkruglasuuri triibud nagu ehtsal tainast piparkoogil. Peas on tal suur kirss, mis on helmestest tehtud \u0161okolaadipuistega \u00fcle riputatud.<\/p>\n<p>T\u00f5eliselt nj\u00e4mma j\u00f5ulukingitus lapsele!<\/p>\n<hr \/>\n<p><span data-text-color=\"primary\">MUSTRIST<\/span><\/p>\n<p>Allalaetav ja lihtsasti j\u00e4lgitav k\u00e4sit\u00f6\u00f6 \u00f5petus (PDF fail). Juhend sisaldab samm-sammulist \u00f5petust eseme valmistamiseks ning hulgaliselt abistavaid fotosid.<\/p>\n<p>Keel: eesti, inglise, hollandi, itaalia, portugali, saksa<\/p>\n<p>\u00d5petuse raskusaste: lihtne+<\/p>\n<p>Vajaminevad v\u00f5tted: kinnissilmust<\/p>\n<hr \/>\n<p><span data-text-color=\"primary\">SUURUS JA MATERJAL<\/span><\/p>\n<p>Suurus: 17 cm<\/p>\n<p>Valmistamiseks on kasutatud puuvillast l\u00f5nga ning heegeln\u00f5ela j\u00e4medusega 2,5 mm.<\/p>\n<hr \/>\n<p><span data-text-color=\"primary\">ABI JA COPYRIGHT<\/span><\/p>\n<p>K\u00fcsimuste korral saab abi\u00a0<a href=\"mailto:%20lilleliis@gmail.com\">e-posti teel<\/a>.<\/p>\n<p>\u00d5petuse j\u00e4rgi valmistatud esemeid v\u00f5ib m\u00fc\u00fca. \u00d5petust on keelatud jagada. Autori\u00f5igustega tutvu\u00a0<a href=\"https:\/\/www.lilleliis.com\/et\/autorioigused\/\" target=\"_blank\" rel=\"noopener\">siin<\/a>.<\/p>\n","protected":false},"featured_media":81766,"comment_status":"open","ping_status":"closed","template":"","meta":[],"product_brand":[],"product_cat":[95,128],"product_tag":[339],"class_list":{"0":"post-82625","1":"product","2":"type-product","3":"status-publish","4":"has-post-thumbnail","6":"product_cat-amigurumi-opetused","7":"product_cat-nuku-mustrid","8":"product_tag-joulud","9":"pa_pattern-language-eesti","10":"pa_pattern-language-hollandi","11":"pa_pattern-language-inglise","12":"pa_pattern-language-itaalia","13":"pa_pattern-language-portugali","14":"pa_pattern-language-saksa","15":"pa_pattern-skill-level-lihtne","17":"first","18":"instock","19":"sold-individually","20":"taxable","21":"shipping-taxable","22":"purchasable","23":"product-type-variable"},"yoast_head":"<!-- This site is optimized with the Yoast SEO plugin v27.3 - https:\/\/yoast.com\/product\/yoast-seo-wordpress\/ -->\n<title>Amigurumi kirsi piparkook - pdf muster | Heegeldamise \u00f5petus | lilleliis<\/title>\n<meta name=\"description\" content=\"Eestikeelne, allalaetav amigurumi \u00f5petus, mille j\u00e4rgi saad heegeldada armsa kirsi piparkoogi. T\u00f5eliselt nj\u00e4mma j\u00f5ulukingitus lapsele!\" \/>\n<meta name=\"robots\" content=\"index, follow, max-snippet:-1, max-image-preview:large, max-video-preview:-1\" \/>\n<link rel=\"canonical\" href=\"https:\/\/www.lilleliis.com\/et\/toode\/amigurumi-kirsi-piparkook-muster\/\" \/>\n<meta property=\"og:locale\" content=\"et_EE\" \/>\n<meta property=\"og:type\" content=\"article\" \/>\n<meta property=\"og:title\" content=\"Amigurumi kirsi piparkook - pdf muster | Heegeldamise \u00f5petus | lilleliis\" \/>\n<meta property=\"og:description\" content=\"Eestikeelne, allalaetav amigurumi \u00f5petus, mille j\u00e4rgi saad heegeldada armsa kirsi piparkoogi. T\u00f5eliselt nj\u00e4mma j\u00f5ulukingitus lapsele!\" \/>\n<meta property=\"og:url\" content=\"https:\/\/www.lilleliis.com\/et\/toode\/amigurumi-kirsi-piparkook-muster\/\" \/>\n<meta property=\"og:site_name\" content=\"lilleliis\" \/>\n<meta property=\"article:publisher\" content=\"https:\/\/www.facebook.com\/lilleliis-283266335035799\/\" \/>\n<meta property=\"og:image\" content=\"https:\/\/www.lilleliis.com\/wp-content\/uploads\/2021\/11\/amigurumi-gingerbread-man-10.jpg\" \/>\n\t<meta property=\"og:image:width\" content=\"853\" \/>\n\t<meta property=\"og:image:height\" content=\"1280\" \/>\n\t<meta property=\"og:image:type\" content=\"image\/jpeg\" \/>\n<meta name=\"twitter:card\" content=\"summary_large_image\" \/>\n<script type=\"application\/ld+json\" class=\"yoast-schema-graph\">{\"@context\":\"https:\\\/\\\/schema.org\",\"@graph\":[{\"@type\":\"WebPage\",\"@id\":\"https:\\\/\\\/www.lilleliis.com\\\/et\\\/toode\\\/amigurumi-kirsi-piparkook-muster\\\/\",\"url\":\"https:\\\/\\\/www.lilleliis.com\\\/et\\\/toode\\\/amigurumi-kirsi-piparkook-muster\\\/\",\"name\":\"Amigurumi kirsi piparkook - pdf muster | Heegeldamise \u00f5petus | lilleliis\",\"isPartOf\":{\"@id\":\"https:\\\/\\\/www.lilleliis.com\\\/et\\\/#website\"},\"primaryImageOfPage\":{\"@id\":\"https:\\\/\\\/www.lilleliis.com\\\/et\\\/toode\\\/amigurumi-kirsi-piparkook-muster\\\/#primaryimage\"},\"image\":{\"@id\":\"https:\\\/\\\/www.lilleliis.com\\\/et\\\/toode\\\/amigurumi-kirsi-piparkook-muster\\\/#primaryimage\"},\"thumbnailUrl\":\"https:\\\/\\\/www.lilleliis.com\\\/wp-content\\\/uploads\\\/2021\\\/11\\\/amigurumi-gingerbread-man-10.jpg\",\"datePublished\":\"2025-11-16T12:45:55+00:00\",\"description\":\"Eestikeelne, allalaetav amigurumi \u00f5petus, mille j\u00e4rgi saad heegeldada armsa kirsi piparkoogi. T\u00f5eliselt nj\u00e4mma j\u00f5ulukingitus lapsele!\",\"breadcrumb\":{\"@id\":\"https:\\\/\\\/www.lilleliis.com\\\/et\\\/toode\\\/amigurumi-kirsi-piparkook-muster\\\/#breadcrumb\"},\"inLanguage\":\"et\",\"potentialAction\":[{\"@type\":\"ReadAction\",\"target\":[\"https:\\\/\\\/www.lilleliis.com\\\/et\\\/toode\\\/amigurumi-kirsi-piparkook-muster\\\/\"]}]},{\"@type\":\"ImageObject\",\"inLanguage\":\"et\",\"@id\":\"https:\\\/\\\/www.lilleliis.com\\\/et\\\/toode\\\/amigurumi-kirsi-piparkook-muster\\\/#primaryimage\",\"url\":\"https:\\\/\\\/www.lilleliis.com\\\/wp-content\\\/uploads\\\/2021\\\/11\\\/amigurumi-gingerbread-man-10.jpg\",\"contentUrl\":\"https:\\\/\\\/www.lilleliis.com\\\/wp-content\\\/uploads\\\/2021\\\/11\\\/amigurumi-gingerbread-man-10.jpg\",\"width\":853,\"height\":1280,\"caption\":\"amigurumi piparkoogimees\"},{\"@type\":\"BreadcrumbList\",\"@id\":\"https:\\\/\\\/www.lilleliis.com\\\/et\\\/toode\\\/amigurumi-kirsi-piparkook-muster\\\/#breadcrumb\",\"itemListElement\":[{\"@type\":\"ListItem\",\"position\":1,\"name\":\"Home\",\"item\":\"https:\\\/\\\/www.lilleliis.com\\\/et\\\/\"},{\"@type\":\"ListItem\",\"position\":2,\"name\":\"Pood\",\"item\":\"https:\\\/\\\/www.lilleliis.com\\\/et\\\/shop\\\/\"},{\"@type\":\"ListItem\",\"position\":3,\"name\":\"Amigurumi kirsi piparkook &#8211; pdf muster\"}]},{\"@type\":\"WebSite\",\"@id\":\"https:\\\/\\\/www.lilleliis.com\\\/et\\\/#website\",\"url\":\"https:\\\/\\\/www.lilleliis.com\\\/et\\\/\",\"name\":\"lilleliis\",\"description\":\"Amigurumi m\u00e4nguasjad ja mustrid\",\"potentialAction\":[{\"@type\":\"SearchAction\",\"target\":{\"@type\":\"EntryPoint\",\"urlTemplate\":\"https:\\\/\\\/www.lilleliis.com\\\/et\\\/?s={search_term_string}\"},\"query-input\":{\"@type\":\"PropertyValueSpecification\",\"valueRequired\":true,\"valueName\":\"search_term_string\"}}],\"inLanguage\":\"et\"}]}<\/script>\n<!-- \/ Yoast SEO plugin. -->","yoast_head_json":{"title":"Amigurumi kirsi piparkook - pdf muster | Heegeldamise \u00f5petus | lilleliis","description":"Eestikeelne, allalaetav amigurumi \u00f5petus, mille j\u00e4rgi saad heegeldada armsa kirsi piparkoogi. T\u00f5eliselt nj\u00e4mma j\u00f5ulukingitus lapsele!","robots":{"index":"index","follow":"follow","max-snippet":"max-snippet:-1","max-image-preview":"max-image-preview:large","max-video-preview":"max-video-preview:-1"},"canonical":"https:\/\/www.lilleliis.com\/et\/toode\/amigurumi-kirsi-piparkook-muster\/","og_locale":"et_EE","og_type":"article","og_title":"Amigurumi kirsi piparkook - pdf muster | Heegeldamise \u00f5petus | lilleliis","og_description":"Eestikeelne, allalaetav amigurumi \u00f5petus, mille j\u00e4rgi saad heegeldada armsa kirsi piparkoogi. T\u00f5eliselt nj\u00e4mma j\u00f5ulukingitus lapsele!","og_url":"https:\/\/www.lilleliis.com\/et\/toode\/amigurumi-kirsi-piparkook-muster\/","og_site_name":"lilleliis","article_publisher":"https:\/\/www.facebook.com\/lilleliis-283266335035799\/","og_image":[{"width":853,"height":1280,"url":"https:\/\/www.lilleliis.com\/wp-content\/uploads\/2021\/11\/amigurumi-gingerbread-man-10.jpg","type":"image\/jpeg"}],"twitter_card":"summary_large_image","schema":{"@context":"https:\/\/schema.org","@graph":[{"@type":"WebPage","@id":"https:\/\/www.lilleliis.com\/et\/toode\/amigurumi-kirsi-piparkook-muster\/","url":"https:\/\/www.lilleliis.com\/et\/toode\/amigurumi-kirsi-piparkook-muster\/","name":"Amigurumi kirsi piparkook - pdf muster | Heegeldamise \u00f5petus | lilleliis","isPartOf":{"@id":"https:\/\/www.lilleliis.com\/et\/#website"},"primaryImageOfPage":{"@id":"https:\/\/www.lilleliis.com\/et\/toode\/amigurumi-kirsi-piparkook-muster\/#primaryimage"},"image":{"@id":"https:\/\/www.lilleliis.com\/et\/toode\/amigurumi-kirsi-piparkook-muster\/#primaryimage"},"thumbnailUrl":"https:\/\/www.lilleliis.com\/wp-content\/uploads\/2021\/11\/amigurumi-gingerbread-man-10.jpg","datePublished":"2025-11-16T12:45:55+00:00","description":"Eestikeelne, allalaetav amigurumi \u00f5petus, mille j\u00e4rgi saad heegeldada armsa kirsi piparkoogi. T\u00f5eliselt nj\u00e4mma j\u00f5ulukingitus lapsele!","breadcrumb":{"@id":"https:\/\/www.lilleliis.com\/et\/toode\/amigurumi-kirsi-piparkook-muster\/#breadcrumb"},"inLanguage":"et","potentialAction":[{"@type":"ReadAction","target":["https:\/\/www.lilleliis.com\/et\/toode\/amigurumi-kirsi-piparkook-muster\/"]}]},{"@type":"ImageObject","inLanguage":"et","@id":"https:\/\/www.lilleliis.com\/et\/toode\/amigurumi-kirsi-piparkook-muster\/#primaryimage","url":"https:\/\/www.lilleliis.com\/wp-content\/uploads\/2021\/11\/amigurumi-gingerbread-man-10.jpg","contentUrl":"https:\/\/www.lilleliis.com\/wp-content\/uploads\/2021\/11\/amigurumi-gingerbread-man-10.jpg","width":853,"height":1280,"caption":"amigurumi piparkoogimees"},{"@type":"BreadcrumbList","@id":"https:\/\/www.lilleliis.com\/et\/toode\/amigurumi-kirsi-piparkook-muster\/#breadcrumb","itemListElement":[{"@type":"ListItem","position":1,"name":"Home","item":"https:\/\/www.lilleliis.com\/et\/"},{"@type":"ListItem","position":2,"name":"Pood","item":"https:\/\/www.lilleliis.com\/et\/shop\/"},{"@type":"ListItem","position":3,"name":"Amigurumi kirsi piparkook &#8211; pdf muster"}]},{"@type":"WebSite","@id":"https:\/\/www.lilleliis.com\/et\/#website","url":"https:\/\/www.lilleliis.com\/et\/","name":"lilleliis","description":"Amigurumi m\u00e4nguasjad ja mustrid","potentialAction":[{"@type":"SearchAction","target":{"@type":"EntryPoint","urlTemplate":"https:\/\/www.lilleliis.com\/et\/?s={search_term_string}"},"query-input":{"@type":"PropertyValueSpecification","valueRequired":true,"valueName":"search_term_string"}}],"inLanguage":"et"}]}},"_links":{"self":[{"href":"https:\/\/www.lilleliis.com\/et\/wp-json\/wp\/v2\/product\/82625","targetHints":{"allow":["GET"]}}],"collection":[{"href":"https:\/\/www.lilleliis.com\/et\/wp-json\/wp\/v2\/product"}],"about":[{"href":"https:\/\/www.lilleliis.com\/et\/wp-json\/wp\/v2\/types\/product"}],"replies":[{"embeddable":true,"href":"https:\/\/www.lilleliis.com\/et\/wp-json\/wp\/v2\/comments?post=82625"}],"wp:featuredmedia":[{"embeddable":true,"href":"https:\/\/www.lilleliis.com\/et\/wp-json\/wp\/v2\/media\/81766"}],"wp:attachment":[{"href":"https:\/\/www.lilleliis.com\/et\/wp-json\/wp\/v2\/media?parent=82625"}],"wp:term":[{"taxonomy":"product_brand","embeddable":true,"href":"https:\/\/www.lilleliis.com\/et\/wp-json\/wp\/v2\/product_brand?post=82625"},{"taxonomy":"product_cat","embeddable":true,"href":"https:\/\/www.lilleliis.com\/et\/wp-json\/wp\/v2\/product_cat?post=82625"},{"taxonomy":"product_tag","embeddable":true,"href":"https:\/\/www.lilleliis.com\/et\/wp-json\/wp\/v2\/product_tag?post=82625"}],"curies":[{"name":"wp","href":"https:\/\/api.w.org\/{rel}","templated":true}]}}