{"id":8296,"date":"2021-01-31T10:06:14","date_gmt":"2021-01-31T08:06:14","guid":{"rendered":"http:\/\/lilleliis.com\/?post_type=product&#038;p=8296"},"modified":"2026-02-10T11:43:29","modified_gmt":"2026-02-10T09:43:29","slug":"raamat-voluvaega-manguasjad","status":"publish","type":"product","link":"https:\/\/www.lilleliis.com\/et\/toode\/raamat-voluvaega-manguasjad\/","title":{"rendered":"Raamat &#8220;V\u00f5luv\u00e4ega m\u00e4nguasjad&#8221;"},"content":{"rendered":"<p>See raamat aitab sul siseneda imelisse m\u00e4nguasjade v\u00f5lumaailma ning luua midagi ainukordset omaenda k\u00e4tega. Isetehtud m\u00e4nguasjades on imelist v\u00e4ge, mille tegija poetab sinna juba t\u00f6\u00f6 k\u00e4igus. Ema valmistatud lelu on nagu t\u00fckike temast, mida laps v\u00f5ib kaasas kanda, et tunda end turvaliselt ja hoitult. Looja jaoks on aga m\u00e4nguasja valmistamine l\u00f5\u00f5gastav ja paeluv tegevus.<\/p>\n<p>Raamat sisaldab fotodega illustreeritud \u00fclevaadet vajaminevatest silmustest ja t\u00f6\u00f6v\u00f5tetest ning 20 m\u00e4nguasja \u00f5petust, mis jagunevad kolme raskusastmesse lihtsast keeruliseni.<\/p>\n<p>Autor: Mari-Liis Lille<br \/>\nFotod: Annika Metsla<br \/>\nKirjastus: Varrak<br \/>\n160 lk, k\u00f5va k\u00f6ide<br \/>\nEsmatr\u00fckk aprillis 2014<\/p>\n","protected":false},"excerpt":{"rendered":"<p>Raamatust &#8220;V\u00f5luv\u00e4ega m\u00e4nguasjad&#8221; leiad 20 m\u00e4nguasja heegeldamise \u00f5petused, mis \u00fchendavad endas jaapanip\u00e4rase amigurumi tehnika ja Euroopas armastatud kaisukarutraditsiooni. Siin on suuremaid ja v\u00e4iksemaid, kuid v\u00e4ga lihtsate v\u00f5tetega heegeldatavaid kaisuloomi, nukkusid ja beebi k\u00f5rinaid. Lastest inspireeritud ja lastele m\u00e4ngimiseks loodud.<\/p>\n<p>Vaata raamatus olevate m\u00e4nguasjade <a href=\"https:\/\/www.lilleliis.com\/et\/featured_item_category\/raamat-voluvaega-manguasjad\/\" target=\"_blank\" rel=\"noopener\">galeriid<\/a>.<\/p>\n<p>Autori autogrammiga raamat!<\/p>\n","protected":false},"featured_media":23397,"comment_status":"open","ping_status":"closed","template":"","meta":[],"product_brand":[1580],"product_cat":[559],"product_tag":[],"class_list":{"0":"post-8296","1":"product","2":"type-product","3":"status-publish","4":"has-post-thumbnail","6":"product_brand-lilleliis","7":"product_cat-raamatud","8":"product_shipping_class-raamat-et","10":"first","11":"outofstock","12":"taxable","13":"shipping-taxable","14":"purchasable","15":"product-type-simple"},"yoast_head":"<!-- This site is optimized with the Yoast SEO plugin v27.3 - https:\/\/yoast.com\/product\/yoast-seo-wordpress\/ -->\n<title>Raamat &quot;V\u00f5luv\u00e4ega m\u00e4nguasjad&quot; | Autogrammiga raamat | lilleliis<\/title>\n<meta name=\"description\" content=\"Raamat V\u00f5luv\u00e4ega m\u00e4nguasjad aitab sul siseneda imelisse m\u00e4nguasjade v\u00f5lumaailma ning luua ainukordseid lelusid omaenda k\u00e4tega.\" \/>\n<meta name=\"robots\" content=\"index, follow, max-snippet:-1, max-image-preview:large, max-video-preview:-1\" \/>\n<link rel=\"canonical\" href=\"https:\/\/www.lilleliis.com\/et\/toode\/raamat-voluvaega-manguasjad\/\" \/>\n<meta property=\"og:locale\" content=\"et_EE\" \/>\n<meta property=\"og:type\" content=\"article\" \/>\n<meta property=\"og:title\" content=\"Raamat &quot;V\u00f5luv\u00e4ega m\u00e4nguasjad&quot; | Autogrammiga raamat | lilleliis\" \/>\n<meta property=\"og:description\" content=\"Raamat V\u00f5luv\u00e4ega m\u00e4nguasjad aitab sul siseneda imelisse m\u00e4nguasjade v\u00f5lumaailma ning luua ainukordseid lelusid omaenda k\u00e4tega.\" \/>\n<meta property=\"og:url\" content=\"https:\/\/www.lilleliis.com\/et\/toode\/raamat-voluvaega-manguasjad\/\" \/>\n<meta property=\"og:site_name\" content=\"lilleliis\" \/>\n<meta property=\"article:publisher\" content=\"https:\/\/www.facebook.com\/lilleliis-283266335035799\/\" \/>\n<meta property=\"article:modified_time\" content=\"2026-02-10T09:43:29+00:00\" \/>\n<meta property=\"og:image\" content=\"https:\/\/www.lilleliis.com\/wp-content\/uploads\/2014\/05\/voluvaega-manguasjad-raamat-e1428487863269.jpg\" \/>\n\t<meta property=\"og:image:width\" content=\"361\" \/>\n\t<meta property=\"og:image:height\" content=\"500\" \/>\n\t<meta property=\"og:image:type\" content=\"image\/jpeg\" \/>\n<meta name=\"twitter:card\" content=\"summary_large_image\" \/>\n<meta name=\"twitter:label1\" content=\"Est. reading time\" \/>\n\t<meta name=\"twitter:data1\" content=\"1 minute\" \/>\n<script type=\"application\/ld+json\" class=\"yoast-schema-graph\">{\"@context\":\"https:\\\/\\\/schema.org\",\"@graph\":[{\"@type\":\"WebPage\",\"@id\":\"https:\\\/\\\/www.lilleliis.com\\\/et\\\/toode\\\/raamat-voluvaega-manguasjad\\\/\",\"url\":\"https:\\\/\\\/www.lilleliis.com\\\/et\\\/toode\\\/raamat-voluvaega-manguasjad\\\/\",\"name\":\"Raamat \\\"V\u00f5luv\u00e4ega m\u00e4nguasjad\\\" | Autogrammiga raamat | lilleliis\",\"isPartOf\":{\"@id\":\"https:\\\/\\\/www.lilleliis.com\\\/et\\\/#website\"},\"primaryImageOfPage\":{\"@id\":\"https:\\\/\\\/www.lilleliis.com\\\/et\\\/toode\\\/raamat-voluvaega-manguasjad\\\/#primaryimage\"},\"image\":{\"@id\":\"https:\\\/\\\/www.lilleliis.com\\\/et\\\/toode\\\/raamat-voluvaega-manguasjad\\\/#primaryimage\"},\"thumbnailUrl\":\"https:\\\/\\\/www.lilleliis.com\\\/wp-content\\\/uploads\\\/2014\\\/05\\\/voluvaega-manguasjad-raamat-e1428487863269.jpg\",\"datePublished\":\"2021-01-31T08:06:14+00:00\",\"dateModified\":\"2026-02-10T09:43:29+00:00\",\"description\":\"Raamat V\u00f5luv\u00e4ega m\u00e4nguasjad aitab sul siseneda imelisse m\u00e4nguasjade v\u00f5lumaailma ning luua ainukordseid lelusid omaenda k\u00e4tega.\",\"breadcrumb\":{\"@id\":\"https:\\\/\\\/www.lilleliis.com\\\/et\\\/toode\\\/raamat-voluvaega-manguasjad\\\/#breadcrumb\"},\"inLanguage\":\"et\",\"potentialAction\":[{\"@type\":\"ReadAction\",\"target\":[\"https:\\\/\\\/www.lilleliis.com\\\/et\\\/toode\\\/raamat-voluvaega-manguasjad\\\/\"]}]},{\"@type\":\"ImageObject\",\"inLanguage\":\"et\",\"@id\":\"https:\\\/\\\/www.lilleliis.com\\\/et\\\/toode\\\/raamat-voluvaega-manguasjad\\\/#primaryimage\",\"url\":\"https:\\\/\\\/www.lilleliis.com\\\/wp-content\\\/uploads\\\/2014\\\/05\\\/voluvaega-manguasjad-raamat-e1428487863269.jpg\",\"contentUrl\":\"https:\\\/\\\/www.lilleliis.com\\\/wp-content\\\/uploads\\\/2014\\\/05\\\/voluvaega-manguasjad-raamat-e1428487863269.jpg\",\"width\":361,\"height\":500,\"caption\":\"amigurumi m\u00e4nguasjade heegeldamise raamat\"},{\"@type\":\"BreadcrumbList\",\"@id\":\"https:\\\/\\\/www.lilleliis.com\\\/et\\\/toode\\\/raamat-voluvaega-manguasjad\\\/#breadcrumb\",\"itemListElement\":[{\"@type\":\"ListItem\",\"position\":1,\"name\":\"Home\",\"item\":\"https:\\\/\\\/www.lilleliis.com\\\/et\\\/\"},{\"@type\":\"ListItem\",\"position\":2,\"name\":\"Pood\",\"item\":\"https:\\\/\\\/www.lilleliis.com\\\/et\\\/shop\\\/\"},{\"@type\":\"ListItem\",\"position\":3,\"name\":\"Raamat &#8220;V\u00f5luv\u00e4ega m\u00e4nguasjad&#8221;\"}]},{\"@type\":\"WebSite\",\"@id\":\"https:\\\/\\\/www.lilleliis.com\\\/et\\\/#website\",\"url\":\"https:\\\/\\\/www.lilleliis.com\\\/et\\\/\",\"name\":\"lilleliis\",\"description\":\"Amigurumi m\u00e4nguasjad ja mustrid\",\"potentialAction\":[{\"@type\":\"SearchAction\",\"target\":{\"@type\":\"EntryPoint\",\"urlTemplate\":\"https:\\\/\\\/www.lilleliis.com\\\/et\\\/?s={search_term_string}\"},\"query-input\":{\"@type\":\"PropertyValueSpecification\",\"valueRequired\":true,\"valueName\":\"search_term_string\"}}],\"inLanguage\":\"et\"}]}<\/script>\n<!-- \/ Yoast SEO plugin. -->","yoast_head_json":{"title":"Raamat \"V\u00f5luv\u00e4ega m\u00e4nguasjad\" | Autogrammiga raamat | lilleliis","description":"Raamat V\u00f5luv\u00e4ega m\u00e4nguasjad aitab sul siseneda imelisse m\u00e4nguasjade v\u00f5lumaailma ning luua ainukordseid lelusid omaenda k\u00e4tega.","robots":{"index":"index","follow":"follow","max-snippet":"max-snippet:-1","max-image-preview":"max-image-preview:large","max-video-preview":"max-video-preview:-1"},"canonical":"https:\/\/www.lilleliis.com\/et\/toode\/raamat-voluvaega-manguasjad\/","og_locale":"et_EE","og_type":"article","og_title":"Raamat \"V\u00f5luv\u00e4ega m\u00e4nguasjad\" | Autogrammiga raamat | lilleliis","og_description":"Raamat V\u00f5luv\u00e4ega m\u00e4nguasjad aitab sul siseneda imelisse m\u00e4nguasjade v\u00f5lumaailma ning luua ainukordseid lelusid omaenda k\u00e4tega.","og_url":"https:\/\/www.lilleliis.com\/et\/toode\/raamat-voluvaega-manguasjad\/","og_site_name":"lilleliis","article_publisher":"https:\/\/www.facebook.com\/lilleliis-283266335035799\/","article_modified_time":"2026-02-10T09:43:29+00:00","og_image":[{"width":361,"height":500,"url":"https:\/\/www.lilleliis.com\/wp-content\/uploads\/2014\/05\/voluvaega-manguasjad-raamat-e1428487863269.jpg","type":"image\/jpeg"}],"twitter_card":"summary_large_image","twitter_misc":{"Est. reading time":"1 minute"},"schema":{"@context":"https:\/\/schema.org","@graph":[{"@type":"WebPage","@id":"https:\/\/www.lilleliis.com\/et\/toode\/raamat-voluvaega-manguasjad\/","url":"https:\/\/www.lilleliis.com\/et\/toode\/raamat-voluvaega-manguasjad\/","name":"Raamat \"V\u00f5luv\u00e4ega m\u00e4nguasjad\" | Autogrammiga raamat | lilleliis","isPartOf":{"@id":"https:\/\/www.lilleliis.com\/et\/#website"},"primaryImageOfPage":{"@id":"https:\/\/www.lilleliis.com\/et\/toode\/raamat-voluvaega-manguasjad\/#primaryimage"},"image":{"@id":"https:\/\/www.lilleliis.com\/et\/toode\/raamat-voluvaega-manguasjad\/#primaryimage"},"thumbnailUrl":"https:\/\/www.lilleliis.com\/wp-content\/uploads\/2014\/05\/voluvaega-manguasjad-raamat-e1428487863269.jpg","datePublished":"2021-01-31T08:06:14+00:00","dateModified":"2026-02-10T09:43:29+00:00","description":"Raamat V\u00f5luv\u00e4ega m\u00e4nguasjad aitab sul siseneda imelisse m\u00e4nguasjade v\u00f5lumaailma ning luua ainukordseid lelusid omaenda k\u00e4tega.","breadcrumb":{"@id":"https:\/\/www.lilleliis.com\/et\/toode\/raamat-voluvaega-manguasjad\/#breadcrumb"},"inLanguage":"et","potentialAction":[{"@type":"ReadAction","target":["https:\/\/www.lilleliis.com\/et\/toode\/raamat-voluvaega-manguasjad\/"]}]},{"@type":"ImageObject","inLanguage":"et","@id":"https:\/\/www.lilleliis.com\/et\/toode\/raamat-voluvaega-manguasjad\/#primaryimage","url":"https:\/\/www.lilleliis.com\/wp-content\/uploads\/2014\/05\/voluvaega-manguasjad-raamat-e1428487863269.jpg","contentUrl":"https:\/\/www.lilleliis.com\/wp-content\/uploads\/2014\/05\/voluvaega-manguasjad-raamat-e1428487863269.jpg","width":361,"height":500,"caption":"amigurumi m\u00e4nguasjade heegeldamise raamat"},{"@type":"BreadcrumbList","@id":"https:\/\/www.lilleliis.com\/et\/toode\/raamat-voluvaega-manguasjad\/#breadcrumb","itemListElement":[{"@type":"ListItem","position":1,"name":"Home","item":"https:\/\/www.lilleliis.com\/et\/"},{"@type":"ListItem","position":2,"name":"Pood","item":"https:\/\/www.lilleliis.com\/et\/shop\/"},{"@type":"ListItem","position":3,"name":"Raamat &#8220;V\u00f5luv\u00e4ega m\u00e4nguasjad&#8221;"}]},{"@type":"WebSite","@id":"https:\/\/www.lilleliis.com\/et\/#website","url":"https:\/\/www.lilleliis.com\/et\/","name":"lilleliis","description":"Amigurumi m\u00e4nguasjad ja mustrid","potentialAction":[{"@type":"SearchAction","target":{"@type":"EntryPoint","urlTemplate":"https:\/\/www.lilleliis.com\/et\/?s={search_term_string}"},"query-input":{"@type":"PropertyValueSpecification","valueRequired":true,"valueName":"search_term_string"}}],"inLanguage":"et"}]}},"_links":{"self":[{"href":"https:\/\/www.lilleliis.com\/et\/wp-json\/wp\/v2\/product\/8296","targetHints":{"allow":["GET"]}}],"collection":[{"href":"https:\/\/www.lilleliis.com\/et\/wp-json\/wp\/v2\/product"}],"about":[{"href":"https:\/\/www.lilleliis.com\/et\/wp-json\/wp\/v2\/types\/product"}],"replies":[{"embeddable":true,"href":"https:\/\/www.lilleliis.com\/et\/wp-json\/wp\/v2\/comments?post=8296"}],"wp:featuredmedia":[{"embeddable":true,"href":"https:\/\/www.lilleliis.com\/et\/wp-json\/wp\/v2\/media\/23397"}],"wp:attachment":[{"href":"https:\/\/www.lilleliis.com\/et\/wp-json\/wp\/v2\/media?parent=8296"}],"wp:term":[{"taxonomy":"product_brand","embeddable":true,"href":"https:\/\/www.lilleliis.com\/et\/wp-json\/wp\/v2\/product_brand?post=8296"},{"taxonomy":"product_cat","embeddable":true,"href":"https:\/\/www.lilleliis.com\/et\/wp-json\/wp\/v2\/product_cat?post=8296"},{"taxonomy":"product_tag","embeddable":true,"href":"https:\/\/www.lilleliis.com\/et\/wp-json\/wp\/v2\/product_tag?post=8296"}],"curies":[{"name":"wp","href":"https:\/\/api.w.org\/{rel}","templated":true}]}}