{"id":84031,"date":"2022-07-03T22:03:05","date_gmt":"2022-07-03T19:03:05","guid":{"rendered":"https:\/\/www.lilleliis.com\/?post_type=product&#038;p=84031"},"modified":"2022-01-11T11:10:50","modified_gmt":"2022-01-11T09:10:50","slug":"vestiga-janes-detsember","status":"publish","type":"product","link":"https:\/\/www.lilleliis.com\/et\/toode\/vestiga-janes-detsember\/","title":{"rendered":"Vestiga j\u00e4nes Detsember"},"content":{"rendered":"<p>Materjal:<\/p>\n<ul>\n<li>J\u00e4nes on heegeldatud villasest l\u00f5ngast (65% lambavill, 35% alpaka)<\/li>\n<li>vest on 100% puuvillane<\/li>\n<li>pol\u00fcester kerakiud t\u00e4idis<\/li>\n<li>turvasilmad<\/li>\n<li>puuvillane lilleline kangas<\/li>\n<\/ul>\n<p>V\u00e4rv: helehall<\/p>\n<p>Pikkus: 31 sentimeetrit<\/p>\n<p>M\u00e4nguasjal on kasutatud turvasilmi. Ole ettevaatlik, kui annad seda m\u00e4ngimiseks v\u00e4ga v\u00e4ikesele lapsele.<\/p>\n","protected":false},"excerpt":{"rendered":"<p>Armas heegeldatud j\u00e4nes, kelle seltsis on tore kasvada ja maailma avastada. J\u00e4nes on heegeldatud pehmest, villasest l\u00f5ngast. Seljas on tal eemaldatav vest. Aktsendiks lilleline kangas k\u00f5rvadel ja taldade.<\/p>\n<p>T\u00e4nu pikkadele jalgadele on j\u00e4nest mugav istuma s\u00e4ttida.<\/p>\n<p>Eesti k\u00e4sit\u00f6\u00f6.<\/p>\n","protected":false},"featured_media":83923,"comment_status":"open","ping_status":"closed","template":"","meta":[],"product_brand":[],"product_cat":[155],"product_tag":[379],"class_list":{"0":"post-84031","1":"product","2":"type-product","3":"status-publish","4":"has-post-thumbnail","6":"product_cat-heegeldatud-manguasjad","7":"product_tag-villased-manguasjad","9":"first","10":"outofstock","11":"taxable","12":"shipping-taxable","13":"purchasable","14":"product-type-simple"},"yoast_head":"<!-- This site is optimized with the Yoast SEO plugin v27.3 - https:\/\/yoast.com\/product\/yoast-seo-wordpress\/ -->\n<title>Vestiga j\u00e4nes Detsember | lilleliis<\/title>\n<meta name=\"robots\" content=\"index, follow, max-snippet:-1, max-image-preview:large, max-video-preview:-1\" \/>\n<link rel=\"canonical\" href=\"https:\/\/www.lilleliis.com\/et\/toode\/vestiga-janes-detsember\/\" \/>\n<meta property=\"og:locale\" content=\"et_EE\" \/>\n<meta property=\"og:type\" content=\"article\" \/>\n<meta property=\"og:title\" content=\"Vestiga j\u00e4nes Detsember | lilleliis\" \/>\n<meta property=\"og:description\" content=\"Armas heegeldatud j\u00e4nes, kelle seltsis on tore kasvada ja maailma avastada. J\u00e4nes on heegeldatud pehmest, villasest l\u00f5ngast. Seljas on tal eemaldatav vest. Aktsendiks lilleline kangas k\u00f5rvadel ja taldade.  T\u00e4nu pikkadele jalgadele on j\u00e4nest mugav istuma s\u00e4ttida.  Eesti k\u00e4sit\u00f6\u00f6.\" \/>\n<meta property=\"og:url\" content=\"https:\/\/www.lilleliis.com\/et\/toode\/vestiga-janes-detsember\/\" \/>\n<meta property=\"og:site_name\" content=\"lilleliis\" \/>\n<meta property=\"article:publisher\" content=\"https:\/\/www.facebook.com\/lilleliis-283266335035799\/\" \/>\n<meta property=\"og:image\" content=\"https:\/\/www.lilleliis.com\/wp-content\/uploads\/2022\/01\/crochet-bunny-with-a-vest-4.jpg\" \/>\n\t<meta property=\"og:image:width\" content=\"853\" \/>\n\t<meta property=\"og:image:height\" content=\"1280\" \/>\n\t<meta property=\"og:image:type\" content=\"image\/jpeg\" \/>\n<meta name=\"twitter:card\" content=\"summary_large_image\" \/>\n<meta name=\"twitter:label1\" content=\"Est. reading time\" \/>\n\t<meta name=\"twitter:data1\" content=\"1 minute\" \/>\n<script type=\"application\/ld+json\" class=\"yoast-schema-graph\">{\"@context\":\"https:\\\/\\\/schema.org\",\"@graph\":[{\"@type\":\"WebPage\",\"@id\":\"https:\\\/\\\/www.lilleliis.com\\\/et\\\/toode\\\/vestiga-janes-detsember\\\/\",\"url\":\"https:\\\/\\\/www.lilleliis.com\\\/et\\\/toode\\\/vestiga-janes-detsember\\\/\",\"name\":\"Vestiga j\u00e4nes Detsember | lilleliis\",\"isPartOf\":{\"@id\":\"https:\\\/\\\/www.lilleliis.com\\\/et\\\/#website\"},\"primaryImageOfPage\":{\"@id\":\"https:\\\/\\\/www.lilleliis.com\\\/et\\\/toode\\\/vestiga-janes-detsember\\\/#primaryimage\"},\"image\":{\"@id\":\"https:\\\/\\\/www.lilleliis.com\\\/et\\\/toode\\\/vestiga-janes-detsember\\\/#primaryimage\"},\"thumbnailUrl\":\"https:\\\/\\\/www.lilleliis.com\\\/wp-content\\\/uploads\\\/2022\\\/01\\\/crochet-bunny-with-a-vest-4.jpg\",\"datePublished\":\"2022-07-03T19:03:05+00:00\",\"breadcrumb\":{\"@id\":\"https:\\\/\\\/www.lilleliis.com\\\/et\\\/toode\\\/vestiga-janes-detsember\\\/#breadcrumb\"},\"inLanguage\":\"et\",\"potentialAction\":[{\"@type\":\"ReadAction\",\"target\":[\"https:\\\/\\\/www.lilleliis.com\\\/et\\\/toode\\\/vestiga-janes-detsember\\\/\"]}]},{\"@type\":\"ImageObject\",\"inLanguage\":\"et\",\"@id\":\"https:\\\/\\\/www.lilleliis.com\\\/et\\\/toode\\\/vestiga-janes-detsember\\\/#primaryimage\",\"url\":\"https:\\\/\\\/www.lilleliis.com\\\/wp-content\\\/uploads\\\/2022\\\/01\\\/crochet-bunny-with-a-vest-4.jpg\",\"contentUrl\":\"https:\\\/\\\/www.lilleliis.com\\\/wp-content\\\/uploads\\\/2022\\\/01\\\/crochet-bunny-with-a-vest-4.jpg\",\"width\":853,\"height\":1280,\"caption\":\"heegeldatud vestiga j\u00e4nes\"},{\"@type\":\"BreadcrumbList\",\"@id\":\"https:\\\/\\\/www.lilleliis.com\\\/et\\\/toode\\\/vestiga-janes-detsember\\\/#breadcrumb\",\"itemListElement\":[{\"@type\":\"ListItem\",\"position\":1,\"name\":\"Home\",\"item\":\"https:\\\/\\\/www.lilleliis.com\\\/et\\\/\"},{\"@type\":\"ListItem\",\"position\":2,\"name\":\"Pood\",\"item\":\"https:\\\/\\\/www.lilleliis.com\\\/et\\\/shop\\\/\"},{\"@type\":\"ListItem\",\"position\":3,\"name\":\"Vestiga j\u00e4nes Detsember\"}]},{\"@type\":\"WebSite\",\"@id\":\"https:\\\/\\\/www.lilleliis.com\\\/et\\\/#website\",\"url\":\"https:\\\/\\\/www.lilleliis.com\\\/et\\\/\",\"name\":\"lilleliis\",\"description\":\"Amigurumi m\u00e4nguasjad ja mustrid\",\"potentialAction\":[{\"@type\":\"SearchAction\",\"target\":{\"@type\":\"EntryPoint\",\"urlTemplate\":\"https:\\\/\\\/www.lilleliis.com\\\/et\\\/?s={search_term_string}\"},\"query-input\":{\"@type\":\"PropertyValueSpecification\",\"valueRequired\":true,\"valueName\":\"search_term_string\"}}],\"inLanguage\":\"et\"}]}<\/script>\n<!-- \/ Yoast SEO plugin. -->","yoast_head_json":{"title":"Vestiga j\u00e4nes Detsember | lilleliis","robots":{"index":"index","follow":"follow","max-snippet":"max-snippet:-1","max-image-preview":"max-image-preview:large","max-video-preview":"max-video-preview:-1"},"canonical":"https:\/\/www.lilleliis.com\/et\/toode\/vestiga-janes-detsember\/","og_locale":"et_EE","og_type":"article","og_title":"Vestiga j\u00e4nes Detsember | lilleliis","og_description":"Armas heegeldatud j\u00e4nes, kelle seltsis on tore kasvada ja maailma avastada. J\u00e4nes on heegeldatud pehmest, villasest l\u00f5ngast. Seljas on tal eemaldatav vest. Aktsendiks lilleline kangas k\u00f5rvadel ja taldade.  T\u00e4nu pikkadele jalgadele on j\u00e4nest mugav istuma s\u00e4ttida.  Eesti k\u00e4sit\u00f6\u00f6.","og_url":"https:\/\/www.lilleliis.com\/et\/toode\/vestiga-janes-detsember\/","og_site_name":"lilleliis","article_publisher":"https:\/\/www.facebook.com\/lilleliis-283266335035799\/","og_image":[{"width":853,"height":1280,"url":"https:\/\/www.lilleliis.com\/wp-content\/uploads\/2022\/01\/crochet-bunny-with-a-vest-4.jpg","type":"image\/jpeg"}],"twitter_card":"summary_large_image","twitter_misc":{"Est. reading time":"1 minute"},"schema":{"@context":"https:\/\/schema.org","@graph":[{"@type":"WebPage","@id":"https:\/\/www.lilleliis.com\/et\/toode\/vestiga-janes-detsember\/","url":"https:\/\/www.lilleliis.com\/et\/toode\/vestiga-janes-detsember\/","name":"Vestiga j\u00e4nes Detsember | lilleliis","isPartOf":{"@id":"https:\/\/www.lilleliis.com\/et\/#website"},"primaryImageOfPage":{"@id":"https:\/\/www.lilleliis.com\/et\/toode\/vestiga-janes-detsember\/#primaryimage"},"image":{"@id":"https:\/\/www.lilleliis.com\/et\/toode\/vestiga-janes-detsember\/#primaryimage"},"thumbnailUrl":"https:\/\/www.lilleliis.com\/wp-content\/uploads\/2022\/01\/crochet-bunny-with-a-vest-4.jpg","datePublished":"2022-07-03T19:03:05+00:00","breadcrumb":{"@id":"https:\/\/www.lilleliis.com\/et\/toode\/vestiga-janes-detsember\/#breadcrumb"},"inLanguage":"et","potentialAction":[{"@type":"ReadAction","target":["https:\/\/www.lilleliis.com\/et\/toode\/vestiga-janes-detsember\/"]}]},{"@type":"ImageObject","inLanguage":"et","@id":"https:\/\/www.lilleliis.com\/et\/toode\/vestiga-janes-detsember\/#primaryimage","url":"https:\/\/www.lilleliis.com\/wp-content\/uploads\/2022\/01\/crochet-bunny-with-a-vest-4.jpg","contentUrl":"https:\/\/www.lilleliis.com\/wp-content\/uploads\/2022\/01\/crochet-bunny-with-a-vest-4.jpg","width":853,"height":1280,"caption":"heegeldatud vestiga j\u00e4nes"},{"@type":"BreadcrumbList","@id":"https:\/\/www.lilleliis.com\/et\/toode\/vestiga-janes-detsember\/#breadcrumb","itemListElement":[{"@type":"ListItem","position":1,"name":"Home","item":"https:\/\/www.lilleliis.com\/et\/"},{"@type":"ListItem","position":2,"name":"Pood","item":"https:\/\/www.lilleliis.com\/et\/shop\/"},{"@type":"ListItem","position":3,"name":"Vestiga j\u00e4nes Detsember"}]},{"@type":"WebSite","@id":"https:\/\/www.lilleliis.com\/et\/#website","url":"https:\/\/www.lilleliis.com\/et\/","name":"lilleliis","description":"Amigurumi m\u00e4nguasjad ja mustrid","potentialAction":[{"@type":"SearchAction","target":{"@type":"EntryPoint","urlTemplate":"https:\/\/www.lilleliis.com\/et\/?s={search_term_string}"},"query-input":{"@type":"PropertyValueSpecification","valueRequired":true,"valueName":"search_term_string"}}],"inLanguage":"et"}]}},"_links":{"self":[{"href":"https:\/\/www.lilleliis.com\/et\/wp-json\/wp\/v2\/product\/84031","targetHints":{"allow":["GET"]}}],"collection":[{"href":"https:\/\/www.lilleliis.com\/et\/wp-json\/wp\/v2\/product"}],"about":[{"href":"https:\/\/www.lilleliis.com\/et\/wp-json\/wp\/v2\/types\/product"}],"replies":[{"embeddable":true,"href":"https:\/\/www.lilleliis.com\/et\/wp-json\/wp\/v2\/comments?post=84031"}],"wp:featuredmedia":[{"embeddable":true,"href":"https:\/\/www.lilleliis.com\/et\/wp-json\/wp\/v2\/media\/83923"}],"wp:attachment":[{"href":"https:\/\/www.lilleliis.com\/et\/wp-json\/wp\/v2\/media?parent=84031"}],"wp:term":[{"taxonomy":"product_brand","embeddable":true,"href":"https:\/\/www.lilleliis.com\/et\/wp-json\/wp\/v2\/product_brand?post=84031"},{"taxonomy":"product_cat","embeddable":true,"href":"https:\/\/www.lilleliis.com\/et\/wp-json\/wp\/v2\/product_cat?post=84031"},{"taxonomy":"product_tag","embeddable":true,"href":"https:\/\/www.lilleliis.com\/et\/wp-json\/wp\/v2\/product_tag?post=84031"}],"curies":[{"name":"wp","href":"https:\/\/api.w.org\/{rel}","templated":true}]}}