{"id":84844,"date":"2026-03-24T09:05:33","date_gmt":"2026-03-24T07:05:33","guid":{"rendered":"https:\/\/www.lilleliis.com\/?post_type=product&#038;p=84844"},"modified":"2026-04-03T02:23:04","modified_gmt":"2026-04-02T23:23:04","slug":"puidust-rongad-70mm","status":"publish","type":"product","link":"https:\/\/www.lilleliis.com\/et\/toode\/puidust-rongad-70mm\/","title":{"rendered":"Puidust r\u00f5ngad &#8211; 70mm &#8211; 5 tk"},"content":{"rendered":"<h3>Suurus ja materjal<\/h3>\n<p>Suurus: v\u00e4lisringi m\u00f5\u00f5t 70 mm, siseringi m\u00f5\u00f5t 45 mm<\/p>\n<p>V\u00e4rv: naturaalne puit<\/p>\n<p>Materjal: p\u00f6\u00f6k<\/p>\n<div class=\"is-divider divider clearfix\" ><\/div>\n<h3>Kuidas puidust r\u00f5ngaid kasutada?<\/h3>\n<p>Enamasti kaetakse puidust r\u00f5ngas k\u00f5rina tegemiseks heegeldatud lapiga. Kuidas seda teha, saad uurida <a href=\"https:\/\/youtu.be\/c-lRB1ZmLDU\" target=\"_blank\" rel=\"noopener\">siinsest videost<\/a>.<\/p>\n<p>Hooldus: k\u00e4sipesu kuni 30-kraadises vees<\/p>\n","protected":false},"excerpt":{"rendered":"<p>Puidust r\u00f5ngad, mis sobivad beebi k\u00f5rinate, n\u00e4rimisr\u00f5ngaste, lutikettide, imetamise kaelakeede, m\u00e4nguasjade, makramee ja palju muu valmistamiseks.<\/p>\n<p>Naturaalne ja kvaliteetne p\u00f6\u00f6k.<\/p>\n<p>Komplektis 5 naturaalsest puidust r\u00f5ngast, suurus 70 mm.<\/p>\n","protected":false},"featured_media":89766,"comment_status":"open","ping_status":"closed","template":"","meta":[],"product_brand":[],"product_cat":[429,568],"product_tag":[1602],"class_list":{"0":"post-84844","1":"product","2":"type-product","3":"status-publish","4":"has-post-thumbnail","6":"product_cat-kasitoo-tarvikud","7":"product_cat-muud-tarvikud","8":"product_tag-beebilelude-valmistamine","10":"first","11":"instock","12":"taxable","13":"shipping-taxable","14":"purchasable","15":"product-type-simple"},"yoast_head":"<!-- This site is optimized with the Yoast SEO plugin v27.3 - https:\/\/yoast.com\/product\/yoast-seo-wordpress\/ -->\n<title>Puidust r\u00f5ngad | Beebi k\u00f5rinate ja n\u00e4rimisr\u00f5ngaste valmistamiseks | lilleliis<\/title>\n<meta name=\"description\" content=\"Puidust r\u00f5ngad\u00a0beebi k\u00f5rinate, m\u00e4nguasjade, n\u00e4rimisr\u00f5ngaste, lutikettide jpm valmistamiseks. Naturaalne kvaliteetne p\u00f6\u00f6k.\" \/>\n<meta name=\"robots\" content=\"index, follow, max-snippet:-1, max-image-preview:large, max-video-preview:-1\" \/>\n<link rel=\"canonical\" href=\"https:\/\/www.lilleliis.com\/et\/toode\/puidust-rongad-70mm\/\" \/>\n<meta property=\"og:locale\" content=\"et_EE\" \/>\n<meta property=\"og:type\" content=\"article\" \/>\n<meta property=\"og:title\" content=\"Puidust r\u00f5ngad | Beebi k\u00f5rinate ja n\u00e4rimisr\u00f5ngaste valmistamiseks | lilleliis\" \/>\n<meta property=\"og:description\" content=\"Puidust r\u00f5ngad\u00a0beebi k\u00f5rinate, m\u00e4nguasjade, n\u00e4rimisr\u00f5ngaste, lutikettide jpm valmistamiseks. Naturaalne kvaliteetne p\u00f6\u00f6k.\" \/>\n<meta property=\"og:url\" content=\"https:\/\/www.lilleliis.com\/et\/toode\/puidust-rongad-70mm\/\" \/>\n<meta property=\"og:site_name\" content=\"lilleliis\" \/>\n<meta property=\"article:publisher\" content=\"https:\/\/www.facebook.com\/lilleliis-283266335035799\/\" \/>\n<meta property=\"article:modified_time\" content=\"2026-04-02T23:23:04+00:00\" \/>\n<meta property=\"og:image\" content=\"https:\/\/www.lilleliis.com\/wp-content\/uploads\/2023\/03\/puidust-rongad.jpg\" \/>\n\t<meta property=\"og:image:width\" content=\"1000\" \/>\n\t<meta property=\"og:image:height\" content=\"1500\" \/>\n\t<meta property=\"og:image:type\" content=\"image\/jpeg\" \/>\n<meta name=\"twitter:card\" content=\"summary_large_image\" \/>\n<meta name=\"twitter:label1\" content=\"Est. reading time\" \/>\n\t<meta name=\"twitter:data1\" content=\"1 minute\" \/>\n<script type=\"application\/ld+json\" class=\"yoast-schema-graph\">{\"@context\":\"https:\\\/\\\/schema.org\",\"@graph\":[{\"@type\":\"WebPage\",\"@id\":\"https:\\\/\\\/www.lilleliis.com\\\/et\\\/toode\\\/puidust-rongad-70mm\\\/\",\"url\":\"https:\\\/\\\/www.lilleliis.com\\\/et\\\/toode\\\/puidust-rongad-70mm\\\/\",\"name\":\"Puidust r\u00f5ngad | Beebi k\u00f5rinate ja n\u00e4rimisr\u00f5ngaste valmistamiseks | lilleliis\",\"isPartOf\":{\"@id\":\"https:\\\/\\\/www.lilleliis.com\\\/et\\\/#website\"},\"primaryImageOfPage\":{\"@id\":\"https:\\\/\\\/www.lilleliis.com\\\/et\\\/toode\\\/puidust-rongad-70mm\\\/#primaryimage\"},\"image\":{\"@id\":\"https:\\\/\\\/www.lilleliis.com\\\/et\\\/toode\\\/puidust-rongad-70mm\\\/#primaryimage\"},\"thumbnailUrl\":\"https:\\\/\\\/www.lilleliis.com\\\/wp-content\\\/uploads\\\/2023\\\/03\\\/puidust-rongad.jpg\",\"datePublished\":\"2026-03-24T07:05:33+00:00\",\"dateModified\":\"2026-04-02T23:23:04+00:00\",\"description\":\"Puidust r\u00f5ngad\u00a0beebi k\u00f5rinate, m\u00e4nguasjade, n\u00e4rimisr\u00f5ngaste, lutikettide jpm valmistamiseks. Naturaalne kvaliteetne p\u00f6\u00f6k.\",\"breadcrumb\":{\"@id\":\"https:\\\/\\\/www.lilleliis.com\\\/et\\\/toode\\\/puidust-rongad-70mm\\\/#breadcrumb\"},\"inLanguage\":\"et\",\"potentialAction\":[{\"@type\":\"ReadAction\",\"target\":[\"https:\\\/\\\/www.lilleliis.com\\\/et\\\/toode\\\/puidust-rongad-70mm\\\/\"]}]},{\"@type\":\"ImageObject\",\"inLanguage\":\"et\",\"@id\":\"https:\\\/\\\/www.lilleliis.com\\\/et\\\/toode\\\/puidust-rongad-70mm\\\/#primaryimage\",\"url\":\"https:\\\/\\\/www.lilleliis.com\\\/wp-content\\\/uploads\\\/2023\\\/03\\\/puidust-rongad.jpg\",\"contentUrl\":\"https:\\\/\\\/www.lilleliis.com\\\/wp-content\\\/uploads\\\/2023\\\/03\\\/puidust-rongad.jpg\",\"width\":1000,\"height\":1500,\"caption\":\"puidust r\u00f5ngad\"},{\"@type\":\"BreadcrumbList\",\"@id\":\"https:\\\/\\\/www.lilleliis.com\\\/et\\\/toode\\\/puidust-rongad-70mm\\\/#breadcrumb\",\"itemListElement\":[{\"@type\":\"ListItem\",\"position\":1,\"name\":\"Home\",\"item\":\"https:\\\/\\\/www.lilleliis.com\\\/et\\\/\"},{\"@type\":\"ListItem\",\"position\":2,\"name\":\"Pood\",\"item\":\"https:\\\/\\\/www.lilleliis.com\\\/et\\\/shop\\\/\"},{\"@type\":\"ListItem\",\"position\":3,\"name\":\"Puidust r\u00f5ngad &#8211; 70mm &#8211; 5 tk\"}]},{\"@type\":\"WebSite\",\"@id\":\"https:\\\/\\\/www.lilleliis.com\\\/et\\\/#website\",\"url\":\"https:\\\/\\\/www.lilleliis.com\\\/et\\\/\",\"name\":\"lilleliis\",\"description\":\"Amigurumi m\u00e4nguasjad ja mustrid\",\"potentialAction\":[{\"@type\":\"SearchAction\",\"target\":{\"@type\":\"EntryPoint\",\"urlTemplate\":\"https:\\\/\\\/www.lilleliis.com\\\/et\\\/?s={search_term_string}\"},\"query-input\":{\"@type\":\"PropertyValueSpecification\",\"valueRequired\":true,\"valueName\":\"search_term_string\"}}],\"inLanguage\":\"et\"}]}<\/script>\n<!-- \/ Yoast SEO plugin. -->","yoast_head_json":{"title":"Puidust r\u00f5ngad | Beebi k\u00f5rinate ja n\u00e4rimisr\u00f5ngaste valmistamiseks | lilleliis","description":"Puidust r\u00f5ngad\u00a0beebi k\u00f5rinate, m\u00e4nguasjade, n\u00e4rimisr\u00f5ngaste, lutikettide jpm valmistamiseks. Naturaalne kvaliteetne p\u00f6\u00f6k.","robots":{"index":"index","follow":"follow","max-snippet":"max-snippet:-1","max-image-preview":"max-image-preview:large","max-video-preview":"max-video-preview:-1"},"canonical":"https:\/\/www.lilleliis.com\/et\/toode\/puidust-rongad-70mm\/","og_locale":"et_EE","og_type":"article","og_title":"Puidust r\u00f5ngad | Beebi k\u00f5rinate ja n\u00e4rimisr\u00f5ngaste valmistamiseks | lilleliis","og_description":"Puidust r\u00f5ngad\u00a0beebi k\u00f5rinate, m\u00e4nguasjade, n\u00e4rimisr\u00f5ngaste, lutikettide jpm valmistamiseks. Naturaalne kvaliteetne p\u00f6\u00f6k.","og_url":"https:\/\/www.lilleliis.com\/et\/toode\/puidust-rongad-70mm\/","og_site_name":"lilleliis","article_publisher":"https:\/\/www.facebook.com\/lilleliis-283266335035799\/","article_modified_time":"2026-04-02T23:23:04+00:00","og_image":[{"width":1000,"height":1500,"url":"https:\/\/www.lilleliis.com\/wp-content\/uploads\/2023\/03\/puidust-rongad.jpg","type":"image\/jpeg"}],"twitter_card":"summary_large_image","twitter_misc":{"Est. reading time":"1 minute"},"schema":{"@context":"https:\/\/schema.org","@graph":[{"@type":"WebPage","@id":"https:\/\/www.lilleliis.com\/et\/toode\/puidust-rongad-70mm\/","url":"https:\/\/www.lilleliis.com\/et\/toode\/puidust-rongad-70mm\/","name":"Puidust r\u00f5ngad | Beebi k\u00f5rinate ja n\u00e4rimisr\u00f5ngaste valmistamiseks | lilleliis","isPartOf":{"@id":"https:\/\/www.lilleliis.com\/et\/#website"},"primaryImageOfPage":{"@id":"https:\/\/www.lilleliis.com\/et\/toode\/puidust-rongad-70mm\/#primaryimage"},"image":{"@id":"https:\/\/www.lilleliis.com\/et\/toode\/puidust-rongad-70mm\/#primaryimage"},"thumbnailUrl":"https:\/\/www.lilleliis.com\/wp-content\/uploads\/2023\/03\/puidust-rongad.jpg","datePublished":"2026-03-24T07:05:33+00:00","dateModified":"2026-04-02T23:23:04+00:00","description":"Puidust r\u00f5ngad\u00a0beebi k\u00f5rinate, m\u00e4nguasjade, n\u00e4rimisr\u00f5ngaste, lutikettide jpm valmistamiseks. Naturaalne kvaliteetne p\u00f6\u00f6k.","breadcrumb":{"@id":"https:\/\/www.lilleliis.com\/et\/toode\/puidust-rongad-70mm\/#breadcrumb"},"inLanguage":"et","potentialAction":[{"@type":"ReadAction","target":["https:\/\/www.lilleliis.com\/et\/toode\/puidust-rongad-70mm\/"]}]},{"@type":"ImageObject","inLanguage":"et","@id":"https:\/\/www.lilleliis.com\/et\/toode\/puidust-rongad-70mm\/#primaryimage","url":"https:\/\/www.lilleliis.com\/wp-content\/uploads\/2023\/03\/puidust-rongad.jpg","contentUrl":"https:\/\/www.lilleliis.com\/wp-content\/uploads\/2023\/03\/puidust-rongad.jpg","width":1000,"height":1500,"caption":"puidust r\u00f5ngad"},{"@type":"BreadcrumbList","@id":"https:\/\/www.lilleliis.com\/et\/toode\/puidust-rongad-70mm\/#breadcrumb","itemListElement":[{"@type":"ListItem","position":1,"name":"Home","item":"https:\/\/www.lilleliis.com\/et\/"},{"@type":"ListItem","position":2,"name":"Pood","item":"https:\/\/www.lilleliis.com\/et\/shop\/"},{"@type":"ListItem","position":3,"name":"Puidust r\u00f5ngad &#8211; 70mm &#8211; 5 tk"}]},{"@type":"WebSite","@id":"https:\/\/www.lilleliis.com\/et\/#website","url":"https:\/\/www.lilleliis.com\/et\/","name":"lilleliis","description":"Amigurumi m\u00e4nguasjad ja mustrid","potentialAction":[{"@type":"SearchAction","target":{"@type":"EntryPoint","urlTemplate":"https:\/\/www.lilleliis.com\/et\/?s={search_term_string}"},"query-input":{"@type":"PropertyValueSpecification","valueRequired":true,"valueName":"search_term_string"}}],"inLanguage":"et"}]}},"_links":{"self":[{"href":"https:\/\/www.lilleliis.com\/et\/wp-json\/wp\/v2\/product\/84844","targetHints":{"allow":["GET"]}}],"collection":[{"href":"https:\/\/www.lilleliis.com\/et\/wp-json\/wp\/v2\/product"}],"about":[{"href":"https:\/\/www.lilleliis.com\/et\/wp-json\/wp\/v2\/types\/product"}],"replies":[{"embeddable":true,"href":"https:\/\/www.lilleliis.com\/et\/wp-json\/wp\/v2\/comments?post=84844"}],"wp:featuredmedia":[{"embeddable":true,"href":"https:\/\/www.lilleliis.com\/et\/wp-json\/wp\/v2\/media\/89766"}],"wp:attachment":[{"href":"https:\/\/www.lilleliis.com\/et\/wp-json\/wp\/v2\/media?parent=84844"}],"wp:term":[{"taxonomy":"product_brand","embeddable":true,"href":"https:\/\/www.lilleliis.com\/et\/wp-json\/wp\/v2\/product_brand?post=84844"},{"taxonomy":"product_cat","embeddable":true,"href":"https:\/\/www.lilleliis.com\/et\/wp-json\/wp\/v2\/product_cat?post=84844"},{"taxonomy":"product_tag","embeddable":true,"href":"https:\/\/www.lilleliis.com\/et\/wp-json\/wp\/v2\/product_tag?post=84844"}],"curies":[{"name":"wp","href":"https:\/\/api.w.org\/{rel}","templated":true}]}}