{"id":84856,"date":"2025-10-29T10:49:48","date_gmt":"2025-10-29T08:49:48","guid":{"rendered":"https:\/\/www.lilleliis.com\/?post_type=product&#038;p=84856"},"modified":"2026-04-16T18:18:07","modified_gmt":"2026-04-16T15:18:07","slug":"mustad-turvasilmad-6-8-10-12-mm","status":"publish","type":"product","link":"https:\/\/www.lilleliis.com\/et\/toode\/mustad-turvasilmad-6-8-10-12-mm\/","title":{"rendered":"Mustad turvasilmad m\u00e4nguasjadele &#8211; 6, 8, 10, 12 mm &#8211; 10 paari"},"content":{"rendered":"<h3 data-start=\"88\" data-end=\"399\">Premium kvaliteediga mustad turvasilmad amigurumi m\u00e4nguasjade valmistamiseks<\/h3>\n<p data-start=\"88\" data-end=\"399\">Tugevad kinnituskl\u00f5psud sulguvad kindlalt ning hoiavad silmad turvaliselt paigal ka aktiivses kasutuses olevatel m\u00e4nguasjadel.<\/p>\n<p data-start=\"88\" data-end=\"399\">Komplekt sisaldab 10 paari musti turvasilmi sinu valitud suuruses koos sobivate kinnitustega.<\/p>\n<p data-start=\"401\" data-end=\"651\">Must v\u00e4rv on neutraalne ja ajatu valik, mis sobib praktiliselt k\u00f5ikide m\u00e4nguasja disainidega ning annab t\u00f6\u00f6le puhta ja viimistletud ilme. Turvasilmad sobivad ideaalselt heegeldatud, kootud ja \u00f5mmeldud m\u00e4nguasjadele, v\u00f5imaldades valida sobiva suuruse nii v\u00e4ikeste amigurumide kui ka suuremate kaisuloomade jaoks.<\/p>\n<div class=\"is-divider divider clearfix\" ><\/div>\n<h3>Suurus ja materjal<\/h3>\n<p>Suurus: 6, 8, 10 ja 12 mm<\/p>\n<p>V\u00e4rv: must<\/p>\n<p>Materjal: plastmass<\/p>\n<div class=\"is-divider divider clearfix\" ><\/div>\n<h3>Kuidas turvasilmi kasutada?<\/h3>\n<p>Turvasilmade kinnitamisest saad l\u00e4hemalt lugeda <a href=\"https:\/\/www.lilleliis.com\/et\/turvasilmad-manguasjadele\/\" target=\"_blank\" rel=\"noopener\">siin<\/a>.<\/p>\n","protected":false},"excerpt":{"rendered":"<p>Kvaliteetsed mustad turvasilmad amigurumi m\u00e4nguasjade valmistamiseks. Komplekt sisaldab 10 paari turvasilmi sinu valitud suuruses (6, 8, 10 v\u00f5i 12 mm) koos kinnitustega.<\/p>\n","protected":false},"featured_media":84868,"comment_status":"open","ping_status":"closed","template":"","meta":[],"product_brand":[],"product_cat":[429,562],"product_tag":[],"class_list":{"0":"post-84856","1":"product","2":"type-product","3":"status-publish","4":"has-post-thumbnail","6":"product_cat-kasitoo-tarvikud","7":"product_cat-turvasilmad","8":"pa_eye-size-10-mm","9":"pa_eye-size-12-mm","10":"pa_eye-size-6-mm","11":"pa_eye-size-8-mm","13":"first","14":"instock","15":"taxable","16":"shipping-taxable","17":"purchasable","18":"product-type-variable"},"yoast_head":"<!-- This site is optimized with the Yoast SEO plugin v27.3 - https:\/\/yoast.com\/product\/yoast-seo-wordpress\/ -->\n<title>Mustad turvasilmad amigurumidele \u2013 6, 8, 10, 12 mm \u2013 10 paari | lilleliis<\/title>\n<meta name=\"description\" content=\"Kvaliteetsed mustad turvasilmad amigurumidele ja m\u00e4nguasjade valmistamiseks. Komplekt sisaldab 10 paari silmi sinu valitud suuruses (6\u201312 mm).\" \/>\n<meta name=\"robots\" content=\"index, follow, max-snippet:-1, max-image-preview:large, max-video-preview:-1\" \/>\n<link rel=\"canonical\" href=\"https:\/\/www.lilleliis.com\/et\/toode\/mustad-turvasilmad-6-8-10-12-mm\/\" \/>\n<meta property=\"og:locale\" content=\"et_EE\" \/>\n<meta property=\"og:type\" content=\"article\" \/>\n<meta property=\"og:title\" content=\"Mustad turvasilmad amigurumidele \u2013 6, 8, 10, 12 mm \u2013 10 paari | lilleliis\" \/>\n<meta property=\"og:description\" content=\"Kvaliteetsed mustad turvasilmad amigurumidele ja m\u00e4nguasjade valmistamiseks. Komplekt sisaldab 10 paari silmi sinu valitud suuruses (6\u201312 mm).\" \/>\n<meta property=\"og:url\" content=\"https:\/\/www.lilleliis.com\/et\/toode\/mustad-turvasilmad-6-8-10-12-mm\/\" \/>\n<meta property=\"og:site_name\" content=\"lilleliis\" \/>\n<meta property=\"article:publisher\" content=\"https:\/\/www.facebook.com\/lilleliis-283266335035799\/\" \/>\n<meta property=\"article:modified_time\" content=\"2026-04-16T15:18:07+00:00\" \/>\n<meta property=\"og:image\" content=\"https:\/\/www.lilleliis.com\/wp-content\/uploads\/2022\/03\/turvasilmad-8mm-1.jpg\" \/>\n\t<meta property=\"og:image:width\" content=\"1280\" \/>\n\t<meta property=\"og:image:height\" content=\"853\" \/>\n\t<meta property=\"og:image:type\" content=\"image\/jpeg\" \/>\n<meta name=\"twitter:card\" content=\"summary_large_image\" \/>\n<meta name=\"twitter:label1\" content=\"Est. reading time\" \/>\n\t<meta name=\"twitter:data1\" content=\"1 minute\" \/>\n<script type=\"application\/ld+json\" class=\"yoast-schema-graph\">{\"@context\":\"https:\\\/\\\/schema.org\",\"@graph\":[{\"@type\":\"WebPage\",\"@id\":\"https:\\\/\\\/www.lilleliis.com\\\/et\\\/toode\\\/mustad-turvasilmad-6-8-10-12-mm\\\/\",\"url\":\"https:\\\/\\\/www.lilleliis.com\\\/et\\\/toode\\\/mustad-turvasilmad-6-8-10-12-mm\\\/\",\"name\":\"Mustad turvasilmad amigurumidele \u2013 6, 8, 10, 12 mm \u2013 10 paari | lilleliis\",\"isPartOf\":{\"@id\":\"https:\\\/\\\/www.lilleliis.com\\\/et\\\/#website\"},\"primaryImageOfPage\":{\"@id\":\"https:\\\/\\\/www.lilleliis.com\\\/et\\\/toode\\\/mustad-turvasilmad-6-8-10-12-mm\\\/#primaryimage\"},\"image\":{\"@id\":\"https:\\\/\\\/www.lilleliis.com\\\/et\\\/toode\\\/mustad-turvasilmad-6-8-10-12-mm\\\/#primaryimage\"},\"thumbnailUrl\":\"https:\\\/\\\/www.lilleliis.com\\\/wp-content\\\/uploads\\\/2022\\\/03\\\/turvasilmad-8mm-1.jpg\",\"datePublished\":\"2025-10-29T08:49:48+00:00\",\"dateModified\":\"2026-04-16T15:18:07+00:00\",\"description\":\"Kvaliteetsed mustad turvasilmad amigurumidele ja m\u00e4nguasjade valmistamiseks. Komplekt sisaldab 10 paari silmi sinu valitud suuruses (6\u201312 mm).\",\"breadcrumb\":{\"@id\":\"https:\\\/\\\/www.lilleliis.com\\\/et\\\/toode\\\/mustad-turvasilmad-6-8-10-12-mm\\\/#breadcrumb\"},\"inLanguage\":\"et\",\"potentialAction\":[{\"@type\":\"ReadAction\",\"target\":[\"https:\\\/\\\/www.lilleliis.com\\\/et\\\/toode\\\/mustad-turvasilmad-6-8-10-12-mm\\\/\"]}]},{\"@type\":\"ImageObject\",\"inLanguage\":\"et\",\"@id\":\"https:\\\/\\\/www.lilleliis.com\\\/et\\\/toode\\\/mustad-turvasilmad-6-8-10-12-mm\\\/#primaryimage\",\"url\":\"https:\\\/\\\/www.lilleliis.com\\\/wp-content\\\/uploads\\\/2022\\\/03\\\/turvasilmad-8mm-1.jpg\",\"contentUrl\":\"https:\\\/\\\/www.lilleliis.com\\\/wp-content\\\/uploads\\\/2022\\\/03\\\/turvasilmad-8mm-1.jpg\",\"width\":1280,\"height\":853,\"caption\":\"turvasilmad 8mm\"},{\"@type\":\"BreadcrumbList\",\"@id\":\"https:\\\/\\\/www.lilleliis.com\\\/et\\\/toode\\\/mustad-turvasilmad-6-8-10-12-mm\\\/#breadcrumb\",\"itemListElement\":[{\"@type\":\"ListItem\",\"position\":1,\"name\":\"Home\",\"item\":\"https:\\\/\\\/www.lilleliis.com\\\/et\\\/\"},{\"@type\":\"ListItem\",\"position\":2,\"name\":\"Pood\",\"item\":\"https:\\\/\\\/www.lilleliis.com\\\/et\\\/shop\\\/\"},{\"@type\":\"ListItem\",\"position\":3,\"name\":\"Mustad turvasilmad m\u00e4nguasjadele &#8211; 6, 8, 10, 12 mm &#8211; 10 paari\"}]},{\"@type\":\"WebSite\",\"@id\":\"https:\\\/\\\/www.lilleliis.com\\\/et\\\/#website\",\"url\":\"https:\\\/\\\/www.lilleliis.com\\\/et\\\/\",\"name\":\"lilleliis\",\"description\":\"Amigurumi m\u00e4nguasjad ja mustrid\",\"potentialAction\":[{\"@type\":\"SearchAction\",\"target\":{\"@type\":\"EntryPoint\",\"urlTemplate\":\"https:\\\/\\\/www.lilleliis.com\\\/et\\\/?s={search_term_string}\"},\"query-input\":{\"@type\":\"PropertyValueSpecification\",\"valueRequired\":true,\"valueName\":\"search_term_string\"}}],\"inLanguage\":\"et\"}]}<\/script>\n<!-- \/ Yoast SEO plugin. -->","yoast_head_json":{"title":"Mustad turvasilmad amigurumidele \u2013 6, 8, 10, 12 mm \u2013 10 paari | lilleliis","description":"Kvaliteetsed mustad turvasilmad amigurumidele ja m\u00e4nguasjade valmistamiseks. Komplekt sisaldab 10 paari silmi sinu valitud suuruses (6\u201312 mm).","robots":{"index":"index","follow":"follow","max-snippet":"max-snippet:-1","max-image-preview":"max-image-preview:large","max-video-preview":"max-video-preview:-1"},"canonical":"https:\/\/www.lilleliis.com\/et\/toode\/mustad-turvasilmad-6-8-10-12-mm\/","og_locale":"et_EE","og_type":"article","og_title":"Mustad turvasilmad amigurumidele \u2013 6, 8, 10, 12 mm \u2013 10 paari | lilleliis","og_description":"Kvaliteetsed mustad turvasilmad amigurumidele ja m\u00e4nguasjade valmistamiseks. Komplekt sisaldab 10 paari silmi sinu valitud suuruses (6\u201312 mm).","og_url":"https:\/\/www.lilleliis.com\/et\/toode\/mustad-turvasilmad-6-8-10-12-mm\/","og_site_name":"lilleliis","article_publisher":"https:\/\/www.facebook.com\/lilleliis-283266335035799\/","article_modified_time":"2026-04-16T15:18:07+00:00","og_image":[{"width":1280,"height":853,"url":"https:\/\/www.lilleliis.com\/wp-content\/uploads\/2022\/03\/turvasilmad-8mm-1.jpg","type":"image\/jpeg"}],"twitter_card":"summary_large_image","twitter_misc":{"Est. reading time":"1 minute"},"schema":{"@context":"https:\/\/schema.org","@graph":[{"@type":"WebPage","@id":"https:\/\/www.lilleliis.com\/et\/toode\/mustad-turvasilmad-6-8-10-12-mm\/","url":"https:\/\/www.lilleliis.com\/et\/toode\/mustad-turvasilmad-6-8-10-12-mm\/","name":"Mustad turvasilmad amigurumidele \u2013 6, 8, 10, 12 mm \u2013 10 paari | lilleliis","isPartOf":{"@id":"https:\/\/www.lilleliis.com\/et\/#website"},"primaryImageOfPage":{"@id":"https:\/\/www.lilleliis.com\/et\/toode\/mustad-turvasilmad-6-8-10-12-mm\/#primaryimage"},"image":{"@id":"https:\/\/www.lilleliis.com\/et\/toode\/mustad-turvasilmad-6-8-10-12-mm\/#primaryimage"},"thumbnailUrl":"https:\/\/www.lilleliis.com\/wp-content\/uploads\/2022\/03\/turvasilmad-8mm-1.jpg","datePublished":"2025-10-29T08:49:48+00:00","dateModified":"2026-04-16T15:18:07+00:00","description":"Kvaliteetsed mustad turvasilmad amigurumidele ja m\u00e4nguasjade valmistamiseks. Komplekt sisaldab 10 paari silmi sinu valitud suuruses (6\u201312 mm).","breadcrumb":{"@id":"https:\/\/www.lilleliis.com\/et\/toode\/mustad-turvasilmad-6-8-10-12-mm\/#breadcrumb"},"inLanguage":"et","potentialAction":[{"@type":"ReadAction","target":["https:\/\/www.lilleliis.com\/et\/toode\/mustad-turvasilmad-6-8-10-12-mm\/"]}]},{"@type":"ImageObject","inLanguage":"et","@id":"https:\/\/www.lilleliis.com\/et\/toode\/mustad-turvasilmad-6-8-10-12-mm\/#primaryimage","url":"https:\/\/www.lilleliis.com\/wp-content\/uploads\/2022\/03\/turvasilmad-8mm-1.jpg","contentUrl":"https:\/\/www.lilleliis.com\/wp-content\/uploads\/2022\/03\/turvasilmad-8mm-1.jpg","width":1280,"height":853,"caption":"turvasilmad 8mm"},{"@type":"BreadcrumbList","@id":"https:\/\/www.lilleliis.com\/et\/toode\/mustad-turvasilmad-6-8-10-12-mm\/#breadcrumb","itemListElement":[{"@type":"ListItem","position":1,"name":"Home","item":"https:\/\/www.lilleliis.com\/et\/"},{"@type":"ListItem","position":2,"name":"Pood","item":"https:\/\/www.lilleliis.com\/et\/shop\/"},{"@type":"ListItem","position":3,"name":"Mustad turvasilmad m\u00e4nguasjadele &#8211; 6, 8, 10, 12 mm &#8211; 10 paari"}]},{"@type":"WebSite","@id":"https:\/\/www.lilleliis.com\/et\/#website","url":"https:\/\/www.lilleliis.com\/et\/","name":"lilleliis","description":"Amigurumi m\u00e4nguasjad ja mustrid","potentialAction":[{"@type":"SearchAction","target":{"@type":"EntryPoint","urlTemplate":"https:\/\/www.lilleliis.com\/et\/?s={search_term_string}"},"query-input":{"@type":"PropertyValueSpecification","valueRequired":true,"valueName":"search_term_string"}}],"inLanguage":"et"}]}},"_links":{"self":[{"href":"https:\/\/www.lilleliis.com\/et\/wp-json\/wp\/v2\/product\/84856","targetHints":{"allow":["GET"]}}],"collection":[{"href":"https:\/\/www.lilleliis.com\/et\/wp-json\/wp\/v2\/product"}],"about":[{"href":"https:\/\/www.lilleliis.com\/et\/wp-json\/wp\/v2\/types\/product"}],"replies":[{"embeddable":true,"href":"https:\/\/www.lilleliis.com\/et\/wp-json\/wp\/v2\/comments?post=84856"}],"wp:featuredmedia":[{"embeddable":true,"href":"https:\/\/www.lilleliis.com\/et\/wp-json\/wp\/v2\/media\/84868"}],"wp:attachment":[{"href":"https:\/\/www.lilleliis.com\/et\/wp-json\/wp\/v2\/media?parent=84856"}],"wp:term":[{"taxonomy":"product_brand","embeddable":true,"href":"https:\/\/www.lilleliis.com\/et\/wp-json\/wp\/v2\/product_brand?post=84856"},{"taxonomy":"product_cat","embeddable":true,"href":"https:\/\/www.lilleliis.com\/et\/wp-json\/wp\/v2\/product_cat?post=84856"},{"taxonomy":"product_tag","embeddable":true,"href":"https:\/\/www.lilleliis.com\/et\/wp-json\/wp\/v2\/product_tag?post=84856"}],"curies":[{"name":"wp","href":"https:\/\/api.w.org\/{rel}","templated":true}]}}