{"id":85205,"date":"2025-08-05T12:01:26","date_gmt":"2025-08-05T09:01:26","guid":{"rendered":"https:\/\/www.lilleliis.com\/?post_type=product&#038;p=85205"},"modified":"2023-05-09T09:29:11","modified_gmt":"2023-05-09T06:29:11","slug":"heegeldatud-paike-ja-pilv-vanik-muster","status":"publish","type":"product","link":"https:\/\/www.lilleliis.com\/et\/toode\/heegeldatud-paike-ja-pilv-vanik-muster\/","title":{"rendered":"Heegeldatud p\u00e4ike ja pilv vanik &#8211; muster"},"content":{"rendered":null,"protected":false},"excerpt":{"rendered":"<p>Heegeldatud pilvede ja p\u00e4ikestega vanik sobib kodukaunistuseks lastetuppa. Korduvate motiivide heegeldamine on terapeutiline. K\u00e4esoleva vaniku jaoks ei ole vaja neid ka liiga palju teha, et v\u00f5iks t\u00fc\u00fctuks muutuda.<\/p>\n<p>Vanikule v\u00f5id lisada nii palju motiive kui soovid, ka kaunistuste vahesid v\u00f5i muuta vastavalt soovile v\u00f5i ruumi suurusele.<\/p>\n<p>Motiivid v\u00f5ib heegeldada eri v\u00e4rvidega, et kasutada \u00e4ra l\u00f5ngaj\u00e4\u00e4ke! Heegeldatud motiive v\u00f5id kasutada ka eraldiseisvate aplikatsioonidena, nt lasteriietel, tegelustekil.<\/p>\n<hr \/>\n<p><span data-text-color=\"primary\">MUSTRIST<\/span><\/p>\n<p>Allalaetav ja lihtsasti j\u00e4lgitav k\u00e4sit\u00f6\u00f6 \u00f5petus (PDF fail). Juhend sisaldab samm-sammulist \u00f5petust eseme valmistamiseks ning hulgaliselt abistavaid fotosid.<\/p>\n<p>Keel: eesti, inglise<\/p>\n<p>\u00d5petuse raskusaste: keskmine<\/p>\n<p>Vajaminevad v\u00f5tted: kinnissilmus, poolsammas, \u00fchekordne sammas, kahekordne sammas<\/p>\n<hr \/>\n<p><span data-text-color=\"primary\">SUURUS JA MATERJAL<\/span><\/p>\n<p>Suurus: iga pilve motiiv on umbkaudu 8 x 5 cm ja p\u00e4ike \u00d8 6 cm. N\u00e4idis vanik on heegeldatud \u00fcheksast motiivist ja on otsast otsani m\u00f5\u00f5tes 112 cm pikk.<\/p>\n<p>Valmistamiseks on kasutatud puuvillast l\u00f5nga ning heegeln\u00f5ela j\u00e4medusega 2,5 mm.<\/p>\n<hr \/>\n<p><span data-text-color=\"primary\">ABI JA COPYRIGHT<\/span><\/p>\n<p>K\u00fcsimuste korral saab abi\u00a0<a href=\"mailto:%20lilleliis@gmail.com\">e-posti teel<\/a>.<\/p>\n<p>\u00d5petuse j\u00e4rgi valmistatud esemeid v\u00f5ib m\u00fc\u00fca. \u00d5petust on keelatud jagada. Autori\u00f5igustega tutvu\u00a0<a href=\"https:\/\/www.lilleliis.com\/et\/autorioigused\/\" target=\"_blank\" rel=\"noopener\">siin<\/a>.<\/p>\n","protected":false},"featured_media":85232,"comment_status":"open","ping_status":"closed","template":"","meta":[],"product_brand":[],"product_cat":[96],"product_tag":[1022,123,1606],"class_list":{"0":"post-85205","1":"product","2":"type-product","3":"status-publish","4":"has-post-thumbnail","6":"product_cat-heegeldamise-opetused","7":"product_tag-aplikatsioonid","8":"product_tag-beebidele","9":"product_tag-lastetuppa","10":"pa_pattern-language-eesti","11":"pa_pattern-language-inglise","12":"pa_pattern-skill-level-keskmine","14":"first","15":"instock","16":"sold-individually","17":"taxable","18":"shipping-taxable","19":"purchasable","20":"product-type-variable"},"yoast_head":"<!-- This site is optimized with the Yoast SEO plugin v27.3 - https:\/\/yoast.com\/product\/yoast-seo-wordpress\/ -->\n<title>Heegeldatud p\u00e4ike ja pilv vanik | Heegelmuster | lilleliis<\/title>\n<meta name=\"description\" content=\"V\u00e4ikeste pilvede ja p\u00e4ikestega vanik sobib kodukaunistuseks lastetuppa. Lihtsasti j\u00e4lgitav eestikeelne heegelmuster.\" \/>\n<meta name=\"robots\" content=\"index, follow, max-snippet:-1, max-image-preview:large, max-video-preview:-1\" \/>\n<link rel=\"canonical\" href=\"https:\/\/www.lilleliis.com\/et\/toode\/heegeldatud-paike-ja-pilv-vanik-muster\/\" \/>\n<meta property=\"og:locale\" content=\"et_EE\" \/>\n<meta property=\"og:type\" content=\"article\" \/>\n<meta property=\"og:title\" content=\"Heegeldatud p\u00e4ike ja pilv vanik | Heegelmuster | lilleliis\" \/>\n<meta property=\"og:description\" content=\"V\u00e4ikeste pilvede ja p\u00e4ikestega vanik sobib kodukaunistuseks lastetuppa. Lihtsasti j\u00e4lgitav eestikeelne heegelmuster.\" \/>\n<meta property=\"og:url\" content=\"https:\/\/www.lilleliis.com\/et\/toode\/heegeldatud-paike-ja-pilv-vanik-muster\/\" \/>\n<meta property=\"og:site_name\" content=\"lilleliis\" \/>\n<meta property=\"article:publisher\" content=\"https:\/\/www.facebook.com\/lilleliis-283266335035799\/\" \/>\n<meta property=\"og:image\" content=\"https:\/\/www.lilleliis.com\/wp-content\/uploads\/2022\/03\/sun-and-cloud-garland-crochet-pattern-8.jpg\" \/>\n\t<meta property=\"og:image:width\" content=\"853\" \/>\n\t<meta property=\"og:image:height\" content=\"1280\" \/>\n\t<meta property=\"og:image:type\" content=\"image\/jpeg\" \/>\n<meta name=\"twitter:card\" content=\"summary_large_image\" \/>\n<meta name=\"twitter:label1\" content=\"Est. reading time\" \/>\n\t<meta name=\"twitter:data1\" content=\"1 minute\" \/>\n<script type=\"application\/ld+json\" class=\"yoast-schema-graph\">{\"@context\":\"https:\\\/\\\/schema.org\",\"@graph\":[{\"@type\":\"WebPage\",\"@id\":\"https:\\\/\\\/www.lilleliis.com\\\/et\\\/toode\\\/heegeldatud-paike-ja-pilv-vanik-muster\\\/\",\"url\":\"https:\\\/\\\/www.lilleliis.com\\\/et\\\/toode\\\/heegeldatud-paike-ja-pilv-vanik-muster\\\/\",\"name\":\"Heegeldatud p\u00e4ike ja pilv vanik | Heegelmuster | lilleliis\",\"isPartOf\":{\"@id\":\"https:\\\/\\\/www.lilleliis.com\\\/et\\\/#website\"},\"primaryImageOfPage\":{\"@id\":\"https:\\\/\\\/www.lilleliis.com\\\/et\\\/toode\\\/heegeldatud-paike-ja-pilv-vanik-muster\\\/#primaryimage\"},\"image\":{\"@id\":\"https:\\\/\\\/www.lilleliis.com\\\/et\\\/toode\\\/heegeldatud-paike-ja-pilv-vanik-muster\\\/#primaryimage\"},\"thumbnailUrl\":\"https:\\\/\\\/www.lilleliis.com\\\/wp-content\\\/uploads\\\/2022\\\/03\\\/sun-and-cloud-garland-crochet-pattern-8.jpg\",\"datePublished\":\"2025-08-05T09:01:26+00:00\",\"description\":\"V\u00e4ikeste pilvede ja p\u00e4ikestega vanik sobib kodukaunistuseks lastetuppa. Lihtsasti j\u00e4lgitav eestikeelne heegelmuster.\",\"breadcrumb\":{\"@id\":\"https:\\\/\\\/www.lilleliis.com\\\/et\\\/toode\\\/heegeldatud-paike-ja-pilv-vanik-muster\\\/#breadcrumb\"},\"inLanguage\":\"et\",\"potentialAction\":[{\"@type\":\"ReadAction\",\"target\":[\"https:\\\/\\\/www.lilleliis.com\\\/et\\\/toode\\\/heegeldatud-paike-ja-pilv-vanik-muster\\\/\"]}]},{\"@type\":\"ImageObject\",\"inLanguage\":\"et\",\"@id\":\"https:\\\/\\\/www.lilleliis.com\\\/et\\\/toode\\\/heegeldatud-paike-ja-pilv-vanik-muster\\\/#primaryimage\",\"url\":\"https:\\\/\\\/www.lilleliis.com\\\/wp-content\\\/uploads\\\/2022\\\/03\\\/sun-and-cloud-garland-crochet-pattern-8.jpg\",\"contentUrl\":\"https:\\\/\\\/www.lilleliis.com\\\/wp-content\\\/uploads\\\/2022\\\/03\\\/sun-and-cloud-garland-crochet-pattern-8.jpg\",\"width\":853,\"height\":1280,\"caption\":\"p\u00e4ike ja pilv heegelmuster\"},{\"@type\":\"BreadcrumbList\",\"@id\":\"https:\\\/\\\/www.lilleliis.com\\\/et\\\/toode\\\/heegeldatud-paike-ja-pilv-vanik-muster\\\/#breadcrumb\",\"itemListElement\":[{\"@type\":\"ListItem\",\"position\":1,\"name\":\"Home\",\"item\":\"https:\\\/\\\/www.lilleliis.com\\\/et\\\/\"},{\"@type\":\"ListItem\",\"position\":2,\"name\":\"Pood\",\"item\":\"https:\\\/\\\/www.lilleliis.com\\\/et\\\/shop\\\/\"},{\"@type\":\"ListItem\",\"position\":3,\"name\":\"Heegeldatud p\u00e4ike ja pilv vanik &#8211; muster\"}]},{\"@type\":\"WebSite\",\"@id\":\"https:\\\/\\\/www.lilleliis.com\\\/et\\\/#website\",\"url\":\"https:\\\/\\\/www.lilleliis.com\\\/et\\\/\",\"name\":\"lilleliis\",\"description\":\"Amigurumi m\u00e4nguasjad ja mustrid\",\"potentialAction\":[{\"@type\":\"SearchAction\",\"target\":{\"@type\":\"EntryPoint\",\"urlTemplate\":\"https:\\\/\\\/www.lilleliis.com\\\/et\\\/?s={search_term_string}\"},\"query-input\":{\"@type\":\"PropertyValueSpecification\",\"valueRequired\":true,\"valueName\":\"search_term_string\"}}],\"inLanguage\":\"et\"}]}<\/script>\n<!-- \/ Yoast SEO plugin. -->","yoast_head_json":{"title":"Heegeldatud p\u00e4ike ja pilv vanik | Heegelmuster | lilleliis","description":"V\u00e4ikeste pilvede ja p\u00e4ikestega vanik sobib kodukaunistuseks lastetuppa. Lihtsasti j\u00e4lgitav eestikeelne heegelmuster.","robots":{"index":"index","follow":"follow","max-snippet":"max-snippet:-1","max-image-preview":"max-image-preview:large","max-video-preview":"max-video-preview:-1"},"canonical":"https:\/\/www.lilleliis.com\/et\/toode\/heegeldatud-paike-ja-pilv-vanik-muster\/","og_locale":"et_EE","og_type":"article","og_title":"Heegeldatud p\u00e4ike ja pilv vanik | Heegelmuster | lilleliis","og_description":"V\u00e4ikeste pilvede ja p\u00e4ikestega vanik sobib kodukaunistuseks lastetuppa. Lihtsasti j\u00e4lgitav eestikeelne heegelmuster.","og_url":"https:\/\/www.lilleliis.com\/et\/toode\/heegeldatud-paike-ja-pilv-vanik-muster\/","og_site_name":"lilleliis","article_publisher":"https:\/\/www.facebook.com\/lilleliis-283266335035799\/","og_image":[{"width":853,"height":1280,"url":"https:\/\/www.lilleliis.com\/wp-content\/uploads\/2022\/03\/sun-and-cloud-garland-crochet-pattern-8.jpg","type":"image\/jpeg"}],"twitter_card":"summary_large_image","twitter_misc":{"Est. reading time":"1 minute"},"schema":{"@context":"https:\/\/schema.org","@graph":[{"@type":"WebPage","@id":"https:\/\/www.lilleliis.com\/et\/toode\/heegeldatud-paike-ja-pilv-vanik-muster\/","url":"https:\/\/www.lilleliis.com\/et\/toode\/heegeldatud-paike-ja-pilv-vanik-muster\/","name":"Heegeldatud p\u00e4ike ja pilv vanik | Heegelmuster | lilleliis","isPartOf":{"@id":"https:\/\/www.lilleliis.com\/et\/#website"},"primaryImageOfPage":{"@id":"https:\/\/www.lilleliis.com\/et\/toode\/heegeldatud-paike-ja-pilv-vanik-muster\/#primaryimage"},"image":{"@id":"https:\/\/www.lilleliis.com\/et\/toode\/heegeldatud-paike-ja-pilv-vanik-muster\/#primaryimage"},"thumbnailUrl":"https:\/\/www.lilleliis.com\/wp-content\/uploads\/2022\/03\/sun-and-cloud-garland-crochet-pattern-8.jpg","datePublished":"2025-08-05T09:01:26+00:00","description":"V\u00e4ikeste pilvede ja p\u00e4ikestega vanik sobib kodukaunistuseks lastetuppa. Lihtsasti j\u00e4lgitav eestikeelne heegelmuster.","breadcrumb":{"@id":"https:\/\/www.lilleliis.com\/et\/toode\/heegeldatud-paike-ja-pilv-vanik-muster\/#breadcrumb"},"inLanguage":"et","potentialAction":[{"@type":"ReadAction","target":["https:\/\/www.lilleliis.com\/et\/toode\/heegeldatud-paike-ja-pilv-vanik-muster\/"]}]},{"@type":"ImageObject","inLanguage":"et","@id":"https:\/\/www.lilleliis.com\/et\/toode\/heegeldatud-paike-ja-pilv-vanik-muster\/#primaryimage","url":"https:\/\/www.lilleliis.com\/wp-content\/uploads\/2022\/03\/sun-and-cloud-garland-crochet-pattern-8.jpg","contentUrl":"https:\/\/www.lilleliis.com\/wp-content\/uploads\/2022\/03\/sun-and-cloud-garland-crochet-pattern-8.jpg","width":853,"height":1280,"caption":"p\u00e4ike ja pilv heegelmuster"},{"@type":"BreadcrumbList","@id":"https:\/\/www.lilleliis.com\/et\/toode\/heegeldatud-paike-ja-pilv-vanik-muster\/#breadcrumb","itemListElement":[{"@type":"ListItem","position":1,"name":"Home","item":"https:\/\/www.lilleliis.com\/et\/"},{"@type":"ListItem","position":2,"name":"Pood","item":"https:\/\/www.lilleliis.com\/et\/shop\/"},{"@type":"ListItem","position":3,"name":"Heegeldatud p\u00e4ike ja pilv vanik &#8211; muster"}]},{"@type":"WebSite","@id":"https:\/\/www.lilleliis.com\/et\/#website","url":"https:\/\/www.lilleliis.com\/et\/","name":"lilleliis","description":"Amigurumi m\u00e4nguasjad ja mustrid","potentialAction":[{"@type":"SearchAction","target":{"@type":"EntryPoint","urlTemplate":"https:\/\/www.lilleliis.com\/et\/?s={search_term_string}"},"query-input":{"@type":"PropertyValueSpecification","valueRequired":true,"valueName":"search_term_string"}}],"inLanguage":"et"}]}},"_links":{"self":[{"href":"https:\/\/www.lilleliis.com\/et\/wp-json\/wp\/v2\/product\/85205","targetHints":{"allow":["GET"]}}],"collection":[{"href":"https:\/\/www.lilleliis.com\/et\/wp-json\/wp\/v2\/product"}],"about":[{"href":"https:\/\/www.lilleliis.com\/et\/wp-json\/wp\/v2\/types\/product"}],"replies":[{"embeddable":true,"href":"https:\/\/www.lilleliis.com\/et\/wp-json\/wp\/v2\/comments?post=85205"}],"wp:featuredmedia":[{"embeddable":true,"href":"https:\/\/www.lilleliis.com\/et\/wp-json\/wp\/v2\/media\/85232"}],"wp:attachment":[{"href":"https:\/\/www.lilleliis.com\/et\/wp-json\/wp\/v2\/media?parent=85205"}],"wp:term":[{"taxonomy":"product_brand","embeddable":true,"href":"https:\/\/www.lilleliis.com\/et\/wp-json\/wp\/v2\/product_brand?post=85205"},{"taxonomy":"product_cat","embeddable":true,"href":"https:\/\/www.lilleliis.com\/et\/wp-json\/wp\/v2\/product_cat?post=85205"},{"taxonomy":"product_tag","embeddable":true,"href":"https:\/\/www.lilleliis.com\/et\/wp-json\/wp\/v2\/product_tag?post=85205"}],"curies":[{"name":"wp","href":"https:\/\/api.w.org\/{rel}","templated":true}]}}