{"id":85292,"date":"2022-03-13T14:05:05","date_gmt":"2022-03-13T12:05:05","guid":{"rendered":"https:\/\/www.lilleliis.com\/?post_type=product&#038;p=85292"},"modified":"2026-02-10T17:05:29","modified_gmt":"2026-02-10T15:05:29","slug":"suur-heegeldatud-notsu","status":"publish","type":"product","link":"https:\/\/www.lilleliis.com\/et\/toode\/suur-heegeldatud-notsu\/","title":{"rendered":"Suur heegeldatud notsu"},"content":{"rendered":"<p>Materjal:<\/p>\n<ul>\n<li>L\u00f5ng \u2013 55% akr\u00fc\u00fcl, 45% meriinovill<\/li>\n<li>peas olev roos 100% puuvill<\/li>\n<li>pol\u00fcester kerakiud t\u00e4idis<\/li>\n<li>turvasilmad<\/li>\n<li>satiinpael<\/li>\n<\/ul>\n<p>V\u00e4rv: roosa, kollane, oran\u017e<\/p>\n<p>K\u00f5rgus: 38 sentimeetrit<\/p>\n<p>M\u00e4nguasi sisaldab pisidetaile. Ole ettevaatlik, kui annad seda m\u00e4ngimiseks v\u00e4ga v\u00e4ikesele lapsele.<\/p>\n","protected":false},"excerpt":{"rendered":"<p>Suur heegeldatud notsu. See on \u00fcks isemoodi notsupreili, kellel on seljas pitsiline kleit ja peas kaunis roos. Ta on suur ja pontsakas. Jalad k\u00f5lguvad m\u00f5nusasti ja lubavad teda ka istuma s\u00e4ttida.<\/p>\n<p>Valmistamiseks on kasutatud pehmet ja kvaliteetset meriinovilla sisaldavat l\u00f5nga, mis muudab m\u00e4nguasja v\u00e4ga pehmeks. T\u00e4idiseks allergiavaba kerakiud.<\/p>\n<p>Eesti disain ja k\u00e4sit\u00f6\u00f6.<\/p>\n","protected":false},"featured_media":85300,"comment_status":"open","ping_status":"closed","template":"","meta":[],"product_brand":[],"product_cat":[155],"product_tag":[122],"class_list":{"0":"post-85292","1":"product","2":"type-product","3":"status-publish","4":"has-post-thumbnail","6":"product_cat-heegeldatud-manguasjad","7":"product_tag-tudrukutele","9":"first","10":"outofstock","11":"taxable","12":"shipping-taxable","13":"purchasable","14":"product-type-simple"},"yoast_head":"<!-- This site is optimized with the Yoast SEO plugin v27.3 - https:\/\/yoast.com\/product\/yoast-seo-wordpress\/ -->\n<title>Suur heegeldatud notsu | K\u00e4sit\u00f6\u00f6 m\u00e4nguasjad lastele | lilleliis<\/title>\n<meta name=\"description\" content=\"Suur heegeldatud notsu, kellel on seljas pitsiline kleit ja peas kaunis roos. Valmistatud pehmest meriinovillast. Eesti disain ja k\u00e4sit\u00f6\u00f6.\" \/>\n<meta name=\"robots\" content=\"index, follow, max-snippet:-1, max-image-preview:large, max-video-preview:-1\" \/>\n<link rel=\"canonical\" href=\"https:\/\/www.lilleliis.com\/et\/toode\/suur-heegeldatud-notsu\/\" \/>\n<meta property=\"og:locale\" content=\"et_EE\" \/>\n<meta property=\"og:type\" content=\"article\" \/>\n<meta property=\"og:title\" content=\"Suur heegeldatud notsu | K\u00e4sit\u00f6\u00f6 m\u00e4nguasjad lastele | lilleliis\" \/>\n<meta property=\"og:description\" content=\"Suur heegeldatud notsu, kellel on seljas pitsiline kleit ja peas kaunis roos. Valmistatud pehmest meriinovillast. Eesti disain ja k\u00e4sit\u00f6\u00f6.\" \/>\n<meta property=\"og:url\" content=\"https:\/\/www.lilleliis.com\/et\/toode\/suur-heegeldatud-notsu\/\" \/>\n<meta property=\"og:site_name\" content=\"lilleliis\" \/>\n<meta property=\"article:publisher\" content=\"https:\/\/www.facebook.com\/lilleliis-283266335035799\/\" \/>\n<meta property=\"article:modified_time\" content=\"2026-02-10T15:05:29+00:00\" \/>\n<meta property=\"og:image\" content=\"https:\/\/www.lilleliis.com\/wp-content\/uploads\/2022\/03\/big-amigurumi-pig-4.jpg\" \/>\n\t<meta property=\"og:image:width\" content=\"853\" \/>\n\t<meta property=\"og:image:height\" content=\"1280\" \/>\n\t<meta property=\"og:image:type\" content=\"image\/jpeg\" \/>\n<meta name=\"twitter:card\" content=\"summary_large_image\" \/>\n<meta name=\"twitter:label1\" content=\"Est. reading time\" \/>\n\t<meta name=\"twitter:data1\" content=\"1 minute\" \/>\n<script type=\"application\/ld+json\" class=\"yoast-schema-graph\">{\"@context\":\"https:\\\/\\\/schema.org\",\"@graph\":[{\"@type\":\"WebPage\",\"@id\":\"https:\\\/\\\/www.lilleliis.com\\\/et\\\/toode\\\/suur-heegeldatud-notsu\\\/\",\"url\":\"https:\\\/\\\/www.lilleliis.com\\\/et\\\/toode\\\/suur-heegeldatud-notsu\\\/\",\"name\":\"Suur heegeldatud notsu | K\u00e4sit\u00f6\u00f6 m\u00e4nguasjad lastele | lilleliis\",\"isPartOf\":{\"@id\":\"https:\\\/\\\/www.lilleliis.com\\\/et\\\/#website\"},\"primaryImageOfPage\":{\"@id\":\"https:\\\/\\\/www.lilleliis.com\\\/et\\\/toode\\\/suur-heegeldatud-notsu\\\/#primaryimage\"},\"image\":{\"@id\":\"https:\\\/\\\/www.lilleliis.com\\\/et\\\/toode\\\/suur-heegeldatud-notsu\\\/#primaryimage\"},\"thumbnailUrl\":\"https:\\\/\\\/www.lilleliis.com\\\/wp-content\\\/uploads\\\/2022\\\/03\\\/big-amigurumi-pig-4.jpg\",\"datePublished\":\"2022-03-13T12:05:05+00:00\",\"dateModified\":\"2026-02-10T15:05:29+00:00\",\"description\":\"Suur heegeldatud notsu, kellel on seljas pitsiline kleit ja peas kaunis roos. Valmistatud pehmest meriinovillast. Eesti disain ja k\u00e4sit\u00f6\u00f6.\",\"breadcrumb\":{\"@id\":\"https:\\\/\\\/www.lilleliis.com\\\/et\\\/toode\\\/suur-heegeldatud-notsu\\\/#breadcrumb\"},\"inLanguage\":\"et\",\"potentialAction\":[{\"@type\":\"ReadAction\",\"target\":[\"https:\\\/\\\/www.lilleliis.com\\\/et\\\/toode\\\/suur-heegeldatud-notsu\\\/\"]}]},{\"@type\":\"ImageObject\",\"inLanguage\":\"et\",\"@id\":\"https:\\\/\\\/www.lilleliis.com\\\/et\\\/toode\\\/suur-heegeldatud-notsu\\\/#primaryimage\",\"url\":\"https:\\\/\\\/www.lilleliis.com\\\/wp-content\\\/uploads\\\/2022\\\/03\\\/big-amigurumi-pig-4.jpg\",\"contentUrl\":\"https:\\\/\\\/www.lilleliis.com\\\/wp-content\\\/uploads\\\/2022\\\/03\\\/big-amigurumi-pig-4.jpg\",\"width\":853,\"height\":1280,\"caption\":\"suur heegeldatud notsu\"},{\"@type\":\"BreadcrumbList\",\"@id\":\"https:\\\/\\\/www.lilleliis.com\\\/et\\\/toode\\\/suur-heegeldatud-notsu\\\/#breadcrumb\",\"itemListElement\":[{\"@type\":\"ListItem\",\"position\":1,\"name\":\"Home\",\"item\":\"https:\\\/\\\/www.lilleliis.com\\\/et\\\/\"},{\"@type\":\"ListItem\",\"position\":2,\"name\":\"Pood\",\"item\":\"https:\\\/\\\/www.lilleliis.com\\\/et\\\/shop\\\/\"},{\"@type\":\"ListItem\",\"position\":3,\"name\":\"Suur heegeldatud notsu\"}]},{\"@type\":\"WebSite\",\"@id\":\"https:\\\/\\\/www.lilleliis.com\\\/et\\\/#website\",\"url\":\"https:\\\/\\\/www.lilleliis.com\\\/et\\\/\",\"name\":\"lilleliis\",\"description\":\"Amigurumi m\u00e4nguasjad ja mustrid\",\"potentialAction\":[{\"@type\":\"SearchAction\",\"target\":{\"@type\":\"EntryPoint\",\"urlTemplate\":\"https:\\\/\\\/www.lilleliis.com\\\/et\\\/?s={search_term_string}\"},\"query-input\":{\"@type\":\"PropertyValueSpecification\",\"valueRequired\":true,\"valueName\":\"search_term_string\"}}],\"inLanguage\":\"et\"}]}<\/script>\n<!-- \/ Yoast SEO plugin. -->","yoast_head_json":{"title":"Suur heegeldatud notsu | K\u00e4sit\u00f6\u00f6 m\u00e4nguasjad lastele | lilleliis","description":"Suur heegeldatud notsu, kellel on seljas pitsiline kleit ja peas kaunis roos. Valmistatud pehmest meriinovillast. Eesti disain ja k\u00e4sit\u00f6\u00f6.","robots":{"index":"index","follow":"follow","max-snippet":"max-snippet:-1","max-image-preview":"max-image-preview:large","max-video-preview":"max-video-preview:-1"},"canonical":"https:\/\/www.lilleliis.com\/et\/toode\/suur-heegeldatud-notsu\/","og_locale":"et_EE","og_type":"article","og_title":"Suur heegeldatud notsu | K\u00e4sit\u00f6\u00f6 m\u00e4nguasjad lastele | lilleliis","og_description":"Suur heegeldatud notsu, kellel on seljas pitsiline kleit ja peas kaunis roos. Valmistatud pehmest meriinovillast. Eesti disain ja k\u00e4sit\u00f6\u00f6.","og_url":"https:\/\/www.lilleliis.com\/et\/toode\/suur-heegeldatud-notsu\/","og_site_name":"lilleliis","article_publisher":"https:\/\/www.facebook.com\/lilleliis-283266335035799\/","article_modified_time":"2026-02-10T15:05:29+00:00","og_image":[{"width":853,"height":1280,"url":"https:\/\/www.lilleliis.com\/wp-content\/uploads\/2022\/03\/big-amigurumi-pig-4.jpg","type":"image\/jpeg"}],"twitter_card":"summary_large_image","twitter_misc":{"Est. reading time":"1 minute"},"schema":{"@context":"https:\/\/schema.org","@graph":[{"@type":"WebPage","@id":"https:\/\/www.lilleliis.com\/et\/toode\/suur-heegeldatud-notsu\/","url":"https:\/\/www.lilleliis.com\/et\/toode\/suur-heegeldatud-notsu\/","name":"Suur heegeldatud notsu | K\u00e4sit\u00f6\u00f6 m\u00e4nguasjad lastele | lilleliis","isPartOf":{"@id":"https:\/\/www.lilleliis.com\/et\/#website"},"primaryImageOfPage":{"@id":"https:\/\/www.lilleliis.com\/et\/toode\/suur-heegeldatud-notsu\/#primaryimage"},"image":{"@id":"https:\/\/www.lilleliis.com\/et\/toode\/suur-heegeldatud-notsu\/#primaryimage"},"thumbnailUrl":"https:\/\/www.lilleliis.com\/wp-content\/uploads\/2022\/03\/big-amigurumi-pig-4.jpg","datePublished":"2022-03-13T12:05:05+00:00","dateModified":"2026-02-10T15:05:29+00:00","description":"Suur heegeldatud notsu, kellel on seljas pitsiline kleit ja peas kaunis roos. Valmistatud pehmest meriinovillast. Eesti disain ja k\u00e4sit\u00f6\u00f6.","breadcrumb":{"@id":"https:\/\/www.lilleliis.com\/et\/toode\/suur-heegeldatud-notsu\/#breadcrumb"},"inLanguage":"et","potentialAction":[{"@type":"ReadAction","target":["https:\/\/www.lilleliis.com\/et\/toode\/suur-heegeldatud-notsu\/"]}]},{"@type":"ImageObject","inLanguage":"et","@id":"https:\/\/www.lilleliis.com\/et\/toode\/suur-heegeldatud-notsu\/#primaryimage","url":"https:\/\/www.lilleliis.com\/wp-content\/uploads\/2022\/03\/big-amigurumi-pig-4.jpg","contentUrl":"https:\/\/www.lilleliis.com\/wp-content\/uploads\/2022\/03\/big-amigurumi-pig-4.jpg","width":853,"height":1280,"caption":"suur heegeldatud notsu"},{"@type":"BreadcrumbList","@id":"https:\/\/www.lilleliis.com\/et\/toode\/suur-heegeldatud-notsu\/#breadcrumb","itemListElement":[{"@type":"ListItem","position":1,"name":"Home","item":"https:\/\/www.lilleliis.com\/et\/"},{"@type":"ListItem","position":2,"name":"Pood","item":"https:\/\/www.lilleliis.com\/et\/shop\/"},{"@type":"ListItem","position":3,"name":"Suur heegeldatud notsu"}]},{"@type":"WebSite","@id":"https:\/\/www.lilleliis.com\/et\/#website","url":"https:\/\/www.lilleliis.com\/et\/","name":"lilleliis","description":"Amigurumi m\u00e4nguasjad ja mustrid","potentialAction":[{"@type":"SearchAction","target":{"@type":"EntryPoint","urlTemplate":"https:\/\/www.lilleliis.com\/et\/?s={search_term_string}"},"query-input":{"@type":"PropertyValueSpecification","valueRequired":true,"valueName":"search_term_string"}}],"inLanguage":"et"}]}},"_links":{"self":[{"href":"https:\/\/www.lilleliis.com\/et\/wp-json\/wp\/v2\/product\/85292","targetHints":{"allow":["GET"]}}],"collection":[{"href":"https:\/\/www.lilleliis.com\/et\/wp-json\/wp\/v2\/product"}],"about":[{"href":"https:\/\/www.lilleliis.com\/et\/wp-json\/wp\/v2\/types\/product"}],"replies":[{"embeddable":true,"href":"https:\/\/www.lilleliis.com\/et\/wp-json\/wp\/v2\/comments?post=85292"}],"wp:featuredmedia":[{"embeddable":true,"href":"https:\/\/www.lilleliis.com\/et\/wp-json\/wp\/v2\/media\/85300"}],"wp:attachment":[{"href":"https:\/\/www.lilleliis.com\/et\/wp-json\/wp\/v2\/media?parent=85292"}],"wp:term":[{"taxonomy":"product_brand","embeddable":true,"href":"https:\/\/www.lilleliis.com\/et\/wp-json\/wp\/v2\/product_brand?post=85292"},{"taxonomy":"product_cat","embeddable":true,"href":"https:\/\/www.lilleliis.com\/et\/wp-json\/wp\/v2\/product_cat?post=85292"},{"taxonomy":"product_tag","embeddable":true,"href":"https:\/\/www.lilleliis.com\/et\/wp-json\/wp\/v2\/product_tag?post=85292"}],"curies":[{"name":"wp","href":"https:\/\/api.w.org\/{rel}","templated":true}]}}