{"id":85403,"date":"2024-05-07T11:14:37","date_gmt":"2024-05-07T08:14:37","guid":{"rendered":"https:\/\/www.lilleliis.com\/?post_type=product&#038;p=85403"},"modified":"2026-01-08T15:12:29","modified_gmt":"2026-01-08T13:12:29","slug":"heegeldatud-sokolaadi-janes","status":"publish","type":"product","link":"https:\/\/www.lilleliis.com\/et\/toode\/heegeldatud-sokolaadi-janes\/","title":{"rendered":"Heegeldatud \u0161okolaadi j\u00e4nes"},"content":{"rendered":null,"protected":false},"excerpt":{"rendered":"<p>Heegeldatud \u0161okolaadi j\u00e4nes. Nj\u00e4mm-nj\u00e4mm, kui see p\u00e4ris \u0161okolaadist oleks, siis tahaks ta k\u00fcll nahka pista! J\u00e4nkul on suured, karamelliste silmalaikudega silmad, armas v\u00e4ike sabatups ja nunnud kangast lapid k\u00f5rvadel ja taldadel.<\/p>\n<p>Valmistatud kvaliteetsest ja pehmest villasest l\u00f5ngast. T\u00e4idiseks allergiavaba kerakiud.<\/p>\n<p>Suuruse poolest sobib v\u00e4ikelapsele.<\/p>\n<p>Eesti disain ja k\u00e4sit\u00f6\u00f6.<\/p>\n<div class=\"is-divider divider clearfix\" style=\"max-width:100%;\"><\/div>\n<p>Materjal:<\/p>\n<ul>\n<li>L\u00f5ng \u2013 65% lambavill, 35% alpaka vill<\/li>\n<li>pol\u00fcester kerakiud t\u00e4idis<\/li>\n<li>turvasilmad<\/li>\n<li>puuvillane kangas<\/li>\n<\/ul>\n<p>V\u00e4rv: pruun<\/p>\n<p>K\u00f5rgus: 30 sentimeetrit<\/p>\n<p>M\u00e4nguasi sisaldab pisidetaile. Ole ettevaatlik, kui annad seda m\u00e4ngimiseks v\u00e4ga v\u00e4ikesele lapsele.<\/p>\n","protected":false},"featured_media":85405,"comment_status":"open","ping_status":"closed","template":"","meta":[],"product_brand":[],"product_cat":[155],"product_tag":[123,379],"class_list":{"0":"post-85403","1":"product","2":"type-product","3":"status-publish","4":"has-post-thumbnail","6":"product_cat-heegeldatud-manguasjad","7":"product_tag-beebidele","8":"product_tag-villased-manguasjad","10":"first","11":"outofstock","12":"taxable","13":"shipping-taxable","14":"purchasable","15":"product-type-simple"},"yoast_head":"<!-- This site is optimized with the Yoast SEO plugin v27.3 - https:\/\/yoast.com\/product\/yoast-seo-wordpress\/ -->\n<title>Heegeldatud \u0161okolaadi j\u00e4nes | K\u00e4sit\u00f6\u00f6 m\u00e4nguasjad lastele | lilleliis<\/title>\n<meta name=\"description\" content=\"Heegeldatud \u0161okolaadi j\u00e4nes, kellel on suured silmad, armas sabatups ja kangast lapid k\u00f5rvadel ja taldadel. Eesti disain ja k\u00e4sit\u00f6\u00f6.\" \/>\n<meta name=\"robots\" content=\"index, follow, max-snippet:-1, max-image-preview:large, max-video-preview:-1\" \/>\n<link rel=\"canonical\" href=\"https:\/\/www.lilleliis.com\/et\/toode\/heegeldatud-sokolaadi-janes\/\" \/>\n<meta property=\"og:locale\" content=\"et_EE\" \/>\n<meta property=\"og:type\" content=\"article\" \/>\n<meta property=\"og:title\" content=\"Heegeldatud \u0161okolaadi j\u00e4nes | K\u00e4sit\u00f6\u00f6 m\u00e4nguasjad lastele | lilleliis\" \/>\n<meta property=\"og:description\" content=\"Heegeldatud \u0161okolaadi j\u00e4nes, kellel on suured silmad, armas sabatups ja kangast lapid k\u00f5rvadel ja taldadel. Eesti disain ja k\u00e4sit\u00f6\u00f6.\" \/>\n<meta property=\"og:url\" content=\"https:\/\/www.lilleliis.com\/et\/toode\/heegeldatud-sokolaadi-janes\/\" \/>\n<meta property=\"og:site_name\" content=\"lilleliis\" \/>\n<meta property=\"article:publisher\" content=\"https:\/\/www.facebook.com\/lilleliis-283266335035799\/\" \/>\n<meta property=\"article:modified_time\" content=\"2026-01-08T13:12:29+00:00\" \/>\n<meta property=\"og:image\" content=\"https:\/\/www.lilleliis.com\/wp-content\/uploads\/2022\/03\/chocolate-bunny-crochet-toy-1.jpg\" \/>\n\t<meta property=\"og:image:width\" content=\"854\" \/>\n\t<meta property=\"og:image:height\" content=\"1280\" \/>\n\t<meta property=\"og:image:type\" content=\"image\/jpeg\" \/>\n<meta name=\"twitter:card\" content=\"summary_large_image\" \/>\n<script type=\"application\/ld+json\" class=\"yoast-schema-graph\">{\"@context\":\"https:\\\/\\\/schema.org\",\"@graph\":[{\"@type\":\"WebPage\",\"@id\":\"https:\\\/\\\/www.lilleliis.com\\\/et\\\/toode\\\/heegeldatud-sokolaadi-janes\\\/\",\"url\":\"https:\\\/\\\/www.lilleliis.com\\\/et\\\/toode\\\/heegeldatud-sokolaadi-janes\\\/\",\"name\":\"Heegeldatud \u0161okolaadi j\u00e4nes | K\u00e4sit\u00f6\u00f6 m\u00e4nguasjad lastele | lilleliis\",\"isPartOf\":{\"@id\":\"https:\\\/\\\/www.lilleliis.com\\\/et\\\/#website\"},\"primaryImageOfPage\":{\"@id\":\"https:\\\/\\\/www.lilleliis.com\\\/et\\\/toode\\\/heegeldatud-sokolaadi-janes\\\/#primaryimage\"},\"image\":{\"@id\":\"https:\\\/\\\/www.lilleliis.com\\\/et\\\/toode\\\/heegeldatud-sokolaadi-janes\\\/#primaryimage\"},\"thumbnailUrl\":\"https:\\\/\\\/www.lilleliis.com\\\/wp-content\\\/uploads\\\/2022\\\/03\\\/chocolate-bunny-crochet-toy-1.jpg\",\"datePublished\":\"2024-05-07T08:14:37+00:00\",\"dateModified\":\"2026-01-08T13:12:29+00:00\",\"description\":\"Heegeldatud \u0161okolaadi j\u00e4nes, kellel on suured silmad, armas sabatups ja kangast lapid k\u00f5rvadel ja taldadel. Eesti disain ja k\u00e4sit\u00f6\u00f6.\",\"breadcrumb\":{\"@id\":\"https:\\\/\\\/www.lilleliis.com\\\/et\\\/toode\\\/heegeldatud-sokolaadi-janes\\\/#breadcrumb\"},\"inLanguage\":\"et\",\"potentialAction\":[{\"@type\":\"ReadAction\",\"target\":[\"https:\\\/\\\/www.lilleliis.com\\\/et\\\/toode\\\/heegeldatud-sokolaadi-janes\\\/\"]}]},{\"@type\":\"ImageObject\",\"inLanguage\":\"et\",\"@id\":\"https:\\\/\\\/www.lilleliis.com\\\/et\\\/toode\\\/heegeldatud-sokolaadi-janes\\\/#primaryimage\",\"url\":\"https:\\\/\\\/www.lilleliis.com\\\/wp-content\\\/uploads\\\/2022\\\/03\\\/chocolate-bunny-crochet-toy-1.jpg\",\"contentUrl\":\"https:\\\/\\\/www.lilleliis.com\\\/wp-content\\\/uploads\\\/2022\\\/03\\\/chocolate-bunny-crochet-toy-1.jpg\",\"width\":854,\"height\":1280,\"caption\":\"heegeldatud \u0161okolaadi j\u00e4nes\"},{\"@type\":\"BreadcrumbList\",\"@id\":\"https:\\\/\\\/www.lilleliis.com\\\/et\\\/toode\\\/heegeldatud-sokolaadi-janes\\\/#breadcrumb\",\"itemListElement\":[{\"@type\":\"ListItem\",\"position\":1,\"name\":\"Home\",\"item\":\"https:\\\/\\\/www.lilleliis.com\\\/et\\\/\"},{\"@type\":\"ListItem\",\"position\":2,\"name\":\"Pood\",\"item\":\"https:\\\/\\\/www.lilleliis.com\\\/et\\\/shop\\\/\"},{\"@type\":\"ListItem\",\"position\":3,\"name\":\"Heegeldatud \u0161okolaadi j\u00e4nes\"}]},{\"@type\":\"WebSite\",\"@id\":\"https:\\\/\\\/www.lilleliis.com\\\/et\\\/#website\",\"url\":\"https:\\\/\\\/www.lilleliis.com\\\/et\\\/\",\"name\":\"lilleliis\",\"description\":\"Amigurumi m\u00e4nguasjad ja mustrid\",\"potentialAction\":[{\"@type\":\"SearchAction\",\"target\":{\"@type\":\"EntryPoint\",\"urlTemplate\":\"https:\\\/\\\/www.lilleliis.com\\\/et\\\/?s={search_term_string}\"},\"query-input\":{\"@type\":\"PropertyValueSpecification\",\"valueRequired\":true,\"valueName\":\"search_term_string\"}}],\"inLanguage\":\"et\"}]}<\/script>\n<!-- \/ Yoast SEO plugin. -->","yoast_head_json":{"title":"Heegeldatud \u0161okolaadi j\u00e4nes | K\u00e4sit\u00f6\u00f6 m\u00e4nguasjad lastele | lilleliis","description":"Heegeldatud \u0161okolaadi j\u00e4nes, kellel on suured silmad, armas sabatups ja kangast lapid k\u00f5rvadel ja taldadel. Eesti disain ja k\u00e4sit\u00f6\u00f6.","robots":{"index":"index","follow":"follow","max-snippet":"max-snippet:-1","max-image-preview":"max-image-preview:large","max-video-preview":"max-video-preview:-1"},"canonical":"https:\/\/www.lilleliis.com\/et\/toode\/heegeldatud-sokolaadi-janes\/","og_locale":"et_EE","og_type":"article","og_title":"Heegeldatud \u0161okolaadi j\u00e4nes | K\u00e4sit\u00f6\u00f6 m\u00e4nguasjad lastele | lilleliis","og_description":"Heegeldatud \u0161okolaadi j\u00e4nes, kellel on suured silmad, armas sabatups ja kangast lapid k\u00f5rvadel ja taldadel. Eesti disain ja k\u00e4sit\u00f6\u00f6.","og_url":"https:\/\/www.lilleliis.com\/et\/toode\/heegeldatud-sokolaadi-janes\/","og_site_name":"lilleliis","article_publisher":"https:\/\/www.facebook.com\/lilleliis-283266335035799\/","article_modified_time":"2026-01-08T13:12:29+00:00","og_image":[{"width":854,"height":1280,"url":"https:\/\/www.lilleliis.com\/wp-content\/uploads\/2022\/03\/chocolate-bunny-crochet-toy-1.jpg","type":"image\/jpeg"}],"twitter_card":"summary_large_image","schema":{"@context":"https:\/\/schema.org","@graph":[{"@type":"WebPage","@id":"https:\/\/www.lilleliis.com\/et\/toode\/heegeldatud-sokolaadi-janes\/","url":"https:\/\/www.lilleliis.com\/et\/toode\/heegeldatud-sokolaadi-janes\/","name":"Heegeldatud \u0161okolaadi j\u00e4nes | K\u00e4sit\u00f6\u00f6 m\u00e4nguasjad lastele | lilleliis","isPartOf":{"@id":"https:\/\/www.lilleliis.com\/et\/#website"},"primaryImageOfPage":{"@id":"https:\/\/www.lilleliis.com\/et\/toode\/heegeldatud-sokolaadi-janes\/#primaryimage"},"image":{"@id":"https:\/\/www.lilleliis.com\/et\/toode\/heegeldatud-sokolaadi-janes\/#primaryimage"},"thumbnailUrl":"https:\/\/www.lilleliis.com\/wp-content\/uploads\/2022\/03\/chocolate-bunny-crochet-toy-1.jpg","datePublished":"2024-05-07T08:14:37+00:00","dateModified":"2026-01-08T13:12:29+00:00","description":"Heegeldatud \u0161okolaadi j\u00e4nes, kellel on suured silmad, armas sabatups ja kangast lapid k\u00f5rvadel ja taldadel. Eesti disain ja k\u00e4sit\u00f6\u00f6.","breadcrumb":{"@id":"https:\/\/www.lilleliis.com\/et\/toode\/heegeldatud-sokolaadi-janes\/#breadcrumb"},"inLanguage":"et","potentialAction":[{"@type":"ReadAction","target":["https:\/\/www.lilleliis.com\/et\/toode\/heegeldatud-sokolaadi-janes\/"]}]},{"@type":"ImageObject","inLanguage":"et","@id":"https:\/\/www.lilleliis.com\/et\/toode\/heegeldatud-sokolaadi-janes\/#primaryimage","url":"https:\/\/www.lilleliis.com\/wp-content\/uploads\/2022\/03\/chocolate-bunny-crochet-toy-1.jpg","contentUrl":"https:\/\/www.lilleliis.com\/wp-content\/uploads\/2022\/03\/chocolate-bunny-crochet-toy-1.jpg","width":854,"height":1280,"caption":"heegeldatud \u0161okolaadi j\u00e4nes"},{"@type":"BreadcrumbList","@id":"https:\/\/www.lilleliis.com\/et\/toode\/heegeldatud-sokolaadi-janes\/#breadcrumb","itemListElement":[{"@type":"ListItem","position":1,"name":"Home","item":"https:\/\/www.lilleliis.com\/et\/"},{"@type":"ListItem","position":2,"name":"Pood","item":"https:\/\/www.lilleliis.com\/et\/shop\/"},{"@type":"ListItem","position":3,"name":"Heegeldatud \u0161okolaadi j\u00e4nes"}]},{"@type":"WebSite","@id":"https:\/\/www.lilleliis.com\/et\/#website","url":"https:\/\/www.lilleliis.com\/et\/","name":"lilleliis","description":"Amigurumi m\u00e4nguasjad ja mustrid","potentialAction":[{"@type":"SearchAction","target":{"@type":"EntryPoint","urlTemplate":"https:\/\/www.lilleliis.com\/et\/?s={search_term_string}"},"query-input":{"@type":"PropertyValueSpecification","valueRequired":true,"valueName":"search_term_string"}}],"inLanguage":"et"}]}},"_links":{"self":[{"href":"https:\/\/www.lilleliis.com\/et\/wp-json\/wp\/v2\/product\/85403","targetHints":{"allow":["GET"]}}],"collection":[{"href":"https:\/\/www.lilleliis.com\/et\/wp-json\/wp\/v2\/product"}],"about":[{"href":"https:\/\/www.lilleliis.com\/et\/wp-json\/wp\/v2\/types\/product"}],"replies":[{"embeddable":true,"href":"https:\/\/www.lilleliis.com\/et\/wp-json\/wp\/v2\/comments?post=85403"}],"wp:featuredmedia":[{"embeddable":true,"href":"https:\/\/www.lilleliis.com\/et\/wp-json\/wp\/v2\/media\/85405"}],"wp:attachment":[{"href":"https:\/\/www.lilleliis.com\/et\/wp-json\/wp\/v2\/media?parent=85403"}],"wp:term":[{"taxonomy":"product_brand","embeddable":true,"href":"https:\/\/www.lilleliis.com\/et\/wp-json\/wp\/v2\/product_brand?post=85403"},{"taxonomy":"product_cat","embeddable":true,"href":"https:\/\/www.lilleliis.com\/et\/wp-json\/wp\/v2\/product_cat?post=85403"},{"taxonomy":"product_tag","embeddable":true,"href":"https:\/\/www.lilleliis.com\/et\/wp-json\/wp\/v2\/product_tag?post=85403"}],"curies":[{"name":"wp","href":"https:\/\/api.w.org\/{rel}","templated":true}]}}