{"id":86130,"date":"2024-06-30T23:04:24","date_gmt":"2024-06-30T20:04:24","guid":{"rendered":"https:\/\/www.lilleliis.com\/?post_type=product&#038;p=86130"},"modified":"2026-02-10T17:03:53","modified_gmt":"2026-02-10T15:03:53","slug":"heegeldatud-kollane-kass","status":"publish","type":"product","link":"https:\/\/www.lilleliis.com\/et\/toode\/heegeldatud-kollane-kass\/","title":{"rendered":"Heegeldatud kollane kass"},"content":{"rendered":null,"protected":false},"excerpt":{"rendered":"<p>Heegeldatud kollane kass on t\u00f5eline r\u00f5\u00f5mupall. Tema s\u00f5bralik naeratus aitab kiiresti s\u00f5bruneda nii v\u00e4ikeste poiste kui t\u00fcdrukutega. Suuruse poolest sobib v\u00e4ikelapsele.<\/p>\n<p>Kassile on jalga heegeldatud p\u00fcksid, kaelas on t\u00e4pilisest riidest sall. Mitmekesine disain, kus on rohkelt kasutatud t\u00e4pi ja triibu motiive.<\/p>\n<p>Valmistatud kvaliteetsest l\u00f5ngast, t\u00e4idiseks allergiavaba kerakiud.<\/p>\n<p>Eesti disain ja k\u00e4sit\u00f6\u00f6.<\/p>\n<hr \/>\n<p><span data-text-color=\"primary\">MATERJAL<\/span><\/p>\n<p>l\u00f5ng (100% meriinovill), pol\u00fcester kerakiud t\u00e4idis, turvasilmad, viltriie, puuvillane kangas<\/p>\n<p><span data-text-color=\"primary\">V\u00c4RV<\/span><\/p>\n<p>kollane, sinine<\/p>\n<p><span data-text-color=\"primary\">SUURUS<\/span><\/p>\n<p>25 cm<\/p>\n<hr \/>\n<p>M\u00e4nguasi sisaldab pisidetaile. Ole ettevaatlik, kui annad seda m\u00e4ngimiseks v\u00e4ga v\u00e4ikesele lapsele.<\/p>\n","protected":false},"featured_media":86140,"comment_status":"open","ping_status":"closed","template":"","meta":[],"product_brand":[],"product_cat":[155],"product_tag":[379],"class_list":{"0":"post-86130","1":"product","2":"type-product","3":"status-publish","4":"has-post-thumbnail","6":"product_cat-heegeldatud-manguasjad","7":"product_tag-villased-manguasjad","9":"first","10":"outofstock","11":"taxable","12":"shipping-taxable","13":"purchasable","14":"product-type-simple"},"yoast_head":"<!-- This site is optimized with the Yoast SEO plugin v27.3 - https:\/\/yoast.com\/product\/yoast-seo-wordpress\/ -->\n<title>Heegeldatud kollane kass | K\u00e4sit\u00f6\u00f6 m\u00e4nguasjad lastele | lilleliis<\/title>\n<meta name=\"description\" content=\"Heegeldatud kollane kass on t\u00f5eline r\u00f5\u00f5mupall. Mitmekesine disain, kus on rohkelt kasutatud t\u00e4pi ja triibu motiive. Eesti disain ja k\u00e4sit\u00f6\u00f6.\" \/>\n<meta name=\"robots\" content=\"index, follow, max-snippet:-1, max-image-preview:large, max-video-preview:-1\" \/>\n<link rel=\"canonical\" href=\"https:\/\/www.lilleliis.com\/et\/toode\/heegeldatud-kollane-kass\/\" \/>\n<meta property=\"og:locale\" content=\"et_EE\" \/>\n<meta property=\"og:type\" content=\"article\" \/>\n<meta property=\"og:title\" content=\"Heegeldatud kollane kass | K\u00e4sit\u00f6\u00f6 m\u00e4nguasjad lastele | lilleliis\" \/>\n<meta property=\"og:description\" content=\"Heegeldatud kollane kass on t\u00f5eline r\u00f5\u00f5mupall. Mitmekesine disain, kus on rohkelt kasutatud t\u00e4pi ja triibu motiive. Eesti disain ja k\u00e4sit\u00f6\u00f6.\" \/>\n<meta property=\"og:url\" content=\"https:\/\/www.lilleliis.com\/et\/toode\/heegeldatud-kollane-kass\/\" \/>\n<meta property=\"og:site_name\" content=\"lilleliis\" \/>\n<meta property=\"article:publisher\" content=\"https:\/\/www.facebook.com\/lilleliis-283266335035799\/\" \/>\n<meta property=\"article:modified_time\" content=\"2026-02-10T15:03:53+00:00\" \/>\n<meta property=\"og:image\" content=\"https:\/\/www.lilleliis.com\/wp-content\/uploads\/2022\/04\/crochet-yellow-cat-toy-5.jpg\" \/>\n\t<meta property=\"og:image:width\" content=\"853\" \/>\n\t<meta property=\"og:image:height\" content=\"1280\" \/>\n\t<meta property=\"og:image:type\" content=\"image\/jpeg\" \/>\n<meta name=\"twitter:card\" content=\"summary_large_image\" \/>\n<meta name=\"twitter:label1\" content=\"Est. reading time\" \/>\n\t<meta name=\"twitter:data1\" content=\"1 minute\" \/>\n<script type=\"application\/ld+json\" class=\"yoast-schema-graph\">{\"@context\":\"https:\\\/\\\/schema.org\",\"@graph\":[{\"@type\":\"WebPage\",\"@id\":\"https:\\\/\\\/www.lilleliis.com\\\/et\\\/toode\\\/heegeldatud-kollane-kass\\\/\",\"url\":\"https:\\\/\\\/www.lilleliis.com\\\/et\\\/toode\\\/heegeldatud-kollane-kass\\\/\",\"name\":\"Heegeldatud kollane kass | K\u00e4sit\u00f6\u00f6 m\u00e4nguasjad lastele | lilleliis\",\"isPartOf\":{\"@id\":\"https:\\\/\\\/www.lilleliis.com\\\/et\\\/#website\"},\"primaryImageOfPage\":{\"@id\":\"https:\\\/\\\/www.lilleliis.com\\\/et\\\/toode\\\/heegeldatud-kollane-kass\\\/#primaryimage\"},\"image\":{\"@id\":\"https:\\\/\\\/www.lilleliis.com\\\/et\\\/toode\\\/heegeldatud-kollane-kass\\\/#primaryimage\"},\"thumbnailUrl\":\"https:\\\/\\\/www.lilleliis.com\\\/wp-content\\\/uploads\\\/2022\\\/04\\\/crochet-yellow-cat-toy-5.jpg\",\"datePublished\":\"2024-06-30T20:04:24+00:00\",\"dateModified\":\"2026-02-10T15:03:53+00:00\",\"description\":\"Heegeldatud kollane kass on t\u00f5eline r\u00f5\u00f5mupall. Mitmekesine disain, kus on rohkelt kasutatud t\u00e4pi ja triibu motiive. Eesti disain ja k\u00e4sit\u00f6\u00f6.\",\"breadcrumb\":{\"@id\":\"https:\\\/\\\/www.lilleliis.com\\\/et\\\/toode\\\/heegeldatud-kollane-kass\\\/#breadcrumb\"},\"inLanguage\":\"et\",\"potentialAction\":[{\"@type\":\"ReadAction\",\"target\":[\"https:\\\/\\\/www.lilleliis.com\\\/et\\\/toode\\\/heegeldatud-kollane-kass\\\/\"]}]},{\"@type\":\"ImageObject\",\"inLanguage\":\"et\",\"@id\":\"https:\\\/\\\/www.lilleliis.com\\\/et\\\/toode\\\/heegeldatud-kollane-kass\\\/#primaryimage\",\"url\":\"https:\\\/\\\/www.lilleliis.com\\\/wp-content\\\/uploads\\\/2022\\\/04\\\/crochet-yellow-cat-toy-5.jpg\",\"contentUrl\":\"https:\\\/\\\/www.lilleliis.com\\\/wp-content\\\/uploads\\\/2022\\\/04\\\/crochet-yellow-cat-toy-5.jpg\",\"width\":853,\"height\":1280,\"caption\":\"heegeldatud kollane kass n\u00e4gu\"},{\"@type\":\"BreadcrumbList\",\"@id\":\"https:\\\/\\\/www.lilleliis.com\\\/et\\\/toode\\\/heegeldatud-kollane-kass\\\/#breadcrumb\",\"itemListElement\":[{\"@type\":\"ListItem\",\"position\":1,\"name\":\"Home\",\"item\":\"https:\\\/\\\/www.lilleliis.com\\\/et\\\/\"},{\"@type\":\"ListItem\",\"position\":2,\"name\":\"Pood\",\"item\":\"https:\\\/\\\/www.lilleliis.com\\\/et\\\/shop\\\/\"},{\"@type\":\"ListItem\",\"position\":3,\"name\":\"Heegeldatud kollane kass\"}]},{\"@type\":\"WebSite\",\"@id\":\"https:\\\/\\\/www.lilleliis.com\\\/et\\\/#website\",\"url\":\"https:\\\/\\\/www.lilleliis.com\\\/et\\\/\",\"name\":\"lilleliis\",\"description\":\"Amigurumi m\u00e4nguasjad ja mustrid\",\"potentialAction\":[{\"@type\":\"SearchAction\",\"target\":{\"@type\":\"EntryPoint\",\"urlTemplate\":\"https:\\\/\\\/www.lilleliis.com\\\/et\\\/?s={search_term_string}\"},\"query-input\":{\"@type\":\"PropertyValueSpecification\",\"valueRequired\":true,\"valueName\":\"search_term_string\"}}],\"inLanguage\":\"et\"}]}<\/script>\n<!-- \/ Yoast SEO plugin. -->","yoast_head_json":{"title":"Heegeldatud kollane kass | K\u00e4sit\u00f6\u00f6 m\u00e4nguasjad lastele | lilleliis","description":"Heegeldatud kollane kass on t\u00f5eline r\u00f5\u00f5mupall. Mitmekesine disain, kus on rohkelt kasutatud t\u00e4pi ja triibu motiive. Eesti disain ja k\u00e4sit\u00f6\u00f6.","robots":{"index":"index","follow":"follow","max-snippet":"max-snippet:-1","max-image-preview":"max-image-preview:large","max-video-preview":"max-video-preview:-1"},"canonical":"https:\/\/www.lilleliis.com\/et\/toode\/heegeldatud-kollane-kass\/","og_locale":"et_EE","og_type":"article","og_title":"Heegeldatud kollane kass | K\u00e4sit\u00f6\u00f6 m\u00e4nguasjad lastele | lilleliis","og_description":"Heegeldatud kollane kass on t\u00f5eline r\u00f5\u00f5mupall. Mitmekesine disain, kus on rohkelt kasutatud t\u00e4pi ja triibu motiive. Eesti disain ja k\u00e4sit\u00f6\u00f6.","og_url":"https:\/\/www.lilleliis.com\/et\/toode\/heegeldatud-kollane-kass\/","og_site_name":"lilleliis","article_publisher":"https:\/\/www.facebook.com\/lilleliis-283266335035799\/","article_modified_time":"2026-02-10T15:03:53+00:00","og_image":[{"width":853,"height":1280,"url":"https:\/\/www.lilleliis.com\/wp-content\/uploads\/2022\/04\/crochet-yellow-cat-toy-5.jpg","type":"image\/jpeg"}],"twitter_card":"summary_large_image","twitter_misc":{"Est. reading time":"1 minute"},"schema":{"@context":"https:\/\/schema.org","@graph":[{"@type":"WebPage","@id":"https:\/\/www.lilleliis.com\/et\/toode\/heegeldatud-kollane-kass\/","url":"https:\/\/www.lilleliis.com\/et\/toode\/heegeldatud-kollane-kass\/","name":"Heegeldatud kollane kass | K\u00e4sit\u00f6\u00f6 m\u00e4nguasjad lastele | lilleliis","isPartOf":{"@id":"https:\/\/www.lilleliis.com\/et\/#website"},"primaryImageOfPage":{"@id":"https:\/\/www.lilleliis.com\/et\/toode\/heegeldatud-kollane-kass\/#primaryimage"},"image":{"@id":"https:\/\/www.lilleliis.com\/et\/toode\/heegeldatud-kollane-kass\/#primaryimage"},"thumbnailUrl":"https:\/\/www.lilleliis.com\/wp-content\/uploads\/2022\/04\/crochet-yellow-cat-toy-5.jpg","datePublished":"2024-06-30T20:04:24+00:00","dateModified":"2026-02-10T15:03:53+00:00","description":"Heegeldatud kollane kass on t\u00f5eline r\u00f5\u00f5mupall. Mitmekesine disain, kus on rohkelt kasutatud t\u00e4pi ja triibu motiive. Eesti disain ja k\u00e4sit\u00f6\u00f6.","breadcrumb":{"@id":"https:\/\/www.lilleliis.com\/et\/toode\/heegeldatud-kollane-kass\/#breadcrumb"},"inLanguage":"et","potentialAction":[{"@type":"ReadAction","target":["https:\/\/www.lilleliis.com\/et\/toode\/heegeldatud-kollane-kass\/"]}]},{"@type":"ImageObject","inLanguage":"et","@id":"https:\/\/www.lilleliis.com\/et\/toode\/heegeldatud-kollane-kass\/#primaryimage","url":"https:\/\/www.lilleliis.com\/wp-content\/uploads\/2022\/04\/crochet-yellow-cat-toy-5.jpg","contentUrl":"https:\/\/www.lilleliis.com\/wp-content\/uploads\/2022\/04\/crochet-yellow-cat-toy-5.jpg","width":853,"height":1280,"caption":"heegeldatud kollane kass n\u00e4gu"},{"@type":"BreadcrumbList","@id":"https:\/\/www.lilleliis.com\/et\/toode\/heegeldatud-kollane-kass\/#breadcrumb","itemListElement":[{"@type":"ListItem","position":1,"name":"Home","item":"https:\/\/www.lilleliis.com\/et\/"},{"@type":"ListItem","position":2,"name":"Pood","item":"https:\/\/www.lilleliis.com\/et\/shop\/"},{"@type":"ListItem","position":3,"name":"Heegeldatud kollane kass"}]},{"@type":"WebSite","@id":"https:\/\/www.lilleliis.com\/et\/#website","url":"https:\/\/www.lilleliis.com\/et\/","name":"lilleliis","description":"Amigurumi m\u00e4nguasjad ja mustrid","potentialAction":[{"@type":"SearchAction","target":{"@type":"EntryPoint","urlTemplate":"https:\/\/www.lilleliis.com\/et\/?s={search_term_string}"},"query-input":{"@type":"PropertyValueSpecification","valueRequired":true,"valueName":"search_term_string"}}],"inLanguage":"et"}]}},"_links":{"self":[{"href":"https:\/\/www.lilleliis.com\/et\/wp-json\/wp\/v2\/product\/86130","targetHints":{"allow":["GET"]}}],"collection":[{"href":"https:\/\/www.lilleliis.com\/et\/wp-json\/wp\/v2\/product"}],"about":[{"href":"https:\/\/www.lilleliis.com\/et\/wp-json\/wp\/v2\/types\/product"}],"replies":[{"embeddable":true,"href":"https:\/\/www.lilleliis.com\/et\/wp-json\/wp\/v2\/comments?post=86130"}],"wp:featuredmedia":[{"embeddable":true,"href":"https:\/\/www.lilleliis.com\/et\/wp-json\/wp\/v2\/media\/86140"}],"wp:attachment":[{"href":"https:\/\/www.lilleliis.com\/et\/wp-json\/wp\/v2\/media?parent=86130"}],"wp:term":[{"taxonomy":"product_brand","embeddable":true,"href":"https:\/\/www.lilleliis.com\/et\/wp-json\/wp\/v2\/product_brand?post=86130"},{"taxonomy":"product_cat","embeddable":true,"href":"https:\/\/www.lilleliis.com\/et\/wp-json\/wp\/v2\/product_cat?post=86130"},{"taxonomy":"product_tag","embeddable":true,"href":"https:\/\/www.lilleliis.com\/et\/wp-json\/wp\/v2\/product_tag?post=86130"}],"curies":[{"name":"wp","href":"https:\/\/api.w.org\/{rel}","templated":true}]}}