{"id":86178,"date":"2025-01-09T14:27:35","date_gmt":"2025-01-09T12:27:35","guid":{"rendered":"https:\/\/www.lilleliis.com\/?post_type=product&#038;p=86178"},"modified":"2026-02-10T19:01:22","modified_gmt":"2026-02-10T17:01:22","slug":"heegeldatud-lihavottejanes","status":"publish","type":"product","link":"https:\/\/www.lilleliis.com\/et\/toode\/heegeldatud-lihavottejanes\/","title":{"rendered":"Heegeldatud lihav\u00f5ttej\u00e4nes"},"content":{"rendered":null,"protected":false},"excerpt":{"rendered":"<p>Heegeldatud lihav\u00f5ttej\u00e4nes kannab endaga kaasas armsat porgandit. Koduk\u00fc\u00fclikust inspireeritud j\u00e4nese k\u00f5rvu katavad lillelisest kangast lapid. Tal on vildist roosad p\u00f5sed ja peas armas lips.<\/p>\n<p>Valmistatud erilisest karvastatud l\u00f5ngast, mis muudab j\u00e4nku v\u00e4ga pehmeks. T\u00e4idiseks allergiavaba kerakiud.<\/p>\n<p>Eesti disain ja k\u00e4sit\u00f6\u00f6.<\/p>\n<hr \/>\n<p><span data-text-color=\"primary\">MATERJAL<\/span><\/p>\n<p>l\u00f5ng (65% alpaka vill, 28% pol\u00fcamiid, 7% lambavill), l\u00f5ng (100% puuvill), pol\u00fcester kerakiud t\u00e4idis, turvasilmad, puuvillane kangas, viltriie<\/p>\n<p><span data-text-color=\"primary\">V\u00c4RV<\/span><\/p>\n<p>bee\u017e<\/p>\n<p><span data-text-color=\"primary\">SUURUS<\/span><\/p>\n<p>21 cm<\/p>\n<hr \/>\n<p>M\u00e4nguasi sisaldab pisidetaile. Ole ettevaatlik, kui annad seda m\u00e4ngimiseks v\u00e4ga v\u00e4ikesele lapsele.<\/p>\n","protected":false},"featured_media":85858,"comment_status":"open","ping_status":"closed","template":"","meta":[],"product_brand":[],"product_cat":[155],"product_tag":[1605,379],"class_list":{"0":"post-86178","1":"product","2":"type-product","3":"status-publish","4":"has-post-thumbnail","6":"product_cat-heegeldatud-manguasjad","7":"product_tag-lihavotted","8":"product_tag-villased-manguasjad","10":"first","11":"outofstock","12":"taxable","13":"shipping-taxable","14":"purchasable","15":"product-type-simple"},"yoast_head":"<!-- This site is optimized with the Yoast SEO plugin v27.3 - https:\/\/yoast.com\/product\/yoast-seo-wordpress\/ -->\n<title>Heegeldatud lihav\u00f5ttej\u00e4nes | K\u00e4sit\u00f6\u00f6 m\u00e4nguasjad lastele | lilleliis<\/title>\n<meta name=\"description\" content=\"Koduk\u00fc\u00fclikust inspireeritud heegeldatud lihav\u00f5ttej\u00e4nes kannab endaga kaasas armsat porgandit. Valmistatud erilisest karvastatud l\u00f5ngast.\" \/>\n<meta name=\"robots\" content=\"index, follow, max-snippet:-1, max-image-preview:large, max-video-preview:-1\" \/>\n<link rel=\"canonical\" href=\"https:\/\/www.lilleliis.com\/et\/toode\/heegeldatud-lihavottejanes\/\" \/>\n<meta property=\"og:locale\" content=\"et_EE\" \/>\n<meta property=\"og:type\" content=\"article\" \/>\n<meta property=\"og:title\" content=\"Heegeldatud lihav\u00f5ttej\u00e4nes | K\u00e4sit\u00f6\u00f6 m\u00e4nguasjad lastele | lilleliis\" \/>\n<meta property=\"og:description\" content=\"Koduk\u00fc\u00fclikust inspireeritud heegeldatud lihav\u00f5ttej\u00e4nes kannab endaga kaasas armsat porgandit. Valmistatud erilisest karvastatud l\u00f5ngast.\" \/>\n<meta property=\"og:url\" content=\"https:\/\/www.lilleliis.com\/et\/toode\/heegeldatud-lihavottejanes\/\" \/>\n<meta property=\"og:site_name\" content=\"lilleliis\" \/>\n<meta property=\"article:publisher\" content=\"https:\/\/www.facebook.com\/lilleliis-283266335035799\/\" \/>\n<meta property=\"article:modified_time\" content=\"2026-02-10T17:01:22+00:00\" \/>\n<meta property=\"og:image\" content=\"https:\/\/www.lilleliis.com\/wp-content\/uploads\/2022\/03\/amigurumi-easter-bunny-with-a-carrot-5.jpg\" \/>\n\t<meta property=\"og:image:width\" content=\"853\" \/>\n\t<meta property=\"og:image:height\" content=\"1280\" \/>\n\t<meta property=\"og:image:type\" content=\"image\/jpeg\" \/>\n<meta name=\"twitter:card\" content=\"summary_large_image\" \/>\n<script type=\"application\/ld+json\" class=\"yoast-schema-graph\">{\"@context\":\"https:\\\/\\\/schema.org\",\"@graph\":[{\"@type\":\"WebPage\",\"@id\":\"https:\\\/\\\/www.lilleliis.com\\\/et\\\/toode\\\/heegeldatud-lihavottejanes\\\/\",\"url\":\"https:\\\/\\\/www.lilleliis.com\\\/et\\\/toode\\\/heegeldatud-lihavottejanes\\\/\",\"name\":\"Heegeldatud lihav\u00f5ttej\u00e4nes | K\u00e4sit\u00f6\u00f6 m\u00e4nguasjad lastele | lilleliis\",\"isPartOf\":{\"@id\":\"https:\\\/\\\/www.lilleliis.com\\\/et\\\/#website\"},\"primaryImageOfPage\":{\"@id\":\"https:\\\/\\\/www.lilleliis.com\\\/et\\\/toode\\\/heegeldatud-lihavottejanes\\\/#primaryimage\"},\"image\":{\"@id\":\"https:\\\/\\\/www.lilleliis.com\\\/et\\\/toode\\\/heegeldatud-lihavottejanes\\\/#primaryimage\"},\"thumbnailUrl\":\"https:\\\/\\\/www.lilleliis.com\\\/wp-content\\\/uploads\\\/2022\\\/03\\\/amigurumi-easter-bunny-with-a-carrot-5.jpg\",\"datePublished\":\"2025-01-09T12:27:35+00:00\",\"dateModified\":\"2026-02-10T17:01:22+00:00\",\"description\":\"Koduk\u00fc\u00fclikust inspireeritud heegeldatud lihav\u00f5ttej\u00e4nes kannab endaga kaasas armsat porgandit. Valmistatud erilisest karvastatud l\u00f5ngast.\",\"breadcrumb\":{\"@id\":\"https:\\\/\\\/www.lilleliis.com\\\/et\\\/toode\\\/heegeldatud-lihavottejanes\\\/#breadcrumb\"},\"inLanguage\":\"et\",\"potentialAction\":[{\"@type\":\"ReadAction\",\"target\":[\"https:\\\/\\\/www.lilleliis.com\\\/et\\\/toode\\\/heegeldatud-lihavottejanes\\\/\"]}]},{\"@type\":\"ImageObject\",\"inLanguage\":\"et\",\"@id\":\"https:\\\/\\\/www.lilleliis.com\\\/et\\\/toode\\\/heegeldatud-lihavottejanes\\\/#primaryimage\",\"url\":\"https:\\\/\\\/www.lilleliis.com\\\/wp-content\\\/uploads\\\/2022\\\/03\\\/amigurumi-easter-bunny-with-a-carrot-5.jpg\",\"contentUrl\":\"https:\\\/\\\/www.lilleliis.com\\\/wp-content\\\/uploads\\\/2022\\\/03\\\/amigurumi-easter-bunny-with-a-carrot-5.jpg\",\"width\":853,\"height\":1280,\"caption\":\"Heegeldatud j\u00e4nes porgandiga\"},{\"@type\":\"BreadcrumbList\",\"@id\":\"https:\\\/\\\/www.lilleliis.com\\\/et\\\/toode\\\/heegeldatud-lihavottejanes\\\/#breadcrumb\",\"itemListElement\":[{\"@type\":\"ListItem\",\"position\":1,\"name\":\"Home\",\"item\":\"https:\\\/\\\/www.lilleliis.com\\\/et\\\/\"},{\"@type\":\"ListItem\",\"position\":2,\"name\":\"Pood\",\"item\":\"https:\\\/\\\/www.lilleliis.com\\\/et\\\/shop\\\/\"},{\"@type\":\"ListItem\",\"position\":3,\"name\":\"Heegeldatud lihav\u00f5ttej\u00e4nes\"}]},{\"@type\":\"WebSite\",\"@id\":\"https:\\\/\\\/www.lilleliis.com\\\/et\\\/#website\",\"url\":\"https:\\\/\\\/www.lilleliis.com\\\/et\\\/\",\"name\":\"lilleliis\",\"description\":\"Amigurumi m\u00e4nguasjad ja mustrid\",\"potentialAction\":[{\"@type\":\"SearchAction\",\"target\":{\"@type\":\"EntryPoint\",\"urlTemplate\":\"https:\\\/\\\/www.lilleliis.com\\\/et\\\/?s={search_term_string}\"},\"query-input\":{\"@type\":\"PropertyValueSpecification\",\"valueRequired\":true,\"valueName\":\"search_term_string\"}}],\"inLanguage\":\"et\"}]}<\/script>\n<!-- \/ Yoast SEO plugin. -->","yoast_head_json":{"title":"Heegeldatud lihav\u00f5ttej\u00e4nes | K\u00e4sit\u00f6\u00f6 m\u00e4nguasjad lastele | lilleliis","description":"Koduk\u00fc\u00fclikust inspireeritud heegeldatud lihav\u00f5ttej\u00e4nes kannab endaga kaasas armsat porgandit. Valmistatud erilisest karvastatud l\u00f5ngast.","robots":{"index":"index","follow":"follow","max-snippet":"max-snippet:-1","max-image-preview":"max-image-preview:large","max-video-preview":"max-video-preview:-1"},"canonical":"https:\/\/www.lilleliis.com\/et\/toode\/heegeldatud-lihavottejanes\/","og_locale":"et_EE","og_type":"article","og_title":"Heegeldatud lihav\u00f5ttej\u00e4nes | K\u00e4sit\u00f6\u00f6 m\u00e4nguasjad lastele | lilleliis","og_description":"Koduk\u00fc\u00fclikust inspireeritud heegeldatud lihav\u00f5ttej\u00e4nes kannab endaga kaasas armsat porgandit. Valmistatud erilisest karvastatud l\u00f5ngast.","og_url":"https:\/\/www.lilleliis.com\/et\/toode\/heegeldatud-lihavottejanes\/","og_site_name":"lilleliis","article_publisher":"https:\/\/www.facebook.com\/lilleliis-283266335035799\/","article_modified_time":"2026-02-10T17:01:22+00:00","og_image":[{"width":853,"height":1280,"url":"https:\/\/www.lilleliis.com\/wp-content\/uploads\/2022\/03\/amigurumi-easter-bunny-with-a-carrot-5.jpg","type":"image\/jpeg"}],"twitter_card":"summary_large_image","schema":{"@context":"https:\/\/schema.org","@graph":[{"@type":"WebPage","@id":"https:\/\/www.lilleliis.com\/et\/toode\/heegeldatud-lihavottejanes\/","url":"https:\/\/www.lilleliis.com\/et\/toode\/heegeldatud-lihavottejanes\/","name":"Heegeldatud lihav\u00f5ttej\u00e4nes | K\u00e4sit\u00f6\u00f6 m\u00e4nguasjad lastele | lilleliis","isPartOf":{"@id":"https:\/\/www.lilleliis.com\/et\/#website"},"primaryImageOfPage":{"@id":"https:\/\/www.lilleliis.com\/et\/toode\/heegeldatud-lihavottejanes\/#primaryimage"},"image":{"@id":"https:\/\/www.lilleliis.com\/et\/toode\/heegeldatud-lihavottejanes\/#primaryimage"},"thumbnailUrl":"https:\/\/www.lilleliis.com\/wp-content\/uploads\/2022\/03\/amigurumi-easter-bunny-with-a-carrot-5.jpg","datePublished":"2025-01-09T12:27:35+00:00","dateModified":"2026-02-10T17:01:22+00:00","description":"Koduk\u00fc\u00fclikust inspireeritud heegeldatud lihav\u00f5ttej\u00e4nes kannab endaga kaasas armsat porgandit. Valmistatud erilisest karvastatud l\u00f5ngast.","breadcrumb":{"@id":"https:\/\/www.lilleliis.com\/et\/toode\/heegeldatud-lihavottejanes\/#breadcrumb"},"inLanguage":"et","potentialAction":[{"@type":"ReadAction","target":["https:\/\/www.lilleliis.com\/et\/toode\/heegeldatud-lihavottejanes\/"]}]},{"@type":"ImageObject","inLanguage":"et","@id":"https:\/\/www.lilleliis.com\/et\/toode\/heegeldatud-lihavottejanes\/#primaryimage","url":"https:\/\/www.lilleliis.com\/wp-content\/uploads\/2022\/03\/amigurumi-easter-bunny-with-a-carrot-5.jpg","contentUrl":"https:\/\/www.lilleliis.com\/wp-content\/uploads\/2022\/03\/amigurumi-easter-bunny-with-a-carrot-5.jpg","width":853,"height":1280,"caption":"Heegeldatud j\u00e4nes porgandiga"},{"@type":"BreadcrumbList","@id":"https:\/\/www.lilleliis.com\/et\/toode\/heegeldatud-lihavottejanes\/#breadcrumb","itemListElement":[{"@type":"ListItem","position":1,"name":"Home","item":"https:\/\/www.lilleliis.com\/et\/"},{"@type":"ListItem","position":2,"name":"Pood","item":"https:\/\/www.lilleliis.com\/et\/shop\/"},{"@type":"ListItem","position":3,"name":"Heegeldatud lihav\u00f5ttej\u00e4nes"}]},{"@type":"WebSite","@id":"https:\/\/www.lilleliis.com\/et\/#website","url":"https:\/\/www.lilleliis.com\/et\/","name":"lilleliis","description":"Amigurumi m\u00e4nguasjad ja mustrid","potentialAction":[{"@type":"SearchAction","target":{"@type":"EntryPoint","urlTemplate":"https:\/\/www.lilleliis.com\/et\/?s={search_term_string}"},"query-input":{"@type":"PropertyValueSpecification","valueRequired":true,"valueName":"search_term_string"}}],"inLanguage":"et"}]}},"_links":{"self":[{"href":"https:\/\/www.lilleliis.com\/et\/wp-json\/wp\/v2\/product\/86178","targetHints":{"allow":["GET"]}}],"collection":[{"href":"https:\/\/www.lilleliis.com\/et\/wp-json\/wp\/v2\/product"}],"about":[{"href":"https:\/\/www.lilleliis.com\/et\/wp-json\/wp\/v2\/types\/product"}],"replies":[{"embeddable":true,"href":"https:\/\/www.lilleliis.com\/et\/wp-json\/wp\/v2\/comments?post=86178"}],"wp:featuredmedia":[{"embeddable":true,"href":"https:\/\/www.lilleliis.com\/et\/wp-json\/wp\/v2\/media\/85858"}],"wp:attachment":[{"href":"https:\/\/www.lilleliis.com\/et\/wp-json\/wp\/v2\/media?parent=86178"}],"wp:term":[{"taxonomy":"product_brand","embeddable":true,"href":"https:\/\/www.lilleliis.com\/et\/wp-json\/wp\/v2\/product_brand?post=86178"},{"taxonomy":"product_cat","embeddable":true,"href":"https:\/\/www.lilleliis.com\/et\/wp-json\/wp\/v2\/product_cat?post=86178"},{"taxonomy":"product_tag","embeddable":true,"href":"https:\/\/www.lilleliis.com\/et\/wp-json\/wp\/v2\/product_tag?post=86178"}],"curies":[{"name":"wp","href":"https:\/\/api.w.org\/{rel}","templated":true}]}}