{"id":86265,"date":"2025-09-26T14:21:38","date_gmt":"2025-09-26T11:21:38","guid":{"rendered":"https:\/\/www.lilleliis.com\/?post_type=product&#038;p=86265"},"modified":"2026-01-08T15:17:52","modified_gmt":"2026-01-08T13:17:52","slug":"heegeldatud-nukk","status":"publish","type":"product","link":"https:\/\/www.lilleliis.com\/et\/toode\/heegeldatud-nukk\/","title":{"rendered":"Heegeldatud nukk Bianka"},"content":{"rendered":null,"protected":false},"excerpt":{"rendered":"<p>Heegeldatud nukk Bianka on nagu v\u00e4ike t\u00fcdruk. Tal on Pikksukk Pipi sarnased oran\u017eid patsis juuksed ja armsad suured silmad. Nukk sisaldab palju pisidetaile, mis m\u00e4ngivad tema disainis olulist rolli. N\u00e4iteks kingad ja satsilise servaga sokid, patsipaelad, kleidi traksid jne.<\/p>\n<p>Riideid ja kingi ei saa eemaldada.<\/p>\n<p>Valmistatud kvaliteetsest ja pehmest puuvillasest l\u00f5ngast, t\u00e4idiseks allergiavaba kerakiud. Nukul on ainulaadsed k\u00e4sitsi maalitud silmad.<\/p>\n<p>Eesti disain ja k\u00e4sit\u00f6\u00f6.<\/p>\n<hr \/>\n<p><span data-text-color=\"primary\">MATERJAL<\/span><\/p>\n<p>l\u00f5ng (100% puuvill), pol\u00fcester kerakiud t\u00e4idis, turvasilmad, satiinpael<\/p>\n<p><span data-text-color=\"primary\">V\u00c4RV<\/span><\/p>\n<p>sinine, oran\u017e, bee\u017e<\/p>\n<p><span data-text-color=\"primary\">SUURUS<\/span><\/p>\n<p>33 cm<\/p>\n<hr \/>\n<p>M\u00e4nguasi sisaldab pisidetaile (turvasilmad). Ole ettevaatlik, kui annad seda m\u00e4ngimiseks v\u00e4ga v\u00e4ikesele lapsele.<\/p>\n","protected":false},"featured_media":102176,"comment_status":"open","ping_status":"closed","template":"","meta":[],"product_brand":[],"product_cat":[155],"product_tag":[377,122],"class_list":{"0":"post-86265","1":"product","2":"type-product","3":"status-publish","4":"has-post-thumbnail","6":"product_cat-heegeldatud-manguasjad","7":"product_tag-puuvillast-manguasjad","8":"product_tag-tudrukutele","10":"first","11":"instock","12":"taxable","13":"shipping-taxable","14":"purchasable","15":"product-type-simple"},"yoast_head":"<!-- This site is optimized with the Yoast SEO plugin v27.3 - https:\/\/yoast.com\/product\/yoast-seo-wordpress\/ -->\n<title>Heegeldatud nukk Bianka | K\u00e4sit\u00f6\u00f6 nukud lastele | lilleliis<\/title>\n<meta name=\"description\" content=\"Heegeldatud nukk Bianka on nagu v\u00e4ike t\u00fcdruk. Tal on Pikksukk Pipi sarnased oran\u017eid patsis juuksed ja armsad suured silmad. Eesti k\u00e4sit\u00f6\u00f6.\" \/>\n<meta name=\"robots\" content=\"index, follow, max-snippet:-1, max-image-preview:large, max-video-preview:-1\" \/>\n<link rel=\"canonical\" href=\"https:\/\/www.lilleliis.com\/et\/toode\/heegeldatud-nukk\/\" \/>\n<meta property=\"og:locale\" content=\"et_EE\" \/>\n<meta property=\"og:type\" content=\"article\" \/>\n<meta property=\"og:title\" content=\"Heegeldatud nukk Bianka | K\u00e4sit\u00f6\u00f6 nukud lastele | lilleliis\" \/>\n<meta property=\"og:description\" content=\"Heegeldatud nukk Bianka on nagu v\u00e4ike t\u00fcdruk. Tal on Pikksukk Pipi sarnased oran\u017eid patsis juuksed ja armsad suured silmad. Eesti k\u00e4sit\u00f6\u00f6.\" \/>\n<meta property=\"og:url\" content=\"https:\/\/www.lilleliis.com\/et\/toode\/heegeldatud-nukk\/\" \/>\n<meta property=\"og:site_name\" content=\"lilleliis\" \/>\n<meta property=\"article:publisher\" content=\"https:\/\/www.facebook.com\/lilleliis-283266335035799\/\" \/>\n<meta property=\"article:modified_time\" content=\"2026-01-08T13:17:52+00:00\" \/>\n<meta property=\"og:image\" content=\"https:\/\/www.lilleliis.com\/wp-content\/uploads\/2022\/04\/heegeldatud-nukk-bianka1.jpg\" \/>\n\t<meta property=\"og:image:width\" content=\"1000\" \/>\n\t<meta property=\"og:image:height\" content=\"1500\" \/>\n\t<meta property=\"og:image:type\" content=\"image\/jpeg\" \/>\n<meta name=\"twitter:card\" content=\"summary_large_image\" \/>\n<meta name=\"twitter:label1\" content=\"Est. reading time\" \/>\n\t<meta name=\"twitter:data1\" content=\"1 minute\" \/>\n<script type=\"application\/ld+json\" class=\"yoast-schema-graph\">{\"@context\":\"https:\\\/\\\/schema.org\",\"@graph\":[{\"@type\":\"WebPage\",\"@id\":\"https:\\\/\\\/www.lilleliis.com\\\/et\\\/toode\\\/heegeldatud-nukk\\\/\",\"url\":\"https:\\\/\\\/www.lilleliis.com\\\/et\\\/toode\\\/heegeldatud-nukk\\\/\",\"name\":\"Heegeldatud nukk Bianka | K\u00e4sit\u00f6\u00f6 nukud lastele | lilleliis\",\"isPartOf\":{\"@id\":\"https:\\\/\\\/www.lilleliis.com\\\/et\\\/#website\"},\"primaryImageOfPage\":{\"@id\":\"https:\\\/\\\/www.lilleliis.com\\\/et\\\/toode\\\/heegeldatud-nukk\\\/#primaryimage\"},\"image\":{\"@id\":\"https:\\\/\\\/www.lilleliis.com\\\/et\\\/toode\\\/heegeldatud-nukk\\\/#primaryimage\"},\"thumbnailUrl\":\"https:\\\/\\\/www.lilleliis.com\\\/wp-content\\\/uploads\\\/2022\\\/04\\\/heegeldatud-nukk-bianka1.jpg\",\"datePublished\":\"2025-09-26T11:21:38+00:00\",\"dateModified\":\"2026-01-08T13:17:52+00:00\",\"description\":\"Heegeldatud nukk Bianka on nagu v\u00e4ike t\u00fcdruk. Tal on Pikksukk Pipi sarnased oran\u017eid patsis juuksed ja armsad suured silmad. Eesti k\u00e4sit\u00f6\u00f6.\",\"breadcrumb\":{\"@id\":\"https:\\\/\\\/www.lilleliis.com\\\/et\\\/toode\\\/heegeldatud-nukk\\\/#breadcrumb\"},\"inLanguage\":\"et\",\"potentialAction\":[{\"@type\":\"ReadAction\",\"target\":[\"https:\\\/\\\/www.lilleliis.com\\\/et\\\/toode\\\/heegeldatud-nukk\\\/\"]}]},{\"@type\":\"ImageObject\",\"inLanguage\":\"et\",\"@id\":\"https:\\\/\\\/www.lilleliis.com\\\/et\\\/toode\\\/heegeldatud-nukk\\\/#primaryimage\",\"url\":\"https:\\\/\\\/www.lilleliis.com\\\/wp-content\\\/uploads\\\/2022\\\/04\\\/heegeldatud-nukk-bianka1.jpg\",\"contentUrl\":\"https:\\\/\\\/www.lilleliis.com\\\/wp-content\\\/uploads\\\/2022\\\/04\\\/heegeldatud-nukk-bianka1.jpg\",\"width\":1000,\"height\":1500,\"caption\":\"heegeldatud nukk\"},{\"@type\":\"BreadcrumbList\",\"@id\":\"https:\\\/\\\/www.lilleliis.com\\\/et\\\/toode\\\/heegeldatud-nukk\\\/#breadcrumb\",\"itemListElement\":[{\"@type\":\"ListItem\",\"position\":1,\"name\":\"Home\",\"item\":\"https:\\\/\\\/www.lilleliis.com\\\/et\\\/\"},{\"@type\":\"ListItem\",\"position\":2,\"name\":\"Pood\",\"item\":\"https:\\\/\\\/www.lilleliis.com\\\/et\\\/shop\\\/\"},{\"@type\":\"ListItem\",\"position\":3,\"name\":\"Heegeldatud nukk Bianka\"}]},{\"@type\":\"WebSite\",\"@id\":\"https:\\\/\\\/www.lilleliis.com\\\/et\\\/#website\",\"url\":\"https:\\\/\\\/www.lilleliis.com\\\/et\\\/\",\"name\":\"lilleliis\",\"description\":\"Amigurumi m\u00e4nguasjad ja mustrid\",\"potentialAction\":[{\"@type\":\"SearchAction\",\"target\":{\"@type\":\"EntryPoint\",\"urlTemplate\":\"https:\\\/\\\/www.lilleliis.com\\\/et\\\/?s={search_term_string}\"},\"query-input\":{\"@type\":\"PropertyValueSpecification\",\"valueRequired\":true,\"valueName\":\"search_term_string\"}}],\"inLanguage\":\"et\"}]}<\/script>\n<!-- \/ Yoast SEO plugin. -->","yoast_head_json":{"title":"Heegeldatud nukk Bianka | K\u00e4sit\u00f6\u00f6 nukud lastele | lilleliis","description":"Heegeldatud nukk Bianka on nagu v\u00e4ike t\u00fcdruk. Tal on Pikksukk Pipi sarnased oran\u017eid patsis juuksed ja armsad suured silmad. Eesti k\u00e4sit\u00f6\u00f6.","robots":{"index":"index","follow":"follow","max-snippet":"max-snippet:-1","max-image-preview":"max-image-preview:large","max-video-preview":"max-video-preview:-1"},"canonical":"https:\/\/www.lilleliis.com\/et\/toode\/heegeldatud-nukk\/","og_locale":"et_EE","og_type":"article","og_title":"Heegeldatud nukk Bianka | K\u00e4sit\u00f6\u00f6 nukud lastele | lilleliis","og_description":"Heegeldatud nukk Bianka on nagu v\u00e4ike t\u00fcdruk. Tal on Pikksukk Pipi sarnased oran\u017eid patsis juuksed ja armsad suured silmad. Eesti k\u00e4sit\u00f6\u00f6.","og_url":"https:\/\/www.lilleliis.com\/et\/toode\/heegeldatud-nukk\/","og_site_name":"lilleliis","article_publisher":"https:\/\/www.facebook.com\/lilleliis-283266335035799\/","article_modified_time":"2026-01-08T13:17:52+00:00","og_image":[{"width":1000,"height":1500,"url":"https:\/\/www.lilleliis.com\/wp-content\/uploads\/2022\/04\/heegeldatud-nukk-bianka1.jpg","type":"image\/jpeg"}],"twitter_card":"summary_large_image","twitter_misc":{"Est. reading time":"1 minute"},"schema":{"@context":"https:\/\/schema.org","@graph":[{"@type":"WebPage","@id":"https:\/\/www.lilleliis.com\/et\/toode\/heegeldatud-nukk\/","url":"https:\/\/www.lilleliis.com\/et\/toode\/heegeldatud-nukk\/","name":"Heegeldatud nukk Bianka | K\u00e4sit\u00f6\u00f6 nukud lastele | lilleliis","isPartOf":{"@id":"https:\/\/www.lilleliis.com\/et\/#website"},"primaryImageOfPage":{"@id":"https:\/\/www.lilleliis.com\/et\/toode\/heegeldatud-nukk\/#primaryimage"},"image":{"@id":"https:\/\/www.lilleliis.com\/et\/toode\/heegeldatud-nukk\/#primaryimage"},"thumbnailUrl":"https:\/\/www.lilleliis.com\/wp-content\/uploads\/2022\/04\/heegeldatud-nukk-bianka1.jpg","datePublished":"2025-09-26T11:21:38+00:00","dateModified":"2026-01-08T13:17:52+00:00","description":"Heegeldatud nukk Bianka on nagu v\u00e4ike t\u00fcdruk. Tal on Pikksukk Pipi sarnased oran\u017eid patsis juuksed ja armsad suured silmad. Eesti k\u00e4sit\u00f6\u00f6.","breadcrumb":{"@id":"https:\/\/www.lilleliis.com\/et\/toode\/heegeldatud-nukk\/#breadcrumb"},"inLanguage":"et","potentialAction":[{"@type":"ReadAction","target":["https:\/\/www.lilleliis.com\/et\/toode\/heegeldatud-nukk\/"]}]},{"@type":"ImageObject","inLanguage":"et","@id":"https:\/\/www.lilleliis.com\/et\/toode\/heegeldatud-nukk\/#primaryimage","url":"https:\/\/www.lilleliis.com\/wp-content\/uploads\/2022\/04\/heegeldatud-nukk-bianka1.jpg","contentUrl":"https:\/\/www.lilleliis.com\/wp-content\/uploads\/2022\/04\/heegeldatud-nukk-bianka1.jpg","width":1000,"height":1500,"caption":"heegeldatud nukk"},{"@type":"BreadcrumbList","@id":"https:\/\/www.lilleliis.com\/et\/toode\/heegeldatud-nukk\/#breadcrumb","itemListElement":[{"@type":"ListItem","position":1,"name":"Home","item":"https:\/\/www.lilleliis.com\/et\/"},{"@type":"ListItem","position":2,"name":"Pood","item":"https:\/\/www.lilleliis.com\/et\/shop\/"},{"@type":"ListItem","position":3,"name":"Heegeldatud nukk Bianka"}]},{"@type":"WebSite","@id":"https:\/\/www.lilleliis.com\/et\/#website","url":"https:\/\/www.lilleliis.com\/et\/","name":"lilleliis","description":"Amigurumi m\u00e4nguasjad ja mustrid","potentialAction":[{"@type":"SearchAction","target":{"@type":"EntryPoint","urlTemplate":"https:\/\/www.lilleliis.com\/et\/?s={search_term_string}"},"query-input":{"@type":"PropertyValueSpecification","valueRequired":true,"valueName":"search_term_string"}}],"inLanguage":"et"}]}},"_links":{"self":[{"href":"https:\/\/www.lilleliis.com\/et\/wp-json\/wp\/v2\/product\/86265","targetHints":{"allow":["GET"]}}],"collection":[{"href":"https:\/\/www.lilleliis.com\/et\/wp-json\/wp\/v2\/product"}],"about":[{"href":"https:\/\/www.lilleliis.com\/et\/wp-json\/wp\/v2\/types\/product"}],"replies":[{"embeddable":true,"href":"https:\/\/www.lilleliis.com\/et\/wp-json\/wp\/v2\/comments?post=86265"}],"wp:featuredmedia":[{"embeddable":true,"href":"https:\/\/www.lilleliis.com\/et\/wp-json\/wp\/v2\/media\/102176"}],"wp:attachment":[{"href":"https:\/\/www.lilleliis.com\/et\/wp-json\/wp\/v2\/media?parent=86265"}],"wp:term":[{"taxonomy":"product_brand","embeddable":true,"href":"https:\/\/www.lilleliis.com\/et\/wp-json\/wp\/v2\/product_brand?post=86265"},{"taxonomy":"product_cat","embeddable":true,"href":"https:\/\/www.lilleliis.com\/et\/wp-json\/wp\/v2\/product_cat?post=86265"},{"taxonomy":"product_tag","embeddable":true,"href":"https:\/\/www.lilleliis.com\/et\/wp-json\/wp\/v2\/product_tag?post=86265"}],"curies":[{"name":"wp","href":"https:\/\/api.w.org\/{rel}","templated":true}]}}