{"id":86471,"date":"2023-06-24T18:30:40","date_gmt":"2023-06-24T15:30:40","guid":{"rendered":"https:\/\/www.lilleliis.com\/?post_type=product&#038;p=86471"},"modified":"2026-01-08T13:00:19","modified_gmt":"2026-01-08T11:00:19","slug":"heegeldatud-korin-konn","status":"publish","type":"product","link":"https:\/\/www.lilleliis.com\/et\/toode\/heegeldatud-korin-konn\/","title":{"rendered":"Heegeldatud k\u00f5rin konn"},"content":{"rendered":null,"protected":false},"excerpt":{"rendered":"<p>Heegeldatud k\u00f5rin konn on armas ja lustlik kingitus beebile s\u00fcndimise puhul v\u00f5i katsikule minnes. Konnal on suur ja s\u00f5bralik naeratus.<\/p>\n<p>Puidust r\u00f5ngast on beebil k\u00f5ristit hea haarata. K\u00f5riseb mahedalt.<\/p>\n<p>Valmistatud orgaanilisest puuvillast, mida on kasvatatud v\u00e4etisi v\u00f5i m\u00fcrkaineid kasutamata. Beebi \u00f5rnale nahale parim valik! T\u00e4idiseks allergiavaba kerakiud.<\/p>\n<p>Eesti disain ja k\u00e4sit\u00f6\u00f6.<\/p>\n<hr \/>\n<p><span data-text-color=\"primary\">MATERJAL<\/span><\/p>\n<p>l\u00f5ng (100% orgaaniline puuvill), pol\u00fcester kerakiud, puidust r\u00f5ngas<\/p>\n<p><span data-text-color=\"primary\">V\u00c4RV<\/span><\/p>\n<p>roheline, bee\u017e<\/p>\n<p><span data-text-color=\"primary\">SUURUS<\/span><\/p>\n<p>13 cm<\/p>\n<hr \/>\n<p>M\u00e4nguasi on \u00fcleni pehme ja ei sisalda pisidetaile. Beebile turvaline!<\/p>\n","protected":false},"featured_media":86475,"comment_status":"open","ping_status":"closed","template":"","meta":[],"product_brand":[],"product_cat":[155],"product_tag":[123],"class_list":{"0":"post-86471","1":"product","2":"type-product","3":"status-publish","4":"has-post-thumbnail","6":"product_cat-heegeldatud-manguasjad","7":"product_tag-beebidele","9":"first","10":"outofstock","11":"taxable","12":"shipping-taxable","13":"purchasable","14":"product-type-simple"},"yoast_head":"<!-- This site is optimized with the Yoast SEO plugin v27.3 - https:\/\/yoast.com\/product\/yoast-seo-wordpress\/ -->\n<title>Heegeldatud k\u00f5rin konn | Kingitus beebile | lilleliis<\/title>\n<meta name=\"description\" content=\"K\u00f5rin tibulind on ilus kingitus beebile s\u00fcndimise puhul v\u00f5i katsikule minnes. Puidust r\u00f5ngast on k\u00f5ristit hea haarata. Eesti k\u00e4sit\u00f6\u00f6.\" \/>\n<meta name=\"robots\" content=\"index, follow, max-snippet:-1, max-image-preview:large, max-video-preview:-1\" \/>\n<link rel=\"canonical\" href=\"https:\/\/www.lilleliis.com\/et\/toode\/heegeldatud-korin-konn\/\" \/>\n<meta property=\"og:locale\" content=\"et_EE\" \/>\n<meta property=\"og:type\" content=\"article\" \/>\n<meta property=\"og:title\" content=\"Heegeldatud k\u00f5rin konn | Kingitus beebile | lilleliis\" \/>\n<meta property=\"og:description\" content=\"K\u00f5rin tibulind on ilus kingitus beebile s\u00fcndimise puhul v\u00f5i katsikule minnes. Puidust r\u00f5ngast on k\u00f5ristit hea haarata. Eesti k\u00e4sit\u00f6\u00f6.\" \/>\n<meta property=\"og:url\" content=\"https:\/\/www.lilleliis.com\/et\/toode\/heegeldatud-korin-konn\/\" \/>\n<meta property=\"og:site_name\" content=\"lilleliis\" \/>\n<meta property=\"article:publisher\" content=\"https:\/\/www.facebook.com\/lilleliis-283266335035799\/\" \/>\n<meta property=\"article:modified_time\" content=\"2026-01-08T11:00:19+00:00\" \/>\n<meta property=\"og:image\" content=\"https:\/\/www.lilleliis.com\/wp-content\/uploads\/2022\/05\/heegeldatud-korin-konn-beebile-2.jpg\" \/>\n\t<meta property=\"og:image:width\" content=\"853\" \/>\n\t<meta property=\"og:image:height\" content=\"1280\" \/>\n\t<meta property=\"og:image:type\" content=\"image\/jpeg\" \/>\n<meta name=\"twitter:card\" content=\"summary_large_image\" \/>\n<script type=\"application\/ld+json\" class=\"yoast-schema-graph\">{\"@context\":\"https:\\\/\\\/schema.org\",\"@graph\":[{\"@type\":\"WebPage\",\"@id\":\"https:\\\/\\\/www.lilleliis.com\\\/et\\\/toode\\\/heegeldatud-korin-konn\\\/\",\"url\":\"https:\\\/\\\/www.lilleliis.com\\\/et\\\/toode\\\/heegeldatud-korin-konn\\\/\",\"name\":\"Heegeldatud k\u00f5rin konn | Kingitus beebile | lilleliis\",\"isPartOf\":{\"@id\":\"https:\\\/\\\/www.lilleliis.com\\\/et\\\/#website\"},\"primaryImageOfPage\":{\"@id\":\"https:\\\/\\\/www.lilleliis.com\\\/et\\\/toode\\\/heegeldatud-korin-konn\\\/#primaryimage\"},\"image\":{\"@id\":\"https:\\\/\\\/www.lilleliis.com\\\/et\\\/toode\\\/heegeldatud-korin-konn\\\/#primaryimage\"},\"thumbnailUrl\":\"https:\\\/\\\/www.lilleliis.com\\\/wp-content\\\/uploads\\\/2022\\\/05\\\/heegeldatud-korin-konn-beebile-2.jpg\",\"datePublished\":\"2023-06-24T15:30:40+00:00\",\"dateModified\":\"2026-01-08T11:00:19+00:00\",\"description\":\"K\u00f5rin tibulind on ilus kingitus beebile s\u00fcndimise puhul v\u00f5i katsikule minnes. Puidust r\u00f5ngast on k\u00f5ristit hea haarata. Eesti k\u00e4sit\u00f6\u00f6.\",\"breadcrumb\":{\"@id\":\"https:\\\/\\\/www.lilleliis.com\\\/et\\\/toode\\\/heegeldatud-korin-konn\\\/#breadcrumb\"},\"inLanguage\":\"et\",\"potentialAction\":[{\"@type\":\"ReadAction\",\"target\":[\"https:\\\/\\\/www.lilleliis.com\\\/et\\\/toode\\\/heegeldatud-korin-konn\\\/\"]}]},{\"@type\":\"ImageObject\",\"inLanguage\":\"et\",\"@id\":\"https:\\\/\\\/www.lilleliis.com\\\/et\\\/toode\\\/heegeldatud-korin-konn\\\/#primaryimage\",\"url\":\"https:\\\/\\\/www.lilleliis.com\\\/wp-content\\\/uploads\\\/2022\\\/05\\\/heegeldatud-korin-konn-beebile-2.jpg\",\"contentUrl\":\"https:\\\/\\\/www.lilleliis.com\\\/wp-content\\\/uploads\\\/2022\\\/05\\\/heegeldatud-korin-konn-beebile-2.jpg\",\"width\":853,\"height\":1280,\"caption\":\"heegeldatud k\u00f5rin konn beebile\"},{\"@type\":\"BreadcrumbList\",\"@id\":\"https:\\\/\\\/www.lilleliis.com\\\/et\\\/toode\\\/heegeldatud-korin-konn\\\/#breadcrumb\",\"itemListElement\":[{\"@type\":\"ListItem\",\"position\":1,\"name\":\"Home\",\"item\":\"https:\\\/\\\/www.lilleliis.com\\\/et\\\/\"},{\"@type\":\"ListItem\",\"position\":2,\"name\":\"Pood\",\"item\":\"https:\\\/\\\/www.lilleliis.com\\\/et\\\/shop\\\/\"},{\"@type\":\"ListItem\",\"position\":3,\"name\":\"Heegeldatud k\u00f5rin konn\"}]},{\"@type\":\"WebSite\",\"@id\":\"https:\\\/\\\/www.lilleliis.com\\\/et\\\/#website\",\"url\":\"https:\\\/\\\/www.lilleliis.com\\\/et\\\/\",\"name\":\"lilleliis\",\"description\":\"Amigurumi m\u00e4nguasjad ja mustrid\",\"potentialAction\":[{\"@type\":\"SearchAction\",\"target\":{\"@type\":\"EntryPoint\",\"urlTemplate\":\"https:\\\/\\\/www.lilleliis.com\\\/et\\\/?s={search_term_string}\"},\"query-input\":{\"@type\":\"PropertyValueSpecification\",\"valueRequired\":true,\"valueName\":\"search_term_string\"}}],\"inLanguage\":\"et\"}]}<\/script>\n<!-- \/ Yoast SEO plugin. -->","yoast_head_json":{"title":"Heegeldatud k\u00f5rin konn | Kingitus beebile | lilleliis","description":"K\u00f5rin tibulind on ilus kingitus beebile s\u00fcndimise puhul v\u00f5i katsikule minnes. Puidust r\u00f5ngast on k\u00f5ristit hea haarata. Eesti k\u00e4sit\u00f6\u00f6.","robots":{"index":"index","follow":"follow","max-snippet":"max-snippet:-1","max-image-preview":"max-image-preview:large","max-video-preview":"max-video-preview:-1"},"canonical":"https:\/\/www.lilleliis.com\/et\/toode\/heegeldatud-korin-konn\/","og_locale":"et_EE","og_type":"article","og_title":"Heegeldatud k\u00f5rin konn | Kingitus beebile | lilleliis","og_description":"K\u00f5rin tibulind on ilus kingitus beebile s\u00fcndimise puhul v\u00f5i katsikule minnes. Puidust r\u00f5ngast on k\u00f5ristit hea haarata. Eesti k\u00e4sit\u00f6\u00f6.","og_url":"https:\/\/www.lilleliis.com\/et\/toode\/heegeldatud-korin-konn\/","og_site_name":"lilleliis","article_publisher":"https:\/\/www.facebook.com\/lilleliis-283266335035799\/","article_modified_time":"2026-01-08T11:00:19+00:00","og_image":[{"width":853,"height":1280,"url":"https:\/\/www.lilleliis.com\/wp-content\/uploads\/2022\/05\/heegeldatud-korin-konn-beebile-2.jpg","type":"image\/jpeg"}],"twitter_card":"summary_large_image","schema":{"@context":"https:\/\/schema.org","@graph":[{"@type":"WebPage","@id":"https:\/\/www.lilleliis.com\/et\/toode\/heegeldatud-korin-konn\/","url":"https:\/\/www.lilleliis.com\/et\/toode\/heegeldatud-korin-konn\/","name":"Heegeldatud k\u00f5rin konn | Kingitus beebile | lilleliis","isPartOf":{"@id":"https:\/\/www.lilleliis.com\/et\/#website"},"primaryImageOfPage":{"@id":"https:\/\/www.lilleliis.com\/et\/toode\/heegeldatud-korin-konn\/#primaryimage"},"image":{"@id":"https:\/\/www.lilleliis.com\/et\/toode\/heegeldatud-korin-konn\/#primaryimage"},"thumbnailUrl":"https:\/\/www.lilleliis.com\/wp-content\/uploads\/2022\/05\/heegeldatud-korin-konn-beebile-2.jpg","datePublished":"2023-06-24T15:30:40+00:00","dateModified":"2026-01-08T11:00:19+00:00","description":"K\u00f5rin tibulind on ilus kingitus beebile s\u00fcndimise puhul v\u00f5i katsikule minnes. Puidust r\u00f5ngast on k\u00f5ristit hea haarata. Eesti k\u00e4sit\u00f6\u00f6.","breadcrumb":{"@id":"https:\/\/www.lilleliis.com\/et\/toode\/heegeldatud-korin-konn\/#breadcrumb"},"inLanguage":"et","potentialAction":[{"@type":"ReadAction","target":["https:\/\/www.lilleliis.com\/et\/toode\/heegeldatud-korin-konn\/"]}]},{"@type":"ImageObject","inLanguage":"et","@id":"https:\/\/www.lilleliis.com\/et\/toode\/heegeldatud-korin-konn\/#primaryimage","url":"https:\/\/www.lilleliis.com\/wp-content\/uploads\/2022\/05\/heegeldatud-korin-konn-beebile-2.jpg","contentUrl":"https:\/\/www.lilleliis.com\/wp-content\/uploads\/2022\/05\/heegeldatud-korin-konn-beebile-2.jpg","width":853,"height":1280,"caption":"heegeldatud k\u00f5rin konn beebile"},{"@type":"BreadcrumbList","@id":"https:\/\/www.lilleliis.com\/et\/toode\/heegeldatud-korin-konn\/#breadcrumb","itemListElement":[{"@type":"ListItem","position":1,"name":"Home","item":"https:\/\/www.lilleliis.com\/et\/"},{"@type":"ListItem","position":2,"name":"Pood","item":"https:\/\/www.lilleliis.com\/et\/shop\/"},{"@type":"ListItem","position":3,"name":"Heegeldatud k\u00f5rin konn"}]},{"@type":"WebSite","@id":"https:\/\/www.lilleliis.com\/et\/#website","url":"https:\/\/www.lilleliis.com\/et\/","name":"lilleliis","description":"Amigurumi m\u00e4nguasjad ja mustrid","potentialAction":[{"@type":"SearchAction","target":{"@type":"EntryPoint","urlTemplate":"https:\/\/www.lilleliis.com\/et\/?s={search_term_string}"},"query-input":{"@type":"PropertyValueSpecification","valueRequired":true,"valueName":"search_term_string"}}],"inLanguage":"et"}]}},"_links":{"self":[{"href":"https:\/\/www.lilleliis.com\/et\/wp-json\/wp\/v2\/product\/86471","targetHints":{"allow":["GET"]}}],"collection":[{"href":"https:\/\/www.lilleliis.com\/et\/wp-json\/wp\/v2\/product"}],"about":[{"href":"https:\/\/www.lilleliis.com\/et\/wp-json\/wp\/v2\/types\/product"}],"replies":[{"embeddable":true,"href":"https:\/\/www.lilleliis.com\/et\/wp-json\/wp\/v2\/comments?post=86471"}],"wp:featuredmedia":[{"embeddable":true,"href":"https:\/\/www.lilleliis.com\/et\/wp-json\/wp\/v2\/media\/86475"}],"wp:attachment":[{"href":"https:\/\/www.lilleliis.com\/et\/wp-json\/wp\/v2\/media?parent=86471"}],"wp:term":[{"taxonomy":"product_brand","embeddable":true,"href":"https:\/\/www.lilleliis.com\/et\/wp-json\/wp\/v2\/product_brand?post=86471"},{"taxonomy":"product_cat","embeddable":true,"href":"https:\/\/www.lilleliis.com\/et\/wp-json\/wp\/v2\/product_cat?post=86471"},{"taxonomy":"product_tag","embeddable":true,"href":"https:\/\/www.lilleliis.com\/et\/wp-json\/wp\/v2\/product_tag?post=86471"}],"curies":[{"name":"wp","href":"https:\/\/api.w.org\/{rel}","templated":true}]}}