{"id":87241,"date":"2022-09-20T08:46:02","date_gmt":"2022-09-20T05:46:02","guid":{"rendered":"https:\/\/www.lilleliis.com\/?post_type=product&#038;p=87241"},"modified":"2026-01-08T13:00:38","modified_gmt":"2026-01-08T11:00:38","slug":"heegeldatud-korin-tiiger","status":"publish","type":"product","link":"https:\/\/www.lilleliis.com\/et\/toode\/heegeldatud-korin-tiiger\/","title":{"rendered":"Heegeldatud k\u00f5rin tiiger"},"content":{"rendered":null,"protected":false},"excerpt":{"rendered":"<p>Heegeldatud k\u00f5rin tiiger on armas, k\u00e4sitsi valmistatud kingitus beebile s\u00fcndimise puhul v\u00f5i katsikule minnes. Tiiger on s\u00f5braliku v\u00e4limusega. Tal on pealael vahvad triibud ja p\u00f5skedel tedret\u00e4hnid.<\/p>\n<p>Puidust r\u00f5ngast on beebil k\u00f5ristit hea haarata. K\u00f5riseb mahedalt.<\/p>\n<p>Valmistatud orgaanilisest puuvillast, mida on kasvatatud v\u00e4etisi v\u00f5i m\u00fcrkaineid kasutamata. Beebi \u00f5rnale nahale parim valik! T\u00e4idiseks allergiavaba kerakiud.<\/p>\n<p>Eesti disain ja k\u00e4sit\u00f6\u00f6.<\/p>\n<hr \/>\n<p><span data-text-color=\"primary\">MATERJAL<\/span><\/p>\n<p>l\u00f5ng (100% orgaaniline puuvill), pol\u00fcester kerakiud, turvasilmad, puidust r\u00f5ngas<\/p>\n<p><span data-text-color=\"primary\">V\u00c4RV<\/span><\/p>\n<p>oran\u017e<\/p>\n<p><span data-text-color=\"primary\">SUURUS<\/span><\/p>\n<p>14 cm<\/p>\n<hr \/>\n<p>M\u00e4nguasi sisaldab pisidetaile (turvasilmad). \u00c4ra j\u00e4ta last m\u00e4ngimise ajal j\u00e4relvalveta!<\/p>\n","protected":false},"featured_media":87251,"comment_status":"open","ping_status":"closed","template":"","meta":[],"product_brand":[],"product_cat":[155],"product_tag":[123],"class_list":{"0":"post-87241","1":"product","2":"type-product","3":"status-publish","4":"has-post-thumbnail","6":"product_cat-heegeldatud-manguasjad","7":"product_tag-beebidele","9":"first","10":"outofstock","11":"taxable","12":"shipping-taxable","13":"purchasable","14":"product-type-simple"},"yoast_head":"<!-- This site is optimized with the Yoast SEO plugin v27.3 - https:\/\/yoast.com\/product\/yoast-seo-wordpress\/ -->\n<title>Heegeldatud k\u00f5rin tiiger | K\u00e4sit\u00f6\u00f6 kingitus beebile | lilleliis<\/title>\n<meta name=\"description\" content=\"Heegeldatud k\u00f5rin tiiger on armas kingitus beebile. Puidust r\u00f5ngast on k\u00f5ristit hea haarata. Eesti k\u00e4sit\u00f6\u00f6.\" \/>\n<meta name=\"robots\" content=\"index, follow, max-snippet:-1, max-image-preview:large, max-video-preview:-1\" \/>\n<link rel=\"canonical\" href=\"https:\/\/www.lilleliis.com\/et\/toode\/heegeldatud-korin-tiiger\/\" \/>\n<meta property=\"og:locale\" content=\"et_EE\" \/>\n<meta property=\"og:type\" content=\"article\" \/>\n<meta property=\"og:title\" content=\"Heegeldatud k\u00f5rin tiiger | K\u00e4sit\u00f6\u00f6 kingitus beebile | lilleliis\" \/>\n<meta property=\"og:description\" content=\"Heegeldatud k\u00f5rin tiiger on armas kingitus beebile. Puidust r\u00f5ngast on k\u00f5ristit hea haarata. Eesti k\u00e4sit\u00f6\u00f6.\" \/>\n<meta property=\"og:url\" content=\"https:\/\/www.lilleliis.com\/et\/toode\/heegeldatud-korin-tiiger\/\" \/>\n<meta property=\"og:site_name\" content=\"lilleliis\" \/>\n<meta property=\"article:publisher\" content=\"https:\/\/www.facebook.com\/lilleliis-283266335035799\/\" \/>\n<meta property=\"article:modified_time\" content=\"2026-01-08T11:00:38+00:00\" \/>\n<meta property=\"og:image\" content=\"https:\/\/www.lilleliis.com\/wp-content\/uploads\/2022\/09\/heegeldatud-korin-tiiger-5.jpg\" \/>\n\t<meta property=\"og:image:width\" content=\"853\" \/>\n\t<meta property=\"og:image:height\" content=\"1280\" \/>\n\t<meta property=\"og:image:type\" content=\"image\/jpeg\" \/>\n<meta name=\"twitter:card\" content=\"summary_large_image\" \/>\n<script type=\"application\/ld+json\" class=\"yoast-schema-graph\">{\"@context\":\"https:\\\/\\\/schema.org\",\"@graph\":[{\"@type\":\"WebPage\",\"@id\":\"https:\\\/\\\/www.lilleliis.com\\\/et\\\/toode\\\/heegeldatud-korin-tiiger\\\/\",\"url\":\"https:\\\/\\\/www.lilleliis.com\\\/et\\\/toode\\\/heegeldatud-korin-tiiger\\\/\",\"name\":\"Heegeldatud k\u00f5rin tiiger | K\u00e4sit\u00f6\u00f6 kingitus beebile | lilleliis\",\"isPartOf\":{\"@id\":\"https:\\\/\\\/www.lilleliis.com\\\/et\\\/#website\"},\"primaryImageOfPage\":{\"@id\":\"https:\\\/\\\/www.lilleliis.com\\\/et\\\/toode\\\/heegeldatud-korin-tiiger\\\/#primaryimage\"},\"image\":{\"@id\":\"https:\\\/\\\/www.lilleliis.com\\\/et\\\/toode\\\/heegeldatud-korin-tiiger\\\/#primaryimage\"},\"thumbnailUrl\":\"https:\\\/\\\/www.lilleliis.com\\\/wp-content\\\/uploads\\\/2022\\\/09\\\/heegeldatud-korin-tiiger-5.jpg\",\"datePublished\":\"2022-09-20T05:46:02+00:00\",\"dateModified\":\"2026-01-08T11:00:38+00:00\",\"description\":\"Heegeldatud k\u00f5rin tiiger on armas kingitus beebile. Puidust r\u00f5ngast on k\u00f5ristit hea haarata. Eesti k\u00e4sit\u00f6\u00f6.\",\"breadcrumb\":{\"@id\":\"https:\\\/\\\/www.lilleliis.com\\\/et\\\/toode\\\/heegeldatud-korin-tiiger\\\/#breadcrumb\"},\"inLanguage\":\"et\",\"potentialAction\":[{\"@type\":\"ReadAction\",\"target\":[\"https:\\\/\\\/www.lilleliis.com\\\/et\\\/toode\\\/heegeldatud-korin-tiiger\\\/\"]}]},{\"@type\":\"ImageObject\",\"inLanguage\":\"et\",\"@id\":\"https:\\\/\\\/www.lilleliis.com\\\/et\\\/toode\\\/heegeldatud-korin-tiiger\\\/#primaryimage\",\"url\":\"https:\\\/\\\/www.lilleliis.com\\\/wp-content\\\/uploads\\\/2022\\\/09\\\/heegeldatud-korin-tiiger-5.jpg\",\"contentUrl\":\"https:\\\/\\\/www.lilleliis.com\\\/wp-content\\\/uploads\\\/2022\\\/09\\\/heegeldatud-korin-tiiger-5.jpg\",\"width\":853,\"height\":1280,\"caption\":\"heegeldatud k\u00f5rin tiiger\"},{\"@type\":\"BreadcrumbList\",\"@id\":\"https:\\\/\\\/www.lilleliis.com\\\/et\\\/toode\\\/heegeldatud-korin-tiiger\\\/#breadcrumb\",\"itemListElement\":[{\"@type\":\"ListItem\",\"position\":1,\"name\":\"Home\",\"item\":\"https:\\\/\\\/www.lilleliis.com\\\/et\\\/\"},{\"@type\":\"ListItem\",\"position\":2,\"name\":\"Pood\",\"item\":\"https:\\\/\\\/www.lilleliis.com\\\/et\\\/shop\\\/\"},{\"@type\":\"ListItem\",\"position\":3,\"name\":\"Heegeldatud k\u00f5rin tiiger\"}]},{\"@type\":\"WebSite\",\"@id\":\"https:\\\/\\\/www.lilleliis.com\\\/et\\\/#website\",\"url\":\"https:\\\/\\\/www.lilleliis.com\\\/et\\\/\",\"name\":\"lilleliis\",\"description\":\"Amigurumi m\u00e4nguasjad ja mustrid\",\"potentialAction\":[{\"@type\":\"SearchAction\",\"target\":{\"@type\":\"EntryPoint\",\"urlTemplate\":\"https:\\\/\\\/www.lilleliis.com\\\/et\\\/?s={search_term_string}\"},\"query-input\":{\"@type\":\"PropertyValueSpecification\",\"valueRequired\":true,\"valueName\":\"search_term_string\"}}],\"inLanguage\":\"et\"}]}<\/script>\n<!-- \/ Yoast SEO plugin. -->","yoast_head_json":{"title":"Heegeldatud k\u00f5rin tiiger | K\u00e4sit\u00f6\u00f6 kingitus beebile | lilleliis","description":"Heegeldatud k\u00f5rin tiiger on armas kingitus beebile. Puidust r\u00f5ngast on k\u00f5ristit hea haarata. Eesti k\u00e4sit\u00f6\u00f6.","robots":{"index":"index","follow":"follow","max-snippet":"max-snippet:-1","max-image-preview":"max-image-preview:large","max-video-preview":"max-video-preview:-1"},"canonical":"https:\/\/www.lilleliis.com\/et\/toode\/heegeldatud-korin-tiiger\/","og_locale":"et_EE","og_type":"article","og_title":"Heegeldatud k\u00f5rin tiiger | K\u00e4sit\u00f6\u00f6 kingitus beebile | lilleliis","og_description":"Heegeldatud k\u00f5rin tiiger on armas kingitus beebile. Puidust r\u00f5ngast on k\u00f5ristit hea haarata. Eesti k\u00e4sit\u00f6\u00f6.","og_url":"https:\/\/www.lilleliis.com\/et\/toode\/heegeldatud-korin-tiiger\/","og_site_name":"lilleliis","article_publisher":"https:\/\/www.facebook.com\/lilleliis-283266335035799\/","article_modified_time":"2026-01-08T11:00:38+00:00","og_image":[{"width":853,"height":1280,"url":"https:\/\/www.lilleliis.com\/wp-content\/uploads\/2022\/09\/heegeldatud-korin-tiiger-5.jpg","type":"image\/jpeg"}],"twitter_card":"summary_large_image","schema":{"@context":"https:\/\/schema.org","@graph":[{"@type":"WebPage","@id":"https:\/\/www.lilleliis.com\/et\/toode\/heegeldatud-korin-tiiger\/","url":"https:\/\/www.lilleliis.com\/et\/toode\/heegeldatud-korin-tiiger\/","name":"Heegeldatud k\u00f5rin tiiger | K\u00e4sit\u00f6\u00f6 kingitus beebile | lilleliis","isPartOf":{"@id":"https:\/\/www.lilleliis.com\/et\/#website"},"primaryImageOfPage":{"@id":"https:\/\/www.lilleliis.com\/et\/toode\/heegeldatud-korin-tiiger\/#primaryimage"},"image":{"@id":"https:\/\/www.lilleliis.com\/et\/toode\/heegeldatud-korin-tiiger\/#primaryimage"},"thumbnailUrl":"https:\/\/www.lilleliis.com\/wp-content\/uploads\/2022\/09\/heegeldatud-korin-tiiger-5.jpg","datePublished":"2022-09-20T05:46:02+00:00","dateModified":"2026-01-08T11:00:38+00:00","description":"Heegeldatud k\u00f5rin tiiger on armas kingitus beebile. Puidust r\u00f5ngast on k\u00f5ristit hea haarata. Eesti k\u00e4sit\u00f6\u00f6.","breadcrumb":{"@id":"https:\/\/www.lilleliis.com\/et\/toode\/heegeldatud-korin-tiiger\/#breadcrumb"},"inLanguage":"et","potentialAction":[{"@type":"ReadAction","target":["https:\/\/www.lilleliis.com\/et\/toode\/heegeldatud-korin-tiiger\/"]}]},{"@type":"ImageObject","inLanguage":"et","@id":"https:\/\/www.lilleliis.com\/et\/toode\/heegeldatud-korin-tiiger\/#primaryimage","url":"https:\/\/www.lilleliis.com\/wp-content\/uploads\/2022\/09\/heegeldatud-korin-tiiger-5.jpg","contentUrl":"https:\/\/www.lilleliis.com\/wp-content\/uploads\/2022\/09\/heegeldatud-korin-tiiger-5.jpg","width":853,"height":1280,"caption":"heegeldatud k\u00f5rin tiiger"},{"@type":"BreadcrumbList","@id":"https:\/\/www.lilleliis.com\/et\/toode\/heegeldatud-korin-tiiger\/#breadcrumb","itemListElement":[{"@type":"ListItem","position":1,"name":"Home","item":"https:\/\/www.lilleliis.com\/et\/"},{"@type":"ListItem","position":2,"name":"Pood","item":"https:\/\/www.lilleliis.com\/et\/shop\/"},{"@type":"ListItem","position":3,"name":"Heegeldatud k\u00f5rin tiiger"}]},{"@type":"WebSite","@id":"https:\/\/www.lilleliis.com\/et\/#website","url":"https:\/\/www.lilleliis.com\/et\/","name":"lilleliis","description":"Amigurumi m\u00e4nguasjad ja mustrid","potentialAction":[{"@type":"SearchAction","target":{"@type":"EntryPoint","urlTemplate":"https:\/\/www.lilleliis.com\/et\/?s={search_term_string}"},"query-input":{"@type":"PropertyValueSpecification","valueRequired":true,"valueName":"search_term_string"}}],"inLanguage":"et"}]}},"_links":{"self":[{"href":"https:\/\/www.lilleliis.com\/et\/wp-json\/wp\/v2\/product\/87241","targetHints":{"allow":["GET"]}}],"collection":[{"href":"https:\/\/www.lilleliis.com\/et\/wp-json\/wp\/v2\/product"}],"about":[{"href":"https:\/\/www.lilleliis.com\/et\/wp-json\/wp\/v2\/types\/product"}],"replies":[{"embeddable":true,"href":"https:\/\/www.lilleliis.com\/et\/wp-json\/wp\/v2\/comments?post=87241"}],"wp:featuredmedia":[{"embeddable":true,"href":"https:\/\/www.lilleliis.com\/et\/wp-json\/wp\/v2\/media\/87251"}],"wp:attachment":[{"href":"https:\/\/www.lilleliis.com\/et\/wp-json\/wp\/v2\/media?parent=87241"}],"wp:term":[{"taxonomy":"product_brand","embeddable":true,"href":"https:\/\/www.lilleliis.com\/et\/wp-json\/wp\/v2\/product_brand?post=87241"},{"taxonomy":"product_cat","embeddable":true,"href":"https:\/\/www.lilleliis.com\/et\/wp-json\/wp\/v2\/product_cat?post=87241"},{"taxonomy":"product_tag","embeddable":true,"href":"https:\/\/www.lilleliis.com\/et\/wp-json\/wp\/v2\/product_tag?post=87241"}],"curies":[{"name":"wp","href":"https:\/\/api.w.org\/{rel}","templated":true}]}}