{"id":88181,"date":"2025-10-13T11:36:37","date_gmt":"2025-10-13T08:36:37","guid":{"rendered":"https:\/\/www.lilleliis.com\/?post_type=product&#038;p=88181"},"modified":"2026-03-03T15:12:42","modified_gmt":"2026-03-03T13:12:42","slug":"heegeldatud-lind-tihane-amigurumi-muster","status":"publish","type":"product","link":"https:\/\/www.lilleliis.com\/et\/toode\/heegeldatud-lind-tihane-amigurumi-muster\/","title":{"rendered":"Heegeldatud lind tihane &#8211; amigurumi muster"},"content":{"rendered":"<p>Heegeldatud lind tihane n\u00e4eb kaunis v\u00e4lja nii rasvatihasest inspireeritud sini-kollases v\u00e4rvitoonis kui ka paljudes teistes v\u00e4rvides. Klassikalise sinise v\u00f5ib asendada petroolsinisega. Hall lind on kena nii kollase kui punase k\u00f5hualusega. Minu \u00fcks lemmikuid on erinevates pruuni ja bee\u017ei varjundites heegeldatud lind.<\/p>\n<p>Kui \u00f5mbled linnule paela k\u00fclge, saab selle riputada j\u00f5ulukuusele kaunistuseks. Kevadp\u00fchadel v\u00f5ib lind olla lauakaunistus v\u00f5i lisandus kevadisele p\u00e4rjale.<\/p>\n<p>Keerulise raskusastmega mustris kasutatakse kahe v\u00e4rviga paralleelselt heegeldamise tehnikat (<a href=\"https:\/\/youtu.be\/xMQDvCPoLWs\" target=\"_blank\" rel=\"noopener\">video \u00f5petuse<\/a> leiad minu YouTube kanalilt). Muus osas pole kasutatud keerulisi silmuseid ega tehnikaid.<\/p>\n<h3>Mustrist<\/h3>\n<p>Allalaetav ja lihtsasti j\u00e4lgitav k\u00e4sit\u00f6\u00f6 \u00f5petus (PDF fail). Juhend sisaldab samm-sammulist \u00f5petust eseme valmistamiseks ning hulgaliselt abistavaid fotosid.<\/p>\n<p>Keel: eesti, inglise<\/p>\n<p>\u00d5petuse raskusaste: keeruline<\/p>\n<p>Vajaminevad v\u00f5tted: kinnissilmus, \u00fchekordne sammas<\/p>\n<div class=\"is-divider divider clearfix\" ><\/div>\n<h3>Suurus ja materjal<\/h3>\n<p>Suurus: heegeldatud lind ilma riputuspaelata on 7 x 8 cm<\/p>\n<p>Valmistamiseks on kasutatud puuvillast l\u00f5nga ning heegeln\u00f5ela j\u00e4medusega 2 mm.<\/p>\n<div class=\"is-divider divider clearfix\" ><\/div>\n<h3>Abi ja copyright<\/h3>\n<p>K\u00fcsimuste korral saab abi\u00a0<a href=\"mailto:%20lilleliis@gmail.com\">e-posti teel<\/a>.<\/p>\n<p>\u00d5petuse j\u00e4rgi valmistatud esemeid v\u00f5ib m\u00fc\u00fca. \u00d5petust on keelatud jagada. Autori\u00f5igustega tutvu\u00a0<a href=\"https:\/\/www.lilleliis.com\/et\/autorioigused\/\" target=\"_blank\" rel=\"noopener\">siin<\/a>.<\/p>\n","protected":false},"excerpt":{"rendered":"<p>Heegeldatud tihane on ajatu ja armas kodukaunistus, mis toob tuppa killukese looduse ilu. Kui lisad paela, saad selle j\u00f5ulude ajal kuuseehteks riputada, kevadel aga kasutada lauakaunistusena v\u00f5i s\u00e4ttida ta istuma kevadisele p\u00e4rjale.<\/p>\n<p>K\u00e4sit\u00f6\u00f6na valminud lind sobib ka armsaks isetehtud kingituseks.<\/p>\n<p>Tegemist on allalaetava <strong data-start=\"326\" data-end=\"343\">PDF-\u00f5petusega<\/strong>, mis sisaldab rohkelt fotosid. \u00d5petuse raskusaste on <strong data-start=\"397\" data-end=\"409\">keeruline<\/strong>\u00a0ja see on saadaval ka eesti keeles.<\/p>\n","protected":false},"featured_media":88002,"comment_status":"open","ping_status":"closed","template":"","meta":[],"product_brand":[],"product_cat":[95,513,96],"product_tag":[339,1605],"class_list":{"0":"post-88181","1":"product","2":"type-product","3":"status-publish","4":"has-post-thumbnail","6":"product_cat-amigurumi-opetused","7":"product_cat-linnu-mustrid","8":"product_cat-heegeldamise-opetused","9":"product_tag-joulud","10":"product_tag-lihavotted","11":"pa_pattern-language-eesti","12":"pa_pattern-language-hollandi","13":"pa_pattern-language-inglise","14":"pa_pattern-language-taani","15":"pa_pattern-skill-level-keeruline","17":"first","18":"instock","19":"sold-individually","20":"taxable","21":"shipping-taxable","22":"purchasable","23":"product-type-variable"},"yoast_head":"<!-- This site is optimized with the Yoast SEO plugin v27.3 - https:\/\/yoast.com\/product\/yoast-seo-wordpress\/ -->\n<title>Heegeldatud lind tihane - amigurumi muster | lilleliis<\/title>\n<meta name=\"description\" content=\"Heegeldatud lind tihane on ilus kodukaunistus nii j\u00f5uludel kui kevadp\u00fchadel. Kaunista lindudega oma j\u00f5ulupuu v\u00f5i heegelda linde kingituseks.\" \/>\n<meta name=\"robots\" content=\"index, follow, max-snippet:-1, max-image-preview:large, max-video-preview:-1\" \/>\n<link rel=\"canonical\" href=\"https:\/\/www.lilleliis.com\/et\/toode\/heegeldatud-lind-tihane-amigurumi-muster\/\" \/>\n<meta property=\"og:locale\" content=\"et_EE\" \/>\n<meta property=\"og:type\" content=\"article\" \/>\n<meta property=\"og:title\" content=\"Heegeldatud lind tihane - amigurumi muster | lilleliis\" \/>\n<meta property=\"og:description\" content=\"Heegeldatud lind tihane on ilus kodukaunistus nii j\u00f5uludel kui kevadp\u00fchadel. Kaunista lindudega oma j\u00f5ulupuu v\u00f5i heegelda linde kingituseks.\" \/>\n<meta property=\"og:url\" content=\"https:\/\/www.lilleliis.com\/et\/toode\/heegeldatud-lind-tihane-amigurumi-muster\/\" \/>\n<meta property=\"og:site_name\" content=\"lilleliis\" \/>\n<meta property=\"article:publisher\" content=\"https:\/\/www.facebook.com\/lilleliis-283266335035799\/\" \/>\n<meta property=\"article:modified_time\" content=\"2026-03-03T13:12:42+00:00\" \/>\n<meta property=\"og:image\" content=\"https:\/\/www.lilleliis.com\/wp-content\/uploads\/2022\/10\/crochet-bird-great-tit-4.jpg\" \/>\n\t<meta property=\"og:image:width\" content=\"1280\" \/>\n\t<meta property=\"og:image:height\" content=\"853\" \/>\n\t<meta property=\"og:image:type\" content=\"image\/jpeg\" \/>\n<meta name=\"twitter:card\" content=\"summary_large_image\" \/>\n<meta name=\"twitter:label1\" content=\"Est. reading time\" \/>\n\t<meta name=\"twitter:data1\" content=\"1 minute\" \/>\n<script type=\"application\/ld+json\" class=\"yoast-schema-graph\">{\"@context\":\"https:\\\/\\\/schema.org\",\"@graph\":[{\"@type\":\"WebPage\",\"@id\":\"https:\\\/\\\/www.lilleliis.com\\\/et\\\/toode\\\/heegeldatud-lind-tihane-amigurumi-muster\\\/\",\"url\":\"https:\\\/\\\/www.lilleliis.com\\\/et\\\/toode\\\/heegeldatud-lind-tihane-amigurumi-muster\\\/\",\"name\":\"Heegeldatud lind tihane - amigurumi muster | lilleliis\",\"isPartOf\":{\"@id\":\"https:\\\/\\\/www.lilleliis.com\\\/et\\\/#website\"},\"primaryImageOfPage\":{\"@id\":\"https:\\\/\\\/www.lilleliis.com\\\/et\\\/toode\\\/heegeldatud-lind-tihane-amigurumi-muster\\\/#primaryimage\"},\"image\":{\"@id\":\"https:\\\/\\\/www.lilleliis.com\\\/et\\\/toode\\\/heegeldatud-lind-tihane-amigurumi-muster\\\/#primaryimage\"},\"thumbnailUrl\":\"https:\\\/\\\/www.lilleliis.com\\\/wp-content\\\/uploads\\\/2022\\\/10\\\/crochet-bird-great-tit-4.jpg\",\"datePublished\":\"2025-10-13T08:36:37+00:00\",\"dateModified\":\"2026-03-03T13:12:42+00:00\",\"description\":\"Heegeldatud lind tihane on ilus kodukaunistus nii j\u00f5uludel kui kevadp\u00fchadel. Kaunista lindudega oma j\u00f5ulupuu v\u00f5i heegelda linde kingituseks.\",\"breadcrumb\":{\"@id\":\"https:\\\/\\\/www.lilleliis.com\\\/et\\\/toode\\\/heegeldatud-lind-tihane-amigurumi-muster\\\/#breadcrumb\"},\"inLanguage\":\"et\",\"potentialAction\":[{\"@type\":\"ReadAction\",\"target\":[\"https:\\\/\\\/www.lilleliis.com\\\/et\\\/toode\\\/heegeldatud-lind-tihane-amigurumi-muster\\\/\"]}]},{\"@type\":\"ImageObject\",\"inLanguage\":\"et\",\"@id\":\"https:\\\/\\\/www.lilleliis.com\\\/et\\\/toode\\\/heegeldatud-lind-tihane-amigurumi-muster\\\/#primaryimage\",\"url\":\"https:\\\/\\\/www.lilleliis.com\\\/wp-content\\\/uploads\\\/2022\\\/10\\\/crochet-bird-great-tit-4.jpg\",\"contentUrl\":\"https:\\\/\\\/www.lilleliis.com\\\/wp-content\\\/uploads\\\/2022\\\/10\\\/crochet-bird-great-tit-4.jpg\",\"width\":1280,\"height\":853,\"caption\":\"heegeldatud lind tihane\"},{\"@type\":\"BreadcrumbList\",\"@id\":\"https:\\\/\\\/www.lilleliis.com\\\/et\\\/toode\\\/heegeldatud-lind-tihane-amigurumi-muster\\\/#breadcrumb\",\"itemListElement\":[{\"@type\":\"ListItem\",\"position\":1,\"name\":\"Home\",\"item\":\"https:\\\/\\\/www.lilleliis.com\\\/et\\\/\"},{\"@type\":\"ListItem\",\"position\":2,\"name\":\"Pood\",\"item\":\"https:\\\/\\\/www.lilleliis.com\\\/et\\\/shop\\\/\"},{\"@type\":\"ListItem\",\"position\":3,\"name\":\"Heegeldatud lind tihane &#8211; amigurumi muster\"}]},{\"@type\":\"WebSite\",\"@id\":\"https:\\\/\\\/www.lilleliis.com\\\/et\\\/#website\",\"url\":\"https:\\\/\\\/www.lilleliis.com\\\/et\\\/\",\"name\":\"lilleliis\",\"description\":\"Amigurumi m\u00e4nguasjad ja mustrid\",\"potentialAction\":[{\"@type\":\"SearchAction\",\"target\":{\"@type\":\"EntryPoint\",\"urlTemplate\":\"https:\\\/\\\/www.lilleliis.com\\\/et\\\/?s={search_term_string}\"},\"query-input\":{\"@type\":\"PropertyValueSpecification\",\"valueRequired\":true,\"valueName\":\"search_term_string\"}}],\"inLanguage\":\"et\"}]}<\/script>\n<!-- \/ Yoast SEO plugin. -->","yoast_head_json":{"title":"Heegeldatud lind tihane - amigurumi muster | lilleliis","description":"Heegeldatud lind tihane on ilus kodukaunistus nii j\u00f5uludel kui kevadp\u00fchadel. Kaunista lindudega oma j\u00f5ulupuu v\u00f5i heegelda linde kingituseks.","robots":{"index":"index","follow":"follow","max-snippet":"max-snippet:-1","max-image-preview":"max-image-preview:large","max-video-preview":"max-video-preview:-1"},"canonical":"https:\/\/www.lilleliis.com\/et\/toode\/heegeldatud-lind-tihane-amigurumi-muster\/","og_locale":"et_EE","og_type":"article","og_title":"Heegeldatud lind tihane - amigurumi muster | lilleliis","og_description":"Heegeldatud lind tihane on ilus kodukaunistus nii j\u00f5uludel kui kevadp\u00fchadel. Kaunista lindudega oma j\u00f5ulupuu v\u00f5i heegelda linde kingituseks.","og_url":"https:\/\/www.lilleliis.com\/et\/toode\/heegeldatud-lind-tihane-amigurumi-muster\/","og_site_name":"lilleliis","article_publisher":"https:\/\/www.facebook.com\/lilleliis-283266335035799\/","article_modified_time":"2026-03-03T13:12:42+00:00","og_image":[{"width":1280,"height":853,"url":"https:\/\/www.lilleliis.com\/wp-content\/uploads\/2022\/10\/crochet-bird-great-tit-4.jpg","type":"image\/jpeg"}],"twitter_card":"summary_large_image","twitter_misc":{"Est. reading time":"1 minute"},"schema":{"@context":"https:\/\/schema.org","@graph":[{"@type":"WebPage","@id":"https:\/\/www.lilleliis.com\/et\/toode\/heegeldatud-lind-tihane-amigurumi-muster\/","url":"https:\/\/www.lilleliis.com\/et\/toode\/heegeldatud-lind-tihane-amigurumi-muster\/","name":"Heegeldatud lind tihane - amigurumi muster | lilleliis","isPartOf":{"@id":"https:\/\/www.lilleliis.com\/et\/#website"},"primaryImageOfPage":{"@id":"https:\/\/www.lilleliis.com\/et\/toode\/heegeldatud-lind-tihane-amigurumi-muster\/#primaryimage"},"image":{"@id":"https:\/\/www.lilleliis.com\/et\/toode\/heegeldatud-lind-tihane-amigurumi-muster\/#primaryimage"},"thumbnailUrl":"https:\/\/www.lilleliis.com\/wp-content\/uploads\/2022\/10\/crochet-bird-great-tit-4.jpg","datePublished":"2025-10-13T08:36:37+00:00","dateModified":"2026-03-03T13:12:42+00:00","description":"Heegeldatud lind tihane on ilus kodukaunistus nii j\u00f5uludel kui kevadp\u00fchadel. Kaunista lindudega oma j\u00f5ulupuu v\u00f5i heegelda linde kingituseks.","breadcrumb":{"@id":"https:\/\/www.lilleliis.com\/et\/toode\/heegeldatud-lind-tihane-amigurumi-muster\/#breadcrumb"},"inLanguage":"et","potentialAction":[{"@type":"ReadAction","target":["https:\/\/www.lilleliis.com\/et\/toode\/heegeldatud-lind-tihane-amigurumi-muster\/"]}]},{"@type":"ImageObject","inLanguage":"et","@id":"https:\/\/www.lilleliis.com\/et\/toode\/heegeldatud-lind-tihane-amigurumi-muster\/#primaryimage","url":"https:\/\/www.lilleliis.com\/wp-content\/uploads\/2022\/10\/crochet-bird-great-tit-4.jpg","contentUrl":"https:\/\/www.lilleliis.com\/wp-content\/uploads\/2022\/10\/crochet-bird-great-tit-4.jpg","width":1280,"height":853,"caption":"heegeldatud lind tihane"},{"@type":"BreadcrumbList","@id":"https:\/\/www.lilleliis.com\/et\/toode\/heegeldatud-lind-tihane-amigurumi-muster\/#breadcrumb","itemListElement":[{"@type":"ListItem","position":1,"name":"Home","item":"https:\/\/www.lilleliis.com\/et\/"},{"@type":"ListItem","position":2,"name":"Pood","item":"https:\/\/www.lilleliis.com\/et\/shop\/"},{"@type":"ListItem","position":3,"name":"Heegeldatud lind tihane &#8211; amigurumi muster"}]},{"@type":"WebSite","@id":"https:\/\/www.lilleliis.com\/et\/#website","url":"https:\/\/www.lilleliis.com\/et\/","name":"lilleliis","description":"Amigurumi m\u00e4nguasjad ja mustrid","potentialAction":[{"@type":"SearchAction","target":{"@type":"EntryPoint","urlTemplate":"https:\/\/www.lilleliis.com\/et\/?s={search_term_string}"},"query-input":{"@type":"PropertyValueSpecification","valueRequired":true,"valueName":"search_term_string"}}],"inLanguage":"et"}]}},"_links":{"self":[{"href":"https:\/\/www.lilleliis.com\/et\/wp-json\/wp\/v2\/product\/88181","targetHints":{"allow":["GET"]}}],"collection":[{"href":"https:\/\/www.lilleliis.com\/et\/wp-json\/wp\/v2\/product"}],"about":[{"href":"https:\/\/www.lilleliis.com\/et\/wp-json\/wp\/v2\/types\/product"}],"replies":[{"embeddable":true,"href":"https:\/\/www.lilleliis.com\/et\/wp-json\/wp\/v2\/comments?post=88181"}],"wp:featuredmedia":[{"embeddable":true,"href":"https:\/\/www.lilleliis.com\/et\/wp-json\/wp\/v2\/media\/88002"}],"wp:attachment":[{"href":"https:\/\/www.lilleliis.com\/et\/wp-json\/wp\/v2\/media?parent=88181"}],"wp:term":[{"taxonomy":"product_brand","embeddable":true,"href":"https:\/\/www.lilleliis.com\/et\/wp-json\/wp\/v2\/product_brand?post=88181"},{"taxonomy":"product_cat","embeddable":true,"href":"https:\/\/www.lilleliis.com\/et\/wp-json\/wp\/v2\/product_cat?post=88181"},{"taxonomy":"product_tag","embeddable":true,"href":"https:\/\/www.lilleliis.com\/et\/wp-json\/wp\/v2\/product_tag?post=88181"}],"curies":[{"name":"wp","href":"https:\/\/api.w.org\/{rel}","templated":true}]}}