{"id":89640,"date":"2023-03-29T14:25:25","date_gmt":"2023-03-29T11:25:25","guid":{"rendered":"https:\/\/www.lilleliis.com\/?post_type=product&#038;p=89640"},"modified":"2026-02-10T17:16:37","modified_gmt":"2026-02-10T15:16:37","slug":"heegeldatud-kaelkirjak-orgaaniline","status":"publish","type":"product","link":"https:\/\/www.lilleliis.com\/et\/toode\/heegeldatud-kaelkirjak-orgaaniline\/","title":{"rendered":"Heegeldatud kaelkirjak orgaaniline"},"content":{"rendered":null,"protected":false},"excerpt":{"rendered":"<p>Heegeldatud kaelkirjak on mahe ja beebis\u00f5bralik m\u00e4nguasi, kuna on valmistatud orgaanilisest puuvillast. Kaelkirjak on v\u00e4ikelapse jaoks paraja suurusega ning seda on m\u00f5nus kaisutada. Eriliseks muudavad ta kangast laigud kehal.<\/p>\n<p>Valmistamiseks on kasutatud beebi \u00f5rnale nahale sobilikku orgaanilist puuvillast l\u00f5nga, mida kasvatatakse v\u00e4etisi ja m\u00fcrkaineid kasutamata. T\u00e4idiseks allergiavaba kerakiud.<\/p>\n<p>Eesti disain ja k\u00e4sit\u00f6\u00f6.<\/p>\n<hr \/>\n<p><span data-text-color=\"primary\">MATERJAL<\/span><\/p>\n<p>l\u00f5ng (100% orgaaniline \u00f6ko puuvill), pol\u00fcester kerakiud, turvasilmad, puuvillane kangas<\/p>\n<p><span data-text-color=\"primary\">V\u00c4RV<\/span><\/p>\n<p>kahvatu kollane<\/p>\n<p><span data-text-color=\"primary\">SUURUS<\/span><\/p>\n<p>22 cm<\/p>\n<hr \/>\n<p>M\u00e4nguasi sisaldab pisidetaile (turvasilmad). \u00c4ra j\u00e4ta last m\u00e4ngimise ajal j\u00e4relvalveta!<\/p>\n","protected":false},"featured_media":89656,"comment_status":"open","ping_status":"closed","template":"","meta":[],"product_brand":[],"product_cat":[155],"product_tag":[123,377],"class_list":{"0":"post-89640","1":"product","2":"type-product","3":"status-publish","4":"has-post-thumbnail","6":"product_cat-heegeldatud-manguasjad","7":"product_tag-beebidele","8":"product_tag-puuvillast-manguasjad","10":"first","11":"outofstock","12":"taxable","13":"shipping-taxable","14":"purchasable","15":"product-type-simple"},"yoast_head":"<!-- This site is optimized with the Yoast SEO plugin v27.3 - https:\/\/yoast.com\/product\/yoast-seo-wordpress\/ -->\n<title>Heegeldatud kaelkirjak orgaaniline | K\u00e4sit\u00f6\u00f6 kingitus beebile | lilleliis<\/title>\n<meta name=\"description\" content=\"Heegeldatud kaelkirjak, orgaaniline m\u00e4nguasi beebidele on valmistatud \u00f6ko sertifikaadiga l\u00f5ngast. Eesti k\u00e4sit\u00f6\u00f6.\" \/>\n<meta name=\"robots\" content=\"index, follow, max-snippet:-1, max-image-preview:large, max-video-preview:-1\" \/>\n<link rel=\"canonical\" href=\"https:\/\/www.lilleliis.com\/et\/toode\/heegeldatud-kaelkirjak-orgaaniline\/\" \/>\n<meta property=\"og:locale\" content=\"et_EE\" \/>\n<meta property=\"og:type\" content=\"article\" \/>\n<meta property=\"og:title\" content=\"Heegeldatud kaelkirjak orgaaniline | K\u00e4sit\u00f6\u00f6 kingitus beebile | lilleliis\" \/>\n<meta property=\"og:description\" content=\"Heegeldatud kaelkirjak, orgaaniline m\u00e4nguasi beebidele on valmistatud \u00f6ko sertifikaadiga l\u00f5ngast. Eesti k\u00e4sit\u00f6\u00f6.\" \/>\n<meta property=\"og:url\" content=\"https:\/\/www.lilleliis.com\/et\/toode\/heegeldatud-kaelkirjak-orgaaniline\/\" \/>\n<meta property=\"og:site_name\" content=\"lilleliis\" \/>\n<meta property=\"article:publisher\" content=\"https:\/\/www.facebook.com\/lilleliis-283266335035799\/\" \/>\n<meta property=\"article:modified_time\" content=\"2026-02-10T15:16:37+00:00\" \/>\n<meta property=\"og:image\" content=\"https:\/\/www.lilleliis.com\/wp-content\/uploads\/2023\/03\/heegeldatud-kaelkirjak-orgaaniline-1.jpg\" \/>\n\t<meta property=\"og:image:width\" content=\"1000\" \/>\n\t<meta property=\"og:image:height\" content=\"1500\" \/>\n\t<meta property=\"og:image:type\" content=\"image\/jpeg\" \/>\n<meta name=\"twitter:card\" content=\"summary_large_image\" \/>\n<script type=\"application\/ld+json\" class=\"yoast-schema-graph\">{\"@context\":\"https:\\\/\\\/schema.org\",\"@graph\":[{\"@type\":\"WebPage\",\"@id\":\"https:\\\/\\\/www.lilleliis.com\\\/et\\\/toode\\\/heegeldatud-kaelkirjak-orgaaniline\\\/\",\"url\":\"https:\\\/\\\/www.lilleliis.com\\\/et\\\/toode\\\/heegeldatud-kaelkirjak-orgaaniline\\\/\",\"name\":\"Heegeldatud kaelkirjak orgaaniline | K\u00e4sit\u00f6\u00f6 kingitus beebile | lilleliis\",\"isPartOf\":{\"@id\":\"https:\\\/\\\/www.lilleliis.com\\\/et\\\/#website\"},\"primaryImageOfPage\":{\"@id\":\"https:\\\/\\\/www.lilleliis.com\\\/et\\\/toode\\\/heegeldatud-kaelkirjak-orgaaniline\\\/#primaryimage\"},\"image\":{\"@id\":\"https:\\\/\\\/www.lilleliis.com\\\/et\\\/toode\\\/heegeldatud-kaelkirjak-orgaaniline\\\/#primaryimage\"},\"thumbnailUrl\":\"https:\\\/\\\/www.lilleliis.com\\\/wp-content\\\/uploads\\\/2023\\\/03\\\/heegeldatud-kaelkirjak-orgaaniline-1.jpg\",\"datePublished\":\"2023-03-29T11:25:25+00:00\",\"dateModified\":\"2026-02-10T15:16:37+00:00\",\"description\":\"Heegeldatud kaelkirjak, orgaaniline m\u00e4nguasi beebidele on valmistatud \u00f6ko sertifikaadiga l\u00f5ngast. Eesti k\u00e4sit\u00f6\u00f6.\",\"breadcrumb\":{\"@id\":\"https:\\\/\\\/www.lilleliis.com\\\/et\\\/toode\\\/heegeldatud-kaelkirjak-orgaaniline\\\/#breadcrumb\"},\"inLanguage\":\"et\",\"potentialAction\":[{\"@type\":\"ReadAction\",\"target\":[\"https:\\\/\\\/www.lilleliis.com\\\/et\\\/toode\\\/heegeldatud-kaelkirjak-orgaaniline\\\/\"]}]},{\"@type\":\"ImageObject\",\"inLanguage\":\"et\",\"@id\":\"https:\\\/\\\/www.lilleliis.com\\\/et\\\/toode\\\/heegeldatud-kaelkirjak-orgaaniline\\\/#primaryimage\",\"url\":\"https:\\\/\\\/www.lilleliis.com\\\/wp-content\\\/uploads\\\/2023\\\/03\\\/heegeldatud-kaelkirjak-orgaaniline-1.jpg\",\"contentUrl\":\"https:\\\/\\\/www.lilleliis.com\\\/wp-content\\\/uploads\\\/2023\\\/03\\\/heegeldatud-kaelkirjak-orgaaniline-1.jpg\",\"width\":1000,\"height\":1500,\"caption\":\"heegeldatud kaelkirjak k\u00e4sit\u00f6\u00f6\"},{\"@type\":\"BreadcrumbList\",\"@id\":\"https:\\\/\\\/www.lilleliis.com\\\/et\\\/toode\\\/heegeldatud-kaelkirjak-orgaaniline\\\/#breadcrumb\",\"itemListElement\":[{\"@type\":\"ListItem\",\"position\":1,\"name\":\"Home\",\"item\":\"https:\\\/\\\/www.lilleliis.com\\\/et\\\/\"},{\"@type\":\"ListItem\",\"position\":2,\"name\":\"Pood\",\"item\":\"https:\\\/\\\/www.lilleliis.com\\\/et\\\/shop\\\/\"},{\"@type\":\"ListItem\",\"position\":3,\"name\":\"Heegeldatud kaelkirjak orgaaniline\"}]},{\"@type\":\"WebSite\",\"@id\":\"https:\\\/\\\/www.lilleliis.com\\\/et\\\/#website\",\"url\":\"https:\\\/\\\/www.lilleliis.com\\\/et\\\/\",\"name\":\"lilleliis\",\"description\":\"Amigurumi m\u00e4nguasjad ja mustrid\",\"potentialAction\":[{\"@type\":\"SearchAction\",\"target\":{\"@type\":\"EntryPoint\",\"urlTemplate\":\"https:\\\/\\\/www.lilleliis.com\\\/et\\\/?s={search_term_string}\"},\"query-input\":{\"@type\":\"PropertyValueSpecification\",\"valueRequired\":true,\"valueName\":\"search_term_string\"}}],\"inLanguage\":\"et\"}]}<\/script>\n<!-- \/ Yoast SEO plugin. -->","yoast_head_json":{"title":"Heegeldatud kaelkirjak orgaaniline | K\u00e4sit\u00f6\u00f6 kingitus beebile | lilleliis","description":"Heegeldatud kaelkirjak, orgaaniline m\u00e4nguasi beebidele on valmistatud \u00f6ko sertifikaadiga l\u00f5ngast. Eesti k\u00e4sit\u00f6\u00f6.","robots":{"index":"index","follow":"follow","max-snippet":"max-snippet:-1","max-image-preview":"max-image-preview:large","max-video-preview":"max-video-preview:-1"},"canonical":"https:\/\/www.lilleliis.com\/et\/toode\/heegeldatud-kaelkirjak-orgaaniline\/","og_locale":"et_EE","og_type":"article","og_title":"Heegeldatud kaelkirjak orgaaniline | K\u00e4sit\u00f6\u00f6 kingitus beebile | lilleliis","og_description":"Heegeldatud kaelkirjak, orgaaniline m\u00e4nguasi beebidele on valmistatud \u00f6ko sertifikaadiga l\u00f5ngast. Eesti k\u00e4sit\u00f6\u00f6.","og_url":"https:\/\/www.lilleliis.com\/et\/toode\/heegeldatud-kaelkirjak-orgaaniline\/","og_site_name":"lilleliis","article_publisher":"https:\/\/www.facebook.com\/lilleliis-283266335035799\/","article_modified_time":"2026-02-10T15:16:37+00:00","og_image":[{"width":1000,"height":1500,"url":"https:\/\/www.lilleliis.com\/wp-content\/uploads\/2023\/03\/heegeldatud-kaelkirjak-orgaaniline-1.jpg","type":"image\/jpeg"}],"twitter_card":"summary_large_image","schema":{"@context":"https:\/\/schema.org","@graph":[{"@type":"WebPage","@id":"https:\/\/www.lilleliis.com\/et\/toode\/heegeldatud-kaelkirjak-orgaaniline\/","url":"https:\/\/www.lilleliis.com\/et\/toode\/heegeldatud-kaelkirjak-orgaaniline\/","name":"Heegeldatud kaelkirjak orgaaniline | K\u00e4sit\u00f6\u00f6 kingitus beebile | lilleliis","isPartOf":{"@id":"https:\/\/www.lilleliis.com\/et\/#website"},"primaryImageOfPage":{"@id":"https:\/\/www.lilleliis.com\/et\/toode\/heegeldatud-kaelkirjak-orgaaniline\/#primaryimage"},"image":{"@id":"https:\/\/www.lilleliis.com\/et\/toode\/heegeldatud-kaelkirjak-orgaaniline\/#primaryimage"},"thumbnailUrl":"https:\/\/www.lilleliis.com\/wp-content\/uploads\/2023\/03\/heegeldatud-kaelkirjak-orgaaniline-1.jpg","datePublished":"2023-03-29T11:25:25+00:00","dateModified":"2026-02-10T15:16:37+00:00","description":"Heegeldatud kaelkirjak, orgaaniline m\u00e4nguasi beebidele on valmistatud \u00f6ko sertifikaadiga l\u00f5ngast. Eesti k\u00e4sit\u00f6\u00f6.","breadcrumb":{"@id":"https:\/\/www.lilleliis.com\/et\/toode\/heegeldatud-kaelkirjak-orgaaniline\/#breadcrumb"},"inLanguage":"et","potentialAction":[{"@type":"ReadAction","target":["https:\/\/www.lilleliis.com\/et\/toode\/heegeldatud-kaelkirjak-orgaaniline\/"]}]},{"@type":"ImageObject","inLanguage":"et","@id":"https:\/\/www.lilleliis.com\/et\/toode\/heegeldatud-kaelkirjak-orgaaniline\/#primaryimage","url":"https:\/\/www.lilleliis.com\/wp-content\/uploads\/2023\/03\/heegeldatud-kaelkirjak-orgaaniline-1.jpg","contentUrl":"https:\/\/www.lilleliis.com\/wp-content\/uploads\/2023\/03\/heegeldatud-kaelkirjak-orgaaniline-1.jpg","width":1000,"height":1500,"caption":"heegeldatud kaelkirjak k\u00e4sit\u00f6\u00f6"},{"@type":"BreadcrumbList","@id":"https:\/\/www.lilleliis.com\/et\/toode\/heegeldatud-kaelkirjak-orgaaniline\/#breadcrumb","itemListElement":[{"@type":"ListItem","position":1,"name":"Home","item":"https:\/\/www.lilleliis.com\/et\/"},{"@type":"ListItem","position":2,"name":"Pood","item":"https:\/\/www.lilleliis.com\/et\/shop\/"},{"@type":"ListItem","position":3,"name":"Heegeldatud kaelkirjak orgaaniline"}]},{"@type":"WebSite","@id":"https:\/\/www.lilleliis.com\/et\/#website","url":"https:\/\/www.lilleliis.com\/et\/","name":"lilleliis","description":"Amigurumi m\u00e4nguasjad ja mustrid","potentialAction":[{"@type":"SearchAction","target":{"@type":"EntryPoint","urlTemplate":"https:\/\/www.lilleliis.com\/et\/?s={search_term_string}"},"query-input":{"@type":"PropertyValueSpecification","valueRequired":true,"valueName":"search_term_string"}}],"inLanguage":"et"}]}},"_links":{"self":[{"href":"https:\/\/www.lilleliis.com\/et\/wp-json\/wp\/v2\/product\/89640","targetHints":{"allow":["GET"]}}],"collection":[{"href":"https:\/\/www.lilleliis.com\/et\/wp-json\/wp\/v2\/product"}],"about":[{"href":"https:\/\/www.lilleliis.com\/et\/wp-json\/wp\/v2\/types\/product"}],"replies":[{"embeddable":true,"href":"https:\/\/www.lilleliis.com\/et\/wp-json\/wp\/v2\/comments?post=89640"}],"wp:featuredmedia":[{"embeddable":true,"href":"https:\/\/www.lilleliis.com\/et\/wp-json\/wp\/v2\/media\/89656"}],"wp:attachment":[{"href":"https:\/\/www.lilleliis.com\/et\/wp-json\/wp\/v2\/media?parent=89640"}],"wp:term":[{"taxonomy":"product_brand","embeddable":true,"href":"https:\/\/www.lilleliis.com\/et\/wp-json\/wp\/v2\/product_brand?post=89640"},{"taxonomy":"product_cat","embeddable":true,"href":"https:\/\/www.lilleliis.com\/et\/wp-json\/wp\/v2\/product_cat?post=89640"},{"taxonomy":"product_tag","embeddable":true,"href":"https:\/\/www.lilleliis.com\/et\/wp-json\/wp\/v2\/product_tag?post=89640"}],"curies":[{"name":"wp","href":"https:\/\/api.w.org\/{rel}","templated":true}]}}