{"id":89804,"date":"2025-08-11T15:56:58","date_gmt":"2025-08-11T12:56:58","guid":{"rendered":"https:\/\/www.lilleliis.com\/?post_type=product&#038;p=89804"},"modified":"2026-04-06T17:30:13","modified_gmt":"2026-04-06T14:30:13","slug":"puuvillane-kangas-komplekt-2","status":"publish","type":"product","link":"https:\/\/www.lilleliis.com\/et\/toode\/puuvillane-kangas-komplekt-2\/","title":{"rendered":"Puuvillane kangas komplekt 2"},"content":{"rendered":"<p>Kangat\u00fcki suurus: 25 x 25 cm<\/p>\n<p>V\u00e4rv: 5 erinevat mustrit<\/p>\n<p>Materjal: 100% puuvill<\/p>\n<div class=\"is-divider divider clearfix\" ><\/div>\n<p>Kuidas kangast heegeldatud m\u00e4nguasjadele \u00f5mmelda, saad l\u00e4hemalt lugeda <a href=\"https:\/\/www.lilleliis.com\/et\/kanga-lisamine-amigurumi-manguasjadele\/\" target=\"_blank\" rel=\"noopener\">siit<\/a>.<\/p>\n","protected":false},"excerpt":{"rendered":"<p>Oh, mis \u00e4gedad mustrid! Puuvillane kangas sobib ideaalselt heegeldatud m\u00e4nguasjadele lisamiseks. \u00d5mble lapikesi k\u00f5rvadele, taldadele v\u00f5i k\u00f5hule.<\/p>\n<p>Kangast on just parasjagu nii palju, et enne, kui j\u00f5uad mustrist \u00e4ra v\u00e4sida, saabki see otsa.<\/p>\n<p>Komplekt sisaldab 5 erimustrilist kangat\u00fckki suurusega 25 x 25 cm.<\/p>\n","protected":false},"featured_media":89786,"comment_status":"open","ping_status":"closed","template":"","meta":[],"product_brand":[],"product_cat":[429,568],"product_tag":[1603],"class_list":{"0":"post-89804","1":"product","2":"type-product","3":"status-publish","4":"has-post-thumbnail","6":"product_cat-kasitoo-tarvikud","7":"product_cat-muud-tarvikud","8":"product_tag-kangas","9":"pa_special-features-kangadetailid","11":"first","12":"instock","13":"taxable","14":"shipping-taxable","15":"purchasable","16":"product-type-simple"},"yoast_head":"<!-- This site is optimized with the Yoast SEO plugin v27.3 - https:\/\/yoast.com\/product\/yoast-seo-wordpress\/ -->\n<title>Puuvillane kangas komplekt 2 | lilleliis<\/title>\n<meta name=\"robots\" content=\"index, follow, max-snippet:-1, max-image-preview:large, max-video-preview:-1\" \/>\n<link rel=\"canonical\" href=\"https:\/\/www.lilleliis.com\/et\/toode\/puuvillane-kangas-komplekt-2\/\" \/>\n<meta property=\"og:locale\" content=\"et_EE\" \/>\n<meta property=\"og:type\" content=\"article\" \/>\n<meta property=\"og:title\" content=\"Puuvillane kangas komplekt 2 | lilleliis\" \/>\n<meta property=\"og:description\" content=\"Oh, mis \u00e4gedad mustrid! Puuvillane kangas sobib ideaalselt heegeldatud m\u00e4nguasjadele lisamiseks. \u00d5mble lapikesi k\u00f5rvadele, taldadele v\u00f5i k\u00f5hule.  Kangast on just parasjagu nii palju, et enne, kui j\u00f5uad mustrist \u00e4ra v\u00e4sida, saabki see otsa.  Komplekt sisaldab 5 erimustrilist kangat\u00fckki suurusega 25 x 25 cm.\" \/>\n<meta property=\"og:url\" content=\"https:\/\/www.lilleliis.com\/et\/toode\/puuvillane-kangas-komplekt-2\/\" \/>\n<meta property=\"og:site_name\" content=\"lilleliis\" \/>\n<meta property=\"article:publisher\" content=\"https:\/\/www.facebook.com\/lilleliis-283266335035799\/\" \/>\n<meta property=\"article:modified_time\" content=\"2026-04-06T14:30:13+00:00\" \/>\n<meta property=\"og:image\" content=\"https:\/\/www.lilleliis.com\/wp-content\/uploads\/2023\/04\/puuvillane-kangas-8.jpg\" \/>\n\t<meta property=\"og:image:width\" content=\"1500\" \/>\n\t<meta property=\"og:image:height\" content=\"1000\" \/>\n\t<meta property=\"og:image:type\" content=\"image\/jpeg\" \/>\n<meta name=\"twitter:card\" content=\"summary_large_image\" \/>\n<meta name=\"twitter:label1\" content=\"Est. reading time\" \/>\n\t<meta name=\"twitter:data1\" content=\"1 minute\" \/>\n<script type=\"application\/ld+json\" class=\"yoast-schema-graph\">{\"@context\":\"https:\\\/\\\/schema.org\",\"@graph\":[{\"@type\":\"WebPage\",\"@id\":\"https:\\\/\\\/www.lilleliis.com\\\/et\\\/toode\\\/puuvillane-kangas-komplekt-2\\\/\",\"url\":\"https:\\\/\\\/www.lilleliis.com\\\/et\\\/toode\\\/puuvillane-kangas-komplekt-2\\\/\",\"name\":\"Puuvillane kangas komplekt 2 | lilleliis\",\"isPartOf\":{\"@id\":\"https:\\\/\\\/www.lilleliis.com\\\/et\\\/#website\"},\"primaryImageOfPage\":{\"@id\":\"https:\\\/\\\/www.lilleliis.com\\\/et\\\/toode\\\/puuvillane-kangas-komplekt-2\\\/#primaryimage\"},\"image\":{\"@id\":\"https:\\\/\\\/www.lilleliis.com\\\/et\\\/toode\\\/puuvillane-kangas-komplekt-2\\\/#primaryimage\"},\"thumbnailUrl\":\"https:\\\/\\\/www.lilleliis.com\\\/wp-content\\\/uploads\\\/2023\\\/04\\\/puuvillane-kangas-8.jpg\",\"datePublished\":\"2025-08-11T12:56:58+00:00\",\"dateModified\":\"2026-04-06T14:30:13+00:00\",\"breadcrumb\":{\"@id\":\"https:\\\/\\\/www.lilleliis.com\\\/et\\\/toode\\\/puuvillane-kangas-komplekt-2\\\/#breadcrumb\"},\"inLanguage\":\"et\",\"potentialAction\":[{\"@type\":\"ReadAction\",\"target\":[\"https:\\\/\\\/www.lilleliis.com\\\/et\\\/toode\\\/puuvillane-kangas-komplekt-2\\\/\"]}]},{\"@type\":\"ImageObject\",\"inLanguage\":\"et\",\"@id\":\"https:\\\/\\\/www.lilleliis.com\\\/et\\\/toode\\\/puuvillane-kangas-komplekt-2\\\/#primaryimage\",\"url\":\"https:\\\/\\\/www.lilleliis.com\\\/wp-content\\\/uploads\\\/2023\\\/04\\\/puuvillane-kangas-8.jpg\",\"contentUrl\":\"https:\\\/\\\/www.lilleliis.com\\\/wp-content\\\/uploads\\\/2023\\\/04\\\/puuvillane-kangas-8.jpg\",\"width\":1500,\"height\":1000,\"caption\":\"puuvillane kangas\"},{\"@type\":\"BreadcrumbList\",\"@id\":\"https:\\\/\\\/www.lilleliis.com\\\/et\\\/toode\\\/puuvillane-kangas-komplekt-2\\\/#breadcrumb\",\"itemListElement\":[{\"@type\":\"ListItem\",\"position\":1,\"name\":\"Home\",\"item\":\"https:\\\/\\\/www.lilleliis.com\\\/et\\\/\"},{\"@type\":\"ListItem\",\"position\":2,\"name\":\"Pood\",\"item\":\"https:\\\/\\\/www.lilleliis.com\\\/et\\\/shop\\\/\"},{\"@type\":\"ListItem\",\"position\":3,\"name\":\"Puuvillane kangas komplekt 2\"}]},{\"@type\":\"WebSite\",\"@id\":\"https:\\\/\\\/www.lilleliis.com\\\/et\\\/#website\",\"url\":\"https:\\\/\\\/www.lilleliis.com\\\/et\\\/\",\"name\":\"lilleliis\",\"description\":\"Amigurumi m\u00e4nguasjad ja mustrid\",\"potentialAction\":[{\"@type\":\"SearchAction\",\"target\":{\"@type\":\"EntryPoint\",\"urlTemplate\":\"https:\\\/\\\/www.lilleliis.com\\\/et\\\/?s={search_term_string}\"},\"query-input\":{\"@type\":\"PropertyValueSpecification\",\"valueRequired\":true,\"valueName\":\"search_term_string\"}}],\"inLanguage\":\"et\"}]}<\/script>\n<!-- \/ Yoast SEO plugin. -->","yoast_head_json":{"title":"Puuvillane kangas komplekt 2 | lilleliis","robots":{"index":"index","follow":"follow","max-snippet":"max-snippet:-1","max-image-preview":"max-image-preview:large","max-video-preview":"max-video-preview:-1"},"canonical":"https:\/\/www.lilleliis.com\/et\/toode\/puuvillane-kangas-komplekt-2\/","og_locale":"et_EE","og_type":"article","og_title":"Puuvillane kangas komplekt 2 | lilleliis","og_description":"Oh, mis \u00e4gedad mustrid! Puuvillane kangas sobib ideaalselt heegeldatud m\u00e4nguasjadele lisamiseks. \u00d5mble lapikesi k\u00f5rvadele, taldadele v\u00f5i k\u00f5hule.  Kangast on just parasjagu nii palju, et enne, kui j\u00f5uad mustrist \u00e4ra v\u00e4sida, saabki see otsa.  Komplekt sisaldab 5 erimustrilist kangat\u00fckki suurusega 25 x 25 cm.","og_url":"https:\/\/www.lilleliis.com\/et\/toode\/puuvillane-kangas-komplekt-2\/","og_site_name":"lilleliis","article_publisher":"https:\/\/www.facebook.com\/lilleliis-283266335035799\/","article_modified_time":"2026-04-06T14:30:13+00:00","og_image":[{"width":1500,"height":1000,"url":"https:\/\/www.lilleliis.com\/wp-content\/uploads\/2023\/04\/puuvillane-kangas-8.jpg","type":"image\/jpeg"}],"twitter_card":"summary_large_image","twitter_misc":{"Est. reading time":"1 minute"},"schema":{"@context":"https:\/\/schema.org","@graph":[{"@type":"WebPage","@id":"https:\/\/www.lilleliis.com\/et\/toode\/puuvillane-kangas-komplekt-2\/","url":"https:\/\/www.lilleliis.com\/et\/toode\/puuvillane-kangas-komplekt-2\/","name":"Puuvillane kangas komplekt 2 | lilleliis","isPartOf":{"@id":"https:\/\/www.lilleliis.com\/et\/#website"},"primaryImageOfPage":{"@id":"https:\/\/www.lilleliis.com\/et\/toode\/puuvillane-kangas-komplekt-2\/#primaryimage"},"image":{"@id":"https:\/\/www.lilleliis.com\/et\/toode\/puuvillane-kangas-komplekt-2\/#primaryimage"},"thumbnailUrl":"https:\/\/www.lilleliis.com\/wp-content\/uploads\/2023\/04\/puuvillane-kangas-8.jpg","datePublished":"2025-08-11T12:56:58+00:00","dateModified":"2026-04-06T14:30:13+00:00","breadcrumb":{"@id":"https:\/\/www.lilleliis.com\/et\/toode\/puuvillane-kangas-komplekt-2\/#breadcrumb"},"inLanguage":"et","potentialAction":[{"@type":"ReadAction","target":["https:\/\/www.lilleliis.com\/et\/toode\/puuvillane-kangas-komplekt-2\/"]}]},{"@type":"ImageObject","inLanguage":"et","@id":"https:\/\/www.lilleliis.com\/et\/toode\/puuvillane-kangas-komplekt-2\/#primaryimage","url":"https:\/\/www.lilleliis.com\/wp-content\/uploads\/2023\/04\/puuvillane-kangas-8.jpg","contentUrl":"https:\/\/www.lilleliis.com\/wp-content\/uploads\/2023\/04\/puuvillane-kangas-8.jpg","width":1500,"height":1000,"caption":"puuvillane kangas"},{"@type":"BreadcrumbList","@id":"https:\/\/www.lilleliis.com\/et\/toode\/puuvillane-kangas-komplekt-2\/#breadcrumb","itemListElement":[{"@type":"ListItem","position":1,"name":"Home","item":"https:\/\/www.lilleliis.com\/et\/"},{"@type":"ListItem","position":2,"name":"Pood","item":"https:\/\/www.lilleliis.com\/et\/shop\/"},{"@type":"ListItem","position":3,"name":"Puuvillane kangas komplekt 2"}]},{"@type":"WebSite","@id":"https:\/\/www.lilleliis.com\/et\/#website","url":"https:\/\/www.lilleliis.com\/et\/","name":"lilleliis","description":"Amigurumi m\u00e4nguasjad ja mustrid","potentialAction":[{"@type":"SearchAction","target":{"@type":"EntryPoint","urlTemplate":"https:\/\/www.lilleliis.com\/et\/?s={search_term_string}"},"query-input":{"@type":"PropertyValueSpecification","valueRequired":true,"valueName":"search_term_string"}}],"inLanguage":"et"}]}},"_links":{"self":[{"href":"https:\/\/www.lilleliis.com\/et\/wp-json\/wp\/v2\/product\/89804","targetHints":{"allow":["GET"]}}],"collection":[{"href":"https:\/\/www.lilleliis.com\/et\/wp-json\/wp\/v2\/product"}],"about":[{"href":"https:\/\/www.lilleliis.com\/et\/wp-json\/wp\/v2\/types\/product"}],"replies":[{"embeddable":true,"href":"https:\/\/www.lilleliis.com\/et\/wp-json\/wp\/v2\/comments?post=89804"}],"wp:featuredmedia":[{"embeddable":true,"href":"https:\/\/www.lilleliis.com\/et\/wp-json\/wp\/v2\/media\/89786"}],"wp:attachment":[{"href":"https:\/\/www.lilleliis.com\/et\/wp-json\/wp\/v2\/media?parent=89804"}],"wp:term":[{"taxonomy":"product_brand","embeddable":true,"href":"https:\/\/www.lilleliis.com\/et\/wp-json\/wp\/v2\/product_brand?post=89804"},{"taxonomy":"product_cat","embeddable":true,"href":"https:\/\/www.lilleliis.com\/et\/wp-json\/wp\/v2\/product_cat?post=89804"},{"taxonomy":"product_tag","embeddable":true,"href":"https:\/\/www.lilleliis.com\/et\/wp-json\/wp\/v2\/product_tag?post=89804"}],"curies":[{"name":"wp","href":"https:\/\/api.w.org\/{rel}","templated":true}]}}