{"id":89806,"date":"2025-05-07T14:00:59","date_gmt":"2025-05-07T11:00:59","guid":{"rendered":"https:\/\/www.lilleliis.com\/?post_type=product&#038;p=89806"},"modified":"2026-02-10T15:46:27","modified_gmt":"2026-02-10T13:46:27","slug":"puuvillane-kangas-komplekt-3","status":"publish","type":"product","link":"https:\/\/www.lilleliis.com\/et\/toode\/puuvillane-kangas-komplekt-3\/","title":{"rendered":"Puuvillane kangas komplekt 3"},"content":{"rendered":null,"protected":false},"excerpt":{"rendered":"<p>Oh, mis \u00e4gedad mustrid! Puuvillane kangas sobib ideaalselt heegeldatud m\u00e4nguasjadele lisamiseks. \u00d5mble lapikesi k\u00f5rvadele, taldadele v\u00f5i k\u00f5hule.<\/p>\n<p>Kangast on just parasjagu nii palju, et enne, kui j\u00f5uad mustrist \u00e4ra v\u00e4sida, saabki see otsa.<\/p>\n<p>Komplekt sisaldab 5 erimustrilist kangat\u00fckki suurusega 25 x 25 cm.<\/p>\n<hr \/>\n<p><span data-text-color=\"primary\">SUURUS JA MATERJAL<\/span><\/p>\n<p>Kangat\u00fcki suurus: 25 x 25 cm<\/p>\n<p>V\u00e4rv: 5 erinevat mustrit<\/p>\n<p>Materjal: 100% puuvill<\/p>\n<hr \/>\n<p><span data-text-color=\"primary\">KUIDAS KASUTADA<\/span><\/p>\n<p>Kuidas kangast heegeldatud m\u00e4nguasjadele \u00f5mmelda, saad l\u00e4hemalt lugeda <a href=\"https:\/\/www.lilleliis.com\/et\/kanga-lisamine-amigurumi-manguasjadele\/\" target=\"_blank\" rel=\"noopener\">siit<\/a>.<\/p>\n","protected":false},"featured_media":89778,"comment_status":"open","ping_status":"closed","template":"","meta":[],"product_brand":[],"product_cat":[429],"product_tag":[1603],"class_list":{"0":"post-89806","1":"product","2":"type-product","3":"status-publish","4":"has-post-thumbnail","6":"product_cat-kasitoo-tarvikud","7":"product_tag-kangas","9":"first","10":"instock","11":"taxable","12":"shipping-taxable","13":"purchasable","14":"product-type-simple"},"yoast_head":"<!-- This site is optimized with the Yoast SEO plugin v27.3 - https:\/\/yoast.com\/product\/yoast-seo-wordpress\/ -->\n<title>Puuvillane kangas komplekt 3 | lilleliis<\/title>\n<meta name=\"robots\" content=\"index, follow, max-snippet:-1, max-image-preview:large, max-video-preview:-1\" \/>\n<link rel=\"canonical\" href=\"https:\/\/www.lilleliis.com\/et\/toode\/puuvillane-kangas-komplekt-3\/\" \/>\n<meta property=\"og:locale\" content=\"et_EE\" \/>\n<meta property=\"og:type\" content=\"article\" \/>\n<meta property=\"og:title\" content=\"Puuvillane kangas komplekt 3 | lilleliis\" \/>\n<meta property=\"og:description\" content=\"Oh, mis \u00e4gedad mustrid! Puuvillane kangas sobib ideaalselt heegeldatud m\u00e4nguasjadele lisamiseks. \u00d5mble lapikesi k\u00f5rvadele, taldadele v\u00f5i k\u00f5hule.  Kangast on just parasjagu nii palju, et enne, kui j\u00f5uad mustrist \u00e4ra v\u00e4sida, saabki see otsa.  Komplekt sisaldab 5 erimustrilist kangat\u00fckki suurusega 25 x 25 cm.    SUURUS JA MATERJAL  Kangat\u00fcki suurus: 25 x 25 cm  V\u00e4rv: 5 erinevat mustrit  Materjal: 100% puuvill    KUIDAS KASUTADA  Kuidas kangast heegeldatud m\u00e4nguasjadele \u00f5mmelda, saad l\u00e4hemalt lugeda siit.\" \/>\n<meta property=\"og:url\" content=\"https:\/\/www.lilleliis.com\/et\/toode\/puuvillane-kangas-komplekt-3\/\" \/>\n<meta property=\"og:site_name\" content=\"lilleliis\" \/>\n<meta property=\"article:publisher\" content=\"https:\/\/www.facebook.com\/lilleliis-283266335035799\/\" \/>\n<meta property=\"article:modified_time\" content=\"2026-02-10T13:46:27+00:00\" \/>\n<meta property=\"og:image\" content=\"https:\/\/www.lilleliis.com\/wp-content\/uploads\/2023\/04\/puuvillane-kangas-4.jpg\" \/>\n\t<meta property=\"og:image:width\" content=\"1500\" \/>\n\t<meta property=\"og:image:height\" content=\"1000\" \/>\n\t<meta property=\"og:image:type\" content=\"image\/jpeg\" \/>\n<meta name=\"twitter:card\" content=\"summary_large_image\" \/>\n<script type=\"application\/ld+json\" class=\"yoast-schema-graph\">{\"@context\":\"https:\\\/\\\/schema.org\",\"@graph\":[{\"@type\":\"WebPage\",\"@id\":\"https:\\\/\\\/www.lilleliis.com\\\/et\\\/toode\\\/puuvillane-kangas-komplekt-3\\\/\",\"url\":\"https:\\\/\\\/www.lilleliis.com\\\/et\\\/toode\\\/puuvillane-kangas-komplekt-3\\\/\",\"name\":\"Puuvillane kangas komplekt 3 | lilleliis\",\"isPartOf\":{\"@id\":\"https:\\\/\\\/www.lilleliis.com\\\/et\\\/#website\"},\"primaryImageOfPage\":{\"@id\":\"https:\\\/\\\/www.lilleliis.com\\\/et\\\/toode\\\/puuvillane-kangas-komplekt-3\\\/#primaryimage\"},\"image\":{\"@id\":\"https:\\\/\\\/www.lilleliis.com\\\/et\\\/toode\\\/puuvillane-kangas-komplekt-3\\\/#primaryimage\"},\"thumbnailUrl\":\"https:\\\/\\\/www.lilleliis.com\\\/wp-content\\\/uploads\\\/2023\\\/04\\\/puuvillane-kangas-4.jpg\",\"datePublished\":\"2025-05-07T11:00:59+00:00\",\"dateModified\":\"2026-02-10T13:46:27+00:00\",\"breadcrumb\":{\"@id\":\"https:\\\/\\\/www.lilleliis.com\\\/et\\\/toode\\\/puuvillane-kangas-komplekt-3\\\/#breadcrumb\"},\"inLanguage\":\"et\",\"potentialAction\":[{\"@type\":\"ReadAction\",\"target\":[\"https:\\\/\\\/www.lilleliis.com\\\/et\\\/toode\\\/puuvillane-kangas-komplekt-3\\\/\"]}]},{\"@type\":\"ImageObject\",\"inLanguage\":\"et\",\"@id\":\"https:\\\/\\\/www.lilleliis.com\\\/et\\\/toode\\\/puuvillane-kangas-komplekt-3\\\/#primaryimage\",\"url\":\"https:\\\/\\\/www.lilleliis.com\\\/wp-content\\\/uploads\\\/2023\\\/04\\\/puuvillane-kangas-4.jpg\",\"contentUrl\":\"https:\\\/\\\/www.lilleliis.com\\\/wp-content\\\/uploads\\\/2023\\\/04\\\/puuvillane-kangas-4.jpg\",\"width\":1500,\"height\":1000,\"caption\":\"puuvillane kangas\"},{\"@type\":\"BreadcrumbList\",\"@id\":\"https:\\\/\\\/www.lilleliis.com\\\/et\\\/toode\\\/puuvillane-kangas-komplekt-3\\\/#breadcrumb\",\"itemListElement\":[{\"@type\":\"ListItem\",\"position\":1,\"name\":\"Home\",\"item\":\"https:\\\/\\\/www.lilleliis.com\\\/et\\\/\"},{\"@type\":\"ListItem\",\"position\":2,\"name\":\"Pood\",\"item\":\"https:\\\/\\\/www.lilleliis.com\\\/et\\\/shop\\\/\"},{\"@type\":\"ListItem\",\"position\":3,\"name\":\"Puuvillane kangas komplekt 3\"}]},{\"@type\":\"WebSite\",\"@id\":\"https:\\\/\\\/www.lilleliis.com\\\/et\\\/#website\",\"url\":\"https:\\\/\\\/www.lilleliis.com\\\/et\\\/\",\"name\":\"lilleliis\",\"description\":\"Amigurumi m\u00e4nguasjad ja mustrid\",\"potentialAction\":[{\"@type\":\"SearchAction\",\"target\":{\"@type\":\"EntryPoint\",\"urlTemplate\":\"https:\\\/\\\/www.lilleliis.com\\\/et\\\/?s={search_term_string}\"},\"query-input\":{\"@type\":\"PropertyValueSpecification\",\"valueRequired\":true,\"valueName\":\"search_term_string\"}}],\"inLanguage\":\"et\"}]}<\/script>\n<!-- \/ Yoast SEO plugin. -->","yoast_head_json":{"title":"Puuvillane kangas komplekt 3 | lilleliis","robots":{"index":"index","follow":"follow","max-snippet":"max-snippet:-1","max-image-preview":"max-image-preview:large","max-video-preview":"max-video-preview:-1"},"canonical":"https:\/\/www.lilleliis.com\/et\/toode\/puuvillane-kangas-komplekt-3\/","og_locale":"et_EE","og_type":"article","og_title":"Puuvillane kangas komplekt 3 | lilleliis","og_description":"Oh, mis \u00e4gedad mustrid! Puuvillane kangas sobib ideaalselt heegeldatud m\u00e4nguasjadele lisamiseks. \u00d5mble lapikesi k\u00f5rvadele, taldadele v\u00f5i k\u00f5hule.  Kangast on just parasjagu nii palju, et enne, kui j\u00f5uad mustrist \u00e4ra v\u00e4sida, saabki see otsa.  Komplekt sisaldab 5 erimustrilist kangat\u00fckki suurusega 25 x 25 cm.    SUURUS JA MATERJAL  Kangat\u00fcki suurus: 25 x 25 cm  V\u00e4rv: 5 erinevat mustrit  Materjal: 100% puuvill    KUIDAS KASUTADA  Kuidas kangast heegeldatud m\u00e4nguasjadele \u00f5mmelda, saad l\u00e4hemalt lugeda siit.","og_url":"https:\/\/www.lilleliis.com\/et\/toode\/puuvillane-kangas-komplekt-3\/","og_site_name":"lilleliis","article_publisher":"https:\/\/www.facebook.com\/lilleliis-283266335035799\/","article_modified_time":"2026-02-10T13:46:27+00:00","og_image":[{"width":1500,"height":1000,"url":"https:\/\/www.lilleliis.com\/wp-content\/uploads\/2023\/04\/puuvillane-kangas-4.jpg","type":"image\/jpeg"}],"twitter_card":"summary_large_image","schema":{"@context":"https:\/\/schema.org","@graph":[{"@type":"WebPage","@id":"https:\/\/www.lilleliis.com\/et\/toode\/puuvillane-kangas-komplekt-3\/","url":"https:\/\/www.lilleliis.com\/et\/toode\/puuvillane-kangas-komplekt-3\/","name":"Puuvillane kangas komplekt 3 | lilleliis","isPartOf":{"@id":"https:\/\/www.lilleliis.com\/et\/#website"},"primaryImageOfPage":{"@id":"https:\/\/www.lilleliis.com\/et\/toode\/puuvillane-kangas-komplekt-3\/#primaryimage"},"image":{"@id":"https:\/\/www.lilleliis.com\/et\/toode\/puuvillane-kangas-komplekt-3\/#primaryimage"},"thumbnailUrl":"https:\/\/www.lilleliis.com\/wp-content\/uploads\/2023\/04\/puuvillane-kangas-4.jpg","datePublished":"2025-05-07T11:00:59+00:00","dateModified":"2026-02-10T13:46:27+00:00","breadcrumb":{"@id":"https:\/\/www.lilleliis.com\/et\/toode\/puuvillane-kangas-komplekt-3\/#breadcrumb"},"inLanguage":"et","potentialAction":[{"@type":"ReadAction","target":["https:\/\/www.lilleliis.com\/et\/toode\/puuvillane-kangas-komplekt-3\/"]}]},{"@type":"ImageObject","inLanguage":"et","@id":"https:\/\/www.lilleliis.com\/et\/toode\/puuvillane-kangas-komplekt-3\/#primaryimage","url":"https:\/\/www.lilleliis.com\/wp-content\/uploads\/2023\/04\/puuvillane-kangas-4.jpg","contentUrl":"https:\/\/www.lilleliis.com\/wp-content\/uploads\/2023\/04\/puuvillane-kangas-4.jpg","width":1500,"height":1000,"caption":"puuvillane kangas"},{"@type":"BreadcrumbList","@id":"https:\/\/www.lilleliis.com\/et\/toode\/puuvillane-kangas-komplekt-3\/#breadcrumb","itemListElement":[{"@type":"ListItem","position":1,"name":"Home","item":"https:\/\/www.lilleliis.com\/et\/"},{"@type":"ListItem","position":2,"name":"Pood","item":"https:\/\/www.lilleliis.com\/et\/shop\/"},{"@type":"ListItem","position":3,"name":"Puuvillane kangas komplekt 3"}]},{"@type":"WebSite","@id":"https:\/\/www.lilleliis.com\/et\/#website","url":"https:\/\/www.lilleliis.com\/et\/","name":"lilleliis","description":"Amigurumi m\u00e4nguasjad ja mustrid","potentialAction":[{"@type":"SearchAction","target":{"@type":"EntryPoint","urlTemplate":"https:\/\/www.lilleliis.com\/et\/?s={search_term_string}"},"query-input":{"@type":"PropertyValueSpecification","valueRequired":true,"valueName":"search_term_string"}}],"inLanguage":"et"}]}},"_links":{"self":[{"href":"https:\/\/www.lilleliis.com\/et\/wp-json\/wp\/v2\/product\/89806","targetHints":{"allow":["GET"]}}],"collection":[{"href":"https:\/\/www.lilleliis.com\/et\/wp-json\/wp\/v2\/product"}],"about":[{"href":"https:\/\/www.lilleliis.com\/et\/wp-json\/wp\/v2\/types\/product"}],"replies":[{"embeddable":true,"href":"https:\/\/www.lilleliis.com\/et\/wp-json\/wp\/v2\/comments?post=89806"}],"wp:featuredmedia":[{"embeddable":true,"href":"https:\/\/www.lilleliis.com\/et\/wp-json\/wp\/v2\/media\/89778"}],"wp:attachment":[{"href":"https:\/\/www.lilleliis.com\/et\/wp-json\/wp\/v2\/media?parent=89806"}],"wp:term":[{"taxonomy":"product_brand","embeddable":true,"href":"https:\/\/www.lilleliis.com\/et\/wp-json\/wp\/v2\/product_brand?post=89806"},{"taxonomy":"product_cat","embeddable":true,"href":"https:\/\/www.lilleliis.com\/et\/wp-json\/wp\/v2\/product_cat?post=89806"},{"taxonomy":"product_tag","embeddable":true,"href":"https:\/\/www.lilleliis.com\/et\/wp-json\/wp\/v2\/product_tag?post=89806"}],"curies":[{"name":"wp","href":"https:\/\/api.w.org\/{rel}","templated":true}]}}