{"id":90263,"date":"2025-11-14T15:09:27","date_gmt":"2025-11-14T13:09:27","guid":{"rendered":"https:\/\/www.lilleliis.com\/?post_type=product&#038;p=90263"},"modified":"2026-05-06T13:20:37","modified_gmt":"2026-05-06T10:20:37","slug":"schachenmayr-catania","status":"publish","type":"product","link":"https:\/\/www.lilleliis.com\/et\/toode\/schachenmayr-catania\/","title":{"rendered":"Schachenmayr Catania &#8211; puuvillane l\u00f5ng 162 caffee &#8211; 50 g \/ 125 m &#8211; L\u00d5PUM\u00dc\u00dcK"},"content":{"rendered":"<p>Schachenmayr Catania on v\u00e4ga paljude heegeldajate poolt armastatud puuvillane l\u00f5ng amigurumi m\u00e4nguasjade valmistamiseks. See on naturaalne merseriseeritud l\u00f5ng, millel on ilus l\u00e4ige. \u00dchtlane ja hea vormi hoidvusega baasl\u00f5ng.<\/p>\n<p>Heegeldajad hindavad k\u00f5rgelt selle l\u00f5nga siledat tekstuuri ja kaunist l\u00e4iget. Kiidetakse taevani head vastupidavust nii kasutamisele kui ka pesemisele. Tuuakse v\u00e4lja asjaolu, et Catania ei muutu topiliselt ei heegeldamise ajal ega ka hiljem kasutades.<\/p>\n<h3>Lilleliis soovitab:<\/h3>\n<ul>\n<li>V\u00e4ga hea baasl\u00f5ng paljudeks heegeldamise projektideks nagu m\u00e4nguasjad, laste m\u00fctsid, suvised riided jpm.<\/li>\n<li>Kuna analoogset l\u00f5nga on mitmetel tootjatel\u00a0(Scheepjes Catona, Gr\u00fcndl Cotton Quick, Katia Capri, G-B Wolle Carina), siis saab seda edukalt kombineerida.<\/li>\n<li>Amigurumi valmistamisel kasuta 2 v\u00f5i 2,5 mm heegeln\u00f5ela.<\/li>\n<\/ul>\n<div class=\"is-divider divider clearfix\" ><\/div>\n<h3>Suurus ja materjal<\/h3>\n<p>L\u00f5nga j\u00e4medus: 50g \/ 125m (sport, 5 ply)<\/p>\n<p>Materjal: 100% merseriseeritud puuvill<\/p>\n<p>Tootja: Saksamaa (valmistatakse Ungari tehases)<\/p>\n<div class=\"is-divider divider clearfix\" ><\/div>\n<h3>Oeco-tex standard 100 sertifikaat<\/h3>\n<p>Schachenmayr Catania on toodetud rangete Euroopa Liidu eeskirjade j\u00e4rgi tootja tehases Ungaris ja sertifitseeritud OEKO-TEX Standard 100, tooteklass 1 sertifikaadiga. Tooteklass 1 sertifikaatidel on rangeimad kriteeriumid, mist\u00f5ttu sobib Catania l\u00f5ng ka beebide ja v\u00e4ikelaste tekkide, riiete ja m\u00e4nguasjade tegemiseks. Lisaks on Catania l\u00f5ngale tehtud eraldi laboritestid (Euroopa standardid DIN EN71-3) mis kinnitab, et l\u00f5ng on sobilik m\u00e4nguasjade tootmiseks.<\/p>\n<div class=\"is-divider divider clearfix\" ><\/div>\n<h3>Kuidas l\u00f5nga hooldada<\/h3>\n<p>K\u00e4sipesu, max 40\u00b0C \/ kuivata tasapinnal<\/p>\n","protected":false},"excerpt":{"rendered":"<p>Catania l\u00f5nga l\u00f5pum\u00fc\u00fck &#8211; saadaval viimased tokid toonis 162 Caffee. Catania on \u00fcle maailma armastatud kvaliteetne puuvillane baasl\u00f5ng heegeldamiseks ja kudumiseks.<\/p>\n","protected":false},"featured_media":90860,"comment_status":"open","ping_status":"closed","template":"","meta":[],"product_brand":[1569],"product_cat":[708,429],"product_tag":[1590],"class_list":{"0":"post-90263","1":"product","2":"type-product","3":"status-publish","4":"has-post-thumbnail","6":"product_brand-schachenmayr","7":"product_cat-longad","8":"product_cat-kasitoo-tarvikud","9":"product_tag-puuvillased-longad","10":"pa_yarn-weight-sport-5-ply","12":"first","13":"outofstock","14":"sale","15":"taxable","16":"shipping-taxable","17":"purchasable","18":"product-type-simple"},"yoast_head":"<!-- This site is optimized with the Yoast SEO plugin v27.3 - https:\/\/yoast.com\/product\/yoast-seo-wordpress\/ -->\n<title>Schachenmayr Catania - puuvillane l\u00f5ng 162 caffee - 50 g \/ 125 m - L\u00d5PUM\u00dc\u00dcK | 100% puuvillane l\u00f5ng<\/title>\n<meta name=\"description\" content=\"Schachenmayr Catania puuvillane l\u00f5ng on paljude heegeldajate poolt armastatud Oeco-Tex sertifikaadiga l\u00f5ng erinevateks heegeldamise projektideks.\" \/>\n<meta name=\"robots\" content=\"index, follow, max-snippet:-1, max-image-preview:large, max-video-preview:-1\" \/>\n<link rel=\"canonical\" href=\"https:\/\/www.lilleliis.com\/et\/toode\/schachenmayr-catania\/\" \/>\n<meta property=\"og:locale\" content=\"et_EE\" \/>\n<meta property=\"og:type\" content=\"article\" \/>\n<meta property=\"og:title\" content=\"Schachenmayr Catania - puuvillane l\u00f5ng 162 caffee - 50 g \/ 125 m - L\u00d5PUM\u00dc\u00dcK | 100% puuvillane l\u00f5ng\" \/>\n<meta property=\"og:description\" content=\"Schachenmayr Catania puuvillane l\u00f5ng on paljude heegeldajate poolt armastatud Oeco-Tex sertifikaadiga l\u00f5ng erinevateks heegeldamise projektideks.\" \/>\n<meta property=\"og:url\" content=\"https:\/\/www.lilleliis.com\/et\/toode\/schachenmayr-catania\/\" \/>\n<meta property=\"og:site_name\" content=\"lilleliis\" \/>\n<meta property=\"article:publisher\" content=\"https:\/\/www.facebook.com\/lilleliis-283266335035799\/\" \/>\n<meta property=\"article:modified_time\" content=\"2026-05-06T10:20:37+00:00\" \/>\n<meta property=\"og:image\" content=\"https:\/\/www.lilleliis.com\/wp-content\/uploads\/2023\/04\/Schachenmayr-Catania-00162-caffee-1.jpg\" \/>\n\t<meta property=\"og:image:width\" content=\"864\" \/>\n\t<meta property=\"og:image:height\" content=\"864\" \/>\n\t<meta property=\"og:image:type\" content=\"image\/jpeg\" \/>\n<meta name=\"twitter:card\" content=\"summary_large_image\" \/>\n<meta name=\"twitter:label1\" content=\"Est. reading time\" \/>\n\t<meta name=\"twitter:data1\" content=\"2 minutes\" \/>\n<script type=\"application\/ld+json\" class=\"yoast-schema-graph\">{\"@context\":\"https:\\\/\\\/schema.org\",\"@graph\":[{\"@type\":\"WebPage\",\"@id\":\"https:\\\/\\\/www.lilleliis.com\\\/et\\\/toode\\\/schachenmayr-catania\\\/\",\"url\":\"https:\\\/\\\/www.lilleliis.com\\\/et\\\/toode\\\/schachenmayr-catania\\\/\",\"name\":\"Schachenmayr Catania - puuvillane l\u00f5ng 162 caffee - 50 g \\\/ 125 m - L\u00d5PUM\u00dc\u00dcK | 100% puuvillane l\u00f5ng\",\"isPartOf\":{\"@id\":\"https:\\\/\\\/www.lilleliis.com\\\/et\\\/#website\"},\"primaryImageOfPage\":{\"@id\":\"https:\\\/\\\/www.lilleliis.com\\\/et\\\/toode\\\/schachenmayr-catania\\\/#primaryimage\"},\"image\":{\"@id\":\"https:\\\/\\\/www.lilleliis.com\\\/et\\\/toode\\\/schachenmayr-catania\\\/#primaryimage\"},\"thumbnailUrl\":\"https:\\\/\\\/www.lilleliis.com\\\/wp-content\\\/uploads\\\/2023\\\/04\\\/Schachenmayr-Catania-00162-caffee-1.jpg\",\"datePublished\":\"2025-11-14T13:09:27+00:00\",\"dateModified\":\"2026-05-06T10:20:37+00:00\",\"description\":\"Schachenmayr Catania puuvillane l\u00f5ng on paljude heegeldajate poolt armastatud Oeco-Tex sertifikaadiga l\u00f5ng erinevateks heegeldamise projektideks.\",\"breadcrumb\":{\"@id\":\"https:\\\/\\\/www.lilleliis.com\\\/et\\\/toode\\\/schachenmayr-catania\\\/#breadcrumb\"},\"inLanguage\":\"et\",\"potentialAction\":[{\"@type\":\"ReadAction\",\"target\":[\"https:\\\/\\\/www.lilleliis.com\\\/et\\\/toode\\\/schachenmayr-catania\\\/\"]}]},{\"@type\":\"ImageObject\",\"inLanguage\":\"et\",\"@id\":\"https:\\\/\\\/www.lilleliis.com\\\/et\\\/toode\\\/schachenmayr-catania\\\/#primaryimage\",\"url\":\"https:\\\/\\\/www.lilleliis.com\\\/wp-content\\\/uploads\\\/2023\\\/04\\\/Schachenmayr-Catania-00162-caffee-1.jpg\",\"contentUrl\":\"https:\\\/\\\/www.lilleliis.com\\\/wp-content\\\/uploads\\\/2023\\\/04\\\/Schachenmayr-Catania-00162-caffee-1.jpg\",\"width\":864,\"height\":864,\"caption\":\"Schachenmayr Catania 00162 caffee\"},{\"@type\":\"BreadcrumbList\",\"@id\":\"https:\\\/\\\/www.lilleliis.com\\\/et\\\/toode\\\/schachenmayr-catania\\\/#breadcrumb\",\"itemListElement\":[{\"@type\":\"ListItem\",\"position\":1,\"name\":\"Home\",\"item\":\"https:\\\/\\\/www.lilleliis.com\\\/et\\\/\"},{\"@type\":\"ListItem\",\"position\":2,\"name\":\"Pood\",\"item\":\"https:\\\/\\\/www.lilleliis.com\\\/et\\\/shop\\\/\"},{\"@type\":\"ListItem\",\"position\":3,\"name\":\"Schachenmayr Catania &#8211; puuvillane l\u00f5ng 162 caffee &#8211; 50 g \\\/ 125 m &#8211; L\u00d5PUM\u00dc\u00dcK\"}]},{\"@type\":\"WebSite\",\"@id\":\"https:\\\/\\\/www.lilleliis.com\\\/et\\\/#website\",\"url\":\"https:\\\/\\\/www.lilleliis.com\\\/et\\\/\",\"name\":\"lilleliis\",\"description\":\"Amigurumi m\u00e4nguasjad ja mustrid\",\"potentialAction\":[{\"@type\":\"SearchAction\",\"target\":{\"@type\":\"EntryPoint\",\"urlTemplate\":\"https:\\\/\\\/www.lilleliis.com\\\/et\\\/?s={search_term_string}\"},\"query-input\":{\"@type\":\"PropertyValueSpecification\",\"valueRequired\":true,\"valueName\":\"search_term_string\"}}],\"inLanguage\":\"et\"}]}<\/script>\n<!-- \/ Yoast SEO plugin. -->","yoast_head_json":{"title":"Schachenmayr Catania - puuvillane l\u00f5ng 162 caffee - 50 g \/ 125 m - L\u00d5PUM\u00dc\u00dcK | 100% puuvillane l\u00f5ng","description":"Schachenmayr Catania puuvillane l\u00f5ng on paljude heegeldajate poolt armastatud Oeco-Tex sertifikaadiga l\u00f5ng erinevateks heegeldamise projektideks.","robots":{"index":"index","follow":"follow","max-snippet":"max-snippet:-1","max-image-preview":"max-image-preview:large","max-video-preview":"max-video-preview:-1"},"canonical":"https:\/\/www.lilleliis.com\/et\/toode\/schachenmayr-catania\/","og_locale":"et_EE","og_type":"article","og_title":"Schachenmayr Catania - puuvillane l\u00f5ng 162 caffee - 50 g \/ 125 m - L\u00d5PUM\u00dc\u00dcK | 100% puuvillane l\u00f5ng","og_description":"Schachenmayr Catania puuvillane l\u00f5ng on paljude heegeldajate poolt armastatud Oeco-Tex sertifikaadiga l\u00f5ng erinevateks heegeldamise projektideks.","og_url":"https:\/\/www.lilleliis.com\/et\/toode\/schachenmayr-catania\/","og_site_name":"lilleliis","article_publisher":"https:\/\/www.facebook.com\/lilleliis-283266335035799\/","article_modified_time":"2026-05-06T10:20:37+00:00","og_image":[{"width":864,"height":864,"url":"https:\/\/www.lilleliis.com\/wp-content\/uploads\/2023\/04\/Schachenmayr-Catania-00162-caffee-1.jpg","type":"image\/jpeg"}],"twitter_card":"summary_large_image","twitter_misc":{"Est. reading time":"2 minutes"},"schema":{"@context":"https:\/\/schema.org","@graph":[{"@type":"WebPage","@id":"https:\/\/www.lilleliis.com\/et\/toode\/schachenmayr-catania\/","url":"https:\/\/www.lilleliis.com\/et\/toode\/schachenmayr-catania\/","name":"Schachenmayr Catania - puuvillane l\u00f5ng 162 caffee - 50 g \/ 125 m - L\u00d5PUM\u00dc\u00dcK | 100% puuvillane l\u00f5ng","isPartOf":{"@id":"https:\/\/www.lilleliis.com\/et\/#website"},"primaryImageOfPage":{"@id":"https:\/\/www.lilleliis.com\/et\/toode\/schachenmayr-catania\/#primaryimage"},"image":{"@id":"https:\/\/www.lilleliis.com\/et\/toode\/schachenmayr-catania\/#primaryimage"},"thumbnailUrl":"https:\/\/www.lilleliis.com\/wp-content\/uploads\/2023\/04\/Schachenmayr-Catania-00162-caffee-1.jpg","datePublished":"2025-11-14T13:09:27+00:00","dateModified":"2026-05-06T10:20:37+00:00","description":"Schachenmayr Catania puuvillane l\u00f5ng on paljude heegeldajate poolt armastatud Oeco-Tex sertifikaadiga l\u00f5ng erinevateks heegeldamise projektideks.","breadcrumb":{"@id":"https:\/\/www.lilleliis.com\/et\/toode\/schachenmayr-catania\/#breadcrumb"},"inLanguage":"et","potentialAction":[{"@type":"ReadAction","target":["https:\/\/www.lilleliis.com\/et\/toode\/schachenmayr-catania\/"]}]},{"@type":"ImageObject","inLanguage":"et","@id":"https:\/\/www.lilleliis.com\/et\/toode\/schachenmayr-catania\/#primaryimage","url":"https:\/\/www.lilleliis.com\/wp-content\/uploads\/2023\/04\/Schachenmayr-Catania-00162-caffee-1.jpg","contentUrl":"https:\/\/www.lilleliis.com\/wp-content\/uploads\/2023\/04\/Schachenmayr-Catania-00162-caffee-1.jpg","width":864,"height":864,"caption":"Schachenmayr Catania 00162 caffee"},{"@type":"BreadcrumbList","@id":"https:\/\/www.lilleliis.com\/et\/toode\/schachenmayr-catania\/#breadcrumb","itemListElement":[{"@type":"ListItem","position":1,"name":"Home","item":"https:\/\/www.lilleliis.com\/et\/"},{"@type":"ListItem","position":2,"name":"Pood","item":"https:\/\/www.lilleliis.com\/et\/shop\/"},{"@type":"ListItem","position":3,"name":"Schachenmayr Catania &#8211; puuvillane l\u00f5ng 162 caffee &#8211; 50 g \/ 125 m &#8211; L\u00d5PUM\u00dc\u00dcK"}]},{"@type":"WebSite","@id":"https:\/\/www.lilleliis.com\/et\/#website","url":"https:\/\/www.lilleliis.com\/et\/","name":"lilleliis","description":"Amigurumi m\u00e4nguasjad ja mustrid","potentialAction":[{"@type":"SearchAction","target":{"@type":"EntryPoint","urlTemplate":"https:\/\/www.lilleliis.com\/et\/?s={search_term_string}"},"query-input":{"@type":"PropertyValueSpecification","valueRequired":true,"valueName":"search_term_string"}}],"inLanguage":"et"}]}},"_links":{"self":[{"href":"https:\/\/www.lilleliis.com\/et\/wp-json\/wp\/v2\/product\/90263","targetHints":{"allow":["GET"]}}],"collection":[{"href":"https:\/\/www.lilleliis.com\/et\/wp-json\/wp\/v2\/product"}],"about":[{"href":"https:\/\/www.lilleliis.com\/et\/wp-json\/wp\/v2\/types\/product"}],"replies":[{"embeddable":true,"href":"https:\/\/www.lilleliis.com\/et\/wp-json\/wp\/v2\/comments?post=90263"}],"wp:featuredmedia":[{"embeddable":true,"href":"https:\/\/www.lilleliis.com\/et\/wp-json\/wp\/v2\/media\/90860"}],"wp:attachment":[{"href":"https:\/\/www.lilleliis.com\/et\/wp-json\/wp\/v2\/media?parent=90263"}],"wp:term":[{"taxonomy":"product_brand","embeddable":true,"href":"https:\/\/www.lilleliis.com\/et\/wp-json\/wp\/v2\/product_brand?post=90263"},{"taxonomy":"product_cat","embeddable":true,"href":"https:\/\/www.lilleliis.com\/et\/wp-json\/wp\/v2\/product_cat?post=90263"},{"taxonomy":"product_tag","embeddable":true,"href":"https:\/\/www.lilleliis.com\/et\/wp-json\/wp\/v2\/product_tag?post=90263"}],"curies":[{"name":"wp","href":"https:\/\/api.w.org\/{rel}","templated":true}]}}