{"id":90480,"date":"2026-01-05T12:29:31","date_gmt":"2026-01-05T10:29:31","guid":{"rendered":"https:\/\/www.lilleliis.com\/?post_type=product&#038;p=90480"},"modified":"2026-03-31T17:10:41","modified_gmt":"2026-03-31T14:10:41","slug":"anchor-organic-cotton","status":"publish","type":"product","link":"https:\/\/www.lilleliis.com\/et\/toode\/anchor-organic-cotton\/","title":{"rendered":"Anchor Organic Cotton &#8211; orgaaniline puuvill &#8211; 50 g \/ 125 m"},"content":{"rendered":"<p>Anchor Organic Cotton on matt puuvillane l\u00f5ng, millel on \u00fclemaailmselt tunnustatud GOTS sertifikaat (= k\u00f5ige \u00f6komad l\u00f5ngad, mida v\u00f5id leida). \u00dcksk\u00f5ik kas heegeldad m\u00e4nguasju, tekke v\u00f5i beebipapusid, mahe puuvill on parim valik beebide tundlikule, \u00f5rnale nahale.<\/p>\n<p>Anchor Organic Cotton on \u00fchtlane ja hea vormi hoidvusega, mati viimistlusega l\u00f5ng.<\/p>\n<p>Taimsete alusv\u00e4rvidega toonitud l\u00f5nga v\u00e4rvikaart on k\u00fcllaltki eriline, kuna sisaldab lisaks klassikalistele erksatele toonidele ka kauneid murtud toone. Meie valikus on peaaegu k\u00f5ik olemasolevad toonid.<\/p>\n<div class=\"is-divider divider clearfix\" ><\/div>\n<h3>Lilleliis soovitab:<\/h3>\n<ul>\n<li>Sobib neile, kes eelistavad mati pinna ja hea vormihoidvusega l\u00f5nga<\/li>\n<li>\u00d6ko on parim valik beebide tundlikule nahale<\/li>\n<li>Keskkonnateadlikule tarbijale, kes hoolib vastutustundlikust tootmisest<\/li>\n<\/ul>\n<div class=\"is-divider divider clearfix\" ><\/div>\n<h3>Suurus ja materjal<\/h3>\n<p>L\u00f5nga j\u00e4medus: 50g \/ 125m (Fingering, 4 ply)<\/p>\n<p>Materjal: 100% puuvill<\/p>\n<p>Tootja: Saksamaa (valmistatakse Ungari tehases)<\/p>\n<div class=\"is-divider divider clearfix\" ><\/div>\n<h3>GOTS sertifikaat<\/h3>\n<p>Selle sertifikaadi saavad ainult k\u00f5ige k\u00f5rgematele n\u00f5udmistele vastavad \u00f6ko l\u00f5ngad, mille koostisest v\u00e4hemalt 95% on orgaanilist p\u00e4ritolu. V\u00e4rvimisel kasutatakse looduslikult saadud v\u00f5i ohutuid s\u00fcnteetilisi v\u00e4rvaineid. Ka keskkonnatingimuste ja t\u00f6\u00f6tajate ohutuse osas vastab tootja eriti rangetele n\u00f5udmistele.<\/p>\n<div class=\"is-divider divider clearfix\" ><\/div>\n<h3>Kuidas l\u00f5nga hooldada?<\/h3>\n<p>K\u00e4sipesu, max 60\u00b0C \/ kuivata tasapinnal<\/p>\n","protected":false},"excerpt":{"rendered":"<p>Anchor Organic Cotton on GOTS-sertifikaadiga orgaaniline puuvillane l\u00f5ng, mis sobib ideaalselt beebitoodete, m\u00e4nguasjade ja teiste \u00f5rnale nahale m\u00f5eldud projektide valmistamiseks. \u00dchtlane ja hea vormihoidvusega l\u00f5ng on saadaval kaunis v\u00e4rvivalikus.<\/p>\n","protected":false},"featured_media":90844,"comment_status":"open","ping_status":"closed","template":"","meta":[],"product_brand":[],"product_cat":[708,429],"product_tag":[1590],"class_list":{"0":"post-90480","1":"product","2":"type-product","3":"status-publish","4":"has-post-thumbnail","6":"product_cat-longad","7":"product_cat-kasitoo-tarvikud","8":"product_tag-puuvillased-longad","9":"pa_anchor-organic-cotton-colors-00038-earthy-brown","10":"pa_anchor-organic-cotton-colors-00052-ocean-blue","11":"pa_anchor-organic-cotton-colors-00071-emerald-lake","12":"pa_anchor-organic-cotton-colors-00096-orchid","13":"pa_anchor-organic-cotton-colors-00105-natural","14":"pa_anchor-organic-cotton-colors-00107-pebble-stone","15":"pa_anchor-organic-cotton-colors-00129-turquoise-waters","16":"pa_anchor-organic-cotton-colors-00157-chestnut-brown","17":"pa_anchor-organic-cotton-colors-00178-sunflower","18":"pa_anchor-organic-cotton-colors-00219-forest-river","19":"pa_anchor-organic-cotton-colors-00240-plum","20":"pa_anchor-organic-cotton-colors-00249-gold","21":"pa_anchor-organic-cotton-colors-00309-chestnut","22":"pa_anchor-organic-cotton-colors-00338-red-dunes","23":"pa_anchor-organic-cotton-colors-00387-sand","24":"pa_anchor-organic-cotton-colors-00398-stormy-cloud","25":"pa_anchor-organic-cotton-colors-00403-aqua-wave","26":"pa_anchor-organic-cotton-colors-00410-flamingo-pink","27":"pa_anchor-organic-cotton-colors-00671-lagoon","28":"pa_anchor-organic-cotton-colors-00895-vintage-rose","29":"pa_anchor-organic-cotton-colors-01025-terracotta","30":"pa_anchor-organic-cotton-colors-01038-blue-sky","31":"pa_anchor-organic-cotton-colors-01331-snowy-white","32":"pa_anchor-organic-cotton-colors-01332-black","33":"pa_anchor-organic-cotton-colors-03610-salmon","34":"pa_anchor-organic-cotton-colors-03722-pistachio","35":"pa_anchor-organic-cotton-colors-06041-graphite","36":"pa_anchor-organic-cotton-colors-06523-moss","37":"pa_yarn-weight-fingering-4-ply","39":"first","40":"instock","41":"sale","42":"taxable","43":"shipping-taxable","44":"purchasable","45":"product-type-variable"},"yoast_head":"<!-- This site is optimized with the Yoast SEO plugin v27.3 - https:\/\/yoast.com\/product\/yoast-seo-wordpress\/ -->\n<title>Anchor Organic Cotton - orgaaniline puuvill - 50 g \/ 125 m | lilleliis<\/title>\n<meta name=\"description\" content=\"Anchor Organic Cotton on GOTS sertifikaadiga mahekasvatatud puuvillane l\u00f5ng, mis on parim valik beebi \u00f5rnale nahale ja keskkonnale.\" \/>\n<meta name=\"robots\" content=\"index, follow, max-snippet:-1, max-image-preview:large, max-video-preview:-1\" \/>\n<link rel=\"canonical\" href=\"https:\/\/www.lilleliis.com\/et\/toode\/anchor-organic-cotton\/\" \/>\n<meta property=\"og:locale\" content=\"et_EE\" \/>\n<meta property=\"og:type\" content=\"article\" \/>\n<meta property=\"og:title\" content=\"Anchor Organic Cotton - orgaaniline puuvill - 50 g \/ 125 m | lilleliis\" \/>\n<meta property=\"og:description\" content=\"Anchor Organic Cotton on GOTS sertifikaadiga mahekasvatatud puuvillane l\u00f5ng, mis on parim valik beebi \u00f5rnale nahale ja keskkonnale.\" \/>\n<meta property=\"og:url\" content=\"https:\/\/www.lilleliis.com\/et\/toode\/anchor-organic-cotton\/\" \/>\n<meta property=\"og:site_name\" content=\"lilleliis\" \/>\n<meta property=\"article:publisher\" content=\"https:\/\/www.facebook.com\/lilleliis-283266335035799\/\" \/>\n<meta property=\"article:modified_time\" content=\"2026-03-31T14:10:41+00:00\" \/>\n<meta property=\"og:image\" content=\"https:\/\/www.lilleliis.com\/wp-content\/uploads\/2023\/04\/anchor-organic-cotton.jpg\" \/>\n\t<meta property=\"og:image:width\" content=\"1000\" \/>\n\t<meta property=\"og:image:height\" content=\"1500\" \/>\n\t<meta property=\"og:image:type\" content=\"image\/jpeg\" \/>\n<meta name=\"twitter:card\" content=\"summary_large_image\" \/>\n<meta name=\"twitter:label1\" content=\"Est. reading time\" \/>\n\t<meta name=\"twitter:data1\" content=\"1 minute\" \/>\n<script type=\"application\/ld+json\" class=\"yoast-schema-graph\">{\"@context\":\"https:\\\/\\\/schema.org\",\"@graph\":[{\"@type\":\"WebPage\",\"@id\":\"https:\\\/\\\/www.lilleliis.com\\\/et\\\/toode\\\/anchor-organic-cotton\\\/\",\"url\":\"https:\\\/\\\/www.lilleliis.com\\\/et\\\/toode\\\/anchor-organic-cotton\\\/\",\"name\":\"Anchor Organic Cotton - orgaaniline puuvill - 50 g \\\/ 125 m | lilleliis\",\"isPartOf\":{\"@id\":\"https:\\\/\\\/www.lilleliis.com\\\/et\\\/#website\"},\"primaryImageOfPage\":{\"@id\":\"https:\\\/\\\/www.lilleliis.com\\\/et\\\/toode\\\/anchor-organic-cotton\\\/#primaryimage\"},\"image\":{\"@id\":\"https:\\\/\\\/www.lilleliis.com\\\/et\\\/toode\\\/anchor-organic-cotton\\\/#primaryimage\"},\"thumbnailUrl\":\"https:\\\/\\\/www.lilleliis.com\\\/wp-content\\\/uploads\\\/2023\\\/04\\\/anchor-organic-cotton.jpg\",\"datePublished\":\"2026-01-05T10:29:31+00:00\",\"dateModified\":\"2026-03-31T14:10:41+00:00\",\"description\":\"Anchor Organic Cotton on GOTS sertifikaadiga mahekasvatatud puuvillane l\u00f5ng, mis on parim valik beebi \u00f5rnale nahale ja keskkonnale.\",\"breadcrumb\":{\"@id\":\"https:\\\/\\\/www.lilleliis.com\\\/et\\\/toode\\\/anchor-organic-cotton\\\/#breadcrumb\"},\"inLanguage\":\"et\",\"potentialAction\":[{\"@type\":\"ReadAction\",\"target\":[\"https:\\\/\\\/www.lilleliis.com\\\/et\\\/toode\\\/anchor-organic-cotton\\\/\"]}]},{\"@type\":\"ImageObject\",\"inLanguage\":\"et\",\"@id\":\"https:\\\/\\\/www.lilleliis.com\\\/et\\\/toode\\\/anchor-organic-cotton\\\/#primaryimage\",\"url\":\"https:\\\/\\\/www.lilleliis.com\\\/wp-content\\\/uploads\\\/2023\\\/04\\\/anchor-organic-cotton.jpg\",\"contentUrl\":\"https:\\\/\\\/www.lilleliis.com\\\/wp-content\\\/uploads\\\/2023\\\/04\\\/anchor-organic-cotton.jpg\",\"width\":1000,\"height\":1500,\"caption\":\"anchor organic cotton mahe puuvillane l\u00f5ng\"},{\"@type\":\"BreadcrumbList\",\"@id\":\"https:\\\/\\\/www.lilleliis.com\\\/et\\\/toode\\\/anchor-organic-cotton\\\/#breadcrumb\",\"itemListElement\":[{\"@type\":\"ListItem\",\"position\":1,\"name\":\"Home\",\"item\":\"https:\\\/\\\/www.lilleliis.com\\\/et\\\/\"},{\"@type\":\"ListItem\",\"position\":2,\"name\":\"Pood\",\"item\":\"https:\\\/\\\/www.lilleliis.com\\\/et\\\/shop\\\/\"},{\"@type\":\"ListItem\",\"position\":3,\"name\":\"Anchor Organic Cotton &#8211; orgaaniline puuvill &#8211; 50 g \\\/ 125 m\"}]},{\"@type\":\"WebSite\",\"@id\":\"https:\\\/\\\/www.lilleliis.com\\\/et\\\/#website\",\"url\":\"https:\\\/\\\/www.lilleliis.com\\\/et\\\/\",\"name\":\"lilleliis\",\"description\":\"Amigurumi m\u00e4nguasjad ja mustrid\",\"potentialAction\":[{\"@type\":\"SearchAction\",\"target\":{\"@type\":\"EntryPoint\",\"urlTemplate\":\"https:\\\/\\\/www.lilleliis.com\\\/et\\\/?s={search_term_string}\"},\"query-input\":{\"@type\":\"PropertyValueSpecification\",\"valueRequired\":true,\"valueName\":\"search_term_string\"}}],\"inLanguage\":\"et\"}]}<\/script>\n<!-- \/ Yoast SEO plugin. -->","yoast_head_json":{"title":"Anchor Organic Cotton - orgaaniline puuvill - 50 g \/ 125 m | lilleliis","description":"Anchor Organic Cotton on GOTS sertifikaadiga mahekasvatatud puuvillane l\u00f5ng, mis on parim valik beebi \u00f5rnale nahale ja keskkonnale.","robots":{"index":"index","follow":"follow","max-snippet":"max-snippet:-1","max-image-preview":"max-image-preview:large","max-video-preview":"max-video-preview:-1"},"canonical":"https:\/\/www.lilleliis.com\/et\/toode\/anchor-organic-cotton\/","og_locale":"et_EE","og_type":"article","og_title":"Anchor Organic Cotton - orgaaniline puuvill - 50 g \/ 125 m | lilleliis","og_description":"Anchor Organic Cotton on GOTS sertifikaadiga mahekasvatatud puuvillane l\u00f5ng, mis on parim valik beebi \u00f5rnale nahale ja keskkonnale.","og_url":"https:\/\/www.lilleliis.com\/et\/toode\/anchor-organic-cotton\/","og_site_name":"lilleliis","article_publisher":"https:\/\/www.facebook.com\/lilleliis-283266335035799\/","article_modified_time":"2026-03-31T14:10:41+00:00","og_image":[{"width":1000,"height":1500,"url":"https:\/\/www.lilleliis.com\/wp-content\/uploads\/2023\/04\/anchor-organic-cotton.jpg","type":"image\/jpeg"}],"twitter_card":"summary_large_image","twitter_misc":{"Est. reading time":"1 minute"},"schema":{"@context":"https:\/\/schema.org","@graph":[{"@type":"WebPage","@id":"https:\/\/www.lilleliis.com\/et\/toode\/anchor-organic-cotton\/","url":"https:\/\/www.lilleliis.com\/et\/toode\/anchor-organic-cotton\/","name":"Anchor Organic Cotton - orgaaniline puuvill - 50 g \/ 125 m | lilleliis","isPartOf":{"@id":"https:\/\/www.lilleliis.com\/et\/#website"},"primaryImageOfPage":{"@id":"https:\/\/www.lilleliis.com\/et\/toode\/anchor-organic-cotton\/#primaryimage"},"image":{"@id":"https:\/\/www.lilleliis.com\/et\/toode\/anchor-organic-cotton\/#primaryimage"},"thumbnailUrl":"https:\/\/www.lilleliis.com\/wp-content\/uploads\/2023\/04\/anchor-organic-cotton.jpg","datePublished":"2026-01-05T10:29:31+00:00","dateModified":"2026-03-31T14:10:41+00:00","description":"Anchor Organic Cotton on GOTS sertifikaadiga mahekasvatatud puuvillane l\u00f5ng, mis on parim valik beebi \u00f5rnale nahale ja keskkonnale.","breadcrumb":{"@id":"https:\/\/www.lilleliis.com\/et\/toode\/anchor-organic-cotton\/#breadcrumb"},"inLanguage":"et","potentialAction":[{"@type":"ReadAction","target":["https:\/\/www.lilleliis.com\/et\/toode\/anchor-organic-cotton\/"]}]},{"@type":"ImageObject","inLanguage":"et","@id":"https:\/\/www.lilleliis.com\/et\/toode\/anchor-organic-cotton\/#primaryimage","url":"https:\/\/www.lilleliis.com\/wp-content\/uploads\/2023\/04\/anchor-organic-cotton.jpg","contentUrl":"https:\/\/www.lilleliis.com\/wp-content\/uploads\/2023\/04\/anchor-organic-cotton.jpg","width":1000,"height":1500,"caption":"anchor organic cotton mahe puuvillane l\u00f5ng"},{"@type":"BreadcrumbList","@id":"https:\/\/www.lilleliis.com\/et\/toode\/anchor-organic-cotton\/#breadcrumb","itemListElement":[{"@type":"ListItem","position":1,"name":"Home","item":"https:\/\/www.lilleliis.com\/et\/"},{"@type":"ListItem","position":2,"name":"Pood","item":"https:\/\/www.lilleliis.com\/et\/shop\/"},{"@type":"ListItem","position":3,"name":"Anchor Organic Cotton &#8211; orgaaniline puuvill &#8211; 50 g \/ 125 m"}]},{"@type":"WebSite","@id":"https:\/\/www.lilleliis.com\/et\/#website","url":"https:\/\/www.lilleliis.com\/et\/","name":"lilleliis","description":"Amigurumi m\u00e4nguasjad ja mustrid","potentialAction":[{"@type":"SearchAction","target":{"@type":"EntryPoint","urlTemplate":"https:\/\/www.lilleliis.com\/et\/?s={search_term_string}"},"query-input":{"@type":"PropertyValueSpecification","valueRequired":true,"valueName":"search_term_string"}}],"inLanguage":"et"}]}},"_links":{"self":[{"href":"https:\/\/www.lilleliis.com\/et\/wp-json\/wp\/v2\/product\/90480","targetHints":{"allow":["GET"]}}],"collection":[{"href":"https:\/\/www.lilleliis.com\/et\/wp-json\/wp\/v2\/product"}],"about":[{"href":"https:\/\/www.lilleliis.com\/et\/wp-json\/wp\/v2\/types\/product"}],"replies":[{"embeddable":true,"href":"https:\/\/www.lilleliis.com\/et\/wp-json\/wp\/v2\/comments?post=90480"}],"wp:featuredmedia":[{"embeddable":true,"href":"https:\/\/www.lilleliis.com\/et\/wp-json\/wp\/v2\/media\/90844"}],"wp:attachment":[{"href":"https:\/\/www.lilleliis.com\/et\/wp-json\/wp\/v2\/media?parent=90480"}],"wp:term":[{"taxonomy":"product_brand","embeddable":true,"href":"https:\/\/www.lilleliis.com\/et\/wp-json\/wp\/v2\/product_brand?post=90480"},{"taxonomy":"product_cat","embeddable":true,"href":"https:\/\/www.lilleliis.com\/et\/wp-json\/wp\/v2\/product_cat?post=90480"},{"taxonomy":"product_tag","embeddable":true,"href":"https:\/\/www.lilleliis.com\/et\/wp-json\/wp\/v2\/product_tag?post=90480"}],"curies":[{"name":"wp","href":"https:\/\/api.w.org\/{rel}","templated":true}]}}