{"id":91070,"date":"2026-02-21T16:51:58","date_gmt":"2026-02-21T14:51:58","guid":{"rendered":"https:\/\/www.lilleliis.com\/?post_type=product&#038;p=91070"},"modified":"2026-05-05T17:50:12","modified_gmt":"2026-05-05T14:50:12","slug":"reljeefiga-noop-12-mm","status":"publish","type":"product","link":"https:\/\/www.lilleliis.com\/et\/toode\/reljeefiga-noop-12-mm\/","title":{"rendered":"N\u00f6\u00f6p reljeefiga 12 mm \u2013 20 tk"},"content":{"rendered":null,"protected":false},"excerpt":{"rendered":"<p>Puidust reljeefiga n\u00f6\u00f6p, 12 mm. Komplektis on 20 punakas pruuni, kauni reljeefiga n\u00f6\u00f6pi.<\/p>\n<p>Erip\u00e4rased n\u00f6\u00f6bid aitavad kujundada m\u00e4nguasja karakterit. Sobivad ideaalselt keskmise suurusega m\u00e4nguasjade ja nukkude viimistlemiseks.<\/p>\n<p>N\u00f6\u00f6bid on just parasjagu nii v\u00e4ikesed, et nendega saab kaunistada nukuriideid. \u00d5mble p\u00fckstele, mantlile, kleidile, kingadele jne.<\/p>\n<hr \/>\n<p><span data-text-color=\"primary\">SUURUS JA MATERJAL<\/span><\/p>\n<p>N\u00f6\u00f6bi l\u00e4bim\u00f5\u00f5t: 12 mm<\/p>\n<p>Materjal: naturaalne puit<\/p>\n","protected":false},"featured_media":91074,"comment_status":"open","ping_status":"closed","template":"","meta":[],"product_brand":[],"product_cat":[429,564],"product_tag":[],"class_list":{"0":"post-91070","1":"product","2":"type-product","3":"status-publish","4":"has-post-thumbnail","6":"product_cat-kasitoo-tarvikud","7":"product_cat-noobid","8":"pa_button-size-12-mm","10":"first","11":"instock","12":"taxable","13":"shipping-taxable","14":"purchasable","15":"product-type-simple"},"yoast_head":"<!-- This site is optimized with the Yoast SEO plugin v27.3 - https:\/\/yoast.com\/product\/yoast-seo-wordpress\/ -->\n<title>Reljeefiga n\u00f6\u00f6p, 12 mm | M\u00e4nguasjade valmistamine | lilleliis<\/title>\n<meta name=\"description\" content=\"Puidust reljeefiga n\u00f6\u00f6p, 12 mm. Kahe auguga, punakas pruun. Sobib heegeldatud m\u00e4nguasjade ja nukkude viimistlemiseks.\" \/>\n<meta name=\"robots\" content=\"index, follow, max-snippet:-1, max-image-preview:large, max-video-preview:-1\" \/>\n<link rel=\"canonical\" href=\"https:\/\/www.lilleliis.com\/et\/toode\/reljeefiga-noop-12-mm\/\" \/>\n<meta property=\"og:locale\" content=\"et_EE\" \/>\n<meta property=\"og:type\" content=\"article\" \/>\n<meta property=\"og:title\" content=\"Reljeefiga n\u00f6\u00f6p, 12 mm | M\u00e4nguasjade valmistamine | lilleliis\" \/>\n<meta property=\"og:description\" content=\"Puidust reljeefiga n\u00f6\u00f6p, 12 mm. Kahe auguga, punakas pruun. Sobib heegeldatud m\u00e4nguasjade ja nukkude viimistlemiseks.\" \/>\n<meta property=\"og:url\" content=\"https:\/\/www.lilleliis.com\/et\/toode\/reljeefiga-noop-12-mm\/\" \/>\n<meta property=\"og:site_name\" content=\"lilleliis\" \/>\n<meta property=\"article:publisher\" content=\"https:\/\/www.facebook.com\/lilleliis-283266335035799\/\" \/>\n<meta property=\"article:modified_time\" content=\"2026-05-05T14:50:12+00:00\" \/>\n<meta property=\"og:image\" content=\"https:\/\/www.lilleliis.com\/wp-content\/uploads\/2023\/05\/Reljeefiga-noop-12-mm-2.jpg\" \/>\n\t<meta property=\"og:image:width\" content=\"1000\" \/>\n\t<meta property=\"og:image:height\" content=\"1500\" \/>\n\t<meta property=\"og:image:type\" content=\"image\/jpeg\" \/>\n<meta name=\"twitter:card\" content=\"summary_large_image\" \/>\n<meta name=\"twitter:label1\" content=\"Est. reading time\" \/>\n\t<meta name=\"twitter:data1\" content=\"1 minute\" \/>\n<script type=\"application\/ld+json\" class=\"yoast-schema-graph\">{\"@context\":\"https:\\\/\\\/schema.org\",\"@graph\":[{\"@type\":\"WebPage\",\"@id\":\"https:\\\/\\\/www.lilleliis.com\\\/et\\\/toode\\\/reljeefiga-noop-12-mm\\\/\",\"url\":\"https:\\\/\\\/www.lilleliis.com\\\/et\\\/toode\\\/reljeefiga-noop-12-mm\\\/\",\"name\":\"Reljeefiga n\u00f6\u00f6p, 12 mm | M\u00e4nguasjade valmistamine | lilleliis\",\"isPartOf\":{\"@id\":\"https:\\\/\\\/www.lilleliis.com\\\/et\\\/#website\"},\"primaryImageOfPage\":{\"@id\":\"https:\\\/\\\/www.lilleliis.com\\\/et\\\/toode\\\/reljeefiga-noop-12-mm\\\/#primaryimage\"},\"image\":{\"@id\":\"https:\\\/\\\/www.lilleliis.com\\\/et\\\/toode\\\/reljeefiga-noop-12-mm\\\/#primaryimage\"},\"thumbnailUrl\":\"https:\\\/\\\/www.lilleliis.com\\\/wp-content\\\/uploads\\\/2023\\\/05\\\/Reljeefiga-noop-12-mm-2.jpg\",\"datePublished\":\"2026-02-21T14:51:58+00:00\",\"dateModified\":\"2026-05-05T14:50:12+00:00\",\"description\":\"Puidust reljeefiga n\u00f6\u00f6p, 12 mm. Kahe auguga, punakas pruun. Sobib heegeldatud m\u00e4nguasjade ja nukkude viimistlemiseks.\",\"breadcrumb\":{\"@id\":\"https:\\\/\\\/www.lilleliis.com\\\/et\\\/toode\\\/reljeefiga-noop-12-mm\\\/#breadcrumb\"},\"inLanguage\":\"et\",\"potentialAction\":[{\"@type\":\"ReadAction\",\"target\":[\"https:\\\/\\\/www.lilleliis.com\\\/et\\\/toode\\\/reljeefiga-noop-12-mm\\\/\"]}]},{\"@type\":\"ImageObject\",\"inLanguage\":\"et\",\"@id\":\"https:\\\/\\\/www.lilleliis.com\\\/et\\\/toode\\\/reljeefiga-noop-12-mm\\\/#primaryimage\",\"url\":\"https:\\\/\\\/www.lilleliis.com\\\/wp-content\\\/uploads\\\/2023\\\/05\\\/Reljeefiga-noop-12-mm-2.jpg\",\"contentUrl\":\"https:\\\/\\\/www.lilleliis.com\\\/wp-content\\\/uploads\\\/2023\\\/05\\\/Reljeefiga-noop-12-mm-2.jpg\",\"width\":1000,\"height\":1500,\"caption\":\"Reljeefiga n\u00f6\u00f6p, 12 mm\"},{\"@type\":\"BreadcrumbList\",\"@id\":\"https:\\\/\\\/www.lilleliis.com\\\/et\\\/toode\\\/reljeefiga-noop-12-mm\\\/#breadcrumb\",\"itemListElement\":[{\"@type\":\"ListItem\",\"position\":1,\"name\":\"Home\",\"item\":\"https:\\\/\\\/www.lilleliis.com\\\/et\\\/\"},{\"@type\":\"ListItem\",\"position\":2,\"name\":\"Pood\",\"item\":\"https:\\\/\\\/www.lilleliis.com\\\/et\\\/shop\\\/\"},{\"@type\":\"ListItem\",\"position\":3,\"name\":\"N\u00f6\u00f6p reljeefiga 12 mm \u2013 20 tk\"}]},{\"@type\":\"WebSite\",\"@id\":\"https:\\\/\\\/www.lilleliis.com\\\/et\\\/#website\",\"url\":\"https:\\\/\\\/www.lilleliis.com\\\/et\\\/\",\"name\":\"lilleliis\",\"description\":\"Amigurumi m\u00e4nguasjad ja mustrid\",\"potentialAction\":[{\"@type\":\"SearchAction\",\"target\":{\"@type\":\"EntryPoint\",\"urlTemplate\":\"https:\\\/\\\/www.lilleliis.com\\\/et\\\/?s={search_term_string}\"},\"query-input\":{\"@type\":\"PropertyValueSpecification\",\"valueRequired\":true,\"valueName\":\"search_term_string\"}}],\"inLanguage\":\"et\"}]}<\/script>\n<!-- \/ Yoast SEO plugin. -->","yoast_head_json":{"title":"Reljeefiga n\u00f6\u00f6p, 12 mm | M\u00e4nguasjade valmistamine | lilleliis","description":"Puidust reljeefiga n\u00f6\u00f6p, 12 mm. Kahe auguga, punakas pruun. Sobib heegeldatud m\u00e4nguasjade ja nukkude viimistlemiseks.","robots":{"index":"index","follow":"follow","max-snippet":"max-snippet:-1","max-image-preview":"max-image-preview:large","max-video-preview":"max-video-preview:-1"},"canonical":"https:\/\/www.lilleliis.com\/et\/toode\/reljeefiga-noop-12-mm\/","og_locale":"et_EE","og_type":"article","og_title":"Reljeefiga n\u00f6\u00f6p, 12 mm | M\u00e4nguasjade valmistamine | lilleliis","og_description":"Puidust reljeefiga n\u00f6\u00f6p, 12 mm. Kahe auguga, punakas pruun. Sobib heegeldatud m\u00e4nguasjade ja nukkude viimistlemiseks.","og_url":"https:\/\/www.lilleliis.com\/et\/toode\/reljeefiga-noop-12-mm\/","og_site_name":"lilleliis","article_publisher":"https:\/\/www.facebook.com\/lilleliis-283266335035799\/","article_modified_time":"2026-05-05T14:50:12+00:00","og_image":[{"width":1000,"height":1500,"url":"https:\/\/www.lilleliis.com\/wp-content\/uploads\/2023\/05\/Reljeefiga-noop-12-mm-2.jpg","type":"image\/jpeg"}],"twitter_card":"summary_large_image","twitter_misc":{"Est. reading time":"1 minute"},"schema":{"@context":"https:\/\/schema.org","@graph":[{"@type":"WebPage","@id":"https:\/\/www.lilleliis.com\/et\/toode\/reljeefiga-noop-12-mm\/","url":"https:\/\/www.lilleliis.com\/et\/toode\/reljeefiga-noop-12-mm\/","name":"Reljeefiga n\u00f6\u00f6p, 12 mm | M\u00e4nguasjade valmistamine | lilleliis","isPartOf":{"@id":"https:\/\/www.lilleliis.com\/et\/#website"},"primaryImageOfPage":{"@id":"https:\/\/www.lilleliis.com\/et\/toode\/reljeefiga-noop-12-mm\/#primaryimage"},"image":{"@id":"https:\/\/www.lilleliis.com\/et\/toode\/reljeefiga-noop-12-mm\/#primaryimage"},"thumbnailUrl":"https:\/\/www.lilleliis.com\/wp-content\/uploads\/2023\/05\/Reljeefiga-noop-12-mm-2.jpg","datePublished":"2026-02-21T14:51:58+00:00","dateModified":"2026-05-05T14:50:12+00:00","description":"Puidust reljeefiga n\u00f6\u00f6p, 12 mm. Kahe auguga, punakas pruun. Sobib heegeldatud m\u00e4nguasjade ja nukkude viimistlemiseks.","breadcrumb":{"@id":"https:\/\/www.lilleliis.com\/et\/toode\/reljeefiga-noop-12-mm\/#breadcrumb"},"inLanguage":"et","potentialAction":[{"@type":"ReadAction","target":["https:\/\/www.lilleliis.com\/et\/toode\/reljeefiga-noop-12-mm\/"]}]},{"@type":"ImageObject","inLanguage":"et","@id":"https:\/\/www.lilleliis.com\/et\/toode\/reljeefiga-noop-12-mm\/#primaryimage","url":"https:\/\/www.lilleliis.com\/wp-content\/uploads\/2023\/05\/Reljeefiga-noop-12-mm-2.jpg","contentUrl":"https:\/\/www.lilleliis.com\/wp-content\/uploads\/2023\/05\/Reljeefiga-noop-12-mm-2.jpg","width":1000,"height":1500,"caption":"Reljeefiga n\u00f6\u00f6p, 12 mm"},{"@type":"BreadcrumbList","@id":"https:\/\/www.lilleliis.com\/et\/toode\/reljeefiga-noop-12-mm\/#breadcrumb","itemListElement":[{"@type":"ListItem","position":1,"name":"Home","item":"https:\/\/www.lilleliis.com\/et\/"},{"@type":"ListItem","position":2,"name":"Pood","item":"https:\/\/www.lilleliis.com\/et\/shop\/"},{"@type":"ListItem","position":3,"name":"N\u00f6\u00f6p reljeefiga 12 mm \u2013 20 tk"}]},{"@type":"WebSite","@id":"https:\/\/www.lilleliis.com\/et\/#website","url":"https:\/\/www.lilleliis.com\/et\/","name":"lilleliis","description":"Amigurumi m\u00e4nguasjad ja mustrid","potentialAction":[{"@type":"SearchAction","target":{"@type":"EntryPoint","urlTemplate":"https:\/\/www.lilleliis.com\/et\/?s={search_term_string}"},"query-input":{"@type":"PropertyValueSpecification","valueRequired":true,"valueName":"search_term_string"}}],"inLanguage":"et"}]}},"_links":{"self":[{"href":"https:\/\/www.lilleliis.com\/et\/wp-json\/wp\/v2\/product\/91070","targetHints":{"allow":["GET"]}}],"collection":[{"href":"https:\/\/www.lilleliis.com\/et\/wp-json\/wp\/v2\/product"}],"about":[{"href":"https:\/\/www.lilleliis.com\/et\/wp-json\/wp\/v2\/types\/product"}],"replies":[{"embeddable":true,"href":"https:\/\/www.lilleliis.com\/et\/wp-json\/wp\/v2\/comments?post=91070"}],"wp:featuredmedia":[{"embeddable":true,"href":"https:\/\/www.lilleliis.com\/et\/wp-json\/wp\/v2\/media\/91074"}],"wp:attachment":[{"href":"https:\/\/www.lilleliis.com\/et\/wp-json\/wp\/v2\/media?parent=91070"}],"wp:term":[{"taxonomy":"product_brand","embeddable":true,"href":"https:\/\/www.lilleliis.com\/et\/wp-json\/wp\/v2\/product_brand?post=91070"},{"taxonomy":"product_cat","embeddable":true,"href":"https:\/\/www.lilleliis.com\/et\/wp-json\/wp\/v2\/product_cat?post=91070"},{"taxonomy":"product_tag","embeddable":true,"href":"https:\/\/www.lilleliis.com\/et\/wp-json\/wp\/v2\/product_tag?post=91070"}],"curies":[{"name":"wp","href":"https:\/\/api.w.org\/{rel}","templated":true}]}}