{"id":91137,"date":"2025-10-29T08:26:21","date_gmt":"2025-10-29T06:26:21","guid":{"rendered":"https:\/\/www.lilleliis.com\/?post_type=product&#038;p=91137"},"modified":"2026-02-11T11:16:24","modified_gmt":"2026-02-11T09:16:24","slug":"omblusega-noop-kookos-18-mm-10-tk","status":"publish","type":"product","link":"https:\/\/www.lilleliis.com\/et\/toode\/omblusega-noop-kookos-18-mm-10-tk\/","title":{"rendered":"Kookosn\u00f6\u00f6p \u00f5mblusega &#8211; 18 mm &#8211; 10 tk"},"content":{"rendered":null,"protected":false},"excerpt":{"rendered":"<p>\u00d5mblusega n\u00f6\u00f6p, kookos 18 mm. Dekoratiivsed n\u00f6\u00f6bid annavad m\u00e4nguasjadele erip\u00e4ra. Komplektis on 10 naturaalsest kookosest n\u00f6\u00f6pi.<\/p>\n<p>Sobivad ideaalselt m\u00e4nguasjade ja nukuriiete kaunistamiseks. See konkreetne n\u00f6\u00f6p on kasutuses Sasipea Siimu \u00f5petuses (muster raamatust <a href=\"https:\/\/www.lilleliis.com\/et\/kasitooraamatud\/\">&#8220;Kaisuloomakirg&#8221;<\/a>).<\/p>\n<hr \/>\n<p><span data-text-color=\"primary\">SUURUS JA MATERJAL<\/span><\/p>\n<p>N\u00f6\u00f6bi l\u00e4bim\u00f5\u00f5t: 18 mm<\/p>\n<p>Materjal: naturaalne kookos<\/p>\n","protected":false},"featured_media":91139,"comment_status":"open","ping_status":"closed","template":"","meta":[],"product_brand":[],"product_cat":[429,564],"product_tag":[],"class_list":{"0":"post-91137","1":"product","2":"type-product","3":"status-publish","4":"has-post-thumbnail","6":"product_cat-kasitoo-tarvikud","7":"product_cat-noobid","9":"first","10":"instock","11":"taxable","12":"shipping-taxable","13":"purchasable","14":"product-type-simple"},"yoast_head":"<!-- This site is optimized with the Yoast SEO plugin v27.3 - https:\/\/yoast.com\/product\/yoast-seo-wordpress\/ -->\n<title>\u00d5mblusega n\u00f6\u00f6p, kookos 18mm | M\u00e4nguasjade valmistamine | lilleliis<\/title>\n<meta name=\"description\" content=\"\u00d5mblusega n\u00f6\u00f6p kookos 18mm. Sobib suuremate m\u00e4nguasjade kaunistamiseks, nt Sasipea Siim raamatust Kaisuloomakirg.\" \/>\n<meta name=\"robots\" content=\"index, follow, max-snippet:-1, max-image-preview:large, max-video-preview:-1\" \/>\n<link rel=\"canonical\" href=\"https:\/\/www.lilleliis.com\/et\/toode\/omblusega-noop-kookos-18-mm-10-tk\/\" \/>\n<meta property=\"og:locale\" content=\"et_EE\" \/>\n<meta property=\"og:type\" content=\"article\" \/>\n<meta property=\"og:title\" content=\"\u00d5mblusega n\u00f6\u00f6p, kookos 18mm | M\u00e4nguasjade valmistamine | lilleliis\" \/>\n<meta property=\"og:description\" content=\"\u00d5mblusega n\u00f6\u00f6p kookos 18mm. Sobib suuremate m\u00e4nguasjade kaunistamiseks, nt Sasipea Siim raamatust Kaisuloomakirg.\" \/>\n<meta property=\"og:url\" content=\"https:\/\/www.lilleliis.com\/et\/toode\/omblusega-noop-kookos-18-mm-10-tk\/\" \/>\n<meta property=\"og:site_name\" content=\"lilleliis\" \/>\n<meta property=\"article:publisher\" content=\"https:\/\/www.facebook.com\/lilleliis-283266335035799\/\" \/>\n<meta property=\"article:modified_time\" content=\"2026-02-11T09:16:24+00:00\" \/>\n<meta property=\"og:image\" content=\"https:\/\/www.lilleliis.com\/wp-content\/uploads\/2023\/05\/omblusega-noop-kookos-18-mm-1.jpg\" \/>\n\t<meta property=\"og:image:width\" content=\"1000\" \/>\n\t<meta property=\"og:image:height\" content=\"1500\" \/>\n\t<meta property=\"og:image:type\" content=\"image\/jpeg\" \/>\n<meta name=\"twitter:card\" content=\"summary_large_image\" \/>\n<meta name=\"twitter:label1\" content=\"Est. reading time\" \/>\n\t<meta name=\"twitter:data1\" content=\"1 minute\" \/>\n<script type=\"application\/ld+json\" class=\"yoast-schema-graph\">{\"@context\":\"https:\\\/\\\/schema.org\",\"@graph\":[{\"@type\":\"WebPage\",\"@id\":\"https:\\\/\\\/www.lilleliis.com\\\/et\\\/toode\\\/omblusega-noop-kookos-18-mm-10-tk\\\/\",\"url\":\"https:\\\/\\\/www.lilleliis.com\\\/et\\\/toode\\\/omblusega-noop-kookos-18-mm-10-tk\\\/\",\"name\":\"\u00d5mblusega n\u00f6\u00f6p, kookos 18mm | M\u00e4nguasjade valmistamine | lilleliis\",\"isPartOf\":{\"@id\":\"https:\\\/\\\/www.lilleliis.com\\\/et\\\/#website\"},\"primaryImageOfPage\":{\"@id\":\"https:\\\/\\\/www.lilleliis.com\\\/et\\\/toode\\\/omblusega-noop-kookos-18-mm-10-tk\\\/#primaryimage\"},\"image\":{\"@id\":\"https:\\\/\\\/www.lilleliis.com\\\/et\\\/toode\\\/omblusega-noop-kookos-18-mm-10-tk\\\/#primaryimage\"},\"thumbnailUrl\":\"https:\\\/\\\/www.lilleliis.com\\\/wp-content\\\/uploads\\\/2023\\\/05\\\/omblusega-noop-kookos-18-mm-1.jpg\",\"datePublished\":\"2025-10-29T06:26:21+00:00\",\"dateModified\":\"2026-02-11T09:16:24+00:00\",\"description\":\"\u00d5mblusega n\u00f6\u00f6p kookos 18mm. Sobib suuremate m\u00e4nguasjade kaunistamiseks, nt Sasipea Siim raamatust Kaisuloomakirg.\",\"breadcrumb\":{\"@id\":\"https:\\\/\\\/www.lilleliis.com\\\/et\\\/toode\\\/omblusega-noop-kookos-18-mm-10-tk\\\/#breadcrumb\"},\"inLanguage\":\"et\",\"potentialAction\":[{\"@type\":\"ReadAction\",\"target\":[\"https:\\\/\\\/www.lilleliis.com\\\/et\\\/toode\\\/omblusega-noop-kookos-18-mm-10-tk\\\/\"]}]},{\"@type\":\"ImageObject\",\"inLanguage\":\"et\",\"@id\":\"https:\\\/\\\/www.lilleliis.com\\\/et\\\/toode\\\/omblusega-noop-kookos-18-mm-10-tk\\\/#primaryimage\",\"url\":\"https:\\\/\\\/www.lilleliis.com\\\/wp-content\\\/uploads\\\/2023\\\/05\\\/omblusega-noop-kookos-18-mm-1.jpg\",\"contentUrl\":\"https:\\\/\\\/www.lilleliis.com\\\/wp-content\\\/uploads\\\/2023\\\/05\\\/omblusega-noop-kookos-18-mm-1.jpg\",\"width\":1000,\"height\":1500,\"caption\":\"\u00f5mblusega n\u00f6\u00f6p kookos 18 mm\"},{\"@type\":\"BreadcrumbList\",\"@id\":\"https:\\\/\\\/www.lilleliis.com\\\/et\\\/toode\\\/omblusega-noop-kookos-18-mm-10-tk\\\/#breadcrumb\",\"itemListElement\":[{\"@type\":\"ListItem\",\"position\":1,\"name\":\"Home\",\"item\":\"https:\\\/\\\/www.lilleliis.com\\\/et\\\/\"},{\"@type\":\"ListItem\",\"position\":2,\"name\":\"Pood\",\"item\":\"https:\\\/\\\/www.lilleliis.com\\\/et\\\/shop\\\/\"},{\"@type\":\"ListItem\",\"position\":3,\"name\":\"Kookosn\u00f6\u00f6p \u00f5mblusega &#8211; 18 mm &#8211; 10 tk\"}]},{\"@type\":\"WebSite\",\"@id\":\"https:\\\/\\\/www.lilleliis.com\\\/et\\\/#website\",\"url\":\"https:\\\/\\\/www.lilleliis.com\\\/et\\\/\",\"name\":\"lilleliis\",\"description\":\"Amigurumi m\u00e4nguasjad ja mustrid\",\"potentialAction\":[{\"@type\":\"SearchAction\",\"target\":{\"@type\":\"EntryPoint\",\"urlTemplate\":\"https:\\\/\\\/www.lilleliis.com\\\/et\\\/?s={search_term_string}\"},\"query-input\":{\"@type\":\"PropertyValueSpecification\",\"valueRequired\":true,\"valueName\":\"search_term_string\"}}],\"inLanguage\":\"et\"}]}<\/script>\n<!-- \/ Yoast SEO plugin. -->","yoast_head_json":{"title":"\u00d5mblusega n\u00f6\u00f6p, kookos 18mm | M\u00e4nguasjade valmistamine | lilleliis","description":"\u00d5mblusega n\u00f6\u00f6p kookos 18mm. Sobib suuremate m\u00e4nguasjade kaunistamiseks, nt Sasipea Siim raamatust Kaisuloomakirg.","robots":{"index":"index","follow":"follow","max-snippet":"max-snippet:-1","max-image-preview":"max-image-preview:large","max-video-preview":"max-video-preview:-1"},"canonical":"https:\/\/www.lilleliis.com\/et\/toode\/omblusega-noop-kookos-18-mm-10-tk\/","og_locale":"et_EE","og_type":"article","og_title":"\u00d5mblusega n\u00f6\u00f6p, kookos 18mm | M\u00e4nguasjade valmistamine | lilleliis","og_description":"\u00d5mblusega n\u00f6\u00f6p kookos 18mm. Sobib suuremate m\u00e4nguasjade kaunistamiseks, nt Sasipea Siim raamatust Kaisuloomakirg.","og_url":"https:\/\/www.lilleliis.com\/et\/toode\/omblusega-noop-kookos-18-mm-10-tk\/","og_site_name":"lilleliis","article_publisher":"https:\/\/www.facebook.com\/lilleliis-283266335035799\/","article_modified_time":"2026-02-11T09:16:24+00:00","og_image":[{"width":1000,"height":1500,"url":"https:\/\/www.lilleliis.com\/wp-content\/uploads\/2023\/05\/omblusega-noop-kookos-18-mm-1.jpg","type":"image\/jpeg"}],"twitter_card":"summary_large_image","twitter_misc":{"Est. reading time":"1 minute"},"schema":{"@context":"https:\/\/schema.org","@graph":[{"@type":"WebPage","@id":"https:\/\/www.lilleliis.com\/et\/toode\/omblusega-noop-kookos-18-mm-10-tk\/","url":"https:\/\/www.lilleliis.com\/et\/toode\/omblusega-noop-kookos-18-mm-10-tk\/","name":"\u00d5mblusega n\u00f6\u00f6p, kookos 18mm | M\u00e4nguasjade valmistamine | lilleliis","isPartOf":{"@id":"https:\/\/www.lilleliis.com\/et\/#website"},"primaryImageOfPage":{"@id":"https:\/\/www.lilleliis.com\/et\/toode\/omblusega-noop-kookos-18-mm-10-tk\/#primaryimage"},"image":{"@id":"https:\/\/www.lilleliis.com\/et\/toode\/omblusega-noop-kookos-18-mm-10-tk\/#primaryimage"},"thumbnailUrl":"https:\/\/www.lilleliis.com\/wp-content\/uploads\/2023\/05\/omblusega-noop-kookos-18-mm-1.jpg","datePublished":"2025-10-29T06:26:21+00:00","dateModified":"2026-02-11T09:16:24+00:00","description":"\u00d5mblusega n\u00f6\u00f6p kookos 18mm. Sobib suuremate m\u00e4nguasjade kaunistamiseks, nt Sasipea Siim raamatust Kaisuloomakirg.","breadcrumb":{"@id":"https:\/\/www.lilleliis.com\/et\/toode\/omblusega-noop-kookos-18-mm-10-tk\/#breadcrumb"},"inLanguage":"et","potentialAction":[{"@type":"ReadAction","target":["https:\/\/www.lilleliis.com\/et\/toode\/omblusega-noop-kookos-18-mm-10-tk\/"]}]},{"@type":"ImageObject","inLanguage":"et","@id":"https:\/\/www.lilleliis.com\/et\/toode\/omblusega-noop-kookos-18-mm-10-tk\/#primaryimage","url":"https:\/\/www.lilleliis.com\/wp-content\/uploads\/2023\/05\/omblusega-noop-kookos-18-mm-1.jpg","contentUrl":"https:\/\/www.lilleliis.com\/wp-content\/uploads\/2023\/05\/omblusega-noop-kookos-18-mm-1.jpg","width":1000,"height":1500,"caption":"\u00f5mblusega n\u00f6\u00f6p kookos 18 mm"},{"@type":"BreadcrumbList","@id":"https:\/\/www.lilleliis.com\/et\/toode\/omblusega-noop-kookos-18-mm-10-tk\/#breadcrumb","itemListElement":[{"@type":"ListItem","position":1,"name":"Home","item":"https:\/\/www.lilleliis.com\/et\/"},{"@type":"ListItem","position":2,"name":"Pood","item":"https:\/\/www.lilleliis.com\/et\/shop\/"},{"@type":"ListItem","position":3,"name":"Kookosn\u00f6\u00f6p \u00f5mblusega &#8211; 18 mm &#8211; 10 tk"}]},{"@type":"WebSite","@id":"https:\/\/www.lilleliis.com\/et\/#website","url":"https:\/\/www.lilleliis.com\/et\/","name":"lilleliis","description":"Amigurumi m\u00e4nguasjad ja mustrid","potentialAction":[{"@type":"SearchAction","target":{"@type":"EntryPoint","urlTemplate":"https:\/\/www.lilleliis.com\/et\/?s={search_term_string}"},"query-input":{"@type":"PropertyValueSpecification","valueRequired":true,"valueName":"search_term_string"}}],"inLanguage":"et"}]}},"_links":{"self":[{"href":"https:\/\/www.lilleliis.com\/et\/wp-json\/wp\/v2\/product\/91137","targetHints":{"allow":["GET"]}}],"collection":[{"href":"https:\/\/www.lilleliis.com\/et\/wp-json\/wp\/v2\/product"}],"about":[{"href":"https:\/\/www.lilleliis.com\/et\/wp-json\/wp\/v2\/types\/product"}],"replies":[{"embeddable":true,"href":"https:\/\/www.lilleliis.com\/et\/wp-json\/wp\/v2\/comments?post=91137"}],"wp:featuredmedia":[{"embeddable":true,"href":"https:\/\/www.lilleliis.com\/et\/wp-json\/wp\/v2\/media\/91139"}],"wp:attachment":[{"href":"https:\/\/www.lilleliis.com\/et\/wp-json\/wp\/v2\/media?parent=91137"}],"wp:term":[{"taxonomy":"product_brand","embeddable":true,"href":"https:\/\/www.lilleliis.com\/et\/wp-json\/wp\/v2\/product_brand?post=91137"},{"taxonomy":"product_cat","embeddable":true,"href":"https:\/\/www.lilleliis.com\/et\/wp-json\/wp\/v2\/product_cat?post=91137"},{"taxonomy":"product_tag","embeddable":true,"href":"https:\/\/www.lilleliis.com\/et\/wp-json\/wp\/v2\/product_tag?post=91137"}],"curies":[{"name":"wp","href":"https:\/\/api.w.org\/{rel}","templated":true}]}}