{"id":91158,"date":"2026-02-11T11:01:05","date_gmt":"2026-02-11T09:01:05","guid":{"rendered":"https:\/\/www.lilleliis.com\/?post_type=product&#038;p=91158"},"modified":"2026-02-11T11:12:08","modified_gmt":"2026-02-11T09:12:08","slug":"metallist-nuku-noobid-6-mm-pronks","status":"publish","type":"product","link":"https:\/\/www.lilleliis.com\/et\/toode\/metallist-nuku-noobid-6-mm-pronks\/","title":{"rendered":"Nukun\u00f6\u00f6p 6 mm \u2013 metall \u2013 50 tk"},"content":{"rendered":null,"protected":false},"excerpt":{"rendered":"<p>Komplektis on kvaliteetsed metallist nuku n\u00f6\u00f6bid. 50 tk, kahe auguga.<\/p>\n<p>N\u00f6\u00f6bid sobivad m\u00e4nguasjade ja nukkude viimistlemiseks. Suurus sobib ka pisematele m\u00e4nguasjadele. \u00d5mble p\u00fckstele, mantlile, kleidile, kingadele, jne.<\/p>\n<p>A kvaliteediklass.<\/p>\n<div class=\"is-divider divider clearfix\" style=\"max-width:100%;\"><\/div>\n<p>N\u00f6\u00f6bi l\u00e4bim\u00f5\u00f5t: 6 mm<\/p>\n<p>Materjal: metall<\/p>\n<p>Vali v\u00e4rv: h\u00f5be, kuld, pronks v\u00f5i must metall<\/p>\n","protected":false},"featured_media":91164,"comment_status":"open","ping_status":"closed","template":"","meta":[],"product_brand":[],"product_cat":[429,564],"product_tag":[],"class_list":{"0":"post-91158","1":"product","2":"type-product","3":"status-publish","4":"has-post-thumbnail","6":"product_cat-kasitoo-tarvikud","7":"product_cat-noobid","8":"pa_button-size-6-mm","9":"pa_color-hobe","10":"pa_color-kuld","11":"pa_color-mitmevarviline","12":"pa_color-must","13":"pa_color-pronks","15":"first","16":"instock","17":"taxable","18":"shipping-taxable","19":"purchasable","20":"product-type-variable"},"yoast_head":"<!-- This site is optimized with the Yoast SEO plugin v27.3 - https:\/\/yoast.com\/product\/yoast-seo-wordpress\/ -->\n<title>Metallist nuku n\u00f6\u00f6bid | K\u00e4sit\u00f6\u00f6, m\u00e4nguasjade valmistamine | lilleliis<\/title>\n<meta name=\"description\" content=\"Metallist nuku n\u00f6\u00f6bid, 6mm, 50 tk. Sobivad amigurumi m\u00e4nguasjade ja nukkude ning nukuriiete viimistlemiseks.\" \/>\n<meta name=\"robots\" content=\"index, follow, max-snippet:-1, max-image-preview:large, max-video-preview:-1\" \/>\n<link rel=\"canonical\" href=\"https:\/\/www.lilleliis.com\/et\/toode\/metallist-nuku-noobid-6-mm-pronks\/\" \/>\n<meta property=\"og:locale\" content=\"et_EE\" \/>\n<meta property=\"og:type\" content=\"article\" \/>\n<meta property=\"og:title\" content=\"Metallist nuku n\u00f6\u00f6bid | K\u00e4sit\u00f6\u00f6, m\u00e4nguasjade valmistamine | lilleliis\" \/>\n<meta property=\"og:description\" content=\"Metallist nuku n\u00f6\u00f6bid, 6mm, 50 tk. Sobivad amigurumi m\u00e4nguasjade ja nukkude ning nukuriiete viimistlemiseks.\" \/>\n<meta property=\"og:url\" content=\"https:\/\/www.lilleliis.com\/et\/toode\/metallist-nuku-noobid-6-mm-pronks\/\" \/>\n<meta property=\"og:site_name\" content=\"lilleliis\" \/>\n<meta property=\"article:publisher\" content=\"https:\/\/www.facebook.com\/lilleliis-283266335035799\/\" \/>\n<meta property=\"article:modified_time\" content=\"2026-02-11T09:12:08+00:00\" \/>\n<meta property=\"og:image\" content=\"https:\/\/www.lilleliis.com\/wp-content\/uploads\/2023\/05\/metallist-nuku-noobid-pronks-6-mm-3.jpg\" \/>\n\t<meta property=\"og:image:width\" content=\"1500\" \/>\n\t<meta property=\"og:image:height\" content=\"1000\" \/>\n\t<meta property=\"og:image:type\" content=\"image\/jpeg\" \/>\n<meta name=\"twitter:card\" content=\"summary_large_image\" \/>\n<meta name=\"twitter:label1\" content=\"Est. reading time\" \/>\n\t<meta name=\"twitter:data1\" content=\"1 minute\" \/>\n<script type=\"application\/ld+json\" class=\"yoast-schema-graph\">{\"@context\":\"https:\\\/\\\/schema.org\",\"@graph\":[{\"@type\":\"WebPage\",\"@id\":\"https:\\\/\\\/www.lilleliis.com\\\/et\\\/toode\\\/metallist-nuku-noobid-6-mm-pronks\\\/\",\"url\":\"https:\\\/\\\/www.lilleliis.com\\\/et\\\/toode\\\/metallist-nuku-noobid-6-mm-pronks\\\/\",\"name\":\"Metallist nuku n\u00f6\u00f6bid | K\u00e4sit\u00f6\u00f6, m\u00e4nguasjade valmistamine | lilleliis\",\"isPartOf\":{\"@id\":\"https:\\\/\\\/www.lilleliis.com\\\/et\\\/#website\"},\"primaryImageOfPage\":{\"@id\":\"https:\\\/\\\/www.lilleliis.com\\\/et\\\/toode\\\/metallist-nuku-noobid-6-mm-pronks\\\/#primaryimage\"},\"image\":{\"@id\":\"https:\\\/\\\/www.lilleliis.com\\\/et\\\/toode\\\/metallist-nuku-noobid-6-mm-pronks\\\/#primaryimage\"},\"thumbnailUrl\":\"https:\\\/\\\/www.lilleliis.com\\\/wp-content\\\/uploads\\\/2023\\\/05\\\/metallist-nuku-noobid-pronks-6-mm-3.jpg\",\"datePublished\":\"2026-02-11T09:01:05+00:00\",\"dateModified\":\"2026-02-11T09:12:08+00:00\",\"description\":\"Metallist nuku n\u00f6\u00f6bid, 6mm, 50 tk. Sobivad amigurumi m\u00e4nguasjade ja nukkude ning nukuriiete viimistlemiseks.\",\"breadcrumb\":{\"@id\":\"https:\\\/\\\/www.lilleliis.com\\\/et\\\/toode\\\/metallist-nuku-noobid-6-mm-pronks\\\/#breadcrumb\"},\"inLanguage\":\"et\",\"potentialAction\":[{\"@type\":\"ReadAction\",\"target\":[\"https:\\\/\\\/www.lilleliis.com\\\/et\\\/toode\\\/metallist-nuku-noobid-6-mm-pronks\\\/\"]}]},{\"@type\":\"ImageObject\",\"inLanguage\":\"et\",\"@id\":\"https:\\\/\\\/www.lilleliis.com\\\/et\\\/toode\\\/metallist-nuku-noobid-6-mm-pronks\\\/#primaryimage\",\"url\":\"https:\\\/\\\/www.lilleliis.com\\\/wp-content\\\/uploads\\\/2023\\\/05\\\/metallist-nuku-noobid-pronks-6-mm-3.jpg\",\"contentUrl\":\"https:\\\/\\\/www.lilleliis.com\\\/wp-content\\\/uploads\\\/2023\\\/05\\\/metallist-nuku-noobid-pronks-6-mm-3.jpg\",\"width\":1500,\"height\":1000,\"caption\":\"metallist nuku n\u00f6\u00f6bid pronks\"},{\"@type\":\"BreadcrumbList\",\"@id\":\"https:\\\/\\\/www.lilleliis.com\\\/et\\\/toode\\\/metallist-nuku-noobid-6-mm-pronks\\\/#breadcrumb\",\"itemListElement\":[{\"@type\":\"ListItem\",\"position\":1,\"name\":\"Home\",\"item\":\"https:\\\/\\\/www.lilleliis.com\\\/et\\\/\"},{\"@type\":\"ListItem\",\"position\":2,\"name\":\"Pood\",\"item\":\"https:\\\/\\\/www.lilleliis.com\\\/et\\\/shop\\\/\"},{\"@type\":\"ListItem\",\"position\":3,\"name\":\"Nukun\u00f6\u00f6p 6 mm \u2013 metall \u2013 50 tk\"}]},{\"@type\":\"WebSite\",\"@id\":\"https:\\\/\\\/www.lilleliis.com\\\/et\\\/#website\",\"url\":\"https:\\\/\\\/www.lilleliis.com\\\/et\\\/\",\"name\":\"lilleliis\",\"description\":\"Amigurumi m\u00e4nguasjad ja mustrid\",\"potentialAction\":[{\"@type\":\"SearchAction\",\"target\":{\"@type\":\"EntryPoint\",\"urlTemplate\":\"https:\\\/\\\/www.lilleliis.com\\\/et\\\/?s={search_term_string}\"},\"query-input\":{\"@type\":\"PropertyValueSpecification\",\"valueRequired\":true,\"valueName\":\"search_term_string\"}}],\"inLanguage\":\"et\"}]}<\/script>\n<!-- \/ Yoast SEO plugin. -->","yoast_head_json":{"title":"Metallist nuku n\u00f6\u00f6bid | K\u00e4sit\u00f6\u00f6, m\u00e4nguasjade valmistamine | lilleliis","description":"Metallist nuku n\u00f6\u00f6bid, 6mm, 50 tk. Sobivad amigurumi m\u00e4nguasjade ja nukkude ning nukuriiete viimistlemiseks.","robots":{"index":"index","follow":"follow","max-snippet":"max-snippet:-1","max-image-preview":"max-image-preview:large","max-video-preview":"max-video-preview:-1"},"canonical":"https:\/\/www.lilleliis.com\/et\/toode\/metallist-nuku-noobid-6-mm-pronks\/","og_locale":"et_EE","og_type":"article","og_title":"Metallist nuku n\u00f6\u00f6bid | K\u00e4sit\u00f6\u00f6, m\u00e4nguasjade valmistamine | lilleliis","og_description":"Metallist nuku n\u00f6\u00f6bid, 6mm, 50 tk. Sobivad amigurumi m\u00e4nguasjade ja nukkude ning nukuriiete viimistlemiseks.","og_url":"https:\/\/www.lilleliis.com\/et\/toode\/metallist-nuku-noobid-6-mm-pronks\/","og_site_name":"lilleliis","article_publisher":"https:\/\/www.facebook.com\/lilleliis-283266335035799\/","article_modified_time":"2026-02-11T09:12:08+00:00","og_image":[{"width":1500,"height":1000,"url":"https:\/\/www.lilleliis.com\/wp-content\/uploads\/2023\/05\/metallist-nuku-noobid-pronks-6-mm-3.jpg","type":"image\/jpeg"}],"twitter_card":"summary_large_image","twitter_misc":{"Est. reading time":"1 minute"},"schema":{"@context":"https:\/\/schema.org","@graph":[{"@type":"WebPage","@id":"https:\/\/www.lilleliis.com\/et\/toode\/metallist-nuku-noobid-6-mm-pronks\/","url":"https:\/\/www.lilleliis.com\/et\/toode\/metallist-nuku-noobid-6-mm-pronks\/","name":"Metallist nuku n\u00f6\u00f6bid | K\u00e4sit\u00f6\u00f6, m\u00e4nguasjade valmistamine | lilleliis","isPartOf":{"@id":"https:\/\/www.lilleliis.com\/et\/#website"},"primaryImageOfPage":{"@id":"https:\/\/www.lilleliis.com\/et\/toode\/metallist-nuku-noobid-6-mm-pronks\/#primaryimage"},"image":{"@id":"https:\/\/www.lilleliis.com\/et\/toode\/metallist-nuku-noobid-6-mm-pronks\/#primaryimage"},"thumbnailUrl":"https:\/\/www.lilleliis.com\/wp-content\/uploads\/2023\/05\/metallist-nuku-noobid-pronks-6-mm-3.jpg","datePublished":"2026-02-11T09:01:05+00:00","dateModified":"2026-02-11T09:12:08+00:00","description":"Metallist nuku n\u00f6\u00f6bid, 6mm, 50 tk. Sobivad amigurumi m\u00e4nguasjade ja nukkude ning nukuriiete viimistlemiseks.","breadcrumb":{"@id":"https:\/\/www.lilleliis.com\/et\/toode\/metallist-nuku-noobid-6-mm-pronks\/#breadcrumb"},"inLanguage":"et","potentialAction":[{"@type":"ReadAction","target":["https:\/\/www.lilleliis.com\/et\/toode\/metallist-nuku-noobid-6-mm-pronks\/"]}]},{"@type":"ImageObject","inLanguage":"et","@id":"https:\/\/www.lilleliis.com\/et\/toode\/metallist-nuku-noobid-6-mm-pronks\/#primaryimage","url":"https:\/\/www.lilleliis.com\/wp-content\/uploads\/2023\/05\/metallist-nuku-noobid-pronks-6-mm-3.jpg","contentUrl":"https:\/\/www.lilleliis.com\/wp-content\/uploads\/2023\/05\/metallist-nuku-noobid-pronks-6-mm-3.jpg","width":1500,"height":1000,"caption":"metallist nuku n\u00f6\u00f6bid pronks"},{"@type":"BreadcrumbList","@id":"https:\/\/www.lilleliis.com\/et\/toode\/metallist-nuku-noobid-6-mm-pronks\/#breadcrumb","itemListElement":[{"@type":"ListItem","position":1,"name":"Home","item":"https:\/\/www.lilleliis.com\/et\/"},{"@type":"ListItem","position":2,"name":"Pood","item":"https:\/\/www.lilleliis.com\/et\/shop\/"},{"@type":"ListItem","position":3,"name":"Nukun\u00f6\u00f6p 6 mm \u2013 metall \u2013 50 tk"}]},{"@type":"WebSite","@id":"https:\/\/www.lilleliis.com\/et\/#website","url":"https:\/\/www.lilleliis.com\/et\/","name":"lilleliis","description":"Amigurumi m\u00e4nguasjad ja mustrid","potentialAction":[{"@type":"SearchAction","target":{"@type":"EntryPoint","urlTemplate":"https:\/\/www.lilleliis.com\/et\/?s={search_term_string}"},"query-input":{"@type":"PropertyValueSpecification","valueRequired":true,"valueName":"search_term_string"}}],"inLanguage":"et"}]}},"_links":{"self":[{"href":"https:\/\/www.lilleliis.com\/et\/wp-json\/wp\/v2\/product\/91158","targetHints":{"allow":["GET"]}}],"collection":[{"href":"https:\/\/www.lilleliis.com\/et\/wp-json\/wp\/v2\/product"}],"about":[{"href":"https:\/\/www.lilleliis.com\/et\/wp-json\/wp\/v2\/types\/product"}],"replies":[{"embeddable":true,"href":"https:\/\/www.lilleliis.com\/et\/wp-json\/wp\/v2\/comments?post=91158"}],"wp:featuredmedia":[{"embeddable":true,"href":"https:\/\/www.lilleliis.com\/et\/wp-json\/wp\/v2\/media\/91164"}],"wp:attachment":[{"href":"https:\/\/www.lilleliis.com\/et\/wp-json\/wp\/v2\/media?parent=91158"}],"wp:term":[{"taxonomy":"product_brand","embeddable":true,"href":"https:\/\/www.lilleliis.com\/et\/wp-json\/wp\/v2\/product_brand?post=91158"},{"taxonomy":"product_cat","embeddable":true,"href":"https:\/\/www.lilleliis.com\/et\/wp-json\/wp\/v2\/product_cat?post=91158"},{"taxonomy":"product_tag","embeddable":true,"href":"https:\/\/www.lilleliis.com\/et\/wp-json\/wp\/v2\/product_tag?post=91158"}],"curies":[{"name":"wp","href":"https:\/\/api.w.org\/{rel}","templated":true}]}}