{"id":91179,"date":"2026-02-21T17:35:09","date_gmt":"2026-02-21T15:35:09","guid":{"rendered":"https:\/\/www.lilleliis.com\/?post_type=product&#038;p=91179"},"modified":"2026-04-20T14:58:28","modified_gmt":"2026-04-20T11:58:28","slug":"heegeldamise-komplekt-kevadjanku","status":"publish","type":"product","link":"https:\/\/www.lilleliis.com\/et\/toode\/heegeldamise-komplekt-kevadjanku\/","title":{"rendered":"Kevad-j\u00e4nku heegeldamise komplekt (l\u00f5ng ja PDF \u00f5petus)"},"content":{"rendered":"<p>L\u00f5nga komplekt Kevad-j\u00e4nku heegeldamiseks. Sisaldab \u00f5petust ja materjali, et saaksid ise lihtsa ja armsa j\u00e4nese heegeldada.<\/p>\n<p>Materjalid on pakitud kenasse puuvillasesse kotti, mida saad hiljem kasutada k\u00e4sit\u00f6\u00f6tarvete hoiustamiseks v\u00f5i hoopis valmis m\u00e4nguasja kinkepakendamiseks.<\/p>\n<div class=\"is-divider divider clearfix\" ><\/div>\n<h3>Materjali komplekt<\/h3>\n<p>Sisaldab:<\/p>\n<ul>\n<li>5 tokki l\u00f5nga Rico Design <em>Ricorumi DK<\/em> (j\u00e4tkub \u00fche bee\u017ei ja \u00fche pruuni j\u00e4nese valmistamiseks)<\/li>\n<li>mustad turvasilmad 6 mm &#8211; 2 paari<\/li>\n<li>pruun niit nina tikkimiseks<\/li>\n<li>silmusem\u00e4rkija (juhuslikult valitud v\u00e4rvitoonis)<\/li>\n<li>puuvillane kott<\/li>\n<\/ul>\n<p><strong>Komplektile saad juurde osta pehme <a href=\"https:\/\/www.lilleliis.com\/et\/toode\/poluester-kerakiud\/\">t\u00e4itematerjali<\/a>,\u00a0<a href=\"https:\/\/www.lilleliis.com\/et\/toode\/ergonoomiline-heegelnoel-clover\/\">heegeln\u00f5ela<\/a> (2,5 mm) ja <a href=\"https:\/\/www.lilleliis.com\/et\/toode\/sukanoel\/\">sukan\u00f5ela<\/a> \u00f5mblemiseks.<\/strong><\/p>\n<div class=\"is-divider divider clearfix\" ><\/div>\n<h3>\u00d5petus<\/h3>\n<p>Autor: Mari-Liis Lille (lilleliis)<\/p>\n<p>\u00d5petuse (PDF fail) saad allalaetava lingina kohe p\u00e4rast tellimuse esitamist. Enne ostukorvi panemist vali \u00f5petuse keel!<\/p>\n<p>Raskusaste: lihtne (sobib ka alustajale heegeldajale)<\/p>\n","protected":false},"excerpt":{"rendered":"<p>Kevad-j\u00e4nku heegeldamise komplekt sisaldab \u00f5petust ja materjali, et saaksid ise lihtsa ja armsa j\u00e4nese heegeldada. N\u00e4iteks lihav\u00f5tte \u00fcllatuseks v\u00f5i kodukaunistuseks.<\/p>\n<p>J\u00e4nku on inspireeritud kevadest, \u00f5itsevatest lilledest ja lihav\u00f5ttemunadest. K\u00f5ik need armsad asjad on \u00fchte j\u00e4nesesse kokku pandud! J\u00e4nes ise on lihtne ja koosneb ainult kolmest heegeldatud detailist. Eriliseks teevad selle kaunistused \u2013 keha p\u00f5hjas olev muru ja kehale tikitud lille\u00f5ied.<\/p>\n<p>Valmis j\u00e4nku on umbes 15 cm pikk.<\/p>\n","protected":false},"featured_media":91196,"comment_status":"open","ping_status":"closed","template":"","meta":[],"product_brand":[1580],"product_cat":[1036],"product_tag":[],"class_list":{"0":"post-91179","1":"product","2":"type-product","3":"status-publish","4":"has-post-thumbnail","6":"product_brand-lilleliis","7":"product_cat-kasitookomplekt","8":"pa_pattern-language-eesti","9":"pa_pattern-language-hispaania","10":"pa_pattern-language-hollandi","11":"pa_pattern-language-inglise","12":"pa_pattern-language-itaalia","13":"pa_pattern-language-saksa","14":"pa_pattern-language-taani","16":"first","17":"instock","18":"taxable","19":"shipping-taxable","20":"purchasable","21":"product-type-variable"},"yoast_head":"<!-- This site is optimized with the Yoast SEO plugin v27.3 - https:\/\/yoast.com\/product\/yoast-seo-wordpress\/ -->\n<title>Kevad-j\u00e4nku heegeldamise komplekt (l\u00f5ng ja PDF \u00f5petus) | lilleliis<\/title>\n<meta name=\"description\" content=\"Heegeldamise komplekt Kevad-j\u00e4nku valmistamiseks. Sisaldab \u00f5petust ja materjale (l\u00f5ngad, turvasilmad), et saaksid ise armsa j\u00e4nese meisterdada.\" \/>\n<meta name=\"robots\" content=\"index, follow, max-snippet:-1, max-image-preview:large, max-video-preview:-1\" \/>\n<link rel=\"canonical\" href=\"https:\/\/www.lilleliis.com\/et\/toode\/heegeldamise-komplekt-kevadjanku\/\" \/>\n<meta property=\"og:locale\" content=\"et_EE\" \/>\n<meta property=\"og:type\" content=\"article\" \/>\n<meta property=\"og:title\" content=\"Kevad-j\u00e4nku heegeldamise komplekt (l\u00f5ng ja PDF \u00f5petus) | lilleliis\" \/>\n<meta property=\"og:description\" content=\"Heegeldamise komplekt Kevad-j\u00e4nku valmistamiseks. Sisaldab \u00f5petust ja materjale (l\u00f5ngad, turvasilmad), et saaksid ise armsa j\u00e4nese meisterdada.\" \/>\n<meta property=\"og:url\" content=\"https:\/\/www.lilleliis.com\/et\/toode\/heegeldamise-komplekt-kevadjanku\/\" \/>\n<meta property=\"og:site_name\" content=\"lilleliis\" \/>\n<meta property=\"article:publisher\" content=\"https:\/\/www.facebook.com\/lilleliis-283266335035799\/\" \/>\n<meta property=\"article:modified_time\" content=\"2026-04-20T11:58:28+00:00\" \/>\n<meta property=\"og:image\" content=\"https:\/\/www.lilleliis.com\/wp-content\/uploads\/2023\/05\/Longa-komplekt-kevadjanku-heegeldamiseks-6.jpg\" \/>\n\t<meta property=\"og:image:width\" content=\"1000\" \/>\n\t<meta property=\"og:image:height\" content=\"1500\" \/>\n\t<meta property=\"og:image:type\" content=\"image\/jpeg\" \/>\n<meta name=\"twitter:card\" content=\"summary_large_image\" \/>\n<meta name=\"twitter:label1\" content=\"Est. reading time\" \/>\n\t<meta name=\"twitter:data1\" content=\"1 minute\" \/>\n<script type=\"application\/ld+json\" class=\"yoast-schema-graph\">{\"@context\":\"https:\\\/\\\/schema.org\",\"@graph\":[{\"@type\":\"WebPage\",\"@id\":\"https:\\\/\\\/www.lilleliis.com\\\/et\\\/toode\\\/heegeldamise-komplekt-kevadjanku\\\/\",\"url\":\"https:\\\/\\\/www.lilleliis.com\\\/et\\\/toode\\\/heegeldamise-komplekt-kevadjanku\\\/\",\"name\":\"Kevad-j\u00e4nku heegeldamise komplekt (l\u00f5ng ja PDF \u00f5petus) | lilleliis\",\"isPartOf\":{\"@id\":\"https:\\\/\\\/www.lilleliis.com\\\/et\\\/#website\"},\"primaryImageOfPage\":{\"@id\":\"https:\\\/\\\/www.lilleliis.com\\\/et\\\/toode\\\/heegeldamise-komplekt-kevadjanku\\\/#primaryimage\"},\"image\":{\"@id\":\"https:\\\/\\\/www.lilleliis.com\\\/et\\\/toode\\\/heegeldamise-komplekt-kevadjanku\\\/#primaryimage\"},\"thumbnailUrl\":\"https:\\\/\\\/www.lilleliis.com\\\/wp-content\\\/uploads\\\/2023\\\/05\\\/Longa-komplekt-kevadjanku-heegeldamiseks-6.jpg\",\"datePublished\":\"2026-02-21T15:35:09+00:00\",\"dateModified\":\"2026-04-20T11:58:28+00:00\",\"description\":\"Heegeldamise komplekt Kevad-j\u00e4nku valmistamiseks. Sisaldab \u00f5petust ja materjale (l\u00f5ngad, turvasilmad), et saaksid ise armsa j\u00e4nese meisterdada.\",\"breadcrumb\":{\"@id\":\"https:\\\/\\\/www.lilleliis.com\\\/et\\\/toode\\\/heegeldamise-komplekt-kevadjanku\\\/#breadcrumb\"},\"inLanguage\":\"et\",\"potentialAction\":[{\"@type\":\"ReadAction\",\"target\":[\"https:\\\/\\\/www.lilleliis.com\\\/et\\\/toode\\\/heegeldamise-komplekt-kevadjanku\\\/\"]}]},{\"@type\":\"ImageObject\",\"inLanguage\":\"et\",\"@id\":\"https:\\\/\\\/www.lilleliis.com\\\/et\\\/toode\\\/heegeldamise-komplekt-kevadjanku\\\/#primaryimage\",\"url\":\"https:\\\/\\\/www.lilleliis.com\\\/wp-content\\\/uploads\\\/2023\\\/05\\\/Longa-komplekt-kevadjanku-heegeldamiseks-6.jpg\",\"contentUrl\":\"https:\\\/\\\/www.lilleliis.com\\\/wp-content\\\/uploads\\\/2023\\\/05\\\/Longa-komplekt-kevadjanku-heegeldamiseks-6.jpg\",\"width\":1000,\"height\":1500,\"caption\":\"L\u00f5nga komplekt Kevadj\u00e4nku heegeldamiseks\"},{\"@type\":\"BreadcrumbList\",\"@id\":\"https:\\\/\\\/www.lilleliis.com\\\/et\\\/toode\\\/heegeldamise-komplekt-kevadjanku\\\/#breadcrumb\",\"itemListElement\":[{\"@type\":\"ListItem\",\"position\":1,\"name\":\"Home\",\"item\":\"https:\\\/\\\/www.lilleliis.com\\\/et\\\/\"},{\"@type\":\"ListItem\",\"position\":2,\"name\":\"Pood\",\"item\":\"https:\\\/\\\/www.lilleliis.com\\\/et\\\/shop\\\/\"},{\"@type\":\"ListItem\",\"position\":3,\"name\":\"Kevad-j\u00e4nku heegeldamise komplekt (l\u00f5ng ja PDF \u00f5petus)\"}]},{\"@type\":\"WebSite\",\"@id\":\"https:\\\/\\\/www.lilleliis.com\\\/et\\\/#website\",\"url\":\"https:\\\/\\\/www.lilleliis.com\\\/et\\\/\",\"name\":\"lilleliis\",\"description\":\"Amigurumi m\u00e4nguasjad ja mustrid\",\"potentialAction\":[{\"@type\":\"SearchAction\",\"target\":{\"@type\":\"EntryPoint\",\"urlTemplate\":\"https:\\\/\\\/www.lilleliis.com\\\/et\\\/?s={search_term_string}\"},\"query-input\":{\"@type\":\"PropertyValueSpecification\",\"valueRequired\":true,\"valueName\":\"search_term_string\"}}],\"inLanguage\":\"et\"}]}<\/script>\n<!-- \/ Yoast SEO plugin. -->","yoast_head_json":{"title":"Kevad-j\u00e4nku heegeldamise komplekt (l\u00f5ng ja PDF \u00f5petus) | lilleliis","description":"Heegeldamise komplekt Kevad-j\u00e4nku valmistamiseks. Sisaldab \u00f5petust ja materjale (l\u00f5ngad, turvasilmad), et saaksid ise armsa j\u00e4nese meisterdada.","robots":{"index":"index","follow":"follow","max-snippet":"max-snippet:-1","max-image-preview":"max-image-preview:large","max-video-preview":"max-video-preview:-1"},"canonical":"https:\/\/www.lilleliis.com\/et\/toode\/heegeldamise-komplekt-kevadjanku\/","og_locale":"et_EE","og_type":"article","og_title":"Kevad-j\u00e4nku heegeldamise komplekt (l\u00f5ng ja PDF \u00f5petus) | lilleliis","og_description":"Heegeldamise komplekt Kevad-j\u00e4nku valmistamiseks. Sisaldab \u00f5petust ja materjale (l\u00f5ngad, turvasilmad), et saaksid ise armsa j\u00e4nese meisterdada.","og_url":"https:\/\/www.lilleliis.com\/et\/toode\/heegeldamise-komplekt-kevadjanku\/","og_site_name":"lilleliis","article_publisher":"https:\/\/www.facebook.com\/lilleliis-283266335035799\/","article_modified_time":"2026-04-20T11:58:28+00:00","og_image":[{"width":1000,"height":1500,"url":"https:\/\/www.lilleliis.com\/wp-content\/uploads\/2023\/05\/Longa-komplekt-kevadjanku-heegeldamiseks-6.jpg","type":"image\/jpeg"}],"twitter_card":"summary_large_image","twitter_misc":{"Est. reading time":"1 minute"},"schema":{"@context":"https:\/\/schema.org","@graph":[{"@type":"WebPage","@id":"https:\/\/www.lilleliis.com\/et\/toode\/heegeldamise-komplekt-kevadjanku\/","url":"https:\/\/www.lilleliis.com\/et\/toode\/heegeldamise-komplekt-kevadjanku\/","name":"Kevad-j\u00e4nku heegeldamise komplekt (l\u00f5ng ja PDF \u00f5petus) | lilleliis","isPartOf":{"@id":"https:\/\/www.lilleliis.com\/et\/#website"},"primaryImageOfPage":{"@id":"https:\/\/www.lilleliis.com\/et\/toode\/heegeldamise-komplekt-kevadjanku\/#primaryimage"},"image":{"@id":"https:\/\/www.lilleliis.com\/et\/toode\/heegeldamise-komplekt-kevadjanku\/#primaryimage"},"thumbnailUrl":"https:\/\/www.lilleliis.com\/wp-content\/uploads\/2023\/05\/Longa-komplekt-kevadjanku-heegeldamiseks-6.jpg","datePublished":"2026-02-21T15:35:09+00:00","dateModified":"2026-04-20T11:58:28+00:00","description":"Heegeldamise komplekt Kevad-j\u00e4nku valmistamiseks. Sisaldab \u00f5petust ja materjale (l\u00f5ngad, turvasilmad), et saaksid ise armsa j\u00e4nese meisterdada.","breadcrumb":{"@id":"https:\/\/www.lilleliis.com\/et\/toode\/heegeldamise-komplekt-kevadjanku\/#breadcrumb"},"inLanguage":"et","potentialAction":[{"@type":"ReadAction","target":["https:\/\/www.lilleliis.com\/et\/toode\/heegeldamise-komplekt-kevadjanku\/"]}]},{"@type":"ImageObject","inLanguage":"et","@id":"https:\/\/www.lilleliis.com\/et\/toode\/heegeldamise-komplekt-kevadjanku\/#primaryimage","url":"https:\/\/www.lilleliis.com\/wp-content\/uploads\/2023\/05\/Longa-komplekt-kevadjanku-heegeldamiseks-6.jpg","contentUrl":"https:\/\/www.lilleliis.com\/wp-content\/uploads\/2023\/05\/Longa-komplekt-kevadjanku-heegeldamiseks-6.jpg","width":1000,"height":1500,"caption":"L\u00f5nga komplekt Kevadj\u00e4nku heegeldamiseks"},{"@type":"BreadcrumbList","@id":"https:\/\/www.lilleliis.com\/et\/toode\/heegeldamise-komplekt-kevadjanku\/#breadcrumb","itemListElement":[{"@type":"ListItem","position":1,"name":"Home","item":"https:\/\/www.lilleliis.com\/et\/"},{"@type":"ListItem","position":2,"name":"Pood","item":"https:\/\/www.lilleliis.com\/et\/shop\/"},{"@type":"ListItem","position":3,"name":"Kevad-j\u00e4nku heegeldamise komplekt (l\u00f5ng ja PDF \u00f5petus)"}]},{"@type":"WebSite","@id":"https:\/\/www.lilleliis.com\/et\/#website","url":"https:\/\/www.lilleliis.com\/et\/","name":"lilleliis","description":"Amigurumi m\u00e4nguasjad ja mustrid","potentialAction":[{"@type":"SearchAction","target":{"@type":"EntryPoint","urlTemplate":"https:\/\/www.lilleliis.com\/et\/?s={search_term_string}"},"query-input":{"@type":"PropertyValueSpecification","valueRequired":true,"valueName":"search_term_string"}}],"inLanguage":"et"}]}},"_links":{"self":[{"href":"https:\/\/www.lilleliis.com\/et\/wp-json\/wp\/v2\/product\/91179","targetHints":{"allow":["GET"]}}],"collection":[{"href":"https:\/\/www.lilleliis.com\/et\/wp-json\/wp\/v2\/product"}],"about":[{"href":"https:\/\/www.lilleliis.com\/et\/wp-json\/wp\/v2\/types\/product"}],"replies":[{"embeddable":true,"href":"https:\/\/www.lilleliis.com\/et\/wp-json\/wp\/v2\/comments?post=91179"}],"wp:featuredmedia":[{"embeddable":true,"href":"https:\/\/www.lilleliis.com\/et\/wp-json\/wp\/v2\/media\/91196"}],"wp:attachment":[{"href":"https:\/\/www.lilleliis.com\/et\/wp-json\/wp\/v2\/media?parent=91179"}],"wp:term":[{"taxonomy":"product_brand","embeddable":true,"href":"https:\/\/www.lilleliis.com\/et\/wp-json\/wp\/v2\/product_brand?post=91179"},{"taxonomy":"product_cat","embeddable":true,"href":"https:\/\/www.lilleliis.com\/et\/wp-json\/wp\/v2\/product_cat?post=91179"},{"taxonomy":"product_tag","embeddable":true,"href":"https:\/\/www.lilleliis.com\/et\/wp-json\/wp\/v2\/product_tag?post=91179"}],"curies":[{"name":"wp","href":"https:\/\/api.w.org\/{rel}","templated":true}]}}