{"id":91232,"date":"2025-11-19T18:09:11","date_gmt":"2025-11-19T16:09:11","guid":{"rendered":"https:\/\/www.lilleliis.com\/?post_type=product&#038;p=91232"},"modified":"2026-03-02T17:06:51","modified_gmt":"2026-03-02T15:06:51","slug":"sukanoel","status":"publish","type":"product","link":"https:\/\/www.lilleliis.com\/et\/toode\/sukanoel\/","title":{"rendered":"Sukan\u00f5el &#8211; t\u00f6mbi otsaga &#8211; 3 tk"},"content":{"rendered":"<p>Spetsiaalsed t\u00f6mbi otsaga sukan\u00f5elad heegeldatud m\u00e4nguasjade valmistamiseks.<\/p>\n<p>Sukan\u00f5el on universaalne abimees, ilma milleta k\u00e4sit\u00f6\u00f6meister lihtsalt ei saa hakkama. M\u00e4nguasjade valmistamisel vajad seda ennek\u00f5ike detailide kokku\u00f5mblemiseks, aga ka paljude muude pisit\u00f6\u00f6de tegemiseks.<\/p>\n<p>Suure silma ja \u00fcmara otsaga (mitte terav) sukan\u00f5elad on tugevad ja kvaliteetsed.<\/p>\n<p>Komplektis on kolm roostevabast terasest n\u00f5ela pikkusega 5, 6 ja 7 cm.<\/p>\n<div class=\"is-divider divider clearfix\" ><\/div>\n<p>N\u00f5ela suurus: 50 x 1,2 mm; 60 x 1,9 mm;\u00a070 x 2,4 mm<\/p>\n<p>Materjal: roostevaba teras<\/p>\n","protected":false},"excerpt":{"rendered":"<p>T\u00f5mbi otsaga sukan\u00f5el on universaalne abimees, ilma milleta \u00fckski m\u00e4nguasjameister hakkama ei saa. Vaja l\u00e4heb seda ennek\u00f5ike detailide kokku\u00f5mblemiseks, aga ka paljude muude pisit\u00f6\u00f6de tegemiseks.<\/p>\n","protected":false},"featured_media":91240,"comment_status":"open","ping_status":"closed","template":"","meta":[],"product_brand":[1563],"product_cat":[982,429],"product_tag":[1586],"class_list":{"0":"post-91232","1":"product","2":"type-product","3":"status-publish","4":"has-post-thumbnail","6":"product_brand-rico-design","7":"product_cat-heegelnoelad-ja-noelad","8":"product_cat-kasitoo-tarvikud","9":"product_tag-noelad","11":"first","12":"instock","13":"taxable","14":"shipping-taxable","15":"purchasable","16":"product-type-simple"},"yoast_head":"<!-- This site is optimized with the Yoast SEO plugin v27.3 - https:\/\/yoast.com\/product\/yoast-seo-wordpress\/ -->\n<title>Sukan\u00f5el - t\u00f6mbi otsaga - 3 tk | K\u00e4sit\u00f6\u00f6tarbed | lilleliis<\/title>\n<meta name=\"description\" content=\"Spetsiaalsed sukan\u00f5elad heegeldatud m\u00e4nguasjade valmistamiseks. Tugevad ja kvaliteetsed n\u00f5elad sobivad ennek\u00f5ike detailide kokku\u00f5mblemiseks.\" \/>\n<meta name=\"robots\" content=\"index, follow, max-snippet:-1, max-image-preview:large, max-video-preview:-1\" \/>\n<link rel=\"canonical\" href=\"https:\/\/www.lilleliis.com\/et\/toode\/sukanoel\/\" \/>\n<meta property=\"og:locale\" content=\"et_EE\" \/>\n<meta property=\"og:type\" content=\"article\" \/>\n<meta property=\"og:title\" content=\"Sukan\u00f5el - t\u00f6mbi otsaga - 3 tk | K\u00e4sit\u00f6\u00f6tarbed | lilleliis\" \/>\n<meta property=\"og:description\" content=\"Spetsiaalsed sukan\u00f5elad heegeldatud m\u00e4nguasjade valmistamiseks. Tugevad ja kvaliteetsed n\u00f5elad sobivad ennek\u00f5ike detailide kokku\u00f5mblemiseks.\" \/>\n<meta property=\"og:url\" content=\"https:\/\/www.lilleliis.com\/et\/toode\/sukanoel\/\" \/>\n<meta property=\"og:site_name\" content=\"lilleliis\" \/>\n<meta property=\"article:publisher\" content=\"https:\/\/www.facebook.com\/lilleliis-283266335035799\/\" \/>\n<meta property=\"article:modified_time\" content=\"2026-03-02T15:06:51+00:00\" \/>\n<meta property=\"og:image\" content=\"https:\/\/www.lilleliis.com\/wp-content\/uploads\/2023\/05\/villa-noelad-prym-1.jpg\" \/>\n\t<meta property=\"og:image:width\" content=\"1000\" \/>\n\t<meta property=\"og:image:height\" content=\"1500\" \/>\n\t<meta property=\"og:image:type\" content=\"image\/jpeg\" \/>\n<meta name=\"twitter:card\" content=\"summary_large_image\" \/>\n<meta name=\"twitter:label1\" content=\"Est. reading time\" \/>\n\t<meta name=\"twitter:data1\" content=\"1 minute\" \/>\n<script type=\"application\/ld+json\" class=\"yoast-schema-graph\">{\"@context\":\"https:\\\/\\\/schema.org\",\"@graph\":[{\"@type\":\"WebPage\",\"@id\":\"https:\\\/\\\/www.lilleliis.com\\\/et\\\/toode\\\/sukanoel\\\/\",\"url\":\"https:\\\/\\\/www.lilleliis.com\\\/et\\\/toode\\\/sukanoel\\\/\",\"name\":\"Sukan\u00f5el - t\u00f6mbi otsaga - 3 tk | K\u00e4sit\u00f6\u00f6tarbed | lilleliis\",\"isPartOf\":{\"@id\":\"https:\\\/\\\/www.lilleliis.com\\\/et\\\/#website\"},\"primaryImageOfPage\":{\"@id\":\"https:\\\/\\\/www.lilleliis.com\\\/et\\\/toode\\\/sukanoel\\\/#primaryimage\"},\"image\":{\"@id\":\"https:\\\/\\\/www.lilleliis.com\\\/et\\\/toode\\\/sukanoel\\\/#primaryimage\"},\"thumbnailUrl\":\"https:\\\/\\\/www.lilleliis.com\\\/wp-content\\\/uploads\\\/2023\\\/05\\\/villa-noelad-prym-1.jpg\",\"datePublished\":\"2025-11-19T16:09:11+00:00\",\"dateModified\":\"2026-03-02T15:06:51+00:00\",\"description\":\"Spetsiaalsed sukan\u00f5elad heegeldatud m\u00e4nguasjade valmistamiseks. Tugevad ja kvaliteetsed n\u00f5elad sobivad ennek\u00f5ike detailide kokku\u00f5mblemiseks.\",\"breadcrumb\":{\"@id\":\"https:\\\/\\\/www.lilleliis.com\\\/et\\\/toode\\\/sukanoel\\\/#breadcrumb\"},\"inLanguage\":\"et\",\"potentialAction\":[{\"@type\":\"ReadAction\",\"target\":[\"https:\\\/\\\/www.lilleliis.com\\\/et\\\/toode\\\/sukanoel\\\/\"]}]},{\"@type\":\"ImageObject\",\"inLanguage\":\"et\",\"@id\":\"https:\\\/\\\/www.lilleliis.com\\\/et\\\/toode\\\/sukanoel\\\/#primaryimage\",\"url\":\"https:\\\/\\\/www.lilleliis.com\\\/wp-content\\\/uploads\\\/2023\\\/05\\\/villa-noelad-prym-1.jpg\",\"contentUrl\":\"https:\\\/\\\/www.lilleliis.com\\\/wp-content\\\/uploads\\\/2023\\\/05\\\/villa-noelad-prym-1.jpg\",\"width\":1000,\"height\":1500,\"caption\":\"villa n\u00f5elad prym\"},{\"@type\":\"BreadcrumbList\",\"@id\":\"https:\\\/\\\/www.lilleliis.com\\\/et\\\/toode\\\/sukanoel\\\/#breadcrumb\",\"itemListElement\":[{\"@type\":\"ListItem\",\"position\":1,\"name\":\"Home\",\"item\":\"https:\\\/\\\/www.lilleliis.com\\\/et\\\/\"},{\"@type\":\"ListItem\",\"position\":2,\"name\":\"Pood\",\"item\":\"https:\\\/\\\/www.lilleliis.com\\\/et\\\/shop\\\/\"},{\"@type\":\"ListItem\",\"position\":3,\"name\":\"Sukan\u00f5el &#8211; t\u00f6mbi otsaga &#8211; 3 tk\"}]},{\"@type\":\"WebSite\",\"@id\":\"https:\\\/\\\/www.lilleliis.com\\\/et\\\/#website\",\"url\":\"https:\\\/\\\/www.lilleliis.com\\\/et\\\/\",\"name\":\"lilleliis\",\"description\":\"Amigurumi m\u00e4nguasjad ja mustrid\",\"potentialAction\":[{\"@type\":\"SearchAction\",\"target\":{\"@type\":\"EntryPoint\",\"urlTemplate\":\"https:\\\/\\\/www.lilleliis.com\\\/et\\\/?s={search_term_string}\"},\"query-input\":{\"@type\":\"PropertyValueSpecification\",\"valueRequired\":true,\"valueName\":\"search_term_string\"}}],\"inLanguage\":\"et\"}]}<\/script>\n<!-- \/ Yoast SEO plugin. -->","yoast_head_json":{"title":"Sukan\u00f5el - t\u00f6mbi otsaga - 3 tk | K\u00e4sit\u00f6\u00f6tarbed | lilleliis","description":"Spetsiaalsed sukan\u00f5elad heegeldatud m\u00e4nguasjade valmistamiseks. Tugevad ja kvaliteetsed n\u00f5elad sobivad ennek\u00f5ike detailide kokku\u00f5mblemiseks.","robots":{"index":"index","follow":"follow","max-snippet":"max-snippet:-1","max-image-preview":"max-image-preview:large","max-video-preview":"max-video-preview:-1"},"canonical":"https:\/\/www.lilleliis.com\/et\/toode\/sukanoel\/","og_locale":"et_EE","og_type":"article","og_title":"Sukan\u00f5el - t\u00f6mbi otsaga - 3 tk | K\u00e4sit\u00f6\u00f6tarbed | lilleliis","og_description":"Spetsiaalsed sukan\u00f5elad heegeldatud m\u00e4nguasjade valmistamiseks. Tugevad ja kvaliteetsed n\u00f5elad sobivad ennek\u00f5ike detailide kokku\u00f5mblemiseks.","og_url":"https:\/\/www.lilleliis.com\/et\/toode\/sukanoel\/","og_site_name":"lilleliis","article_publisher":"https:\/\/www.facebook.com\/lilleliis-283266335035799\/","article_modified_time":"2026-03-02T15:06:51+00:00","og_image":[{"width":1000,"height":1500,"url":"https:\/\/www.lilleliis.com\/wp-content\/uploads\/2023\/05\/villa-noelad-prym-1.jpg","type":"image\/jpeg"}],"twitter_card":"summary_large_image","twitter_misc":{"Est. reading time":"1 minute"},"schema":{"@context":"https:\/\/schema.org","@graph":[{"@type":"WebPage","@id":"https:\/\/www.lilleliis.com\/et\/toode\/sukanoel\/","url":"https:\/\/www.lilleliis.com\/et\/toode\/sukanoel\/","name":"Sukan\u00f5el - t\u00f6mbi otsaga - 3 tk | K\u00e4sit\u00f6\u00f6tarbed | lilleliis","isPartOf":{"@id":"https:\/\/www.lilleliis.com\/et\/#website"},"primaryImageOfPage":{"@id":"https:\/\/www.lilleliis.com\/et\/toode\/sukanoel\/#primaryimage"},"image":{"@id":"https:\/\/www.lilleliis.com\/et\/toode\/sukanoel\/#primaryimage"},"thumbnailUrl":"https:\/\/www.lilleliis.com\/wp-content\/uploads\/2023\/05\/villa-noelad-prym-1.jpg","datePublished":"2025-11-19T16:09:11+00:00","dateModified":"2026-03-02T15:06:51+00:00","description":"Spetsiaalsed sukan\u00f5elad heegeldatud m\u00e4nguasjade valmistamiseks. Tugevad ja kvaliteetsed n\u00f5elad sobivad ennek\u00f5ike detailide kokku\u00f5mblemiseks.","breadcrumb":{"@id":"https:\/\/www.lilleliis.com\/et\/toode\/sukanoel\/#breadcrumb"},"inLanguage":"et","potentialAction":[{"@type":"ReadAction","target":["https:\/\/www.lilleliis.com\/et\/toode\/sukanoel\/"]}]},{"@type":"ImageObject","inLanguage":"et","@id":"https:\/\/www.lilleliis.com\/et\/toode\/sukanoel\/#primaryimage","url":"https:\/\/www.lilleliis.com\/wp-content\/uploads\/2023\/05\/villa-noelad-prym-1.jpg","contentUrl":"https:\/\/www.lilleliis.com\/wp-content\/uploads\/2023\/05\/villa-noelad-prym-1.jpg","width":1000,"height":1500,"caption":"villa n\u00f5elad prym"},{"@type":"BreadcrumbList","@id":"https:\/\/www.lilleliis.com\/et\/toode\/sukanoel\/#breadcrumb","itemListElement":[{"@type":"ListItem","position":1,"name":"Home","item":"https:\/\/www.lilleliis.com\/et\/"},{"@type":"ListItem","position":2,"name":"Pood","item":"https:\/\/www.lilleliis.com\/et\/shop\/"},{"@type":"ListItem","position":3,"name":"Sukan\u00f5el &#8211; t\u00f6mbi otsaga &#8211; 3 tk"}]},{"@type":"WebSite","@id":"https:\/\/www.lilleliis.com\/et\/#website","url":"https:\/\/www.lilleliis.com\/et\/","name":"lilleliis","description":"Amigurumi m\u00e4nguasjad ja mustrid","potentialAction":[{"@type":"SearchAction","target":{"@type":"EntryPoint","urlTemplate":"https:\/\/www.lilleliis.com\/et\/?s={search_term_string}"},"query-input":{"@type":"PropertyValueSpecification","valueRequired":true,"valueName":"search_term_string"}}],"inLanguage":"et"}]}},"_links":{"self":[{"href":"https:\/\/www.lilleliis.com\/et\/wp-json\/wp\/v2\/product\/91232","targetHints":{"allow":["GET"]}}],"collection":[{"href":"https:\/\/www.lilleliis.com\/et\/wp-json\/wp\/v2\/product"}],"about":[{"href":"https:\/\/www.lilleliis.com\/et\/wp-json\/wp\/v2\/types\/product"}],"replies":[{"embeddable":true,"href":"https:\/\/www.lilleliis.com\/et\/wp-json\/wp\/v2\/comments?post=91232"}],"wp:featuredmedia":[{"embeddable":true,"href":"https:\/\/www.lilleliis.com\/et\/wp-json\/wp\/v2\/media\/91240"}],"wp:attachment":[{"href":"https:\/\/www.lilleliis.com\/et\/wp-json\/wp\/v2\/media?parent=91232"}],"wp:term":[{"taxonomy":"product_brand","embeddable":true,"href":"https:\/\/www.lilleliis.com\/et\/wp-json\/wp\/v2\/product_brand?post=91232"},{"taxonomy":"product_cat","embeddable":true,"href":"https:\/\/www.lilleliis.com\/et\/wp-json\/wp\/v2\/product_cat?post=91232"},{"taxonomy":"product_tag","embeddable":true,"href":"https:\/\/www.lilleliis.com\/et\/wp-json\/wp\/v2\/product_tag?post=91232"}],"curies":[{"name":"wp","href":"https:\/\/api.w.org\/{rel}","templated":true}]}}