{"id":91255,"date":"2025-05-27T10:55:41","date_gmt":"2025-05-27T07:55:41","guid":{"rendered":"https:\/\/www.lilleliis.com\/?post_type=product&#038;p=91255"},"modified":"2026-04-06T17:31:55","modified_gmt":"2026-04-06T14:31:55","slug":"iirisniit-puppets-perle-8","status":"publish","type":"product","link":"https:\/\/www.lilleliis.com\/et\/toode\/iirisniit-puppets-perle-8\/","title":{"rendered":"Iirisniit Puppets Perle 8 &#8211; 10 g"},"content":{"rendered":"<p>Iirisniit Puppets Perle 8 sobib amigurumi m\u00e4nguasjade valmistamisel nii n\u00e4o tikkimiseks kui kangast detailide \u00f5mblemiseks.<\/p>\n<div class=\"is-divider divider clearfix\" ><\/div>\n<h3>Lilleliis soovitab:<\/h3>\n<ul>\n<li>Kasuta musta ja pruune toone, et tikkida nina, suu, ripsmed, kulmud, tedret\u00e4hnid, vurrud ja muud n\u00e4oelemendid.<\/li>\n<li>Roosa tooniga tiki p\u00f5sed v\u00f5i kasutada l\u00f5nga, et \u00f5mmelda k\u00fclge vildiriidest l\u00f5igatud p\u00f5selaigud.<\/li>\n<li>Valget ja bee\u017ei niiti kasuta kangast detailide \u00f5mblemiseks.<\/li>\n<\/ul>\n<div class=\"is-divider divider clearfix\" ><\/div>\n<h3>Suurus ja materjal<\/h3>\n<p>Kaal: 10g<\/p>\n<p>Materjal: 100% puuvill<\/p>\n<p>Tootja: Saksamaa (valmistatakse Ungari tehases)<\/p>\n<div class=\"is-divider divider clearfix\" ><\/div>\n<h3>Kuidas l\u00f5nga hooldada<\/h3>\n<p>K\u00e4sipesu, max 60\u00b0C<\/p>\n","protected":false},"excerpt":{"rendered":"<p>Puppets Perle iirisniit sobib ideaalselt amigurumi n\u00e4odetailide tikkimiseks ja kangast detailide \u00f5mblemiseks. Tugev ja sile niit v\u00f5imaldab t\u00f6\u00f6tada t\u00e4pselt, et tikkida silmi, ninasid, suid ja teisi v\u00e4ikeseid detaile.<\/p>\n","protected":false},"featured_media":91305,"comment_status":"open","ping_status":"closed","template":"","meta":[],"product_brand":[],"product_cat":[708,429,568],"product_tag":[1595],"class_list":{"0":"post-91255","1":"product","2":"type-product","3":"status-publish","4":"has-post-thumbnail","6":"product_cat-longad","7":"product_cat-kasitoo-tarvikud","8":"product_cat-muud-tarvikud","9":"product_tag-iirisniit","10":"pa_puppets-perle-8-colors-3414-et","11":"pa_puppets-perle-8-colors-7002-et","12":"pa_puppets-perle-8-colors-7023-et","13":"pa_puppets-perle-8-colors-7026-et","14":"pa_puppets-perle-8-colors-7308-et","15":"pa_puppets-perle-8-colors-7310-et","16":"pa_puppets-perle-8-colors-7371-et","17":"pa_puppets-perle-8-colors-7403-et","18":"pa_puppets-perle-8-colors-7933-et","19":"pa_special-features-kangadetailid","21":"first","22":"instock","23":"taxable","24":"shipping-taxable","25":"purchasable","26":"product-type-variable"},"yoast_head":"<!-- This site is optimized with the Yoast SEO plugin v27.3 - https:\/\/yoast.com\/product\/yoast-seo-wordpress\/ -->\n<title>Iirisniit Puppets Perle 8 - 10 g | lilleliis<\/title>\n<meta name=\"description\" content=\"Iirisniit Puppets Perle 8 sobib amigurumi m\u00e4nguasjade valmistamisel nii n\u00e4o tikkimiseks kui kangast detailide \u00f5mblemiseks.\" \/>\n<meta name=\"robots\" content=\"index, follow, max-snippet:-1, max-image-preview:large, max-video-preview:-1\" \/>\n<link rel=\"canonical\" href=\"https:\/\/www.lilleliis.com\/et\/toode\/iirisniit-puppets-perle-8\/\" \/>\n<meta property=\"og:locale\" content=\"et_EE\" \/>\n<meta property=\"og:type\" content=\"article\" \/>\n<meta property=\"og:title\" content=\"Iirisniit Puppets Perle 8 - 10 g | lilleliis\" \/>\n<meta property=\"og:description\" content=\"Iirisniit Puppets Perle 8 sobib amigurumi m\u00e4nguasjade valmistamisel nii n\u00e4o tikkimiseks kui kangast detailide \u00f5mblemiseks.\" \/>\n<meta property=\"og:url\" content=\"https:\/\/www.lilleliis.com\/et\/toode\/iirisniit-puppets-perle-8\/\" \/>\n<meta property=\"og:site_name\" content=\"lilleliis\" \/>\n<meta property=\"article:publisher\" content=\"https:\/\/www.facebook.com\/lilleliis-283266335035799\/\" \/>\n<meta property=\"article:modified_time\" content=\"2026-04-06T14:31:55+00:00\" \/>\n<meta property=\"og:image\" content=\"https:\/\/www.lilleliis.com\/wp-content\/uploads\/2023\/05\/iirisniit-pearl-cotton-1.jpg\" \/>\n\t<meta property=\"og:image:width\" content=\"1500\" \/>\n\t<meta property=\"og:image:height\" content=\"1000\" \/>\n\t<meta property=\"og:image:type\" content=\"image\/jpeg\" \/>\n<meta name=\"twitter:card\" content=\"summary_large_image\" \/>\n<meta name=\"twitter:label1\" content=\"Est. reading time\" \/>\n\t<meta name=\"twitter:data1\" content=\"1 minute\" \/>\n<script type=\"application\/ld+json\" class=\"yoast-schema-graph\">{\"@context\":\"https:\\\/\\\/schema.org\",\"@graph\":[{\"@type\":\"WebPage\",\"@id\":\"https:\\\/\\\/www.lilleliis.com\\\/et\\\/toode\\\/iirisniit-puppets-perle-8\\\/\",\"url\":\"https:\\\/\\\/www.lilleliis.com\\\/et\\\/toode\\\/iirisniit-puppets-perle-8\\\/\",\"name\":\"Iirisniit Puppets Perle 8 - 10 g | lilleliis\",\"isPartOf\":{\"@id\":\"https:\\\/\\\/www.lilleliis.com\\\/et\\\/#website\"},\"primaryImageOfPage\":{\"@id\":\"https:\\\/\\\/www.lilleliis.com\\\/et\\\/toode\\\/iirisniit-puppets-perle-8\\\/#primaryimage\"},\"image\":{\"@id\":\"https:\\\/\\\/www.lilleliis.com\\\/et\\\/toode\\\/iirisniit-puppets-perle-8\\\/#primaryimage\"},\"thumbnailUrl\":\"https:\\\/\\\/www.lilleliis.com\\\/wp-content\\\/uploads\\\/2023\\\/05\\\/iirisniit-pearl-cotton-1.jpg\",\"datePublished\":\"2025-05-27T07:55:41+00:00\",\"dateModified\":\"2026-04-06T14:31:55+00:00\",\"description\":\"Iirisniit Puppets Perle 8 sobib amigurumi m\u00e4nguasjade valmistamisel nii n\u00e4o tikkimiseks kui kangast detailide \u00f5mblemiseks.\",\"breadcrumb\":{\"@id\":\"https:\\\/\\\/www.lilleliis.com\\\/et\\\/toode\\\/iirisniit-puppets-perle-8\\\/#breadcrumb\"},\"inLanguage\":\"et\",\"potentialAction\":[{\"@type\":\"ReadAction\",\"target\":[\"https:\\\/\\\/www.lilleliis.com\\\/et\\\/toode\\\/iirisniit-puppets-perle-8\\\/\"]}]},{\"@type\":\"ImageObject\",\"inLanguage\":\"et\",\"@id\":\"https:\\\/\\\/www.lilleliis.com\\\/et\\\/toode\\\/iirisniit-puppets-perle-8\\\/#primaryimage\",\"url\":\"https:\\\/\\\/www.lilleliis.com\\\/wp-content\\\/uploads\\\/2023\\\/05\\\/iirisniit-pearl-cotton-1.jpg\",\"contentUrl\":\"https:\\\/\\\/www.lilleliis.com\\\/wp-content\\\/uploads\\\/2023\\\/05\\\/iirisniit-pearl-cotton-1.jpg\",\"width\":1500,\"height\":1000,\"caption\":\"iirisniit pearl cotton\"},{\"@type\":\"BreadcrumbList\",\"@id\":\"https:\\\/\\\/www.lilleliis.com\\\/et\\\/toode\\\/iirisniit-puppets-perle-8\\\/#breadcrumb\",\"itemListElement\":[{\"@type\":\"ListItem\",\"position\":1,\"name\":\"Home\",\"item\":\"https:\\\/\\\/www.lilleliis.com\\\/et\\\/\"},{\"@type\":\"ListItem\",\"position\":2,\"name\":\"Pood\",\"item\":\"https:\\\/\\\/www.lilleliis.com\\\/et\\\/shop\\\/\"},{\"@type\":\"ListItem\",\"position\":3,\"name\":\"Iirisniit Puppets Perle 8 &#8211; 10 g\"}]},{\"@type\":\"WebSite\",\"@id\":\"https:\\\/\\\/www.lilleliis.com\\\/et\\\/#website\",\"url\":\"https:\\\/\\\/www.lilleliis.com\\\/et\\\/\",\"name\":\"lilleliis\",\"description\":\"Amigurumi m\u00e4nguasjad ja mustrid\",\"potentialAction\":[{\"@type\":\"SearchAction\",\"target\":{\"@type\":\"EntryPoint\",\"urlTemplate\":\"https:\\\/\\\/www.lilleliis.com\\\/et\\\/?s={search_term_string}\"},\"query-input\":{\"@type\":\"PropertyValueSpecification\",\"valueRequired\":true,\"valueName\":\"search_term_string\"}}],\"inLanguage\":\"et\"}]}<\/script>\n<!-- \/ Yoast SEO plugin. -->","yoast_head_json":{"title":"Iirisniit Puppets Perle 8 - 10 g | lilleliis","description":"Iirisniit Puppets Perle 8 sobib amigurumi m\u00e4nguasjade valmistamisel nii n\u00e4o tikkimiseks kui kangast detailide \u00f5mblemiseks.","robots":{"index":"index","follow":"follow","max-snippet":"max-snippet:-1","max-image-preview":"max-image-preview:large","max-video-preview":"max-video-preview:-1"},"canonical":"https:\/\/www.lilleliis.com\/et\/toode\/iirisniit-puppets-perle-8\/","og_locale":"et_EE","og_type":"article","og_title":"Iirisniit Puppets Perle 8 - 10 g | lilleliis","og_description":"Iirisniit Puppets Perle 8 sobib amigurumi m\u00e4nguasjade valmistamisel nii n\u00e4o tikkimiseks kui kangast detailide \u00f5mblemiseks.","og_url":"https:\/\/www.lilleliis.com\/et\/toode\/iirisniit-puppets-perle-8\/","og_site_name":"lilleliis","article_publisher":"https:\/\/www.facebook.com\/lilleliis-283266335035799\/","article_modified_time":"2026-04-06T14:31:55+00:00","og_image":[{"width":1500,"height":1000,"url":"https:\/\/www.lilleliis.com\/wp-content\/uploads\/2023\/05\/iirisniit-pearl-cotton-1.jpg","type":"image\/jpeg"}],"twitter_card":"summary_large_image","twitter_misc":{"Est. reading time":"1 minute"},"schema":{"@context":"https:\/\/schema.org","@graph":[{"@type":"WebPage","@id":"https:\/\/www.lilleliis.com\/et\/toode\/iirisniit-puppets-perle-8\/","url":"https:\/\/www.lilleliis.com\/et\/toode\/iirisniit-puppets-perle-8\/","name":"Iirisniit Puppets Perle 8 - 10 g | lilleliis","isPartOf":{"@id":"https:\/\/www.lilleliis.com\/et\/#website"},"primaryImageOfPage":{"@id":"https:\/\/www.lilleliis.com\/et\/toode\/iirisniit-puppets-perle-8\/#primaryimage"},"image":{"@id":"https:\/\/www.lilleliis.com\/et\/toode\/iirisniit-puppets-perle-8\/#primaryimage"},"thumbnailUrl":"https:\/\/www.lilleliis.com\/wp-content\/uploads\/2023\/05\/iirisniit-pearl-cotton-1.jpg","datePublished":"2025-05-27T07:55:41+00:00","dateModified":"2026-04-06T14:31:55+00:00","description":"Iirisniit Puppets Perle 8 sobib amigurumi m\u00e4nguasjade valmistamisel nii n\u00e4o tikkimiseks kui kangast detailide \u00f5mblemiseks.","breadcrumb":{"@id":"https:\/\/www.lilleliis.com\/et\/toode\/iirisniit-puppets-perle-8\/#breadcrumb"},"inLanguage":"et","potentialAction":[{"@type":"ReadAction","target":["https:\/\/www.lilleliis.com\/et\/toode\/iirisniit-puppets-perle-8\/"]}]},{"@type":"ImageObject","inLanguage":"et","@id":"https:\/\/www.lilleliis.com\/et\/toode\/iirisniit-puppets-perle-8\/#primaryimage","url":"https:\/\/www.lilleliis.com\/wp-content\/uploads\/2023\/05\/iirisniit-pearl-cotton-1.jpg","contentUrl":"https:\/\/www.lilleliis.com\/wp-content\/uploads\/2023\/05\/iirisniit-pearl-cotton-1.jpg","width":1500,"height":1000,"caption":"iirisniit pearl cotton"},{"@type":"BreadcrumbList","@id":"https:\/\/www.lilleliis.com\/et\/toode\/iirisniit-puppets-perle-8\/#breadcrumb","itemListElement":[{"@type":"ListItem","position":1,"name":"Home","item":"https:\/\/www.lilleliis.com\/et\/"},{"@type":"ListItem","position":2,"name":"Pood","item":"https:\/\/www.lilleliis.com\/et\/shop\/"},{"@type":"ListItem","position":3,"name":"Iirisniit Puppets Perle 8 &#8211; 10 g"}]},{"@type":"WebSite","@id":"https:\/\/www.lilleliis.com\/et\/#website","url":"https:\/\/www.lilleliis.com\/et\/","name":"lilleliis","description":"Amigurumi m\u00e4nguasjad ja mustrid","potentialAction":[{"@type":"SearchAction","target":{"@type":"EntryPoint","urlTemplate":"https:\/\/www.lilleliis.com\/et\/?s={search_term_string}"},"query-input":{"@type":"PropertyValueSpecification","valueRequired":true,"valueName":"search_term_string"}}],"inLanguage":"et"}]}},"_links":{"self":[{"href":"https:\/\/www.lilleliis.com\/et\/wp-json\/wp\/v2\/product\/91255","targetHints":{"allow":["GET"]}}],"collection":[{"href":"https:\/\/www.lilleliis.com\/et\/wp-json\/wp\/v2\/product"}],"about":[{"href":"https:\/\/www.lilleliis.com\/et\/wp-json\/wp\/v2\/types\/product"}],"replies":[{"embeddable":true,"href":"https:\/\/www.lilleliis.com\/et\/wp-json\/wp\/v2\/comments?post=91255"}],"wp:featuredmedia":[{"embeddable":true,"href":"https:\/\/www.lilleliis.com\/et\/wp-json\/wp\/v2\/media\/91305"}],"wp:attachment":[{"href":"https:\/\/www.lilleliis.com\/et\/wp-json\/wp\/v2\/media?parent=91255"}],"wp:term":[{"taxonomy":"product_brand","embeddable":true,"href":"https:\/\/www.lilleliis.com\/et\/wp-json\/wp\/v2\/product_brand?post=91255"},{"taxonomy":"product_cat","embeddable":true,"href":"https:\/\/www.lilleliis.com\/et\/wp-json\/wp\/v2\/product_cat?post=91255"},{"taxonomy":"product_tag","embeddable":true,"href":"https:\/\/www.lilleliis.com\/et\/wp-json\/wp\/v2\/product_tag?post=91255"}],"curies":[{"name":"wp","href":"https:\/\/api.w.org\/{rel}","templated":true}]}}