{"id":91339,"date":"2026-03-18T21:06:31","date_gmt":"2026-03-18T19:06:31","guid":{"rendered":"https:\/\/www.lilleliis.com\/?post_type=product&#038;p=91339"},"modified":"2026-03-18T21:19:15","modified_gmt":"2026-03-18T19:19:15","slug":"varvilised-noobid-6-mm","status":"publish","type":"product","link":"https:\/\/www.lilleliis.com\/et\/toode\/varvilised-noobid-6-mm\/","title":{"rendered":"V\u00e4rvilised nukun\u00f6\u00f6bid &#8211; 6 mm \u2013 200 tk"},"content":{"rendered":"<p>N\u00f6\u00f6bi l\u00e4bim\u00f5\u00f5t: 6 mm<\/p>\n<p>Augu l\u00e4bim\u00f5\u00f5t: 1,4 mm<\/p>\n<p>N\u00f6\u00f6bi paksus: 1,8 mm<\/p>\n<p>V\u00e4rv: erinevate v\u00e4rvide segu<\/p>\n","protected":false},"excerpt":{"rendered":"<p data-start=\"0\" data-end=\"153\">V\u00e4rvilised 6 mm nukun\u00f6\u00f6bid on ideaalsed m\u00e4nguasjade viimistlemiseks. Komplekt sisaldab 200 tillukest, kahe auguga n\u00f6\u00f6pi erinevates v\u00e4rvitoonides.<\/p>\n<p data-start=\"155\" data-end=\"341\" data-is-last-node=\"\" data-is-only-node=\"\">Sobivad suurep\u00e4raselt v\u00e4iksemate m\u00e4nguasjade kaunistamiseks &#8211; lisa neid p\u00fckstele, mantlitele, kleitidele, kingadele ja teistele detailidele, et anda t\u00f6\u00f6le isikup\u00e4ra ja viimistletud ilme.<\/p>\n<p>&nbsp;<\/p>\n","protected":false},"featured_media":48217,"comment_status":"open","ping_status":"closed","template":"","meta":[],"product_brand":[],"product_cat":[429,564],"product_tag":[],"class_list":{"0":"post-91339","1":"product","2":"type-product","3":"status-publish","4":"has-post-thumbnail","6":"product_cat-kasitoo-tarvikud","7":"product_cat-noobid","8":"pa_button-size-6-mm","10":"first","11":"instock","12":"taxable","13":"shipping-taxable","14":"purchasable","15":"product-type-simple"},"yoast_head":"<!-- This site is optimized with the Yoast SEO plugin v27.3 - https:\/\/yoast.com\/product\/yoast-seo-wordpress\/ -->\n<title>V\u00e4rvilised nukun\u00f6\u00f6bid m\u00e4nguasjade kaunistamiseks | lilleliis<\/title>\n<meta name=\"description\" content=\"V\u00e4rvilised nukun\u00f6\u00f6bid m\u00e4nguasjade kaunistamiseks. Suurus 6 mm. Komplektis on 200 tillukest, kahe auguga, eriv\u00e4rvilist n\u00f6\u00f6pi.\" \/>\n<meta name=\"robots\" content=\"index, follow, max-snippet:-1, max-image-preview:large, max-video-preview:-1\" \/>\n<link rel=\"canonical\" href=\"https:\/\/www.lilleliis.com\/et\/toode\/varvilised-noobid-6-mm\/\" \/>\n<meta property=\"og:locale\" content=\"et_EE\" \/>\n<meta property=\"og:type\" content=\"article\" \/>\n<meta property=\"og:title\" content=\"V\u00e4rvilised nukun\u00f6\u00f6bid m\u00e4nguasjade kaunistamiseks | lilleliis\" \/>\n<meta property=\"og:description\" content=\"V\u00e4rvilised nukun\u00f6\u00f6bid m\u00e4nguasjade kaunistamiseks. Suurus 6 mm. Komplektis on 200 tillukest, kahe auguga, eriv\u00e4rvilist n\u00f6\u00f6pi.\" \/>\n<meta property=\"og:url\" content=\"https:\/\/www.lilleliis.com\/et\/toode\/varvilised-noobid-6-mm\/\" \/>\n<meta property=\"og:site_name\" content=\"lilleliis\" \/>\n<meta property=\"article:publisher\" content=\"https:\/\/www.facebook.com\/lilleliis-283266335035799\/\" \/>\n<meta property=\"article:modified_time\" content=\"2026-03-18T19:19:15+00:00\" \/>\n<meta property=\"og:image\" content=\"https:\/\/www.lilleliis.com\/wp-content\/uploads\/2018\/05\/DSC_2612.jpg\" \/>\n\t<meta property=\"og:image:width\" content=\"1000\" \/>\n\t<meta property=\"og:image:height\" content=\"1500\" \/>\n\t<meta property=\"og:image:type\" content=\"image\/jpeg\" \/>\n<meta name=\"twitter:card\" content=\"summary_large_image\" \/>\n<meta name=\"twitter:label1\" content=\"Est. reading time\" \/>\n\t<meta name=\"twitter:data1\" content=\"1 minute\" \/>\n<script type=\"application\/ld+json\" class=\"yoast-schema-graph\">{\"@context\":\"https:\\\/\\\/schema.org\",\"@graph\":[{\"@type\":\"WebPage\",\"@id\":\"https:\\\/\\\/www.lilleliis.com\\\/et\\\/toode\\\/varvilised-noobid-6-mm\\\/\",\"url\":\"https:\\\/\\\/www.lilleliis.com\\\/et\\\/toode\\\/varvilised-noobid-6-mm\\\/\",\"name\":\"V\u00e4rvilised nukun\u00f6\u00f6bid m\u00e4nguasjade kaunistamiseks | lilleliis\",\"isPartOf\":{\"@id\":\"https:\\\/\\\/www.lilleliis.com\\\/et\\\/#website\"},\"primaryImageOfPage\":{\"@id\":\"https:\\\/\\\/www.lilleliis.com\\\/et\\\/toode\\\/varvilised-noobid-6-mm\\\/#primaryimage\"},\"image\":{\"@id\":\"https:\\\/\\\/www.lilleliis.com\\\/et\\\/toode\\\/varvilised-noobid-6-mm\\\/#primaryimage\"},\"thumbnailUrl\":\"https:\\\/\\\/www.lilleliis.com\\\/wp-content\\\/uploads\\\/2018\\\/05\\\/DSC_2612.jpg\",\"datePublished\":\"2026-03-18T19:06:31+00:00\",\"dateModified\":\"2026-03-18T19:19:15+00:00\",\"description\":\"V\u00e4rvilised nukun\u00f6\u00f6bid m\u00e4nguasjade kaunistamiseks. Suurus 6 mm. Komplektis on 200 tillukest, kahe auguga, eriv\u00e4rvilist n\u00f6\u00f6pi.\",\"breadcrumb\":{\"@id\":\"https:\\\/\\\/www.lilleliis.com\\\/et\\\/toode\\\/varvilised-noobid-6-mm\\\/#breadcrumb\"},\"inLanguage\":\"et\",\"potentialAction\":[{\"@type\":\"ReadAction\",\"target\":[\"https:\\\/\\\/www.lilleliis.com\\\/et\\\/toode\\\/varvilised-noobid-6-mm\\\/\"]}]},{\"@type\":\"ImageObject\",\"inLanguage\":\"et\",\"@id\":\"https:\\\/\\\/www.lilleliis.com\\\/et\\\/toode\\\/varvilised-noobid-6-mm\\\/#primaryimage\",\"url\":\"https:\\\/\\\/www.lilleliis.com\\\/wp-content\\\/uploads\\\/2018\\\/05\\\/DSC_2612.jpg\",\"contentUrl\":\"https:\\\/\\\/www.lilleliis.com\\\/wp-content\\\/uploads\\\/2018\\\/05\\\/DSC_2612.jpg\",\"width\":1000,\"height\":1500},{\"@type\":\"BreadcrumbList\",\"@id\":\"https:\\\/\\\/www.lilleliis.com\\\/et\\\/toode\\\/varvilised-noobid-6-mm\\\/#breadcrumb\",\"itemListElement\":[{\"@type\":\"ListItem\",\"position\":1,\"name\":\"Home\",\"item\":\"https:\\\/\\\/www.lilleliis.com\\\/et\\\/\"},{\"@type\":\"ListItem\",\"position\":2,\"name\":\"Pood\",\"item\":\"https:\\\/\\\/www.lilleliis.com\\\/et\\\/shop\\\/\"},{\"@type\":\"ListItem\",\"position\":3,\"name\":\"V\u00e4rvilised nukun\u00f6\u00f6bid &#8211; 6 mm \u2013 200 tk\"}]},{\"@type\":\"WebSite\",\"@id\":\"https:\\\/\\\/www.lilleliis.com\\\/et\\\/#website\",\"url\":\"https:\\\/\\\/www.lilleliis.com\\\/et\\\/\",\"name\":\"lilleliis\",\"description\":\"Amigurumi m\u00e4nguasjad ja mustrid\",\"potentialAction\":[{\"@type\":\"SearchAction\",\"target\":{\"@type\":\"EntryPoint\",\"urlTemplate\":\"https:\\\/\\\/www.lilleliis.com\\\/et\\\/?s={search_term_string}\"},\"query-input\":{\"@type\":\"PropertyValueSpecification\",\"valueRequired\":true,\"valueName\":\"search_term_string\"}}],\"inLanguage\":\"et\"}]}<\/script>\n<!-- \/ Yoast SEO plugin. -->","yoast_head_json":{"title":"V\u00e4rvilised nukun\u00f6\u00f6bid m\u00e4nguasjade kaunistamiseks | lilleliis","description":"V\u00e4rvilised nukun\u00f6\u00f6bid m\u00e4nguasjade kaunistamiseks. Suurus 6 mm. Komplektis on 200 tillukest, kahe auguga, eriv\u00e4rvilist n\u00f6\u00f6pi.","robots":{"index":"index","follow":"follow","max-snippet":"max-snippet:-1","max-image-preview":"max-image-preview:large","max-video-preview":"max-video-preview:-1"},"canonical":"https:\/\/www.lilleliis.com\/et\/toode\/varvilised-noobid-6-mm\/","og_locale":"et_EE","og_type":"article","og_title":"V\u00e4rvilised nukun\u00f6\u00f6bid m\u00e4nguasjade kaunistamiseks | lilleliis","og_description":"V\u00e4rvilised nukun\u00f6\u00f6bid m\u00e4nguasjade kaunistamiseks. Suurus 6 mm. Komplektis on 200 tillukest, kahe auguga, eriv\u00e4rvilist n\u00f6\u00f6pi.","og_url":"https:\/\/www.lilleliis.com\/et\/toode\/varvilised-noobid-6-mm\/","og_site_name":"lilleliis","article_publisher":"https:\/\/www.facebook.com\/lilleliis-283266335035799\/","article_modified_time":"2026-03-18T19:19:15+00:00","og_image":[{"width":1000,"height":1500,"url":"https:\/\/www.lilleliis.com\/wp-content\/uploads\/2018\/05\/DSC_2612.jpg","type":"image\/jpeg"}],"twitter_card":"summary_large_image","twitter_misc":{"Est. reading time":"1 minute"},"schema":{"@context":"https:\/\/schema.org","@graph":[{"@type":"WebPage","@id":"https:\/\/www.lilleliis.com\/et\/toode\/varvilised-noobid-6-mm\/","url":"https:\/\/www.lilleliis.com\/et\/toode\/varvilised-noobid-6-mm\/","name":"V\u00e4rvilised nukun\u00f6\u00f6bid m\u00e4nguasjade kaunistamiseks | lilleliis","isPartOf":{"@id":"https:\/\/www.lilleliis.com\/et\/#website"},"primaryImageOfPage":{"@id":"https:\/\/www.lilleliis.com\/et\/toode\/varvilised-noobid-6-mm\/#primaryimage"},"image":{"@id":"https:\/\/www.lilleliis.com\/et\/toode\/varvilised-noobid-6-mm\/#primaryimage"},"thumbnailUrl":"https:\/\/www.lilleliis.com\/wp-content\/uploads\/2018\/05\/DSC_2612.jpg","datePublished":"2026-03-18T19:06:31+00:00","dateModified":"2026-03-18T19:19:15+00:00","description":"V\u00e4rvilised nukun\u00f6\u00f6bid m\u00e4nguasjade kaunistamiseks. Suurus 6 mm. Komplektis on 200 tillukest, kahe auguga, eriv\u00e4rvilist n\u00f6\u00f6pi.","breadcrumb":{"@id":"https:\/\/www.lilleliis.com\/et\/toode\/varvilised-noobid-6-mm\/#breadcrumb"},"inLanguage":"et","potentialAction":[{"@type":"ReadAction","target":["https:\/\/www.lilleliis.com\/et\/toode\/varvilised-noobid-6-mm\/"]}]},{"@type":"ImageObject","inLanguage":"et","@id":"https:\/\/www.lilleliis.com\/et\/toode\/varvilised-noobid-6-mm\/#primaryimage","url":"https:\/\/www.lilleliis.com\/wp-content\/uploads\/2018\/05\/DSC_2612.jpg","contentUrl":"https:\/\/www.lilleliis.com\/wp-content\/uploads\/2018\/05\/DSC_2612.jpg","width":1000,"height":1500},{"@type":"BreadcrumbList","@id":"https:\/\/www.lilleliis.com\/et\/toode\/varvilised-noobid-6-mm\/#breadcrumb","itemListElement":[{"@type":"ListItem","position":1,"name":"Home","item":"https:\/\/www.lilleliis.com\/et\/"},{"@type":"ListItem","position":2,"name":"Pood","item":"https:\/\/www.lilleliis.com\/et\/shop\/"},{"@type":"ListItem","position":3,"name":"V\u00e4rvilised nukun\u00f6\u00f6bid &#8211; 6 mm \u2013 200 tk"}]},{"@type":"WebSite","@id":"https:\/\/www.lilleliis.com\/et\/#website","url":"https:\/\/www.lilleliis.com\/et\/","name":"lilleliis","description":"Amigurumi m\u00e4nguasjad ja mustrid","potentialAction":[{"@type":"SearchAction","target":{"@type":"EntryPoint","urlTemplate":"https:\/\/www.lilleliis.com\/et\/?s={search_term_string}"},"query-input":{"@type":"PropertyValueSpecification","valueRequired":true,"valueName":"search_term_string"}}],"inLanguage":"et"}]}},"_links":{"self":[{"href":"https:\/\/www.lilleliis.com\/et\/wp-json\/wp\/v2\/product\/91339","targetHints":{"allow":["GET"]}}],"collection":[{"href":"https:\/\/www.lilleliis.com\/et\/wp-json\/wp\/v2\/product"}],"about":[{"href":"https:\/\/www.lilleliis.com\/et\/wp-json\/wp\/v2\/types\/product"}],"replies":[{"embeddable":true,"href":"https:\/\/www.lilleliis.com\/et\/wp-json\/wp\/v2\/comments?post=91339"}],"wp:featuredmedia":[{"embeddable":true,"href":"https:\/\/www.lilleliis.com\/et\/wp-json\/wp\/v2\/media\/48217"}],"wp:attachment":[{"href":"https:\/\/www.lilleliis.com\/et\/wp-json\/wp\/v2\/media?parent=91339"}],"wp:term":[{"taxonomy":"product_brand","embeddable":true,"href":"https:\/\/www.lilleliis.com\/et\/wp-json\/wp\/v2\/product_brand?post=91339"},{"taxonomy":"product_cat","embeddable":true,"href":"https:\/\/www.lilleliis.com\/et\/wp-json\/wp\/v2\/product_cat?post=91339"},{"taxonomy":"product_tag","embeddable":true,"href":"https:\/\/www.lilleliis.com\/et\/wp-json\/wp\/v2\/product_tag?post=91339"}],"curies":[{"name":"wp","href":"https:\/\/api.w.org\/{rel}","templated":true}]}}