{"id":91501,"date":"2025-05-23T13:30:18","date_gmt":"2025-05-23T10:30:18","guid":{"rendered":"https:\/\/www.lilleliis.com\/?post_type=product&#038;p=91501"},"modified":"2026-04-22T09:12:56","modified_gmt":"2026-04-22T06:12:56","slug":"silmusemarkija","status":"publish","type":"product","link":"https:\/\/www.lilleliis.com\/et\/toode\/silmusemarkija\/","title":{"rendered":"Silmusem\u00e4rkija &#8211; 10 tk &#8211; metallist"},"content":{"rendered":"<p>Materjal: metall<\/p>\n<p>V\u00e4rv: mix<\/p>\n<p>Postituses <a href=\"https:\/\/www.lilleliis.com\/et\/silmusemarkija-kasutamine-amigurumi-heegeldamisel\/\" target=\"_blank\" rel=\"noopener\">&#8220;Silmusem\u00e4rkija kasutamine amigurumi heegeldamisel&#8221;<\/a>\u00a0olen p\u00f5hjalikumalt selgitanud, kuidas silmusem\u00e4rkijat kasutada ja millist kasu temast veel l\u00f5igata saab.<\/p>\n<p>&nbsp;<\/p>\n","protected":false},"excerpt":{"rendered":"<p data-start=\"0\" data-end=\"51\">Praktiline ja mugav abivahend igale heegeldajale!<\/p>\n<p data-start=\"53\" data-end=\"286\">Metallist avatud otsaga silmusem\u00e4rkijad aitavad sul ringselt heegeldades ridade alguse alati selgelt m\u00e4rgistada. T\u00e4nu nutikale disainile saad m\u00e4rkijaid h\u00f5lpsasti eemaldada ja j\u00e4rgmisse ringi t\u00f5sta.<\/p>\n<p data-start=\"288\" data-end=\"351\" data-is-last-node=\"\" data-is-only-node=\"\">Komplekt sisaldab 10 vastupidavat, v\u00e4rvilist silmusem\u00e4rkijat.<\/p>\n","protected":false},"featured_media":91504,"comment_status":"open","ping_status":"closed","template":"","meta":[],"product_brand":[],"product_cat":[429,568],"product_tag":[],"class_list":{"0":"post-91501","1":"product","2":"type-product","3":"status-publish","4":"has-post-thumbnail","6":"product_cat-kasitoo-tarvikud","7":"product_cat-muud-tarvikud","9":"first","10":"instock","11":"taxable","12":"shipping-taxable","13":"purchasable","14":"product-type-simple"},"yoast_head":"<!-- This site is optimized with the Yoast SEO plugin v27.3 - https:\/\/yoast.com\/product\/yoast-seo-wordpress\/ -->\n<title>Silmusem\u00e4rkija - 10 tk - metallist | Heegeldamise tarvikud | lilleliis<\/title>\n<meta name=\"description\" content=\"Silmusem\u00e4rkija on h\u00e4davajalik abimees amigurumi m\u00e4nguasjade valmistamisel. Komplektis on 10 metallist silmusem\u00e4rkijat erinevates v\u00e4rvides.\" \/>\n<meta name=\"robots\" content=\"index, follow, max-snippet:-1, max-image-preview:large, max-video-preview:-1\" \/>\n<link rel=\"canonical\" href=\"https:\/\/www.lilleliis.com\/et\/toode\/silmusemarkija\/\" \/>\n<meta property=\"og:locale\" content=\"et_EE\" \/>\n<meta property=\"og:type\" content=\"article\" \/>\n<meta property=\"og:title\" content=\"Silmusem\u00e4rkija - 10 tk - metallist | Heegeldamise tarvikud | lilleliis\" \/>\n<meta property=\"og:description\" content=\"Silmusem\u00e4rkija on h\u00e4davajalik abimees amigurumi m\u00e4nguasjade valmistamisel. Komplektis on 10 metallist silmusem\u00e4rkijat erinevates v\u00e4rvides.\" \/>\n<meta property=\"og:url\" content=\"https:\/\/www.lilleliis.com\/et\/toode\/silmusemarkija\/\" \/>\n<meta property=\"og:site_name\" content=\"lilleliis\" \/>\n<meta property=\"article:publisher\" content=\"https:\/\/www.facebook.com\/lilleliis-283266335035799\/\" \/>\n<meta property=\"article:modified_time\" content=\"2026-04-22T06:12:56+00:00\" \/>\n<meta property=\"og:image\" content=\"https:\/\/www.lilleliis.com\/wp-content\/uploads\/2023\/06\/silmusemarkija-2.jpg\" \/>\n\t<meta property=\"og:image:width\" content=\"1000\" \/>\n\t<meta property=\"og:image:height\" content=\"1500\" \/>\n\t<meta property=\"og:image:type\" content=\"image\/jpeg\" \/>\n<meta name=\"twitter:card\" content=\"summary_large_image\" \/>\n<meta name=\"twitter:label1\" content=\"Est. reading time\" \/>\n\t<meta name=\"twitter:data1\" content=\"1 minute\" \/>\n<script type=\"application\/ld+json\" class=\"yoast-schema-graph\">{\"@context\":\"https:\\\/\\\/schema.org\",\"@graph\":[{\"@type\":\"WebPage\",\"@id\":\"https:\\\/\\\/www.lilleliis.com\\\/et\\\/toode\\\/silmusemarkija\\\/\",\"url\":\"https:\\\/\\\/www.lilleliis.com\\\/et\\\/toode\\\/silmusemarkija\\\/\",\"name\":\"Silmusem\u00e4rkija - 10 tk - metallist | Heegeldamise tarvikud | lilleliis\",\"isPartOf\":{\"@id\":\"https:\\\/\\\/www.lilleliis.com\\\/et\\\/#website\"},\"primaryImageOfPage\":{\"@id\":\"https:\\\/\\\/www.lilleliis.com\\\/et\\\/toode\\\/silmusemarkija\\\/#primaryimage\"},\"image\":{\"@id\":\"https:\\\/\\\/www.lilleliis.com\\\/et\\\/toode\\\/silmusemarkija\\\/#primaryimage\"},\"thumbnailUrl\":\"https:\\\/\\\/www.lilleliis.com\\\/wp-content\\\/uploads\\\/2023\\\/06\\\/silmusemarkija-2.jpg\",\"datePublished\":\"2025-05-23T10:30:18+00:00\",\"dateModified\":\"2026-04-22T06:12:56+00:00\",\"description\":\"Silmusem\u00e4rkija on h\u00e4davajalik abimees amigurumi m\u00e4nguasjade valmistamisel. Komplektis on 10 metallist silmusem\u00e4rkijat erinevates v\u00e4rvides.\",\"breadcrumb\":{\"@id\":\"https:\\\/\\\/www.lilleliis.com\\\/et\\\/toode\\\/silmusemarkija\\\/#breadcrumb\"},\"inLanguage\":\"et\",\"potentialAction\":[{\"@type\":\"ReadAction\",\"target\":[\"https:\\\/\\\/www.lilleliis.com\\\/et\\\/toode\\\/silmusemarkija\\\/\"]}]},{\"@type\":\"ImageObject\",\"inLanguage\":\"et\",\"@id\":\"https:\\\/\\\/www.lilleliis.com\\\/et\\\/toode\\\/silmusemarkija\\\/#primaryimage\",\"url\":\"https:\\\/\\\/www.lilleliis.com\\\/wp-content\\\/uploads\\\/2023\\\/06\\\/silmusemarkija-2.jpg\",\"contentUrl\":\"https:\\\/\\\/www.lilleliis.com\\\/wp-content\\\/uploads\\\/2023\\\/06\\\/silmusemarkija-2.jpg\",\"width\":1000,\"height\":1500,\"caption\":\"silmusem\u00e4rkija\"},{\"@type\":\"BreadcrumbList\",\"@id\":\"https:\\\/\\\/www.lilleliis.com\\\/et\\\/toode\\\/silmusemarkija\\\/#breadcrumb\",\"itemListElement\":[{\"@type\":\"ListItem\",\"position\":1,\"name\":\"Home\",\"item\":\"https:\\\/\\\/www.lilleliis.com\\\/et\\\/\"},{\"@type\":\"ListItem\",\"position\":2,\"name\":\"Pood\",\"item\":\"https:\\\/\\\/www.lilleliis.com\\\/et\\\/shop\\\/\"},{\"@type\":\"ListItem\",\"position\":3,\"name\":\"Silmusem\u00e4rkija &#8211; 10 tk &#8211; metallist\"}]},{\"@type\":\"WebSite\",\"@id\":\"https:\\\/\\\/www.lilleliis.com\\\/et\\\/#website\",\"url\":\"https:\\\/\\\/www.lilleliis.com\\\/et\\\/\",\"name\":\"lilleliis\",\"description\":\"Amigurumi m\u00e4nguasjad ja mustrid\",\"potentialAction\":[{\"@type\":\"SearchAction\",\"target\":{\"@type\":\"EntryPoint\",\"urlTemplate\":\"https:\\\/\\\/www.lilleliis.com\\\/et\\\/?s={search_term_string}\"},\"query-input\":{\"@type\":\"PropertyValueSpecification\",\"valueRequired\":true,\"valueName\":\"search_term_string\"}}],\"inLanguage\":\"et\"}]}<\/script>\n<!-- \/ Yoast SEO plugin. -->","yoast_head_json":{"title":"Silmusem\u00e4rkija - 10 tk - metallist | Heegeldamise tarvikud | lilleliis","description":"Silmusem\u00e4rkija on h\u00e4davajalik abimees amigurumi m\u00e4nguasjade valmistamisel. Komplektis on 10 metallist silmusem\u00e4rkijat erinevates v\u00e4rvides.","robots":{"index":"index","follow":"follow","max-snippet":"max-snippet:-1","max-image-preview":"max-image-preview:large","max-video-preview":"max-video-preview:-1"},"canonical":"https:\/\/www.lilleliis.com\/et\/toode\/silmusemarkija\/","og_locale":"et_EE","og_type":"article","og_title":"Silmusem\u00e4rkija - 10 tk - metallist | Heegeldamise tarvikud | lilleliis","og_description":"Silmusem\u00e4rkija on h\u00e4davajalik abimees amigurumi m\u00e4nguasjade valmistamisel. Komplektis on 10 metallist silmusem\u00e4rkijat erinevates v\u00e4rvides.","og_url":"https:\/\/www.lilleliis.com\/et\/toode\/silmusemarkija\/","og_site_name":"lilleliis","article_publisher":"https:\/\/www.facebook.com\/lilleliis-283266335035799\/","article_modified_time":"2026-04-22T06:12:56+00:00","og_image":[{"width":1000,"height":1500,"url":"https:\/\/www.lilleliis.com\/wp-content\/uploads\/2023\/06\/silmusemarkija-2.jpg","type":"image\/jpeg"}],"twitter_card":"summary_large_image","twitter_misc":{"Est. reading time":"1 minute"},"schema":{"@context":"https:\/\/schema.org","@graph":[{"@type":"WebPage","@id":"https:\/\/www.lilleliis.com\/et\/toode\/silmusemarkija\/","url":"https:\/\/www.lilleliis.com\/et\/toode\/silmusemarkija\/","name":"Silmusem\u00e4rkija - 10 tk - metallist | Heegeldamise tarvikud | lilleliis","isPartOf":{"@id":"https:\/\/www.lilleliis.com\/et\/#website"},"primaryImageOfPage":{"@id":"https:\/\/www.lilleliis.com\/et\/toode\/silmusemarkija\/#primaryimage"},"image":{"@id":"https:\/\/www.lilleliis.com\/et\/toode\/silmusemarkija\/#primaryimage"},"thumbnailUrl":"https:\/\/www.lilleliis.com\/wp-content\/uploads\/2023\/06\/silmusemarkija-2.jpg","datePublished":"2025-05-23T10:30:18+00:00","dateModified":"2026-04-22T06:12:56+00:00","description":"Silmusem\u00e4rkija on h\u00e4davajalik abimees amigurumi m\u00e4nguasjade valmistamisel. Komplektis on 10 metallist silmusem\u00e4rkijat erinevates v\u00e4rvides.","breadcrumb":{"@id":"https:\/\/www.lilleliis.com\/et\/toode\/silmusemarkija\/#breadcrumb"},"inLanguage":"et","potentialAction":[{"@type":"ReadAction","target":["https:\/\/www.lilleliis.com\/et\/toode\/silmusemarkija\/"]}]},{"@type":"ImageObject","inLanguage":"et","@id":"https:\/\/www.lilleliis.com\/et\/toode\/silmusemarkija\/#primaryimage","url":"https:\/\/www.lilleliis.com\/wp-content\/uploads\/2023\/06\/silmusemarkija-2.jpg","contentUrl":"https:\/\/www.lilleliis.com\/wp-content\/uploads\/2023\/06\/silmusemarkija-2.jpg","width":1000,"height":1500,"caption":"silmusem\u00e4rkija"},{"@type":"BreadcrumbList","@id":"https:\/\/www.lilleliis.com\/et\/toode\/silmusemarkija\/#breadcrumb","itemListElement":[{"@type":"ListItem","position":1,"name":"Home","item":"https:\/\/www.lilleliis.com\/et\/"},{"@type":"ListItem","position":2,"name":"Pood","item":"https:\/\/www.lilleliis.com\/et\/shop\/"},{"@type":"ListItem","position":3,"name":"Silmusem\u00e4rkija &#8211; 10 tk &#8211; metallist"}]},{"@type":"WebSite","@id":"https:\/\/www.lilleliis.com\/et\/#website","url":"https:\/\/www.lilleliis.com\/et\/","name":"lilleliis","description":"Amigurumi m\u00e4nguasjad ja mustrid","potentialAction":[{"@type":"SearchAction","target":{"@type":"EntryPoint","urlTemplate":"https:\/\/www.lilleliis.com\/et\/?s={search_term_string}"},"query-input":{"@type":"PropertyValueSpecification","valueRequired":true,"valueName":"search_term_string"}}],"inLanguage":"et"}]}},"_links":{"self":[{"href":"https:\/\/www.lilleliis.com\/et\/wp-json\/wp\/v2\/product\/91501","targetHints":{"allow":["GET"]}}],"collection":[{"href":"https:\/\/www.lilleliis.com\/et\/wp-json\/wp\/v2\/product"}],"about":[{"href":"https:\/\/www.lilleliis.com\/et\/wp-json\/wp\/v2\/types\/product"}],"replies":[{"embeddable":true,"href":"https:\/\/www.lilleliis.com\/et\/wp-json\/wp\/v2\/comments?post=91501"}],"wp:featuredmedia":[{"embeddable":true,"href":"https:\/\/www.lilleliis.com\/et\/wp-json\/wp\/v2\/media\/91504"}],"wp:attachment":[{"href":"https:\/\/www.lilleliis.com\/et\/wp-json\/wp\/v2\/media?parent=91501"}],"wp:term":[{"taxonomy":"product_brand","embeddable":true,"href":"https:\/\/www.lilleliis.com\/et\/wp-json\/wp\/v2\/product_brand?post=91501"},{"taxonomy":"product_cat","embeddable":true,"href":"https:\/\/www.lilleliis.com\/et\/wp-json\/wp\/v2\/product_cat?post=91501"},{"taxonomy":"product_tag","embeddable":true,"href":"https:\/\/www.lilleliis.com\/et\/wp-json\/wp\/v2\/product_tag?post=91501"}],"curies":[{"name":"wp","href":"https:\/\/api.w.org\/{rel}","templated":true}]}}