{"id":91520,"date":"2026-05-05T17:10:53","date_gmt":"2026-05-05T14:10:53","guid":{"rendered":"https:\/\/www.lilleliis.com\/?post_type=product&#038;p=91520"},"modified":"2026-05-05T17:17:08","modified_gmt":"2026-05-05T14:17:08","slug":"ergonoomiline-heegelnoel-clover","status":"publish","type":"product","link":"https:\/\/www.lilleliis.com\/et\/toode\/ergonoomiline-heegelnoel-clover\/","title":{"rendered":"Ergonoomiline heegeln\u00f5el &#8211; Clover Soft Touch (2-6 mm)"},"content":{"rendered":"<p>Ergonoomiline heegeln\u00f5el firmalt Clover. Valmistatakse amigurumi s\u00fcnnimaal Jaapanis.<\/p>\n<p>Cloveri ergonoomiline disain teeb sellest ilma liialdamata \u00fche k\u00f5ige k\u00e4es\u00f5bralikumatest heegeln\u00f5eltest. See heegeln\u00f5el v\u00f5imaldab t\u00f6\u00f6tada tunde j\u00e4rjest, ilma et k\u00e4si oluliselt v\u00e4siks.<\/p>\n<div class=\"is-divider divider clearfix\" ><\/div>\n<h3>Lilleliis soovitab:<\/h3>\n<p>V\u00f5ib tunduda, et mis neil heegeln\u00f5eltel ikka nii v\u00e4ga vahet on, aga v\u00f5in oma kogemusest kinnitada, et on ja v\u00e4gagi palju. Avastasin Cloveri heegeln\u00f5ela enda jaoks siis, kui olin h\u00e4das k\u00e4te v\u00e4simise ja krampidega. \u00dcleminek peenikeselt metallist heegeln\u00f5elalt ergonoomilisele oli elukvaliteeti muutev. V\u00e4ga-v\u00e4ga soovitan k\u00f5igile, kes peavad palju tunde p\u00e4evas heegeldama.<\/p>\n<div class=\"is-divider divider clearfix\" ><\/div>\n<p>Materjal: alumiiniumist otsaga<\/p>\n<div class=\"is-divider divider clearfix\" ><\/div>\n<p>Suuremad Clover Amour sarja heegeln\u00f5elad <a href=\"https:\/\/www.lilleliis.com\/et\/toode\/ergonoomiline-heegelnoel-clover-amour\/\">leiad siit<\/a>.<\/p>\n","protected":false},"excerpt":{"rendered":"<p>Soft Touch ergonoomiline heegeln\u00f5el v\u00f5imaldab heegeldada tunde j\u00e4rjest ilma k\u00e4si liigselt v\u00e4sitamata. Cloveri l\u00e4bim\u00f5eldud ergonoomiline disain on \u00fcks k\u00e4es\u00f5bralikumaid maailmas. Heegeln\u00f5elad valmivad amigurumi s\u00fcnnimaal Jaapanis.<\/p>\n","protected":false},"featured_media":91523,"comment_status":"open","ping_status":"closed","template":"","meta":[],"product_brand":[1493],"product_cat":[982,429],"product_tag":[1585],"class_list":{"0":"post-91520","1":"product","2":"type-product","3":"status-publish","4":"has-post-thumbnail","6":"product_brand-clover","7":"product_cat-heegelnoelad-ja-noelad","8":"product_cat-kasitoo-tarvikud","9":"product_tag-heegelnoelad","10":"pa_choose-hook-size-2-0-mm","11":"pa_choose-hook-size-2-25-mm","12":"pa_choose-hook-size-2-5-mm","13":"pa_choose-hook-size-2-75-mm","14":"pa_choose-hook-size-3-0-mm","15":"pa_choose-hook-size-3-25-mm","16":"pa_choose-hook-size-3-5-mm","17":"pa_choose-hook-size-3-75-mm","18":"pa_choose-hook-size-4-0-mm","19":"pa_choose-hook-size-4-5-mm","20":"pa_choose-hook-size-5-0-mm","21":"pa_choose-hook-size-5-5-mm","22":"pa_choose-hook-size-6-0-mm","24":"first","25":"instock","26":"taxable","27":"shipping-taxable","28":"purchasable","29":"product-type-variable"},"yoast_head":"<!-- This site is optimized with the Yoast SEO plugin v27.3 - https:\/\/yoast.com\/product\/yoast-seo-wordpress\/ -->\n<title>Ergonoomiline heegeln\u00f5el - Clover Soft Touch (2-6 mm) | lilleliis<\/title>\n<meta name=\"description\" content=\"Ergonoomiline heegeln\u00f5el Clover on \u00fcks k\u00f5ige k\u00e4es\u00f5bralikumatest heegeln\u00f5eltest. V\u00f5imaldab t\u00f6\u00f6tada tunde j\u00e4rjest, ilma et k\u00e4si v\u00e4siks.\" \/>\n<meta name=\"robots\" content=\"index, follow, max-snippet:-1, max-image-preview:large, max-video-preview:-1\" \/>\n<link rel=\"canonical\" href=\"https:\/\/www.lilleliis.com\/et\/toode\/ergonoomiline-heegelnoel-clover\/\" \/>\n<meta property=\"og:locale\" content=\"et_EE\" \/>\n<meta property=\"og:type\" content=\"article\" \/>\n<meta property=\"og:title\" content=\"Ergonoomiline heegeln\u00f5el - Clover Soft Touch (2-6 mm) | lilleliis\" \/>\n<meta property=\"og:description\" content=\"Ergonoomiline heegeln\u00f5el Clover on \u00fcks k\u00f5ige k\u00e4es\u00f5bralikumatest heegeln\u00f5eltest. V\u00f5imaldab t\u00f6\u00f6tada tunde j\u00e4rjest, ilma et k\u00e4si v\u00e4siks.\" \/>\n<meta property=\"og:url\" content=\"https:\/\/www.lilleliis.com\/et\/toode\/ergonoomiline-heegelnoel-clover\/\" \/>\n<meta property=\"og:site_name\" content=\"lilleliis\" \/>\n<meta property=\"article:publisher\" content=\"https:\/\/www.facebook.com\/lilleliis-283266335035799\/\" \/>\n<meta property=\"article:modified_time\" content=\"2026-05-05T14:17:08+00:00\" \/>\n<meta property=\"og:image\" content=\"https:\/\/www.lilleliis.com\/wp-content\/uploads\/2023\/06\/Ergonoomiline-heegelnoel-Clover-2.jpg\" \/>\n\t<meta property=\"og:image:width\" content=\"1000\" \/>\n\t<meta property=\"og:image:height\" content=\"1500\" \/>\n\t<meta property=\"og:image:type\" content=\"image\/jpeg\" \/>\n<meta name=\"twitter:card\" content=\"summary_large_image\" \/>\n<meta name=\"twitter:label1\" content=\"Est. reading time\" \/>\n\t<meta name=\"twitter:data1\" content=\"1 minute\" \/>\n<script type=\"application\/ld+json\" class=\"yoast-schema-graph\">{\"@context\":\"https:\\\/\\\/schema.org\",\"@graph\":[{\"@type\":\"WebPage\",\"@id\":\"https:\\\/\\\/www.lilleliis.com\\\/et\\\/toode\\\/ergonoomiline-heegelnoel-clover\\\/\",\"url\":\"https:\\\/\\\/www.lilleliis.com\\\/et\\\/toode\\\/ergonoomiline-heegelnoel-clover\\\/\",\"name\":\"Ergonoomiline heegeln\u00f5el - Clover Soft Touch (2-6 mm) | lilleliis\",\"isPartOf\":{\"@id\":\"https:\\\/\\\/www.lilleliis.com\\\/et\\\/#website\"},\"primaryImageOfPage\":{\"@id\":\"https:\\\/\\\/www.lilleliis.com\\\/et\\\/toode\\\/ergonoomiline-heegelnoel-clover\\\/#primaryimage\"},\"image\":{\"@id\":\"https:\\\/\\\/www.lilleliis.com\\\/et\\\/toode\\\/ergonoomiline-heegelnoel-clover\\\/#primaryimage\"},\"thumbnailUrl\":\"https:\\\/\\\/www.lilleliis.com\\\/wp-content\\\/uploads\\\/2023\\\/06\\\/Ergonoomiline-heegelnoel-Clover-2.jpg\",\"datePublished\":\"2026-05-05T14:10:53+00:00\",\"dateModified\":\"2026-05-05T14:17:08+00:00\",\"description\":\"Ergonoomiline heegeln\u00f5el Clover on \u00fcks k\u00f5ige k\u00e4es\u00f5bralikumatest heegeln\u00f5eltest. V\u00f5imaldab t\u00f6\u00f6tada tunde j\u00e4rjest, ilma et k\u00e4si v\u00e4siks.\",\"breadcrumb\":{\"@id\":\"https:\\\/\\\/www.lilleliis.com\\\/et\\\/toode\\\/ergonoomiline-heegelnoel-clover\\\/#breadcrumb\"},\"inLanguage\":\"et\",\"potentialAction\":[{\"@type\":\"ReadAction\",\"target\":[\"https:\\\/\\\/www.lilleliis.com\\\/et\\\/toode\\\/ergonoomiline-heegelnoel-clover\\\/\"]}]},{\"@type\":\"ImageObject\",\"inLanguage\":\"et\",\"@id\":\"https:\\\/\\\/www.lilleliis.com\\\/et\\\/toode\\\/ergonoomiline-heegelnoel-clover\\\/#primaryimage\",\"url\":\"https:\\\/\\\/www.lilleliis.com\\\/wp-content\\\/uploads\\\/2023\\\/06\\\/Ergonoomiline-heegelnoel-Clover-2.jpg\",\"contentUrl\":\"https:\\\/\\\/www.lilleliis.com\\\/wp-content\\\/uploads\\\/2023\\\/06\\\/Ergonoomiline-heegelnoel-Clover-2.jpg\",\"width\":1000,\"height\":1500,\"caption\":\"Ergonoomiline heegeln\u00f5el Clover\"},{\"@type\":\"BreadcrumbList\",\"@id\":\"https:\\\/\\\/www.lilleliis.com\\\/et\\\/toode\\\/ergonoomiline-heegelnoel-clover\\\/#breadcrumb\",\"itemListElement\":[{\"@type\":\"ListItem\",\"position\":1,\"name\":\"Home\",\"item\":\"https:\\\/\\\/www.lilleliis.com\\\/et\\\/\"},{\"@type\":\"ListItem\",\"position\":2,\"name\":\"Pood\",\"item\":\"https:\\\/\\\/www.lilleliis.com\\\/et\\\/shop\\\/\"},{\"@type\":\"ListItem\",\"position\":3,\"name\":\"Ergonoomiline heegeln\u00f5el &#8211; Clover Soft Touch (2-6 mm)\"}]},{\"@type\":\"WebSite\",\"@id\":\"https:\\\/\\\/www.lilleliis.com\\\/et\\\/#website\",\"url\":\"https:\\\/\\\/www.lilleliis.com\\\/et\\\/\",\"name\":\"lilleliis\",\"description\":\"Amigurumi m\u00e4nguasjad ja mustrid\",\"potentialAction\":[{\"@type\":\"SearchAction\",\"target\":{\"@type\":\"EntryPoint\",\"urlTemplate\":\"https:\\\/\\\/www.lilleliis.com\\\/et\\\/?s={search_term_string}\"},\"query-input\":{\"@type\":\"PropertyValueSpecification\",\"valueRequired\":true,\"valueName\":\"search_term_string\"}}],\"inLanguage\":\"et\"}]}<\/script>\n<!-- \/ Yoast SEO plugin. -->","yoast_head_json":{"title":"Ergonoomiline heegeln\u00f5el - Clover Soft Touch (2-6 mm) | lilleliis","description":"Ergonoomiline heegeln\u00f5el Clover on \u00fcks k\u00f5ige k\u00e4es\u00f5bralikumatest heegeln\u00f5eltest. V\u00f5imaldab t\u00f6\u00f6tada tunde j\u00e4rjest, ilma et k\u00e4si v\u00e4siks.","robots":{"index":"index","follow":"follow","max-snippet":"max-snippet:-1","max-image-preview":"max-image-preview:large","max-video-preview":"max-video-preview:-1"},"canonical":"https:\/\/www.lilleliis.com\/et\/toode\/ergonoomiline-heegelnoel-clover\/","og_locale":"et_EE","og_type":"article","og_title":"Ergonoomiline heegeln\u00f5el - Clover Soft Touch (2-6 mm) | lilleliis","og_description":"Ergonoomiline heegeln\u00f5el Clover on \u00fcks k\u00f5ige k\u00e4es\u00f5bralikumatest heegeln\u00f5eltest. V\u00f5imaldab t\u00f6\u00f6tada tunde j\u00e4rjest, ilma et k\u00e4si v\u00e4siks.","og_url":"https:\/\/www.lilleliis.com\/et\/toode\/ergonoomiline-heegelnoel-clover\/","og_site_name":"lilleliis","article_publisher":"https:\/\/www.facebook.com\/lilleliis-283266335035799\/","article_modified_time":"2026-05-05T14:17:08+00:00","og_image":[{"width":1000,"height":1500,"url":"https:\/\/www.lilleliis.com\/wp-content\/uploads\/2023\/06\/Ergonoomiline-heegelnoel-Clover-2.jpg","type":"image\/jpeg"}],"twitter_card":"summary_large_image","twitter_misc":{"Est. reading time":"1 minute"},"schema":{"@context":"https:\/\/schema.org","@graph":[{"@type":"WebPage","@id":"https:\/\/www.lilleliis.com\/et\/toode\/ergonoomiline-heegelnoel-clover\/","url":"https:\/\/www.lilleliis.com\/et\/toode\/ergonoomiline-heegelnoel-clover\/","name":"Ergonoomiline heegeln\u00f5el - Clover Soft Touch (2-6 mm) | lilleliis","isPartOf":{"@id":"https:\/\/www.lilleliis.com\/et\/#website"},"primaryImageOfPage":{"@id":"https:\/\/www.lilleliis.com\/et\/toode\/ergonoomiline-heegelnoel-clover\/#primaryimage"},"image":{"@id":"https:\/\/www.lilleliis.com\/et\/toode\/ergonoomiline-heegelnoel-clover\/#primaryimage"},"thumbnailUrl":"https:\/\/www.lilleliis.com\/wp-content\/uploads\/2023\/06\/Ergonoomiline-heegelnoel-Clover-2.jpg","datePublished":"2026-05-05T14:10:53+00:00","dateModified":"2026-05-05T14:17:08+00:00","description":"Ergonoomiline heegeln\u00f5el Clover on \u00fcks k\u00f5ige k\u00e4es\u00f5bralikumatest heegeln\u00f5eltest. V\u00f5imaldab t\u00f6\u00f6tada tunde j\u00e4rjest, ilma et k\u00e4si v\u00e4siks.","breadcrumb":{"@id":"https:\/\/www.lilleliis.com\/et\/toode\/ergonoomiline-heegelnoel-clover\/#breadcrumb"},"inLanguage":"et","potentialAction":[{"@type":"ReadAction","target":["https:\/\/www.lilleliis.com\/et\/toode\/ergonoomiline-heegelnoel-clover\/"]}]},{"@type":"ImageObject","inLanguage":"et","@id":"https:\/\/www.lilleliis.com\/et\/toode\/ergonoomiline-heegelnoel-clover\/#primaryimage","url":"https:\/\/www.lilleliis.com\/wp-content\/uploads\/2023\/06\/Ergonoomiline-heegelnoel-Clover-2.jpg","contentUrl":"https:\/\/www.lilleliis.com\/wp-content\/uploads\/2023\/06\/Ergonoomiline-heegelnoel-Clover-2.jpg","width":1000,"height":1500,"caption":"Ergonoomiline heegeln\u00f5el Clover"},{"@type":"BreadcrumbList","@id":"https:\/\/www.lilleliis.com\/et\/toode\/ergonoomiline-heegelnoel-clover\/#breadcrumb","itemListElement":[{"@type":"ListItem","position":1,"name":"Home","item":"https:\/\/www.lilleliis.com\/et\/"},{"@type":"ListItem","position":2,"name":"Pood","item":"https:\/\/www.lilleliis.com\/et\/shop\/"},{"@type":"ListItem","position":3,"name":"Ergonoomiline heegeln\u00f5el &#8211; Clover Soft Touch (2-6 mm)"}]},{"@type":"WebSite","@id":"https:\/\/www.lilleliis.com\/et\/#website","url":"https:\/\/www.lilleliis.com\/et\/","name":"lilleliis","description":"Amigurumi m\u00e4nguasjad ja mustrid","potentialAction":[{"@type":"SearchAction","target":{"@type":"EntryPoint","urlTemplate":"https:\/\/www.lilleliis.com\/et\/?s={search_term_string}"},"query-input":{"@type":"PropertyValueSpecification","valueRequired":true,"valueName":"search_term_string"}}],"inLanguage":"et"}]}},"_links":{"self":[{"href":"https:\/\/www.lilleliis.com\/et\/wp-json\/wp\/v2\/product\/91520","targetHints":{"allow":["GET"]}}],"collection":[{"href":"https:\/\/www.lilleliis.com\/et\/wp-json\/wp\/v2\/product"}],"about":[{"href":"https:\/\/www.lilleliis.com\/et\/wp-json\/wp\/v2\/types\/product"}],"replies":[{"embeddable":true,"href":"https:\/\/www.lilleliis.com\/et\/wp-json\/wp\/v2\/comments?post=91520"}],"wp:featuredmedia":[{"embeddable":true,"href":"https:\/\/www.lilleliis.com\/et\/wp-json\/wp\/v2\/media\/91523"}],"wp:attachment":[{"href":"https:\/\/www.lilleliis.com\/et\/wp-json\/wp\/v2\/media?parent=91520"}],"wp:term":[{"taxonomy":"product_brand","embeddable":true,"href":"https:\/\/www.lilleliis.com\/et\/wp-json\/wp\/v2\/product_brand?post=91520"},{"taxonomy":"product_cat","embeddable":true,"href":"https:\/\/www.lilleliis.com\/et\/wp-json\/wp\/v2\/product_cat?post=91520"},{"taxonomy":"product_tag","embeddable":true,"href":"https:\/\/www.lilleliis.com\/et\/wp-json\/wp\/v2\/product_tag?post=91520"}],"curies":[{"name":"wp","href":"https:\/\/api.w.org\/{rel}","templated":true}]}}