{"id":91630,"date":"2025-06-18T16:11:19","date_gmt":"2025-06-18T13:11:19","guid":{"rendered":"https:\/\/www.lilleliis.com\/?post_type=product&#038;p=91630"},"modified":"2026-02-18T13:03:46","modified_gmt":"2026-02-18T11:03:46","slug":"sadelevad-kassisilmad-15mm","status":"publish","type":"product","link":"https:\/\/www.lilleliis.com\/et\/toode\/sadelevad-kassisilmad-15mm\/","title":{"rendered":"S\u00e4delevad kassisilmad &#8211; 15 mm &#8211; 9 paari"},"content":{"rendered":"<p>S\u00e4delevad kassisilmad m\u00e4nguasjade valmistamiseks. Komplektis 9 paari koos kinnitustega.<\/p>\n<p>Silmad ise on l\u00e4bipaistvad. S\u00e4delus lisatakse eraldi lehekese paigaldamisega silma tagusele. Seega saab neid kasutada kahel moel &#8211; kas koos s\u00e4delusega v\u00f5i lihtsalt l\u00e4bipaistvana.<\/p>\n<p>Silmad suletakse t\u00f6\u00f6 sisek\u00fcljelt spetsiaalsete turvaliste kinnituskl\u00f5psudega, mis tulevad silmadega kaasa.<\/p>\n<p>Kitsa pupilliga silmad sobivad ka sisalike ja usside valmistamiseks.<\/p>\n<div class=\"is-divider divider clearfix\" ><\/div>\n<h3>Suurus ja materjal<\/h3>\n<p>Suurus: 15 mm<\/p>\n<p>V\u00e4rv: kuld v\u00f5i s\u00e4delev roheline<\/p>\n<p>Materjal: plastmass<\/p>\n<div class=\"is-divider divider clearfix\" ><\/div>\n<h3>Kuidas turvasilmi kasutada<\/h3>\n<p>Turvasilmade kinnitamisest saad l\u00e4hemalt lugeda\u00a0<a href=\"https:\/\/www.lilleliis.com\/et\/turvasilmad-manguasjadele\/\" target=\"_blank\" rel=\"noopener\">siin<\/a>.<\/p>\n","protected":false},"excerpt":{"rendered":"<p>S\u00e4delevad kassisilmad m\u00e4nguasjade valmistamiseks, sobivad ka sisalikele. Komplekt sisaldab 9 paari l\u00e4bipaistvaid silmi koos s\u00e4delevate taustaketaste ja turvaliste kinnitustega, v\u00f5imaldades kasutada silmi nii s\u00e4delusega kui ka l\u00e4bipaistvana. Saadaval kuldses ja rohelises toonis.<\/p>\n","protected":false},"featured_media":100925,"comment_status":"open","ping_status":"closed","template":"","meta":[],"product_brand":[1572],"product_cat":[429,562],"product_tag":[],"class_list":{"0":"post-91630","1":"product","2":"type-product","3":"status-publish","4":"has-post-thumbnail","6":"product_brand-opry","7":"product_cat-kasitoo-tarvikud","8":"product_cat-turvasilmad","9":"pa_color-kuld","10":"pa_color-roheline","12":"first","13":"instock","14":"taxable","15":"shipping-taxable","16":"purchasable","17":"product-type-variable"},"yoast_head":"<!-- This site is optimized with the Yoast SEO plugin v27.3 - https:\/\/yoast.com\/product\/yoast-seo-wordpress\/ -->\n<title>S\u00e4delevad kassisilmad - 15 mm - 9 paari | lilleliis<\/title>\n<meta name=\"description\" content=\"S\u00e4delevad kassisilmad 15mm kuldse v\u00f5i rohelise tooniga. Kasutatakse m\u00e4nguasjade valmistamisel. Sobivad ka usside ja sisalike valmistamiseks.\" \/>\n<meta name=\"robots\" content=\"index, follow, max-snippet:-1, max-image-preview:large, max-video-preview:-1\" \/>\n<link rel=\"canonical\" href=\"https:\/\/www.lilleliis.com\/et\/toode\/sadelevad-kassisilmad-15mm\/\" \/>\n<meta property=\"og:locale\" content=\"et_EE\" \/>\n<meta property=\"og:type\" content=\"article\" \/>\n<meta property=\"og:title\" content=\"S\u00e4delevad kassisilmad - 15 mm - 9 paari | lilleliis\" \/>\n<meta property=\"og:description\" content=\"S\u00e4delevad kassisilmad 15mm kuldse v\u00f5i rohelise tooniga. Kasutatakse m\u00e4nguasjade valmistamisel. Sobivad ka usside ja sisalike valmistamiseks.\" \/>\n<meta property=\"og:url\" content=\"https:\/\/www.lilleliis.com\/et\/toode\/sadelevad-kassisilmad-15mm\/\" \/>\n<meta property=\"og:site_name\" content=\"lilleliis\" \/>\n<meta property=\"article:publisher\" content=\"https:\/\/www.facebook.com\/lilleliis-283266335035799\/\" \/>\n<meta property=\"article:modified_time\" content=\"2026-02-18T11:03:46+00:00\" \/>\n<meta property=\"og:image\" content=\"https:\/\/www.lilleliis.com\/wp-content\/uploads\/2023\/07\/sadelevad-kassisilmad-15mm1.jpg\" \/>\n\t<meta property=\"og:image:width\" content=\"1000\" \/>\n\t<meta property=\"og:image:height\" content=\"1500\" \/>\n\t<meta property=\"og:image:type\" content=\"image\/jpeg\" \/>\n<meta name=\"twitter:card\" content=\"summary_large_image\" \/>\n<meta name=\"twitter:label1\" content=\"Est. reading time\" \/>\n\t<meta name=\"twitter:data1\" content=\"1 minute\" \/>\n<script type=\"application\/ld+json\" class=\"yoast-schema-graph\">{\"@context\":\"https:\\\/\\\/schema.org\",\"@graph\":[{\"@type\":\"WebPage\",\"@id\":\"https:\\\/\\\/www.lilleliis.com\\\/et\\\/toode\\\/sadelevad-kassisilmad-15mm\\\/\",\"url\":\"https:\\\/\\\/www.lilleliis.com\\\/et\\\/toode\\\/sadelevad-kassisilmad-15mm\\\/\",\"name\":\"S\u00e4delevad kassisilmad - 15 mm - 9 paari | lilleliis\",\"isPartOf\":{\"@id\":\"https:\\\/\\\/www.lilleliis.com\\\/et\\\/#website\"},\"primaryImageOfPage\":{\"@id\":\"https:\\\/\\\/www.lilleliis.com\\\/et\\\/toode\\\/sadelevad-kassisilmad-15mm\\\/#primaryimage\"},\"image\":{\"@id\":\"https:\\\/\\\/www.lilleliis.com\\\/et\\\/toode\\\/sadelevad-kassisilmad-15mm\\\/#primaryimage\"},\"thumbnailUrl\":\"https:\\\/\\\/www.lilleliis.com\\\/wp-content\\\/uploads\\\/2023\\\/07\\\/sadelevad-kassisilmad-15mm1.jpg\",\"datePublished\":\"2025-06-18T13:11:19+00:00\",\"dateModified\":\"2026-02-18T11:03:46+00:00\",\"description\":\"S\u00e4delevad kassisilmad 15mm kuldse v\u00f5i rohelise tooniga. Kasutatakse m\u00e4nguasjade valmistamisel. Sobivad ka usside ja sisalike valmistamiseks.\",\"breadcrumb\":{\"@id\":\"https:\\\/\\\/www.lilleliis.com\\\/et\\\/toode\\\/sadelevad-kassisilmad-15mm\\\/#breadcrumb\"},\"inLanguage\":\"et\",\"potentialAction\":[{\"@type\":\"ReadAction\",\"target\":[\"https:\\\/\\\/www.lilleliis.com\\\/et\\\/toode\\\/sadelevad-kassisilmad-15mm\\\/\"]}]},{\"@type\":\"ImageObject\",\"inLanguage\":\"et\",\"@id\":\"https:\\\/\\\/www.lilleliis.com\\\/et\\\/toode\\\/sadelevad-kassisilmad-15mm\\\/#primaryimage\",\"url\":\"https:\\\/\\\/www.lilleliis.com\\\/wp-content\\\/uploads\\\/2023\\\/07\\\/sadelevad-kassisilmad-15mm1.jpg\",\"contentUrl\":\"https:\\\/\\\/www.lilleliis.com\\\/wp-content\\\/uploads\\\/2023\\\/07\\\/sadelevad-kassisilmad-15mm1.jpg\",\"width\":1000,\"height\":1500},{\"@type\":\"BreadcrumbList\",\"@id\":\"https:\\\/\\\/www.lilleliis.com\\\/et\\\/toode\\\/sadelevad-kassisilmad-15mm\\\/#breadcrumb\",\"itemListElement\":[{\"@type\":\"ListItem\",\"position\":1,\"name\":\"Home\",\"item\":\"https:\\\/\\\/www.lilleliis.com\\\/et\\\/\"},{\"@type\":\"ListItem\",\"position\":2,\"name\":\"Pood\",\"item\":\"https:\\\/\\\/www.lilleliis.com\\\/et\\\/shop\\\/\"},{\"@type\":\"ListItem\",\"position\":3,\"name\":\"S\u00e4delevad kassisilmad &#8211; 15 mm &#8211; 9 paari\"}]},{\"@type\":\"WebSite\",\"@id\":\"https:\\\/\\\/www.lilleliis.com\\\/et\\\/#website\",\"url\":\"https:\\\/\\\/www.lilleliis.com\\\/et\\\/\",\"name\":\"lilleliis\",\"description\":\"Amigurumi m\u00e4nguasjad ja mustrid\",\"potentialAction\":[{\"@type\":\"SearchAction\",\"target\":{\"@type\":\"EntryPoint\",\"urlTemplate\":\"https:\\\/\\\/www.lilleliis.com\\\/et\\\/?s={search_term_string}\"},\"query-input\":{\"@type\":\"PropertyValueSpecification\",\"valueRequired\":true,\"valueName\":\"search_term_string\"}}],\"inLanguage\":\"et\"}]}<\/script>\n<!-- \/ Yoast SEO plugin. -->","yoast_head_json":{"title":"S\u00e4delevad kassisilmad - 15 mm - 9 paari | lilleliis","description":"S\u00e4delevad kassisilmad 15mm kuldse v\u00f5i rohelise tooniga. Kasutatakse m\u00e4nguasjade valmistamisel. Sobivad ka usside ja sisalike valmistamiseks.","robots":{"index":"index","follow":"follow","max-snippet":"max-snippet:-1","max-image-preview":"max-image-preview:large","max-video-preview":"max-video-preview:-1"},"canonical":"https:\/\/www.lilleliis.com\/et\/toode\/sadelevad-kassisilmad-15mm\/","og_locale":"et_EE","og_type":"article","og_title":"S\u00e4delevad kassisilmad - 15 mm - 9 paari | lilleliis","og_description":"S\u00e4delevad kassisilmad 15mm kuldse v\u00f5i rohelise tooniga. Kasutatakse m\u00e4nguasjade valmistamisel. Sobivad ka usside ja sisalike valmistamiseks.","og_url":"https:\/\/www.lilleliis.com\/et\/toode\/sadelevad-kassisilmad-15mm\/","og_site_name":"lilleliis","article_publisher":"https:\/\/www.facebook.com\/lilleliis-283266335035799\/","article_modified_time":"2026-02-18T11:03:46+00:00","og_image":[{"width":1000,"height":1500,"url":"https:\/\/www.lilleliis.com\/wp-content\/uploads\/2023\/07\/sadelevad-kassisilmad-15mm1.jpg","type":"image\/jpeg"}],"twitter_card":"summary_large_image","twitter_misc":{"Est. reading time":"1 minute"},"schema":{"@context":"https:\/\/schema.org","@graph":[{"@type":"WebPage","@id":"https:\/\/www.lilleliis.com\/et\/toode\/sadelevad-kassisilmad-15mm\/","url":"https:\/\/www.lilleliis.com\/et\/toode\/sadelevad-kassisilmad-15mm\/","name":"S\u00e4delevad kassisilmad - 15 mm - 9 paari | lilleliis","isPartOf":{"@id":"https:\/\/www.lilleliis.com\/et\/#website"},"primaryImageOfPage":{"@id":"https:\/\/www.lilleliis.com\/et\/toode\/sadelevad-kassisilmad-15mm\/#primaryimage"},"image":{"@id":"https:\/\/www.lilleliis.com\/et\/toode\/sadelevad-kassisilmad-15mm\/#primaryimage"},"thumbnailUrl":"https:\/\/www.lilleliis.com\/wp-content\/uploads\/2023\/07\/sadelevad-kassisilmad-15mm1.jpg","datePublished":"2025-06-18T13:11:19+00:00","dateModified":"2026-02-18T11:03:46+00:00","description":"S\u00e4delevad kassisilmad 15mm kuldse v\u00f5i rohelise tooniga. Kasutatakse m\u00e4nguasjade valmistamisel. Sobivad ka usside ja sisalike valmistamiseks.","breadcrumb":{"@id":"https:\/\/www.lilleliis.com\/et\/toode\/sadelevad-kassisilmad-15mm\/#breadcrumb"},"inLanguage":"et","potentialAction":[{"@type":"ReadAction","target":["https:\/\/www.lilleliis.com\/et\/toode\/sadelevad-kassisilmad-15mm\/"]}]},{"@type":"ImageObject","inLanguage":"et","@id":"https:\/\/www.lilleliis.com\/et\/toode\/sadelevad-kassisilmad-15mm\/#primaryimage","url":"https:\/\/www.lilleliis.com\/wp-content\/uploads\/2023\/07\/sadelevad-kassisilmad-15mm1.jpg","contentUrl":"https:\/\/www.lilleliis.com\/wp-content\/uploads\/2023\/07\/sadelevad-kassisilmad-15mm1.jpg","width":1000,"height":1500},{"@type":"BreadcrumbList","@id":"https:\/\/www.lilleliis.com\/et\/toode\/sadelevad-kassisilmad-15mm\/#breadcrumb","itemListElement":[{"@type":"ListItem","position":1,"name":"Home","item":"https:\/\/www.lilleliis.com\/et\/"},{"@type":"ListItem","position":2,"name":"Pood","item":"https:\/\/www.lilleliis.com\/et\/shop\/"},{"@type":"ListItem","position":3,"name":"S\u00e4delevad kassisilmad &#8211; 15 mm &#8211; 9 paari"}]},{"@type":"WebSite","@id":"https:\/\/www.lilleliis.com\/et\/#website","url":"https:\/\/www.lilleliis.com\/et\/","name":"lilleliis","description":"Amigurumi m\u00e4nguasjad ja mustrid","potentialAction":[{"@type":"SearchAction","target":{"@type":"EntryPoint","urlTemplate":"https:\/\/www.lilleliis.com\/et\/?s={search_term_string}"},"query-input":{"@type":"PropertyValueSpecification","valueRequired":true,"valueName":"search_term_string"}}],"inLanguage":"et"}]}},"_links":{"self":[{"href":"https:\/\/www.lilleliis.com\/et\/wp-json\/wp\/v2\/product\/91630","targetHints":{"allow":["GET"]}}],"collection":[{"href":"https:\/\/www.lilleliis.com\/et\/wp-json\/wp\/v2\/product"}],"about":[{"href":"https:\/\/www.lilleliis.com\/et\/wp-json\/wp\/v2\/types\/product"}],"replies":[{"embeddable":true,"href":"https:\/\/www.lilleliis.com\/et\/wp-json\/wp\/v2\/comments?post=91630"}],"wp:featuredmedia":[{"embeddable":true,"href":"https:\/\/www.lilleliis.com\/et\/wp-json\/wp\/v2\/media\/100925"}],"wp:attachment":[{"href":"https:\/\/www.lilleliis.com\/et\/wp-json\/wp\/v2\/media?parent=91630"}],"wp:term":[{"taxonomy":"product_brand","embeddable":true,"href":"https:\/\/www.lilleliis.com\/et\/wp-json\/wp\/v2\/product_brand?post=91630"},{"taxonomy":"product_cat","embeddable":true,"href":"https:\/\/www.lilleliis.com\/et\/wp-json\/wp\/v2\/product_cat?post=91630"},{"taxonomy":"product_tag","embeddable":true,"href":"https:\/\/www.lilleliis.com\/et\/wp-json\/wp\/v2\/product_tag?post=91630"}],"curies":[{"name":"wp","href":"https:\/\/api.w.org\/{rel}","templated":true}]}}